{"id":13797,"date":"2019-04-09T14:10:06","date_gmt":"2019-04-09T14:10:06","guid":{"rendered":"https:\/\/www.upjs.sk\/pravnicka-fakulta\/fakulta\/vedenie-fakulty\/"},"modified":"2023-11-06T16:01:00","modified_gmt":"2023-11-06T15:01:00","slug":"vedenie-fakulty","status":"publish","type":"page","link":"https:\/\/www.upjs.sk\/pravnicka-fakulta\/fakulta\/vedenie-fakulty\/","title":{"rendered":"Vedenie fakulty"},"content":{"rendered":"\n<div style=\"height:30px\" aria-hidden=\"true\" class=\"wp-block-spacer\"><\/div>\n\n\n\n<h2 class=\"wp-block-heading\">Dekan fakulty<\/h2>\n\n\n\n<div style=\"height:30px\" aria-hidden=\"true\" class=\"wp-block-spacer\"><\/div>\n\n\n\n<div class=\"wp-block-columns is-layout-flex wp-container-core-columns-is-layout-9d6595d7 wp-block-columns-is-layout-flex\">\n<div class=\"wp-block-column is-layout-flow wp-block-column-is-layout-flow\" style=\"flex-basis:25%\"><style>.kb-image13797_9670ef-fc .kb-image-has-overlay:after{opacity:0.3;}.kb-image13797_9670ef-fc img.kb-img, .kb-image13797_9670ef-fc .kb-img img{box-shadow:0px 0px 14px 0px #832472;}<\/style>\n<figure class=\"wp-block-kadence-image kb-image13797_9670ef-fc size-full\"><img loading=\"lazy\" decoding=\"async\" width=\"190\" height=\"250\" src=\"https:\/\/www.upjs.sk\/app\/uploads\/sites\/11\/2023\/05\/01.jpg\" alt=\"\" class=\"kb-img wp-image-39929\"\/><\/figure>\n<\/div>\n\n\n\n<div class=\"wp-block-column is-vertically-aligned-center is-layout-flow wp-block-column-is-layout-flow\" style=\"flex-basis:50%\">\n<p class=\"has-medium-font-size\"><strong>prof. JUDr. Miroslav \u0160trkolec, PhD.<\/strong><\/p>\n\n\n\n<p class=\"has-medium-font-size\">e-mail: <a href=\"mailto:miroslav.strkolec@upjs.sk\">miroslav.strkolec@upjs.sk<\/a><br>tel.: 055\/6227104, fax: 055\/6225365 &nbsp;<\/p>\n<\/div>\n\n\n\n<div class=\"wp-block-column is-layout-flow wp-block-column-is-layout-flow\" style=\"flex-basis:25%\"><\/div>\n<\/div>\n\n\n\n<div style=\"height:30px\" aria-hidden=\"true\" class=\"wp-block-spacer\"><\/div>\n\n\n\n<h2 class=\"wp-block-heading\">Prodekani fakulty<\/h2>\n\n\n\n<div style=\"height:30px\" aria-hidden=\"true\" class=\"wp-block-spacer\"><\/div>\n\n\n\n<div class=\"wp-block-columns is-layout-flex wp-container-core-columns-is-layout-9d6595d7 wp-block-columns-is-layout-flex\">\n<div class=\"wp-block-column is-layout-flow wp-block-column-is-layout-flow\" style=\"flex-basis:25%\"><style>.kb-image13797_52816b-94 .kb-image-has-overlay:after{opacity:0.3;}.kb-image13797_52816b-94 img.kb-img, .kb-image13797_52816b-94 .kb-img img{box-shadow:0px 0px 14px 0px #832472;}<\/style>\n<figure class=\"wp-block-kadence-image kb-image13797_52816b-94 size-full\"><img loading=\"lazy\" decoding=\"async\" width=\"190\" height=\"250\" src=\"https:\/\/www.upjs.sk\/app\/uploads\/sites\/11\/2023\/05\/02.jpg\" alt=\"\" class=\"kb-img wp-image-39941\"\/><\/figure>\n<\/div>\n\n\n\n<div class=\"wp-block-column is-vertically-aligned-center is-layout-flow wp-block-column-is-layout-flow\" style=\"flex-basis:50%\">\n<p class=\"has-medium-font-size\"><strong>doc. JUDr. Marcel Dolob\u00e1\u010d, PhD.<\/strong><\/p>\n\n\n\n<p class=\"has-medium-font-size\">Prodekan pre rozvoj a zahrani\u010dn\u00e9 vz\u0165ahy<\/p>\n\n\n\n<p class=\"has-medium-font-size\">e-mail: <a href=\"mailto:marcel.dolobac@upjs.sk\">marcel.dolobac@upjs.sk<\/a><br>tel.: 055\/2344136, fax: 055\/6225365<\/p>\n<\/div>\n\n\n\n<div class=\"wp-block-column is-layout-flow wp-block-column-is-layout-flow\" style=\"flex-basis:25%\"><\/div>\n<\/div>\n\n\n\n<div style=\"height:30px\" aria-hidden=\"true\" class=\"wp-block-spacer\"><\/div>\n\n\n\n<div class=\"wp-block-columns is-layout-flex wp-container-core-columns-is-layout-9d6595d7 wp-block-columns-is-layout-flex\">\n<div class=\"wp-block-column is-layout-flow wp-block-column-is-layout-flow\" style=\"flex-basis:25%\"><style>.kb-image13797_fb2e2e-f1 .kb-image-has-overlay:after{opacity:0.3;}.kb-image13797_fb2e2e-f1 img.kb-img, .kb-image13797_fb2e2e-f1 .kb-img img{box-shadow:0px 0px 14px 0px #832472;}<\/style>\n<figure class=\"wp-block-kadence-image kb-image13797_fb2e2e-f1 size-full\"><img loading=\"lazy\" decoding=\"async\" width=\"190\" height=\"250\" src=\"https:\/\/www.upjs.sk\/app\/uploads\/sites\/11\/2023\/11\/Ferencikova.jpg\" alt=\"\" class=\"kb-img wp-image-42022\"\/><\/figure>\n<\/div>\n\n\n\n<div class=\"wp-block-column is-vertically-aligned-center is-layout-flow wp-block-column-is-layout-flow\" style=\"flex-basis:50%\">\n<p class=\"has-medium-font-size\"><strong>doc. JUDr. Simona Feren\u010d\u00edkov\u00e1, PhD.<\/strong><\/p>\n\n\n\n<p class=\"has-medium-font-size\">Prodekanka pre vzdel\u00e1vanie<\/p>\n\n\n\n<p class=\"has-medium-font-size\">e-mail: <a href=\"mailto:simona.ferencikova@upjs.sk\" class=\"ek-link\">simona.ferencikova<\/a><a href=\"mailto:ludmila.elbert@upjs.sk\" class=\"ek-link\">@upjs.sk<\/a><br>tel.: 055\/2344145, fax: 055\/6225365<\/p>\n<\/div>\n\n\n\n<div class=\"wp-block-column is-layout-flow wp-block-column-is-layout-flow\" style=\"flex-basis:25%\"><\/div>\n<\/div>\n\n\n\n<div style=\"height:30px\" aria-hidden=\"true\" class=\"wp-block-spacer\"><\/div>\n\n\n\n<div class=\"wp-block-columns is-layout-flex wp-container-core-columns-is-layout-9d6595d7 wp-block-columns-is-layout-flex\">\n<div class=\"wp-block-column is-layout-flow wp-block-column-is-layout-flow\" style=\"flex-basis:25%\"><style>.kb-image13797_eff9d1-97 .kb-image-has-overlay:after{opacity:0.3;}.kb-image13797_eff9d1-97 img.kb-img, .kb-image13797_eff9d1-97 .kb-img img{box-shadow:0px 0px 14px 0px #832472;}<\/style>\n<figure class=\"wp-block-kadence-image kb-image13797_eff9d1-97 size-full\"><img loading=\"lazy\" decoding=\"async\" width=\"190\" height=\"250\" src=\"https:\/\/www.upjs.sk\/app\/uploads\/sites\/11\/2023\/05\/04.jpg\" alt=\"\" class=\"kb-img wp-image-39947\"\/><\/figure>\n<\/div>\n\n\n\n<div class=\"wp-block-column is-vertically-aligned-center is-layout-flow wp-block-column-is-layout-flow\" style=\"flex-basis:50%\">\n<p class=\"has-medium-font-size\"><strong>doc. JUDr. Alena Krunkov\u00e1, PhD.<\/strong><\/p>\n\n\n\n<p class=\"has-medium-font-size\">Prodekanka pre vedeckov\u00fdskumn\u00fa \u010dinnos\u0165, doktorandsk\u00e9 \u0161t\u00fadium a \u010fal\u0161ie vzdel\u00e1vanie<\/p>\n\n\n\n<p class=\"has-medium-font-size\">e-mail: <a href=\"mailto:alena.krunkova@upjs.sk\">alena.krunkova@upjs.sk<\/a><br>tel.: 055\/2344171, fax: 055\/6225365<\/p>\n<\/div>\n\n\n\n<div class=\"wp-block-column is-layout-flow wp-block-column-is-layout-flow\" style=\"flex-basis:25%\"><\/div>\n<\/div>\n\n\n\n<div style=\"height:30px\" aria-hidden=\"true\" class=\"wp-block-spacer\"><\/div>\n\n\n\n<h2 class=\"wp-block-heading\">Predseda Akademick\u00e9ho sen\u00e1tu fakulty<\/h2>\n\n\n\n<div style=\"height:30px\" aria-hidden=\"true\" class=\"wp-block-spacer\"><\/div>\n\n\n\n<div class=\"wp-block-columns is-layout-flex wp-container-core-columns-is-layout-9d6595d7 wp-block-columns-is-layout-flex\">\n<div class=\"wp-block-column is-layout-flow wp-block-column-is-layout-flow\" style=\"flex-basis:25%\"><style>.kb-image13797_221676-43 .kb-image-has-overlay:after{opacity:0.3;}.kb-image13797_221676-43 img.kb-img, .kb-image13797_221676-43 .kb-img img{box-shadow:0px 0px 14px 0px #832472;}<\/style>\n<figure class=\"wp-block-kadence-image kb-image13797_221676-43 size-full\"><img loading=\"lazy\" decoding=\"async\" width=\"190\" height=\"250\" src=\"https:\/\/www.upjs.sk\/app\/uploads\/sites\/11\/2023\/11\/Dolny.jpg\" alt=\"\" class=\"kb-img wp-image-42025\"\/><\/figure>\n<\/div>\n\n\n\n<div class=\"wp-block-column is-vertically-aligned-center is-layout-flow wp-block-column-is-layout-flow\" style=\"flex-basis:50%\">\n<p class=\"has-medium-font-size\"><strong>doc. JUDr. Ing. Jaroslav Doln\u00fd, PhD.<\/strong><\/p>\n\n\n\n<p class=\"has-medium-font-size\">e-mail: <a href=\"mailto:jaroslav.dolny@upjs.sk\" class=\"ek-link\">jaroslav.dolny@upjs.sk<\/a><br>tel.: 055\/234 4153, fax: 055\/6225365<\/p>\n<\/div>\n\n\n\n<div class=\"wp-block-column is-layout-flow wp-block-column-is-layout-flow\" style=\"flex-basis:25%\"><\/div>\n<\/div>\n\n\n\n<div style=\"height:30px\" aria-hidden=\"true\" class=\"wp-block-spacer\"><\/div>\n\n\n\n<h2 class=\"wp-block-heading\">Tajomn\u00ed\u010dka fakulty<\/h2>\n\n\n\n<div style=\"height:30px\" aria-hidden=\"true\" class=\"wp-block-spacer\"><\/div>\n\n\n\n<div class=\"wp-block-columns is-layout-flex wp-container-core-columns-is-layout-9d6595d7 wp-block-columns-is-layout-flex\">\n<div class=\"wp-block-column is-layout-flow wp-block-column-is-layout-flow\" style=\"flex-basis:25%\"><style>.kb-image13797_b50fa3-52 .kb-image-has-overlay:after{opacity:0.3;}.kb-image13797_b50fa3-52 img.kb-img, .kb-image13797_b50fa3-52 .kb-img img{box-shadow:0px 0px 14px 0px #832472;}<\/style>\n<figure class=\"wp-block-kadence-image kb-image13797_b50fa3-52 size-full\"><img loading=\"lazy\" decoding=\"async\" width=\"190\" height=\"250\" src=\"https:\/\/www.upjs.sk\/app\/uploads\/sites\/11\/2023\/05\/06.jpg\" alt=\"\" class=\"kb-img wp-image-39953\"\/><\/figure>\n<\/div>\n\n\n\n<div class=\"wp-block-column is-vertically-aligned-center is-layout-flow wp-block-column-is-layout-flow\" style=\"flex-basis:50%\">\n<p class=\"has-medium-font-size\"><strong>Mgr. Adriana Sabolov\u00e1<\/strong><\/p>\n\n\n\n<p class=\"has-medium-font-size\">e-mail: <a href=\"mailto:adriana.sabolova@upjs.sk\">adriana.sabolova@upjs.sk<\/a><br>tel.: 055\/234 4103, fax: 055\/6225365<\/p>\n<\/div>\n\n\n\n<div class=\"wp-block-column is-layout-flow wp-block-column-is-layout-flow\" style=\"flex-basis:25%\"><\/div>\n<\/div>\n\n\n\n<div style=\"height:30px\" aria-hidden=\"true\" class=\"wp-block-spacer\"><\/div>\n","protected":false},"excerpt":{"rendered":"<p>Dekan fakulty prof. JUDr. Miroslav \u0160trkolec, PhD. e-mail: miroslav.strkolec@upjs.sktel.: 055\/6227104, fax: 055\/6225365 &nbsp; Prodekani fakulty doc. JUDr. Marcel Dolob\u00e1\u010d, PhD. Prodekan pre rozvoj a zahrani\u010dn\u00e9 vz\u0165ahy e-mail: marcel.dolobac@upjs.sktel.: 055\/2344136, fax: 055\/6225365 doc. JUDr. Simona Feren\u010d\u00edkov\u00e1, PhD. Prodekanka pre vzdel\u00e1vanie e-mail: simona.ferencikova@upjs.sktel.: 055\/2344145, fax: 055\/6225365 doc. JUDr. Alena Krunkov\u00e1, PhD. Prodekanka pre vedeckov\u00fdskumn\u00fa \u010dinnos\u0165, doktorandsk\u00e9 \u0161t\u00fadium &hellip; <a href=\"https:\/\/www.upjs.sk\/pravnicka-fakulta\/fakulta\/vedenie-fakulty\/\">\u010c\u00edta\u0165 \u010falej<\/a><\/p>\n","protected":false},"author":1,"featured_media":0,"parent":13089,"menu_order":3,"comment_status":"closed","ping_status":"closed","template":"","meta":{"_acf_changed":false,"_editorskit_title_hidden":false,"_editorskit_reading_time":1,"_editorskit_is_block_options_detached":false,"_editorskit_block_options_position":"{}","footnotes":""},"categories":[],"tags":[],"class_list":["post-13797","page","type-page","status-publish","hentry"],"acf":{"acf_link_na_externy_obsah":""},"yoast_head":"<!-- This site is optimized with the Yoast SEO plugin v27.2 - https:\/\/yoast.com\/product\/yoast-seo-wordpress\/ -->\n<title>Vedenie fakulty - Pr\u00e1vnick\u00e1 fakulta | UPJ\u0160<\/title>\n<meta name=\"robots\" content=\"index, follow, max-snippet:-1, max-image-preview:large, max-video-preview:-1\" \/>\n<link rel=\"canonical\" href=\"https:\/\/www.upjs.sk\/pravnicka-fakulta\/fakulta\/vedenie-fakulty\/\" \/>\n<meta property=\"og:locale\" content=\"sk_SK\" \/>\n<meta property=\"og:type\" content=\"article\" \/>\n<meta property=\"og:title\" content=\"Vedenie fakulty - Pr\u00e1vnick\u00e1 fakulta | UPJ\u0160\" \/>\n<meta property=\"og:description\" content=\"Dekan fakulty prof. JUDr. Miroslav \u0160trkolec, PhD. e-mail: miroslav.strkolec@upjs.sktel.: 055\/6227104, fax: 055\/6225365 &nbsp; Prodekani fakulty doc. JUDr. Marcel Dolob\u00e1\u010d, PhD. Prodekan pre rozvoj a zahrani\u010dn\u00e9 vz\u0165ahy e-mail: marcel.dolobac@upjs.sktel.: 055\/2344136, fax: 055\/6225365 doc. JUDr. Simona Feren\u010d\u00edkov\u00e1, PhD. Prodekanka pre vzdel\u00e1vanie e-mail: simona.ferencikova@upjs.sktel.: 055\/2344145, fax: 055\/6225365 doc. JUDr. Alena Krunkov\u00e1, PhD. Prodekanka pre vedeckov\u00fdskumn\u00fa \u010dinnos\u0165, doktorandsk\u00e9 \u0161t\u00fadium &hellip; \u010c\u00edta\u0165 \u010falej\" \/>\n<meta property=\"og:url\" content=\"https:\/\/www.upjs.sk\/pravnicka-fakulta\/fakulta\/vedenie-fakulty\/\" \/>\n<meta property=\"og:site_name\" content=\"Pr\u00e1vnick\u00e1 fakulta | UPJ\u0160\" \/>\n<meta property=\"article:modified_time\" content=\"2023-11-06T15:01:00+00:00\" \/>\n<meta property=\"og:image\" content=\"https:\/\/www.upjs.sk\/app\/uploads\/sites\/11\/2023\/05\/01.jpg\" \/>\n<meta name=\"twitter:card\" content=\"summary_large_image\" \/>\n<meta name=\"twitter:label1\" content=\"Predpokladan\u00fd \u010das \u010d\u00edtania\" \/>\n\t<meta name=\"twitter:data1\" content=\"2 min\u00faty\" \/>\n<script type=\"application\/ld+json\" class=\"yoast-schema-graph\">{\"@context\":\"https:\/\/schema.org\",\"@graph\":[{\"@type\":\"WebPage\",\"@id\":\"https:\/\/www.upjs.sk\/pravnicka-fakulta\/fakulta\/vedenie-fakulty\/\",\"url\":\"https:\/\/www.upjs.sk\/pravnicka-fakulta\/fakulta\/vedenie-fakulty\/\",\"name\":\"Vedenie fakulty - Pr\u00e1vnick\u00e1 fakulta | UPJ\u0160\",\"isPartOf\":{\"@id\":\"https:\/\/www.upjs.sk\/pravnicka-fakulta\/#website\"},\"primaryImageOfPage\":{\"@id\":\"https:\/\/www.upjs.sk\/pravnicka-fakulta\/fakulta\/vedenie-fakulty\/#primaryimage\"},\"image\":{\"@id\":\"https:\/\/www.upjs.sk\/pravnicka-fakulta\/fakulta\/vedenie-fakulty\/#primaryimage\"},\"thumbnailUrl\":\"https:\/\/www.upjs.sk\/app\/uploads\/sites\/11\/2023\/05\/01.jpg\",\"datePublished\":\"2019-04-09T14:10:06+00:00\",\"dateModified\":\"2023-11-06T15:01:00+00:00\",\"breadcrumb\":{\"@id\":\"https:\/\/www.upjs.sk\/pravnicka-fakulta\/fakulta\/vedenie-fakulty\/#breadcrumb\"},\"inLanguage\":\"sk-SK\",\"potentialAction\":[{\"@type\":\"ReadAction\",\"target\":[\"https:\/\/www.upjs.sk\/pravnicka-fakulta\/fakulta\/vedenie-fakulty\/\"]}]},{\"@type\":\"ImageObject\",\"inLanguage\":\"sk-SK\",\"@id\":\"https:\/\/www.upjs.sk\/pravnicka-fakulta\/fakulta\/vedenie-fakulty\/#primaryimage\",\"url\":\"https:\/\/www.upjs.sk\/app\/uploads\/sites\/11\/2023\/05\/01.jpg\",\"contentUrl\":\"https:\/\/www.upjs.sk\/app\/uploads\/sites\/11\/2023\/05\/01.jpg\"},{\"@type\":\"BreadcrumbList\",\"@id\":\"https:\/\/www.upjs.sk\/pravnicka-fakulta\/fakulta\/vedenie-fakulty\/#breadcrumb\",\"itemListElement\":[{\"@type\":\"ListItem\",\"position\":1,\"name\":\"Home\",\"item\":\"https:\/\/www.upjs.sk\/pravnicka-fakulta\/\"},{\"@type\":\"ListItem\",\"position\":2,\"name\":\"Fakulta\",\"item\":\"https:\/\/www.upjs.sk\/pravnicka-fakulta\/fakulta\/\"},{\"@type\":\"ListItem\",\"position\":3,\"name\":\"Vedenie fakulty\"}]},{\"@type\":\"WebSite\",\"@id\":\"https:\/\/www.upjs.sk\/pravnicka-fakulta\/#website\",\"url\":\"https:\/\/www.upjs.sk\/pravnicka-fakulta\/\",\"name\":\"Pr\u00e1vnick\u00e1 fakulta | UPJ\u0160\",\"description\":\"\",\"publisher\":{\"@id\":\"https:\/\/www.upjs.sk\/pravnicka-fakulta\/#organization\"},\"potentialAction\":[{\"@type\":\"SearchAction\",\"target\":{\"@type\":\"EntryPoint\",\"urlTemplate\":\"https:\/\/www.upjs.sk\/pravnicka-fakulta\/?s={search_term_string}\"},\"query-input\":{\"@type\":\"PropertyValueSpecification\",\"valueRequired\":true,\"valueName\":\"search_term_string\"}}],\"inLanguage\":\"sk-SK\"},{\"@type\":\"Organization\",\"@id\":\"https:\/\/www.upjs.sk\/pravnicka-fakulta\/#organization\",\"name\":\"Pr\u00e1vnick\u00e1 fakulta | UPJ\u0160\",\"url\":\"https:\/\/www.upjs.sk\/pravnicka-fakulta\/\",\"logo\":{\"@type\":\"ImageObject\",\"inLanguage\":\"sk-SK\",\"@id\":\"https:\/\/www.upjs.sk\/pravnicka-fakulta\/#\/schema\/logo\/image\/\",\"url\":\"https:\/\/www.upjs.sk\/app\/uploads\/sites\/11\/2022\/09\/logo-pravnicka-fakulta.png\",\"contentUrl\":\"https:\/\/www.upjs.sk\/app\/uploads\/sites\/11\/2022\/09\/logo-pravnicka-fakulta.png\",\"width\":415,\"height\":87,\"caption\":\"Pr\u00e1vnick\u00e1 fakulta | UPJ\u0160\"},\"image\":{\"@id\":\"https:\/\/www.upjs.sk\/pravnicka-fakulta\/#\/schema\/logo\/image\/\"}}]}<\/script>\n<!-- \/ Yoast SEO plugin. -->","yoast_head_json":{"title":"Vedenie fakulty - Pr\u00e1vnick\u00e1 fakulta | UPJ\u0160","robots":{"index":"index","follow":"follow","max-snippet":"max-snippet:-1","max-image-preview":"max-image-preview:large","max-video-preview":"max-video-preview:-1"},"canonical":"https:\/\/www.upjs.sk\/pravnicka-fakulta\/fakulta\/vedenie-fakulty\/","og_locale":"sk_SK","og_type":"article","og_title":"Vedenie fakulty - Pr\u00e1vnick\u00e1 fakulta | UPJ\u0160","og_description":"Dekan fakulty prof. JUDr. Miroslav \u0160trkolec, PhD. e-mail: miroslav.strkolec@upjs.sktel.: 055\/6227104, fax: 055\/6225365 &nbsp; Prodekani fakulty doc. JUDr. Marcel Dolob\u00e1\u010d, PhD. Prodekan pre rozvoj a zahrani\u010dn\u00e9 vz\u0165ahy e-mail: marcel.dolobac@upjs.sktel.: 055\/2344136, fax: 055\/6225365 doc. JUDr. Simona Feren\u010d\u00edkov\u00e1, PhD. Prodekanka pre vzdel\u00e1vanie e-mail: simona.ferencikova@upjs.sktel.: 055\/2344145, fax: 055\/6225365 doc. JUDr. Alena Krunkov\u00e1, PhD. Prodekanka pre vedeckov\u00fdskumn\u00fa \u010dinnos\u0165, doktorandsk\u00e9 \u0161t\u00fadium &hellip; \u010c\u00edta\u0165 \u010falej","og_url":"https:\/\/www.upjs.sk\/pravnicka-fakulta\/fakulta\/vedenie-fakulty\/","og_site_name":"Pr\u00e1vnick\u00e1 fakulta | UPJ\u0160","article_modified_time":"2023-11-06T15:01:00+00:00","og_image":[{"url":"https:\/\/www.upjs.sk\/app\/uploads\/sites\/11\/2023\/05\/01.jpg","type":"","width":"","height":""}],"twitter_card":"summary_large_image","twitter_misc":{"Predpokladan\u00fd \u010das \u010d\u00edtania":"2 min\u00faty"},"schema":{"@context":"https:\/\/schema.org","@graph":[{"@type":"WebPage","@id":"https:\/\/www.upjs.sk\/pravnicka-fakulta\/fakulta\/vedenie-fakulty\/","url":"https:\/\/www.upjs.sk\/pravnicka-fakulta\/fakulta\/vedenie-fakulty\/","name":"Vedenie fakulty - Pr\u00e1vnick\u00e1 fakulta | UPJ\u0160","isPartOf":{"@id":"https:\/\/www.upjs.sk\/pravnicka-fakulta\/#website"},"primaryImageOfPage":{"@id":"https:\/\/www.upjs.sk\/pravnicka-fakulta\/fakulta\/vedenie-fakulty\/#primaryimage"},"image":{"@id":"https:\/\/www.upjs.sk\/pravnicka-fakulta\/fakulta\/vedenie-fakulty\/#primaryimage"},"thumbnailUrl":"https:\/\/www.upjs.sk\/app\/uploads\/sites\/11\/2023\/05\/01.jpg","datePublished":"2019-04-09T14:10:06+00:00","dateModified":"2023-11-06T15:01:00+00:00","breadcrumb":{"@id":"https:\/\/www.upjs.sk\/pravnicka-fakulta\/fakulta\/vedenie-fakulty\/#breadcrumb"},"inLanguage":"sk-SK","potentialAction":[{"@type":"ReadAction","target":["https:\/\/www.upjs.sk\/pravnicka-fakulta\/fakulta\/vedenie-fakulty\/"]}]},{"@type":"ImageObject","inLanguage":"sk-SK","@id":"https:\/\/www.upjs.sk\/pravnicka-fakulta\/fakulta\/vedenie-fakulty\/#primaryimage","url":"https:\/\/www.upjs.sk\/app\/uploads\/sites\/11\/2023\/05\/01.jpg","contentUrl":"https:\/\/www.upjs.sk\/app\/uploads\/sites\/11\/2023\/05\/01.jpg"},{"@type":"BreadcrumbList","@id":"https:\/\/www.upjs.sk\/pravnicka-fakulta\/fakulta\/vedenie-fakulty\/#breadcrumb","itemListElement":[{"@type":"ListItem","position":1,"name":"Home","item":"https:\/\/www.upjs.sk\/pravnicka-fakulta\/"},{"@type":"ListItem","position":2,"name":"Fakulta","item":"https:\/\/www.upjs.sk\/pravnicka-fakulta\/fakulta\/"},{"@type":"ListItem","position":3,"name":"Vedenie fakulty"}]},{"@type":"WebSite","@id":"https:\/\/www.upjs.sk\/pravnicka-fakulta\/#website","url":"https:\/\/www.upjs.sk\/pravnicka-fakulta\/","name":"Pr\u00e1vnick\u00e1 fakulta | UPJ\u0160","description":"","publisher":{"@id":"https:\/\/www.upjs.sk\/pravnicka-fakulta\/#organization"},"potentialAction":[{"@type":"SearchAction","target":{"@type":"EntryPoint","urlTemplate":"https:\/\/www.upjs.sk\/pravnicka-fakulta\/?s={search_term_string}"},"query-input":{"@type":"PropertyValueSpecification","valueRequired":true,"valueName":"search_term_string"}}],"inLanguage":"sk-SK"},{"@type":"Organization","@id":"https:\/\/www.upjs.sk\/pravnicka-fakulta\/#organization","name":"Pr\u00e1vnick\u00e1 fakulta | UPJ\u0160","url":"https:\/\/www.upjs.sk\/pravnicka-fakulta\/","logo":{"@type":"ImageObject","inLanguage":"sk-SK","@id":"https:\/\/www.upjs.sk\/pravnicka-fakulta\/#\/schema\/logo\/image\/","url":"https:\/\/www.upjs.sk\/app\/uploads\/sites\/11\/2022\/09\/logo-pravnicka-fakulta.png","contentUrl":"https:\/\/www.upjs.sk\/app\/uploads\/sites\/11\/2022\/09\/logo-pravnicka-fakulta.png","width":415,"height":87,"caption":"Pr\u00e1vnick\u00e1 fakulta | UPJ\u0160"},"image":{"@id":"https:\/\/www.upjs.sk\/pravnicka-fakulta\/#\/schema\/logo\/image\/"}}]}},"_links":{"self":[{"href":"https:\/\/www.upjs.sk\/pravnicka-fakulta\/wp-json\/wp\/v2\/pages\/13797","targetHints":{"allow":["GET"]}}],"collection":[{"href":"https:\/\/www.upjs.sk\/pravnicka-fakulta\/wp-json\/wp\/v2\/pages"}],"about":[{"href":"https:\/\/www.upjs.sk\/pravnicka-fakulta\/wp-json\/wp\/v2\/types\/page"}],"author":[{"embeddable":true,"href":"https:\/\/www.upjs.sk\/pravnicka-fakulta\/wp-json\/wp\/v2\/users\/1"}],"replies":[{"embeddable":true,"href":"https:\/\/www.upjs.sk\/pravnicka-fakulta\/wp-json\/wp\/v2\/comments?post=13797"}],"version-history":[{"count":19,"href":"https:\/\/www.upjs.sk\/pravnicka-fakulta\/wp-json\/wp\/v2\/pages\/13797\/revisions"}],"predecessor-version":[{"id":42031,"href":"https:\/\/www.upjs.sk\/pravnicka-fakulta\/wp-json\/wp\/v2\/pages\/13797\/revisions\/42031"}],"up":[{"embeddable":true,"href":"https:\/\/www.upjs.sk\/pravnicka-fakulta\/wp-json\/wp\/v2\/pages\/13089"}],"wp:attachment":[{"href":"https:\/\/www.upjs.sk\/pravnicka-fakulta\/wp-json\/wp\/v2\/media?parent=13797"}],"wp:term":[{"taxonomy":"category","embeddable":true,"href":"https:\/\/www.upjs.sk\/pravnicka-fakulta\/wp-json\/wp\/v2\/categories?post=13797"},{"taxonomy":"post_tag","embeddable":true,"href":"https:\/\/www.upjs.sk\/pravnicka-fakulta\/wp-json\/wp\/v2\/tags?post=13797"}],"curies":[{"name":"wp","href":"https:\/\/api.w.org\/{rel}","templated":true}]}}