{"id":13830,"date":"2021-11-25T13:11:52","date_gmt":"2021-11-25T13:11:52","guid":{"rendered":"https:\/\/www.upjs.sk\/pravnicka-fakulta\/fakulta\/akademicky-senat\/zoznam-clenov-as\/"},"modified":"2024-10-09T06:36:23","modified_gmt":"2024-10-09T05:36:23","slug":"zoznam-clenov-as","status":"publish","type":"page","link":"https:\/\/www.upjs.sk\/pravnicka-fakulta\/fakulta\/akademicky-senat\/zoznam-clenov-as\/","title":{"rendered":"Zoznam \u010dlenov"},"content":{"rendered":"<p style=\"text-align: center;\"><span style=\"font-size: 20px;\"><strong>Akademick\u00fd sen\u00e1t Pr\u00e1vnickej fakulty<\/strong><\/span><\/p>\n<p><strong>Predseda akademick\u00e9ho sen\u00e1tu: <\/strong>doc. JUDr. Ing. Jaroslav Doln\u00fd, PhD.<\/p>\n<p><strong>Podpredseda akademick\u00e9ho sen\u00e1tu: <\/strong>Mgr. Dami\u00e1n Pru\u017einsk\u00fd<\/p>\n<p><strong>Tajomn\u00edk akademick\u00e9ho sen\u00e1tu:\u00a0<\/strong>Bc. Tom\u00e1\u0161 Ob\u0161ito\u0161<\/p>\n<p><strong>Zamestnanecka \u010das\u0165:<br \/>\n<\/strong>doc. JUDr. Ren\u00e1ta Ba\u010d\u00e1rov\u00e1, PhD., LL.M.<br \/>\ndoc. JUDr. Ing. Jaroslav Doln\u00fd, PhD.<br \/>\ndoc. JUDr. Miroslav Fico, PhD.<br \/>\ndoc. JUDr. Martin \u0160trkolec, PhD.<br \/>\nJUDr. Luk\u00e1\u0161 Jan\u010d\u00e1t, PhD.<br \/>\nJUDr. JCLic. Tom\u00e1\u0161 Majer\u010d\u00e1k, PhD.<br \/>\nJUDr. Monika Min\u010di\u010dov\u00e1, PhD.<br \/>\nJUDr. \u017dofia Mr\u00e1zov\u00e1, PhD., MCL.<br \/>\nIng. Karol\u00edna \u010cerven\u00e1, PhD.<br \/>\nMgr. \u013dubica Gregov\u00e1 \u0160iricov\u00e1, PhD.<\/p>\n<p><strong>\u0160tudentsk\u00e1 \u010das\u0165:<\/strong><br \/>\nMgr. Dami\u00e1n Pru\u017einsk\u00fd<br \/>\nMgr. Tom\u00e1\u0161 \u0160ef\u010d\u00edk<br \/>\nBc. Tom\u00e1\u0161 Ob\u0161ito\u0161<br \/>\nBc. Kristi\u00e1n Vantech<br \/>\nJaroslav Melega<\/p>\n","protected":false},"excerpt":{"rendered":"<p>Akademick\u00fd sen\u00e1t Pr\u00e1vnickej fakulty Predseda akademick\u00e9ho sen\u00e1tu: doc. JUDr. Ing. Jaroslav Doln\u00fd, PhD. Podpredseda akademick\u00e9ho sen\u00e1tu: Mgr. Dami\u00e1n Pru\u017einsk\u00fd Tajomn\u00edk akademick\u00e9ho sen\u00e1tu:\u00a0Bc. Tom\u00e1\u0161 Ob\u0161ito\u0161 Zamestnanecka \u010das\u0165: doc. JUDr. Ren\u00e1ta Ba\u010d\u00e1rov\u00e1, PhD., LL.M. doc. JUDr. Ing. Jaroslav Doln\u00fd, PhD. doc. JUDr. Miroslav Fico, PhD. doc. JUDr. Martin \u0160trkolec, PhD. JUDr. Luk\u00e1\u0161 Jan\u010d\u00e1t, PhD. JUDr. JCLic. Tom\u00e1\u0161 &hellip; <a href=\"https:\/\/www.upjs.sk\/pravnicka-fakulta\/fakulta\/akademicky-senat\/zoznam-clenov-as\/\">\u010c\u00edta\u0165 \u010falej<\/a><\/p>\n","protected":false},"author":1,"featured_media":0,"parent":13090,"menu_order":0,"comment_status":"closed","ping_status":"closed","template":"","meta":{"_acf_changed":false,"_editorskit_title_hidden":false,"_editorskit_reading_time":1,"_editorskit_is_block_options_detached":false,"_editorskit_block_options_position":"{}","footnotes":""},"categories":[],"tags":[],"class_list":["post-13830","page","type-page","status-publish","hentry"],"acf":{"acf_link_na_externy_obsah":""},"yoast_head":"<!-- This site is optimized with the Yoast SEO plugin v27.2 - https:\/\/yoast.com\/product\/yoast-seo-wordpress\/ -->\n<title>Zoznam \u010dlenov - Pr\u00e1vnick\u00e1 fakulta | UPJ\u0160<\/title>\n<meta name=\"robots\" content=\"index, follow, max-snippet:-1, max-image-preview:large, max-video-preview:-1\" \/>\n<link rel=\"canonical\" href=\"https:\/\/www.upjs.sk\/pravnicka-fakulta\/fakulta\/akademicky-senat\/zoznam-clenov-as\/\" \/>\n<meta property=\"og:locale\" content=\"sk_SK\" \/>\n<meta property=\"og:type\" content=\"article\" \/>\n<meta property=\"og:title\" content=\"Zoznam \u010dlenov - Pr\u00e1vnick\u00e1 fakulta | UPJ\u0160\" \/>\n<meta property=\"og:description\" content=\"Akademick\u00fd sen\u00e1t Pr\u00e1vnickej fakulty Predseda akademick\u00e9ho sen\u00e1tu: doc. JUDr. Ing. Jaroslav Doln\u00fd, PhD. Podpredseda akademick\u00e9ho sen\u00e1tu: Mgr. Dami\u00e1n Pru\u017einsk\u00fd Tajomn\u00edk akademick\u00e9ho sen\u00e1tu:\u00a0Bc. Tom\u00e1\u0161 Ob\u0161ito\u0161 Zamestnanecka \u010das\u0165: doc. JUDr. Ren\u00e1ta Ba\u010d\u00e1rov\u00e1, PhD., LL.M. doc. JUDr. Ing. Jaroslav Doln\u00fd, PhD. doc. JUDr. Miroslav Fico, PhD. doc. JUDr. Martin \u0160trkolec, PhD. JUDr. Luk\u00e1\u0161 Jan\u010d\u00e1t, PhD. JUDr. JCLic. Tom\u00e1\u0161 &hellip; \u010c\u00edta\u0165 \u010falej\" \/>\n<meta property=\"og:url\" content=\"https:\/\/www.upjs.sk\/pravnicka-fakulta\/fakulta\/akademicky-senat\/zoznam-clenov-as\/\" \/>\n<meta property=\"og:site_name\" content=\"Pr\u00e1vnick\u00e1 fakulta | UPJ\u0160\" \/>\n<meta property=\"article:modified_time\" content=\"2024-10-09T05:36:23+00:00\" \/>\n<meta name=\"twitter:card\" content=\"summary_large_image\" \/>\n<meta name=\"twitter:label1\" content=\"Predpokladan\u00fd \u010das \u010d\u00edtania\" \/>\n\t<meta name=\"twitter:data1\" content=\"1 min\u00fata\" \/>\n<script type=\"application\/ld+json\" class=\"yoast-schema-graph\">{\"@context\":\"https:\/\/schema.org\",\"@graph\":[{\"@type\":\"WebPage\",\"@id\":\"https:\/\/www.upjs.sk\/pravnicka-fakulta\/fakulta\/akademicky-senat\/zoznam-clenov-as\/\",\"url\":\"https:\/\/www.upjs.sk\/pravnicka-fakulta\/fakulta\/akademicky-senat\/zoznam-clenov-as\/\",\"name\":\"Zoznam \u010dlenov - Pr\u00e1vnick\u00e1 fakulta | UPJ\u0160\",\"isPartOf\":{\"@id\":\"https:\/\/www.upjs.sk\/pravnicka-fakulta\/#website\"},\"datePublished\":\"2021-11-25T13:11:52+00:00\",\"dateModified\":\"2024-10-09T05:36:23+00:00\",\"breadcrumb\":{\"@id\":\"https:\/\/www.upjs.sk\/pravnicka-fakulta\/fakulta\/akademicky-senat\/zoznam-clenov-as\/#breadcrumb\"},\"inLanguage\":\"sk-SK\",\"potentialAction\":[{\"@type\":\"ReadAction\",\"target\":[\"https:\/\/www.upjs.sk\/pravnicka-fakulta\/fakulta\/akademicky-senat\/zoznam-clenov-as\/\"]}]},{\"@type\":\"BreadcrumbList\",\"@id\":\"https:\/\/www.upjs.sk\/pravnicka-fakulta\/fakulta\/akademicky-senat\/zoznam-clenov-as\/#breadcrumb\",\"itemListElement\":[{\"@type\":\"ListItem\",\"position\":1,\"name\":\"Home\",\"item\":\"https:\/\/www.upjs.sk\/pravnicka-fakulta\/\"},{\"@type\":\"ListItem\",\"position\":2,\"name\":\"Fakulta\",\"item\":\"https:\/\/www.upjs.sk\/pravnicka-fakulta\/fakulta\/\"},{\"@type\":\"ListItem\",\"position\":3,\"name\":\"Akademick\u00fd sen\u00e1t\",\"item\":\"https:\/\/www.upjs.sk\/pravnicka-fakulta\/fakulta\/akademicky-senat\/\"},{\"@type\":\"ListItem\",\"position\":4,\"name\":\"Zoznam \u010dlenov\"}]},{\"@type\":\"WebSite\",\"@id\":\"https:\/\/www.upjs.sk\/pravnicka-fakulta\/#website\",\"url\":\"https:\/\/www.upjs.sk\/pravnicka-fakulta\/\",\"name\":\"Pr\u00e1vnick\u00e1 fakulta | UPJ\u0160\",\"description\":\"\",\"publisher\":{\"@id\":\"https:\/\/www.upjs.sk\/pravnicka-fakulta\/#organization\"},\"potentialAction\":[{\"@type\":\"SearchAction\",\"target\":{\"@type\":\"EntryPoint\",\"urlTemplate\":\"https:\/\/www.upjs.sk\/pravnicka-fakulta\/?s={search_term_string}\"},\"query-input\":{\"@type\":\"PropertyValueSpecification\",\"valueRequired\":true,\"valueName\":\"search_term_string\"}}],\"inLanguage\":\"sk-SK\"},{\"@type\":\"Organization\",\"@id\":\"https:\/\/www.upjs.sk\/pravnicka-fakulta\/#organization\",\"name\":\"Pr\u00e1vnick\u00e1 fakulta | UPJ\u0160\",\"url\":\"https:\/\/www.upjs.sk\/pravnicka-fakulta\/\",\"logo\":{\"@type\":\"ImageObject\",\"inLanguage\":\"sk-SK\",\"@id\":\"https:\/\/www.upjs.sk\/pravnicka-fakulta\/#\/schema\/logo\/image\/\",\"url\":\"https:\/\/www.upjs.sk\/app\/uploads\/sites\/11\/2022\/09\/logo-pravnicka-fakulta.png\",\"contentUrl\":\"https:\/\/www.upjs.sk\/app\/uploads\/sites\/11\/2022\/09\/logo-pravnicka-fakulta.png\",\"width\":415,\"height\":87,\"caption\":\"Pr\u00e1vnick\u00e1 fakulta | UPJ\u0160\"},\"image\":{\"@id\":\"https:\/\/www.upjs.sk\/pravnicka-fakulta\/#\/schema\/logo\/image\/\"}}]}<\/script>\n<!-- \/ Yoast SEO plugin. -->","yoast_head_json":{"title":"Zoznam \u010dlenov - Pr\u00e1vnick\u00e1 fakulta | UPJ\u0160","robots":{"index":"index","follow":"follow","max-snippet":"max-snippet:-1","max-image-preview":"max-image-preview:large","max-video-preview":"max-video-preview:-1"},"canonical":"https:\/\/www.upjs.sk\/pravnicka-fakulta\/fakulta\/akademicky-senat\/zoznam-clenov-as\/","og_locale":"sk_SK","og_type":"article","og_title":"Zoznam \u010dlenov - Pr\u00e1vnick\u00e1 fakulta | UPJ\u0160","og_description":"Akademick\u00fd sen\u00e1t Pr\u00e1vnickej fakulty Predseda akademick\u00e9ho sen\u00e1tu: doc. JUDr. Ing. Jaroslav Doln\u00fd, PhD. Podpredseda akademick\u00e9ho sen\u00e1tu: Mgr. Dami\u00e1n Pru\u017einsk\u00fd Tajomn\u00edk akademick\u00e9ho sen\u00e1tu:\u00a0Bc. Tom\u00e1\u0161 Ob\u0161ito\u0161 Zamestnanecka \u010das\u0165: doc. JUDr. Ren\u00e1ta Ba\u010d\u00e1rov\u00e1, PhD., LL.M. doc. JUDr. Ing. Jaroslav Doln\u00fd, PhD. doc. JUDr. Miroslav Fico, PhD. doc. JUDr. Martin \u0160trkolec, PhD. JUDr. Luk\u00e1\u0161 Jan\u010d\u00e1t, PhD. JUDr. JCLic. Tom\u00e1\u0161 &hellip; \u010c\u00edta\u0165 \u010falej","og_url":"https:\/\/www.upjs.sk\/pravnicka-fakulta\/fakulta\/akademicky-senat\/zoznam-clenov-as\/","og_site_name":"Pr\u00e1vnick\u00e1 fakulta | UPJ\u0160","article_modified_time":"2024-10-09T05:36:23+00:00","twitter_card":"summary_large_image","twitter_misc":{"Predpokladan\u00fd \u010das \u010d\u00edtania":"1 min\u00fata"},"schema":{"@context":"https:\/\/schema.org","@graph":[{"@type":"WebPage","@id":"https:\/\/www.upjs.sk\/pravnicka-fakulta\/fakulta\/akademicky-senat\/zoznam-clenov-as\/","url":"https:\/\/www.upjs.sk\/pravnicka-fakulta\/fakulta\/akademicky-senat\/zoznam-clenov-as\/","name":"Zoznam \u010dlenov - Pr\u00e1vnick\u00e1 fakulta | UPJ\u0160","isPartOf":{"@id":"https:\/\/www.upjs.sk\/pravnicka-fakulta\/#website"},"datePublished":"2021-11-25T13:11:52+00:00","dateModified":"2024-10-09T05:36:23+00:00","breadcrumb":{"@id":"https:\/\/www.upjs.sk\/pravnicka-fakulta\/fakulta\/akademicky-senat\/zoznam-clenov-as\/#breadcrumb"},"inLanguage":"sk-SK","potentialAction":[{"@type":"ReadAction","target":["https:\/\/www.upjs.sk\/pravnicka-fakulta\/fakulta\/akademicky-senat\/zoznam-clenov-as\/"]}]},{"@type":"BreadcrumbList","@id":"https:\/\/www.upjs.sk\/pravnicka-fakulta\/fakulta\/akademicky-senat\/zoznam-clenov-as\/#breadcrumb","itemListElement":[{"@type":"ListItem","position":1,"name":"Home","item":"https:\/\/www.upjs.sk\/pravnicka-fakulta\/"},{"@type":"ListItem","position":2,"name":"Fakulta","item":"https:\/\/www.upjs.sk\/pravnicka-fakulta\/fakulta\/"},{"@type":"ListItem","position":3,"name":"Akademick\u00fd sen\u00e1t","item":"https:\/\/www.upjs.sk\/pravnicka-fakulta\/fakulta\/akademicky-senat\/"},{"@type":"ListItem","position":4,"name":"Zoznam \u010dlenov"}]},{"@type":"WebSite","@id":"https:\/\/www.upjs.sk\/pravnicka-fakulta\/#website","url":"https:\/\/www.upjs.sk\/pravnicka-fakulta\/","name":"Pr\u00e1vnick\u00e1 fakulta | UPJ\u0160","description":"","publisher":{"@id":"https:\/\/www.upjs.sk\/pravnicka-fakulta\/#organization"},"potentialAction":[{"@type":"SearchAction","target":{"@type":"EntryPoint","urlTemplate":"https:\/\/www.upjs.sk\/pravnicka-fakulta\/?s={search_term_string}"},"query-input":{"@type":"PropertyValueSpecification","valueRequired":true,"valueName":"search_term_string"}}],"inLanguage":"sk-SK"},{"@type":"Organization","@id":"https:\/\/www.upjs.sk\/pravnicka-fakulta\/#organization","name":"Pr\u00e1vnick\u00e1 fakulta | UPJ\u0160","url":"https:\/\/www.upjs.sk\/pravnicka-fakulta\/","logo":{"@type":"ImageObject","inLanguage":"sk-SK","@id":"https:\/\/www.upjs.sk\/pravnicka-fakulta\/#\/schema\/logo\/image\/","url":"https:\/\/www.upjs.sk\/app\/uploads\/sites\/11\/2022\/09\/logo-pravnicka-fakulta.png","contentUrl":"https:\/\/www.upjs.sk\/app\/uploads\/sites\/11\/2022\/09\/logo-pravnicka-fakulta.png","width":415,"height":87,"caption":"Pr\u00e1vnick\u00e1 fakulta | UPJ\u0160"},"image":{"@id":"https:\/\/www.upjs.sk\/pravnicka-fakulta\/#\/schema\/logo\/image\/"}}]}},"_links":{"self":[{"href":"https:\/\/www.upjs.sk\/pravnicka-fakulta\/wp-json\/wp\/v2\/pages\/13830","targetHints":{"allow":["GET"]}}],"collection":[{"href":"https:\/\/www.upjs.sk\/pravnicka-fakulta\/wp-json\/wp\/v2\/pages"}],"about":[{"href":"https:\/\/www.upjs.sk\/pravnicka-fakulta\/wp-json\/wp\/v2\/types\/page"}],"author":[{"embeddable":true,"href":"https:\/\/www.upjs.sk\/pravnicka-fakulta\/wp-json\/wp\/v2\/users\/1"}],"replies":[{"embeddable":true,"href":"https:\/\/www.upjs.sk\/pravnicka-fakulta\/wp-json\/wp\/v2\/comments?post=13830"}],"version-history":[{"count":14,"href":"https:\/\/www.upjs.sk\/pravnicka-fakulta\/wp-json\/wp\/v2\/pages\/13830\/revisions"}],"predecessor-version":[{"id":45749,"href":"https:\/\/www.upjs.sk\/pravnicka-fakulta\/wp-json\/wp\/v2\/pages\/13830\/revisions\/45749"}],"up":[{"embeddable":true,"href":"https:\/\/www.upjs.sk\/pravnicka-fakulta\/wp-json\/wp\/v2\/pages\/13090"}],"wp:attachment":[{"href":"https:\/\/www.upjs.sk\/pravnicka-fakulta\/wp-json\/wp\/v2\/media?parent=13830"}],"wp:term":[{"taxonomy":"category","embeddable":true,"href":"https:\/\/www.upjs.sk\/pravnicka-fakulta\/wp-json\/wp\/v2\/categories?post=13830"},{"taxonomy":"post_tag","embeddable":true,"href":"https:\/\/www.upjs.sk\/pravnicka-fakulta\/wp-json\/wp\/v2\/tags?post=13830"}],"curies":[{"name":"wp","href":"https:\/\/api.w.org\/{rel}","templated":true}]}}