{"id":13847,"date":"2018-02-13T09:00:20","date_gmt":"2018-02-13T09:00:20","guid":{"rendered":"https:\/\/www.upjs.sk\/pravnicka-fakulta\/publikacie-zborniky-zverejnenia\/publikacie-zborniky-zverejnenia-2007\/"},"modified":"2022-10-24T16:55:03","modified_gmt":"2022-10-24T16:55:03","slug":"publikacie-zborniky-zverejnenia-2007","status":"publish","type":"page","link":"https:\/\/www.upjs.sk\/pravnicka-fakulta\/publikacie-zborniky-zverejnenia\/publikacie-zborniky-zverejnenia-2007\/","title":{"rendered":"Publik\u00e1cie, zborn\u00edky a zverejnenia 2007"},"content":{"rendered":"<p><a href=\"\/public\/media\/1084\/zbornik_6.pdf\"><img decoding=\"async\" alt=\"zbornik_6.jpg\" src=\"http:\/\/www.upjs.sk\/\/app\/uploads\/sites\/11\/2022\/09\/zbornik_6.jpg\" style=\"height:105px; width:69px\" \/><\/a><br \/>\nHus\u00e1r, J. (ed.): <a href=\"\/public\/media\/1084\/zbornik_6.pdf\"><strong>S\u00fa\u010dasnos\u0165 a perspekt\u00edvy pr\u00e1vnej regul\u00e1cie obchodn\u00fdch zml\u00fav<\/strong><\/a><br \/>\nZborn\u00edk pr\u00edspevkov \u00fa\u010dastn\u00edkov vedeckej konferencie konanej v d\u0148och 24.\u2013 26. okt\u00f3bra 2007 v Starej Lesnej.<\/p>\n<p>\n<a href=\"\/public\/media\/1084\/zbornik_2.pdf\"><img decoding=\"async\" alt=\"zbornik_2.jpg\" border=\"1\" src=\"http:\/\/www.upjs.sk\/\/app\/uploads\/sites\/11\/2022\/09\/zbornik_2.jpg\" style=\"height:105px; width:78px\" \/><\/a>\u00a0<br \/>\nHus\u00e1r, J. (ed.):<strong> <a href=\"\/public\/media\/1084\/zbornik_2.pdf\"><span style=\"color:rgb(113, 32, 105)\">Pr\u00e1vo a obchodovanie<\/span><\/a><\/strong><br \/>\nZborn\u00edk pr\u00edspevkov \u00fa\u010dastn\u00edkov vedeckej konferencie doktorandov konanej 7. j\u00fana 2007 v Ko\u0161iciach<\/p>\n<p>\n<a href=\"\/public\/media\/1084\/zbornik_1.pdf\"><img decoding=\"async\" alt=\"zbornik_1.jpg\" border=\"1\" src=\"http:\/\/www.upjs.sk\/\/app\/uploads\/sites\/11\/2022\/09\/zbornik_1.jpg\" style=\"height:105px; width:78px\" \/><\/a><br \/>\nDobrovi\u010dov\u00e1, G. (ed.): <a href=\"\/public\/media\/1084\/zbornik_1.pdf\"><span style=\"color:rgb(113, 32, 105)\"><strong>Vplyv medzin\u00e1rodn\u00e9ho a eur\u00f3pskeho pr\u00e1va na pr\u00e1vny poriadok Slovenskej republiky<\/strong><\/span><\/a><\/p>\n","protected":false},"excerpt":{"rendered":"<p>Hus\u00e1r, J. (ed.): S\u00fa\u010dasnos\u0165 a perspekt\u00edvy pr\u00e1vnej regul\u00e1cie obchodn\u00fdch zml\u00fav Zborn\u00edk pr\u00edspevkov \u00fa\u010dastn\u00edkov vedeckej konferencie konanej v d\u0148och 24.\u2013 26. okt\u00f3bra 2007 v Starej Lesnej. \u00a0 Hus\u00e1r, J. (ed.): Pr\u00e1vo a obchodovanie Zborn\u00edk pr\u00edspevkov \u00fa\u010dastn\u00edkov vedeckej konferencie doktorandov konanej 7. j\u00fana 2007 v Ko\u0161iciach Dobrovi\u010dov\u00e1, G. (ed.): Vplyv medzin\u00e1rodn\u00e9ho a eur\u00f3pskeho pr\u00e1va na pr\u00e1vny poriadok &hellip; <a href=\"https:\/\/www.upjs.sk\/pravnicka-fakulta\/publikacie-zborniky-zverejnenia\/publikacie-zborniky-zverejnenia-2007\/\">\u010c\u00edta\u0165 \u010falej<\/a><\/p>\n","protected":false},"author":1,"featured_media":13159,"parent":13153,"menu_order":16,"comment_status":"closed","ping_status":"closed","template":"","meta":{"_acf_changed":false,"_editorskit_title_hidden":false,"_editorskit_reading_time":0,"_editorskit_is_block_options_detached":false,"_editorskit_block_options_position":"{}","footnotes":""},"categories":[],"tags":[],"class_list":["post-13847","page","type-page","status-publish","has-post-thumbnail","hentry"],"acf":{"acf_link_na_externy_obsah":""},"yoast_head":"<!-- This site is optimized with the Yoast SEO plugin v27.4 - https:\/\/yoast.com\/product\/yoast-seo-wordpress\/ -->\n<title>Publik\u00e1cie, zborn\u00edky a zverejnenia 2007 - Pr\u00e1vnick\u00e1 fakulta | UPJ\u0160<\/title>\n<meta name=\"robots\" content=\"index, follow, max-snippet:-1, max-image-preview:large, max-video-preview:-1\" \/>\n<link rel=\"canonical\" href=\"https:\/\/www.upjs.sk\/pravnicka-fakulta\/publikacie-zborniky-zverejnenia\/publikacie-zborniky-zverejnenia-2007\/\" \/>\n<meta property=\"og:locale\" content=\"sk_SK\" \/>\n<meta property=\"og:type\" content=\"article\" \/>\n<meta property=\"og:title\" content=\"Publik\u00e1cie, zborn\u00edky a zverejnenia 2007 - Pr\u00e1vnick\u00e1 fakulta | UPJ\u0160\" \/>\n<meta property=\"og:description\" content=\"Hus\u00e1r, J. (ed.): S\u00fa\u010dasnos\u0165 a perspekt\u00edvy pr\u00e1vnej regul\u00e1cie obchodn\u00fdch zml\u00fav Zborn\u00edk pr\u00edspevkov \u00fa\u010dastn\u00edkov vedeckej konferencie konanej v d\u0148och 24.\u2013 26. okt\u00f3bra 2007 v Starej Lesnej. \u00a0 Hus\u00e1r, J. (ed.): Pr\u00e1vo a obchodovanie Zborn\u00edk pr\u00edspevkov \u00fa\u010dastn\u00edkov vedeckej konferencie doktorandov konanej 7. j\u00fana 2007 v Ko\u0161iciach Dobrovi\u010dov\u00e1, G. (ed.): Vplyv medzin\u00e1rodn\u00e9ho a eur\u00f3pskeho pr\u00e1va na pr\u00e1vny poriadok &hellip; \u010c\u00edta\u0165 \u010falej\" \/>\n<meta property=\"og:url\" content=\"https:\/\/www.upjs.sk\/pravnicka-fakulta\/publikacie-zborniky-zverejnenia\/publikacie-zborniky-zverejnenia-2007\/\" \/>\n<meta property=\"og:site_name\" content=\"Pr\u00e1vnick\u00e1 fakulta | UPJ\u0160\" \/>\n<meta property=\"article:modified_time\" content=\"2022-10-24T16:55:03+00:00\" \/>\n<meta property=\"og:image\" content=\"https:\/\/www.upjs.sk\/app\/uploads\/sites\/11\/2022\/09\/zbornik_6.jpg\" \/>\n\t<meta property=\"og:image:width\" content=\"519\" \/>\n\t<meta property=\"og:image:height\" content=\"743\" \/>\n\t<meta property=\"og:image:type\" content=\"image\/jpeg\" \/>\n<meta name=\"twitter:card\" content=\"summary_large_image\" \/>\n<script type=\"application\/ld+json\" class=\"yoast-schema-graph\">{\"@context\":\"https:\\\/\\\/schema.org\",\"@graph\":[{\"@type\":\"WebPage\",\"@id\":\"https:\\\/\\\/www.upjs.sk\\\/pravnicka-fakulta\\\/publikacie-zborniky-zverejnenia\\\/publikacie-zborniky-zverejnenia-2007\\\/\",\"url\":\"https:\\\/\\\/www.upjs.sk\\\/pravnicka-fakulta\\\/publikacie-zborniky-zverejnenia\\\/publikacie-zborniky-zverejnenia-2007\\\/\",\"name\":\"Publik\u00e1cie, zborn\u00edky a zverejnenia 2007 - Pr\u00e1vnick\u00e1 fakulta | UPJ\u0160\",\"isPartOf\":{\"@id\":\"https:\\\/\\\/www.upjs.sk\\\/pravnicka-fakulta\\\/#website\"},\"primaryImageOfPage\":{\"@id\":\"https:\\\/\\\/www.upjs.sk\\\/pravnicka-fakulta\\\/publikacie-zborniky-zverejnenia\\\/publikacie-zborniky-zverejnenia-2007\\\/#primaryimage\"},\"image\":{\"@id\":\"https:\\\/\\\/www.upjs.sk\\\/pravnicka-fakulta\\\/publikacie-zborniky-zverejnenia\\\/publikacie-zborniky-zverejnenia-2007\\\/#primaryimage\"},\"thumbnailUrl\":\"https:\\\/\\\/www.upjs.sk\\\/app\\\/uploads\\\/sites\\\/11\\\/2022\\\/09\\\/zbornik_6.jpg\",\"datePublished\":\"2018-02-13T09:00:20+00:00\",\"dateModified\":\"2022-10-24T16:55:03+00:00\",\"breadcrumb\":{\"@id\":\"https:\\\/\\\/www.upjs.sk\\\/pravnicka-fakulta\\\/publikacie-zborniky-zverejnenia\\\/publikacie-zborniky-zverejnenia-2007\\\/#breadcrumb\"},\"inLanguage\":\"sk-SK\",\"potentialAction\":[{\"@type\":\"ReadAction\",\"target\":[\"https:\\\/\\\/www.upjs.sk\\\/pravnicka-fakulta\\\/publikacie-zborniky-zverejnenia\\\/publikacie-zborniky-zverejnenia-2007\\\/\"]}]},{\"@type\":\"ImageObject\",\"inLanguage\":\"sk-SK\",\"@id\":\"https:\\\/\\\/www.upjs.sk\\\/pravnicka-fakulta\\\/publikacie-zborniky-zverejnenia\\\/publikacie-zborniky-zverejnenia-2007\\\/#primaryimage\",\"url\":\"https:\\\/\\\/www.upjs.sk\\\/app\\\/uploads\\\/sites\\\/11\\\/2022\\\/09\\\/zbornik_6.jpg\",\"contentUrl\":\"https:\\\/\\\/www.upjs.sk\\\/app\\\/uploads\\\/sites\\\/11\\\/2022\\\/09\\\/zbornik_6.jpg\",\"width\":519,\"height\":743},{\"@type\":\"BreadcrumbList\",\"@id\":\"https:\\\/\\\/www.upjs.sk\\\/pravnicka-fakulta\\\/publikacie-zborniky-zverejnenia\\\/publikacie-zborniky-zverejnenia-2007\\\/#breadcrumb\",\"itemListElement\":[{\"@type\":\"ListItem\",\"position\":1,\"name\":\"Home\",\"item\":\"https:\\\/\\\/www.upjs.sk\\\/pravnicka-fakulta\\\/\"},{\"@type\":\"ListItem\",\"position\":2,\"name\":\"Publik\u00e1cie, zborn\u00edky a zverejnenia\",\"item\":\"https:\\\/\\\/www.upjs.sk\\\/pravnicka-fakulta\\\/publikacie-zborniky-zverejnenia\\\/\"},{\"@type\":\"ListItem\",\"position\":3,\"name\":\"Publik\u00e1cie, zborn\u00edky a zverejnenia 2007\"}]},{\"@type\":\"WebSite\",\"@id\":\"https:\\\/\\\/www.upjs.sk\\\/pravnicka-fakulta\\\/#website\",\"url\":\"https:\\\/\\\/www.upjs.sk\\\/pravnicka-fakulta\\\/\",\"name\":\"Pr\u00e1vnick\u00e1 fakulta | UPJ\u0160\",\"description\":\"\",\"publisher\":{\"@id\":\"https:\\\/\\\/www.upjs.sk\\\/pravnicka-fakulta\\\/#organization\"},\"potentialAction\":[{\"@type\":\"SearchAction\",\"target\":{\"@type\":\"EntryPoint\",\"urlTemplate\":\"https:\\\/\\\/www.upjs.sk\\\/pravnicka-fakulta\\\/?s={search_term_string}\"},\"query-input\":{\"@type\":\"PropertyValueSpecification\",\"valueRequired\":true,\"valueName\":\"search_term_string\"}}],\"inLanguage\":\"sk-SK\"},{\"@type\":\"Organization\",\"@id\":\"https:\\\/\\\/www.upjs.sk\\\/pravnicka-fakulta\\\/#organization\",\"name\":\"Pr\u00e1vnick\u00e1 fakulta | UPJ\u0160\",\"url\":\"https:\\\/\\\/www.upjs.sk\\\/pravnicka-fakulta\\\/\",\"logo\":{\"@type\":\"ImageObject\",\"inLanguage\":\"sk-SK\",\"@id\":\"https:\\\/\\\/www.upjs.sk\\\/pravnicka-fakulta\\\/#\\\/schema\\\/logo\\\/image\\\/\",\"url\":\"https:\\\/\\\/www.upjs.sk\\\/app\\\/uploads\\\/sites\\\/11\\\/2022\\\/09\\\/logo-pravnicka-fakulta.png\",\"contentUrl\":\"https:\\\/\\\/www.upjs.sk\\\/app\\\/uploads\\\/sites\\\/11\\\/2022\\\/09\\\/logo-pravnicka-fakulta.png\",\"width\":415,\"height\":87,\"caption\":\"Pr\u00e1vnick\u00e1 fakulta | UPJ\u0160\"},\"image\":{\"@id\":\"https:\\\/\\\/www.upjs.sk\\\/pravnicka-fakulta\\\/#\\\/schema\\\/logo\\\/image\\\/\"}}]}<\/script>\n<!-- \/ Yoast SEO plugin. -->","yoast_head_json":{"title":"Publik\u00e1cie, zborn\u00edky a zverejnenia 2007 - Pr\u00e1vnick\u00e1 fakulta | UPJ\u0160","robots":{"index":"index","follow":"follow","max-snippet":"max-snippet:-1","max-image-preview":"max-image-preview:large","max-video-preview":"max-video-preview:-1"},"canonical":"https:\/\/www.upjs.sk\/pravnicka-fakulta\/publikacie-zborniky-zverejnenia\/publikacie-zborniky-zverejnenia-2007\/","og_locale":"sk_SK","og_type":"article","og_title":"Publik\u00e1cie, zborn\u00edky a zverejnenia 2007 - Pr\u00e1vnick\u00e1 fakulta | UPJ\u0160","og_description":"Hus\u00e1r, J. (ed.): S\u00fa\u010dasnos\u0165 a perspekt\u00edvy pr\u00e1vnej regul\u00e1cie obchodn\u00fdch zml\u00fav Zborn\u00edk pr\u00edspevkov \u00fa\u010dastn\u00edkov vedeckej konferencie konanej v d\u0148och 24.\u2013 26. okt\u00f3bra 2007 v Starej Lesnej. \u00a0 Hus\u00e1r, J. (ed.): Pr\u00e1vo a obchodovanie Zborn\u00edk pr\u00edspevkov \u00fa\u010dastn\u00edkov vedeckej konferencie doktorandov konanej 7. j\u00fana 2007 v Ko\u0161iciach Dobrovi\u010dov\u00e1, G. (ed.): Vplyv medzin\u00e1rodn\u00e9ho a eur\u00f3pskeho pr\u00e1va na pr\u00e1vny poriadok &hellip; \u010c\u00edta\u0165 \u010falej","og_url":"https:\/\/www.upjs.sk\/pravnicka-fakulta\/publikacie-zborniky-zverejnenia\/publikacie-zborniky-zverejnenia-2007\/","og_site_name":"Pr\u00e1vnick\u00e1 fakulta | UPJ\u0160","article_modified_time":"2022-10-24T16:55:03+00:00","og_image":[{"width":519,"height":743,"url":"https:\/\/www.upjs.sk\/app\/uploads\/sites\/11\/2022\/09\/zbornik_6.jpg","type":"image\/jpeg"}],"twitter_card":"summary_large_image","schema":{"@context":"https:\/\/schema.org","@graph":[{"@type":"WebPage","@id":"https:\/\/www.upjs.sk\/pravnicka-fakulta\/publikacie-zborniky-zverejnenia\/publikacie-zborniky-zverejnenia-2007\/","url":"https:\/\/www.upjs.sk\/pravnicka-fakulta\/publikacie-zborniky-zverejnenia\/publikacie-zborniky-zverejnenia-2007\/","name":"Publik\u00e1cie, zborn\u00edky a zverejnenia 2007 - Pr\u00e1vnick\u00e1 fakulta | UPJ\u0160","isPartOf":{"@id":"https:\/\/www.upjs.sk\/pravnicka-fakulta\/#website"},"primaryImageOfPage":{"@id":"https:\/\/www.upjs.sk\/pravnicka-fakulta\/publikacie-zborniky-zverejnenia\/publikacie-zborniky-zverejnenia-2007\/#primaryimage"},"image":{"@id":"https:\/\/www.upjs.sk\/pravnicka-fakulta\/publikacie-zborniky-zverejnenia\/publikacie-zborniky-zverejnenia-2007\/#primaryimage"},"thumbnailUrl":"https:\/\/www.upjs.sk\/app\/uploads\/sites\/11\/2022\/09\/zbornik_6.jpg","datePublished":"2018-02-13T09:00:20+00:00","dateModified":"2022-10-24T16:55:03+00:00","breadcrumb":{"@id":"https:\/\/www.upjs.sk\/pravnicka-fakulta\/publikacie-zborniky-zverejnenia\/publikacie-zborniky-zverejnenia-2007\/#breadcrumb"},"inLanguage":"sk-SK","potentialAction":[{"@type":"ReadAction","target":["https:\/\/www.upjs.sk\/pravnicka-fakulta\/publikacie-zborniky-zverejnenia\/publikacie-zborniky-zverejnenia-2007\/"]}]},{"@type":"ImageObject","inLanguage":"sk-SK","@id":"https:\/\/www.upjs.sk\/pravnicka-fakulta\/publikacie-zborniky-zverejnenia\/publikacie-zborniky-zverejnenia-2007\/#primaryimage","url":"https:\/\/www.upjs.sk\/app\/uploads\/sites\/11\/2022\/09\/zbornik_6.jpg","contentUrl":"https:\/\/www.upjs.sk\/app\/uploads\/sites\/11\/2022\/09\/zbornik_6.jpg","width":519,"height":743},{"@type":"BreadcrumbList","@id":"https:\/\/www.upjs.sk\/pravnicka-fakulta\/publikacie-zborniky-zverejnenia\/publikacie-zborniky-zverejnenia-2007\/#breadcrumb","itemListElement":[{"@type":"ListItem","position":1,"name":"Home","item":"https:\/\/www.upjs.sk\/pravnicka-fakulta\/"},{"@type":"ListItem","position":2,"name":"Publik\u00e1cie, zborn\u00edky a zverejnenia","item":"https:\/\/www.upjs.sk\/pravnicka-fakulta\/publikacie-zborniky-zverejnenia\/"},{"@type":"ListItem","position":3,"name":"Publik\u00e1cie, zborn\u00edky a zverejnenia 2007"}]},{"@type":"WebSite","@id":"https:\/\/www.upjs.sk\/pravnicka-fakulta\/#website","url":"https:\/\/www.upjs.sk\/pravnicka-fakulta\/","name":"Pr\u00e1vnick\u00e1 fakulta | UPJ\u0160","description":"","publisher":{"@id":"https:\/\/www.upjs.sk\/pravnicka-fakulta\/#organization"},"potentialAction":[{"@type":"SearchAction","target":{"@type":"EntryPoint","urlTemplate":"https:\/\/www.upjs.sk\/pravnicka-fakulta\/?s={search_term_string}"},"query-input":{"@type":"PropertyValueSpecification","valueRequired":true,"valueName":"search_term_string"}}],"inLanguage":"sk-SK"},{"@type":"Organization","@id":"https:\/\/www.upjs.sk\/pravnicka-fakulta\/#organization","name":"Pr\u00e1vnick\u00e1 fakulta | UPJ\u0160","url":"https:\/\/www.upjs.sk\/pravnicka-fakulta\/","logo":{"@type":"ImageObject","inLanguage":"sk-SK","@id":"https:\/\/www.upjs.sk\/pravnicka-fakulta\/#\/schema\/logo\/image\/","url":"https:\/\/www.upjs.sk\/app\/uploads\/sites\/11\/2022\/09\/logo-pravnicka-fakulta.png","contentUrl":"https:\/\/www.upjs.sk\/app\/uploads\/sites\/11\/2022\/09\/logo-pravnicka-fakulta.png","width":415,"height":87,"caption":"Pr\u00e1vnick\u00e1 fakulta | UPJ\u0160"},"image":{"@id":"https:\/\/www.upjs.sk\/pravnicka-fakulta\/#\/schema\/logo\/image\/"}}]}},"_links":{"self":[{"href":"https:\/\/www.upjs.sk\/pravnicka-fakulta\/wp-json\/wp\/v2\/pages\/13847","targetHints":{"allow":["GET"]}}],"collection":[{"href":"https:\/\/www.upjs.sk\/pravnicka-fakulta\/wp-json\/wp\/v2\/pages"}],"about":[{"href":"https:\/\/www.upjs.sk\/pravnicka-fakulta\/wp-json\/wp\/v2\/types\/page"}],"author":[{"embeddable":true,"href":"https:\/\/www.upjs.sk\/pravnicka-fakulta\/wp-json\/wp\/v2\/users\/1"}],"replies":[{"embeddable":true,"href":"https:\/\/www.upjs.sk\/pravnicka-fakulta\/wp-json\/wp\/v2\/comments?post=13847"}],"version-history":[{"count":1,"href":"https:\/\/www.upjs.sk\/pravnicka-fakulta\/wp-json\/wp\/v2\/pages\/13847\/revisions"}],"predecessor-version":[{"id":13848,"href":"https:\/\/www.upjs.sk\/pravnicka-fakulta\/wp-json\/wp\/v2\/pages\/13847\/revisions\/13848"}],"up":[{"embeddable":true,"href":"https:\/\/www.upjs.sk\/pravnicka-fakulta\/wp-json\/wp\/v2\/pages\/13153"}],"wp:featuredmedia":[{"embeddable":true,"href":"https:\/\/www.upjs.sk\/pravnicka-fakulta\/wp-json\/wp\/v2\/media\/13159"}],"wp:attachment":[{"href":"https:\/\/www.upjs.sk\/pravnicka-fakulta\/wp-json\/wp\/v2\/media?parent=13847"}],"wp:term":[{"taxonomy":"category","embeddable":true,"href":"https:\/\/www.upjs.sk\/pravnicka-fakulta\/wp-json\/wp\/v2\/categories?post=13847"},{"taxonomy":"post_tag","embeddable":true,"href":"https:\/\/www.upjs.sk\/pravnicka-fakulta\/wp-json\/wp\/v2\/tags?post=13847"}],"curies":[{"name":"wp","href":"https:\/\/api.w.org\/{rel}","templated":true}]}}