{"id":13855,"date":"2018-02-13T09:01:29","date_gmt":"2018-02-13T09:01:29","guid":{"rendered":"https:\/\/www.upjs.sk\/pravnicka-fakulta\/publikacie-zborniky-zverejnenia\/publikacie-zborniky-zverejnenia-2011\/"},"modified":"2022-10-24T16:55:03","modified_gmt":"2022-10-24T16:55:03","slug":"publikacie-zborniky-zverejnenia-2011","status":"publish","type":"page","link":"https:\/\/www.upjs.sk\/pravnicka-fakulta\/publikacie-zborniky-zverejnenia\/publikacie-zborniky-zverejnenia-2011\/","title":{"rendered":"Publik\u00e1cie, zborn\u00edky a zverejnenia 2011"},"content":{"rendered":"<p><a href=\"\/public\/media\/1084\/Zbornik_28.pdf\"><img decoding=\"async\" alt=\"\" src=\"http:\/\/www.upjs.sk\/\/app\/uploads\/sites\/11\/2022\/09\/Zbornik_28.jpg\" style=\"height:97px; width:66px\" \/><\/a><br \/>\nMarcel Dolob\u00e1\u010d, \u013dubica Gregov\u00e1 \u0160iricov\u00e1 (eds.) <a href=\"\/public\/media\/1084\/Zbornik_28.pdf\"><strong>Rezistencia vn\u00fatro\u0161t\u00e1tneho pr\u00e1va a pr\u00e1vne transplant\u00e1ty<\/strong><\/a><br \/>\nZborn\u00edk vedeck\u00fdch pr\u00e1c<\/p>\n<p><a href=\"\/public\/media\/1084\/Zbornik_27.pdf\"><img decoding=\"async\" alt=\"\" src=\"http:\/\/www.upjs.sk\/\/app\/uploads\/sites\/11\/2022\/09\/Zbornik_27.jpg\" style=\"height:97px; width:68px\" \/><\/a><br \/>\n<a href=\"\/public\/media\/1084\/Zbornik_27.pdf\"><strong>Profesijn\u00e1 zodpovednos\u0165<\/strong><\/a><br \/>\nKristi\u00e1n Csach, Tom\u00e1\u0161 Dole\u017eal, J\u00e1n Hus\u00e1r, Jozef Sucho\u017ea, \u013dubica \u0160iricov\u00e1<\/p>\n<p><a href=\"\/public\/media\/1084\/Zbornik_26.pdf\"><img decoding=\"async\" alt=\"\" src=\"http:\/\/www.upjs.sk\/\/app\/uploads\/sites\/11\/2022\/09\/Zbornik_26.jpg\" style=\"height:99px; width:68px\" \/><\/a><br \/>\n<a href=\"\/public\/media\/1084\/Zbornik_26.pdf\"><strong>Interpret\u00e1cia noriem da\u0148ov\u00e9ho pr\u00e1va org\u00e1nmi verejnej spr\u00e1vy a s\u00fadnej moci<\/strong><\/a><br \/>\nMiroslav \u0160trkolec a kolekt\u00edv<\/p>\n<p><a href=\"\/public\/media\/1084\/Zbornik_23.pdf\"><img decoding=\"async\" alt=\"\" src=\"http:\/\/www.upjs.sk\/\/app\/uploads\/sites\/11\/2022\/09\/Zbornik_23.jpg\" style=\"height:98px; width:69px\" \/><\/a><br \/>\n<a href=\"\/public\/media\/1084\/Zbornik_23.pdf\"><strong>Pr\u00e1vo \u2013 obchod &#8211; ekonomika<\/strong><\/a><br \/>\nZborn\u00edk vedeck\u00fdch pr\u00e1c<\/p>\n<p><a href=\"\/public\/media\/1084\/Zbornik_20.pdf\"><img decoding=\"async\" alt=\"\" src=\"http:\/\/www.upjs.sk\/\/app\/uploads\/sites\/11\/2022\/09\/Zbornik_20.jpg\" style=\"height:98px; width:68px\" \/><\/a><br \/>\n<strong><a href=\"\/public\/media\/1084\/Zbornik_20.pdf\">Ochrana \u017eivotn\u00e9ho prostredia v podmienkach \u00fazemnej samospr\u00e1vy<\/a><\/strong><br \/>\nZborn\u00edk pr\u00edspevkov z vedeckej konferencie<\/p>\n<p><a href=\"\/public\/media\/1084\/Zbornik_19.pdf\"><img decoding=\"async\" alt=\"Zbornik_19.jpg\" src=\"http:\/\/www.upjs.sk\/\/app\/uploads\/sites\/11\/2022\/09\/Zbornik_19.jpg\" style=\"height:98px; width:69px\" \/><\/a><br \/>\n\u0160iricov\u00e1, \u013d. (ed.): <strong><a href=\"\/public\/media\/1084\/Zbornik_19.pdf\">Medzin\u00e1rodn\u00e9 pr\u00e1vo \u017eivotn\u00e9ho prostredia<\/a><\/strong><br \/>\nZborn\u00edk pr\u00edspevkov zo \u0161tudentsk\u00e9ho symp\u00f3zia konan\u00e9ho d\u0148a 20. apr\u00edla 2011 na Pr\u00e1vnickej fakulte UPJ\u0160 v Ko\u0161iciach.<\/p>\n<p><a href=\"\/public\/media\/1084\/Zbornik_18.pdf\"><img decoding=\"async\" alt=\"Zbornik_18.jpg\" src=\"http:\/\/www.upjs.sk\/\/app\/uploads\/sites\/11\/2022\/09\/Zbornik_18.jpg\" style=\"height:98px; width:69px\" \/><\/a><br \/>\nCsach, K., \u0160iricov\u00e1, \u013d.: <a href=\"\/public\/media\/1084\/Zbornik_18.pdf\"><strong>\u00davod do \u0161t\u00fadia medzin\u00e1rodn\u00e9ho pr\u00e1va s\u00fakromn\u00e9ho a procesn\u00e9ho.<\/strong><\/a><\/p>\n","protected":false},"excerpt":{"rendered":"<p>Marcel Dolob\u00e1\u010d, \u013dubica Gregov\u00e1 \u0160iricov\u00e1 (eds.) Rezistencia vn\u00fatro\u0161t\u00e1tneho pr\u00e1va a pr\u00e1vne transplant\u00e1ty Zborn\u00edk vedeck\u00fdch pr\u00e1c Profesijn\u00e1 zodpovednos\u0165 Kristi\u00e1n Csach, Tom\u00e1\u0161 Dole\u017eal, J\u00e1n Hus\u00e1r, Jozef Sucho\u017ea, \u013dubica \u0160iricov\u00e1 Interpret\u00e1cia noriem da\u0148ov\u00e9ho pr\u00e1va org\u00e1nmi verejnej spr\u00e1vy a s\u00fadnej moci Miroslav \u0160trkolec a kolekt\u00edv Pr\u00e1vo \u2013 obchod &#8211; ekonomika Zborn\u00edk vedeck\u00fdch pr\u00e1c Ochrana \u017eivotn\u00e9ho prostredia v podmienkach \u00fazemnej &hellip; <a href=\"https:\/\/www.upjs.sk\/pravnicka-fakulta\/publikacie-zborniky-zverejnenia\/publikacie-zborniky-zverejnenia-2011\/\">\u010c\u00edta\u0165 \u010falej<\/a><\/p>\n","protected":false},"author":1,"featured_media":13182,"parent":13153,"menu_order":12,"comment_status":"closed","ping_status":"closed","template":"","meta":{"_acf_changed":false,"_editorskit_title_hidden":false,"_editorskit_reading_time":0,"_editorskit_is_block_options_detached":false,"_editorskit_block_options_position":"{}","footnotes":""},"categories":[],"tags":[],"class_list":["post-13855","page","type-page","status-publish","has-post-thumbnail","hentry"],"acf":{"acf_link_na_externy_obsah":""},"yoast_head":"<!-- This site is optimized with the Yoast SEO plugin v27.5 - https:\/\/yoast.com\/product\/yoast-seo-wordpress\/ -->\n<title>Publik\u00e1cie, zborn\u00edky a zverejnenia 2011 - Pr\u00e1vnick\u00e1 fakulta | UPJ\u0160<\/title>\n<meta name=\"robots\" content=\"index, follow, max-snippet:-1, max-image-preview:large, max-video-preview:-1\" \/>\n<link rel=\"canonical\" href=\"https:\/\/www.upjs.sk\/pravnicka-fakulta\/publikacie-zborniky-zverejnenia\/publikacie-zborniky-zverejnenia-2011\/\" \/>\n<meta property=\"og:locale\" content=\"sk_SK\" \/>\n<meta property=\"og:type\" content=\"article\" \/>\n<meta property=\"og:title\" content=\"Publik\u00e1cie, zborn\u00edky a zverejnenia 2011 - Pr\u00e1vnick\u00e1 fakulta | UPJ\u0160\" \/>\n<meta property=\"og:description\" content=\"Marcel Dolob\u00e1\u010d, \u013dubica Gregov\u00e1 \u0160iricov\u00e1 (eds.) Rezistencia vn\u00fatro\u0161t\u00e1tneho pr\u00e1va a pr\u00e1vne transplant\u00e1ty Zborn\u00edk vedeck\u00fdch pr\u00e1c Profesijn\u00e1 zodpovednos\u0165 Kristi\u00e1n Csach, Tom\u00e1\u0161 Dole\u017eal, J\u00e1n Hus\u00e1r, Jozef Sucho\u017ea, \u013dubica \u0160iricov\u00e1 Interpret\u00e1cia noriem da\u0148ov\u00e9ho pr\u00e1va org\u00e1nmi verejnej spr\u00e1vy a s\u00fadnej moci Miroslav \u0160trkolec a kolekt\u00edv Pr\u00e1vo \u2013 obchod &#8211; ekonomika Zborn\u00edk vedeck\u00fdch pr\u00e1c Ochrana \u017eivotn\u00e9ho prostredia v podmienkach \u00fazemnej &hellip; \u010c\u00edta\u0165 \u010falej\" \/>\n<meta property=\"og:url\" content=\"https:\/\/www.upjs.sk\/pravnicka-fakulta\/publikacie-zborniky-zverejnenia\/publikacie-zborniky-zverejnenia-2011\/\" \/>\n<meta property=\"og:site_name\" content=\"Pr\u00e1vnick\u00e1 fakulta | UPJ\u0160\" \/>\n<meta property=\"article:modified_time\" content=\"2022-10-24T16:55:03+00:00\" \/>\n<meta property=\"og:image\" content=\"https:\/\/www.upjs.sk\/app\/uploads\/sites\/11\/2022\/09\/Zbornik_28.jpg\" \/>\n\t<meta property=\"og:image:width\" content=\"66\" \/>\n\t<meta property=\"og:image:height\" content=\"97\" \/>\n\t<meta property=\"og:image:type\" content=\"image\/jpeg\" \/>\n<meta name=\"twitter:card\" content=\"summary_large_image\" \/>\n<meta name=\"twitter:label1\" content=\"Predpokladan\u00fd \u010das \u010d\u00edtania\" \/>\n\t<meta name=\"twitter:data1\" content=\"1 min\u00fata\" \/>\n<script type=\"application\/ld+json\" class=\"yoast-schema-graph\">{\"@context\":\"https:\\\/\\\/schema.org\",\"@graph\":[{\"@type\":\"WebPage\",\"@id\":\"https:\\\/\\\/www.upjs.sk\\\/pravnicka-fakulta\\\/publikacie-zborniky-zverejnenia\\\/publikacie-zborniky-zverejnenia-2011\\\/\",\"url\":\"https:\\\/\\\/www.upjs.sk\\\/pravnicka-fakulta\\\/publikacie-zborniky-zverejnenia\\\/publikacie-zborniky-zverejnenia-2011\\\/\",\"name\":\"Publik\u00e1cie, zborn\u00edky a zverejnenia 2011 - Pr\u00e1vnick\u00e1 fakulta | UPJ\u0160\",\"isPartOf\":{\"@id\":\"https:\\\/\\\/www.upjs.sk\\\/pravnicka-fakulta\\\/#website\"},\"primaryImageOfPage\":{\"@id\":\"https:\\\/\\\/www.upjs.sk\\\/pravnicka-fakulta\\\/publikacie-zborniky-zverejnenia\\\/publikacie-zborniky-zverejnenia-2011\\\/#primaryimage\"},\"image\":{\"@id\":\"https:\\\/\\\/www.upjs.sk\\\/pravnicka-fakulta\\\/publikacie-zborniky-zverejnenia\\\/publikacie-zborniky-zverejnenia-2011\\\/#primaryimage\"},\"thumbnailUrl\":\"https:\\\/\\\/www.upjs.sk\\\/app\\\/uploads\\\/sites\\\/11\\\/2022\\\/09\\\/Zbornik_28.jpg\",\"datePublished\":\"2018-02-13T09:01:29+00:00\",\"dateModified\":\"2022-10-24T16:55:03+00:00\",\"breadcrumb\":{\"@id\":\"https:\\\/\\\/www.upjs.sk\\\/pravnicka-fakulta\\\/publikacie-zborniky-zverejnenia\\\/publikacie-zborniky-zverejnenia-2011\\\/#breadcrumb\"},\"inLanguage\":\"sk-SK\",\"potentialAction\":[{\"@type\":\"ReadAction\",\"target\":[\"https:\\\/\\\/www.upjs.sk\\\/pravnicka-fakulta\\\/publikacie-zborniky-zverejnenia\\\/publikacie-zborniky-zverejnenia-2011\\\/\"]}]},{\"@type\":\"ImageObject\",\"inLanguage\":\"sk-SK\",\"@id\":\"https:\\\/\\\/www.upjs.sk\\\/pravnicka-fakulta\\\/publikacie-zborniky-zverejnenia\\\/publikacie-zborniky-zverejnenia-2011\\\/#primaryimage\",\"url\":\"https:\\\/\\\/www.upjs.sk\\\/app\\\/uploads\\\/sites\\\/11\\\/2022\\\/09\\\/Zbornik_28.jpg\",\"contentUrl\":\"https:\\\/\\\/www.upjs.sk\\\/app\\\/uploads\\\/sites\\\/11\\\/2022\\\/09\\\/Zbornik_28.jpg\",\"width\":66,\"height\":97},{\"@type\":\"BreadcrumbList\",\"@id\":\"https:\\\/\\\/www.upjs.sk\\\/pravnicka-fakulta\\\/publikacie-zborniky-zverejnenia\\\/publikacie-zborniky-zverejnenia-2011\\\/#breadcrumb\",\"itemListElement\":[{\"@type\":\"ListItem\",\"position\":1,\"name\":\"Home\",\"item\":\"https:\\\/\\\/www.upjs.sk\\\/pravnicka-fakulta\\\/\"},{\"@type\":\"ListItem\",\"position\":2,\"name\":\"Publik\u00e1cie, zborn\u00edky a zverejnenia\",\"item\":\"https:\\\/\\\/www.upjs.sk\\\/pravnicka-fakulta\\\/publikacie-zborniky-zverejnenia\\\/\"},{\"@type\":\"ListItem\",\"position\":3,\"name\":\"Publik\u00e1cie, zborn\u00edky a zverejnenia 2011\"}]},{\"@type\":\"WebSite\",\"@id\":\"https:\\\/\\\/www.upjs.sk\\\/pravnicka-fakulta\\\/#website\",\"url\":\"https:\\\/\\\/www.upjs.sk\\\/pravnicka-fakulta\\\/\",\"name\":\"Pr\u00e1vnick\u00e1 fakulta | UPJ\u0160\",\"description\":\"\",\"publisher\":{\"@id\":\"https:\\\/\\\/www.upjs.sk\\\/pravnicka-fakulta\\\/#organization\"},\"potentialAction\":[{\"@type\":\"SearchAction\",\"target\":{\"@type\":\"EntryPoint\",\"urlTemplate\":\"https:\\\/\\\/www.upjs.sk\\\/pravnicka-fakulta\\\/?s={search_term_string}\"},\"query-input\":{\"@type\":\"PropertyValueSpecification\",\"valueRequired\":true,\"valueName\":\"search_term_string\"}}],\"inLanguage\":\"sk-SK\"},{\"@type\":\"Organization\",\"@id\":\"https:\\\/\\\/www.upjs.sk\\\/pravnicka-fakulta\\\/#organization\",\"name\":\"Pr\u00e1vnick\u00e1 fakulta | UPJ\u0160\",\"url\":\"https:\\\/\\\/www.upjs.sk\\\/pravnicka-fakulta\\\/\",\"logo\":{\"@type\":\"ImageObject\",\"inLanguage\":\"sk-SK\",\"@id\":\"https:\\\/\\\/www.upjs.sk\\\/pravnicka-fakulta\\\/#\\\/schema\\\/logo\\\/image\\\/\",\"url\":\"https:\\\/\\\/www.upjs.sk\\\/app\\\/uploads\\\/sites\\\/11\\\/2022\\\/09\\\/logo-pravnicka-fakulta.png\",\"contentUrl\":\"https:\\\/\\\/www.upjs.sk\\\/app\\\/uploads\\\/sites\\\/11\\\/2022\\\/09\\\/logo-pravnicka-fakulta.png\",\"width\":415,\"height\":87,\"caption\":\"Pr\u00e1vnick\u00e1 fakulta | UPJ\u0160\"},\"image\":{\"@id\":\"https:\\\/\\\/www.upjs.sk\\\/pravnicka-fakulta\\\/#\\\/schema\\\/logo\\\/image\\\/\"}}]}<\/script>\n<!-- \/ Yoast SEO plugin. -->","yoast_head_json":{"title":"Publik\u00e1cie, zborn\u00edky a zverejnenia 2011 - Pr\u00e1vnick\u00e1 fakulta | UPJ\u0160","robots":{"index":"index","follow":"follow","max-snippet":"max-snippet:-1","max-image-preview":"max-image-preview:large","max-video-preview":"max-video-preview:-1"},"canonical":"https:\/\/www.upjs.sk\/pravnicka-fakulta\/publikacie-zborniky-zverejnenia\/publikacie-zborniky-zverejnenia-2011\/","og_locale":"sk_SK","og_type":"article","og_title":"Publik\u00e1cie, zborn\u00edky a zverejnenia 2011 - Pr\u00e1vnick\u00e1 fakulta | UPJ\u0160","og_description":"Marcel Dolob\u00e1\u010d, \u013dubica Gregov\u00e1 \u0160iricov\u00e1 (eds.) Rezistencia vn\u00fatro\u0161t\u00e1tneho pr\u00e1va a pr\u00e1vne transplant\u00e1ty Zborn\u00edk vedeck\u00fdch pr\u00e1c Profesijn\u00e1 zodpovednos\u0165 Kristi\u00e1n Csach, Tom\u00e1\u0161 Dole\u017eal, J\u00e1n Hus\u00e1r, Jozef Sucho\u017ea, \u013dubica \u0160iricov\u00e1 Interpret\u00e1cia noriem da\u0148ov\u00e9ho pr\u00e1va org\u00e1nmi verejnej spr\u00e1vy a s\u00fadnej moci Miroslav \u0160trkolec a kolekt\u00edv Pr\u00e1vo \u2013 obchod &#8211; ekonomika Zborn\u00edk vedeck\u00fdch pr\u00e1c Ochrana \u017eivotn\u00e9ho prostredia v podmienkach \u00fazemnej &hellip; \u010c\u00edta\u0165 \u010falej","og_url":"https:\/\/www.upjs.sk\/pravnicka-fakulta\/publikacie-zborniky-zverejnenia\/publikacie-zborniky-zverejnenia-2011\/","og_site_name":"Pr\u00e1vnick\u00e1 fakulta | UPJ\u0160","article_modified_time":"2022-10-24T16:55:03+00:00","og_image":[{"width":66,"height":97,"url":"https:\/\/www.upjs.sk\/app\/uploads\/sites\/11\/2022\/09\/Zbornik_28.jpg","type":"image\/jpeg"}],"twitter_card":"summary_large_image","twitter_misc":{"Predpokladan\u00fd \u010das \u010d\u00edtania":"1 min\u00fata"},"schema":{"@context":"https:\/\/schema.org","@graph":[{"@type":"WebPage","@id":"https:\/\/www.upjs.sk\/pravnicka-fakulta\/publikacie-zborniky-zverejnenia\/publikacie-zborniky-zverejnenia-2011\/","url":"https:\/\/www.upjs.sk\/pravnicka-fakulta\/publikacie-zborniky-zverejnenia\/publikacie-zborniky-zverejnenia-2011\/","name":"Publik\u00e1cie, zborn\u00edky a zverejnenia 2011 - Pr\u00e1vnick\u00e1 fakulta | UPJ\u0160","isPartOf":{"@id":"https:\/\/www.upjs.sk\/pravnicka-fakulta\/#website"},"primaryImageOfPage":{"@id":"https:\/\/www.upjs.sk\/pravnicka-fakulta\/publikacie-zborniky-zverejnenia\/publikacie-zborniky-zverejnenia-2011\/#primaryimage"},"image":{"@id":"https:\/\/www.upjs.sk\/pravnicka-fakulta\/publikacie-zborniky-zverejnenia\/publikacie-zborniky-zverejnenia-2011\/#primaryimage"},"thumbnailUrl":"https:\/\/www.upjs.sk\/app\/uploads\/sites\/11\/2022\/09\/Zbornik_28.jpg","datePublished":"2018-02-13T09:01:29+00:00","dateModified":"2022-10-24T16:55:03+00:00","breadcrumb":{"@id":"https:\/\/www.upjs.sk\/pravnicka-fakulta\/publikacie-zborniky-zverejnenia\/publikacie-zborniky-zverejnenia-2011\/#breadcrumb"},"inLanguage":"sk-SK","potentialAction":[{"@type":"ReadAction","target":["https:\/\/www.upjs.sk\/pravnicka-fakulta\/publikacie-zborniky-zverejnenia\/publikacie-zborniky-zverejnenia-2011\/"]}]},{"@type":"ImageObject","inLanguage":"sk-SK","@id":"https:\/\/www.upjs.sk\/pravnicka-fakulta\/publikacie-zborniky-zverejnenia\/publikacie-zborniky-zverejnenia-2011\/#primaryimage","url":"https:\/\/www.upjs.sk\/app\/uploads\/sites\/11\/2022\/09\/Zbornik_28.jpg","contentUrl":"https:\/\/www.upjs.sk\/app\/uploads\/sites\/11\/2022\/09\/Zbornik_28.jpg","width":66,"height":97},{"@type":"BreadcrumbList","@id":"https:\/\/www.upjs.sk\/pravnicka-fakulta\/publikacie-zborniky-zverejnenia\/publikacie-zborniky-zverejnenia-2011\/#breadcrumb","itemListElement":[{"@type":"ListItem","position":1,"name":"Home","item":"https:\/\/www.upjs.sk\/pravnicka-fakulta\/"},{"@type":"ListItem","position":2,"name":"Publik\u00e1cie, zborn\u00edky a zverejnenia","item":"https:\/\/www.upjs.sk\/pravnicka-fakulta\/publikacie-zborniky-zverejnenia\/"},{"@type":"ListItem","position":3,"name":"Publik\u00e1cie, zborn\u00edky a zverejnenia 2011"}]},{"@type":"WebSite","@id":"https:\/\/www.upjs.sk\/pravnicka-fakulta\/#website","url":"https:\/\/www.upjs.sk\/pravnicka-fakulta\/","name":"Pr\u00e1vnick\u00e1 fakulta | UPJ\u0160","description":"","publisher":{"@id":"https:\/\/www.upjs.sk\/pravnicka-fakulta\/#organization"},"potentialAction":[{"@type":"SearchAction","target":{"@type":"EntryPoint","urlTemplate":"https:\/\/www.upjs.sk\/pravnicka-fakulta\/?s={search_term_string}"},"query-input":{"@type":"PropertyValueSpecification","valueRequired":true,"valueName":"search_term_string"}}],"inLanguage":"sk-SK"},{"@type":"Organization","@id":"https:\/\/www.upjs.sk\/pravnicka-fakulta\/#organization","name":"Pr\u00e1vnick\u00e1 fakulta | UPJ\u0160","url":"https:\/\/www.upjs.sk\/pravnicka-fakulta\/","logo":{"@type":"ImageObject","inLanguage":"sk-SK","@id":"https:\/\/www.upjs.sk\/pravnicka-fakulta\/#\/schema\/logo\/image\/","url":"https:\/\/www.upjs.sk\/app\/uploads\/sites\/11\/2022\/09\/logo-pravnicka-fakulta.png","contentUrl":"https:\/\/www.upjs.sk\/app\/uploads\/sites\/11\/2022\/09\/logo-pravnicka-fakulta.png","width":415,"height":87,"caption":"Pr\u00e1vnick\u00e1 fakulta | UPJ\u0160"},"image":{"@id":"https:\/\/www.upjs.sk\/pravnicka-fakulta\/#\/schema\/logo\/image\/"}}]}},"_links":{"self":[{"href":"https:\/\/www.upjs.sk\/pravnicka-fakulta\/wp-json\/wp\/v2\/pages\/13855","targetHints":{"allow":["GET"]}}],"collection":[{"href":"https:\/\/www.upjs.sk\/pravnicka-fakulta\/wp-json\/wp\/v2\/pages"}],"about":[{"href":"https:\/\/www.upjs.sk\/pravnicka-fakulta\/wp-json\/wp\/v2\/types\/page"}],"author":[{"embeddable":true,"href":"https:\/\/www.upjs.sk\/pravnicka-fakulta\/wp-json\/wp\/v2\/users\/1"}],"replies":[{"embeddable":true,"href":"https:\/\/www.upjs.sk\/pravnicka-fakulta\/wp-json\/wp\/v2\/comments?post=13855"}],"version-history":[{"count":1,"href":"https:\/\/www.upjs.sk\/pravnicka-fakulta\/wp-json\/wp\/v2\/pages\/13855\/revisions"}],"predecessor-version":[{"id":13856,"href":"https:\/\/www.upjs.sk\/pravnicka-fakulta\/wp-json\/wp\/v2\/pages\/13855\/revisions\/13856"}],"up":[{"embeddable":true,"href":"https:\/\/www.upjs.sk\/pravnicka-fakulta\/wp-json\/wp\/v2\/pages\/13153"}],"wp:featuredmedia":[{"embeddable":true,"href":"https:\/\/www.upjs.sk\/pravnicka-fakulta\/wp-json\/wp\/v2\/media\/13182"}],"wp:attachment":[{"href":"https:\/\/www.upjs.sk\/pravnicka-fakulta\/wp-json\/wp\/v2\/media?parent=13855"}],"wp:term":[{"taxonomy":"category","embeddable":true,"href":"https:\/\/www.upjs.sk\/pravnicka-fakulta\/wp-json\/wp\/v2\/categories?post=13855"},{"taxonomy":"post_tag","embeddable":true,"href":"https:\/\/www.upjs.sk\/pravnicka-fakulta\/wp-json\/wp\/v2\/tags?post=13855"}],"curies":[{"name":"wp","href":"https:\/\/api.w.org\/{rel}","templated":true}]}}