{"id":13859,"date":"2018-02-13T10:20:23","date_gmt":"2018-02-13T10:20:23","guid":{"rendered":"https:\/\/www.upjs.sk\/pravnicka-fakulta\/publikacie-zborniky-zverejnenia\/publikacie-zborniky-zverejnenia-2013\/"},"modified":"2022-10-24T16:55:04","modified_gmt":"2022-10-24T16:55:04","slug":"publikacie-zborniky-zverejnenia-2013","status":"publish","type":"page","link":"https:\/\/www.upjs.sk\/pravnicka-fakulta\/publikacie-zborniky-zverejnenia\/publikacie-zborniky-zverejnenia-2013\/","title":{"rendered":"Publik\u00e1cie, zborn\u00edky a zverejnenia 2013"},"content":{"rendered":"<p>Voj\u010d\u00edk, P., Hus\u00e1r, J. (eds): <a href=\"\/public\/media\/17619\/Zbornik_Posobenie-prava-v-21-storoci.pdf\"><strong>P\u00f4sobenie pr\u00e1va v 21. storo\u010d\u00ed<\/strong>, <strong>S\u00fakromn\u00e9 pr\u00e1vo v s\u00fa\u010dasnosti a perspekt\u00edve<\/strong><\/a><br \/>\nZborn\u00edk vedeck\u00fdch pr\u00e1c<\/p>\n<p><a href=\"\/public\/media\/1084\/Zbornik_37.pdf\"><img decoding=\"async\" alt=\"\" src=\"http:\/\/www.upjs.sk\/\/app\/uploads\/sites\/11\/2022\/09\/Zbornik_37.jpg\" style=\"height:95px; width:66px\" \/><\/a><br \/>\nAdam Giertl (ed.): <strong><a href=\"\/public\/media\/1084\/Zbornik_37.pdf\">Regionalizmus Stav-V\u00fdchodisk\u00e1-Perspekt\u00edvy<\/a><\/strong><br \/>\nZborn\u00edk vedeck\u00fdch pr\u00e1c; Zborn\u00edk vznikol v r\u00e1mci rie\u0161enia projektu APVV-0823-11 s n\u00e1zvom &#8222;Regionalizmus a jeho pr\u00ednos pre v\u0161eobecn\u00e9 medzin\u00e1rodn\u00e9 pr\u00e1vo&#8220;.<\/p>\n<p style=\"text-align: justify;\"><a href=\"\/public\/media\/1084\/Zbornik_36.pdf\"><img decoding=\"async\" alt=\"\" src=\"http:\/\/www.upjs.sk\/\/app\/uploads\/sites\/11\/2022\/09\/Zbornik_36.jpg\" style=\"height:89px; width:62px\" \/><\/a><br \/>\nMilena Barinkov\u00e1 (ed.): <strong><a href=\"\/public\/media\/1084\/Zbornik_36.pdf\">Tvorba a realiz\u00e1cia pracovn\u00e9ho pr\u00e1va so zrete\u013eom na region\u00e1lne aspekty trhu pr\u00e1ce<\/a><\/strong><br \/>\nZborn\u00edk vedeck\u00fdch pr\u00e1c bol zostaven\u00fd v r\u00e1mci rie\u0161enia grantov\u00e9ho projektu VEGA \u010d. 1\/0851\/12: \u201eTvorba a realiz\u00e1cia pracovn\u00e9ho pr\u00e1va so zrete\u013eom na region\u00e1lne aspekty trhu pr\u00e1ce.&#8220;<\/p>\n<p><a href=\"\/public\/media\/1084\/Zbornik_35.pdf\"><img decoding=\"async\" alt=\"\" src=\"http:\/\/www.upjs.sk\/\/app\/uploads\/sites\/11\/2022\/09\/Zbornik_35.jpg\" style=\"height:89px; width:63px\" \/><\/a><br \/>\nAdam Giertl a \u013dubica Gregov\u00e1 \u0160iricov\u00e1 (eds.): <strong><a href=\"\/public\/media\/1084\/Zbornik_35.pdf\">Informa\u010dn\u00e1 spolo\u010dnos\u0165 a medzin\u00e1rodn\u00e9 pr\u00e1vo<\/a><\/strong>.<br \/>\nZborn\u00edk pr\u00edspevkov zo VI. \u0161tudentsk\u00e9ho symp\u00f3zia konan\u00e9ho v d\u0148och 21. &#8211; 22. apr\u00edla 2013 v u\u010debno-v\u00fdcvikovom zariaden\u00ed UPJ\u0160 v Dani\u0161ovciach<\/p>\n<p><a href=\"\/public\/media\/1084\/Zbornik_34.pdf\"><img decoding=\"async\" alt=\"\" src=\"http:\/\/www.upjs.sk\/\/app\/uploads\/sites\/11\/2022\/09\/Zbornik_34.jpg\" style=\"height:89px; width:63px\" \/><\/a><br \/>\nPo\u0161iv\u00e1kov\u00e1, \u013d., Anto\u0161ov\u00e1, Z., Ko\u010dan, M. (eds.): <strong><a href=\"\/public\/media\/1084\/Zbornik_34.pdf\">Oslava pr\u00e1vneho \u0161t\u00e1tu (Pr\u00e1vny \u0161t\u00e1t z poh\u013eadu te\u00f3rie \u0161t\u00e1tu a pr\u00e1va a medzin\u00e1rodn\u00e9ho pr\u00e1va)<\/a><\/strong><\/p>\n<p><a href=\"\/public\/media\/1084\/Zbornik_32.pdf\"><img decoding=\"async\" alt=\"\" src=\"http:\/\/www.upjs.sk\/\/app\/uploads\/sites\/11\/2022\/09\/Zbornik_32.jpg\" style=\"height:91px; width:64px\" \/><\/a><br \/>\nPo\u0161iv\u00e1kov\u00e1, \u013d., Giertl, A. (eds): <a href=\"\/public\/media\/1084\/Zbornik_32.pdf\"><strong>Medzin\u00e1rodn\u00e9 pr\u00e1vo verejn\u00e9 &#8211; Materi\u00e1ly k \u0161t\u00fadiu<\/strong><\/a><\/p>\n","protected":false},"excerpt":{"rendered":"<p>Voj\u010d\u00edk, P., Hus\u00e1r, J. (eds): P\u00f4sobenie pr\u00e1va v 21. storo\u010d\u00ed, S\u00fakromn\u00e9 pr\u00e1vo v s\u00fa\u010dasnosti a perspekt\u00edve Zborn\u00edk vedeck\u00fdch pr\u00e1c Adam Giertl (ed.): Regionalizmus Stav-V\u00fdchodisk\u00e1-Perspekt\u00edvy Zborn\u00edk vedeck\u00fdch pr\u00e1c; Zborn\u00edk vznikol v r\u00e1mci rie\u0161enia projektu APVV-0823-11 s n\u00e1zvom &#8222;Regionalizmus a jeho pr\u00ednos pre v\u0161eobecn\u00e9 medzin\u00e1rodn\u00e9 pr\u00e1vo&#8220;. Milena Barinkov\u00e1 (ed.): Tvorba a realiz\u00e1cia pracovn\u00e9ho pr\u00e1va so zrete\u013eom na &hellip; <a href=\"https:\/\/www.upjs.sk\/pravnicka-fakulta\/publikacie-zborniky-zverejnenia\/publikacie-zborniky-zverejnenia-2013\/\">\u010c\u00edta\u0165 \u010falej<\/a><\/p>\n","protected":false},"author":1,"featured_media":13191,"parent":13153,"menu_order":10,"comment_status":"closed","ping_status":"closed","template":"","meta":{"_acf_changed":false,"_editorskit_title_hidden":false,"_editorskit_reading_time":0,"_editorskit_is_block_options_detached":false,"_editorskit_block_options_position":"{}","footnotes":""},"categories":[],"tags":[],"class_list":["post-13859","page","type-page","status-publish","has-post-thumbnail","hentry"],"acf":{"acf_link_na_externy_obsah":""},"yoast_head":"<!-- This site is optimized with the Yoast SEO plugin v27.4 - https:\/\/yoast.com\/product\/yoast-seo-wordpress\/ -->\n<title>Publik\u00e1cie, zborn\u00edky a zverejnenia 2013 - Pr\u00e1vnick\u00e1 fakulta | UPJ\u0160<\/title>\n<meta name=\"robots\" content=\"index, follow, max-snippet:-1, max-image-preview:large, max-video-preview:-1\" \/>\n<link rel=\"canonical\" href=\"https:\/\/www.upjs.sk\/pravnicka-fakulta\/publikacie-zborniky-zverejnenia\/publikacie-zborniky-zverejnenia-2013\/\" \/>\n<meta property=\"og:locale\" content=\"sk_SK\" \/>\n<meta property=\"og:type\" content=\"article\" \/>\n<meta property=\"og:title\" content=\"Publik\u00e1cie, zborn\u00edky a zverejnenia 2013 - Pr\u00e1vnick\u00e1 fakulta | UPJ\u0160\" \/>\n<meta property=\"og:description\" content=\"Voj\u010d\u00edk, P., Hus\u00e1r, J. (eds): P\u00f4sobenie pr\u00e1va v 21. storo\u010d\u00ed, S\u00fakromn\u00e9 pr\u00e1vo v s\u00fa\u010dasnosti a perspekt\u00edve Zborn\u00edk vedeck\u00fdch pr\u00e1c Adam Giertl (ed.): Regionalizmus Stav-V\u00fdchodisk\u00e1-Perspekt\u00edvy Zborn\u00edk vedeck\u00fdch pr\u00e1c; Zborn\u00edk vznikol v r\u00e1mci rie\u0161enia projektu APVV-0823-11 s n\u00e1zvom &#8222;Regionalizmus a jeho pr\u00ednos pre v\u0161eobecn\u00e9 medzin\u00e1rodn\u00e9 pr\u00e1vo&#8220;. Milena Barinkov\u00e1 (ed.): Tvorba a realiz\u00e1cia pracovn\u00e9ho pr\u00e1va so zrete\u013eom na &hellip; \u010c\u00edta\u0165 \u010falej\" \/>\n<meta property=\"og:url\" content=\"https:\/\/www.upjs.sk\/pravnicka-fakulta\/publikacie-zborniky-zverejnenia\/publikacie-zborniky-zverejnenia-2013\/\" \/>\n<meta property=\"og:site_name\" content=\"Pr\u00e1vnick\u00e1 fakulta | UPJ\u0160\" \/>\n<meta property=\"article:modified_time\" content=\"2022-10-24T16:55:04+00:00\" \/>\n<meta property=\"og:image\" content=\"https:\/\/www.upjs.sk\/app\/uploads\/sites\/11\/2022\/09\/Zbornik_37.jpg\" \/>\n\t<meta property=\"og:image:width\" content=\"66\" \/>\n\t<meta property=\"og:image:height\" content=\"95\" \/>\n\t<meta property=\"og:image:type\" content=\"image\/jpeg\" \/>\n<meta name=\"twitter:card\" content=\"summary_large_image\" \/>\n<meta name=\"twitter:label1\" content=\"Predpokladan\u00fd \u010das \u010d\u00edtania\" \/>\n\t<meta name=\"twitter:data1\" content=\"1 min\u00fata\" \/>\n<script type=\"application\/ld+json\" class=\"yoast-schema-graph\">{\"@context\":\"https:\\\/\\\/schema.org\",\"@graph\":[{\"@type\":\"WebPage\",\"@id\":\"https:\\\/\\\/www.upjs.sk\\\/pravnicka-fakulta\\\/publikacie-zborniky-zverejnenia\\\/publikacie-zborniky-zverejnenia-2013\\\/\",\"url\":\"https:\\\/\\\/www.upjs.sk\\\/pravnicka-fakulta\\\/publikacie-zborniky-zverejnenia\\\/publikacie-zborniky-zverejnenia-2013\\\/\",\"name\":\"Publik\u00e1cie, zborn\u00edky a zverejnenia 2013 - Pr\u00e1vnick\u00e1 fakulta | UPJ\u0160\",\"isPartOf\":{\"@id\":\"https:\\\/\\\/www.upjs.sk\\\/pravnicka-fakulta\\\/#website\"},\"primaryImageOfPage\":{\"@id\":\"https:\\\/\\\/www.upjs.sk\\\/pravnicka-fakulta\\\/publikacie-zborniky-zverejnenia\\\/publikacie-zborniky-zverejnenia-2013\\\/#primaryimage\"},\"image\":{\"@id\":\"https:\\\/\\\/www.upjs.sk\\\/pravnicka-fakulta\\\/publikacie-zborniky-zverejnenia\\\/publikacie-zborniky-zverejnenia-2013\\\/#primaryimage\"},\"thumbnailUrl\":\"https:\\\/\\\/www.upjs.sk\\\/app\\\/uploads\\\/sites\\\/11\\\/2022\\\/09\\\/Zbornik_37.jpg\",\"datePublished\":\"2018-02-13T10:20:23+00:00\",\"dateModified\":\"2022-10-24T16:55:04+00:00\",\"breadcrumb\":{\"@id\":\"https:\\\/\\\/www.upjs.sk\\\/pravnicka-fakulta\\\/publikacie-zborniky-zverejnenia\\\/publikacie-zborniky-zverejnenia-2013\\\/#breadcrumb\"},\"inLanguage\":\"sk-SK\",\"potentialAction\":[{\"@type\":\"ReadAction\",\"target\":[\"https:\\\/\\\/www.upjs.sk\\\/pravnicka-fakulta\\\/publikacie-zborniky-zverejnenia\\\/publikacie-zborniky-zverejnenia-2013\\\/\"]}]},{\"@type\":\"ImageObject\",\"inLanguage\":\"sk-SK\",\"@id\":\"https:\\\/\\\/www.upjs.sk\\\/pravnicka-fakulta\\\/publikacie-zborniky-zverejnenia\\\/publikacie-zborniky-zverejnenia-2013\\\/#primaryimage\",\"url\":\"https:\\\/\\\/www.upjs.sk\\\/app\\\/uploads\\\/sites\\\/11\\\/2022\\\/09\\\/Zbornik_37.jpg\",\"contentUrl\":\"https:\\\/\\\/www.upjs.sk\\\/app\\\/uploads\\\/sites\\\/11\\\/2022\\\/09\\\/Zbornik_37.jpg\",\"width\":66,\"height\":95},{\"@type\":\"BreadcrumbList\",\"@id\":\"https:\\\/\\\/www.upjs.sk\\\/pravnicka-fakulta\\\/publikacie-zborniky-zverejnenia\\\/publikacie-zborniky-zverejnenia-2013\\\/#breadcrumb\",\"itemListElement\":[{\"@type\":\"ListItem\",\"position\":1,\"name\":\"Home\",\"item\":\"https:\\\/\\\/www.upjs.sk\\\/pravnicka-fakulta\\\/\"},{\"@type\":\"ListItem\",\"position\":2,\"name\":\"Publik\u00e1cie, zborn\u00edky a zverejnenia\",\"item\":\"https:\\\/\\\/www.upjs.sk\\\/pravnicka-fakulta\\\/publikacie-zborniky-zverejnenia\\\/\"},{\"@type\":\"ListItem\",\"position\":3,\"name\":\"Publik\u00e1cie, zborn\u00edky a zverejnenia 2013\"}]},{\"@type\":\"WebSite\",\"@id\":\"https:\\\/\\\/www.upjs.sk\\\/pravnicka-fakulta\\\/#website\",\"url\":\"https:\\\/\\\/www.upjs.sk\\\/pravnicka-fakulta\\\/\",\"name\":\"Pr\u00e1vnick\u00e1 fakulta | UPJ\u0160\",\"description\":\"\",\"publisher\":{\"@id\":\"https:\\\/\\\/www.upjs.sk\\\/pravnicka-fakulta\\\/#organization\"},\"potentialAction\":[{\"@type\":\"SearchAction\",\"target\":{\"@type\":\"EntryPoint\",\"urlTemplate\":\"https:\\\/\\\/www.upjs.sk\\\/pravnicka-fakulta\\\/?s={search_term_string}\"},\"query-input\":{\"@type\":\"PropertyValueSpecification\",\"valueRequired\":true,\"valueName\":\"search_term_string\"}}],\"inLanguage\":\"sk-SK\"},{\"@type\":\"Organization\",\"@id\":\"https:\\\/\\\/www.upjs.sk\\\/pravnicka-fakulta\\\/#organization\",\"name\":\"Pr\u00e1vnick\u00e1 fakulta | UPJ\u0160\",\"url\":\"https:\\\/\\\/www.upjs.sk\\\/pravnicka-fakulta\\\/\",\"logo\":{\"@type\":\"ImageObject\",\"inLanguage\":\"sk-SK\",\"@id\":\"https:\\\/\\\/www.upjs.sk\\\/pravnicka-fakulta\\\/#\\\/schema\\\/logo\\\/image\\\/\",\"url\":\"https:\\\/\\\/www.upjs.sk\\\/app\\\/uploads\\\/sites\\\/11\\\/2022\\\/09\\\/logo-pravnicka-fakulta.png\",\"contentUrl\":\"https:\\\/\\\/www.upjs.sk\\\/app\\\/uploads\\\/sites\\\/11\\\/2022\\\/09\\\/logo-pravnicka-fakulta.png\",\"width\":415,\"height\":87,\"caption\":\"Pr\u00e1vnick\u00e1 fakulta | UPJ\u0160\"},\"image\":{\"@id\":\"https:\\\/\\\/www.upjs.sk\\\/pravnicka-fakulta\\\/#\\\/schema\\\/logo\\\/image\\\/\"}}]}<\/script>\n<!-- \/ Yoast SEO plugin. -->","yoast_head_json":{"title":"Publik\u00e1cie, zborn\u00edky a zverejnenia 2013 - Pr\u00e1vnick\u00e1 fakulta | UPJ\u0160","robots":{"index":"index","follow":"follow","max-snippet":"max-snippet:-1","max-image-preview":"max-image-preview:large","max-video-preview":"max-video-preview:-1"},"canonical":"https:\/\/www.upjs.sk\/pravnicka-fakulta\/publikacie-zborniky-zverejnenia\/publikacie-zborniky-zverejnenia-2013\/","og_locale":"sk_SK","og_type":"article","og_title":"Publik\u00e1cie, zborn\u00edky a zverejnenia 2013 - Pr\u00e1vnick\u00e1 fakulta | UPJ\u0160","og_description":"Voj\u010d\u00edk, P., Hus\u00e1r, J. (eds): P\u00f4sobenie pr\u00e1va v 21. storo\u010d\u00ed, S\u00fakromn\u00e9 pr\u00e1vo v s\u00fa\u010dasnosti a perspekt\u00edve Zborn\u00edk vedeck\u00fdch pr\u00e1c Adam Giertl (ed.): Regionalizmus Stav-V\u00fdchodisk\u00e1-Perspekt\u00edvy Zborn\u00edk vedeck\u00fdch pr\u00e1c; Zborn\u00edk vznikol v r\u00e1mci rie\u0161enia projektu APVV-0823-11 s n\u00e1zvom &#8222;Regionalizmus a jeho pr\u00ednos pre v\u0161eobecn\u00e9 medzin\u00e1rodn\u00e9 pr\u00e1vo&#8220;. Milena Barinkov\u00e1 (ed.): Tvorba a realiz\u00e1cia pracovn\u00e9ho pr\u00e1va so zrete\u013eom na &hellip; \u010c\u00edta\u0165 \u010falej","og_url":"https:\/\/www.upjs.sk\/pravnicka-fakulta\/publikacie-zborniky-zverejnenia\/publikacie-zborniky-zverejnenia-2013\/","og_site_name":"Pr\u00e1vnick\u00e1 fakulta | UPJ\u0160","article_modified_time":"2022-10-24T16:55:04+00:00","og_image":[{"width":66,"height":95,"url":"https:\/\/www.upjs.sk\/app\/uploads\/sites\/11\/2022\/09\/Zbornik_37.jpg","type":"image\/jpeg"}],"twitter_card":"summary_large_image","twitter_misc":{"Predpokladan\u00fd \u010das \u010d\u00edtania":"1 min\u00fata"},"schema":{"@context":"https:\/\/schema.org","@graph":[{"@type":"WebPage","@id":"https:\/\/www.upjs.sk\/pravnicka-fakulta\/publikacie-zborniky-zverejnenia\/publikacie-zborniky-zverejnenia-2013\/","url":"https:\/\/www.upjs.sk\/pravnicka-fakulta\/publikacie-zborniky-zverejnenia\/publikacie-zborniky-zverejnenia-2013\/","name":"Publik\u00e1cie, zborn\u00edky a zverejnenia 2013 - Pr\u00e1vnick\u00e1 fakulta | UPJ\u0160","isPartOf":{"@id":"https:\/\/www.upjs.sk\/pravnicka-fakulta\/#website"},"primaryImageOfPage":{"@id":"https:\/\/www.upjs.sk\/pravnicka-fakulta\/publikacie-zborniky-zverejnenia\/publikacie-zborniky-zverejnenia-2013\/#primaryimage"},"image":{"@id":"https:\/\/www.upjs.sk\/pravnicka-fakulta\/publikacie-zborniky-zverejnenia\/publikacie-zborniky-zverejnenia-2013\/#primaryimage"},"thumbnailUrl":"https:\/\/www.upjs.sk\/app\/uploads\/sites\/11\/2022\/09\/Zbornik_37.jpg","datePublished":"2018-02-13T10:20:23+00:00","dateModified":"2022-10-24T16:55:04+00:00","breadcrumb":{"@id":"https:\/\/www.upjs.sk\/pravnicka-fakulta\/publikacie-zborniky-zverejnenia\/publikacie-zborniky-zverejnenia-2013\/#breadcrumb"},"inLanguage":"sk-SK","potentialAction":[{"@type":"ReadAction","target":["https:\/\/www.upjs.sk\/pravnicka-fakulta\/publikacie-zborniky-zverejnenia\/publikacie-zborniky-zverejnenia-2013\/"]}]},{"@type":"ImageObject","inLanguage":"sk-SK","@id":"https:\/\/www.upjs.sk\/pravnicka-fakulta\/publikacie-zborniky-zverejnenia\/publikacie-zborniky-zverejnenia-2013\/#primaryimage","url":"https:\/\/www.upjs.sk\/app\/uploads\/sites\/11\/2022\/09\/Zbornik_37.jpg","contentUrl":"https:\/\/www.upjs.sk\/app\/uploads\/sites\/11\/2022\/09\/Zbornik_37.jpg","width":66,"height":95},{"@type":"BreadcrumbList","@id":"https:\/\/www.upjs.sk\/pravnicka-fakulta\/publikacie-zborniky-zverejnenia\/publikacie-zborniky-zverejnenia-2013\/#breadcrumb","itemListElement":[{"@type":"ListItem","position":1,"name":"Home","item":"https:\/\/www.upjs.sk\/pravnicka-fakulta\/"},{"@type":"ListItem","position":2,"name":"Publik\u00e1cie, zborn\u00edky a zverejnenia","item":"https:\/\/www.upjs.sk\/pravnicka-fakulta\/publikacie-zborniky-zverejnenia\/"},{"@type":"ListItem","position":3,"name":"Publik\u00e1cie, zborn\u00edky a zverejnenia 2013"}]},{"@type":"WebSite","@id":"https:\/\/www.upjs.sk\/pravnicka-fakulta\/#website","url":"https:\/\/www.upjs.sk\/pravnicka-fakulta\/","name":"Pr\u00e1vnick\u00e1 fakulta | UPJ\u0160","description":"","publisher":{"@id":"https:\/\/www.upjs.sk\/pravnicka-fakulta\/#organization"},"potentialAction":[{"@type":"SearchAction","target":{"@type":"EntryPoint","urlTemplate":"https:\/\/www.upjs.sk\/pravnicka-fakulta\/?s={search_term_string}"},"query-input":{"@type":"PropertyValueSpecification","valueRequired":true,"valueName":"search_term_string"}}],"inLanguage":"sk-SK"},{"@type":"Organization","@id":"https:\/\/www.upjs.sk\/pravnicka-fakulta\/#organization","name":"Pr\u00e1vnick\u00e1 fakulta | UPJ\u0160","url":"https:\/\/www.upjs.sk\/pravnicka-fakulta\/","logo":{"@type":"ImageObject","inLanguage":"sk-SK","@id":"https:\/\/www.upjs.sk\/pravnicka-fakulta\/#\/schema\/logo\/image\/","url":"https:\/\/www.upjs.sk\/app\/uploads\/sites\/11\/2022\/09\/logo-pravnicka-fakulta.png","contentUrl":"https:\/\/www.upjs.sk\/app\/uploads\/sites\/11\/2022\/09\/logo-pravnicka-fakulta.png","width":415,"height":87,"caption":"Pr\u00e1vnick\u00e1 fakulta | UPJ\u0160"},"image":{"@id":"https:\/\/www.upjs.sk\/pravnicka-fakulta\/#\/schema\/logo\/image\/"}}]}},"_links":{"self":[{"href":"https:\/\/www.upjs.sk\/pravnicka-fakulta\/wp-json\/wp\/v2\/pages\/13859","targetHints":{"allow":["GET"]}}],"collection":[{"href":"https:\/\/www.upjs.sk\/pravnicka-fakulta\/wp-json\/wp\/v2\/pages"}],"about":[{"href":"https:\/\/www.upjs.sk\/pravnicka-fakulta\/wp-json\/wp\/v2\/types\/page"}],"author":[{"embeddable":true,"href":"https:\/\/www.upjs.sk\/pravnicka-fakulta\/wp-json\/wp\/v2\/users\/1"}],"replies":[{"embeddable":true,"href":"https:\/\/www.upjs.sk\/pravnicka-fakulta\/wp-json\/wp\/v2\/comments?post=13859"}],"version-history":[{"count":1,"href":"https:\/\/www.upjs.sk\/pravnicka-fakulta\/wp-json\/wp\/v2\/pages\/13859\/revisions"}],"predecessor-version":[{"id":13860,"href":"https:\/\/www.upjs.sk\/pravnicka-fakulta\/wp-json\/wp\/v2\/pages\/13859\/revisions\/13860"}],"up":[{"embeddable":true,"href":"https:\/\/www.upjs.sk\/pravnicka-fakulta\/wp-json\/wp\/v2\/pages\/13153"}],"wp:featuredmedia":[{"embeddable":true,"href":"https:\/\/www.upjs.sk\/pravnicka-fakulta\/wp-json\/wp\/v2\/media\/13191"}],"wp:attachment":[{"href":"https:\/\/www.upjs.sk\/pravnicka-fakulta\/wp-json\/wp\/v2\/media?parent=13859"}],"wp:term":[{"taxonomy":"category","embeddable":true,"href":"https:\/\/www.upjs.sk\/pravnicka-fakulta\/wp-json\/wp\/v2\/categories?post=13859"},{"taxonomy":"post_tag","embeddable":true,"href":"https:\/\/www.upjs.sk\/pravnicka-fakulta\/wp-json\/wp\/v2\/tags?post=13859"}],"curies":[{"name":"wp","href":"https:\/\/api.w.org\/{rel}","templated":true}]}}