{"id":14509,"date":"2008-07-16T09:12:11","date_gmt":"2008-07-16T09:12:30","guid":{"rendered":"https:\/\/www.upjs.sk\/pravnicka-fakulta\/memorial-judr-milana-gejdosa-csc\/2002-2\/"},"modified":"2023-05-23T13:45:34","modified_gmt":"2023-05-23T12:45:34","slug":"2002-2","status":"publish","type":"page","link":"https:\/\/www.upjs.sk\/pravnicka-fakulta\/memorial-judr-milana-gejdosa-csc\/2002-2\/","title":{"rendered":"2002 &#8211; V. ro\u010dn\u00edk"},"content":{"rendered":"<p align=\"center\"><strong>PORADIE Z\u00c1PASOV:<\/strong><\/p>\n<p align=\"center\">\u00a0<\/p>\n<table width=\"399\" cellspacing=\"0\" cellpadding=\"0\" border=\"0\" x_str=\"\" style=\"width: 299pt; border-collapse: collapse;\">\n<colgroup>\n<col width=\"296\" style=\"width: 222pt;\"><\/col>\n<col width=\"103\" style=\"width: 77pt;\"><\/col>\n<\/colgroup>\n<tbody>\n<tr height=\"17\" style=\"height: 12.75pt;\">\n<td height=\"17\" width=\"296\" style=\"border-style: solid; border-color: windowtext; border-width: 1pt 0.5pt 0.5pt 1pt; width: 222pt; height: 12.75pt; background-color: transparent;\" class=\"xl26\">\n<p align=\"left\"><font size=\"2\"><strong>1. \u0160TUDENTI &#8211; VY\u0160ETROVATELIA<\/strong><\/font><\/p>\n<\/td>\n<td width=\"103\" style=\"border-style: solid solid solid none; border-color: windowtext; border-width: 1pt 1pt 0.5pt medium; width: 77pt; background-color: transparent;\" class=\"xl27\">\n<p align=\"center\"><font size=\"2\"><strong>1:2<\/strong><\/font><\/p>\n<\/td>\n<\/tr>\n<tr height=\"17\" style=\"height: 12.75pt;\">\n<td height=\"17\" style=\"border-style: none solid solid; border-color: windowtext; border-width: medium 0.5pt 0.5pt 1pt; height: 12.75pt; background-color: transparent;\" class=\"xl28\">\n<p align=\"left\"><font size=\"2\"><strong>2. U\u010cITELIA &#8211; PROKUR\u00c1TORI<\/strong><\/font><\/p>\n<\/td>\n<td style=\"border-style: none solid solid none; border-color: windowtext; border-width: medium 1pt 0.5pt medium; background-color: transparent;\" class=\"xl29\">\n<p align=\"center\"><font size=\"2\"><strong>1:2<\/strong><\/font><\/p>\n<\/td>\n<\/tr>\n<tr height=\"17\" style=\"height: 12.75pt;\">\n<td height=\"17\" style=\"border-style: none solid solid; border-color: windowtext; border-width: medium 0.5pt 0.5pt 1pt; height: 12.75pt; background-color: transparent;\" class=\"xl28\">\n<p align=\"left\"><font size=\"2\"><strong>3. \u0160TUDENTI &#8211; ADVOK\u00c1TI<\/strong><\/font><\/p>\n<\/td>\n<td style=\"border-style: none solid solid none; border-color: windowtext; border-width: medium 1pt 0.5pt medium; background-color: transparent;\" class=\"xl29\">\n<p align=\"center\"><font size=\"2\"><strong>2:4<\/strong><\/font><\/p>\n<\/td>\n<\/tr>\n<tr height=\"17\" style=\"height: 12.75pt;\">\n<td height=\"17\" style=\"border-style: none solid solid; border-color: windowtext; border-width: medium 0.5pt 0.5pt 1pt; height: 12.75pt; background-color: transparent;\" class=\"xl28\">\n<p align=\"left\"><font size=\"2\"><strong>4. SUDCOVIA &#8211; U\u010cITELIA<\/strong><\/font><\/p>\n<\/td>\n<td style=\"border-style: none solid solid none; border-color: windowtext; border-width: medium 1pt 0.5pt medium; background-color: transparent;\" class=\"xl29\">\n<p align=\"center\"><font size=\"2\"><strong>4:2<\/strong><\/font><\/p>\n<\/td>\n<\/tr>\n<tr height=\"17\" style=\"height: 12.75pt;\">\n<td height=\"17\" style=\"border-style: none solid solid; border-color: windowtext; border-width: medium 0.5pt 0.5pt 1pt; height: 12.75pt; background-color: transparent;\" class=\"xl28\">\n<p align=\"left\"><font size=\"2\"><strong>5. VY\u0160ETROVATELIA &#8211; ADVOK\u00c1TI<\/strong><\/font><\/p>\n<\/td>\n<td style=\"border-style: none solid solid none; border-color: windowtext; border-width: medium 1pt 0.5pt medium; background-color: transparent;\" class=\"xl29\">\n<p align=\"center\"><font size=\"2\"><strong>4:0<\/strong><\/font><\/p>\n<\/td>\n<\/tr>\n<tr height=\"18\" style=\"height: 13.5pt;\">\n<td height=\"18\" style=\"border-style: none solid solid; border-color: windowtext; border-width: medium 0.5pt 1pt 1pt; height: 13.5pt; background-color: transparent;\" class=\"xl30\">\n<p align=\"left\"><font size=\"2\"><strong>6. SUDCOVIA &#8211; PROKUR\u00c1TORI<\/strong><\/font><\/p>\n<\/td>\n<td style=\"border-style: none solid solid none; border-color: windowtext; border-width: medium 1pt 1pt medium; background-color: transparent;\" class=\"xl31\">\n<p align=\"center\"><font size=\"2\"><strong>1:2<\/strong><\/font><\/p>\n<\/td>\n<\/tr>\n<tr height=\"17\" style=\"height: 12.75pt;\">\n<td height=\"17\" style=\"border: medium none rgb(236, 233, 216); height: 12.75pt; background-color: transparent;\" class=\"xl25\"><font size=\"2\" \/><\/td>\n<td style=\"border: medium none rgb(236, 233, 216); background-color: transparent;\" class=\"xl24\"><font size=\"2\" \/><\/td>\n<\/tr>\n<tr height=\"18\" style=\"height: 13.5pt;\">\n<td height=\"18\" style=\"border: medium none rgb(236, 233, 216); height: 13.5pt; background-color: transparent;\" class=\"xl34\">\n<p align=\"center\"><em><font size=\"2\"><strong>SEMIFIN\u00c1LE<\/strong><\/font><\/em><\/p>\n<\/td>\n<td style=\"border: medium none rgb(236, 233, 216); background-color: transparent;\" class=\"xl24\">\n<p align=\"center\"><em><font size=\"2\" \/><\/em>\u00a0<\/p>\n<\/td>\n<\/tr>\n<tr height=\"17\" style=\"height: 12.75pt;\">\n<td height=\"17\" style=\"border-style: solid; border-color: windowtext; border-width: 1pt 0.5pt 0.5pt 1pt; height: 12.75pt; background-color: transparent;\" class=\"xl35\">\n<p align=\"center\"><font size=\"2\"><strong>PROKUR\u00c1TORI &#8211; ADVOK\u00c1TI<\/strong><\/font><\/p>\n<\/td>\n<td style=\"border-style: solid solid solid none; border-color: windowtext; border-width: 1pt 1pt 0.5pt medium; background-color: transparent;\" class=\"xl27\">\n<p align=\"center\"><font size=\"2\"><strong>2:1<\/strong><\/font><\/p>\n<\/td>\n<\/tr>\n<tr height=\"18\" style=\"height: 13.5pt;\">\n<td height=\"18\" style=\"border-style: none solid solid; border-color: windowtext; border-width: medium 0.5pt 1pt 1pt; height: 13.5pt; background-color: transparent;\" class=\"xl36\">\n<p align=\"center\"><font size=\"2\"><strong>VY\u0160ETROVATELIA &#8211; SUDCOVIA<\/strong><\/font><\/p>\n<\/td>\n<td style=\"border-style: none solid solid none; border-color: windowtext; border-width: medium 1pt 1pt medium; background-color: transparent;\" class=\"xl31\">\n<p align=\"center\"><font size=\"2\"><strong>4:4 \/ 5:4 n.p.<\/strong><\/font><\/p>\n<\/td>\n<\/tr>\n<tr height=\"17\" style=\"height: 12.75pt;\">\n<td height=\"17\" style=\"border: medium none rgb(236, 233, 216); height: 12.75pt; background-color: transparent;\" class=\"xl25\">\n<p align=\"center\"><font size=\"2\" \/>\u00a0<\/p>\n<\/td>\n<td style=\"border: medium none rgb(236, 233, 216); background-color: transparent;\" class=\"xl24\">\n<p align=\"center\"><font size=\"2\" \/>\u00a0<\/p>\n<\/td>\n<\/tr>\n<tr height=\"18\" style=\"height: 13.5pt;\">\n<td height=\"18\" style=\"border: medium none rgb(236, 233, 216); height: 13.5pt; background-color: transparent;\" class=\"xl34\">\n<p align=\"center\"><em><font size=\"2\"><strong>O 3. MIESTO<\/strong><\/font><\/em><\/p>\n<\/td>\n<td style=\"border: medium none rgb(236, 233, 216); background-color: transparent;\" class=\"xl24\">\n<p align=\"center\"><em><font size=\"2\" \/><\/em>\u00a0<\/p>\n<\/td>\n<\/tr>\n<tr height=\"18\" style=\"height: 13.5pt;\">\n<td height=\"18\" style=\"border-style: solid; border-color: windowtext; border-width: 1pt 0.5pt 1pt 1pt; height: 13.5pt; background-color: transparent;\" class=\"xl32\">\n<p align=\"center\"><font size=\"2\"><strong>ADVOK\u00c1TI &#8211; SUDCOVIA<\/strong><\/font><\/p>\n<\/td>\n<td style=\"border-style: solid solid solid none; border-color: windowtext; border-width: 1pt 1pt 1pt medium; background-color: transparent;\" class=\"xl33\">\n<p align=\"center\"><font size=\"2\"><strong>3:6<\/strong><\/font><\/p>\n<\/td>\n<\/tr>\n<tr height=\"17\" style=\"height: 12.75pt;\">\n<td height=\"17\" style=\"border: medium none rgb(236, 233, 216); height: 12.75pt; background-color: transparent;\" class=\"xl25\">\n<p align=\"center\"><font size=\"2\" \/>\u00a0<\/p>\n<\/td>\n<td style=\"border: medium none rgb(236, 233, 216); background-color: transparent;\" class=\"xl24\">\n<p align=\"center\"><font size=\"2\" \/>\u00a0<\/p>\n<\/td>\n<\/tr>\n<tr height=\"18\" style=\"height: 13.5pt;\">\n<td height=\"18\" style=\"border: medium none rgb(236, 233, 216); height: 13.5pt; background-color: transparent;\" class=\"xl34\">\n<p align=\"center\"><em><font size=\"2\"><strong>FIN\u00c1LE<\/strong><\/font><\/em><\/p>\n<\/td>\n<td style=\"border: medium none rgb(236, 233, 216); background-color: transparent;\" class=\"xl24\">\n<p align=\"center\"><em><font size=\"2\" \/><\/em>\u00a0<\/p>\n<\/td>\n<\/tr>\n<tr height=\"18\" style=\"height: 13.5pt;\">\n<td height=\"18\" style=\"border-style: solid; border-color: windowtext; border-width: 1pt 0.5pt 1pt 1pt; height: 13.5pt; background-color: transparent;\" class=\"xl32\">\n<p align=\"center\"><font size=\"2\"><strong>PROKUR\u00c1TORI &#8211; VY\u0160ETROVATELIA<\/strong><\/font><\/p>\n<\/td>\n<td style=\"border-style: solid solid solid none; border-color: windowtext; border-width: 1pt 1pt 1pt medium; background-color: transparent;\" class=\"xl33\">\n<p align=\"center\"><strong><font size=\"2\">3:3 \/ 4:3 p.p.<\/font><\/strong><\/p>\n<\/td>\n<\/tr>\n<\/tbody>\n<\/table>\n","protected":false},"excerpt":{"rendered":"<p>PORADIE Z\u00c1PASOV: \u00a0 1. \u0160TUDENTI &#8211; VY\u0160ETROVATELIA 1:2 2. U\u010cITELIA &#8211; PROKUR\u00c1TORI 1:2 3. \u0160TUDENTI &#8211; ADVOK\u00c1TI 2:4 4. SUDCOVIA &#8211; U\u010cITELIA 4:2 5. VY\u0160ETROVATELIA &#8211; ADVOK\u00c1TI 4:0 6. SUDCOVIA &#8211; PROKUR\u00c1TORI 1:2 SEMIFIN\u00c1LE \u00a0 PROKUR\u00c1TORI &#8211; ADVOK\u00c1TI 2:1 VY\u0160ETROVATELIA &#8211; SUDCOVIA 4:4 \/ 5:4 n.p. \u00a0 \u00a0 O 3. MIESTO \u00a0 ADVOK\u00c1TI &#8211; SUDCOVIA &hellip; <a href=\"https:\/\/www.upjs.sk\/pravnicka-fakulta\/memorial-judr-milana-gejdosa-csc\/2002-2\/\">\u010c\u00edta\u0165 \u010falej<\/a><\/p>\n","protected":false},"author":1,"featured_media":0,"parent":13272,"menu_order":21,"comment_status":"closed","ping_status":"closed","template":"","meta":{"_acf_changed":false,"_editorskit_title_hidden":false,"_editorskit_reading_time":0,"_editorskit_is_block_options_detached":false,"_editorskit_block_options_position":"{}","footnotes":""},"categories":[],"tags":[],"class_list":["post-14509","page","type-page","status-publish","hentry"],"acf":{"acf_link_na_externy_obsah":""},"yoast_head":"<!-- This site is optimized with the Yoast SEO plugin v27.4 - https:\/\/yoast.com\/product\/yoast-seo-wordpress\/ -->\n<title>2002 - V. ro\u010dn\u00edk - Pr\u00e1vnick\u00e1 fakulta | UPJ\u0160<\/title>\n<meta name=\"robots\" content=\"index, follow, max-snippet:-1, max-image-preview:large, max-video-preview:-1\" \/>\n<link rel=\"canonical\" href=\"https:\/\/www.upjs.sk\/pravnicka-fakulta\/memorial-judr-milana-gejdosa-csc\/2002-2\/\" \/>\n<meta property=\"og:locale\" content=\"sk_SK\" \/>\n<meta property=\"og:type\" content=\"article\" \/>\n<meta property=\"og:title\" content=\"2002 - V. ro\u010dn\u00edk - Pr\u00e1vnick\u00e1 fakulta | UPJ\u0160\" \/>\n<meta property=\"og:description\" content=\"PORADIE Z\u00c1PASOV: \u00a0 1. \u0160TUDENTI &#8211; VY\u0160ETROVATELIA 1:2 2. U\u010cITELIA &#8211; PROKUR\u00c1TORI 1:2 3. \u0160TUDENTI &#8211; ADVOK\u00c1TI 2:4 4. SUDCOVIA &#8211; U\u010cITELIA 4:2 5. VY\u0160ETROVATELIA &#8211; ADVOK\u00c1TI 4:0 6. SUDCOVIA &#8211; PROKUR\u00c1TORI 1:2 SEMIFIN\u00c1LE \u00a0 PROKUR\u00c1TORI &#8211; ADVOK\u00c1TI 2:1 VY\u0160ETROVATELIA &#8211; SUDCOVIA 4:4 \/ 5:4 n.p. \u00a0 \u00a0 O 3. MIESTO \u00a0 ADVOK\u00c1TI &#8211; SUDCOVIA &hellip; \u010c\u00edta\u0165 \u010falej\" \/>\n<meta property=\"og:url\" content=\"https:\/\/www.upjs.sk\/pravnicka-fakulta\/memorial-judr-milana-gejdosa-csc\/2002-2\/\" \/>\n<meta property=\"og:site_name\" content=\"Pr\u00e1vnick\u00e1 fakulta | UPJ\u0160\" \/>\n<meta property=\"article:modified_time\" content=\"2023-05-23T12:45:34+00:00\" \/>\n<meta name=\"twitter:card\" content=\"summary_large_image\" \/>\n<script type=\"application\/ld+json\" class=\"yoast-schema-graph\">{\"@context\":\"https:\\\/\\\/schema.org\",\"@graph\":[{\"@type\":\"WebPage\",\"@id\":\"https:\\\/\\\/www.upjs.sk\\\/pravnicka-fakulta\\\/memorial-judr-milana-gejdosa-csc\\\/2002-2\\\/\",\"url\":\"https:\\\/\\\/www.upjs.sk\\\/pravnicka-fakulta\\\/memorial-judr-milana-gejdosa-csc\\\/2002-2\\\/\",\"name\":\"2002 - V. ro\u010dn\u00edk - Pr\u00e1vnick\u00e1 fakulta | UPJ\u0160\",\"isPartOf\":{\"@id\":\"https:\\\/\\\/www.upjs.sk\\\/pravnicka-fakulta\\\/#website\"},\"datePublished\":\"2008-07-16T09:12:30+00:00\",\"dateModified\":\"2023-05-23T12:45:34+00:00\",\"breadcrumb\":{\"@id\":\"https:\\\/\\\/www.upjs.sk\\\/pravnicka-fakulta\\\/memorial-judr-milana-gejdosa-csc\\\/2002-2\\\/#breadcrumb\"},\"inLanguage\":\"sk-SK\",\"potentialAction\":[{\"@type\":\"ReadAction\",\"target\":[\"https:\\\/\\\/www.upjs.sk\\\/pravnicka-fakulta\\\/memorial-judr-milana-gejdosa-csc\\\/2002-2\\\/\"]}]},{\"@type\":\"BreadcrumbList\",\"@id\":\"https:\\\/\\\/www.upjs.sk\\\/pravnicka-fakulta\\\/memorial-judr-milana-gejdosa-csc\\\/2002-2\\\/#breadcrumb\",\"itemListElement\":[{\"@type\":\"ListItem\",\"position\":1,\"name\":\"Home\",\"item\":\"https:\\\/\\\/www.upjs.sk\\\/pravnicka-fakulta\\\/\"},{\"@type\":\"ListItem\",\"position\":2,\"name\":\"Memori\u00e1l JUDr. Milana Gejdo\u0161a, CSc.\",\"item\":\"https:\\\/\\\/www.upjs.sk\\\/pravnicka-fakulta\\\/memorial-judr-milana-gejdosa-csc\\\/\"},{\"@type\":\"ListItem\",\"position\":3,\"name\":\"2002 &#8211; V. ro\u010dn\u00edk\"}]},{\"@type\":\"WebSite\",\"@id\":\"https:\\\/\\\/www.upjs.sk\\\/pravnicka-fakulta\\\/#website\",\"url\":\"https:\\\/\\\/www.upjs.sk\\\/pravnicka-fakulta\\\/\",\"name\":\"Pr\u00e1vnick\u00e1 fakulta | UPJ\u0160\",\"description\":\"\",\"publisher\":{\"@id\":\"https:\\\/\\\/www.upjs.sk\\\/pravnicka-fakulta\\\/#organization\"},\"potentialAction\":[{\"@type\":\"SearchAction\",\"target\":{\"@type\":\"EntryPoint\",\"urlTemplate\":\"https:\\\/\\\/www.upjs.sk\\\/pravnicka-fakulta\\\/?s={search_term_string}\"},\"query-input\":{\"@type\":\"PropertyValueSpecification\",\"valueRequired\":true,\"valueName\":\"search_term_string\"}}],\"inLanguage\":\"sk-SK\"},{\"@type\":\"Organization\",\"@id\":\"https:\\\/\\\/www.upjs.sk\\\/pravnicka-fakulta\\\/#organization\",\"name\":\"Pr\u00e1vnick\u00e1 fakulta | UPJ\u0160\",\"url\":\"https:\\\/\\\/www.upjs.sk\\\/pravnicka-fakulta\\\/\",\"logo\":{\"@type\":\"ImageObject\",\"inLanguage\":\"sk-SK\",\"@id\":\"https:\\\/\\\/www.upjs.sk\\\/pravnicka-fakulta\\\/#\\\/schema\\\/logo\\\/image\\\/\",\"url\":\"https:\\\/\\\/www.upjs.sk\\\/app\\\/uploads\\\/sites\\\/11\\\/2022\\\/09\\\/logo-pravnicka-fakulta.png\",\"contentUrl\":\"https:\\\/\\\/www.upjs.sk\\\/app\\\/uploads\\\/sites\\\/11\\\/2022\\\/09\\\/logo-pravnicka-fakulta.png\",\"width\":415,\"height\":87,\"caption\":\"Pr\u00e1vnick\u00e1 fakulta | UPJ\u0160\"},\"image\":{\"@id\":\"https:\\\/\\\/www.upjs.sk\\\/pravnicka-fakulta\\\/#\\\/schema\\\/logo\\\/image\\\/\"}}]}<\/script>\n<!-- \/ Yoast SEO plugin. -->","yoast_head_json":{"title":"2002 - V. ro\u010dn\u00edk - Pr\u00e1vnick\u00e1 fakulta | UPJ\u0160","robots":{"index":"index","follow":"follow","max-snippet":"max-snippet:-1","max-image-preview":"max-image-preview:large","max-video-preview":"max-video-preview:-1"},"canonical":"https:\/\/www.upjs.sk\/pravnicka-fakulta\/memorial-judr-milana-gejdosa-csc\/2002-2\/","og_locale":"sk_SK","og_type":"article","og_title":"2002 - V. ro\u010dn\u00edk - Pr\u00e1vnick\u00e1 fakulta | UPJ\u0160","og_description":"PORADIE Z\u00c1PASOV: \u00a0 1. \u0160TUDENTI &#8211; VY\u0160ETROVATELIA 1:2 2. U\u010cITELIA &#8211; PROKUR\u00c1TORI 1:2 3. \u0160TUDENTI &#8211; ADVOK\u00c1TI 2:4 4. SUDCOVIA &#8211; U\u010cITELIA 4:2 5. VY\u0160ETROVATELIA &#8211; ADVOK\u00c1TI 4:0 6. SUDCOVIA &#8211; PROKUR\u00c1TORI 1:2 SEMIFIN\u00c1LE \u00a0 PROKUR\u00c1TORI &#8211; ADVOK\u00c1TI 2:1 VY\u0160ETROVATELIA &#8211; SUDCOVIA 4:4 \/ 5:4 n.p. \u00a0 \u00a0 O 3. MIESTO \u00a0 ADVOK\u00c1TI &#8211; SUDCOVIA &hellip; \u010c\u00edta\u0165 \u010falej","og_url":"https:\/\/www.upjs.sk\/pravnicka-fakulta\/memorial-judr-milana-gejdosa-csc\/2002-2\/","og_site_name":"Pr\u00e1vnick\u00e1 fakulta | UPJ\u0160","article_modified_time":"2023-05-23T12:45:34+00:00","twitter_card":"summary_large_image","schema":{"@context":"https:\/\/schema.org","@graph":[{"@type":"WebPage","@id":"https:\/\/www.upjs.sk\/pravnicka-fakulta\/memorial-judr-milana-gejdosa-csc\/2002-2\/","url":"https:\/\/www.upjs.sk\/pravnicka-fakulta\/memorial-judr-milana-gejdosa-csc\/2002-2\/","name":"2002 - V. ro\u010dn\u00edk - Pr\u00e1vnick\u00e1 fakulta | UPJ\u0160","isPartOf":{"@id":"https:\/\/www.upjs.sk\/pravnicka-fakulta\/#website"},"datePublished":"2008-07-16T09:12:30+00:00","dateModified":"2023-05-23T12:45:34+00:00","breadcrumb":{"@id":"https:\/\/www.upjs.sk\/pravnicka-fakulta\/memorial-judr-milana-gejdosa-csc\/2002-2\/#breadcrumb"},"inLanguage":"sk-SK","potentialAction":[{"@type":"ReadAction","target":["https:\/\/www.upjs.sk\/pravnicka-fakulta\/memorial-judr-milana-gejdosa-csc\/2002-2\/"]}]},{"@type":"BreadcrumbList","@id":"https:\/\/www.upjs.sk\/pravnicka-fakulta\/memorial-judr-milana-gejdosa-csc\/2002-2\/#breadcrumb","itemListElement":[{"@type":"ListItem","position":1,"name":"Home","item":"https:\/\/www.upjs.sk\/pravnicka-fakulta\/"},{"@type":"ListItem","position":2,"name":"Memori\u00e1l JUDr. Milana Gejdo\u0161a, CSc.","item":"https:\/\/www.upjs.sk\/pravnicka-fakulta\/memorial-judr-milana-gejdosa-csc\/"},{"@type":"ListItem","position":3,"name":"2002 &#8211; V. ro\u010dn\u00edk"}]},{"@type":"WebSite","@id":"https:\/\/www.upjs.sk\/pravnicka-fakulta\/#website","url":"https:\/\/www.upjs.sk\/pravnicka-fakulta\/","name":"Pr\u00e1vnick\u00e1 fakulta | UPJ\u0160","description":"","publisher":{"@id":"https:\/\/www.upjs.sk\/pravnicka-fakulta\/#organization"},"potentialAction":[{"@type":"SearchAction","target":{"@type":"EntryPoint","urlTemplate":"https:\/\/www.upjs.sk\/pravnicka-fakulta\/?s={search_term_string}"},"query-input":{"@type":"PropertyValueSpecification","valueRequired":true,"valueName":"search_term_string"}}],"inLanguage":"sk-SK"},{"@type":"Organization","@id":"https:\/\/www.upjs.sk\/pravnicka-fakulta\/#organization","name":"Pr\u00e1vnick\u00e1 fakulta | UPJ\u0160","url":"https:\/\/www.upjs.sk\/pravnicka-fakulta\/","logo":{"@type":"ImageObject","inLanguage":"sk-SK","@id":"https:\/\/www.upjs.sk\/pravnicka-fakulta\/#\/schema\/logo\/image\/","url":"https:\/\/www.upjs.sk\/app\/uploads\/sites\/11\/2022\/09\/logo-pravnicka-fakulta.png","contentUrl":"https:\/\/www.upjs.sk\/app\/uploads\/sites\/11\/2022\/09\/logo-pravnicka-fakulta.png","width":415,"height":87,"caption":"Pr\u00e1vnick\u00e1 fakulta | UPJ\u0160"},"image":{"@id":"https:\/\/www.upjs.sk\/pravnicka-fakulta\/#\/schema\/logo\/image\/"}}]}},"_links":{"self":[{"href":"https:\/\/www.upjs.sk\/pravnicka-fakulta\/wp-json\/wp\/v2\/pages\/14509","targetHints":{"allow":["GET"]}}],"collection":[{"href":"https:\/\/www.upjs.sk\/pravnicka-fakulta\/wp-json\/wp\/v2\/pages"}],"about":[{"href":"https:\/\/www.upjs.sk\/pravnicka-fakulta\/wp-json\/wp\/v2\/types\/page"}],"author":[{"embeddable":true,"href":"https:\/\/www.upjs.sk\/pravnicka-fakulta\/wp-json\/wp\/v2\/users\/1"}],"replies":[{"embeddable":true,"href":"https:\/\/www.upjs.sk\/pravnicka-fakulta\/wp-json\/wp\/v2\/comments?post=14509"}],"version-history":[{"count":1,"href":"https:\/\/www.upjs.sk\/pravnicka-fakulta\/wp-json\/wp\/v2\/pages\/14509\/revisions"}],"predecessor-version":[{"id":19562,"href":"https:\/\/www.upjs.sk\/pravnicka-fakulta\/wp-json\/wp\/v2\/pages\/14509\/revisions\/19562"}],"up":[{"embeddable":true,"href":"https:\/\/www.upjs.sk\/pravnicka-fakulta\/wp-json\/wp\/v2\/pages\/13272"}],"wp:attachment":[{"href":"https:\/\/www.upjs.sk\/pravnicka-fakulta\/wp-json\/wp\/v2\/media?parent=14509"}],"wp:term":[{"taxonomy":"category","embeddable":true,"href":"https:\/\/www.upjs.sk\/pravnicka-fakulta\/wp-json\/wp\/v2\/categories?post=14509"},{"taxonomy":"post_tag","embeddable":true,"href":"https:\/\/www.upjs.sk\/pravnicka-fakulta\/wp-json\/wp\/v2\/tags?post=14509"}],"curies":[{"name":"wp","href":"https:\/\/api.w.org\/{rel}","templated":true}]}}