{"id":23528,"date":"2022-11-06T16:35:18","date_gmt":"2022-11-06T16:35:05","guid":{"rendered":"https:\/\/www.upjs.sk\/pravnicka-fakulta\/?page_id=23528"},"modified":"2026-03-04T09:48:33","modified_gmt":"2026-03-04T08:48:33","slug":"aio-prihlaska","status":"publish","type":"page","link":"https:\/\/www.upjs.sk\/pravnicka-fakulta\/all-in-one\/aio-prihlaska\/","title":{"rendered":"AiO-Prihl\u00e1\u0161ka"},"content":{"rendered":"<style>.kt-accordion-id23528_4d41c9-7a .kt-accordion-inner-wrap{column-gap:var(--global-kb-gap-md, 2rem);row-gap:0px;}.kt-accordion-id23528_4d41c9-7a .kt-accordion-panel-inner{border-top:0px solid transparent;border-right:0px solid transparent;border-bottom:0px solid transparent;border-left:0px solid transparent;padding-top:var(--global-kb-spacing-sm, 1.5rem);padding-right:var(--global-kb-spacing-sm, 1.5rem);padding-bottom:var(--global-kb-spacing-sm, 1.5rem);padding-left:var(--global-kb-spacing-sm, 1.5rem);}.kt-accordion-id23528_4d41c9-7a .wp-block-kadence-pane .kt-accordion-header-wrap .kt-blocks-accordion-header{border-top-color:#555555;border-top-style:solid;border-right-color:#555555;border-right-style:solid;border-bottom-color:#555555;border-bottom-style:solid;border-left-color:#555555;border-left-style:solid;border-top-left-radius:0px;border-top-right-radius:0px;border-bottom-right-radius:0px;border-bottom-left-radius:0px;background:#712069;font-size:18px;line-height:24px;color:#ffffff;padding-top:10px;padding-right:14px;padding-bottom:10px;padding-left:14px;}.kt-accordion-id23528_4d41c9-7a:not( .kt-accodion-icon-style-basiccircle ):not( .kt-accodion-icon-style-xclosecircle ):not( .kt-accodion-icon-style-arrowcircle ) .kt-blocks-accordion-icon-trigger:after, .kt-accordion-id23528_4d41c9-7a:not( .kt-accodion-icon-style-basiccircle ):not( .kt-accodion-icon-style-xclosecircle ):not( .kt-accodion-icon-style-arrowcircle ) .kt-blocks-accordion-icon-trigger:before{background:#ffffff;}.kt-accordion-id23528_4d41c9-7a:not( .kt-accodion-icon-style-basic ):not( .kt-accodion-icon-style-xclose ):not( .kt-accodion-icon-style-arrow ) .kt-blocks-accordion-icon-trigger{background:#ffffff;}.kt-accordion-id23528_4d41c9-7a:not( .kt-accodion-icon-style-basic ):not( .kt-accodion-icon-style-xclose ):not( .kt-accodion-icon-style-arrow ) .kt-blocks-accordion-icon-trigger:after, .kt-accordion-id23528_4d41c9-7a:not( .kt-accodion-icon-style-basic ):not( .kt-accodion-icon-style-xclose ):not( .kt-accodion-icon-style-arrow ) .kt-blocks-accordion-icon-trigger:before{background:#712069;}.kt-accordion-id23528_4d41c9-7a .kt-accordion-header-wrap .kt-blocks-accordion-header:hover, body:not(.hide-focus-outline) .kt-accordion-id23528_4d41c9-7a .kt-accordion-header-wrap .kt-blocks-accordion-header:focus-visible{color:#444444;background:#eeeeee;border-top-color:#eeeeee;border-top-style:solid;border-right-color:#eeeeee;border-right-style:solid;border-bottom-color:#eeeeee;border-bottom-style:solid;border-left-color:#eeeeee;border-left-style:solid;}.kt-accordion-id23528_4d41c9-7a:not( .kt-accodion-icon-style-basiccircle ):not( .kt-accodion-icon-style-xclosecircle ):not( .kt-accodion-icon-style-arrowcircle ) .kt-blocks-accordion-header:hover .kt-blocks-accordion-icon-trigger:after, .kt-accordion-id23528_4d41c9-7a:not( .kt-accodion-icon-style-basiccircle ):not( .kt-accodion-icon-style-xclosecircle ):not( .kt-accodion-icon-style-arrowcircle ) .kt-blocks-accordion-header:hover .kt-blocks-accordion-icon-trigger:before, body:not(.hide-focus-outline) .kt-accordion-id23528_4d41c9-7a:not( .kt-accodion-icon-style-basiccircle ):not( .kt-accodion-icon-style-xclosecircle ):not( .kt-accodion-icon-style-arrowcircle ) .kt-blocks-accordion--visible .kt-blocks-accordion-icon-trigger:after, body:not(.hide-focus-outline) .kt-accordion-id23528_4d41c9-7a:not( .kt-accodion-icon-style-basiccircle ):not( .kt-accodion-icon-style-xclosecircle ):not( .kt-accodion-icon-style-arrowcircle ) .kt-blocks-accordion-header:focus-visible .kt-blocks-accordion-icon-trigger:before{background:#444444;}.kt-accordion-id23528_4d41c9-7a:not( .kt-accodion-icon-style-basic ):not( .kt-accodion-icon-style-xclose ):not( .kt-accodion-icon-style-arrow ) .kt-blocks-accordion-header:hover .kt-blocks-accordion-icon-trigger, body:not(.hide-focus-outline) .kt-accordion-id23528_4d41c9-7a:not( .kt-accodion-icon-style-basic ):not( .kt-accodion-icon-style-xclose ):not( .kt-accodion-icon-style-arrow ) .kt-blocks-accordion-header:focus-visible .kt-blocks-accordion-icon-trigger{background:#444444;}.kt-accordion-id23528_4d41c9-7a:not( .kt-accodion-icon-style-basic ):not( .kt-accodion-icon-style-xclose ):not( .kt-accodion-icon-style-arrow ) .kt-blocks-accordion-header:hover .kt-blocks-accordion-icon-trigger:after, .kt-accordion-id23528_4d41c9-7a:not( .kt-accodion-icon-style-basic ):not( .kt-accodion-icon-style-xclose ):not( .kt-accodion-icon-style-arrow ) .kt-blocks-accordion-header:hover .kt-blocks-accordion-icon-trigger:before, body:not(.hide-focus-outline) .kt-accordion-id23528_4d41c9-7a:not( .kt-accodion-icon-style-basic ):not( .kt-accodion-icon-style-xclose ):not( .kt-accodion-icon-style-arrow ) .kt-blocks-accordion-header:focus-visible .kt-blocks-accordion-icon-trigger:after, body:not(.hide-focus-outline) .kt-accordion-id23528_4d41c9-7a:not( .kt-accodion-icon-style-basic ):not( .kt-accodion-icon-style-xclose ):not( .kt-accodion-icon-style-arrow ) .kt-blocks-accordion-header:focus-visible .kt-blocks-accordion-icon-trigger:before{background:#eeeeee;}.kt-accordion-id23528_4d41c9-7a .kt-accordion-header-wrap .kt-blocks-accordion-header:focus-visible, .kt-accordion-id23528_4d41c9-7a .kt-accordion-header-wrap .kt-blocks-accordion-header.kt-accordion-panel-active{color:#ffffff;background:#444444;border-top-color:#444444;border-top-style:solid;border-right-color:#444444;border-right-style:solid;border-bottom-color:#444444;border-bottom-style:solid;border-left-color:#444444;border-left-style:solid;}.kt-accordion-id23528_4d41c9-7a:not( .kt-accodion-icon-style-basiccircle ):not( .kt-accodion-icon-style-xclosecircle ):not( .kt-accodion-icon-style-arrowcircle ) .kt-blocks-accordion-header.kt-accordion-panel-active .kt-blocks-accordion-icon-trigger:after, .kt-accordion-id23528_4d41c9-7a:not( .kt-accodion-icon-style-basiccircle ):not( .kt-accodion-icon-style-xclosecircle ):not( .kt-accodion-icon-style-arrowcircle ) .kt-blocks-accordion-header.kt-accordion-panel-active .kt-blocks-accordion-icon-trigger:before{background:#ffffff;}.kt-accordion-id23528_4d41c9-7a:not( .kt-accodion-icon-style-basic ):not( .kt-accodion-icon-style-xclose ):not( .kt-accodion-icon-style-arrow ) .kt-blocks-accordion-header.kt-accordion-panel-active .kt-blocks-accordion-icon-trigger{background:#ffffff;}.kt-accordion-id23528_4d41c9-7a:not( .kt-accodion-icon-style-basic ):not( .kt-accodion-icon-style-xclose ):not( .kt-accodion-icon-style-arrow ) .kt-blocks-accordion-header.kt-accordion-panel-active .kt-blocks-accordion-icon-trigger:after, .kt-accordion-id23528_4d41c9-7a:not( .kt-accodion-icon-style-basic ):not( .kt-accodion-icon-style-xclose ):not( .kt-accodion-icon-style-arrow ) .kt-blocks-accordion-header.kt-accordion-panel-active .kt-blocks-accordion-icon-trigger:before{background:#444444;}@media all and (max-width: 1024px){.kt-accordion-id23528_4d41c9-7a .kt-accordion-panel-inner{border-top:0px solid transparent;border-right:0px solid transparent;border-bottom:0px solid transparent;border-left:0px solid transparent;}}@media all and (max-width: 1024px){.kt-accordion-id23528_4d41c9-7a .wp-block-kadence-pane .kt-accordion-header-wrap .kt-blocks-accordion-header{border-top-color:#555555;border-top-style:solid;border-right-color:#555555;border-right-style:solid;border-bottom-color:#555555;border-bottom-style:solid;border-left-color:#555555;border-left-style:solid;}}@media all and (max-width: 1024px){.kt-accordion-id23528_4d41c9-7a .kt-accordion-header-wrap .kt-blocks-accordion-header:hover, body:not(.hide-focus-outline) .kt-accordion-id23528_4d41c9-7a .kt-accordion-header-wrap .kt-blocks-accordion-header:focus-visible{border-top-color:#eeeeee;border-top-style:solid;border-right-color:#eeeeee;border-right-style:solid;border-bottom-color:#eeeeee;border-bottom-style:solid;border-left-color:#eeeeee;border-left-style:solid;}}@media all and (max-width: 1024px){.kt-accordion-id23528_4d41c9-7a .kt-accordion-header-wrap .kt-blocks-accordion-header:focus-visible, .kt-accordion-id23528_4d41c9-7a .kt-accordion-header-wrap .kt-blocks-accordion-header.kt-accordion-panel-active{border-top-color:#444444;border-top-style:solid;border-right-color:#444444;border-right-style:solid;border-bottom-color:#444444;border-bottom-style:solid;border-left-color:#444444;border-left-style:solid;}}@media all and (max-width: 767px){.kt-accordion-id23528_4d41c9-7a .kt-accordion-inner-wrap{display:block;}.kt-accordion-id23528_4d41c9-7a .kt-accordion-inner-wrap .kt-accordion-pane:not(:first-child){margin-top:0px;}.kt-accordion-id23528_4d41c9-7a .kt-accordion-panel-inner{border-top:0px solid transparent;border-right:0px solid transparent;border-bottom:0px solid transparent;border-left:0px solid transparent;}.kt-accordion-id23528_4d41c9-7a .wp-block-kadence-pane .kt-accordion-header-wrap .kt-blocks-accordion-header{border-top-color:#555555;border-top-style:solid;border-right-color:#555555;border-right-style:solid;border-bottom-color:#555555;border-bottom-style:solid;border-left-color:#555555;border-left-style:solid;}.kt-accordion-id23528_4d41c9-7a .kt-accordion-header-wrap .kt-blocks-accordion-header:hover, body:not(.hide-focus-outline) .kt-accordion-id23528_4d41c9-7a .kt-accordion-header-wrap .kt-blocks-accordion-header:focus-visible{border-top-color:#eeeeee;border-top-style:solid;border-right-color:#eeeeee;border-right-style:solid;border-bottom-color:#eeeeee;border-bottom-style:solid;border-left-color:#eeeeee;border-left-style:solid;}.kt-accordion-id23528_4d41c9-7a .kt-accordion-header-wrap .kt-blocks-accordion-header:focus-visible, .kt-accordion-id23528_4d41c9-7a .kt-accordion-header-wrap .kt-blocks-accordion-header.kt-accordion-panel-active{border-top-color:#444444;border-top-style:solid;border-right-color:#444444;border-right-style:solid;border-bottom-color:#444444;border-bottom-style:solid;border-left-color:#444444;border-left-style:solid;}}<\/style>\n<div class=\"wp-block-kadence-accordion alignnone\"><div class=\"kt-accordion-wrap kt-accordion-id23528_4d41c9-7a kt-accordion-has-4-panes kt-active-pane-0 kt-accordion-block kt-pane-header-alignment-left kt-accodion-icon-style-arrow kt-accodion-icon-side-left\" style=\"max-width:none\"><div class=\"kt-accordion-inner-wrap\" data-allow-multiple-open=\"false\" data-start-open=\"none\">\n<div class=\"wp-block-kadence-pane kt-accordion-pane kt-accordion-pane-1 kt-pane23528_80cd6f-56\"><div class=\"kt-accordion-header-wrap\"><button class=\"kt-blocks-accordion-header kt-acccordion-button-label-show\" type=\"button\"><span class=\"kt-blocks-accordion-title-wrap\"><span class=\"kt-blocks-accordion-title\">Prihl\u00e1\u0161ka na bakal\u00e1rske a magistersk\u00e9 \u0161t\u00fadium<\/span><\/span><span class=\"kt-blocks-accordion-icon-trigger\"><\/span><\/button><\/div><div class=\"kt-accordion-panel kt-accordion-panel-hidden\"><div class=\"kt-accordion-panel-inner\">\n<p><strong>Ako poda\u0165 prihl\u00e1\u0161ku?<br \/><\/strong><strong>1. elektronicky<\/strong> (vyplni\u0165 <a href=\"https:\/\/e-prihlaska.upjs.sk\/ais\/eprihlas\/#!\/home\"><strong>elektronick\u00fa prihl\u00e1\u0161ku<\/strong><\/a>, vytla\u010di\u0165 ju,\u00a0<u>podp\u00edsa\u0165 a\u00a0doru\u010di\u0165<\/u> do podate\u013ene alebo na adresu Pr\u00e1vnickej fakulty UPJ\u0160 v\u00a0Ko\u0161iciach)<br \/><strong>2. osobne <\/strong>(p\u00edsomne na predp\u00edsanom tla\u010dive: <a href=\"https:\/\/www.portalvs.sk\/files\/cep\/prihlaska1-stupen.pdf\"><strong>tla\u010divo prihl\u00e1\u0161ky<\/strong><\/a>, podp\u00edsa\u0165 a poda\u0165 do podate\u013ene fakulty alebo odosla\u0165 po\u0161tou na adresu Pr\u00e1vnickej fakulty UPJ\u0160 v Ko\u0161iciach)<br \/><strong>Adresa:<\/strong><br \/>UPJ\u0160 v Ko\u0161iciach, Pr\u00e1vnick\u00e1 fakulta, Kov\u00e1\u010dska 26, P.O.BOX A-45, 040 75 Ko\u0161ice<\/p>\n<p><strong>Poplatok za materi\u00e1lne zabezpe\u010denie bakal\u00e1rskeho prij\u00edmacieho konania<\/strong>:<br \/>Bankov\u00fdm prevodom:<br \/>&#8211; 30\u20ac (D\u0160) \/ 20\u20ac (E\u0160) pri prihl\u00e1\u0161ke podanej v elektronickej forme<br \/>&#8211; 50\u20ac (D\u0160) \/ 40\u20ac (E\u0160) pri prihl\u00e1\u0161ke podanej osobne (p\u00edsomne) na predp\u00edsanom tla\u010dive<br \/>Do spr\u00e1vy pre prij\u00edmate\u013ea uve\u010fte <strong><u>meno a priezvisko uch\u00e1dza\u010da!<\/u><\/strong><\/p>\n<p><strong>Poplatok za materi\u00e1lne zabezpe\u010denie magistersk\u00e9ho prij\u00edmacieho konania<\/strong>:<br \/>Bankov\u00fdm prevodom:<br \/>&#8211; 20\u20ac (D\u0160) \/ 20\u20ac (E\u0160) pri prihl\u00e1\u0161ke podanej v elektronickej forme<br \/>&#8211; 40\u20ac (D\u0160) \/ 40\u20ac (E\u0160) pri prihl\u00e1\u0161ke podanej osobne (p\u00edsomne) na predp\u00edsanom tla\u010dive<br \/>Do spr\u00e1vy pre prij\u00edmate\u013ea uve\u010fte <strong><u>meno a priezvisko uch\u00e1dza\u010da!<\/u><\/strong><\/p>\n<p><strong>Term\u00edn na podanie prihl\u00e1\u0161ky:<\/strong><br \/><strong><span style=\"color: #ff0000;\">Bc. denn\u00e9 \u0161t\u00fadium &#8211; <\/span><\/strong><strong><span style=\"color: #ff0000;\">do 31. marca 2026<\/span><\/strong><br \/><strong><span style=\"color: #ff0000;\">Bc. extern\u00e9 \u0161t\u00fadium &#8211; <\/span><\/strong><strong><span style=\"color: #ff0000;\">do 31. m\u00e1ja 2026<\/span><\/strong><\/p>\n<p><strong><span style=\"color: #ff0000;\">Mgr. denn\u00e9 a extern\u00e9 \u0161t\u00fadium &#8211; <\/span><\/strong><strong><span style=\"color: #ff0000;\">do 3. j\u00fala 2026<\/span><\/strong><\/p>\n<p>\u00a0<\/p>\n<\/div><\/div><\/div>\n\n\n\n<div class=\"wp-block-kadence-pane kt-accordion-pane kt-accordion-pane-3 kt-pane23528_2bebf9-60\"><div class=\"kt-accordion-header-wrap\"><button class=\"kt-blocks-accordion-header kt-acccordion-button-label-show\" type=\"button\"><span class=\"kt-blocks-accordion-title-wrap\"><span class=\"kt-blocks-accordion-title\">Prihl\u00e1\u0161ka na doktorandsk\u00e9 \u0161t\u00fadium<\/span><\/span><span class=\"kt-blocks-accordion-icon-trigger\"><\/span><\/button><\/div><div class=\"kt-accordion-panel kt-accordion-panel-hidden\"><div class=\"kt-accordion-panel-inner\">\n<p><strong>Ako poda\u0165 prihl\u00e1\u0161ku?<\/strong><\/p>\n<p><strong>1. elektronicky<\/strong>(vyplni\u0165 <a href=\"https:\/\/e-prihlaska.upjs.sk\/ais\/eprihlas\/#!\/home\"><strong>elektronick\u00fa prihl\u00e1\u0161ku<\/strong><\/a>, vytla\u010di\u0165 ju,\u00a0<u>podp\u00edsa\u0165 a\u00a0doru\u010di\u0165<\/u> do podate\u013ene alebo na adresu Pr\u00e1vnickej fakulty UPJ\u0160 v\u00a0Ko\u0161iciach)<br \/><strong><span style=\"color: #ff0000;\">PR\u00cdLOHY ku prihl\u00e1\u0161ke je potrebn\u00e9 <span style=\"text-decoration: underline;\">posla\u0165 po\u0161tou spolu s vytla\u010denou prihl\u00e1\u0161kou<\/span> (nezad\u00e1vaj\u00fa sa cez syst\u00e9m eprihlas)!<\/span><br \/>2. osobne <\/strong>(vyplni\u0165 <strong><a href=\"https:\/\/www.portalvs.sk\/files\/files\/prihlaska3.stupen.pdf\">tla\u010divo prihl\u00e1\u0161ky<\/a>,<\/strong> podp\u00edsa\u0165 a poda\u0165 do podate\u013ene fakulty alebo odosla\u0165 po\u0161tou na adresu Pr\u00e1vnickej fakulty UPJ\u0160 v Ko\u0161iciach)<strong><br \/>Adresa:<br \/><\/strong>UPJ\u0160 v Ko\u0161iciach, Pr\u00e1vnick\u00e1 fakulta, Kov\u00e1\u010dska 26, P.O.BOX A-45, 040 75 Ko\u0161ice<strong style=\"font-size: revert; color: initial;\">\u00a0\u00a0<\/strong><\/p>\n<p><strong>Poplatok za materi\u00e1lne zabezpe\u010denie prij\u00edmacieho konania<\/strong>:<br \/>Bankov\u00fdm prevodom (SK69 8180 0000 0070 0007 8432, KS: 0308, VS: 3996, \u0160pecifick\u00fd symbol: rodn\u00e9 \u010d\u00edslo (bez lomky), BIC: SPSRSKBA, \u0160t\u00e1tna pokladnica, Radlinsk\u00e9ho 32, Bratislava)<br \/>&#8211; 30\u20ac pri prihl\u00e1\u0161ke podanej v elektronickej forme,<br \/>&#8211; 50\u20ac pri prihl\u00e1\u0161ke podanej osobne<br \/>Do spr\u00e1vy pre prij\u00edmate\u013ea uve\u010fte <strong><u>meno a priezvisko uch\u00e1dza\u010da!<\/u><\/strong><\/p>\n<p><strong>Term\u00edn na podanie prihl\u00e1\u0161ky:<span style=\"color: #ff0000;\"> 6. j\u00fan 2025<\/span><\/strong><\/p>\n<\/div><\/div><\/div>\n\n\n\n<div class=\"wp-block-kadence-pane kt-accordion-pane kt-accordion-pane-4 kt-pane23528_6c1ede-5f\"><div class=\"kt-accordion-header-wrap\"><button class=\"kt-blocks-accordion-header kt-acccordion-button-label-show\" type=\"button\"><span class=\"kt-blocks-accordion-title-wrap\"><span class=\"kt-blocks-accordion-title\">Prihl\u00e1\u0161ka na rigor\u00f3zne konanie<\/span><\/span><span class=\"kt-blocks-accordion-icon-trigger\"><\/span><\/button><\/div><div class=\"kt-accordion-panel kt-accordion-panel-hidden\"><div class=\"kt-accordion-panel-inner\">\n<p><strong>Ako poda\u0165 prihl\u00e1\u0161ku?<\/strong><\/p>\n<ul>\n<li><strong>elektronicky<\/strong> \u2013 vyplni\u0165 elektronick\u00fa prihl\u00e1\u0161ku (dostupn\u00e1 na str\u00e1nke: <a href=\"https:\/\/e-prihlaska.upjs.sk\/ais\/eprihlas\/#!\/home\"><strong>e-Prihl\u00e1\u0161ka UPJ\u0160<\/strong><\/a>),&nbsp;vytla\u010di\u0165 ju,&nbsp;<u>podp\u00edsa\u0165 a&nbsp;doru\u010di\u0165<\/u> do podate\u013ene alebo na adresu Pr\u00e1vnickej fakulty UPJ\u0160 v Ko\u0161iciach spolu s vyplnen\u00fdm tla\u010divom <a href=\"https:\/\/www.upjs.sk\/app\/uploads\/sites\/11\/2022\/09\/INFORMACNA_POVINNOST_RIGO.pdf\">Informa\u010dn\u00e1 povinnos\u0165<\/a>, vr\u00e1tane overenej fotok\u00f3pie rodn\u00e9ho listu (u vydat\u00fdch uch\u00e1dza\u010dok aj overenej fotok\u00f3pie sob\u00e1\u0161neho listu);<\/li>\n<li><strong>na klasickom formul\u00e1ri<\/strong> prihl\u00e1\u0161ky na rigor\u00f3znu sk\u00fa\u0161ku &#8211; <a href=\"https:\/\/www.upjs.sk\/app\/uploads\/sites\/11\/2022\/09\/Prihlaska_RIGO_RZVaDV_jul_2021.pdf\">Prihl\u00e1\u0161ka na rigor\u00f3znu sk\u00fa\u0161ku<\/a><\/li>\n<\/ul>\n<p><strong>Adresa na doru\u010denie prihl\u00e1\u0161ky :<\/strong><br \/>UPJ\u0160 v Ko\u0161iciach &#8211; Pr\u00e1vnick\u00e1 fakulta, Mgr. Eva Tk\u00e1\u010dov\u00e1, Kov\u00e1\u010dska 26, P.O.BOX A-45, 040 75 Ko\u0161ice<br \/>Podanie prihl\u00e1\u0161ky na rigor\u00f3znu sk\u00fa\u0161ku nie je spoplatnen\u00e9.&nbsp;<\/p>\n<\/div><\/div><\/div>\n<\/div><\/div><\/div>\n","protected":false},"excerpt":{"rendered":"","protected":false},"author":24,"featured_media":0,"parent":23526,"menu_order":0,"comment_status":"closed","ping_status":"closed","template":"","meta":{"_acf_changed":false,"_editorskit_title_hidden":false,"_editorskit_reading_time":1,"_editorskit_is_block_options_detached":false,"_editorskit_block_options_position":"{}","footnotes":""},"categories":[],"tags":[],"class_list":["post-23528","page","type-page","status-publish","hentry"],"acf":{"acf_link_na_externy_obsah":""},"yoast_head":"<!-- This site is optimized with the Yoast SEO plugin v27.2 - https:\/\/yoast.com\/product\/yoast-seo-wordpress\/ -->\n<title>AiO-Prihl\u00e1\u0161ka - Pr\u00e1vnick\u00e1 fakulta | UPJ\u0160<\/title>\n<meta name=\"robots\" content=\"index, follow, max-snippet:-1, max-image-preview:large, max-video-preview:-1\" \/>\n<link rel=\"canonical\" href=\"https:\/\/www.upjs.sk\/pravnicka-fakulta\/all-in-one\/aio-prihlaska\/\" \/>\n<meta property=\"og:locale\" content=\"sk_SK\" \/>\n<meta property=\"og:type\" content=\"article\" \/>\n<meta property=\"og:title\" content=\"AiO-Prihl\u00e1\u0161ka - Pr\u00e1vnick\u00e1 fakulta | UPJ\u0160\" \/>\n<meta property=\"og:url\" content=\"https:\/\/www.upjs.sk\/pravnicka-fakulta\/all-in-one\/aio-prihlaska\/\" \/>\n<meta property=\"og:site_name\" content=\"Pr\u00e1vnick\u00e1 fakulta | UPJ\u0160\" \/>\n<meta property=\"article:modified_time\" content=\"2026-03-04T08:48:33+00:00\" \/>\n<meta name=\"twitter:card\" content=\"summary_large_image\" \/>\n<meta name=\"twitter:label1\" content=\"Predpokladan\u00fd \u010das \u010d\u00edtania\" \/>\n\t<meta name=\"twitter:data1\" content=\"3 min\u00faty\" \/>\n<script type=\"application\/ld+json\" class=\"yoast-schema-graph\">{\"@context\":\"https:\/\/schema.org\",\"@graph\":[{\"@type\":\"WebPage\",\"@id\":\"https:\/\/www.upjs.sk\/pravnicka-fakulta\/all-in-one\/aio-prihlaska\/\",\"url\":\"https:\/\/www.upjs.sk\/pravnicka-fakulta\/all-in-one\/aio-prihlaska\/\",\"name\":\"AiO-Prihl\u00e1\u0161ka - Pr\u00e1vnick\u00e1 fakulta | UPJ\u0160\",\"isPartOf\":{\"@id\":\"https:\/\/www.upjs.sk\/pravnicka-fakulta\/#website\"},\"datePublished\":\"2022-11-06T16:35:05+00:00\",\"dateModified\":\"2026-03-04T08:48:33+00:00\",\"breadcrumb\":{\"@id\":\"https:\/\/www.upjs.sk\/pravnicka-fakulta\/all-in-one\/aio-prihlaska\/#breadcrumb\"},\"inLanguage\":\"sk-SK\",\"potentialAction\":[{\"@type\":\"ReadAction\",\"target\":[\"https:\/\/www.upjs.sk\/pravnicka-fakulta\/all-in-one\/aio-prihlaska\/\"]}]},{\"@type\":\"BreadcrumbList\",\"@id\":\"https:\/\/www.upjs.sk\/pravnicka-fakulta\/all-in-one\/aio-prihlaska\/#breadcrumb\",\"itemListElement\":[{\"@type\":\"ListItem\",\"position\":1,\"name\":\"Home\",\"item\":\"https:\/\/www.upjs.sk\/pravnicka-fakulta\/\"},{\"@type\":\"ListItem\",\"position\":2,\"name\":\"All-in-One\",\"item\":\"https:\/\/www.upjs.sk\/pravnicka-fakulta\/?page_id=23526\"},{\"@type\":\"ListItem\",\"position\":3,\"name\":\"AiO-Prihl\u00e1\u0161ka\"}]},{\"@type\":\"WebSite\",\"@id\":\"https:\/\/www.upjs.sk\/pravnicka-fakulta\/#website\",\"url\":\"https:\/\/www.upjs.sk\/pravnicka-fakulta\/\",\"name\":\"Pr\u00e1vnick\u00e1 fakulta | UPJ\u0160\",\"description\":\"\",\"publisher\":{\"@id\":\"https:\/\/www.upjs.sk\/pravnicka-fakulta\/#organization\"},\"potentialAction\":[{\"@type\":\"SearchAction\",\"target\":{\"@type\":\"EntryPoint\",\"urlTemplate\":\"https:\/\/www.upjs.sk\/pravnicka-fakulta\/?s={search_term_string}\"},\"query-input\":{\"@type\":\"PropertyValueSpecification\",\"valueRequired\":true,\"valueName\":\"search_term_string\"}}],\"inLanguage\":\"sk-SK\"},{\"@type\":\"Organization\",\"@id\":\"https:\/\/www.upjs.sk\/pravnicka-fakulta\/#organization\",\"name\":\"Pr\u00e1vnick\u00e1 fakulta | UPJ\u0160\",\"url\":\"https:\/\/www.upjs.sk\/pravnicka-fakulta\/\",\"logo\":{\"@type\":\"ImageObject\",\"inLanguage\":\"sk-SK\",\"@id\":\"https:\/\/www.upjs.sk\/pravnicka-fakulta\/#\/schema\/logo\/image\/\",\"url\":\"https:\/\/www.upjs.sk\/app\/uploads\/sites\/11\/2022\/09\/logo-pravnicka-fakulta.png\",\"contentUrl\":\"https:\/\/www.upjs.sk\/app\/uploads\/sites\/11\/2022\/09\/logo-pravnicka-fakulta.png\",\"width\":415,\"height\":87,\"caption\":\"Pr\u00e1vnick\u00e1 fakulta | UPJ\u0160\"},\"image\":{\"@id\":\"https:\/\/www.upjs.sk\/pravnicka-fakulta\/#\/schema\/logo\/image\/\"}}]}<\/script>\n<!-- \/ Yoast SEO plugin. -->","yoast_head_json":{"title":"AiO-Prihl\u00e1\u0161ka - Pr\u00e1vnick\u00e1 fakulta | UPJ\u0160","robots":{"index":"index","follow":"follow","max-snippet":"max-snippet:-1","max-image-preview":"max-image-preview:large","max-video-preview":"max-video-preview:-1"},"canonical":"https:\/\/www.upjs.sk\/pravnicka-fakulta\/all-in-one\/aio-prihlaska\/","og_locale":"sk_SK","og_type":"article","og_title":"AiO-Prihl\u00e1\u0161ka - Pr\u00e1vnick\u00e1 fakulta | UPJ\u0160","og_url":"https:\/\/www.upjs.sk\/pravnicka-fakulta\/all-in-one\/aio-prihlaska\/","og_site_name":"Pr\u00e1vnick\u00e1 fakulta | UPJ\u0160","article_modified_time":"2026-03-04T08:48:33+00:00","twitter_card":"summary_large_image","twitter_misc":{"Predpokladan\u00fd \u010das \u010d\u00edtania":"3 min\u00faty"},"schema":{"@context":"https:\/\/schema.org","@graph":[{"@type":"WebPage","@id":"https:\/\/www.upjs.sk\/pravnicka-fakulta\/all-in-one\/aio-prihlaska\/","url":"https:\/\/www.upjs.sk\/pravnicka-fakulta\/all-in-one\/aio-prihlaska\/","name":"AiO-Prihl\u00e1\u0161ka - Pr\u00e1vnick\u00e1 fakulta | UPJ\u0160","isPartOf":{"@id":"https:\/\/www.upjs.sk\/pravnicka-fakulta\/#website"},"datePublished":"2022-11-06T16:35:05+00:00","dateModified":"2026-03-04T08:48:33+00:00","breadcrumb":{"@id":"https:\/\/www.upjs.sk\/pravnicka-fakulta\/all-in-one\/aio-prihlaska\/#breadcrumb"},"inLanguage":"sk-SK","potentialAction":[{"@type":"ReadAction","target":["https:\/\/www.upjs.sk\/pravnicka-fakulta\/all-in-one\/aio-prihlaska\/"]}]},{"@type":"BreadcrumbList","@id":"https:\/\/www.upjs.sk\/pravnicka-fakulta\/all-in-one\/aio-prihlaska\/#breadcrumb","itemListElement":[{"@type":"ListItem","position":1,"name":"Home","item":"https:\/\/www.upjs.sk\/pravnicka-fakulta\/"},{"@type":"ListItem","position":2,"name":"All-in-One","item":"https:\/\/www.upjs.sk\/pravnicka-fakulta\/?page_id=23526"},{"@type":"ListItem","position":3,"name":"AiO-Prihl\u00e1\u0161ka"}]},{"@type":"WebSite","@id":"https:\/\/www.upjs.sk\/pravnicka-fakulta\/#website","url":"https:\/\/www.upjs.sk\/pravnicka-fakulta\/","name":"Pr\u00e1vnick\u00e1 fakulta | UPJ\u0160","description":"","publisher":{"@id":"https:\/\/www.upjs.sk\/pravnicka-fakulta\/#organization"},"potentialAction":[{"@type":"SearchAction","target":{"@type":"EntryPoint","urlTemplate":"https:\/\/www.upjs.sk\/pravnicka-fakulta\/?s={search_term_string}"},"query-input":{"@type":"PropertyValueSpecification","valueRequired":true,"valueName":"search_term_string"}}],"inLanguage":"sk-SK"},{"@type":"Organization","@id":"https:\/\/www.upjs.sk\/pravnicka-fakulta\/#organization","name":"Pr\u00e1vnick\u00e1 fakulta | UPJ\u0160","url":"https:\/\/www.upjs.sk\/pravnicka-fakulta\/","logo":{"@type":"ImageObject","inLanguage":"sk-SK","@id":"https:\/\/www.upjs.sk\/pravnicka-fakulta\/#\/schema\/logo\/image\/","url":"https:\/\/www.upjs.sk\/app\/uploads\/sites\/11\/2022\/09\/logo-pravnicka-fakulta.png","contentUrl":"https:\/\/www.upjs.sk\/app\/uploads\/sites\/11\/2022\/09\/logo-pravnicka-fakulta.png","width":415,"height":87,"caption":"Pr\u00e1vnick\u00e1 fakulta | UPJ\u0160"},"image":{"@id":"https:\/\/www.upjs.sk\/pravnicka-fakulta\/#\/schema\/logo\/image\/"}}]}},"_links":{"self":[{"href":"https:\/\/www.upjs.sk\/pravnicka-fakulta\/wp-json\/wp\/v2\/pages\/23528","targetHints":{"allow":["GET"]}}],"collection":[{"href":"https:\/\/www.upjs.sk\/pravnicka-fakulta\/wp-json\/wp\/v2\/pages"}],"about":[{"href":"https:\/\/www.upjs.sk\/pravnicka-fakulta\/wp-json\/wp\/v2\/types\/page"}],"author":[{"embeddable":true,"href":"https:\/\/www.upjs.sk\/pravnicka-fakulta\/wp-json\/wp\/v2\/users\/24"}],"replies":[{"embeddable":true,"href":"https:\/\/www.upjs.sk\/pravnicka-fakulta\/wp-json\/wp\/v2\/comments?post=23528"}],"version-history":[{"count":20,"href":"https:\/\/www.upjs.sk\/pravnicka-fakulta\/wp-json\/wp\/v2\/pages\/23528\/revisions"}],"predecessor-version":[{"id":51953,"href":"https:\/\/www.upjs.sk\/pravnicka-fakulta\/wp-json\/wp\/v2\/pages\/23528\/revisions\/51953"}],"up":[{"embeddable":true,"href":"https:\/\/www.upjs.sk\/pravnicka-fakulta\/wp-json\/wp\/v2\/pages\/23526"}],"wp:attachment":[{"href":"https:\/\/www.upjs.sk\/pravnicka-fakulta\/wp-json\/wp\/v2\/media?parent=23528"}],"wp:term":[{"taxonomy":"category","embeddable":true,"href":"https:\/\/www.upjs.sk\/pravnicka-fakulta\/wp-json\/wp\/v2\/categories?post=23528"},{"taxonomy":"post_tag","embeddable":true,"href":"https:\/\/www.upjs.sk\/pravnicka-fakulta\/wp-json\/wp\/v2\/tags?post=23528"}],"curies":[{"name":"wp","href":"https:\/\/api.w.org\/{rel}","templated":true}]}}