{"id":36694,"date":"2023-01-26T10:17:52","date_gmt":"2023-01-26T09:17:52","guid":{"rendered":"https:\/\/www.upjs.sk\/pravnicka-fakulta\/?page_id=36694"},"modified":"2025-08-18T12:56:25","modified_gmt":"2025-08-18T11:56:25","slug":"vedecka-cast-a-dalsie-aktivity","status":"publish","type":"page","link":"https:\/\/www.upjs.sk\/pravnicka-fakulta\/studium\/doktorandske-studium\/vedecka-cast-a-dalsie-aktivity\/","title":{"rendered":"Vedeck\u00e1 \u010das\u0165 a \u010fal\u0161ie aktivity"},"content":{"rendered":"<p><a href=\"https:\/\/www.upjs.sk\/app\/uploads\/sites\/11\/2025\/08\/Povinne-volitelna-vedecka-cinnost.pdf\">Povinne volite\u013en\u00e1 vedeck\u00e1 \u010dinnos\u0165\u00a0<\/a>&#8211; denn\u00e1 a extern\u00e1 forma \u0161t\u00fadia<br \/>&#8211; k predmetu povinne volite\u013en\u00e1 vedeck\u00e1 \u010dinnos\u0165 je potrebn\u00e9 odovzda\u0165 na konci semestra <a href=\"https:\/\/www.upjs.sk\/app\/uploads\/sites\/11\/2023\/10\/Formular_PVVC-17.docx\">FORMUL\u00c1R<br \/><\/a>&#8211; vyplnen\u00fd formul\u00e1r doktorand predklad\u00e1 \u0161kolite\u013eovi, ktor\u00fd ho po kontrole podp\u00ed\u0161e a zap\u00ed\u0161e hodnotenie predmetu v AIS2,<br \/>&#8211; podp\u00edsan\u00fd formul\u00e1r doktorand odovzd\u00e1va na refer\u00e1t vedeckov\u00fdskumnej \u010dinnosti a doktorandsk\u00e9ho \u0161t\u00fadia.<br \/><a href=\"https:\/\/www.upjs.sk\/app\/uploads\/sites\/11\/2025\/08\/Dalsie-aktivity.pdf\">\u010eal\u0161ie aktivity<\/a> &#8211; \u010fal\u0161ie aktivity doktorand priamo vklad\u00e1 do svojho z\u00e1pisn\u00e9ho listu v AIS2<\/p>\n\n\n<p><\/p>\n","protected":false},"excerpt":{"rendered":"<p>Povinne volite\u013en\u00e1 vedeck\u00e1 \u010dinnos\u0165\u00a0&#8211; denn\u00e1 a extern\u00e1 forma \u0161t\u00fadia&#8211; k predmetu povinne volite\u013en\u00e1 vedeck\u00e1 \u010dinnos\u0165 je potrebn\u00e9 odovzda\u0165 na konci semestra FORMUL\u00c1R&#8211; vyplnen\u00fd formul\u00e1r doktorand predklad\u00e1 \u0161kolite\u013eovi, ktor\u00fd ho po kontrole podp\u00ed\u0161e a zap\u00ed\u0161e hodnotenie predmetu v AIS2,&#8211; podp\u00edsan\u00fd formul\u00e1r doktorand odovzd\u00e1va na refer\u00e1t vedeckov\u00fdskumnej \u010dinnosti a doktorandsk\u00e9ho \u0161t\u00fadia.\u010eal\u0161ie aktivity &#8211; \u010fal\u0161ie aktivity doktorand priamo &hellip; <a href=\"https:\/\/www.upjs.sk\/pravnicka-fakulta\/studium\/doktorandske-studium\/vedecka-cast-a-dalsie-aktivity\/\">\u010c\u00edta\u0165 \u010falej<\/a><\/p>\n","protected":false},"author":47,"featured_media":0,"parent":13010,"menu_order":11,"comment_status":"closed","ping_status":"closed","template":"","meta":{"_acf_changed":false,"_editorskit_title_hidden":false,"_editorskit_reading_time":1,"_editorskit_is_block_options_detached":false,"_editorskit_block_options_position":"{}","footnotes":""},"categories":[],"tags":[],"class_list":["post-36694","page","type-page","status-publish","hentry"],"acf":{"acf_link_na_externy_obsah":""},"yoast_head":"<!-- This site is optimized with the Yoast SEO plugin v27.4 - https:\/\/yoast.com\/product\/yoast-seo-wordpress\/ -->\n<title>Vedeck\u00e1 \u010das\u0165 a \u010fal\u0161ie aktivity - Pr\u00e1vnick\u00e1 fakulta | UPJ\u0160<\/title>\n<meta name=\"robots\" content=\"index, follow, max-snippet:-1, max-image-preview:large, max-video-preview:-1\" \/>\n<link rel=\"canonical\" href=\"https:\/\/www.upjs.sk\/pravnicka-fakulta\/studium\/doktorandske-studium\/vedecka-cast-a-dalsie-aktivity\/\" \/>\n<meta property=\"og:locale\" content=\"sk_SK\" \/>\n<meta property=\"og:type\" content=\"article\" \/>\n<meta property=\"og:title\" content=\"Vedeck\u00e1 \u010das\u0165 a \u010fal\u0161ie aktivity - Pr\u00e1vnick\u00e1 fakulta | UPJ\u0160\" \/>\n<meta property=\"og:description\" content=\"Povinne volite\u013en\u00e1 vedeck\u00e1 \u010dinnos\u0165\u00a0&#8211; denn\u00e1 a extern\u00e1 forma \u0161t\u00fadia&#8211; k predmetu povinne volite\u013en\u00e1 vedeck\u00e1 \u010dinnos\u0165 je potrebn\u00e9 odovzda\u0165 na konci semestra FORMUL\u00c1R&#8211; vyplnen\u00fd formul\u00e1r doktorand predklad\u00e1 \u0161kolite\u013eovi, ktor\u00fd ho po kontrole podp\u00ed\u0161e a zap\u00ed\u0161e hodnotenie predmetu v AIS2,&#8211; podp\u00edsan\u00fd formul\u00e1r doktorand odovzd\u00e1va na refer\u00e1t vedeckov\u00fdskumnej \u010dinnosti a doktorandsk\u00e9ho \u0161t\u00fadia.\u010eal\u0161ie aktivity &#8211; \u010fal\u0161ie aktivity doktorand priamo &hellip; \u010c\u00edta\u0165 \u010falej\" \/>\n<meta property=\"og:url\" content=\"https:\/\/www.upjs.sk\/pravnicka-fakulta\/studium\/doktorandske-studium\/vedecka-cast-a-dalsie-aktivity\/\" \/>\n<meta property=\"og:site_name\" content=\"Pr\u00e1vnick\u00e1 fakulta | UPJ\u0160\" \/>\n<meta property=\"article:modified_time\" content=\"2025-08-18T11:56:25+00:00\" \/>\n<meta name=\"twitter:card\" content=\"summary_large_image\" \/>\n<meta name=\"twitter:label1\" content=\"Predpokladan\u00fd \u010das \u010d\u00edtania\" \/>\n\t<meta name=\"twitter:data1\" content=\"1 min\u00fata\" \/>\n<script type=\"application\/ld+json\" class=\"yoast-schema-graph\">{\"@context\":\"https:\\\/\\\/schema.org\",\"@graph\":[{\"@type\":\"WebPage\",\"@id\":\"https:\\\/\\\/www.upjs.sk\\\/pravnicka-fakulta\\\/studium\\\/doktorandske-studium\\\/vedecka-cast-a-dalsie-aktivity\\\/\",\"url\":\"https:\\\/\\\/www.upjs.sk\\\/pravnicka-fakulta\\\/studium\\\/doktorandske-studium\\\/vedecka-cast-a-dalsie-aktivity\\\/\",\"name\":\"Vedeck\u00e1 \u010das\u0165 a \u010fal\u0161ie aktivity - Pr\u00e1vnick\u00e1 fakulta | UPJ\u0160\",\"isPartOf\":{\"@id\":\"https:\\\/\\\/www.upjs.sk\\\/pravnicka-fakulta\\\/#website\"},\"datePublished\":\"2023-01-26T09:17:52+00:00\",\"dateModified\":\"2025-08-18T11:56:25+00:00\",\"breadcrumb\":{\"@id\":\"https:\\\/\\\/www.upjs.sk\\\/pravnicka-fakulta\\\/studium\\\/doktorandske-studium\\\/vedecka-cast-a-dalsie-aktivity\\\/#breadcrumb\"},\"inLanguage\":\"sk-SK\",\"potentialAction\":[{\"@type\":\"ReadAction\",\"target\":[\"https:\\\/\\\/www.upjs.sk\\\/pravnicka-fakulta\\\/studium\\\/doktorandske-studium\\\/vedecka-cast-a-dalsie-aktivity\\\/\"]}]},{\"@type\":\"BreadcrumbList\",\"@id\":\"https:\\\/\\\/www.upjs.sk\\\/pravnicka-fakulta\\\/studium\\\/doktorandske-studium\\\/vedecka-cast-a-dalsie-aktivity\\\/#breadcrumb\",\"itemListElement\":[{\"@type\":\"ListItem\",\"position\":1,\"name\":\"Home\",\"item\":\"https:\\\/\\\/www.upjs.sk\\\/pravnicka-fakulta\\\/\"},{\"@type\":\"ListItem\",\"position\":2,\"name\":\"\u0160t\u00fadium\",\"item\":\"https:\\\/\\\/www.upjs.sk\\\/pravnicka-fakulta\\\/studium\\\/\"},{\"@type\":\"ListItem\",\"position\":3,\"name\":\"Doktorandsk\u00e9 \u0161t\u00fadium\",\"item\":\"https:\\\/\\\/www.upjs.sk\\\/pravnicka-fakulta\\\/studium\\\/doktorandske-studium\\\/\"},{\"@type\":\"ListItem\",\"position\":4,\"name\":\"Vedeck\u00e1 \u010das\u0165 a \u010fal\u0161ie aktivity\"}]},{\"@type\":\"WebSite\",\"@id\":\"https:\\\/\\\/www.upjs.sk\\\/pravnicka-fakulta\\\/#website\",\"url\":\"https:\\\/\\\/www.upjs.sk\\\/pravnicka-fakulta\\\/\",\"name\":\"Pr\u00e1vnick\u00e1 fakulta | UPJ\u0160\",\"description\":\"\",\"publisher\":{\"@id\":\"https:\\\/\\\/www.upjs.sk\\\/pravnicka-fakulta\\\/#organization\"},\"potentialAction\":[{\"@type\":\"SearchAction\",\"target\":{\"@type\":\"EntryPoint\",\"urlTemplate\":\"https:\\\/\\\/www.upjs.sk\\\/pravnicka-fakulta\\\/?s={search_term_string}\"},\"query-input\":{\"@type\":\"PropertyValueSpecification\",\"valueRequired\":true,\"valueName\":\"search_term_string\"}}],\"inLanguage\":\"sk-SK\"},{\"@type\":\"Organization\",\"@id\":\"https:\\\/\\\/www.upjs.sk\\\/pravnicka-fakulta\\\/#organization\",\"name\":\"Pr\u00e1vnick\u00e1 fakulta | UPJ\u0160\",\"url\":\"https:\\\/\\\/www.upjs.sk\\\/pravnicka-fakulta\\\/\",\"logo\":{\"@type\":\"ImageObject\",\"inLanguage\":\"sk-SK\",\"@id\":\"https:\\\/\\\/www.upjs.sk\\\/pravnicka-fakulta\\\/#\\\/schema\\\/logo\\\/image\\\/\",\"url\":\"https:\\\/\\\/www.upjs.sk\\\/app\\\/uploads\\\/sites\\\/11\\\/2022\\\/09\\\/logo-pravnicka-fakulta.png\",\"contentUrl\":\"https:\\\/\\\/www.upjs.sk\\\/app\\\/uploads\\\/sites\\\/11\\\/2022\\\/09\\\/logo-pravnicka-fakulta.png\",\"width\":415,\"height\":87,\"caption\":\"Pr\u00e1vnick\u00e1 fakulta | UPJ\u0160\"},\"image\":{\"@id\":\"https:\\\/\\\/www.upjs.sk\\\/pravnicka-fakulta\\\/#\\\/schema\\\/logo\\\/image\\\/\"}}]}<\/script>\n<!-- \/ Yoast SEO plugin. -->","yoast_head_json":{"title":"Vedeck\u00e1 \u010das\u0165 a \u010fal\u0161ie aktivity - Pr\u00e1vnick\u00e1 fakulta | UPJ\u0160","robots":{"index":"index","follow":"follow","max-snippet":"max-snippet:-1","max-image-preview":"max-image-preview:large","max-video-preview":"max-video-preview:-1"},"canonical":"https:\/\/www.upjs.sk\/pravnicka-fakulta\/studium\/doktorandske-studium\/vedecka-cast-a-dalsie-aktivity\/","og_locale":"sk_SK","og_type":"article","og_title":"Vedeck\u00e1 \u010das\u0165 a \u010fal\u0161ie aktivity - Pr\u00e1vnick\u00e1 fakulta | UPJ\u0160","og_description":"Povinne volite\u013en\u00e1 vedeck\u00e1 \u010dinnos\u0165\u00a0&#8211; denn\u00e1 a extern\u00e1 forma \u0161t\u00fadia&#8211; k predmetu povinne volite\u013en\u00e1 vedeck\u00e1 \u010dinnos\u0165 je potrebn\u00e9 odovzda\u0165 na konci semestra FORMUL\u00c1R&#8211; vyplnen\u00fd formul\u00e1r doktorand predklad\u00e1 \u0161kolite\u013eovi, ktor\u00fd ho po kontrole podp\u00ed\u0161e a zap\u00ed\u0161e hodnotenie predmetu v AIS2,&#8211; podp\u00edsan\u00fd formul\u00e1r doktorand odovzd\u00e1va na refer\u00e1t vedeckov\u00fdskumnej \u010dinnosti a doktorandsk\u00e9ho \u0161t\u00fadia.\u010eal\u0161ie aktivity &#8211; \u010fal\u0161ie aktivity doktorand priamo &hellip; \u010c\u00edta\u0165 \u010falej","og_url":"https:\/\/www.upjs.sk\/pravnicka-fakulta\/studium\/doktorandske-studium\/vedecka-cast-a-dalsie-aktivity\/","og_site_name":"Pr\u00e1vnick\u00e1 fakulta | UPJ\u0160","article_modified_time":"2025-08-18T11:56:25+00:00","twitter_card":"summary_large_image","twitter_misc":{"Predpokladan\u00fd \u010das \u010d\u00edtania":"1 min\u00fata"},"schema":{"@context":"https:\/\/schema.org","@graph":[{"@type":"WebPage","@id":"https:\/\/www.upjs.sk\/pravnicka-fakulta\/studium\/doktorandske-studium\/vedecka-cast-a-dalsie-aktivity\/","url":"https:\/\/www.upjs.sk\/pravnicka-fakulta\/studium\/doktorandske-studium\/vedecka-cast-a-dalsie-aktivity\/","name":"Vedeck\u00e1 \u010das\u0165 a \u010fal\u0161ie aktivity - Pr\u00e1vnick\u00e1 fakulta | UPJ\u0160","isPartOf":{"@id":"https:\/\/www.upjs.sk\/pravnicka-fakulta\/#website"},"datePublished":"2023-01-26T09:17:52+00:00","dateModified":"2025-08-18T11:56:25+00:00","breadcrumb":{"@id":"https:\/\/www.upjs.sk\/pravnicka-fakulta\/studium\/doktorandske-studium\/vedecka-cast-a-dalsie-aktivity\/#breadcrumb"},"inLanguage":"sk-SK","potentialAction":[{"@type":"ReadAction","target":["https:\/\/www.upjs.sk\/pravnicka-fakulta\/studium\/doktorandske-studium\/vedecka-cast-a-dalsie-aktivity\/"]}]},{"@type":"BreadcrumbList","@id":"https:\/\/www.upjs.sk\/pravnicka-fakulta\/studium\/doktorandske-studium\/vedecka-cast-a-dalsie-aktivity\/#breadcrumb","itemListElement":[{"@type":"ListItem","position":1,"name":"Home","item":"https:\/\/www.upjs.sk\/pravnicka-fakulta\/"},{"@type":"ListItem","position":2,"name":"\u0160t\u00fadium","item":"https:\/\/www.upjs.sk\/pravnicka-fakulta\/studium\/"},{"@type":"ListItem","position":3,"name":"Doktorandsk\u00e9 \u0161t\u00fadium","item":"https:\/\/www.upjs.sk\/pravnicka-fakulta\/studium\/doktorandske-studium\/"},{"@type":"ListItem","position":4,"name":"Vedeck\u00e1 \u010das\u0165 a \u010fal\u0161ie aktivity"}]},{"@type":"WebSite","@id":"https:\/\/www.upjs.sk\/pravnicka-fakulta\/#website","url":"https:\/\/www.upjs.sk\/pravnicka-fakulta\/","name":"Pr\u00e1vnick\u00e1 fakulta | UPJ\u0160","description":"","publisher":{"@id":"https:\/\/www.upjs.sk\/pravnicka-fakulta\/#organization"},"potentialAction":[{"@type":"SearchAction","target":{"@type":"EntryPoint","urlTemplate":"https:\/\/www.upjs.sk\/pravnicka-fakulta\/?s={search_term_string}"},"query-input":{"@type":"PropertyValueSpecification","valueRequired":true,"valueName":"search_term_string"}}],"inLanguage":"sk-SK"},{"@type":"Organization","@id":"https:\/\/www.upjs.sk\/pravnicka-fakulta\/#organization","name":"Pr\u00e1vnick\u00e1 fakulta | UPJ\u0160","url":"https:\/\/www.upjs.sk\/pravnicka-fakulta\/","logo":{"@type":"ImageObject","inLanguage":"sk-SK","@id":"https:\/\/www.upjs.sk\/pravnicka-fakulta\/#\/schema\/logo\/image\/","url":"https:\/\/www.upjs.sk\/app\/uploads\/sites\/11\/2022\/09\/logo-pravnicka-fakulta.png","contentUrl":"https:\/\/www.upjs.sk\/app\/uploads\/sites\/11\/2022\/09\/logo-pravnicka-fakulta.png","width":415,"height":87,"caption":"Pr\u00e1vnick\u00e1 fakulta | UPJ\u0160"},"image":{"@id":"https:\/\/www.upjs.sk\/pravnicka-fakulta\/#\/schema\/logo\/image\/"}}]}},"_links":{"self":[{"href":"https:\/\/www.upjs.sk\/pravnicka-fakulta\/wp-json\/wp\/v2\/pages\/36694","targetHints":{"allow":["GET"]}}],"collection":[{"href":"https:\/\/www.upjs.sk\/pravnicka-fakulta\/wp-json\/wp\/v2\/pages"}],"about":[{"href":"https:\/\/www.upjs.sk\/pravnicka-fakulta\/wp-json\/wp\/v2\/types\/page"}],"author":[{"embeddable":true,"href":"https:\/\/www.upjs.sk\/pravnicka-fakulta\/wp-json\/wp\/v2\/users\/47"}],"replies":[{"embeddable":true,"href":"https:\/\/www.upjs.sk\/pravnicka-fakulta\/wp-json\/wp\/v2\/comments?post=36694"}],"version-history":[{"count":11,"href":"https:\/\/www.upjs.sk\/pravnicka-fakulta\/wp-json\/wp\/v2\/pages\/36694\/revisions"}],"predecessor-version":[{"id":48887,"href":"https:\/\/www.upjs.sk\/pravnicka-fakulta\/wp-json\/wp\/v2\/pages\/36694\/revisions\/48887"}],"up":[{"embeddable":true,"href":"https:\/\/www.upjs.sk\/pravnicka-fakulta\/wp-json\/wp\/v2\/pages\/13010"}],"wp:attachment":[{"href":"https:\/\/www.upjs.sk\/pravnicka-fakulta\/wp-json\/wp\/v2\/media?parent=36694"}],"wp:term":[{"taxonomy":"category","embeddable":true,"href":"https:\/\/www.upjs.sk\/pravnicka-fakulta\/wp-json\/wp\/v2\/categories?post=36694"},{"taxonomy":"post_tag","embeddable":true,"href":"https:\/\/www.upjs.sk\/pravnicka-fakulta\/wp-json\/wp\/v2\/tags?post=36694"}],"curies":[{"name":"wp","href":"https:\/\/api.w.org\/{rel}","templated":true}]}}