{"id":39507,"date":"2023-05-09T10:13:11","date_gmt":"2023-05-09T09:13:29","guid":{"rendered":"https:\/\/www.upjs.sk\/pravnicka-fakulta\/?page_id=39507"},"modified":"2025-05-09T13:51:47","modified_gmt":"2025-05-09T12:51:47","slug":"2023-2","status":"publish","type":"page","link":"https:\/\/www.upjs.sk\/pravnicka-fakulta\/memorial-judr-milana-gejdosa-csc\/2023-2\/","title":{"rendered":"2023 &#8211; XXIV. ro\u010dn\u00edk"},"content":{"rendered":"<h2>Poradie z\u00e1pasov:<\/h2>\n\n\n<div class=\"wp-block-columns is-style-default is-layout-flex wp-container-core-columns-is-layout-9d6595d7 wp-block-columns-is-layout-flex\">\n<div class=\"wp-block-column is-layout-flow wp-block-column-is-layout-flow\" style=\"flex-basis:33.33%\">\n<figure class=\"wp-block-table\"><table><tbody><tr><td><strong>U\u010cITELIA \u2013 COLN\u00cdCI<\/strong><\/td><td class=\"has-text-align-center\" data-align=\"center\">0 : 3<\/td><\/tr><tr><td><strong>\u0160TUDENTI<\/strong> &#8211; <strong>PROKUR\u00c1TORI<\/strong><\/td><td class=\"has-text-align-center\" data-align=\"center\">2 : 2<\/td><\/tr><tr><td><strong>COLN\u00cdCI &#8211; POLICAJTI<\/strong><\/td><td class=\"has-text-align-center\" data-align=\"center\">2 : 3<\/td><\/tr><tr><td><strong>PROKUR\u00c1TORI<\/strong> &#8211; <strong>ADVOK\u00c1TI<\/strong><\/td><td class=\"has-text-align-center\" data-align=\"center\">4 : 2<\/td><\/tr><tr><td><strong>U\u010cITELIA<\/strong> &#8211; <strong>NOT\u00c1RI<\/strong><\/td><td class=\"has-text-align-center\" data-align=\"center\">4 : 3<\/td><\/tr><tr><td><strong>\u0160TUDENTI<\/strong> &#8211;<strong> SUDCOVIA<\/strong><\/td><td class=\"has-text-align-center\" data-align=\"center\">5 : 1<\/td><\/tr><tr><td><strong>POLICAJTI<\/strong> &#8211; <strong>U\u010cITELIA<\/strong><\/td><td class=\"has-text-align-center\" data-align=\"center\">5 : 0<\/td><\/tr><tr><td><strong>ADVOK\u00c1TI<\/strong> &#8211; <strong>\u0160TUDENTI<\/strong><\/td><td class=\"has-text-align-center\" data-align=\"center\">3 : 6<\/td><\/tr><tr><td><strong>NOT\u00c1RI<\/strong> &#8211; <strong>POLICAJTI<\/strong><\/td><td class=\"has-text-align-center\" data-align=\"center\">1 : 2<\/td><\/tr><tr><td><strong>SUDCOVIA<\/strong> &#8211; <strong>ADVOK\u00c1TI<\/strong><\/td><td class=\"has-text-align-center\" data-align=\"center\">5 : 1<\/td><\/tr><tr><td><strong>COLN\u00cdCI<\/strong> &#8211; <strong>NOT\u00c1RI<\/strong><\/td><td class=\"has-text-align-center\" data-align=\"center\">7 : 1<\/td><\/tr><tr><td><strong>PROKUR\u00c1TORI<\/strong> &#8211; <strong>SUDCOVIA<\/strong><\/td><td class=\"has-text-align-center\" data-align=\"center\">2 : 2<\/td><\/tr><tr><td><\/td><td class=\"has-text-align-center\" data-align=\"center\"><\/td><\/tr><tr><td><em><strong>o 3. miesto<\/strong><\/em><\/td><td class=\"has-text-align-center\" data-align=\"center\"><\/td><\/tr><tr><td><strong>COLN\u00cdCI<\/strong> &#8211; <strong>PROKUR\u00c1TORI<\/strong><\/td><td class=\"has-text-align-center\" data-align=\"center\">9 : 2<\/td><\/tr><tr><td><\/td><td class=\"has-text-align-center\" data-align=\"center\"><\/td><\/tr><tr><td><strong><em>FIN\u00c1LE<\/em><\/strong><\/td><td class=\"has-text-align-center\" data-align=\"center\"><\/td><\/tr><tr><td><strong>POLICAJTI<\/strong> &#8211; <strong>\u0160TUDENTI<\/strong><\/td><td class=\"has-text-align-center\" data-align=\"center\">2 : 3<\/td><\/tr><\/tbody><\/table><\/figure>\n<\/div>\n\n\n\n<div class=\"wp-block-column is-layout-flow wp-block-column-is-layout-flow\" style=\"flex-basis:66.66%\"><\/div>\n<\/div>\n\n\n<p><strong>NAJLEP\u0160\u00cd &#8230;<\/strong><br \/><strong>&#8230; brank\u00e1r turnaja:<\/strong><br \/><em>Martin ROD\u00c1K<\/em><br \/><strong>&#8230; strelec turnaja:<\/strong><br \/><em>Gabriel TYSZ<\/em><\/p>\n<h2><strong>Z\u00c1PASY&nbsp;V SKUPIN\u00c1CH:<\/strong><\/h2>\n\n\n<figure class=\"wp-block-table caption-align-default\"><table class=\"has-fixed-layout\"><thead><tr><th>A skupina<\/th><th class=\"has-text-align-center\" data-align=\"center\"><strong>U\u010cITELIA<\/strong><\/th><th class=\"has-text-align-center\" data-align=\"center\"><strong>COLN\u00cdCI<\/strong><\/th><th class=\"has-text-align-center\" data-align=\"center\"><strong><strong>POLICAJTI<\/strong><\/strong><\/th><th class=\"has-text-align-center\" data-align=\"center\"><strong>NOT\u00c1RI&nbsp;<\/strong><\/th><th class=\"has-text-align-center\" data-align=\"center\"><\/th><th class=\"has-text-align-center\" data-align=\"center\"><strong>SK\u00d3RE<\/strong><\/th><th class=\"has-text-align-center\" data-align=\"center\"><strong>BODY<\/strong>&nbsp;<\/th><th class=\"has-text-align-center\" data-align=\"center\"><strong>PORADIE<\/strong><\/th><\/tr><\/thead><tbody><tr><td><strong>U\u010cITELIA<\/strong><\/td><td class=\"has-text-align-center\" data-align=\"center\">&#8211;<\/td><td class=\"has-text-align-center\" data-align=\"center\">0 : 3<\/td><td class=\"has-text-align-center\" data-align=\"center\">0 : 5<\/td><td class=\"has-text-align-center\" data-align=\"center\">4 : 3<\/td><td class=\"has-text-align-center\" data-align=\"center\"><\/td><td class=\"has-text-align-center\" data-align=\"center\">4 : 11<\/td><td class=\"has-text-align-center\" data-align=\"center\">3<\/td><td class=\"has-text-align-center\" data-align=\"center\">III.<\/td><\/tr><tr><td><strong>COLN\u00cdCI<\/strong><\/td><td class=\"has-text-align-center\" data-align=\"center\">3 : 0<\/td><td class=\"has-text-align-center\" data-align=\"center\">&#8211;<\/td><td class=\"has-text-align-center\" data-align=\"center\">2 : 3<\/td><td class=\"has-text-align-center\" data-align=\"center\">7 : 1<\/td><td class=\"has-text-align-center\" data-align=\"center\"><\/td><td class=\"has-text-align-center\" data-align=\"center\">12 : 4<\/td><td class=\"has-text-align-center\" data-align=\"center\">6<\/td><td class=\"has-text-align-center\" data-align=\"center\">II.<\/td><\/tr><tr><td><strong>POLICAJTI<\/strong><\/td><td class=\"has-text-align-center\" data-align=\"center\">5 : 0<\/td><td class=\"has-text-align-center\" data-align=\"center\">3 : 2<\/td><td class=\"has-text-align-center\" data-align=\"center\">&#8211;<\/td><td class=\"has-text-align-center\" data-align=\"center\">2 : 1<\/td><td class=\"has-text-align-center\" data-align=\"center\"><\/td><td class=\"has-text-align-center\" data-align=\"center\">10 : 3<\/td><td class=\"has-text-align-center\" data-align=\"center\">9<\/td><td class=\"has-text-align-center\" data-align=\"center\">I.<\/td><\/tr><tr><td><strong>NOT\u00c1RI<\/strong><\/td><td class=\"has-text-align-center\" data-align=\"center\">3 : 4<\/td><td class=\"has-text-align-center\" data-align=\"center\">1 : 7<\/td><td class=\"has-text-align-center\" data-align=\"center\">1 : 2<\/td><td class=\"has-text-align-center\" data-align=\"center\">&#8211;<\/td><td class=\"has-text-align-center\" data-align=\"center\"><\/td><td class=\"has-text-align-center\" data-align=\"center\">5 : 13<\/td><td class=\"has-text-align-center\" data-align=\"center\">0<\/td><td class=\"has-text-align-center\" data-align=\"center\">IV.<\/td><\/tr><\/tbody><\/table><\/figure>\n\n\n\n<figure class=\"wp-block-table\"><table class=\"has-fixed-layout\"><thead><tr><th>B skupina<\/th><th class=\"has-text-align-center\" data-align=\"center\"><strong><strong><strong>\u0160TUDENTI<\/strong><\/strong><\/strong><\/th><th class=\"has-text-align-center\" data-align=\"center\"><strong>PROKUR\u00c1TORI<\/strong><\/th><th class=\"has-text-align-center\" data-align=\"center\"><strong><strong>ADVOK\u00c1TI<\/strong><\/strong><\/th><th class=\"has-text-align-center\" data-align=\"center\"><strong>SUDCOVIA<\/strong><\/th><th class=\"has-text-align-center\" data-align=\"center\"><\/th><th class=\"has-text-align-center\" data-align=\"center\"><strong>SK\u00d3RE<\/strong><\/th><th class=\"has-text-align-center\" data-align=\"center\"><strong>BODY<\/strong><\/th><th class=\"has-text-align-center\" data-align=\"center\"><strong>PORADIE<\/strong><\/th><\/tr><\/thead><tbody><tr><td><strong><strong>\u0160TUDENTI<\/strong><\/strong><\/td><td class=\"has-text-align-center\" data-align=\"center\">&#8211;<\/td><td class=\"has-text-align-center\" data-align=\"center\">2 : 2<\/td><td class=\"has-text-align-center\" data-align=\"center\">6 : 3<\/td><td class=\"has-text-align-center\" data-align=\"center\">5 : 1<\/td><td class=\"has-text-align-center\" data-align=\"center\"><\/td><td class=\"has-text-align-center\" data-align=\"center\">13 : 6<\/td><td class=\"has-text-align-center\" data-align=\"center\">7<\/td><td class=\"has-text-align-center\" data-align=\"center\">I.<\/td><\/tr><tr><td><strong>PROKUR\u00c1TORI<\/strong>  <\/td><td class=\"has-text-align-center\" data-align=\"center\">2 : 2<\/td><td class=\"has-text-align-center\" data-align=\"center\">&#8211;<\/td><td class=\"has-text-align-center\" data-align=\"center\">4 : 2<\/td><td class=\"has-text-align-center\" data-align=\"center\">2 : 2<\/td><td class=\"has-text-align-center\" data-align=\"center\"><\/td><td class=\"has-text-align-center\" data-align=\"center\">8 : 6<\/td><td class=\"has-text-align-center\" data-align=\"center\">5<\/td><td class=\"has-text-align-center\" data-align=\"center\">II.<\/td><\/tr><tr><td><strong>ADVOK\u00c1TI<\/strong><\/td><td class=\"has-text-align-center\" data-align=\"center\">3 : 6<\/td><td class=\"has-text-align-center\" data-align=\"center\">2 : 4<\/td><td class=\"has-text-align-center\" data-align=\"center\">&#8211;<\/td><td class=\"has-text-align-center\" data-align=\"center\">1 : 5<\/td><td class=\"has-text-align-center\" data-align=\"center\"><\/td><td class=\"has-text-align-center\" data-align=\"center\">6 : 15<\/td><td class=\"has-text-align-center\" data-align=\"center\">0<\/td><td class=\"has-text-align-center\" data-align=\"center\">IV.<\/td><\/tr><tr><td><strong>SUDCOVIA<\/strong><\/td><td class=\"has-text-align-center\" data-align=\"center\">1 : 5<\/td><td class=\"has-text-align-center\" data-align=\"center\">2 : 2<\/td><td class=\"has-text-align-center\" data-align=\"center\">5 : 1<\/td><td class=\"has-text-align-center\" data-align=\"center\">&#8211;<\/td><td class=\"has-text-align-center\" data-align=\"center\"><\/td><td class=\"has-text-align-center\" data-align=\"center\">8 : 8<\/td><td class=\"has-text-align-center\" data-align=\"center\">4<\/td><td class=\"has-text-align-center\" data-align=\"center\">III.<\/td><\/tr><\/tbody><\/table><\/figure>\n\n\n<p>V\u0161etky fotografie z podujatia n\u00e1jdete <strong><a href=\"https:\/\/pvtsub.pravo.upjs.sk\/Memorial\/2023_05_08_Memorial.zip\">TU<\/a>.<\/strong><\/p>","protected":false},"excerpt":{"rendered":"<p>Poradie z\u00e1pasov: U\u010cITELIA \u2013 COLN\u00cdCI 0 : 3 \u0160TUDENTI &#8211; PROKUR\u00c1TORI 2 : 2 COLN\u00cdCI &#8211; POLICAJTI 2 : 3 PROKUR\u00c1TORI &#8211; ADVOK\u00c1TI 4 : 2 U\u010cITELIA &#8211; NOT\u00c1RI 4 : 3 \u0160TUDENTI &#8211; SUDCOVIA 5 : 1 POLICAJTI &#8211; U\u010cITELIA 5 : 0 ADVOK\u00c1TI &#8211; \u0160TUDENTI 3 : 6 NOT\u00c1RI &#8211; POLICAJTI 1 : &hellip; <a href=\"https:\/\/www.upjs.sk\/pravnicka-fakulta\/memorial-judr-milana-gejdosa-csc\/2023-2\/\">\u010c\u00edta\u0165 \u010falej<\/a><\/p>\n","protected":false},"author":1,"featured_media":13928,"parent":13272,"menu_order":2,"comment_status":"closed","ping_status":"closed","template":"","meta":{"_acf_changed":false,"_editorskit_title_hidden":false,"_editorskit_reading_time":1,"_editorskit_is_block_options_detached":false,"_editorskit_block_options_position":"{}","footnotes":""},"categories":[],"tags":[],"class_list":["post-39507","page","type-page","status-publish","has-post-thumbnail","hentry"],"acf":{"acf_link_na_externy_obsah":""},"yoast_head":"<!-- This site is optimized with the Yoast SEO plugin v27.2 - https:\/\/yoast.com\/product\/yoast-seo-wordpress\/ -->\n<title>2023 - XXIV. ro\u010dn\u00edk - Pr\u00e1vnick\u00e1 fakulta | UPJ\u0160<\/title>\n<meta name=\"robots\" content=\"index, follow, max-snippet:-1, max-image-preview:large, max-video-preview:-1\" \/>\n<link rel=\"canonical\" href=\"https:\/\/www.upjs.sk\/pravnicka-fakulta\/memorial-judr-milana-gejdosa-csc\/2023-2\/\" \/>\n<meta property=\"og:locale\" content=\"sk_SK\" \/>\n<meta property=\"og:type\" content=\"article\" \/>\n<meta property=\"og:title\" content=\"2023 - XXIV. ro\u010dn\u00edk - Pr\u00e1vnick\u00e1 fakulta | UPJ\u0160\" \/>\n<meta property=\"og:description\" content=\"Poradie z\u00e1pasov: U\u010cITELIA \u2013 COLN\u00cdCI 0 : 3 \u0160TUDENTI &#8211; PROKUR\u00c1TORI 2 : 2 COLN\u00cdCI &#8211; POLICAJTI 2 : 3 PROKUR\u00c1TORI &#8211; ADVOK\u00c1TI 4 : 2 U\u010cITELIA &#8211; NOT\u00c1RI 4 : 3 \u0160TUDENTI &#8211; SUDCOVIA 5 : 1 POLICAJTI &#8211; U\u010cITELIA 5 : 0 ADVOK\u00c1TI &#8211; \u0160TUDENTI 3 : 6 NOT\u00c1RI &#8211; POLICAJTI 1 : &hellip; \u010c\u00edta\u0165 \u010falej\" \/>\n<meta property=\"og:url\" content=\"https:\/\/www.upjs.sk\/pravnicka-fakulta\/memorial-judr-milana-gejdosa-csc\/2023-2\/\" \/>\n<meta property=\"og:site_name\" content=\"Pr\u00e1vnick\u00e1 fakulta | UPJ\u0160\" \/>\n<meta property=\"article:modified_time\" content=\"2025-05-09T12:51:47+00:00\" \/>\n<meta property=\"og:image\" content=\"https:\/\/www.upjs.sk\/app\/uploads\/sites\/11\/2022\/09\/20220508075229.jpg\" \/>\n\t<meta property=\"og:image:width\" content=\"360\" \/>\n\t<meta property=\"og:image:height\" content=\"798\" \/>\n\t<meta property=\"og:image:type\" content=\"image\/jpeg\" \/>\n<meta name=\"twitter:card\" content=\"summary_large_image\" \/>\n<meta name=\"twitter:label1\" content=\"Predpokladan\u00fd \u010das \u010d\u00edtania\" \/>\n\t<meta name=\"twitter:data1\" content=\"2 min\u00faty\" \/>\n<script type=\"application\/ld+json\" class=\"yoast-schema-graph\">{\"@context\":\"https:\/\/schema.org\",\"@graph\":[{\"@type\":\"WebPage\",\"@id\":\"https:\/\/www.upjs.sk\/pravnicka-fakulta\/memorial-judr-milana-gejdosa-csc\/2023-2\/\",\"url\":\"https:\/\/www.upjs.sk\/pravnicka-fakulta\/memorial-judr-milana-gejdosa-csc\/2023-2\/\",\"name\":\"2023 - XXIV. ro\u010dn\u00edk - Pr\u00e1vnick\u00e1 fakulta | UPJ\u0160\",\"isPartOf\":{\"@id\":\"https:\/\/www.upjs.sk\/pravnicka-fakulta\/#website\"},\"primaryImageOfPage\":{\"@id\":\"https:\/\/www.upjs.sk\/pravnicka-fakulta\/memorial-judr-milana-gejdosa-csc\/2023-2\/#primaryimage\"},\"image\":{\"@id\":\"https:\/\/www.upjs.sk\/pravnicka-fakulta\/memorial-judr-milana-gejdosa-csc\/2023-2\/#primaryimage\"},\"thumbnailUrl\":\"https:\/\/www.upjs.sk\/app\/uploads\/sites\/11\/2022\/09\/20220508075229.jpg\",\"datePublished\":\"2023-05-09T09:13:29+00:00\",\"dateModified\":\"2025-05-09T12:51:47+00:00\",\"breadcrumb\":{\"@id\":\"https:\/\/www.upjs.sk\/pravnicka-fakulta\/memorial-judr-milana-gejdosa-csc\/2023-2\/#breadcrumb\"},\"inLanguage\":\"sk-SK\",\"potentialAction\":[{\"@type\":\"ReadAction\",\"target\":[\"https:\/\/www.upjs.sk\/pravnicka-fakulta\/memorial-judr-milana-gejdosa-csc\/2023-2\/\"]}]},{\"@type\":\"ImageObject\",\"inLanguage\":\"sk-SK\",\"@id\":\"https:\/\/www.upjs.sk\/pravnicka-fakulta\/memorial-judr-milana-gejdosa-csc\/2023-2\/#primaryimage\",\"url\":\"https:\/\/www.upjs.sk\/app\/uploads\/sites\/11\/2022\/09\/20220508075229.jpg\",\"contentUrl\":\"https:\/\/www.upjs.sk\/app\/uploads\/sites\/11\/2022\/09\/20220508075229.jpg\",\"width\":360,\"height\":798,\"caption\":\"2022\"},{\"@type\":\"BreadcrumbList\",\"@id\":\"https:\/\/www.upjs.sk\/pravnicka-fakulta\/memorial-judr-milana-gejdosa-csc\/2023-2\/#breadcrumb\",\"itemListElement\":[{\"@type\":\"ListItem\",\"position\":1,\"name\":\"Home\",\"item\":\"https:\/\/www.upjs.sk\/pravnicka-fakulta\/\"},{\"@type\":\"ListItem\",\"position\":2,\"name\":\"Memori\u00e1l JUDr. Milana Gejdo\u0161a, CSc.\",\"item\":\"https:\/\/www.upjs.sk\/pravnicka-fakulta\/memorial-judr-milana-gejdosa-csc\/\"},{\"@type\":\"ListItem\",\"position\":3,\"name\":\"2023 &#8211; XXIV. ro\u010dn\u00edk\"}]},{\"@type\":\"WebSite\",\"@id\":\"https:\/\/www.upjs.sk\/pravnicka-fakulta\/#website\",\"url\":\"https:\/\/www.upjs.sk\/pravnicka-fakulta\/\",\"name\":\"Pr\u00e1vnick\u00e1 fakulta | UPJ\u0160\",\"description\":\"\",\"publisher\":{\"@id\":\"https:\/\/www.upjs.sk\/pravnicka-fakulta\/#organization\"},\"potentialAction\":[{\"@type\":\"SearchAction\",\"target\":{\"@type\":\"EntryPoint\",\"urlTemplate\":\"https:\/\/www.upjs.sk\/pravnicka-fakulta\/?s={search_term_string}\"},\"query-input\":{\"@type\":\"PropertyValueSpecification\",\"valueRequired\":true,\"valueName\":\"search_term_string\"}}],\"inLanguage\":\"sk-SK\"},{\"@type\":\"Organization\",\"@id\":\"https:\/\/www.upjs.sk\/pravnicka-fakulta\/#organization\",\"name\":\"Pr\u00e1vnick\u00e1 fakulta | UPJ\u0160\",\"url\":\"https:\/\/www.upjs.sk\/pravnicka-fakulta\/\",\"logo\":{\"@type\":\"ImageObject\",\"inLanguage\":\"sk-SK\",\"@id\":\"https:\/\/www.upjs.sk\/pravnicka-fakulta\/#\/schema\/logo\/image\/\",\"url\":\"https:\/\/www.upjs.sk\/app\/uploads\/sites\/11\/2022\/09\/logo-pravnicka-fakulta.png\",\"contentUrl\":\"https:\/\/www.upjs.sk\/app\/uploads\/sites\/11\/2022\/09\/logo-pravnicka-fakulta.png\",\"width\":415,\"height\":87,\"caption\":\"Pr\u00e1vnick\u00e1 fakulta | UPJ\u0160\"},\"image\":{\"@id\":\"https:\/\/www.upjs.sk\/pravnicka-fakulta\/#\/schema\/logo\/image\/\"}}]}<\/script>\n<!-- \/ Yoast SEO plugin. -->","yoast_head_json":{"title":"2023 - XXIV. ro\u010dn\u00edk - Pr\u00e1vnick\u00e1 fakulta | UPJ\u0160","robots":{"index":"index","follow":"follow","max-snippet":"max-snippet:-1","max-image-preview":"max-image-preview:large","max-video-preview":"max-video-preview:-1"},"canonical":"https:\/\/www.upjs.sk\/pravnicka-fakulta\/memorial-judr-milana-gejdosa-csc\/2023-2\/","og_locale":"sk_SK","og_type":"article","og_title":"2023 - XXIV. ro\u010dn\u00edk - Pr\u00e1vnick\u00e1 fakulta | UPJ\u0160","og_description":"Poradie z\u00e1pasov: U\u010cITELIA \u2013 COLN\u00cdCI 0 : 3 \u0160TUDENTI &#8211; PROKUR\u00c1TORI 2 : 2 COLN\u00cdCI &#8211; POLICAJTI 2 : 3 PROKUR\u00c1TORI &#8211; ADVOK\u00c1TI 4 : 2 U\u010cITELIA &#8211; NOT\u00c1RI 4 : 3 \u0160TUDENTI &#8211; SUDCOVIA 5 : 1 POLICAJTI &#8211; U\u010cITELIA 5 : 0 ADVOK\u00c1TI &#8211; \u0160TUDENTI 3 : 6 NOT\u00c1RI &#8211; POLICAJTI 1 : &hellip; \u010c\u00edta\u0165 \u010falej","og_url":"https:\/\/www.upjs.sk\/pravnicka-fakulta\/memorial-judr-milana-gejdosa-csc\/2023-2\/","og_site_name":"Pr\u00e1vnick\u00e1 fakulta | UPJ\u0160","article_modified_time":"2025-05-09T12:51:47+00:00","og_image":[{"width":360,"height":798,"url":"https:\/\/www.upjs.sk\/app\/uploads\/sites\/11\/2022\/09\/20220508075229.jpg","type":"image\/jpeg"}],"twitter_card":"summary_large_image","twitter_misc":{"Predpokladan\u00fd \u010das \u010d\u00edtania":"2 min\u00faty"},"schema":{"@context":"https:\/\/schema.org","@graph":[{"@type":"WebPage","@id":"https:\/\/www.upjs.sk\/pravnicka-fakulta\/memorial-judr-milana-gejdosa-csc\/2023-2\/","url":"https:\/\/www.upjs.sk\/pravnicka-fakulta\/memorial-judr-milana-gejdosa-csc\/2023-2\/","name":"2023 - XXIV. ro\u010dn\u00edk - Pr\u00e1vnick\u00e1 fakulta | UPJ\u0160","isPartOf":{"@id":"https:\/\/www.upjs.sk\/pravnicka-fakulta\/#website"},"primaryImageOfPage":{"@id":"https:\/\/www.upjs.sk\/pravnicka-fakulta\/memorial-judr-milana-gejdosa-csc\/2023-2\/#primaryimage"},"image":{"@id":"https:\/\/www.upjs.sk\/pravnicka-fakulta\/memorial-judr-milana-gejdosa-csc\/2023-2\/#primaryimage"},"thumbnailUrl":"https:\/\/www.upjs.sk\/app\/uploads\/sites\/11\/2022\/09\/20220508075229.jpg","datePublished":"2023-05-09T09:13:29+00:00","dateModified":"2025-05-09T12:51:47+00:00","breadcrumb":{"@id":"https:\/\/www.upjs.sk\/pravnicka-fakulta\/memorial-judr-milana-gejdosa-csc\/2023-2\/#breadcrumb"},"inLanguage":"sk-SK","potentialAction":[{"@type":"ReadAction","target":["https:\/\/www.upjs.sk\/pravnicka-fakulta\/memorial-judr-milana-gejdosa-csc\/2023-2\/"]}]},{"@type":"ImageObject","inLanguage":"sk-SK","@id":"https:\/\/www.upjs.sk\/pravnicka-fakulta\/memorial-judr-milana-gejdosa-csc\/2023-2\/#primaryimage","url":"https:\/\/www.upjs.sk\/app\/uploads\/sites\/11\/2022\/09\/20220508075229.jpg","contentUrl":"https:\/\/www.upjs.sk\/app\/uploads\/sites\/11\/2022\/09\/20220508075229.jpg","width":360,"height":798,"caption":"2022"},{"@type":"BreadcrumbList","@id":"https:\/\/www.upjs.sk\/pravnicka-fakulta\/memorial-judr-milana-gejdosa-csc\/2023-2\/#breadcrumb","itemListElement":[{"@type":"ListItem","position":1,"name":"Home","item":"https:\/\/www.upjs.sk\/pravnicka-fakulta\/"},{"@type":"ListItem","position":2,"name":"Memori\u00e1l JUDr. Milana Gejdo\u0161a, CSc.","item":"https:\/\/www.upjs.sk\/pravnicka-fakulta\/memorial-judr-milana-gejdosa-csc\/"},{"@type":"ListItem","position":3,"name":"2023 &#8211; XXIV. ro\u010dn\u00edk"}]},{"@type":"WebSite","@id":"https:\/\/www.upjs.sk\/pravnicka-fakulta\/#website","url":"https:\/\/www.upjs.sk\/pravnicka-fakulta\/","name":"Pr\u00e1vnick\u00e1 fakulta | UPJ\u0160","description":"","publisher":{"@id":"https:\/\/www.upjs.sk\/pravnicka-fakulta\/#organization"},"potentialAction":[{"@type":"SearchAction","target":{"@type":"EntryPoint","urlTemplate":"https:\/\/www.upjs.sk\/pravnicka-fakulta\/?s={search_term_string}"},"query-input":{"@type":"PropertyValueSpecification","valueRequired":true,"valueName":"search_term_string"}}],"inLanguage":"sk-SK"},{"@type":"Organization","@id":"https:\/\/www.upjs.sk\/pravnicka-fakulta\/#organization","name":"Pr\u00e1vnick\u00e1 fakulta | UPJ\u0160","url":"https:\/\/www.upjs.sk\/pravnicka-fakulta\/","logo":{"@type":"ImageObject","inLanguage":"sk-SK","@id":"https:\/\/www.upjs.sk\/pravnicka-fakulta\/#\/schema\/logo\/image\/","url":"https:\/\/www.upjs.sk\/app\/uploads\/sites\/11\/2022\/09\/logo-pravnicka-fakulta.png","contentUrl":"https:\/\/www.upjs.sk\/app\/uploads\/sites\/11\/2022\/09\/logo-pravnicka-fakulta.png","width":415,"height":87,"caption":"Pr\u00e1vnick\u00e1 fakulta | UPJ\u0160"},"image":{"@id":"https:\/\/www.upjs.sk\/pravnicka-fakulta\/#\/schema\/logo\/image\/"}}]}},"_links":{"self":[{"href":"https:\/\/www.upjs.sk\/pravnicka-fakulta\/wp-json\/wp\/v2\/pages\/39507","targetHints":{"allow":["GET"]}}],"collection":[{"href":"https:\/\/www.upjs.sk\/pravnicka-fakulta\/wp-json\/wp\/v2\/pages"}],"about":[{"href":"https:\/\/www.upjs.sk\/pravnicka-fakulta\/wp-json\/wp\/v2\/types\/page"}],"author":[{"embeddable":true,"href":"https:\/\/www.upjs.sk\/pravnicka-fakulta\/wp-json\/wp\/v2\/users\/1"}],"replies":[{"embeddable":true,"href":"https:\/\/www.upjs.sk\/pravnicka-fakulta\/wp-json\/wp\/v2\/comments?post=39507"}],"version-history":[{"count":12,"href":"https:\/\/www.upjs.sk\/pravnicka-fakulta\/wp-json\/wp\/v2\/pages\/39507\/revisions"}],"predecessor-version":[{"id":47788,"href":"https:\/\/www.upjs.sk\/pravnicka-fakulta\/wp-json\/wp\/v2\/pages\/39507\/revisions\/47788"}],"up":[{"embeddable":true,"href":"https:\/\/www.upjs.sk\/pravnicka-fakulta\/wp-json\/wp\/v2\/pages\/13272"}],"wp:featuredmedia":[{"embeddable":true,"href":"https:\/\/www.upjs.sk\/pravnicka-fakulta\/wp-json\/wp\/v2\/media\/13928"}],"wp:attachment":[{"href":"https:\/\/www.upjs.sk\/pravnicka-fakulta\/wp-json\/wp\/v2\/media?parent=39507"}],"wp:term":[{"taxonomy":"category","embeddable":true,"href":"https:\/\/www.upjs.sk\/pravnicka-fakulta\/wp-json\/wp\/v2\/categories?post=39507"},{"taxonomy":"post_tag","embeddable":true,"href":"https:\/\/www.upjs.sk\/pravnicka-fakulta\/wp-json\/wp\/v2\/tags?post=39507"}],"curies":[{"name":"wp","href":"https:\/\/api.w.org\/{rel}","templated":true}]}}