{"id":39803,"date":"2023-05-17T08:38:29","date_gmt":"2023-05-17T07:38:29","guid":{"rendered":"https:\/\/www.upjs.sk\/pravnicka-fakulta\/informacie-pre-verejnost-a-media\/vyberove-konania\/vysledky-vyberovych-konani\/"},"modified":"2026-02-27T14:34:42","modified_gmt":"2026-02-27T13:34:42","slug":"vysledky-vyberovych-konani","status":"publish","type":"page","link":"https:\/\/www.upjs.sk\/pravnicka-fakulta\/informacie-pre-verejnost-a-media\/vyberove-konania\/vysledky-vyberovych-konani\/","title":{"rendered":"V\u00fdsledky v\u00fdberov\u00fdch konan\u00ed"},"content":{"rendered":"\n<p><\/p>\n\n\n\n<p><a href=\"https:\/\/www.upjs.sk\/app\/uploads\/sites\/11\/2026\/02\/2026-02-27_doc-KDSaP-full.pdf\">1 pracovn\u00e9 miesto vysoko\u0161kolsk\u00e9ho u\u010dite\u013ea na funk\u010dnom mieste docenta pre te\u00f3riu a dejiny \u0161t\u00e1tu a pr\u00e1va na Katedre dej\u00edn \u0161t\u00e1tu a pr\u00e1va<\/a> <br><a href=\"https:\/\/www.upjs.sk\/app\/uploads\/sites\/11\/2026\/02\/2026-02-27_doc-UTPGR-full.pdf\">1 pracovn\u00e9 miesto vysoko\u0161kolsk\u00e9ho u\u010dite\u013ea na funk\u010dnom mieste docenta pre te\u00f3riu a dejiny \u0161t\u00e1tu a pr\u00e1va na \u00dastave te\u00f3rie pr\u00e1va Gustava Radbrucha<\/a> <\/p>\n\n\n\n<p><a href=\"https:\/\/www.upjs.sk\/app\/uploads\/sites\/11\/2025\/12\/2025-12-12_odb.as_.-KOP-full.pdf\">1 pracovn\u00e9 miesto vysoko\u0161kolsk\u00e9ho u\u010dite\u013ea pre v\u00fdkon funkcie odborn\u00e9ho asistenta pre ob\u010dianske pr\u00e1vo na Katedre ob\u010dianskeho pr\u00e1va<\/a><br><a href=\"https:\/\/www.upjs.sk\/app\/uploads\/sites\/11\/2025\/12\/2025-12-12_odb.as_.-PPK-full.pdf\">1 pracovn\u00e9 miesto vysoko\u0161kolsk\u00e9ho u\u010dite\u013ea pre v\u00fdkon funkcie odborn\u00e9ho asistenta na Pracovisko pr\u00e1vnych klin\u00edk<\/a><\/p>\n\n\n\n<p><a href=\"https:\/\/www.upjs.sk\/app\/uploads\/sites\/11\/2025\/09\/2025-09-17_odb.as_.-KUPaSP-full.pdf\">1 pracovn\u00e9 miesto vysoko\u0161kolsk\u00e9ho u\u010dite\u013ea pre v\u00fdkon funkcie odborn\u00e9ho asistenta pre \u00fastavn\u00e9 pr\u00e1vo na Katedre \u00fastavn\u00e9ho pr\u00e1va a spr\u00e1vneho pr\u00e1va<\/a><br><a href=\"https:\/\/www.upjs.sk\/app\/uploads\/sites\/11\/2025\/09\/2025-09-17_odb.as_.-UTPGR-full.pdf\">1 pracovn\u00e9 miesto vysoko\u0161kolsk\u00e9ho u\u010dite\u013ea pre v\u00fdkon funkcie odborn\u00e9ho asistenta pre te\u00f3riu a dejiny \u0161t\u00e1tu a pr\u00e1va na \u00dastave te\u00f3rie pr\u00e1va Gustava Radbrucha<\/a><\/p>\n\n\n\n<p><a href=\"https:\/\/www.upjs.sk\/app\/uploads\/sites\/11\/2025\/09\/2025-09-12_odb.as_.-KOP-full.pdf\">1 pracovn\u00e9 miesto vysoko\u0161kolsk\u00e9ho u\u010dite\u013ea pre v\u00fdkon funkcie odborn\u00e9ho asistenta pre ob\u010dianske pr\u00e1vo na Katedre ob\u010dianskeho pr\u00e1va<\/a><br><a href=\"https:\/\/www.upjs.sk\/app\/uploads\/sites\/11\/2025\/09\/2025-09-12_odb.as_.-KPPaPSZ-full.pdf\">1 pracovn\u00e9 miesto vysoko\u0161kolsk\u00e9ho u\u010dite\u013ea pre v\u00fdkon funkcie odborn\u00e9ho asistenta pre pracovn\u00e9 pr\u00e1vo na Katedre pracovn\u00e9ho pr\u00e1va a pr\u00e1va soci\u00e1lneho zabezpe\u010denia<\/a><br><a href=\"https:\/\/www.upjs.sk\/app\/uploads\/sites\/11\/2025\/09\/2025-09-12_vysk.prac_.-KOPaHP-full.pdf\">1 pracovn\u00e9 miesto v\u00fdskumn\u00e9ho pracovn\u00edka pre v\u00fdkon funkcie vedeck\u00fd pracovn\u00edk&nbsp;na Katedre obchodn\u00e9ho pr\u00e1va a hospod\u00e1rskeho pr\u00e1va<\/a><\/p>\n\n\n\n<p><a href=\"https:\/\/www.upjs.sk\/app\/uploads\/sites\/11\/2025\/09\/2025-09-04_odb.as_.-KDSaP-full.pdf\">1 pracovn\u00e9 miesto vysoko\u0161kolsk\u00e9ho u\u010dite\u013ea pre v\u00fdkon funkcie odborn\u00e9ho asistenta pre r\u00edmske pr\u00e1vo na Katedre dej\u00edn \u0161t\u00e1tu a pr\u00e1va<\/a><\/p>\n\n\n\n<p><a href=\"https:\/\/www.upjs.sk\/app\/uploads\/sites\/11\/2025\/06\/2025-06-25_prof-KUPaSP_full.pdf\">1 pracovn\u00e9 miesto vysoko\u0161kolsk\u00e9ho u\u010dite\u013ea na funk\u010dnom mieste profesora pre spr\u00e1vne pr\u00e1vo na Katedre \u00fastavn\u00e9ho pr\u00e1va a spr\u00e1vneho pr\u00e1va<\/a><br><a href=\"https:\/\/www.upjs.sk\/app\/uploads\/sites\/11\/2025\/06\/2025-06-25_prof-KPPaPSZ_full.pdf\">1 pracovn\u00e9 miesto vysoko\u0161kolsk\u00e9ho u\u010dite\u013ea na funk\u010dnom mieste profesora pre pracovn\u00e9 pr\u00e1vo na Katedre pracovn\u00e9ho pr\u00e1va a pr\u00e1va soci\u00e1lneho zabezpe\u010denia<\/a><\/p>\n\n\n\n<p><a href=\"https:\/\/www.upjs.sk\/app\/uploads\/sites\/11\/2024\/12\/2024-11-27_prof-UMPaEP_V2.pdf\">1 pracovn\u00e9 miesto vysoko\u0161kolsk\u00e9ho u\u010dite\u013ea na funk\u010dnom mieste profesora pre eur\u00f3pske pr\u00e1vo na \u00dastave medzin\u00e1rodn\u00e9ho pr\u00e1va a eur\u00f3pskeho pr\u00e1va<\/a><\/p>\n\n\n\n<p><a href=\"https:\/\/www.upjs.sk\/app\/uploads\/sites\/11\/2024\/11\/2024-11-12_odb.as_.-KOP.pdf\">1 pracovn\u00e9 miesto vysoko\u0161kolsk\u00e9ho u\u010dite\u013ea pre v\u00fdkon funkcie odborn\u00e9ho asistenta pre ob\u010dianske pr\u00e1vo na Katedre ob\u010dianskeho pr\u00e1va<\/a><br><a href=\"https:\/\/www.upjs.sk\/app\/uploads\/sites\/11\/2024\/11\/2024-11-12_odb.as_.-KTP.pdf\">2 pracovn\u00e9 miesta vysoko\u0161kolsk\u00fdch u\u010dite\u013eov pre v\u00fdkon funkcie odborn\u00e9ho asistenta pre trestn\u00e9 pr\u00e1vo na Katedre trestn\u00e9ho pr\u00e1va<\/a><\/p>\n\n\n\n<p><a href=\"https:\/\/www.upjs.sk\/app\/uploads\/sites\/11\/2024\/11\/2024-11-11_odb.as_.-KFPDPaE.pdf\">1 pracovn\u00e9 miesto vysoko\u0161kolsk\u00e9ho u\u010dite\u013ea pre v\u00fdkon funkcie odborn\u00e9ho asistenta pre finan\u010dn\u00e9 a da\u0148ov\u00e9 pr\u00e1vo na Katedre finan\u010dn\u00e9ho pr\u00e1va, da\u0148ov\u00e9ho pr\u00e1va a ekon\u00f3mie<\/a><br><a href=\"https:\/\/www.upjs.sk\/app\/uploads\/sites\/11\/2024\/11\/2024-11-11_odb.as_.-KUPaSP.pdf\">1 pracovn\u00e9 miesto vysoko\u0161kolsk\u00e9ho u\u010dite\u013ea pre v\u00fdkon funkcie odborn\u00e9ho asistenta pre \u00fastavn\u00e9 pr\u00e1vo na Katedre \u00fastavn\u00e9ho pr\u00e1va a spr\u00e1vneho pr\u00e1va<\/a><br><a href=\"https:\/\/www.upjs.sk\/app\/uploads\/sites\/11\/2024\/11\/2024-11-11_odb.as_.-UMPaEP.pdf\">1 pracovn\u00e9 miesto vysoko\u0161kolsk\u00e9ho u\u010dite\u013ea pre v\u00fdkon funkcie odborn\u00e9ho asistenta pre medzin\u00e1rodn\u00e9 pr\u00e1vo na \u00dastave medzin\u00e1rodn\u00e9ho pr\u00e1va a eur\u00f3pskeho pr\u00e1va<\/a><br><a href=\"https:\/\/www.upjs.sk\/app\/uploads\/sites\/11\/2024\/11\/2024-11-11_odb.as_.-UTPGR.pdf\">1 pracovn\u00e9 miesto vysoko\u0161kolsk\u00e9ho u\u010dite\u013ea pre v\u00fdkon funkcie odborn\u00e9ho asistenta pre te\u00f3riu a dejiny \u0161t\u00e1tu a pr\u00e1va na \u00dastave te\u00f3rie pr\u00e1va Gustava Radbrucha<\/a><\/p>\n\n\n\n<p><a href=\"https:\/\/www.upjs.sk\/app\/uploads\/sites\/11\/2024\/07\/2024-07-31_odb.as_.-KUPaSP.pdf\" class=\"ek-link\">1 pracovn\u00e9 miesto vysoko\u0161kolsk\u00e9ho u\u010dite\u013ea pre v\u00fdkon funkcie odborn\u00e9ho asistenta pre spr\u00e1vne pr\u00e1vo na Katedre \u00fastavn\u00e9ho pr\u00e1va a spr\u00e1vneho pr\u00e1va<\/a><\/p>\n\n\n\n<p><a href=\"https:\/\/www.upjs.sk\/app\/uploads\/sites\/11\/2024\/06\/2024-06-20_doc-KOPaHP.pdf\" class=\"ek-link\">1 pracovn\u00e9 miesto vysoko\u0161kolsk\u00e9ho u\u010dite\u013ea na funk\u010dnom mieste docenta pre obchodn\u00e9 pr\u00e1vo na Katedre obchodn\u00e9ho pr\u00e1va a hospod\u00e1rskeho pr\u00e1va<\/a><\/p>\n\n\n\n<ul class=\"wp-block-list\">\n<li><strong><a href=\"https:\/\/www.upjs.sk\/app\/uploads\/sites\/11\/2024\/06\/2024-05-06_veduci-katedier.pdf\" class=\"ek-link\">ved\u00faci Katedry finan\u010dn\u00e9ho pr\u00e1va, da\u0148ov\u00e9ho pr\u00e1va a ekon\u00f3mie <\/a><\/strong><\/li>\n\n\n\n<li><strong><a href=\"https:\/\/www.upjs.sk\/app\/uploads\/sites\/11\/2024\/06\/2024-05-06_veduci-katedier.pdf\" class=\"ek-link\">ved\u00faci Katedry ob\u010dianskeho pr\u00e1va<\/a><\/strong><\/li>\n\n\n\n<li><strong><a href=\"https:\/\/www.upjs.sk\/app\/uploads\/sites\/11\/2024\/06\/2024-05-06_veduci-katedier.pdf\" class=\"ek-link\">ved\u00faci Katedry trestn\u00e9ho pr\u00e1va<\/a><\/strong><\/li>\n<\/ul>\n\n\n\n<p><\/p>\n\n\n\n<p><a href=\"https:\/\/www.upjs.sk\/app\/uploads\/sites\/11\/2024\/04\/2024-03-24_prof-KTP.pdf\" class=\"ek-link\">1 pracovn\u00e9 miesto vysoko\u0161kolsk\u00e9ho u\u010dite\u013ea na funk\u010dnom mieste profesora pre trestn\u00e9 pr\u00e1vo na Katedre trestn\u00e9ho pr\u00e1va<\/a><br><a href=\"https:\/\/www.upjs.sk\/app\/uploads\/sites\/11\/2024\/04\/2024-03-24_doc-KPPaPSZ.pdf\" class=\"ek-link\">1 pracovn\u00e9 miesto vysoko\u0161kolsk\u00e9ho u\u010dite\u013ea na funk\u010dnom mieste docenta pre pracovn\u00e9 pr\u00e1vo na Katedre pracovn\u00e9ho pr\u00e1va a pr\u00e1va soci\u00e1lneho zabezpe\u010denia<\/a><br><a href=\"https:\/\/www.upjs.sk\/app\/uploads\/sites\/11\/2024\/04\/2024-03-24_prof-KOP.pdf\" class=\"ek-link\">1 pracovn\u00e9 miesto vysoko\u0161kolsk\u00e9ho u\u010dite\u013ea na funk\u010dnom mieste profesora pre ob\u010dianske pr\u00e1vo na Katedre ob\u010dianskeho pr\u00e1va<\/a><br><a href=\"https:\/\/www.upjs.sk\/app\/uploads\/sites\/11\/2024\/04\/2024-03-24_doc-KOP.pdf\" class=\"ek-link\">2 pracovn\u00e9 miesta vysoko\u0161kolsk\u00e9ho u\u010dite\u013ea na funk\u010dnom mieste docenta pre ob\u010dianske pr\u00e1vo na Katedre ob\u010dianskeho pr\u00e1va<\/a><\/p>\n\n\n\n<p><a href=\"https:\/\/www.upjs.sk\/app\/uploads\/sites\/11\/2024\/03\/2024-03-14_odb.as_.-UTPGR.pdf\" class=\"ek-link\">1 pracovn\u00e9 miesto vysoko\u0161kolsk\u00e9ho u\u010dite\u013ea pre v\u00fdkon funkcie odborn\u00e9ho asistenta pre te\u00f3riu a dejiny \u0161t\u00e1tu a pr\u00e1va na \u00dastave te\u00f3rie pr\u00e1va Gustava Radbrucha<\/a><\/p>\n\n\n\n<p><a href=\"https:\/\/www.upjs.sk\/app\/uploads\/sites\/11\/2023\/11\/2023-11-14_odb.as_.-KOP.pdf\" class=\"ek-link\">1 pracovn\u00e9 miesto vysoko\u0161kolsk\u00e9ho u\u010dite\u013ea pre v\u00fdkon funkcie odborn\u00e9ho asistenta pre ob\u010dianske pr\u00e1vo na Katedre ob\u010dianskeho pr\u00e1va<\/a> <br><a href=\"https:\/\/www.upjs.sk\/app\/uploads\/sites\/11\/2023\/11\/2023-11-14_sam.ved_.prac-KFPDPaE.pdf\" class=\"ek-link\">1 pracovn\u00e9 miesto v\u00fdskumn\u00e9ho pracovn\u00edka pre obsadenie funk\u010dn\u00e9ho miesta samostatn\u00fd vedeck\u00fd pracovn\u00edk na Katedre finan\u010dn\u00e9ho pr\u00e1va, da\u0148ov\u00e9ho pr\u00e1va a ekon\u00f3mie<\/a> <\/p>\n\n\n\n<p><a href=\"https:\/\/www.upjs.sk\/app\/uploads\/sites\/11\/2023\/10\/2023-10-18_odb.as_.-UMPaEP.pdf\" class=\"ek-link\">1 pracovn\u00e9ho miesta vysoko\u0161kolsk\u00e9ho u\u010dite\u013ea pre v\u00fdkon funkcie odborn\u00e9ho asistenta pre medzin\u00e1rodn\u00e9 pr\u00e1vo na \u00dastave medzin\u00e1rodn\u00e9ho pr\u00e1va a eur\u00f3pskeho pr\u00e1va<\/a><\/p>\n\n\n\n<p><a href=\"https:\/\/www.upjs.sk\/app\/uploads\/sites\/11\/2023\/08\/2023-08-30_doc-UMPaEP.pdf\" class=\"ek-link\">1 pracovn\u00e9 miesto vysoko\u0161kolsk\u00e9ho u\u010dite\u013ea na funk\u010dnom mieste docenta pre medzin\u00e1rodn\u00e9 pr\u00e1vo na \u00dastave medzin\u00e1rodn\u00e9ho pr\u00e1va a eur\u00f3pskeho pr\u00e1va<\/a><\/p>\n\n\n\n<p><a href=\"https:\/\/www.upjs.sk\/app\/uploads\/sites\/11\/2023\/08\/2023-08-30_odb.as_.-KTP.pdf\" class=\"ek-link\">2 pracovn\u00e9 miesta vysoko\u0161kolsk\u00fdch u\u010dite\u013eov pre v\u00fdkon funkcie odborn\u00e9ho asistenta pre trestn\u00e9 pr\u00e1vo na Katedre trestn\u00e9ho pr\u00e1va<\/a>       <br><a href=\"https:\/\/www.upjs.sk\/app\/uploads\/sites\/11\/2023\/08\/2023-08-30_odb.as_.-KOPaHP.pdf\" class=\"ek-link\">1 pracovn\u00e9 miesto vysoko\u0161kolsk\u00e9ho u\u010dite\u013ea pre v\u00fdkon funkcie odborn\u00e9ho asistenta pre obchodn\u00e9 pr\u00e1vo na Katedre obchodn\u00e9ho pr\u00e1va a hospod\u00e1rskeho pr\u00e1va<\/a><\/p>\n\n\n\n<p><a href=\"https:\/\/www.upjs.sk\/app\/uploads\/sites\/11\/2023\/08\/2023-08-30_asist.-KTP.pdf\" class=\"ek-link\">1 pracovn\u00e9 miesto vysoko\u0161kolsk\u00e9ho u\u010dite\u013ea pre v\u00fdkon funkcie asistenta pre trestn\u00e9 pr\u00e1vo na Katedre trestn\u00e9ho pr\u00e1va<\/a>        <br><a href=\"https:\/\/www.upjs.sk\/app\/uploads\/sites\/11\/2023\/08\/2023-08-30_asist.-UTPGR.pdf\" class=\"ek-link\">1 pracovn\u00e9 miesto vysoko\u0161kolsk\u00e9ho u\u010dite\u013ea pre v\u00fdkon funkcie asistenta pre te\u00f3riu a dejiny \u0161t\u00e1tu a pr\u00e1va na \u00dastave te\u00f3rie pr\u00e1va Gustava Radbrucha<\/a><\/p>\n\n\n\n<p><a href=\"https:\/\/www.upjs.sk\/app\/uploads\/sites\/11\/2023\/05\/2023-05-09_prof-KOPaHP-KFPDPaE.pdf\" class=\"ek-link\">1 pracovn\u00e9 miesto vysoko\u0161kolsk\u00e9ho u\u010dite\u013ea na funk\u010dnom mieste profesora pre obchodn\u00e9 pr\u00e1vo na Katedre obchodn\u00e9ho pr\u00e1va a hospod\u00e1rskeho pr\u00e1va<br>1 pracovn\u00e9 miesto vysoko\u0161kolsk\u00e9ho u\u010dite\u013ea na funk\u010dnom mieste profesora pre finan\u010dn\u00e9 a da\u0148ov\u00e9 pr\u00e1vo na Katedre finan\u010dn\u00e9ho pr\u00e1va, da\u0148ov\u00e9ho pr\u00e1va a ekon\u00f3mie<\/a><\/p>\n\n\n\n<p><a href=\"https:\/\/www.upjs.sk\/app\/uploads\/sites\/11\/2023\/05\/2023-05-09_doc-KUPaSP.pdf\" class=\"ek-link\">1 pracovn\u00e9 miesto vysoko\u0161kolsk\u00e9ho u\u010dite\u013ea na funk\u010dnom mieste docenta pre spr\u00e1vne pr\u00e1vo na Katedre \u00fastavn\u00e9ho pr\u00e1va a spr\u00e1vneho pr\u00e1va<br>1 pracovn\u00e9 miesto vysoko\u0161kolsk\u00e9ho u\u010dite\u013ea na funk\u010dnom mieste docenta pre \u00fastavn\u00e9 pr\u00e1vo na Katedre \u00fastavn\u00e9ho pr\u00e1va a spr\u00e1vneho pr\u00e1va<\/a><\/p>\n\n\n\n<p><a href=\"https:\/\/www.upjs.sk\/app\/uploads\/sites\/11\/2023\/05\/2023-05-09_doc-KOP-KTP.pdf\" class=\"ek-link\">1 pracovn\u00e9 miesto vysoko\u0161kolsk\u00e9ho u\u010dite\u013ea na funk\u010dnom mieste docenta pre ob\u010dianske pr\u00e1vo na Katedre ob\u010dianskeho pr\u00e1va<br>1 pracovn\u00e9 miesto vysoko\u0161kolsk\u00e9ho u\u010dite\u013ea na funk\u010dnom mieste docenta pre trestn\u00e9 pr\u00e1vo na Katedre trestn\u00e9ho pr\u00e1va<\/a><\/p>\n\n\n\n<p><\/p>\n","protected":false},"excerpt":{"rendered":"<p>1 pracovn\u00e9 miesto vysoko\u0161kolsk\u00e9ho u\u010dite\u013ea na funk\u010dnom mieste docenta pre te\u00f3riu a dejiny \u0161t\u00e1tu a pr\u00e1va na Katedre dej\u00edn \u0161t\u00e1tu a pr\u00e1va 1 pracovn\u00e9 miesto vysoko\u0161kolsk\u00e9ho u\u010dite\u013ea na funk\u010dnom mieste docenta pre te\u00f3riu a dejiny \u0161t\u00e1tu a pr\u00e1va na \u00dastave te\u00f3rie pr\u00e1va Gustava Radbrucha 1 pracovn\u00e9 miesto vysoko\u0161kolsk\u00e9ho u\u010dite\u013ea pre v\u00fdkon funkcie odborn\u00e9ho asistenta pre &hellip; <a href=\"https:\/\/www.upjs.sk\/pravnicka-fakulta\/informacie-pre-verejnost-a-media\/vyberove-konania\/vysledky-vyberovych-konani\/\">\u010c\u00edta\u0165 \u010falej<\/a><\/p>\n","protected":false},"author":24,"featured_media":0,"parent":13747,"menu_order":3,"comment_status":"closed","ping_status":"closed","template":"","meta":{"_acf_changed":false,"_editorskit_title_hidden":false,"_editorskit_reading_time":1,"_editorskit_is_block_options_detached":false,"_editorskit_block_options_position":"{}","footnotes":""},"categories":[],"tags":[],"class_list":["post-39803","page","type-page","status-publish","hentry"],"acf":{"acf_link_na_externy_obsah":""},"yoast_head":"<!-- This site is optimized with the Yoast SEO plugin v27.2 - https:\/\/yoast.com\/product\/yoast-seo-wordpress\/ -->\n<title>V\u00fdsledky v\u00fdberov\u00fdch konan\u00ed - Pr\u00e1vnick\u00e1 fakulta | UPJ\u0160<\/title>\n<meta name=\"robots\" content=\"index, follow, max-snippet:-1, max-image-preview:large, max-video-preview:-1\" \/>\n<link rel=\"canonical\" href=\"https:\/\/www.upjs.sk\/pravnicka-fakulta\/informacie-pre-verejnost-a-media\/vyberove-konania\/vysledky-vyberovych-konani\/\" \/>\n<meta property=\"og:locale\" content=\"sk_SK\" \/>\n<meta property=\"og:type\" content=\"article\" \/>\n<meta property=\"og:title\" content=\"V\u00fdsledky v\u00fdberov\u00fdch konan\u00ed - Pr\u00e1vnick\u00e1 fakulta | UPJ\u0160\" \/>\n<meta property=\"og:description\" content=\"1 pracovn\u00e9 miesto vysoko\u0161kolsk\u00e9ho u\u010dite\u013ea na funk\u010dnom mieste docenta pre te\u00f3riu a dejiny \u0161t\u00e1tu a pr\u00e1va na Katedre dej\u00edn \u0161t\u00e1tu a pr\u00e1va 1 pracovn\u00e9 miesto vysoko\u0161kolsk\u00e9ho u\u010dite\u013ea na funk\u010dnom mieste docenta pre te\u00f3riu a dejiny \u0161t\u00e1tu a pr\u00e1va na \u00dastave te\u00f3rie pr\u00e1va Gustava Radbrucha 1 pracovn\u00e9 miesto vysoko\u0161kolsk\u00e9ho u\u010dite\u013ea pre v\u00fdkon funkcie odborn\u00e9ho asistenta pre &hellip; \u010c\u00edta\u0165 \u010falej\" \/>\n<meta property=\"og:url\" content=\"https:\/\/www.upjs.sk\/pravnicka-fakulta\/informacie-pre-verejnost-a-media\/vyberove-konania\/vysledky-vyberovych-konani\/\" \/>\n<meta property=\"og:site_name\" content=\"Pr\u00e1vnick\u00e1 fakulta | UPJ\u0160\" \/>\n<meta property=\"article:modified_time\" content=\"2026-02-27T13:34:42+00:00\" \/>\n<meta name=\"twitter:card\" content=\"summary_large_image\" \/>\n<meta name=\"twitter:label1\" content=\"Predpokladan\u00fd \u010das \u010d\u00edtania\" \/>\n\t<meta name=\"twitter:data1\" content=\"5 min\u00fat\" \/>\n<script type=\"application\/ld+json\" class=\"yoast-schema-graph\">{\"@context\":\"https:\/\/schema.org\",\"@graph\":[{\"@type\":\"WebPage\",\"@id\":\"https:\/\/www.upjs.sk\/pravnicka-fakulta\/informacie-pre-verejnost-a-media\/vyberove-konania\/vysledky-vyberovych-konani\/\",\"url\":\"https:\/\/www.upjs.sk\/pravnicka-fakulta\/informacie-pre-verejnost-a-media\/vyberove-konania\/vysledky-vyberovych-konani\/\",\"name\":\"V\u00fdsledky v\u00fdberov\u00fdch konan\u00ed - Pr\u00e1vnick\u00e1 fakulta | UPJ\u0160\",\"isPartOf\":{\"@id\":\"https:\/\/www.upjs.sk\/pravnicka-fakulta\/#website\"},\"datePublished\":\"2023-05-17T07:38:29+00:00\",\"dateModified\":\"2026-02-27T13:34:42+00:00\",\"breadcrumb\":{\"@id\":\"https:\/\/www.upjs.sk\/pravnicka-fakulta\/informacie-pre-verejnost-a-media\/vyberove-konania\/vysledky-vyberovych-konani\/#breadcrumb\"},\"inLanguage\":\"sk-SK\",\"potentialAction\":[{\"@type\":\"ReadAction\",\"target\":[\"https:\/\/www.upjs.sk\/pravnicka-fakulta\/informacie-pre-verejnost-a-media\/vyberove-konania\/vysledky-vyberovych-konani\/\"]}]},{\"@type\":\"BreadcrumbList\",\"@id\":\"https:\/\/www.upjs.sk\/pravnicka-fakulta\/informacie-pre-verejnost-a-media\/vyberove-konania\/vysledky-vyberovych-konani\/#breadcrumb\",\"itemListElement\":[{\"@type\":\"ListItem\",\"position\":1,\"name\":\"Home\",\"item\":\"https:\/\/www.upjs.sk\/pravnicka-fakulta\/\"},{\"@type\":\"ListItem\",\"position\":2,\"name\":\"Inform\u00e1cie pre verejnos\u0165 a m\u00e9di\u00e1\",\"item\":\"https:\/\/www.upjs.sk\/pravnicka-fakulta\/informacie-pre-verejnost-a-media\/\"},{\"@type\":\"ListItem\",\"position\":3,\"name\":\"V\u00fdberov\u00e9 konania\",\"item\":\"https:\/\/www.upjs.sk\/pravnicka-fakulta\/informacie-pre-verejnost-a-media\/vyberove-konania\/\"},{\"@type\":\"ListItem\",\"position\":4,\"name\":\"V\u00fdsledky v\u00fdberov\u00fdch konan\u00ed\"}]},{\"@type\":\"WebSite\",\"@id\":\"https:\/\/www.upjs.sk\/pravnicka-fakulta\/#website\",\"url\":\"https:\/\/www.upjs.sk\/pravnicka-fakulta\/\",\"name\":\"Pr\u00e1vnick\u00e1 fakulta | UPJ\u0160\",\"description\":\"\",\"publisher\":{\"@id\":\"https:\/\/www.upjs.sk\/pravnicka-fakulta\/#organization\"},\"potentialAction\":[{\"@type\":\"SearchAction\",\"target\":{\"@type\":\"EntryPoint\",\"urlTemplate\":\"https:\/\/www.upjs.sk\/pravnicka-fakulta\/?s={search_term_string}\"},\"query-input\":{\"@type\":\"PropertyValueSpecification\",\"valueRequired\":true,\"valueName\":\"search_term_string\"}}],\"inLanguage\":\"sk-SK\"},{\"@type\":\"Organization\",\"@id\":\"https:\/\/www.upjs.sk\/pravnicka-fakulta\/#organization\",\"name\":\"Pr\u00e1vnick\u00e1 fakulta | UPJ\u0160\",\"url\":\"https:\/\/www.upjs.sk\/pravnicka-fakulta\/\",\"logo\":{\"@type\":\"ImageObject\",\"inLanguage\":\"sk-SK\",\"@id\":\"https:\/\/www.upjs.sk\/pravnicka-fakulta\/#\/schema\/logo\/image\/\",\"url\":\"https:\/\/www.upjs.sk\/app\/uploads\/sites\/11\/2022\/09\/logo-pravnicka-fakulta.png\",\"contentUrl\":\"https:\/\/www.upjs.sk\/app\/uploads\/sites\/11\/2022\/09\/logo-pravnicka-fakulta.png\",\"width\":415,\"height\":87,\"caption\":\"Pr\u00e1vnick\u00e1 fakulta | UPJ\u0160\"},\"image\":{\"@id\":\"https:\/\/www.upjs.sk\/pravnicka-fakulta\/#\/schema\/logo\/image\/\"}}]}<\/script>\n<!-- \/ Yoast SEO plugin. -->","yoast_head_json":{"title":"V\u00fdsledky v\u00fdberov\u00fdch konan\u00ed - Pr\u00e1vnick\u00e1 fakulta | UPJ\u0160","robots":{"index":"index","follow":"follow","max-snippet":"max-snippet:-1","max-image-preview":"max-image-preview:large","max-video-preview":"max-video-preview:-1"},"canonical":"https:\/\/www.upjs.sk\/pravnicka-fakulta\/informacie-pre-verejnost-a-media\/vyberove-konania\/vysledky-vyberovych-konani\/","og_locale":"sk_SK","og_type":"article","og_title":"V\u00fdsledky v\u00fdberov\u00fdch konan\u00ed - Pr\u00e1vnick\u00e1 fakulta | UPJ\u0160","og_description":"1 pracovn\u00e9 miesto vysoko\u0161kolsk\u00e9ho u\u010dite\u013ea na funk\u010dnom mieste docenta pre te\u00f3riu a dejiny \u0161t\u00e1tu a pr\u00e1va na Katedre dej\u00edn \u0161t\u00e1tu a pr\u00e1va 1 pracovn\u00e9 miesto vysoko\u0161kolsk\u00e9ho u\u010dite\u013ea na funk\u010dnom mieste docenta pre te\u00f3riu a dejiny \u0161t\u00e1tu a pr\u00e1va na \u00dastave te\u00f3rie pr\u00e1va Gustava Radbrucha 1 pracovn\u00e9 miesto vysoko\u0161kolsk\u00e9ho u\u010dite\u013ea pre v\u00fdkon funkcie odborn\u00e9ho asistenta pre &hellip; \u010c\u00edta\u0165 \u010falej","og_url":"https:\/\/www.upjs.sk\/pravnicka-fakulta\/informacie-pre-verejnost-a-media\/vyberove-konania\/vysledky-vyberovych-konani\/","og_site_name":"Pr\u00e1vnick\u00e1 fakulta | UPJ\u0160","article_modified_time":"2026-02-27T13:34:42+00:00","twitter_card":"summary_large_image","twitter_misc":{"Predpokladan\u00fd \u010das \u010d\u00edtania":"5 min\u00fat"},"schema":{"@context":"https:\/\/schema.org","@graph":[{"@type":"WebPage","@id":"https:\/\/www.upjs.sk\/pravnicka-fakulta\/informacie-pre-verejnost-a-media\/vyberove-konania\/vysledky-vyberovych-konani\/","url":"https:\/\/www.upjs.sk\/pravnicka-fakulta\/informacie-pre-verejnost-a-media\/vyberove-konania\/vysledky-vyberovych-konani\/","name":"V\u00fdsledky v\u00fdberov\u00fdch konan\u00ed - Pr\u00e1vnick\u00e1 fakulta | UPJ\u0160","isPartOf":{"@id":"https:\/\/www.upjs.sk\/pravnicka-fakulta\/#website"},"datePublished":"2023-05-17T07:38:29+00:00","dateModified":"2026-02-27T13:34:42+00:00","breadcrumb":{"@id":"https:\/\/www.upjs.sk\/pravnicka-fakulta\/informacie-pre-verejnost-a-media\/vyberove-konania\/vysledky-vyberovych-konani\/#breadcrumb"},"inLanguage":"sk-SK","potentialAction":[{"@type":"ReadAction","target":["https:\/\/www.upjs.sk\/pravnicka-fakulta\/informacie-pre-verejnost-a-media\/vyberove-konania\/vysledky-vyberovych-konani\/"]}]},{"@type":"BreadcrumbList","@id":"https:\/\/www.upjs.sk\/pravnicka-fakulta\/informacie-pre-verejnost-a-media\/vyberove-konania\/vysledky-vyberovych-konani\/#breadcrumb","itemListElement":[{"@type":"ListItem","position":1,"name":"Home","item":"https:\/\/www.upjs.sk\/pravnicka-fakulta\/"},{"@type":"ListItem","position":2,"name":"Inform\u00e1cie pre verejnos\u0165 a m\u00e9di\u00e1","item":"https:\/\/www.upjs.sk\/pravnicka-fakulta\/informacie-pre-verejnost-a-media\/"},{"@type":"ListItem","position":3,"name":"V\u00fdberov\u00e9 konania","item":"https:\/\/www.upjs.sk\/pravnicka-fakulta\/informacie-pre-verejnost-a-media\/vyberove-konania\/"},{"@type":"ListItem","position":4,"name":"V\u00fdsledky v\u00fdberov\u00fdch konan\u00ed"}]},{"@type":"WebSite","@id":"https:\/\/www.upjs.sk\/pravnicka-fakulta\/#website","url":"https:\/\/www.upjs.sk\/pravnicka-fakulta\/","name":"Pr\u00e1vnick\u00e1 fakulta | UPJ\u0160","description":"","publisher":{"@id":"https:\/\/www.upjs.sk\/pravnicka-fakulta\/#organization"},"potentialAction":[{"@type":"SearchAction","target":{"@type":"EntryPoint","urlTemplate":"https:\/\/www.upjs.sk\/pravnicka-fakulta\/?s={search_term_string}"},"query-input":{"@type":"PropertyValueSpecification","valueRequired":true,"valueName":"search_term_string"}}],"inLanguage":"sk-SK"},{"@type":"Organization","@id":"https:\/\/www.upjs.sk\/pravnicka-fakulta\/#organization","name":"Pr\u00e1vnick\u00e1 fakulta | UPJ\u0160","url":"https:\/\/www.upjs.sk\/pravnicka-fakulta\/","logo":{"@type":"ImageObject","inLanguage":"sk-SK","@id":"https:\/\/www.upjs.sk\/pravnicka-fakulta\/#\/schema\/logo\/image\/","url":"https:\/\/www.upjs.sk\/app\/uploads\/sites\/11\/2022\/09\/logo-pravnicka-fakulta.png","contentUrl":"https:\/\/www.upjs.sk\/app\/uploads\/sites\/11\/2022\/09\/logo-pravnicka-fakulta.png","width":415,"height":87,"caption":"Pr\u00e1vnick\u00e1 fakulta | UPJ\u0160"},"image":{"@id":"https:\/\/www.upjs.sk\/pravnicka-fakulta\/#\/schema\/logo\/image\/"}}]}},"_links":{"self":[{"href":"https:\/\/www.upjs.sk\/pravnicka-fakulta\/wp-json\/wp\/v2\/pages\/39803","targetHints":{"allow":["GET"]}}],"collection":[{"href":"https:\/\/www.upjs.sk\/pravnicka-fakulta\/wp-json\/wp\/v2\/pages"}],"about":[{"href":"https:\/\/www.upjs.sk\/pravnicka-fakulta\/wp-json\/wp\/v2\/types\/page"}],"author":[{"embeddable":true,"href":"https:\/\/www.upjs.sk\/pravnicka-fakulta\/wp-json\/wp\/v2\/users\/24"}],"replies":[{"embeddable":true,"href":"https:\/\/www.upjs.sk\/pravnicka-fakulta\/wp-json\/wp\/v2\/comments?post=39803"}],"version-history":[{"count":19,"href":"https:\/\/www.upjs.sk\/pravnicka-fakulta\/wp-json\/wp\/v2\/pages\/39803\/revisions"}],"predecessor-version":[{"id":51915,"href":"https:\/\/www.upjs.sk\/pravnicka-fakulta\/wp-json\/wp\/v2\/pages\/39803\/revisions\/51915"}],"up":[{"embeddable":true,"href":"https:\/\/www.upjs.sk\/pravnicka-fakulta\/wp-json\/wp\/v2\/pages\/13747"}],"wp:attachment":[{"href":"https:\/\/www.upjs.sk\/pravnicka-fakulta\/wp-json\/wp\/v2\/media?parent=39803"}],"wp:term":[{"taxonomy":"category","embeddable":true,"href":"https:\/\/www.upjs.sk\/pravnicka-fakulta\/wp-json\/wp\/v2\/categories?post=39803"},{"taxonomy":"post_tag","embeddable":true,"href":"https:\/\/www.upjs.sk\/pravnicka-fakulta\/wp-json\/wp\/v2\/tags?post=39803"}],"curies":[{"name":"wp","href":"https:\/\/api.w.org\/{rel}","templated":true}]}}