{"id":40363,"date":"2023-07-04T12:59:11","date_gmt":"2023-07-04T11:59:02","guid":{"rendered":"https:\/\/www.upjs.sk\/pravnicka-fakulta\/memorial-judr-milana-gejdosa-csc\/mmg-2000-2\/"},"modified":"2023-07-04T13:32:34","modified_gmt":"2023-07-04T12:32:34","slug":"mmg-2001","status":"publish","type":"page","link":"https:\/\/www.upjs.sk\/pravnicka-fakulta\/memorial-judr-milana-gejdosa-csc\/mmg-2001\/","title":{"rendered":"2001 &#8211; IV. ro\u010dn\u00edk"},"content":{"rendered":"<h2>Poradie z\u00e1pasov:<\/h2>\n\n\n<div class=\"wp-block-columns is-style-default is-layout-flex wp-container-core-columns-is-layout-9d6595d7 wp-block-columns-is-layout-flex\">\n<div class=\"wp-block-column is-layout-flow wp-block-column-is-layout-flow\" style=\"flex-basis:33.33%\">\n<figure class=\"wp-block-table\"><table><tbody><tr><td><strong>\u0160TUDENTI<\/strong> &#8211; <strong><strong><strong><strong><strong>PROKUR\u00c1TORI<\/strong><\/strong><\/strong><\/strong><\/strong><\/td><td class=\"has-text-align-center\" data-align=\"center\">1 : 0<\/td><\/tr><tr><td><strong>VY\u0160ETROVATELIA &#8211; ADVOK\u00c1TI<\/strong><\/td><td class=\"has-text-align-center\" data-align=\"center\">2 : 2<\/td><\/tr><tr><td><strong><strong><strong><strong><strong>PROKUR\u00c1TORI<\/strong><\/strong><\/strong><\/strong><\/strong> &#8211; <strong><strong><strong>SUDCOVIA<\/strong><\/strong><\/strong><\/td><td class=\"has-text-align-center\" data-align=\"center\">4 : 0<\/td><\/tr><tr><td><strong>ADVOK\u00c1TI &#8211; U\u010cITELIA<\/strong><\/td><td class=\"has-text-align-center\" data-align=\"center\">3 : 0<\/td><\/tr><tr><td><strong>\u0160TUDENTI<\/strong> &#8211;<strong><strong><strong> SUDCOVIA<\/strong><\/strong><\/strong><\/td><td class=\"has-text-align-center\" data-align=\"center\">7 : 2<\/td><\/tr><tr><td><strong>VY\u0160ETROVATELIA<\/strong> &#8211; <strong><strong>U\u010cITELIA<\/strong><\/strong><\/td><td class=\"has-text-align-center\" data-align=\"center\">2 : 2<\/td><\/tr><tr><td><\/td><td class=\"has-text-align-center\" data-align=\"center\"><\/td><\/tr><tr><td><strong><em>Z\u00e1pas o 5. a 6. miesto<\/em><\/strong><\/td><td class=\"has-text-align-center\" data-align=\"center\"><\/td><\/tr><tr><td><strong><strong>U\u010cITELIA<\/strong><\/strong> &#8211; <strong><strong><strong>SUDCOVIA<\/strong><\/strong><\/strong><\/td><td class=\"has-text-align-center\" data-align=\"center\">0 : 0<\/td><\/tr><tr><td><\/td><td class=\"has-text-align-center\" data-align=\"center\"><\/td><\/tr><tr><td><strong><em>Semifin\u00e1le<\/em><\/strong><\/td><td class=\"has-text-align-center\" data-align=\"center\"><\/td><\/tr><tr><td><strong>\u0160TUDENTI<\/strong> &#8211; <strong>VY\u0160ETROVATELIA<\/strong><\/td><td class=\"has-text-align-center\" data-align=\"center\">6 : 2<\/td><\/tr><tr><td><strong>ADVOK\u00c1TI &#8211; PROKUR\u00c1TORI<\/strong><\/td><td class=\"has-text-align-center\" data-align=\"center\">1 : 0<\/td><\/tr><tr><td><\/td><td class=\"has-text-align-center\" data-align=\"center\"><\/td><\/tr><tr><td><em><strong>o 3. miesto<\/strong><\/em><\/td><td class=\"has-text-align-center\" data-align=\"center\"><\/td><\/tr><tr><td><strong>VY\u0160ETROVATELIA<\/strong> &#8211; <strong>PROKUR\u00c1TORI<\/strong><\/td><td class=\"has-text-align-center\" data-align=\"center\">4 : 3<\/td><\/tr><tr><td><strong><em>FIN\u00c1LE<\/em><\/strong><\/td><td class=\"has-text-align-center\" data-align=\"center\"><\/td><\/tr><tr><td><strong>\u0160TUDENTI<\/strong> &#8211; <strong>ADVOK\u00c1TI<\/strong><\/td><td class=\"has-text-align-center\" data-align=\"center\">2 : 1<\/td><\/tr><\/tbody><\/table><\/figure>\n<\/div>\n\n\n\n<div class=\"wp-block-column is-layout-flow wp-block-column-is-layout-flow\" style=\"flex-basis:66.66%\"><\/div>\n<\/div>\n\n\n<h2><strong>Z\u00c1PASY&nbsp;V SKUPIN\u00c1CH:<\/strong><\/h2>\n\n\n<figure class=\"wp-block-table caption-align-center\"><table class=\"has-fixed-layout\"><thead><tr><th>A skupina<\/th><th class=\"has-text-align-center\" data-align=\"center\"><strong>\u0160TUDENTI<\/strong><\/th><th class=\"has-text-align-center\" data-align=\"center\"><strong><strong><strong><strong><strong>PROKUR\u00c1TORI<\/strong><\/strong><\/strong><\/strong><\/strong><\/th><th class=\"has-text-align-center\" data-align=\"center\"><strong><strong><strong>SUDCOVIA<\/strong><\/strong><\/strong><\/th><th class=\"has-text-align-center\" data-align=\"center\"><\/th><th class=\"has-text-align-center\" data-align=\"center\"><strong>SK\u00d3RE<\/strong><\/th><th class=\"has-text-align-center\" data-align=\"center\"><strong>BODY<\/strong>&nbsp;<\/th><th class=\"has-text-align-center\" data-align=\"center\"><strong>PORADIE<\/strong><\/th><\/tr><\/thead><tbody><tr><td><strong>\u0160TUDENTI<\/strong><\/td><td class=\"has-text-align-center\" data-align=\"center\">&#8211;<\/td><td class=\"has-text-align-center\" data-align=\"center\">1 : 0<\/td><td class=\"has-text-align-center\" data-align=\"center\">7 : 2<\/td><td class=\"has-text-align-center\" data-align=\"center\"><\/td><td class=\"has-text-align-center\" data-align=\"center\">8 : 2<\/td><td class=\"has-text-align-center\" data-align=\"center\">6<\/td><td class=\"has-text-align-center\" data-align=\"center\">I.<\/td><\/tr><tr><td><strong><strong><strong><strong><strong>PROKUR\u00c1TORI<\/strong><\/strong><\/strong><\/strong><\/strong><\/td><td class=\"has-text-align-center\" data-align=\"center\">0 : 1<\/td><td class=\"has-text-align-center\" data-align=\"center\">&#8211;<\/td><td class=\"has-text-align-center\" data-align=\"center\">4 : 0<\/td><td class=\"has-text-align-center\" data-align=\"center\"><\/td><td class=\"has-text-align-center\" data-align=\"center\">4 : 1<\/td><td class=\"has-text-align-center\" data-align=\"center\">3<\/td><td class=\"has-text-align-center\" data-align=\"center\">II.<\/td><\/tr><tr><td><strong><strong><strong><strong><strong><strong>SUDCOVIA<\/strong><\/strong><\/strong><\/strong><\/strong><\/strong><\/td><td class=\"has-text-align-center\" data-align=\"center\">2 : 7<\/td><td class=\"has-text-align-center\" data-align=\"center\">0 : 4<\/td><td class=\"has-text-align-center\" data-align=\"center\">&#8211;<\/td><td class=\"has-text-align-center\" data-align=\"center\"><\/td><td class=\"has-text-align-center\" data-align=\"center\">2 : 11<\/td><td class=\"has-text-align-center\" data-align=\"center\">0<\/td><td class=\"has-text-align-center\" data-align=\"center\">III.<\/td><\/tr><\/tbody><\/table><\/figure>\n\n\n\n<figure class=\"wp-block-table caption-align-center\"><table class=\"has-fixed-layout\"><thead><tr><th>B skupina<\/th><th class=\"has-text-align-center\" data-align=\"center\"><strong>VY\u0160ETROVATELIA<\/strong><\/th><th class=\"has-text-align-center\" data-align=\"center\">ADVOK\u00c1TI<\/th><th class=\"has-text-align-center\" data-align=\"center\"><strong><strong>U\u010cITELIA<\/strong><\/strong><\/th><th class=\"has-text-align-center\" data-align=\"center\"><\/th><th class=\"has-text-align-center\" data-align=\"center\"><strong>SK\u00d3RE<\/strong><\/th><th class=\"has-text-align-center\" data-align=\"center\"><strong>BODY<\/strong><\/th><th class=\"has-text-align-center\" data-align=\"center\"><strong>PORADIE<\/strong><\/th><\/tr><\/thead><tbody><tr><td><strong>VY\u0160ETROVATELIA<\/strong><\/td><td class=\"has-text-align-center\" data-align=\"center\">&#8211;<\/td><td class=\"has-text-align-center\" data-align=\"center\">2 : 2<\/td><td class=\"has-text-align-center\" data-align=\"center\">2 : 2<\/td><td class=\"has-text-align-center\" data-align=\"center\"><\/td><td class=\"has-text-align-center\" data-align=\"center\">4 : 4<\/td><td class=\"has-text-align-center\" data-align=\"center\">2<\/td><td class=\"has-text-align-center\" data-align=\"center\">II.<\/td><\/tr><tr><td><strong>ADVOK\u00c1TI<\/strong><\/td><td class=\"has-text-align-center\" data-align=\"center\">2 : 2<\/td><td class=\"has-text-align-center\" data-align=\"center\">&#8211;<\/td><td class=\"has-text-align-center\" data-align=\"center\">3 : 0<\/td><td class=\"has-text-align-center\" data-align=\"center\"><\/td><td class=\"has-text-align-center\" data-align=\"center\">5 : 2<\/td><td class=\"has-text-align-center\" data-align=\"center\">4<\/td><td class=\"has-text-align-center\" data-align=\"center\">I.<\/td><\/tr><tr><td><strong><strong>U\u010cITELIA<\/strong><\/strong><\/td><td class=\"has-text-align-center\" data-align=\"center\">2 : 2<\/td><td class=\"has-text-align-center\" data-align=\"center\">0 : 3<\/td><td class=\"has-text-align-center\" data-align=\"center\">&#8211;<\/td><td class=\"has-text-align-center\" data-align=\"center\"><\/td><td class=\"has-text-align-center\" data-align=\"center\">2 : 5<\/td><td class=\"has-text-align-center\" data-align=\"center\">1<\/td><td class=\"has-text-align-center\" data-align=\"center\">III.<\/td><\/tr><\/tbody><\/table><\/figure>\n","protected":false},"excerpt":{"rendered":"<p>Poradie z\u00e1pasov: \u0160TUDENTI &#8211; PROKUR\u00c1TORI 1 : 0 VY\u0160ETROVATELIA &#8211; ADVOK\u00c1TI 2 : 2 PROKUR\u00c1TORI &#8211; SUDCOVIA 4 : 0 ADVOK\u00c1TI &#8211; U\u010cITELIA 3 : 0 \u0160TUDENTI &#8211; SUDCOVIA 7 : 2 VY\u0160ETROVATELIA &#8211; U\u010cITELIA 2 : 2 Z\u00e1pas o 5. a 6. miesto U\u010cITELIA &#8211; SUDCOVIA 0 : 0 Semifin\u00e1le \u0160TUDENTI &#8211; VY\u0160ETROVATELIA 6 &hellip; <a href=\"https:\/\/www.upjs.sk\/pravnicka-fakulta\/memorial-judr-milana-gejdosa-csc\/mmg-2001\/\">\u010c\u00edta\u0165 \u010falej<\/a><\/p>\n","protected":false},"author":1,"featured_media":13928,"parent":13272,"menu_order":22,"comment_status":"closed","ping_status":"closed","template":"","meta":{"_acf_changed":false,"_editorskit_title_hidden":false,"_editorskit_reading_time":1,"_editorskit_is_block_options_detached":false,"_editorskit_block_options_position":"{}","footnotes":""},"categories":[],"tags":[],"class_list":["post-40363","page","type-page","status-publish","has-post-thumbnail","hentry"],"acf":{"acf_link_na_externy_obsah":""},"yoast_head":"<!-- This site is optimized with the Yoast SEO plugin v27.4 - https:\/\/yoast.com\/product\/yoast-seo-wordpress\/ -->\n<title>2001 - IV. ro\u010dn\u00edk - Pr\u00e1vnick\u00e1 fakulta | UPJ\u0160<\/title>\n<meta name=\"robots\" content=\"index, follow, max-snippet:-1, max-image-preview:large, max-video-preview:-1\" \/>\n<link rel=\"canonical\" href=\"https:\/\/www.upjs.sk\/pravnicka-fakulta\/memorial-judr-milana-gejdosa-csc\/mmg-2001\/\" \/>\n<meta property=\"og:locale\" content=\"sk_SK\" \/>\n<meta property=\"og:type\" content=\"article\" \/>\n<meta property=\"og:title\" content=\"2001 - IV. ro\u010dn\u00edk - Pr\u00e1vnick\u00e1 fakulta | UPJ\u0160\" \/>\n<meta property=\"og:description\" content=\"Poradie z\u00e1pasov: \u0160TUDENTI &#8211; PROKUR\u00c1TORI 1 : 0 VY\u0160ETROVATELIA &#8211; ADVOK\u00c1TI 2 : 2 PROKUR\u00c1TORI &#8211; SUDCOVIA 4 : 0 ADVOK\u00c1TI &#8211; U\u010cITELIA 3 : 0 \u0160TUDENTI &#8211; SUDCOVIA 7 : 2 VY\u0160ETROVATELIA &#8211; U\u010cITELIA 2 : 2 Z\u00e1pas o 5. a 6. miesto U\u010cITELIA &#8211; SUDCOVIA 0 : 0 Semifin\u00e1le \u0160TUDENTI &#8211; VY\u0160ETROVATELIA 6 &hellip; \u010c\u00edta\u0165 \u010falej\" \/>\n<meta property=\"og:url\" content=\"https:\/\/www.upjs.sk\/pravnicka-fakulta\/memorial-judr-milana-gejdosa-csc\/mmg-2001\/\" \/>\n<meta property=\"og:site_name\" content=\"Pr\u00e1vnick\u00e1 fakulta | UPJ\u0160\" \/>\n<meta property=\"article:modified_time\" content=\"2023-07-04T12:32:34+00:00\" \/>\n<meta property=\"og:image\" content=\"https:\/\/www.upjs.sk\/app\/uploads\/sites\/11\/2022\/09\/20220508075229.jpg\" \/>\n\t<meta property=\"og:image:width\" content=\"360\" \/>\n\t<meta property=\"og:image:height\" content=\"798\" \/>\n\t<meta property=\"og:image:type\" content=\"image\/jpeg\" \/>\n<meta name=\"twitter:card\" content=\"summary_large_image\" \/>\n<meta name=\"twitter:label1\" content=\"Predpokladan\u00fd \u010das \u010d\u00edtania\" \/>\n\t<meta name=\"twitter:data1\" content=\"1 min\u00fata\" \/>\n<script type=\"application\/ld+json\" class=\"yoast-schema-graph\">{\"@context\":\"https:\\\/\\\/schema.org\",\"@graph\":[{\"@type\":\"WebPage\",\"@id\":\"https:\\\/\\\/www.upjs.sk\\\/pravnicka-fakulta\\\/memorial-judr-milana-gejdosa-csc\\\/mmg-2001\\\/\",\"url\":\"https:\\\/\\\/www.upjs.sk\\\/pravnicka-fakulta\\\/memorial-judr-milana-gejdosa-csc\\\/mmg-2001\\\/\",\"name\":\"2001 - IV. ro\u010dn\u00edk - Pr\u00e1vnick\u00e1 fakulta | UPJ\u0160\",\"isPartOf\":{\"@id\":\"https:\\\/\\\/www.upjs.sk\\\/pravnicka-fakulta\\\/#website\"},\"primaryImageOfPage\":{\"@id\":\"https:\\\/\\\/www.upjs.sk\\\/pravnicka-fakulta\\\/memorial-judr-milana-gejdosa-csc\\\/mmg-2001\\\/#primaryimage\"},\"image\":{\"@id\":\"https:\\\/\\\/www.upjs.sk\\\/pravnicka-fakulta\\\/memorial-judr-milana-gejdosa-csc\\\/mmg-2001\\\/#primaryimage\"},\"thumbnailUrl\":\"https:\\\/\\\/www.upjs.sk\\\/app\\\/uploads\\\/sites\\\/11\\\/2022\\\/09\\\/20220508075229.jpg\",\"datePublished\":\"2023-07-04T11:59:02+00:00\",\"dateModified\":\"2023-07-04T12:32:34+00:00\",\"breadcrumb\":{\"@id\":\"https:\\\/\\\/www.upjs.sk\\\/pravnicka-fakulta\\\/memorial-judr-milana-gejdosa-csc\\\/mmg-2001\\\/#breadcrumb\"},\"inLanguage\":\"sk-SK\",\"potentialAction\":[{\"@type\":\"ReadAction\",\"target\":[\"https:\\\/\\\/www.upjs.sk\\\/pravnicka-fakulta\\\/memorial-judr-milana-gejdosa-csc\\\/mmg-2001\\\/\"]}]},{\"@type\":\"ImageObject\",\"inLanguage\":\"sk-SK\",\"@id\":\"https:\\\/\\\/www.upjs.sk\\\/pravnicka-fakulta\\\/memorial-judr-milana-gejdosa-csc\\\/mmg-2001\\\/#primaryimage\",\"url\":\"https:\\\/\\\/www.upjs.sk\\\/app\\\/uploads\\\/sites\\\/11\\\/2022\\\/09\\\/20220508075229.jpg\",\"contentUrl\":\"https:\\\/\\\/www.upjs.sk\\\/app\\\/uploads\\\/sites\\\/11\\\/2022\\\/09\\\/20220508075229.jpg\",\"width\":360,\"height\":798,\"caption\":\"2022\"},{\"@type\":\"BreadcrumbList\",\"@id\":\"https:\\\/\\\/www.upjs.sk\\\/pravnicka-fakulta\\\/memorial-judr-milana-gejdosa-csc\\\/mmg-2001\\\/#breadcrumb\",\"itemListElement\":[{\"@type\":\"ListItem\",\"position\":1,\"name\":\"Home\",\"item\":\"https:\\\/\\\/www.upjs.sk\\\/pravnicka-fakulta\\\/\"},{\"@type\":\"ListItem\",\"position\":2,\"name\":\"Memori\u00e1l JUDr. Milana Gejdo\u0161a, CSc.\",\"item\":\"https:\\\/\\\/www.upjs.sk\\\/pravnicka-fakulta\\\/memorial-judr-milana-gejdosa-csc\\\/\"},{\"@type\":\"ListItem\",\"position\":3,\"name\":\"2001 &#8211; IV. ro\u010dn\u00edk\"}]},{\"@type\":\"WebSite\",\"@id\":\"https:\\\/\\\/www.upjs.sk\\\/pravnicka-fakulta\\\/#website\",\"url\":\"https:\\\/\\\/www.upjs.sk\\\/pravnicka-fakulta\\\/\",\"name\":\"Pr\u00e1vnick\u00e1 fakulta | UPJ\u0160\",\"description\":\"\",\"publisher\":{\"@id\":\"https:\\\/\\\/www.upjs.sk\\\/pravnicka-fakulta\\\/#organization\"},\"potentialAction\":[{\"@type\":\"SearchAction\",\"target\":{\"@type\":\"EntryPoint\",\"urlTemplate\":\"https:\\\/\\\/www.upjs.sk\\\/pravnicka-fakulta\\\/?s={search_term_string}\"},\"query-input\":{\"@type\":\"PropertyValueSpecification\",\"valueRequired\":true,\"valueName\":\"search_term_string\"}}],\"inLanguage\":\"sk-SK\"},{\"@type\":\"Organization\",\"@id\":\"https:\\\/\\\/www.upjs.sk\\\/pravnicka-fakulta\\\/#organization\",\"name\":\"Pr\u00e1vnick\u00e1 fakulta | UPJ\u0160\",\"url\":\"https:\\\/\\\/www.upjs.sk\\\/pravnicka-fakulta\\\/\",\"logo\":{\"@type\":\"ImageObject\",\"inLanguage\":\"sk-SK\",\"@id\":\"https:\\\/\\\/www.upjs.sk\\\/pravnicka-fakulta\\\/#\\\/schema\\\/logo\\\/image\\\/\",\"url\":\"https:\\\/\\\/www.upjs.sk\\\/app\\\/uploads\\\/sites\\\/11\\\/2022\\\/09\\\/logo-pravnicka-fakulta.png\",\"contentUrl\":\"https:\\\/\\\/www.upjs.sk\\\/app\\\/uploads\\\/sites\\\/11\\\/2022\\\/09\\\/logo-pravnicka-fakulta.png\",\"width\":415,\"height\":87,\"caption\":\"Pr\u00e1vnick\u00e1 fakulta | UPJ\u0160\"},\"image\":{\"@id\":\"https:\\\/\\\/www.upjs.sk\\\/pravnicka-fakulta\\\/#\\\/schema\\\/logo\\\/image\\\/\"}}]}<\/script>\n<!-- \/ Yoast SEO plugin. -->","yoast_head_json":{"title":"2001 - IV. ro\u010dn\u00edk - Pr\u00e1vnick\u00e1 fakulta | UPJ\u0160","robots":{"index":"index","follow":"follow","max-snippet":"max-snippet:-1","max-image-preview":"max-image-preview:large","max-video-preview":"max-video-preview:-1"},"canonical":"https:\/\/www.upjs.sk\/pravnicka-fakulta\/memorial-judr-milana-gejdosa-csc\/mmg-2001\/","og_locale":"sk_SK","og_type":"article","og_title":"2001 - IV. ro\u010dn\u00edk - Pr\u00e1vnick\u00e1 fakulta | UPJ\u0160","og_description":"Poradie z\u00e1pasov: \u0160TUDENTI &#8211; PROKUR\u00c1TORI 1 : 0 VY\u0160ETROVATELIA &#8211; ADVOK\u00c1TI 2 : 2 PROKUR\u00c1TORI &#8211; SUDCOVIA 4 : 0 ADVOK\u00c1TI &#8211; U\u010cITELIA 3 : 0 \u0160TUDENTI &#8211; SUDCOVIA 7 : 2 VY\u0160ETROVATELIA &#8211; U\u010cITELIA 2 : 2 Z\u00e1pas o 5. a 6. miesto U\u010cITELIA &#8211; SUDCOVIA 0 : 0 Semifin\u00e1le \u0160TUDENTI &#8211; VY\u0160ETROVATELIA 6 &hellip; \u010c\u00edta\u0165 \u010falej","og_url":"https:\/\/www.upjs.sk\/pravnicka-fakulta\/memorial-judr-milana-gejdosa-csc\/mmg-2001\/","og_site_name":"Pr\u00e1vnick\u00e1 fakulta | UPJ\u0160","article_modified_time":"2023-07-04T12:32:34+00:00","og_image":[{"width":360,"height":798,"url":"https:\/\/www.upjs.sk\/app\/uploads\/sites\/11\/2022\/09\/20220508075229.jpg","type":"image\/jpeg"}],"twitter_card":"summary_large_image","twitter_misc":{"Predpokladan\u00fd \u010das \u010d\u00edtania":"1 min\u00fata"},"schema":{"@context":"https:\/\/schema.org","@graph":[{"@type":"WebPage","@id":"https:\/\/www.upjs.sk\/pravnicka-fakulta\/memorial-judr-milana-gejdosa-csc\/mmg-2001\/","url":"https:\/\/www.upjs.sk\/pravnicka-fakulta\/memorial-judr-milana-gejdosa-csc\/mmg-2001\/","name":"2001 - IV. ro\u010dn\u00edk - Pr\u00e1vnick\u00e1 fakulta | UPJ\u0160","isPartOf":{"@id":"https:\/\/www.upjs.sk\/pravnicka-fakulta\/#website"},"primaryImageOfPage":{"@id":"https:\/\/www.upjs.sk\/pravnicka-fakulta\/memorial-judr-milana-gejdosa-csc\/mmg-2001\/#primaryimage"},"image":{"@id":"https:\/\/www.upjs.sk\/pravnicka-fakulta\/memorial-judr-milana-gejdosa-csc\/mmg-2001\/#primaryimage"},"thumbnailUrl":"https:\/\/www.upjs.sk\/app\/uploads\/sites\/11\/2022\/09\/20220508075229.jpg","datePublished":"2023-07-04T11:59:02+00:00","dateModified":"2023-07-04T12:32:34+00:00","breadcrumb":{"@id":"https:\/\/www.upjs.sk\/pravnicka-fakulta\/memorial-judr-milana-gejdosa-csc\/mmg-2001\/#breadcrumb"},"inLanguage":"sk-SK","potentialAction":[{"@type":"ReadAction","target":["https:\/\/www.upjs.sk\/pravnicka-fakulta\/memorial-judr-milana-gejdosa-csc\/mmg-2001\/"]}]},{"@type":"ImageObject","inLanguage":"sk-SK","@id":"https:\/\/www.upjs.sk\/pravnicka-fakulta\/memorial-judr-milana-gejdosa-csc\/mmg-2001\/#primaryimage","url":"https:\/\/www.upjs.sk\/app\/uploads\/sites\/11\/2022\/09\/20220508075229.jpg","contentUrl":"https:\/\/www.upjs.sk\/app\/uploads\/sites\/11\/2022\/09\/20220508075229.jpg","width":360,"height":798,"caption":"2022"},{"@type":"BreadcrumbList","@id":"https:\/\/www.upjs.sk\/pravnicka-fakulta\/memorial-judr-milana-gejdosa-csc\/mmg-2001\/#breadcrumb","itemListElement":[{"@type":"ListItem","position":1,"name":"Home","item":"https:\/\/www.upjs.sk\/pravnicka-fakulta\/"},{"@type":"ListItem","position":2,"name":"Memori\u00e1l JUDr. Milana Gejdo\u0161a, CSc.","item":"https:\/\/www.upjs.sk\/pravnicka-fakulta\/memorial-judr-milana-gejdosa-csc\/"},{"@type":"ListItem","position":3,"name":"2001 &#8211; IV. ro\u010dn\u00edk"}]},{"@type":"WebSite","@id":"https:\/\/www.upjs.sk\/pravnicka-fakulta\/#website","url":"https:\/\/www.upjs.sk\/pravnicka-fakulta\/","name":"Pr\u00e1vnick\u00e1 fakulta | UPJ\u0160","description":"","publisher":{"@id":"https:\/\/www.upjs.sk\/pravnicka-fakulta\/#organization"},"potentialAction":[{"@type":"SearchAction","target":{"@type":"EntryPoint","urlTemplate":"https:\/\/www.upjs.sk\/pravnicka-fakulta\/?s={search_term_string}"},"query-input":{"@type":"PropertyValueSpecification","valueRequired":true,"valueName":"search_term_string"}}],"inLanguage":"sk-SK"},{"@type":"Organization","@id":"https:\/\/www.upjs.sk\/pravnicka-fakulta\/#organization","name":"Pr\u00e1vnick\u00e1 fakulta | UPJ\u0160","url":"https:\/\/www.upjs.sk\/pravnicka-fakulta\/","logo":{"@type":"ImageObject","inLanguage":"sk-SK","@id":"https:\/\/www.upjs.sk\/pravnicka-fakulta\/#\/schema\/logo\/image\/","url":"https:\/\/www.upjs.sk\/app\/uploads\/sites\/11\/2022\/09\/logo-pravnicka-fakulta.png","contentUrl":"https:\/\/www.upjs.sk\/app\/uploads\/sites\/11\/2022\/09\/logo-pravnicka-fakulta.png","width":415,"height":87,"caption":"Pr\u00e1vnick\u00e1 fakulta | UPJ\u0160"},"image":{"@id":"https:\/\/www.upjs.sk\/pravnicka-fakulta\/#\/schema\/logo\/image\/"}}]}},"_links":{"self":[{"href":"https:\/\/www.upjs.sk\/pravnicka-fakulta\/wp-json\/wp\/v2\/pages\/40363","targetHints":{"allow":["GET"]}}],"collection":[{"href":"https:\/\/www.upjs.sk\/pravnicka-fakulta\/wp-json\/wp\/v2\/pages"}],"about":[{"href":"https:\/\/www.upjs.sk\/pravnicka-fakulta\/wp-json\/wp\/v2\/types\/page"}],"author":[{"embeddable":true,"href":"https:\/\/www.upjs.sk\/pravnicka-fakulta\/wp-json\/wp\/v2\/users\/1"}],"replies":[{"embeddable":true,"href":"https:\/\/www.upjs.sk\/pravnicka-fakulta\/wp-json\/wp\/v2\/comments?post=40363"}],"version-history":[{"count":4,"href":"https:\/\/www.upjs.sk\/pravnicka-fakulta\/wp-json\/wp\/v2\/pages\/40363\/revisions"}],"predecessor-version":[{"id":40371,"href":"https:\/\/www.upjs.sk\/pravnicka-fakulta\/wp-json\/wp\/v2\/pages\/40363\/revisions\/40371"}],"up":[{"embeddable":true,"href":"https:\/\/www.upjs.sk\/pravnicka-fakulta\/wp-json\/wp\/v2\/pages\/13272"}],"wp:featuredmedia":[{"embeddable":true,"href":"https:\/\/www.upjs.sk\/pravnicka-fakulta\/wp-json\/wp\/v2\/media\/13928"}],"wp:attachment":[{"href":"https:\/\/www.upjs.sk\/pravnicka-fakulta\/wp-json\/wp\/v2\/media?parent=40363"}],"wp:term":[{"taxonomy":"category","embeddable":true,"href":"https:\/\/www.upjs.sk\/pravnicka-fakulta\/wp-json\/wp\/v2\/categories?post=40363"},{"taxonomy":"post_tag","embeddable":true,"href":"https:\/\/www.upjs.sk\/pravnicka-fakulta\/wp-json\/wp\/v2\/tags?post=40363"}],"curies":[{"name":"wp","href":"https:\/\/api.w.org\/{rel}","templated":true}]}}