{"id":43518,"date":"2024-03-27T10:34:17","date_gmt":"2024-03-27T09:34:17","guid":{"rendered":"https:\/\/www.upjs.sk\/pravnicka-fakulta\/?page_id=43518"},"modified":"2024-03-28T12:03:18","modified_gmt":"2024-03-28T11:03:18","slug":"rady-studijnych-programov","status":"publish","type":"page","link":"https:\/\/www.upjs.sk\/pravnicka-fakulta\/studium\/rady-studijnych-programov\/","title":{"rendered":"Rady \u0161tudijn\u00fdch programov"},"content":{"rendered":"\n<div style=\"height:30px\" aria-hidden=\"true\" class=\"wp-block-spacer\"><\/div>\n\n\n<style>.kadence-column43518_886825-13 > .kt-inside-inner-col,.kadence-column43518_886825-13 > .kt-inside-inner-col:before{border-top-left-radius:0px;border-top-right-radius:0px;border-bottom-right-radius:0px;border-bottom-left-radius:0px;}.kadence-column43518_886825-13 > .kt-inside-inner-col{column-gap:var(--global-kb-gap-sm, 1rem);}.kadence-column43518_886825-13 > .kt-inside-inner-col{flex-direction:column;}.kadence-column43518_886825-13 > .kt-inside-inner-col > .aligncenter{width:100%;}.kadence-column43518_886825-13 > .kt-inside-inner-col:before{opacity:0.3;}.kadence-column43518_886825-13{position:relative;}@media all and (max-width: 1024px){.kadence-column43518_886825-13 > .kt-inside-inner-col{flex-direction:column;justify-content:center;}}@media all and (max-width: 767px){.kadence-column43518_886825-13 > .kt-inside-inner-col{flex-direction:column;justify-content:center;}}<\/style>\n<div class=\"wp-block-kadence-column kadence-column43518_886825-13\"><div class=\"kt-inside-inner-col\"><\/div><\/div>\n\n\n<style>.kadence-column43518_9aa1a7-2c > .kt-inside-inner-col,.kadence-column43518_9aa1a7-2c > .kt-inside-inner-col:before{border-top-left-radius:0px;border-top-right-radius:0px;border-bottom-right-radius:0px;border-bottom-left-radius:0px;}.kadence-column43518_9aa1a7-2c > .kt-inside-inner-col{column-gap:var(--global-kb-gap-sm, 1rem);}.kadence-column43518_9aa1a7-2c > .kt-inside-inner-col{flex-direction:column;}.kadence-column43518_9aa1a7-2c > .kt-inside-inner-col > .aligncenter{width:100%;}.kadence-column43518_9aa1a7-2c > .kt-inside-inner-col:before{opacity:0.3;}.kadence-column43518_9aa1a7-2c{position:relative;}@media all and (max-width: 1024px){.kadence-column43518_9aa1a7-2c > .kt-inside-inner-col{flex-direction:column;justify-content:center;}}@media all and (max-width: 767px){.kadence-column43518_9aa1a7-2c > .kt-inside-inner-col{flex-direction:column;justify-content:center;}}<\/style>\n<div class=\"wp-block-kadence-column kadence-column43518_9aa1a7-2c\"><div class=\"kt-inside-inner-col\"><\/div><\/div>\n\n\n<style>.kadence-column43518_d96a1b-87 > .kt-inside-inner-col,.kadence-column43518_d96a1b-87 > .kt-inside-inner-col:before{border-top-left-radius:0px;border-top-right-radius:0px;border-bottom-right-radius:0px;border-bottom-left-radius:0px;}.kadence-column43518_d96a1b-87 > .kt-inside-inner-col{column-gap:var(--global-kb-gap-sm, 1rem);}.kadence-column43518_d96a1b-87 > .kt-inside-inner-col{flex-direction:column;}.kadence-column43518_d96a1b-87 > .kt-inside-inner-col > .aligncenter{width:100%;}.kadence-column43518_d96a1b-87 > .kt-inside-inner-col:before{opacity:0.3;}.kadence-column43518_d96a1b-87{position:relative;}@media all and (max-width: 1024px){.kadence-column43518_d96a1b-87 > .kt-inside-inner-col{flex-direction:column;justify-content:center;}}@media all and (max-width: 767px){.kadence-column43518_d96a1b-87 > .kt-inside-inner-col{flex-direction:column;justify-content:center;}}<\/style>\n<div class=\"wp-block-kadence-column kadence-column43518_d96a1b-87\"><div class=\"kt-inside-inner-col\"><style>.kb-row-layout-id43518_c2bb15-d9 > .kt-row-column-wrap{align-content:start;}:where(.kb-row-layout-id43518_c2bb15-d9 > .kt-row-column-wrap) > .wp-block-kadence-column{justify-content:start;}.kb-row-layout-id43518_c2bb15-d9 > .kt-row-column-wrap{column-gap:var(--global-kb-gap-md, 2rem);row-gap:var(--global-kb-gap-md, 2rem);padding-top:var(--global-kb-spacing-sm, 1.5rem);padding-bottom:var(--global-kb-spacing-sm, 1.5rem);grid-template-columns:minmax(0, 1fr) minmax(0, 2fr);}.kb-row-layout-id43518_c2bb15-d9 > .kt-row-layout-overlay{opacity:0.30;}@media all and (max-width: 1024px){.kb-row-layout-id43518_c2bb15-d9 > .kt-row-column-wrap{grid-template-columns:minmax(0, 1fr) minmax(0, 2fr);}}@media all and (max-width: 767px){.kb-row-layout-id43518_c2bb15-d9 > .kt-row-column-wrap{grid-template-columns:minmax(0, 1fr);}}<\/style><div class=\"kb-row-layout-wrap kb-row-layout-id43518_c2bb15-d9 alignnone wp-block-kadence-rowlayout\"><div class=\"kt-row-column-wrap kt-has-2-columns kt-row-layout-right-golden kt-tab-layout-inherit kt-mobile-layout-row kt-row-valign-top\">\n<style>.kadence-column43518_521472-c2 > .kt-inside-inner-col,.kadence-column43518_521472-c2 > .kt-inside-inner-col:before{border-top-left-radius:0px;border-top-right-radius:0px;border-bottom-right-radius:0px;border-bottom-left-radius:0px;}.kadence-column43518_521472-c2 > .kt-inside-inner-col{column-gap:var(--global-kb-gap-sm, 1rem);}.kadence-column43518_521472-c2 > .kt-inside-inner-col{flex-direction:column;}.kadence-column43518_521472-c2 > .kt-inside-inner-col > .aligncenter{width:100%;}.kadence-column43518_521472-c2 > .kt-inside-inner-col:before{opacity:0.3;}.kadence-column43518_521472-c2{position:relative;}@media all and (max-width: 1024px){.kadence-column43518_521472-c2 > .kt-inside-inner-col{flex-direction:column;justify-content:center;}}@media all and (max-width: 767px){.kadence-column43518_521472-c2 > .kt-inside-inner-col{flex-direction:column;justify-content:center;}}<\/style>\n<div class=\"wp-block-kadence-column kadence-column43518_521472-c2\"><div class=\"kt-inside-inner-col\"><style>.kadence-column43518_1ad9e3-c7 > .kt-inside-inner-col,.kadence-column43518_1ad9e3-c7 > .kt-inside-inner-col:before{border-top-left-radius:0px;border-top-right-radius:0px;border-bottom-right-radius:0px;border-bottom-left-radius:0px;}.kadence-column43518_1ad9e3-c7 > .kt-inside-inner-col{column-gap:var(--global-kb-gap-sm, 1rem);}.kadence-column43518_1ad9e3-c7 > .kt-inside-inner-col{flex-direction:column;}.kadence-column43518_1ad9e3-c7 > .kt-inside-inner-col > .aligncenter{width:100%;}.kadence-column43518_1ad9e3-c7 > .kt-inside-inner-col:before{opacity:0.3;}.kadence-column43518_1ad9e3-c7{position:relative;}@media all and (max-width: 1024px){.kadence-column43518_1ad9e3-c7 > .kt-inside-inner-col{flex-direction:column;justify-content:center;}}@media all and (max-width: 767px){.kadence-column43518_1ad9e3-c7 > .kt-inside-inner-col{flex-direction:column;justify-content:center;}}<\/style>\n<div class=\"wp-block-kadence-column kadence-column43518_1ad9e3-c7\"><div class=\"kt-inside-inner-col\">\n<figure class=\"wp-block-image size-full is-style-editorskit-rounded\"><img loading=\"lazy\" decoding=\"async\" width=\"780\" height=\"400\" src=\"https:\/\/www.upjs.sk\/app\/uploads\/sites\/11\/2024\/03\/RSP-zastupcovia-studentov.png\" alt=\"\" class=\"wp-image-43521\" srcset=\"https:\/\/www.upjs.sk\/app\/uploads\/sites\/11\/2024\/03\/RSP-zastupcovia-studentov.png 780w, https:\/\/www.upjs.sk\/app\/uploads\/sites\/11\/2024\/03\/RSP-zastupcovia-studentov-300x154.png 300w, https:\/\/www.upjs.sk\/app\/uploads\/sites\/11\/2024\/03\/RSP-zastupcovia-studentov-768x394.png 768w\" sizes=\"auto, (max-width: 780px) 100vw, 780px\" \/><\/figure>\n<\/div><\/div>\n<\/div><\/div>\n\n\n<style>.kadence-column43518_643e5b-8e > .kt-inside-inner-col,.kadence-column43518_643e5b-8e > .kt-inside-inner-col:before{border-top-left-radius:0px;border-top-right-radius:0px;border-bottom-right-radius:0px;border-bottom-left-radius:0px;}.kadence-column43518_643e5b-8e > .kt-inside-inner-col{column-gap:var(--global-kb-gap-sm, 1rem);}.kadence-column43518_643e5b-8e > .kt-inside-inner-col{flex-direction:column;}.kadence-column43518_643e5b-8e > .kt-inside-inner-col > .aligncenter{width:100%;}.kadence-column43518_643e5b-8e > .kt-inside-inner-col:before{opacity:0.3;}.kadence-column43518_643e5b-8e{position:relative;}@media all and (max-width: 1024px){.kadence-column43518_643e5b-8e > .kt-inside-inner-col{flex-direction:column;justify-content:center;}}@media all and (max-width: 767px){.kadence-column43518_643e5b-8e > .kt-inside-inner-col{flex-direction:column;justify-content:center;}}<\/style>\n<div class=\"wp-block-kadence-column kadence-column43518_643e5b-8e\"><div class=\"kt-inside-inner-col\">\n<p class=\"has-text-align-justify has-medium-font-size\">Kvalitu \u0161tudijn\u00fdch programov na bakal\u00e1rskom a magisterskom stupni zabezpe\u010duje a overuje\u00a0<strong>Rada \u0161tudijn\u00e9ho programu<\/strong>.<br>Radu \u0161tudijn\u00e9ho programu menuje rektor alebo dekan, ak sa \u0161tudijn\u00fd program uskuto\u010d\u0148uje na fakulte.<br>Kompetencie a pr\u00e1vomoci Rady \u0161tudijn\u00e9ho programu s\u00fa upraven\u00e9 v\u00a0<a href=\"https:\/\/intranet.upjs.sk\/op\/op.Public.php?documentid=4253\" target=\"_blank\" rel=\"noreferrer noopener\">Pravidl\u00e1ch vn\u00fatorn\u00e9ho syst\u00e9mu zabezpe\u010dovania a overovania kvality na UPJ\u0160.<\/a>\u00a0<\/p>\n<\/div><\/div>\n\n<\/div><\/div><\/div><\/div>\n\n\n<style>.kadence-column43518_44174e-39 > .kt-inside-inner-col,.kadence-column43518_44174e-39 > .kt-inside-inner-col:before{border-top-left-radius:0px;border-top-right-radius:0px;border-bottom-right-radius:0px;border-bottom-left-radius:0px;}.kadence-column43518_44174e-39 > .kt-inside-inner-col{column-gap:var(--global-kb-gap-sm, 1rem);}.kadence-column43518_44174e-39 > .kt-inside-inner-col{flex-direction:column;}.kadence-column43518_44174e-39 > .kt-inside-inner-col > .aligncenter{width:100%;}.kadence-column43518_44174e-39 > .kt-inside-inner-col:before{opacity:0.3;}.kadence-column43518_44174e-39{position:relative;}@media all and (max-width: 1024px){.kadence-column43518_44174e-39 > .kt-inside-inner-col{flex-direction:column;justify-content:center;}}@media all and (max-width: 767px){.kadence-column43518_44174e-39 > .kt-inside-inner-col{flex-direction:column;justify-content:center;}}<\/style>\n<div class=\"wp-block-kadence-column kadence-column43518_44174e-39\"><div class=\"kt-inside-inner-col\"><style>.kb-image43518_a6d0be-e5 .kb-image-has-overlay:after{opacity:0.3;border-top-left-radius:15px;border-top-right-radius:15px;border-bottom-right-radius:15px;border-bottom-left-radius:15px;}.kb-image43518_a6d0be-e5 img.kb-img, .kb-image43518_a6d0be-e5 .kb-img img{border-top-left-radius:15px;border-top-right-radius:15px;border-bottom-right-radius:15px;border-bottom-left-radius:15px;}<\/style>\n<figure class=\"wp-block-kadence-image kb-image43518_a6d0be-e5 size-full\"><img loading=\"lazy\" decoding=\"async\" width=\"1170\" height=\"120\" src=\"https:\/\/www.upjs.sk\/app\/uploads\/sites\/11\/2024\/03\/RSP-banner-PrF.png\" alt=\"\" class=\"kb-img wp-image-43525\" srcset=\"https:\/\/www.upjs.sk\/app\/uploads\/sites\/11\/2024\/03\/RSP-banner-PrF.png 1170w, https:\/\/www.upjs.sk\/app\/uploads\/sites\/11\/2024\/03\/RSP-banner-PrF-300x31.png 300w, https:\/\/www.upjs.sk\/app\/uploads\/sites\/11\/2024\/03\/RSP-banner-PrF-1024x105.png 1024w, https:\/\/www.upjs.sk\/app\/uploads\/sites\/11\/2024\/03\/RSP-banner-PrF-768x79.png 768w\" sizes=\"auto, (max-width: 1170px) 100vw, 1170px\" \/><\/figure>\n\n\n\n<p><iframe style=\"border:0;width:100%;height:500px;\" src=\"https:\/\/studijne-programy.upjs.sk\/osoby\/PrF\"><\/iframe><\/p>\n<\/div><\/div>\n\n\n\n<div style=\"height:30px\" aria-hidden=\"true\" class=\"wp-block-spacer\"><\/div>\n\n\n<style>.kadence-column43518_8c635f-24 > .kt-inside-inner-col,.kadence-column43518_8c635f-24 > .kt-inside-inner-col:before{border-top-left-radius:0px;border-top-right-radius:0px;border-bottom-right-radius:0px;border-bottom-left-radius:0px;}.kadence-column43518_8c635f-24 > .kt-inside-inner-col{column-gap:var(--global-kb-gap-sm, 1rem);}.kadence-column43518_8c635f-24 > .kt-inside-inner-col{flex-direction:column;}.kadence-column43518_8c635f-24 > .kt-inside-inner-col > .aligncenter{width:100%;}.kadence-column43518_8c635f-24 > .kt-inside-inner-col:before{opacity:0.3;}.kadence-column43518_8c635f-24{position:relative;}@media all and (max-width: 1024px){.kadence-column43518_8c635f-24 > .kt-inside-inner-col{flex-direction:column;justify-content:center;}}@media all and (max-width: 767px){.kadence-column43518_8c635f-24 > .kt-inside-inner-col{flex-direction:column;justify-content:center;}}<\/style>\n<div class=\"wp-block-kadence-column kadence-column43518_8c635f-24\"><div class=\"kt-inside-inner-col\">\n<p class=\"has-text-align-center has-medium-font-size\">\u00dapln\u00fd zoznam \u0161tudijn\u00fdch programov a \u010dlenov r\u00e1d \u0161tudijn\u00fdch programov je k dispoz\u00edcii v&nbsp;<a href=\"https:\/\/studijne-programy.upjs.sk\/faculty\/PrF\" target=\"_blank\" aria-label=\" (opens in a new tab)\" rel=\"noreferrer noopener\" class=\"ek-link\"><strong>Registri \u0161tudijn\u00fdch programov UPJ\u0160<\/strong><\/a>.&nbsp;<\/p>\n<\/div><\/div>\n","protected":false},"excerpt":{"rendered":"<p>Kvalitu \u0161tudijn\u00fdch programov na bakal\u00e1rskom a magisterskom stupni zabezpe\u010duje a overuje\u00a0Rada \u0161tudijn\u00e9ho programu.Radu \u0161tudijn\u00e9ho programu menuje rektor alebo dekan, ak sa \u0161tudijn\u00fd program uskuto\u010d\u0148uje na fakulte.Kompetencie a pr\u00e1vomoci Rady \u0161tudijn\u00e9ho programu s\u00fa upraven\u00e9 v\u00a0Pravidl\u00e1ch vn\u00fatorn\u00e9ho syst\u00e9mu zabezpe\u010dovania a overovania kvality na UPJ\u0160.\u00a0 \u00dapln\u00fd zoznam \u0161tudijn\u00fdch programov a \u010dlenov r\u00e1d \u0161tudijn\u00fdch programov je k dispoz\u00edcii v&nbsp;Registri &hellip; <a href=\"https:\/\/www.upjs.sk\/pravnicka-fakulta\/studium\/rady-studijnych-programov\/\">\u010c\u00edta\u0165 \u010falej<\/a><\/p>\n","protected":false},"author":24,"featured_media":0,"parent":23564,"menu_order":0,"comment_status":"closed","ping_status":"closed","template":"","meta":{"_acf_changed":false,"_editorskit_title_hidden":false,"_editorskit_reading_time":0,"_editorskit_is_block_options_detached":false,"_editorskit_block_options_position":"{}","footnotes":""},"categories":[],"tags":[],"class_list":["post-43518","page","type-page","status-publish","hentry"],"acf":{"acf_link_na_externy_obsah":""},"yoast_head":"<!-- This site is optimized with the Yoast SEO plugin v27.4 - https:\/\/yoast.com\/product\/yoast-seo-wordpress\/ -->\n<title>Rady \u0161tudijn\u00fdch programov - Pr\u00e1vnick\u00e1 fakulta | UPJ\u0160<\/title>\n<meta name=\"robots\" content=\"index, follow, max-snippet:-1, max-image-preview:large, max-video-preview:-1\" \/>\n<link rel=\"canonical\" href=\"https:\/\/www.upjs.sk\/pravnicka-fakulta\/studium\/rady-studijnych-programov\/\" \/>\n<meta property=\"og:locale\" content=\"sk_SK\" \/>\n<meta property=\"og:type\" content=\"article\" \/>\n<meta property=\"og:title\" content=\"Rady \u0161tudijn\u00fdch programov - Pr\u00e1vnick\u00e1 fakulta | UPJ\u0160\" \/>\n<meta property=\"og:description\" content=\"Kvalitu \u0161tudijn\u00fdch programov na bakal\u00e1rskom a magisterskom stupni zabezpe\u010duje a overuje\u00a0Rada \u0161tudijn\u00e9ho programu.Radu \u0161tudijn\u00e9ho programu menuje rektor alebo dekan, ak sa \u0161tudijn\u00fd program uskuto\u010d\u0148uje na fakulte.Kompetencie a pr\u00e1vomoci Rady \u0161tudijn\u00e9ho programu s\u00fa upraven\u00e9 v\u00a0Pravidl\u00e1ch vn\u00fatorn\u00e9ho syst\u00e9mu zabezpe\u010dovania a overovania kvality na UPJ\u0160.\u00a0 \u00dapln\u00fd zoznam \u0161tudijn\u00fdch programov a \u010dlenov r\u00e1d \u0161tudijn\u00fdch programov je k dispoz\u00edcii v&nbsp;Registri &hellip; \u010c\u00edta\u0165 \u010falej\" \/>\n<meta property=\"og:url\" content=\"https:\/\/www.upjs.sk\/pravnicka-fakulta\/studium\/rady-studijnych-programov\/\" \/>\n<meta property=\"og:site_name\" content=\"Pr\u00e1vnick\u00e1 fakulta | UPJ\u0160\" \/>\n<meta property=\"article:modified_time\" content=\"2024-03-28T11:03:18+00:00\" \/>\n<meta property=\"og:image\" content=\"https:\/\/www.upjs.sk\/app\/uploads\/sites\/11\/2024\/03\/RSP-zastupcovia-studentov.png\" \/>\n<meta name=\"twitter:card\" content=\"summary_large_image\" \/>\n<meta name=\"twitter:label1\" content=\"Predpokladan\u00fd \u010das \u010d\u00edtania\" \/>\n\t<meta name=\"twitter:data1\" content=\"1 min\u00fata\" \/>\n<script type=\"application\/ld+json\" class=\"yoast-schema-graph\">{\"@context\":\"https:\\\/\\\/schema.org\",\"@graph\":[{\"@type\":\"WebPage\",\"@id\":\"https:\\\/\\\/www.upjs.sk\\\/pravnicka-fakulta\\\/studium\\\/rady-studijnych-programov\\\/\",\"url\":\"https:\\\/\\\/www.upjs.sk\\\/pravnicka-fakulta\\\/studium\\\/rady-studijnych-programov\\\/\",\"name\":\"Rady \u0161tudijn\u00fdch programov - Pr\u00e1vnick\u00e1 fakulta | UPJ\u0160\",\"isPartOf\":{\"@id\":\"https:\\\/\\\/www.upjs.sk\\\/pravnicka-fakulta\\\/#website\"},\"primaryImageOfPage\":{\"@id\":\"https:\\\/\\\/www.upjs.sk\\\/pravnicka-fakulta\\\/studium\\\/rady-studijnych-programov\\\/#primaryimage\"},\"image\":{\"@id\":\"https:\\\/\\\/www.upjs.sk\\\/pravnicka-fakulta\\\/studium\\\/rady-studijnych-programov\\\/#primaryimage\"},\"thumbnailUrl\":\"https:\\\/\\\/www.upjs.sk\\\/app\\\/uploads\\\/sites\\\/11\\\/2024\\\/03\\\/RSP-zastupcovia-studentov.png\",\"datePublished\":\"2024-03-27T09:34:17+00:00\",\"dateModified\":\"2024-03-28T11:03:18+00:00\",\"breadcrumb\":{\"@id\":\"https:\\\/\\\/www.upjs.sk\\\/pravnicka-fakulta\\\/studium\\\/rady-studijnych-programov\\\/#breadcrumb\"},\"inLanguage\":\"sk-SK\",\"potentialAction\":[{\"@type\":\"ReadAction\",\"target\":[\"https:\\\/\\\/www.upjs.sk\\\/pravnicka-fakulta\\\/studium\\\/rady-studijnych-programov\\\/\"]}]},{\"@type\":\"ImageObject\",\"inLanguage\":\"sk-SK\",\"@id\":\"https:\\\/\\\/www.upjs.sk\\\/pravnicka-fakulta\\\/studium\\\/rady-studijnych-programov\\\/#primaryimage\",\"url\":\"https:\\\/\\\/www.upjs.sk\\\/app\\\/uploads\\\/sites\\\/11\\\/2024\\\/03\\\/RSP-zastupcovia-studentov.png\",\"contentUrl\":\"https:\\\/\\\/www.upjs.sk\\\/app\\\/uploads\\\/sites\\\/11\\\/2024\\\/03\\\/RSP-zastupcovia-studentov.png\"},{\"@type\":\"BreadcrumbList\",\"@id\":\"https:\\\/\\\/www.upjs.sk\\\/pravnicka-fakulta\\\/studium\\\/rady-studijnych-programov\\\/#breadcrumb\",\"itemListElement\":[{\"@type\":\"ListItem\",\"position\":1,\"name\":\"Home\",\"item\":\"https:\\\/\\\/www.upjs.sk\\\/pravnicka-fakulta\\\/\"},{\"@type\":\"ListItem\",\"position\":2,\"name\":\"\u0160t\u00fadium\",\"item\":\"https:\\\/\\\/www.upjs.sk\\\/pravnicka-fakulta\\\/studium\\\/\"},{\"@type\":\"ListItem\",\"position\":3,\"name\":\"Rady \u0161tudijn\u00fdch programov\"}]},{\"@type\":\"WebSite\",\"@id\":\"https:\\\/\\\/www.upjs.sk\\\/pravnicka-fakulta\\\/#website\",\"url\":\"https:\\\/\\\/www.upjs.sk\\\/pravnicka-fakulta\\\/\",\"name\":\"Pr\u00e1vnick\u00e1 fakulta | UPJ\u0160\",\"description\":\"\",\"publisher\":{\"@id\":\"https:\\\/\\\/www.upjs.sk\\\/pravnicka-fakulta\\\/#organization\"},\"potentialAction\":[{\"@type\":\"SearchAction\",\"target\":{\"@type\":\"EntryPoint\",\"urlTemplate\":\"https:\\\/\\\/www.upjs.sk\\\/pravnicka-fakulta\\\/?s={search_term_string}\"},\"query-input\":{\"@type\":\"PropertyValueSpecification\",\"valueRequired\":true,\"valueName\":\"search_term_string\"}}],\"inLanguage\":\"sk-SK\"},{\"@type\":\"Organization\",\"@id\":\"https:\\\/\\\/www.upjs.sk\\\/pravnicka-fakulta\\\/#organization\",\"name\":\"Pr\u00e1vnick\u00e1 fakulta | UPJ\u0160\",\"url\":\"https:\\\/\\\/www.upjs.sk\\\/pravnicka-fakulta\\\/\",\"logo\":{\"@type\":\"ImageObject\",\"inLanguage\":\"sk-SK\",\"@id\":\"https:\\\/\\\/www.upjs.sk\\\/pravnicka-fakulta\\\/#\\\/schema\\\/logo\\\/image\\\/\",\"url\":\"https:\\\/\\\/www.upjs.sk\\\/app\\\/uploads\\\/sites\\\/11\\\/2022\\\/09\\\/logo-pravnicka-fakulta.png\",\"contentUrl\":\"https:\\\/\\\/www.upjs.sk\\\/app\\\/uploads\\\/sites\\\/11\\\/2022\\\/09\\\/logo-pravnicka-fakulta.png\",\"width\":415,\"height\":87,\"caption\":\"Pr\u00e1vnick\u00e1 fakulta | UPJ\u0160\"},\"image\":{\"@id\":\"https:\\\/\\\/www.upjs.sk\\\/pravnicka-fakulta\\\/#\\\/schema\\\/logo\\\/image\\\/\"}}]}<\/script>\n<!-- \/ Yoast SEO plugin. -->","yoast_head_json":{"title":"Rady \u0161tudijn\u00fdch programov - Pr\u00e1vnick\u00e1 fakulta | UPJ\u0160","robots":{"index":"index","follow":"follow","max-snippet":"max-snippet:-1","max-image-preview":"max-image-preview:large","max-video-preview":"max-video-preview:-1"},"canonical":"https:\/\/www.upjs.sk\/pravnicka-fakulta\/studium\/rady-studijnych-programov\/","og_locale":"sk_SK","og_type":"article","og_title":"Rady \u0161tudijn\u00fdch programov - Pr\u00e1vnick\u00e1 fakulta | UPJ\u0160","og_description":"Kvalitu \u0161tudijn\u00fdch programov na bakal\u00e1rskom a magisterskom stupni zabezpe\u010duje a overuje\u00a0Rada \u0161tudijn\u00e9ho programu.Radu \u0161tudijn\u00e9ho programu menuje rektor alebo dekan, ak sa \u0161tudijn\u00fd program uskuto\u010d\u0148uje na fakulte.Kompetencie a pr\u00e1vomoci Rady \u0161tudijn\u00e9ho programu s\u00fa upraven\u00e9 v\u00a0Pravidl\u00e1ch vn\u00fatorn\u00e9ho syst\u00e9mu zabezpe\u010dovania a overovania kvality na UPJ\u0160.\u00a0 \u00dapln\u00fd zoznam \u0161tudijn\u00fdch programov a \u010dlenov r\u00e1d \u0161tudijn\u00fdch programov je k dispoz\u00edcii v&nbsp;Registri &hellip; \u010c\u00edta\u0165 \u010falej","og_url":"https:\/\/www.upjs.sk\/pravnicka-fakulta\/studium\/rady-studijnych-programov\/","og_site_name":"Pr\u00e1vnick\u00e1 fakulta | UPJ\u0160","article_modified_time":"2024-03-28T11:03:18+00:00","og_image":[{"url":"https:\/\/www.upjs.sk\/app\/uploads\/sites\/11\/2024\/03\/RSP-zastupcovia-studentov.png","type":"","width":"","height":""}],"twitter_card":"summary_large_image","twitter_misc":{"Predpokladan\u00fd \u010das \u010d\u00edtania":"1 min\u00fata"},"schema":{"@context":"https:\/\/schema.org","@graph":[{"@type":"WebPage","@id":"https:\/\/www.upjs.sk\/pravnicka-fakulta\/studium\/rady-studijnych-programov\/","url":"https:\/\/www.upjs.sk\/pravnicka-fakulta\/studium\/rady-studijnych-programov\/","name":"Rady \u0161tudijn\u00fdch programov - Pr\u00e1vnick\u00e1 fakulta | UPJ\u0160","isPartOf":{"@id":"https:\/\/www.upjs.sk\/pravnicka-fakulta\/#website"},"primaryImageOfPage":{"@id":"https:\/\/www.upjs.sk\/pravnicka-fakulta\/studium\/rady-studijnych-programov\/#primaryimage"},"image":{"@id":"https:\/\/www.upjs.sk\/pravnicka-fakulta\/studium\/rady-studijnych-programov\/#primaryimage"},"thumbnailUrl":"https:\/\/www.upjs.sk\/app\/uploads\/sites\/11\/2024\/03\/RSP-zastupcovia-studentov.png","datePublished":"2024-03-27T09:34:17+00:00","dateModified":"2024-03-28T11:03:18+00:00","breadcrumb":{"@id":"https:\/\/www.upjs.sk\/pravnicka-fakulta\/studium\/rady-studijnych-programov\/#breadcrumb"},"inLanguage":"sk-SK","potentialAction":[{"@type":"ReadAction","target":["https:\/\/www.upjs.sk\/pravnicka-fakulta\/studium\/rady-studijnych-programov\/"]}]},{"@type":"ImageObject","inLanguage":"sk-SK","@id":"https:\/\/www.upjs.sk\/pravnicka-fakulta\/studium\/rady-studijnych-programov\/#primaryimage","url":"https:\/\/www.upjs.sk\/app\/uploads\/sites\/11\/2024\/03\/RSP-zastupcovia-studentov.png","contentUrl":"https:\/\/www.upjs.sk\/app\/uploads\/sites\/11\/2024\/03\/RSP-zastupcovia-studentov.png"},{"@type":"BreadcrumbList","@id":"https:\/\/www.upjs.sk\/pravnicka-fakulta\/studium\/rady-studijnych-programov\/#breadcrumb","itemListElement":[{"@type":"ListItem","position":1,"name":"Home","item":"https:\/\/www.upjs.sk\/pravnicka-fakulta\/"},{"@type":"ListItem","position":2,"name":"\u0160t\u00fadium","item":"https:\/\/www.upjs.sk\/pravnicka-fakulta\/studium\/"},{"@type":"ListItem","position":3,"name":"Rady \u0161tudijn\u00fdch programov"}]},{"@type":"WebSite","@id":"https:\/\/www.upjs.sk\/pravnicka-fakulta\/#website","url":"https:\/\/www.upjs.sk\/pravnicka-fakulta\/","name":"Pr\u00e1vnick\u00e1 fakulta | UPJ\u0160","description":"","publisher":{"@id":"https:\/\/www.upjs.sk\/pravnicka-fakulta\/#organization"},"potentialAction":[{"@type":"SearchAction","target":{"@type":"EntryPoint","urlTemplate":"https:\/\/www.upjs.sk\/pravnicka-fakulta\/?s={search_term_string}"},"query-input":{"@type":"PropertyValueSpecification","valueRequired":true,"valueName":"search_term_string"}}],"inLanguage":"sk-SK"},{"@type":"Organization","@id":"https:\/\/www.upjs.sk\/pravnicka-fakulta\/#organization","name":"Pr\u00e1vnick\u00e1 fakulta | UPJ\u0160","url":"https:\/\/www.upjs.sk\/pravnicka-fakulta\/","logo":{"@type":"ImageObject","inLanguage":"sk-SK","@id":"https:\/\/www.upjs.sk\/pravnicka-fakulta\/#\/schema\/logo\/image\/","url":"https:\/\/www.upjs.sk\/app\/uploads\/sites\/11\/2022\/09\/logo-pravnicka-fakulta.png","contentUrl":"https:\/\/www.upjs.sk\/app\/uploads\/sites\/11\/2022\/09\/logo-pravnicka-fakulta.png","width":415,"height":87,"caption":"Pr\u00e1vnick\u00e1 fakulta | UPJ\u0160"},"image":{"@id":"https:\/\/www.upjs.sk\/pravnicka-fakulta\/#\/schema\/logo\/image\/"}}]}},"_links":{"self":[{"href":"https:\/\/www.upjs.sk\/pravnicka-fakulta\/wp-json\/wp\/v2\/pages\/43518","targetHints":{"allow":["GET"]}}],"collection":[{"href":"https:\/\/www.upjs.sk\/pravnicka-fakulta\/wp-json\/wp\/v2\/pages"}],"about":[{"href":"https:\/\/www.upjs.sk\/pravnicka-fakulta\/wp-json\/wp\/v2\/types\/page"}],"author":[{"embeddable":true,"href":"https:\/\/www.upjs.sk\/pravnicka-fakulta\/wp-json\/wp\/v2\/users\/24"}],"replies":[{"embeddable":true,"href":"https:\/\/www.upjs.sk\/pravnicka-fakulta\/wp-json\/wp\/v2\/comments?post=43518"}],"version-history":[{"count":14,"href":"https:\/\/www.upjs.sk\/pravnicka-fakulta\/wp-json\/wp\/v2\/pages\/43518\/revisions"}],"predecessor-version":[{"id":43573,"href":"https:\/\/www.upjs.sk\/pravnicka-fakulta\/wp-json\/wp\/v2\/pages\/43518\/revisions\/43573"}],"up":[{"embeddable":true,"href":"https:\/\/www.upjs.sk\/pravnicka-fakulta\/wp-json\/wp\/v2\/pages\/23564"}],"wp:attachment":[{"href":"https:\/\/www.upjs.sk\/pravnicka-fakulta\/wp-json\/wp\/v2\/media?parent=43518"}],"wp:term":[{"taxonomy":"category","embeddable":true,"href":"https:\/\/www.upjs.sk\/pravnicka-fakulta\/wp-json\/wp\/v2\/categories?post=43518"},{"taxonomy":"post_tag","embeddable":true,"href":"https:\/\/www.upjs.sk\/pravnicka-fakulta\/wp-json\/wp\/v2\/tags?post=43518"}],"curies":[{"name":"wp","href":"https:\/\/api.w.org\/{rel}","templated":true}]}}