{"id":47779,"date":"2025-05-12T06:06:48","date_gmt":"2025-05-12T05:06:48","guid":{"rendered":"https:\/\/www.upjs.sk\/pravnicka-fakulta\/?page_id=47779"},"modified":"2025-05-12T06:16:11","modified_gmt":"2025-05-12T05:16:11","slug":"2025-2","status":"publish","type":"page","link":"https:\/\/www.upjs.sk\/pravnicka-fakulta\/memorial-judr-milana-gejdosa-csc\/2025-2\/","title":{"rendered":"2025 &#8211; XXVI. ro\u010dn\u00edk"},"content":{"rendered":"<h2>Poradie z\u00e1pasov:<\/h2>\n\n\n<div class=\"wp-block-columns is-style-default is-layout-flex wp-container-core-columns-is-layout-9d6595d7 wp-block-columns-is-layout-flex\">\n<div class=\"wp-block-column is-layout-flow wp-block-column-is-layout-flow\" style=\"flex-basis:33.33%\">\n<figure class=\"wp-block-table\"><table><tbody><tr><td><strong>U\u010cITELIA \u2013 <strong><strong>POLICAJTI<\/strong><\/strong><\/strong><\/td><td class=\"has-text-align-center\" data-align=\"center\">2 : 10<\/td><\/tr><tr><td><strong>COLN\u00cdCI<\/strong> &#8211; <strong><strong>ADVOK\u00c1TI<\/strong><\/strong><\/td><td class=\"has-text-align-center\" data-align=\"center\">3 : 2<\/td><\/tr><tr><td><strong>POLICAJTI &#8211; \u0160TUDENTI<\/strong><\/td><td class=\"has-text-align-center\" data-align=\"center\">3 : 2<\/td><\/tr><tr><td><strong><strong>ADVOK\u00c1TI<\/strong><\/strong> &#8211; <strong>NOT\u00c1RI<\/strong><\/td><td class=\"has-text-align-center\" data-align=\"center\">2 : 5<\/td><\/tr><tr><td><strong>U\u010cITELIA<\/strong> &#8211; <strong><strong>PROKUR\u00c1TORI<\/strong><\/strong><\/td><td class=\"has-text-align-center\" data-align=\"center\">1 : 11<\/td><\/tr><tr><td><strong><strong><strong>COLN\u00cdCI<\/strong><\/strong><\/strong> &#8211;<strong> SUDCOVIA<\/strong><\/td><td class=\"has-text-align-center\" data-align=\"center\">2 : 2<\/td><\/tr><tr><td><strong><strong>\u0160TUDENTI<\/strong><\/strong> &#8211; <strong>U\u010cITELIA<\/strong><\/td><td class=\"has-text-align-center\" data-align=\"center\">5 : 2<\/td><\/tr><tr><td><strong>NOT\u00c1RI<\/strong> &#8211; <strong><strong><strong><strong><strong>COLN\u00cdCI<\/strong><\/strong><\/strong><\/strong><\/strong><\/td><td class=\"has-text-align-center\" data-align=\"center\">1 : 8<\/td><\/tr><tr><td><strong>PROKUR\u00c1TORI<\/strong> &#8211; <strong><strong>\u0160TUDENTI<\/strong><\/strong><\/td><td class=\"has-text-align-center\" data-align=\"center\">2 : 1<\/td><\/tr><tr><td><strong>SUDCOVIA<\/strong> &#8211; <strong>NOT\u00c1RI<\/strong><\/td><td class=\"has-text-align-center\" data-align=\"center\">4 : 1<\/td><\/tr><tr><td><strong><strong>POLICAJTI<\/strong><\/strong> &#8211; <strong><strong>PROKUR\u00c1TORI<\/strong><\/strong><\/td><td class=\"has-text-align-center\" data-align=\"center\">2 : 2<\/td><\/tr><tr><td><strong><strong>ADVOK\u00c1TI<\/strong><\/strong> &#8211; <strong>SUDCOVIA<\/strong><\/td><td class=\"has-text-align-center\" data-align=\"center\">1 : 3<\/td><\/tr><tr><td><\/td><td class=\"has-text-align-center\" data-align=\"center\"><\/td><\/tr><tr><td><em><strong>o 3. miesto<\/strong><\/em><\/td><td class=\"has-text-align-center\" data-align=\"center\"><\/td><\/tr><tr><td><strong><strong>POLICAJTI<\/strong><\/strong> &#8211; <strong>SUDCOVIA<\/strong><\/td><td class=\"has-text-align-center\" data-align=\"center\">6 : 2<\/td><\/tr><tr><td><\/td><td class=\"has-text-align-center\" data-align=\"center\"><\/td><\/tr><tr><td><strong><em>FIN\u00c1LE<\/em><\/strong><\/td><td class=\"has-text-align-center\" data-align=\"center\"><\/td><\/tr><tr><td><strong>PROKUR\u00c1TORI<\/strong> &#8211; <strong>COLN\u00cdCI<\/strong> <\/td><td class=\"has-text-align-center\" data-align=\"center\">3 : 2<\/td><\/tr><\/tbody><\/table><\/figure>\n<\/div>\n\n\n\n<div class=\"wp-block-column is-layout-flow wp-block-column-is-layout-flow\" style=\"flex-basis:66.66%\"><\/div>\n<\/div>\n\n\n<p><strong>NAJLEP\u0160\u00cd &#8230;<\/strong><br \/><strong>&#8230; brank\u00e1r turnaja:<\/strong><br \/><em>Mat\u00fa\u0161 S\u00ddKORA<\/em><br \/><strong>&#8230; strelec turnaja:<\/strong><br \/><em>Patrik AUGUST\u00cdN<\/em><\/p>\n<h2><strong>Z\u00c1PASY\u00a0V SKUPIN\u00c1CH:<\/strong><\/h2>\n\n\n<figure class=\"wp-block-table caption-align-default\"><table class=\"has-fixed-layout\"><thead><tr><th>A skupina<\/th><th class=\"has-text-align-center\" data-align=\"center\"><strong>U\u010cITELIA<\/strong><\/th><th class=\"has-text-align-center\" data-align=\"center\"><strong><strong><strong>POLICAJTI<\/strong><\/strong><\/strong><\/th><th class=\"has-text-align-center\" data-align=\"center\"><strong><strong><strong><strong>\u0160TUDENTI<\/strong><\/strong><\/strong><\/strong><\/th><th class=\"has-text-align-center\" data-align=\"center\"><strong>PROKUR\u00c1TORI<\/strong><\/th><th class=\"has-text-align-center\" data-align=\"center\"><\/th><th class=\"has-text-align-center\" data-align=\"center\"><strong>SK\u00d3RE<\/strong><\/th><th class=\"has-text-align-center\" data-align=\"center\"><strong>BODY<\/strong>&nbsp;<\/th><th class=\"has-text-align-center\" data-align=\"center\"><strong>PORADIE<\/strong><\/th><\/tr><\/thead><tbody><tr><td><strong>U\u010cITELIA<\/strong><\/td><td class=\"has-text-align-center\" data-align=\"center\">&#8211;<\/td><td class=\"has-text-align-center\" data-align=\"center\">2 : 10<\/td><td class=\"has-text-align-center\" data-align=\"center\">8 : 1<\/td><td class=\"has-text-align-center\" data-align=\"center\">1 : 11<\/td><td class=\"has-text-align-center\" data-align=\"center\"><\/td><td class=\"has-text-align-center\" data-align=\"center\">5 : 26<\/td><td class=\"has-text-align-center\" data-align=\"center\">0<\/td><td class=\"has-text-align-center\" data-align=\"center\">IV.<\/td><\/tr><tr><td><strong>POLICAJTI<\/strong><\/td><td class=\"has-text-align-center\" data-align=\"center\">10 : 2<\/td><td class=\"has-text-align-center\" data-align=\"center\">&#8211;<\/td><td class=\"has-text-align-center\" data-align=\"center\">3 : 2<\/td><td class=\"has-text-align-center\" data-align=\"center\">2 : 2<\/td><td class=\"has-text-align-center\" data-align=\"center\"><\/td><td class=\"has-text-align-center\" data-align=\"center\">15 : 6<\/td><td class=\"has-text-align-center\" data-align=\"center\">7<\/td><td class=\"has-text-align-center\" data-align=\"center\">II.<\/td><\/tr><tr><td><strong><strong><strong><strong><strong>\u0160TUDENTI<\/strong><\/strong><\/strong><\/strong><\/strong><\/td><td class=\"has-text-align-center\" data-align=\"center\">5 : 2<\/td><td class=\"has-text-align-center\" data-align=\"center\">2 : 3<\/td><td class=\"has-text-align-center\" data-align=\"center\">&#8211;<\/td><td class=\"has-text-align-center\" data-align=\"center\">1 : 2<\/td><td class=\"has-text-align-center\" data-align=\"center\"><\/td><td class=\"has-text-align-center\" data-align=\"center\">8 : 7<\/td><td class=\"has-text-align-center\" data-align=\"center\">3<\/td><td class=\"has-text-align-center\" data-align=\"center\">III.<\/td><\/tr><tr><td><strong>PROKUR\u00c1TORI<\/strong><\/td><td class=\"has-text-align-center\" data-align=\"center\">11 : 1<\/td><td class=\"has-text-align-center\" data-align=\"center\">2 : 2<\/td><td class=\"has-text-align-center\" data-align=\"center\">2 : 1<\/td><td class=\"has-text-align-center\" data-align=\"center\">&#8211;<\/td><td class=\"has-text-align-center\" data-align=\"center\"><\/td><td class=\"has-text-align-center\" data-align=\"center\">15 : 4<\/td><td class=\"has-text-align-center\" data-align=\"center\">7<\/td><td class=\"has-text-align-center\" data-align=\"center\">I.<\/td><\/tr><\/tbody><\/table><\/figure>\n\n\n\n<figure class=\"wp-block-table\"><table class=\"has-fixed-layout\"><thead><tr><th>B skupina<\/th><th class=\"has-text-align-center\" data-align=\"center\"><strong><strong><strong><strong><strong><strong><strong><strong><strong>COLN\u00cdCI<\/strong><\/strong><\/strong><\/strong><\/strong><\/strong><\/strong><\/strong><\/strong><\/th><th class=\"has-text-align-center\" data-align=\"center\"><strong><strong><strong><strong>ADVOK\u00c1TI<\/strong><\/strong><\/strong><\/strong><\/th><th class=\"has-text-align-center\" data-align=\"center\"><strong><strong><strong>NOT\u00c1RI<\/strong><\/strong><\/strong><\/th><th class=\"has-text-align-center\" data-align=\"center\"><strong>SUDCOVIA<\/strong><\/th><th class=\"has-text-align-center\" data-align=\"center\"><\/th><th class=\"has-text-align-center\" data-align=\"center\"><strong>SK\u00d3RE<\/strong><\/th><th class=\"has-text-align-center\" data-align=\"center\"><strong>BODY<\/strong><\/th><th class=\"has-text-align-center\" data-align=\"center\"><strong>PORADIE<\/strong><\/th><\/tr><\/thead><tbody><tr><td><strong><strong><strong><strong>COLN\u00cdCI<\/strong><\/strong><\/strong><\/strong><\/td><td class=\"has-text-align-center\" data-align=\"center\">&#8211;<\/td><td class=\"has-text-align-center\" data-align=\"center\">3 : 2<\/td><td class=\"has-text-align-center\" data-align=\"center\">8 : 1<\/td><td class=\"has-text-align-center\" data-align=\"center\">2 : 2<\/td><td class=\"has-text-align-center\" data-align=\"center\"><\/td><td class=\"has-text-align-center\" data-align=\"center\">13 : 5<\/td><td class=\"has-text-align-center\" data-align=\"center\">7<\/td><td class=\"has-text-align-center\" data-align=\"center\">I.<\/td><\/tr><tr><td><strong><strong><strong>ADVOK\u00c1TI<\/strong><\/strong><\/strong><\/td><td class=\"has-text-align-center\" data-align=\"center\">2 : 3<\/td><td class=\"has-text-align-center\" data-align=\"center\">&#8211;<\/td><td class=\"has-text-align-center\" data-align=\"center\">2 : 5<\/td><td class=\"has-text-align-center\" data-align=\"center\">1 : 3<\/td><td class=\"has-text-align-center\" data-align=\"center\"><\/td><td class=\"has-text-align-center\" data-align=\"center\">5 : 11<\/td><td class=\"has-text-align-center\" data-align=\"center\">0<\/td><td class=\"has-text-align-center\" data-align=\"center\">IV.<\/td><\/tr><tr><td><strong><strong><strong><strong><strong>NOT\u00c1RI<\/strong><\/strong><\/strong><\/strong><\/strong><\/td><td class=\"has-text-align-center\" data-align=\"center\">1 : 8<\/td><td class=\"has-text-align-center\" data-align=\"center\">5 : 2<\/td><td class=\"has-text-align-center\" data-align=\"center\">&#8211;<\/td><td class=\"has-text-align-center\" data-align=\"center\">1 : 4<\/td><td class=\"has-text-align-center\" data-align=\"center\"><\/td><td class=\"has-text-align-center\" data-align=\"center\">7 : 14<\/td><td class=\"has-text-align-center\" data-align=\"center\">3<\/td><td class=\"has-text-align-center\" data-align=\"center\">III.<\/td><\/tr><tr><td><strong>SUDCOVIA<\/strong><\/td><td class=\"has-text-align-center\" data-align=\"center\">2 : 2<\/td><td class=\"has-text-align-center\" data-align=\"center\">3 : 1<\/td><td class=\"has-text-align-center\" data-align=\"center\">4 : 1<\/td><td class=\"has-text-align-center\" data-align=\"center\">&#8211;<\/td><td class=\"has-text-align-center\" data-align=\"center\"><\/td><td class=\"has-text-align-center\" data-align=\"center\">9 : 4<\/td><td class=\"has-text-align-center\" data-align=\"center\">7<\/td><td class=\"has-text-align-center\" data-align=\"center\">II.<\/td><\/tr><\/tbody><\/table><\/figure>\n\n\n<p><span style=\"color: #000000;\">V\u0161etky fotografie z podujatia n\u00e1jdete <strong><a href=\"https:\/\/pvtsub.pravo.upjs.sk\/Memorial\/2025_05_08_Memorial.zip\">TU<\/a>.<\/strong><\/span><\/p>\n\n\n<p><\/p>\n","protected":false},"excerpt":{"rendered":"<p>Poradie z\u00e1pasov: U\u010cITELIA \u2013 POLICAJTI 2 : 10 COLN\u00cdCI &#8211; ADVOK\u00c1TI 3 : 2 POLICAJTI &#8211; \u0160TUDENTI 3 : 2 ADVOK\u00c1TI &#8211; NOT\u00c1RI 2 : 5 U\u010cITELIA &#8211; PROKUR\u00c1TORI 1 : 11 COLN\u00cdCI &#8211; SUDCOVIA 2 : 2 \u0160TUDENTI &#8211; U\u010cITELIA 5 : 2 NOT\u00c1RI &#8211; COLN\u00cdCI 1 : 8 PROKUR\u00c1TORI &#8211; \u0160TUDENTI 2 : &hellip; <a href=\"https:\/\/www.upjs.sk\/pravnicka-fakulta\/memorial-judr-milana-gejdosa-csc\/2025-2\/\">\u010c\u00edta\u0165 \u010falej<\/a><\/p>\n","protected":false},"author":1,"featured_media":0,"parent":13272,"menu_order":0,"comment_status":"closed","ping_status":"closed","template":"","meta":{"_acf_changed":false,"_editorskit_title_hidden":false,"_editorskit_reading_time":1,"_editorskit_is_block_options_detached":false,"_editorskit_block_options_position":"{}","footnotes":""},"categories":[],"tags":[],"class_list":["post-47779","page","type-page","status-publish","hentry"],"acf":{"acf_link_na_externy_obsah":""},"yoast_head":"<!-- This site is optimized with the Yoast SEO plugin v27.2 - https:\/\/yoast.com\/product\/yoast-seo-wordpress\/ -->\n<title>2025 - XXVI. ro\u010dn\u00edk - Pr\u00e1vnick\u00e1 fakulta | UPJ\u0160<\/title>\n<meta name=\"robots\" content=\"index, follow, max-snippet:-1, max-image-preview:large, max-video-preview:-1\" \/>\n<link rel=\"canonical\" href=\"https:\/\/www.upjs.sk\/pravnicka-fakulta\/memorial-judr-milana-gejdosa-csc\/2025-2\/\" \/>\n<meta property=\"og:locale\" content=\"sk_SK\" \/>\n<meta property=\"og:type\" content=\"article\" \/>\n<meta property=\"og:title\" content=\"2025 - XXVI. ro\u010dn\u00edk - Pr\u00e1vnick\u00e1 fakulta | UPJ\u0160\" \/>\n<meta property=\"og:description\" content=\"Poradie z\u00e1pasov: U\u010cITELIA \u2013 POLICAJTI 2 : 10 COLN\u00cdCI &#8211; ADVOK\u00c1TI 3 : 2 POLICAJTI &#8211; \u0160TUDENTI 3 : 2 ADVOK\u00c1TI &#8211; NOT\u00c1RI 2 : 5 U\u010cITELIA &#8211; PROKUR\u00c1TORI 1 : 11 COLN\u00cdCI &#8211; SUDCOVIA 2 : 2 \u0160TUDENTI &#8211; U\u010cITELIA 5 : 2 NOT\u00c1RI &#8211; COLN\u00cdCI 1 : 8 PROKUR\u00c1TORI &#8211; \u0160TUDENTI 2 : &hellip; \u010c\u00edta\u0165 \u010falej\" \/>\n<meta property=\"og:url\" content=\"https:\/\/www.upjs.sk\/pravnicka-fakulta\/memorial-judr-milana-gejdosa-csc\/2025-2\/\" \/>\n<meta property=\"og:site_name\" content=\"Pr\u00e1vnick\u00e1 fakulta | UPJ\u0160\" \/>\n<meta property=\"article:modified_time\" content=\"2025-05-12T05:16:11+00:00\" \/>\n<meta name=\"twitter:card\" content=\"summary_large_image\" \/>\n<meta name=\"twitter:label1\" content=\"Predpokladan\u00fd \u010das \u010d\u00edtania\" \/>\n\t<meta name=\"twitter:data1\" content=\"2 min\u00faty\" \/>\n<script type=\"application\/ld+json\" class=\"yoast-schema-graph\">{\"@context\":\"https:\/\/schema.org\",\"@graph\":[{\"@type\":\"WebPage\",\"@id\":\"https:\/\/www.upjs.sk\/pravnicka-fakulta\/memorial-judr-milana-gejdosa-csc\/2025-2\/\",\"url\":\"https:\/\/www.upjs.sk\/pravnicka-fakulta\/memorial-judr-milana-gejdosa-csc\/2025-2\/\",\"name\":\"2025 - XXVI. ro\u010dn\u00edk - Pr\u00e1vnick\u00e1 fakulta | UPJ\u0160\",\"isPartOf\":{\"@id\":\"https:\/\/www.upjs.sk\/pravnicka-fakulta\/#website\"},\"datePublished\":\"2025-05-12T05:06:48+00:00\",\"dateModified\":\"2025-05-12T05:16:11+00:00\",\"breadcrumb\":{\"@id\":\"https:\/\/www.upjs.sk\/pravnicka-fakulta\/memorial-judr-milana-gejdosa-csc\/2025-2\/#breadcrumb\"},\"inLanguage\":\"sk-SK\",\"potentialAction\":[{\"@type\":\"ReadAction\",\"target\":[\"https:\/\/www.upjs.sk\/pravnicka-fakulta\/memorial-judr-milana-gejdosa-csc\/2025-2\/\"]}]},{\"@type\":\"BreadcrumbList\",\"@id\":\"https:\/\/www.upjs.sk\/pravnicka-fakulta\/memorial-judr-milana-gejdosa-csc\/2025-2\/#breadcrumb\",\"itemListElement\":[{\"@type\":\"ListItem\",\"position\":1,\"name\":\"Home\",\"item\":\"https:\/\/www.upjs.sk\/pravnicka-fakulta\/\"},{\"@type\":\"ListItem\",\"position\":2,\"name\":\"Memori\u00e1l JUDr. Milana Gejdo\u0161a, CSc.\",\"item\":\"https:\/\/www.upjs.sk\/pravnicka-fakulta\/memorial-judr-milana-gejdosa-csc\/\"},{\"@type\":\"ListItem\",\"position\":3,\"name\":\"2025 &#8211; XXVI. ro\u010dn\u00edk\"}]},{\"@type\":\"WebSite\",\"@id\":\"https:\/\/www.upjs.sk\/pravnicka-fakulta\/#website\",\"url\":\"https:\/\/www.upjs.sk\/pravnicka-fakulta\/\",\"name\":\"Pr\u00e1vnick\u00e1 fakulta | UPJ\u0160\",\"description\":\"\",\"publisher\":{\"@id\":\"https:\/\/www.upjs.sk\/pravnicka-fakulta\/#organization\"},\"potentialAction\":[{\"@type\":\"SearchAction\",\"target\":{\"@type\":\"EntryPoint\",\"urlTemplate\":\"https:\/\/www.upjs.sk\/pravnicka-fakulta\/?s={search_term_string}\"},\"query-input\":{\"@type\":\"PropertyValueSpecification\",\"valueRequired\":true,\"valueName\":\"search_term_string\"}}],\"inLanguage\":\"sk-SK\"},{\"@type\":\"Organization\",\"@id\":\"https:\/\/www.upjs.sk\/pravnicka-fakulta\/#organization\",\"name\":\"Pr\u00e1vnick\u00e1 fakulta | UPJ\u0160\",\"url\":\"https:\/\/www.upjs.sk\/pravnicka-fakulta\/\",\"logo\":{\"@type\":\"ImageObject\",\"inLanguage\":\"sk-SK\",\"@id\":\"https:\/\/www.upjs.sk\/pravnicka-fakulta\/#\/schema\/logo\/image\/\",\"url\":\"https:\/\/www.upjs.sk\/app\/uploads\/sites\/11\/2022\/09\/logo-pravnicka-fakulta.png\",\"contentUrl\":\"https:\/\/www.upjs.sk\/app\/uploads\/sites\/11\/2022\/09\/logo-pravnicka-fakulta.png\",\"width\":415,\"height\":87,\"caption\":\"Pr\u00e1vnick\u00e1 fakulta | UPJ\u0160\"},\"image\":{\"@id\":\"https:\/\/www.upjs.sk\/pravnicka-fakulta\/#\/schema\/logo\/image\/\"}}]}<\/script>\n<!-- \/ Yoast SEO plugin. -->","yoast_head_json":{"title":"2025 - XXVI. ro\u010dn\u00edk - Pr\u00e1vnick\u00e1 fakulta | UPJ\u0160","robots":{"index":"index","follow":"follow","max-snippet":"max-snippet:-1","max-image-preview":"max-image-preview:large","max-video-preview":"max-video-preview:-1"},"canonical":"https:\/\/www.upjs.sk\/pravnicka-fakulta\/memorial-judr-milana-gejdosa-csc\/2025-2\/","og_locale":"sk_SK","og_type":"article","og_title":"2025 - XXVI. ro\u010dn\u00edk - Pr\u00e1vnick\u00e1 fakulta | UPJ\u0160","og_description":"Poradie z\u00e1pasov: U\u010cITELIA \u2013 POLICAJTI 2 : 10 COLN\u00cdCI &#8211; ADVOK\u00c1TI 3 : 2 POLICAJTI &#8211; \u0160TUDENTI 3 : 2 ADVOK\u00c1TI &#8211; NOT\u00c1RI 2 : 5 U\u010cITELIA &#8211; PROKUR\u00c1TORI 1 : 11 COLN\u00cdCI &#8211; SUDCOVIA 2 : 2 \u0160TUDENTI &#8211; U\u010cITELIA 5 : 2 NOT\u00c1RI &#8211; COLN\u00cdCI 1 : 8 PROKUR\u00c1TORI &#8211; \u0160TUDENTI 2 : &hellip; \u010c\u00edta\u0165 \u010falej","og_url":"https:\/\/www.upjs.sk\/pravnicka-fakulta\/memorial-judr-milana-gejdosa-csc\/2025-2\/","og_site_name":"Pr\u00e1vnick\u00e1 fakulta | UPJ\u0160","article_modified_time":"2025-05-12T05:16:11+00:00","twitter_card":"summary_large_image","twitter_misc":{"Predpokladan\u00fd \u010das \u010d\u00edtania":"2 min\u00faty"},"schema":{"@context":"https:\/\/schema.org","@graph":[{"@type":"WebPage","@id":"https:\/\/www.upjs.sk\/pravnicka-fakulta\/memorial-judr-milana-gejdosa-csc\/2025-2\/","url":"https:\/\/www.upjs.sk\/pravnicka-fakulta\/memorial-judr-milana-gejdosa-csc\/2025-2\/","name":"2025 - XXVI. ro\u010dn\u00edk - Pr\u00e1vnick\u00e1 fakulta | UPJ\u0160","isPartOf":{"@id":"https:\/\/www.upjs.sk\/pravnicka-fakulta\/#website"},"datePublished":"2025-05-12T05:06:48+00:00","dateModified":"2025-05-12T05:16:11+00:00","breadcrumb":{"@id":"https:\/\/www.upjs.sk\/pravnicka-fakulta\/memorial-judr-milana-gejdosa-csc\/2025-2\/#breadcrumb"},"inLanguage":"sk-SK","potentialAction":[{"@type":"ReadAction","target":["https:\/\/www.upjs.sk\/pravnicka-fakulta\/memorial-judr-milana-gejdosa-csc\/2025-2\/"]}]},{"@type":"BreadcrumbList","@id":"https:\/\/www.upjs.sk\/pravnicka-fakulta\/memorial-judr-milana-gejdosa-csc\/2025-2\/#breadcrumb","itemListElement":[{"@type":"ListItem","position":1,"name":"Home","item":"https:\/\/www.upjs.sk\/pravnicka-fakulta\/"},{"@type":"ListItem","position":2,"name":"Memori\u00e1l JUDr. Milana Gejdo\u0161a, CSc.","item":"https:\/\/www.upjs.sk\/pravnicka-fakulta\/memorial-judr-milana-gejdosa-csc\/"},{"@type":"ListItem","position":3,"name":"2025 &#8211; XXVI. ro\u010dn\u00edk"}]},{"@type":"WebSite","@id":"https:\/\/www.upjs.sk\/pravnicka-fakulta\/#website","url":"https:\/\/www.upjs.sk\/pravnicka-fakulta\/","name":"Pr\u00e1vnick\u00e1 fakulta | UPJ\u0160","description":"","publisher":{"@id":"https:\/\/www.upjs.sk\/pravnicka-fakulta\/#organization"},"potentialAction":[{"@type":"SearchAction","target":{"@type":"EntryPoint","urlTemplate":"https:\/\/www.upjs.sk\/pravnicka-fakulta\/?s={search_term_string}"},"query-input":{"@type":"PropertyValueSpecification","valueRequired":true,"valueName":"search_term_string"}}],"inLanguage":"sk-SK"},{"@type":"Organization","@id":"https:\/\/www.upjs.sk\/pravnicka-fakulta\/#organization","name":"Pr\u00e1vnick\u00e1 fakulta | UPJ\u0160","url":"https:\/\/www.upjs.sk\/pravnicka-fakulta\/","logo":{"@type":"ImageObject","inLanguage":"sk-SK","@id":"https:\/\/www.upjs.sk\/pravnicka-fakulta\/#\/schema\/logo\/image\/","url":"https:\/\/www.upjs.sk\/app\/uploads\/sites\/11\/2022\/09\/logo-pravnicka-fakulta.png","contentUrl":"https:\/\/www.upjs.sk\/app\/uploads\/sites\/11\/2022\/09\/logo-pravnicka-fakulta.png","width":415,"height":87,"caption":"Pr\u00e1vnick\u00e1 fakulta | UPJ\u0160"},"image":{"@id":"https:\/\/www.upjs.sk\/pravnicka-fakulta\/#\/schema\/logo\/image\/"}}]}},"_links":{"self":[{"href":"https:\/\/www.upjs.sk\/pravnicka-fakulta\/wp-json\/wp\/v2\/pages\/47779","targetHints":{"allow":["GET"]}}],"collection":[{"href":"https:\/\/www.upjs.sk\/pravnicka-fakulta\/wp-json\/wp\/v2\/pages"}],"about":[{"href":"https:\/\/www.upjs.sk\/pravnicka-fakulta\/wp-json\/wp\/v2\/types\/page"}],"author":[{"embeddable":true,"href":"https:\/\/www.upjs.sk\/pravnicka-fakulta\/wp-json\/wp\/v2\/users\/1"}],"replies":[{"embeddable":true,"href":"https:\/\/www.upjs.sk\/pravnicka-fakulta\/wp-json\/wp\/v2\/comments?post=47779"}],"version-history":[{"count":8,"href":"https:\/\/www.upjs.sk\/pravnicka-fakulta\/wp-json\/wp\/v2\/pages\/47779\/revisions"}],"predecessor-version":[{"id":48126,"href":"https:\/\/www.upjs.sk\/pravnicka-fakulta\/wp-json\/wp\/v2\/pages\/47779\/revisions\/48126"}],"up":[{"embeddable":true,"href":"https:\/\/www.upjs.sk\/pravnicka-fakulta\/wp-json\/wp\/v2\/pages\/13272"}],"wp:attachment":[{"href":"https:\/\/www.upjs.sk\/pravnicka-fakulta\/wp-json\/wp\/v2\/media?parent=47779"}],"wp:term":[{"taxonomy":"category","embeddable":true,"href":"https:\/\/www.upjs.sk\/pravnicka-fakulta\/wp-json\/wp\/v2\/categories?post=47779"},{"taxonomy":"post_tag","embeddable":true,"href":"https:\/\/www.upjs.sk\/pravnicka-fakulta\/wp-json\/wp\/v2\/tags?post=47779"}],"curies":[{"name":"wp","href":"https:\/\/api.w.org\/{rel}","templated":true}]}}