{"id":15182,"date":"2022-03-30T13:44:42","date_gmt":"2022-03-30T13:44:32","guid":{"rendered":"https:\/\/www.upjs.sk\/prirodovedecka-fakulta\/root\/fakulta\/organy-fakulty\/as-zoznam\/"},"modified":"2026-02-27T11:43:54","modified_gmt":"2026-02-27T10:43:54","slug":"as","status":"publish","type":"page","link":"https:\/\/www.upjs.sk\/prirodovedecka-fakulta\/en\/faculty\/as\/","title":{"rendered":"Academic Senate of Faculty of Science"},"content":{"rendered":"\n<p class=\"has-medium-font-size\"><strong>Adress:<\/strong>&nbsp;\u0160rob\u00e1rova 2, 041 54 Ko\u0161ice, Slovakia<\/p>\n\n\n<style>.kb-row-layout-id15182_62e4b9-de > .kt-row-column-wrap{align-content:start;}:where(.kb-row-layout-id15182_62e4b9-de > .kt-row-column-wrap) > .wp-block-kadence-column{justify-content:start;}.kb-row-layout-id15182_62e4b9-de > .kt-row-column-wrap{column-gap:var(--global-kb-gap-md, 2rem);row-gap:var(--global-kb-gap-md, 2rem);padding-top:var(--global-kb-spacing-sm, 1.5rem);padding-bottom:var(--global-kb-spacing-sm, 1.5rem);grid-template-columns:minmax(0, calc(35% - ((var(--global-kb-gap-md, 2rem) * 2 )\/3)))minmax(0, calc(30% - ((var(--global-kb-gap-md, 2rem) * 2 )\/3)))minmax(0, calc(35% - ((var(--global-kb-gap-md, 2rem) * 2 )\/3)));}.kb-row-layout-id15182_62e4b9-de > .kt-row-layout-overlay{opacity:0.30;}@media all and (max-width: 1024px){.kb-row-layout-id15182_62e4b9-de > .kt-row-column-wrap > div:not(.added-for-specificity){grid-column:initial;}}@media all and (max-width: 1024px){.kb-row-layout-id15182_62e4b9-de > .kt-row-column-wrap{grid-template-columns:repeat(3, minmax(0, 1fr));}}@media all and (max-width: 767px){.kb-row-layout-id15182_62e4b9-de > .kt-row-column-wrap > div:not(.added-for-specificity){grid-column:initial;}.kb-row-layout-id15182_62e4b9-de > .kt-row-column-wrap{grid-template-columns:minmax(0, 1fr);}}<\/style><div class=\"kb-row-layout-wrap kb-row-layout-id15182_62e4b9-de alignnone wp-block-kadence-rowlayout\"><div class=\"kt-row-column-wrap kt-has-3-columns kt-row-layout-equal kt-tab-layout-inherit kt-mobile-layout-row kt-row-valign-top\">\n<style>.kadence-column15182_18dbe8-c3 > .kt-inside-inner-col,.kadence-column15182_18dbe8-c3 > .kt-inside-inner-col:before{border-top-left-radius:0px;border-top-right-radius:0px;border-bottom-right-radius:0px;border-bottom-left-radius:0px;}.kadence-column15182_18dbe8-c3 > .kt-inside-inner-col{column-gap:var(--global-kb-gap-sm, 1rem);}.kadence-column15182_18dbe8-c3 > .kt-inside-inner-col{flex-direction:column;}.kadence-column15182_18dbe8-c3 > .kt-inside-inner-col > .aligncenter{width:100%;}.kadence-column15182_18dbe8-c3 > .kt-inside-inner-col:before{opacity:0.3;}.kadence-column15182_18dbe8-c3{position:relative;}@media all and (max-width: 1024px){.kadence-column15182_18dbe8-c3 > .kt-inside-inner-col{flex-direction:column;justify-content:center;}}@media all and (max-width: 767px){.kadence-column15182_18dbe8-c3 > .kt-inside-inner-col{flex-direction:column;justify-content:center;}}<\/style>\n<div class=\"wp-block-kadence-column kadence-column15182_18dbe8-c3 inner-column-1\"><div class=\"kt-inside-inner-col\">\n<p><strong>Chairman<\/strong>:<\/p>\n\n\n\n<p class=\"has-medium-font-size\"><a href=\"https:\/\/www.upjs.sk\/en\/PF\/employee\/rastislav.jendzelovsky\/\">doc. RNDr. Rastislav Jend\u017eelovsk\u00fd, PhD.<\/a><\/p>\n<\/div><\/div>\n\n\n<style>.kadence-column15182_a8d022-05 > .kt-inside-inner-col,.kadence-column15182_a8d022-05 > .kt-inside-inner-col:before{border-top-left-radius:0px;border-top-right-radius:0px;border-bottom-right-radius:0px;border-bottom-left-radius:0px;}.kadence-column15182_a8d022-05 > .kt-inside-inner-col{column-gap:var(--global-kb-gap-sm, 1rem);}.kadence-column15182_a8d022-05 > .kt-inside-inner-col{flex-direction:column;}.kadence-column15182_a8d022-05 > .kt-inside-inner-col > .aligncenter{width:100%;}.kadence-column15182_a8d022-05 > .kt-inside-inner-col:before{opacity:0.3;}.kadence-column15182_a8d022-05{position:relative;}@media all and (max-width: 1024px){.kadence-column15182_a8d022-05 > .kt-inside-inner-col{flex-direction:column;justify-content:center;}}@media all and (max-width: 767px){.kadence-column15182_a8d022-05 > .kt-inside-inner-col{flex-direction:column;justify-content:center;}}<\/style>\n<div class=\"wp-block-kadence-column kadence-column15182_a8d022-05 inner-column-2\"><div class=\"kt-inside-inner-col\">\n<p><strong>Vice-Chairman<\/strong>:<\/p>\n\n\n\n<p class=\"has-medium-font-size\"><a href=\"https:\/\/www.upjs.sk\/en\/PF\/employee\/ivan.zezula\/\">prof. RNDr. Ivan \u017de\u017eula, CSc.<\/a><\/p>\n<\/div><\/div>\n\n\n<style>.kadence-column15182_9b71bb-72 > .kt-inside-inner-col,.kadence-column15182_9b71bb-72 > .kt-inside-inner-col:before{border-top-left-radius:0px;border-top-right-radius:0px;border-bottom-right-radius:0px;border-bottom-left-radius:0px;}.kadence-column15182_9b71bb-72 > .kt-inside-inner-col{column-gap:var(--global-kb-gap-sm, 1rem);}.kadence-column15182_9b71bb-72 > .kt-inside-inner-col{flex-direction:column;}.kadence-column15182_9b71bb-72 > .kt-inside-inner-col > .aligncenter{width:100%;}.kadence-column15182_9b71bb-72 > .kt-inside-inner-col:before{opacity:0.3;}.kadence-column15182_9b71bb-72{position:relative;}@media all and (max-width: 1024px){.kadence-column15182_9b71bb-72 > .kt-inside-inner-col{flex-direction:column;justify-content:center;}}@media all and (max-width: 767px){.kadence-column15182_9b71bb-72 > .kt-inside-inner-col{flex-direction:column;justify-content:center;}}<\/style>\n<div class=\"wp-block-kadence-column kadence-column15182_9b71bb-72 inner-column-3\"><div class=\"kt-inside-inner-col\">\n<p><strong>Vice-Chairman (Students\u00b4 chamber)<\/strong>:<\/p>\n\n\n\n<p class=\"has-medium-font-size\">Tamara Hor\u0148\u00e1kov\u00e1<\/p>\n<\/div><\/div>\n\n<\/div><\/div>\n\n<style>.kb-row-layout-id15182_90e3fe-83 > .kt-row-column-wrap{align-content:start;}:where(.kb-row-layout-id15182_90e3fe-83 > .kt-row-column-wrap) > .wp-block-kadence-column{justify-content:start;}.kb-row-layout-id15182_90e3fe-83 > .kt-row-column-wrap{column-gap:var(--global-kb-gap-md, 2rem);row-gap:var(--global-kb-gap-md, 2rem);padding-top:0px;padding-bottom:0px;grid-template-columns:repeat(2, minmax(0, 1fr));}.kb-row-layout-id15182_90e3fe-83 > .kt-row-layout-overlay{opacity:0.30;}@media all and (max-width: 1024px){.kb-row-layout-id15182_90e3fe-83 > .kt-row-column-wrap{grid-template-columns:repeat(2, minmax(0, 1fr));}}@media all and (max-width: 767px){.kb-row-layout-id15182_90e3fe-83 > .kt-row-column-wrap{grid-template-columns:minmax(0, 1fr);}}<\/style><div class=\"kb-row-layout-wrap kb-row-layout-id15182_90e3fe-83 alignnone wp-block-kadence-rowlayout\"><div class=\"kt-row-column-wrap kt-has-2-columns kt-row-layout-equal kt-tab-layout-inherit kt-mobile-layout-row kt-row-valign-top\">\n<style>.kadence-column15182_92e031-42 > .kt-inside-inner-col,.kadence-column15182_92e031-42 > .kt-inside-inner-col:before{border-top-left-radius:0px;border-top-right-radius:0px;border-bottom-right-radius:0px;border-bottom-left-radius:0px;}.kadence-column15182_92e031-42 > .kt-inside-inner-col{column-gap:var(--global-kb-gap-sm, 1rem);}.kadence-column15182_92e031-42 > .kt-inside-inner-col{flex-direction:column;}.kadence-column15182_92e031-42 > .kt-inside-inner-col > .aligncenter{width:100%;}.kadence-column15182_92e031-42 > .kt-inside-inner-col:before{opacity:0.3;}.kadence-column15182_92e031-42{position:relative;}@media all and (max-width: 1024px){.kadence-column15182_92e031-42 > .kt-inside-inner-col{flex-direction:column;justify-content:center;}}@media all and (max-width: 767px){.kadence-column15182_92e031-42 > .kt-inside-inner-col{flex-direction:column;justify-content:center;}}<\/style>\n<div class=\"wp-block-kadence-column kadence-column15182_92e031-42 inner-column-1\"><div class=\"kt-inside-inner-col\">\n<p><strong>Employees\u00b4 chamber:<\/strong><\/p>\n\n\n\n<p class=\"has-medium-font-size\"><a class=\"ek-link\" href=\"https:\/\/www.upjs.sk\/PF\/zamestnanec\/igor.fabrici\/\">RNDr. Igor Fabrici, Dr. rer. nat., university associate professor<\/a><br><a class=\"ek-link\" href=\"https:\/\/www.upjs.sk\/PF\/zamestnanec\/jan.fuzer\/\">doc. RNDr. J\u00e1n F\u00fczer, PhD.<\/a><br><a class=\"ek-link\" href=\"https:\/\/www.upjs.sk\/PF\/zamestnanec\/alena.gessert\/\">RNDr. Alena Gessert, PhD., university associate professor<\/a><br><a class=\"ek-link\" href=\"https:\/\/www.upjs.sk\/PF\/zamestnanec\/peter.gursky\/\">RNDr. Peter Gursk\u00fd, PhD., university associate professor<\/a><br><a class=\"ek-link\" href=\"https:\/\/www.upjs.sk\/PF\/zamestnanec\/ondrej.hutnik\/\">prof. RNDr. Ondrej Hutn\u00edk, PhD.<\/a><br><a class=\"ek-link\" href=\"https:\/\/www.upjs.sk\/PF\/zamestnanec\/rastislav.jendzelovsky\/\">doc. RNDr. Rastislav Jend\u017eelovsk\u00fd, PhD.<\/a><br><a class=\"ek-link\" href=\"https:\/\/www.upjs.sk\/PF\/zamestnanec\/mariana.kolesarova\/\">RNDr. Mariana Koles\u00e1rov\u00e1, PhD.<\/a><br><a class=\"ek-link\" href=\"https:\/\/www.upjs.sk\/PF\/zamestnanec\/maria.kozurkova\/\">prof. RNDr. M\u00e1ria Ko\u017eurkov\u00e1, CSc.<\/a><br><a class=\"ek-link\" href=\"https:\/\/www.upjs.sk\/PF\/zamestnanec\/adela.kravcakova\/\">doc. RNDr. Adela Krav\u010d\u00e1kov\u00e1, PhD.<\/a><br><a class=\"ek-link\" href=\"https:\/\/www.upjs.sk\/PF\/zamestnanec\/ondrej.kridlo\/\">doc. RNDr. Ondrej Kr\u00eddlo, PhD.<\/a><br><a class=\"ek-link\" href=\"https:\/\/www.upjs.sk\/PF\/zamestnanec\/marian.kulla\/\">Mgr. Mari\u00e1n Kulla, PhD.<\/a><br><a class=\"ek-link\" href=\"https:\/\/www.upjs.sk\/PF\/zamestnanec\/miron.kuzma\/\">Ing. Miron Kuzma, PhD.<\/a><br><a href=\"https:\/\/www.upjs.sk\/PF\/zamestnanec\/igor.majlath\/\">RNDr. Igor Majl\u00e1th, PhD.<\/a><br><a class=\"ek-link\" href=\"https:\/\/www.upjs.sk\/PF\/zamestnanec\/miroslava.matikova.malarova\/\">RNDr. Miroslava Matikov\u00e1 Ma\u013earov\u00e1, PhD.<\/a><br><a class=\"ek-link\" href=\"https:\/\/www.upjs.sk\/PF\/zamestnanec\/ladislav.novotny\/\">doc. Mgr. Ladislav Novotn\u00fd, PhD.<\/a><br><a class=\"ek-link\" href=\"https:\/\/www.upjs.sk\/PF\/zamestnanec\/stefan.parimucha\/\">doc. Mgr. \u0160tefan Parimucha, PhD.<\/a>&nbsp;<br><a class=\"ek-link\" href=\"https:\/\/www.upjs.sk\/PF\/zamestnanec\/linda.petijova\/\">RNDr. Linda Petijov\u00e1, PhD.<\/a><br><a class=\"ek-link\" href=\"https:\/\/www.upjs.sk\/PF\/zamestnanec\/rastislav.serbin\/\">RNDr. Rastislav Serbin, PhD.<\/a><br><a class=\"ek-link\" href=\"https:\/\/www.upjs.sk\/PF\/zamestnanec\/pavol.sokol\/\">doc. JUDr. RNDr. Pavol Sokol, PhD. et PhD.<\/a><br><a class=\"ek-link\" href=\"https:\/\/www.upjs.sk\/PF\/zamestnanec\/jana.raschmanova\/\">RNDr. Jana \u0160pakov\u00e1 Raschmanov\u00e1, PhD.<\/a><br><a class=\"ek-link\" href=\"https:\/\/www.upjs.sk\/PF\/zamestnanec\/adriana.zelenakova\/\">doc. RNDr. Adriana Zele\u0148\u00e1kov\u00e1,  DrSc.<\/a><br><a class=\"ek-link\" href=\"https:\/\/www.upjs.sk\/PF\/zamestnanec\/ivan.zezula\/\">prof. RNDr. Ivan \u017de\u017eula, CSc.<\/a><\/p>\n<\/div><\/div>\n\n\n<style>.kadence-column15182_9dc887-67 > .kt-inside-inner-col,.kadence-column15182_9dc887-67 > .kt-inside-inner-col:before{border-top-left-radius:0px;border-top-right-radius:0px;border-bottom-right-radius:0px;border-bottom-left-radius:0px;}.kadence-column15182_9dc887-67 > .kt-inside-inner-col{column-gap:var(--global-kb-gap-sm, 1rem);}.kadence-column15182_9dc887-67 > .kt-inside-inner-col{flex-direction:column;}.kadence-column15182_9dc887-67 > .kt-inside-inner-col > .aligncenter{width:100%;}.kadence-column15182_9dc887-67 > .kt-inside-inner-col:before{opacity:0.3;}.kadence-column15182_9dc887-67{position:relative;}@media all and (max-width: 1024px){.kadence-column15182_9dc887-67 > .kt-inside-inner-col{flex-direction:column;justify-content:center;}}@media all and (max-width: 767px){.kadence-column15182_9dc887-67 > .kt-inside-inner-col{flex-direction:column;justify-content:center;}}<\/style>\n<div class=\"wp-block-kadence-column kadence-column15182_9dc887-67 inner-column-2\"><div class=\"kt-inside-inner-col\">\n<p><strong>Students\u00b4 chamber:<\/strong><\/p>\n\n\n\n<p class=\"has-medium-font-size\">Gabriela \u010cochr\u00e1\u010dov\u00e1<br>Bc. Simona Golia\u0161ov\u00e1<br>Miriama Gmitterov\u00e1<br>Pavol Horkuli\u010d<br>Tamara Hor\u0148\u00e1kov\u00e1<br>Bc. Dominika Hrehov\u00e1<br>Mgr. Dominika Kotl\u00e1rov\u00e1<br>Bc. Mat\u00fa\u0161 Nov\u00e1k<br>Bc. Zuzana Pavli\u0161kov\u00e1<br>Michal Roso\u013eanka<br>Mgr. Patrik \u0160tein<\/p>\n<\/div><\/div>\n\n<\/div><\/div>","protected":false},"excerpt":{"rendered":"<p>Adress:&nbsp;\u0160rob\u00e1rova 2, 041 54 Ko\u0161ice, Slovakia Chairman: doc. RNDr. Rastislav Jend\u017eelovsk\u00fd, PhD. Vice-Chairman: prof. RNDr. Ivan \u017de\u017eula, CSc. Vice-Chairman (Students\u00b4 chamber): Tamara Hor\u0148\u00e1kov\u00e1 Employees\u00b4 chamber: RNDr. Igor Fabrici, Dr. rer. nat., university associate professordoc. RNDr. J\u00e1n F\u00fczer, PhD.RNDr. Alena Gessert, PhD., university associate professorRNDr. Peter Gursk\u00fd, PhD., university associate professorprof. RNDr. Ondrej Hutn\u00edk, PhD.doc. RNDr. &hellip; <a href=\"https:\/\/www.upjs.sk\/prirodovedecka-fakulta\/en\/faculty\/as\/\">Continued<\/a><\/p>\n","protected":false},"author":1,"featured_media":0,"parent":43944,"menu_order":0,"comment_status":"closed","ping_status":"closed","template":"","meta":{"_acf_changed":false,"_editorskit_title_hidden":false,"_editorskit_reading_time":1,"_editorskit_is_block_options_detached":false,"_editorskit_block_options_position":"{}","footnotes":""},"categories":[],"tags":[],"class_list":["post-15182","page","type-page","status-publish","hentry"],"acf":{"acf_link_na_externy_obsah":""},"yoast_head":"<!-- This site is optimized with the Yoast SEO plugin v27.4 - https:\/\/yoast.com\/product\/yoast-seo-wordpress\/ -->\n<title>Academic Senate of Faculty of Science - Pr\u00edrodovedeck\u00e1 fakulta | UPJ\u0160<\/title>\n<meta name=\"robots\" content=\"index, follow, max-snippet:-1, max-image-preview:large, max-video-preview:-1\" \/>\n<link rel=\"canonical\" href=\"https:\/\/www.upjs.sk\/prirodovedecka-fakulta\/en\/faculty\/as\/\" \/>\n<meta property=\"og:locale\" content=\"en_US\" \/>\n<meta property=\"og:type\" content=\"article\" \/>\n<meta property=\"og:title\" content=\"Academic Senate of Faculty of Science - Pr\u00edrodovedeck\u00e1 fakulta | UPJ\u0160\" \/>\n<meta property=\"og:description\" content=\"Adress:&nbsp;\u0160rob\u00e1rova 2, 041 54 Ko\u0161ice, Slovakia Chairman: doc. RNDr. Rastislav Jend\u017eelovsk\u00fd, PhD. Vice-Chairman: prof. RNDr. Ivan \u017de\u017eula, CSc. Vice-Chairman (Students\u00b4 chamber): Tamara Hor\u0148\u00e1kov\u00e1 Employees\u00b4 chamber: RNDr. Igor Fabrici, Dr. rer. nat., university associate professordoc. RNDr. J\u00e1n F\u00fczer, PhD.RNDr. Alena Gessert, PhD., university associate professorRNDr. Peter Gursk\u00fd, PhD., university associate professorprof. RNDr. Ondrej Hutn\u00edk, PhD.doc. RNDr. &hellip; Continued\" \/>\n<meta property=\"og:url\" content=\"https:\/\/www.upjs.sk\/prirodovedecka-fakulta\/en\/faculty\/as\/\" \/>\n<meta property=\"og:site_name\" content=\"Pr\u00edrodovedeck\u00e1 fakulta | UPJ\u0160\" \/>\n<meta property=\"article:modified_time\" content=\"2026-02-27T10:43:54+00:00\" \/>\n<meta name=\"twitter:card\" content=\"summary_large_image\" \/>\n<meta name=\"twitter:label1\" content=\"Est. reading time\" \/>\n\t<meta name=\"twitter:data1\" content=\"1 minute\" \/>\n<script type=\"application\/ld+json\" class=\"yoast-schema-graph\">{\"@context\":\"https:\\\/\\\/schema.org\",\"@graph\":[{\"@type\":\"WebPage\",\"@id\":\"https:\\\/\\\/www.upjs.sk\\\/prirodovedecka-fakulta\\\/en\\\/faculty\\\/as\\\/\",\"url\":\"https:\\\/\\\/www.upjs.sk\\\/prirodovedecka-fakulta\\\/en\\\/faculty\\\/as\\\/\",\"name\":\"Academic Senate of Faculty of Science - Pr\u00edrodovedeck\u00e1 fakulta | UPJ\u0160\",\"isPartOf\":{\"@id\":\"https:\\\/\\\/www.upjs.sk\\\/prirodovedecka-fakulta\\\/en\\\/#website\"},\"datePublished\":\"2022-03-30T13:44:32+00:00\",\"dateModified\":\"2026-02-27T10:43:54+00:00\",\"breadcrumb\":{\"@id\":\"https:\\\/\\\/www.upjs.sk\\\/prirodovedecka-fakulta\\\/en\\\/faculty\\\/as\\\/#breadcrumb\"},\"inLanguage\":\"en-US\",\"potentialAction\":[{\"@type\":\"ReadAction\",\"target\":[\"https:\\\/\\\/www.upjs.sk\\\/prirodovedecka-fakulta\\\/en\\\/faculty\\\/as\\\/\"]}]},{\"@type\":\"BreadcrumbList\",\"@id\":\"https:\\\/\\\/www.upjs.sk\\\/prirodovedecka-fakulta\\\/en\\\/faculty\\\/as\\\/#breadcrumb\",\"itemListElement\":[{\"@type\":\"ListItem\",\"position\":1,\"name\":\"Home\",\"item\":\"https:\\\/\\\/www.upjs.sk\\\/prirodovedecka-fakulta\\\/en\\\/\"},{\"@type\":\"ListItem\",\"position\":2,\"name\":\"Faculty\",\"item\":\"https:\\\/\\\/www.upjs.sk\\\/prirodovedecka-fakulta\\\/en\\\/faculty\\\/\"},{\"@type\":\"ListItem\",\"position\":3,\"name\":\"Academic Senate of Faculty of Science\"}]},{\"@type\":\"WebSite\",\"@id\":\"https:\\\/\\\/www.upjs.sk\\\/prirodovedecka-fakulta\\\/en\\\/#website\",\"url\":\"https:\\\/\\\/www.upjs.sk\\\/prirodovedecka-fakulta\\\/en\\\/\",\"name\":\"Pr\u00edrodovedeck\u00e1 fakulta | UPJ\u0160\",\"description\":\"\",\"publisher\":{\"@id\":\"https:\\\/\\\/www.upjs.sk\\\/prirodovedecka-fakulta\\\/en\\\/#organization\"},\"potentialAction\":[{\"@type\":\"SearchAction\",\"target\":{\"@type\":\"EntryPoint\",\"urlTemplate\":\"https:\\\/\\\/www.upjs.sk\\\/prirodovedecka-fakulta\\\/en\\\/?s={search_term_string}\"},\"query-input\":{\"@type\":\"PropertyValueSpecification\",\"valueRequired\":true,\"valueName\":\"search_term_string\"}}],\"inLanguage\":\"en-US\"},{\"@type\":\"Organization\",\"@id\":\"https:\\\/\\\/www.upjs.sk\\\/prirodovedecka-fakulta\\\/en\\\/#organization\",\"name\":\"Pr\u00edrodovedeck\u00e1 fakulta | UPJ\u0160\",\"url\":\"https:\\\/\\\/www.upjs.sk\\\/prirodovedecka-fakulta\\\/en\\\/\",\"logo\":{\"@type\":\"ImageObject\",\"inLanguage\":\"en-US\",\"@id\":\"https:\\\/\\\/www.upjs.sk\\\/prirodovedecka-fakulta\\\/en\\\/#\\\/schema\\\/logo\\\/image\\\/\",\"url\":\"https:\\\/\\\/www.upjs.sk\\\/app\\\/uploads\\\/sites\\\/10\\\/2023\\\/02\\\/PriF_ENG_frame.svg\",\"contentUrl\":\"https:\\\/\\\/www.upjs.sk\\\/app\\\/uploads\\\/sites\\\/10\\\/2023\\\/02\\\/PriF_ENG_frame.svg\",\"width\":292,\"height\":61,\"caption\":\"Pr\u00edrodovedeck\u00e1 fakulta | UPJ\u0160\"},\"image\":{\"@id\":\"https:\\\/\\\/www.upjs.sk\\\/prirodovedecka-fakulta\\\/en\\\/#\\\/schema\\\/logo\\\/image\\\/\"}}]}<\/script>\n<!-- \/ Yoast SEO plugin. -->","yoast_head_json":{"title":"Academic Senate of Faculty of Science - Pr\u00edrodovedeck\u00e1 fakulta | UPJ\u0160","robots":{"index":"index","follow":"follow","max-snippet":"max-snippet:-1","max-image-preview":"max-image-preview:large","max-video-preview":"max-video-preview:-1"},"canonical":"https:\/\/www.upjs.sk\/prirodovedecka-fakulta\/en\/faculty\/as\/","og_locale":"en_US","og_type":"article","og_title":"Academic Senate of Faculty of Science - Pr\u00edrodovedeck\u00e1 fakulta | UPJ\u0160","og_description":"Adress:&nbsp;\u0160rob\u00e1rova 2, 041 54 Ko\u0161ice, Slovakia Chairman: doc. RNDr. Rastislav Jend\u017eelovsk\u00fd, PhD. Vice-Chairman: prof. RNDr. Ivan \u017de\u017eula, CSc. Vice-Chairman (Students\u00b4 chamber): Tamara Hor\u0148\u00e1kov\u00e1 Employees\u00b4 chamber: RNDr. Igor Fabrici, Dr. rer. nat., university associate professordoc. RNDr. J\u00e1n F\u00fczer, PhD.RNDr. Alena Gessert, PhD., university associate professorRNDr. Peter Gursk\u00fd, PhD., university associate professorprof. RNDr. Ondrej Hutn\u00edk, PhD.doc. RNDr. &hellip; Continued","og_url":"https:\/\/www.upjs.sk\/prirodovedecka-fakulta\/en\/faculty\/as\/","og_site_name":"Pr\u00edrodovedeck\u00e1 fakulta | UPJ\u0160","article_modified_time":"2026-02-27T10:43:54+00:00","twitter_card":"summary_large_image","twitter_misc":{"Est. reading time":"1 minute"},"schema":{"@context":"https:\/\/schema.org","@graph":[{"@type":"WebPage","@id":"https:\/\/www.upjs.sk\/prirodovedecka-fakulta\/en\/faculty\/as\/","url":"https:\/\/www.upjs.sk\/prirodovedecka-fakulta\/en\/faculty\/as\/","name":"Academic Senate of Faculty of Science - Pr\u00edrodovedeck\u00e1 fakulta | UPJ\u0160","isPartOf":{"@id":"https:\/\/www.upjs.sk\/prirodovedecka-fakulta\/en\/#website"},"datePublished":"2022-03-30T13:44:32+00:00","dateModified":"2026-02-27T10:43:54+00:00","breadcrumb":{"@id":"https:\/\/www.upjs.sk\/prirodovedecka-fakulta\/en\/faculty\/as\/#breadcrumb"},"inLanguage":"en-US","potentialAction":[{"@type":"ReadAction","target":["https:\/\/www.upjs.sk\/prirodovedecka-fakulta\/en\/faculty\/as\/"]}]},{"@type":"BreadcrumbList","@id":"https:\/\/www.upjs.sk\/prirodovedecka-fakulta\/en\/faculty\/as\/#breadcrumb","itemListElement":[{"@type":"ListItem","position":1,"name":"Home","item":"https:\/\/www.upjs.sk\/prirodovedecka-fakulta\/en\/"},{"@type":"ListItem","position":2,"name":"Faculty","item":"https:\/\/www.upjs.sk\/prirodovedecka-fakulta\/en\/faculty\/"},{"@type":"ListItem","position":3,"name":"Academic Senate of Faculty of Science"}]},{"@type":"WebSite","@id":"https:\/\/www.upjs.sk\/prirodovedecka-fakulta\/en\/#website","url":"https:\/\/www.upjs.sk\/prirodovedecka-fakulta\/en\/","name":"Pr\u00edrodovedeck\u00e1 fakulta | UPJ\u0160","description":"","publisher":{"@id":"https:\/\/www.upjs.sk\/prirodovedecka-fakulta\/en\/#organization"},"potentialAction":[{"@type":"SearchAction","target":{"@type":"EntryPoint","urlTemplate":"https:\/\/www.upjs.sk\/prirodovedecka-fakulta\/en\/?s={search_term_string}"},"query-input":{"@type":"PropertyValueSpecification","valueRequired":true,"valueName":"search_term_string"}}],"inLanguage":"en-US"},{"@type":"Organization","@id":"https:\/\/www.upjs.sk\/prirodovedecka-fakulta\/en\/#organization","name":"Pr\u00edrodovedeck\u00e1 fakulta | UPJ\u0160","url":"https:\/\/www.upjs.sk\/prirodovedecka-fakulta\/en\/","logo":{"@type":"ImageObject","inLanguage":"en-US","@id":"https:\/\/www.upjs.sk\/prirodovedecka-fakulta\/en\/#\/schema\/logo\/image\/","url":"https:\/\/www.upjs.sk\/app\/uploads\/sites\/10\/2023\/02\/PriF_ENG_frame.svg","contentUrl":"https:\/\/www.upjs.sk\/app\/uploads\/sites\/10\/2023\/02\/PriF_ENG_frame.svg","width":292,"height":61,"caption":"Pr\u00edrodovedeck\u00e1 fakulta | UPJ\u0160"},"image":{"@id":"https:\/\/www.upjs.sk\/prirodovedecka-fakulta\/en\/#\/schema\/logo\/image\/"}}]}},"_links":{"self":[{"href":"https:\/\/www.upjs.sk\/prirodovedecka-fakulta\/en\/wp-json\/wp\/v2\/pages\/15182","targetHints":{"allow":["GET"]}}],"collection":[{"href":"https:\/\/www.upjs.sk\/prirodovedecka-fakulta\/en\/wp-json\/wp\/v2\/pages"}],"about":[{"href":"https:\/\/www.upjs.sk\/prirodovedecka-fakulta\/en\/wp-json\/wp\/v2\/types\/page"}],"author":[{"embeddable":true,"href":"https:\/\/www.upjs.sk\/prirodovedecka-fakulta\/en\/wp-json\/wp\/v2\/users\/1"}],"replies":[{"embeddable":true,"href":"https:\/\/www.upjs.sk\/prirodovedecka-fakulta\/en\/wp-json\/wp\/v2\/comments?post=15182"}],"version-history":[{"count":20,"href":"https:\/\/www.upjs.sk\/prirodovedecka-fakulta\/en\/wp-json\/wp\/v2\/pages\/15182\/revisions"}],"predecessor-version":[{"id":85355,"href":"https:\/\/www.upjs.sk\/prirodovedecka-fakulta\/en\/wp-json\/wp\/v2\/pages\/15182\/revisions\/85355"}],"up":[{"embeddable":true,"href":"https:\/\/www.upjs.sk\/prirodovedecka-fakulta\/en\/wp-json\/wp\/v2\/pages\/43944"}],"wp:attachment":[{"href":"https:\/\/www.upjs.sk\/prirodovedecka-fakulta\/en\/wp-json\/wp\/v2\/media?parent=15182"}],"wp:term":[{"taxonomy":"category","embeddable":true,"href":"https:\/\/www.upjs.sk\/prirodovedecka-fakulta\/en\/wp-json\/wp\/v2\/categories?post=15182"},{"taxonomy":"post_tag","embeddable":true,"href":"https:\/\/www.upjs.sk\/prirodovedecka-fakulta\/en\/wp-json\/wp\/v2\/tags?post=15182"}],"curies":[{"name":"wp","href":"https:\/\/api.w.org\/{rel}","templated":true}]}}