{"id":43320,"date":"2016-02-02T09:26:12","date_gmt":"2016-02-02T09:26:12","guid":{"rendered":"https:\/\/www.upjs.sk\/prirodovedecka-fakulta\/7738-2\/"},"modified":"2022-11-10T20:23:51","modified_gmt":"2022-11-10T20:23:51","slug":"7738-2","status":"publish","type":"page","link":"https:\/\/www.upjs.sk\/prirodovedecka-fakulta\/en\/research\/7738-2\/","title":{"rendered":"European Framework Programmes"},"content":{"rendered":"<h3><strong>Horizon 2020<\/strong><\/h3>\n<p><strong style=\"line-height:20.8px\">Name<\/strong><span style=\"line-height:20.8px\">: <\/span>ALT &#8211; Adaptation, learning and training for spatial hearing in complex environments<br style=\"line-height: 20.8px;\" \/> <strong style=\"line-height:20.8px\">Id<\/strong><span style=\"line-height:20.8px\">: <\/span>691229<br style=\"line-height: 20.8px;\" \/> <strong style=\"line-height:20.8px\">Research area<\/strong><strong style=\"line-height:20.8px\">:<\/strong><span style=\"line-height:20.8px\">\u00a0<\/span>Marie Sk\u0142odowska-Curie Actions, Research and Innovation Staff Exchange (RISE)<br style=\"line-height: 20.8px;\" \/> <strong style=\"line-height:20.8px\">Duration<\/strong><span style=\"line-height:20.8px\">: <\/span>1.1.2016 &#8211; 31.12.2018<br style=\"line-height: 20.8px;\" \/> <strong style=\"line-height:20.8px\">Funding<\/strong><span style=\"line-height:20.8px\">: <\/span>351 000,- EUR<\/p>\n<h3><strong>7th Framework Programme<\/strong><\/h3>\n<p><strong>Name<\/strong>: CELIM &#8211; Fostering Excellence in Multiscale Cell Imaging<br \/> <strong>Id<\/strong>: 316310<br \/> <strong>Research area<\/strong><strong>:<\/strong> Coordination and support actions: major theme HEALTH, with the following biomedical subspecialties: 1.1.2. Detection, diagnosis and monitoring; 1.1.4. Innovative therapeutic<br \/> <strong>Duration<\/strong>: 1.6.2013 &#8211; 31.5.2016<br \/> <strong>Funding<\/strong>: 2 700 000,- EUR<br \/> <a href=\"http:\/\/celim.science.upjs.sk\/web\/\" target=\"_blank\" rel=\"noopener\">More information<\/a><\/p>\n<p>\u00a0<\/p>\n<p><strong>Name<\/strong>: Learn 2 Hear &#038; See\u2014 Perceptual, Contextual, and Cross-modal Learning in Hearing and Vision<br \/> <strong>Id<\/strong>: 247543<br \/> <strong>Research area<\/strong>: FP7-PEOPLE-2009-IRSES: Marie Curie Action &#8220;International Research Staff Exchange Scheme&#8221;<br \/> <strong>Duration<\/strong>: 1.5.2010 &#8211; 30.4.2013<br \/> <strong>Funding<\/strong>: 54 000,- EUR<br \/> <a href=\"http:\/\/cordis.europa.eu\/projects\/index.cfm?fuseaction=app.details&#038;TXT=Learn+2+Hear&#038;FRM=1&#038;STP=10&#038;SIC=&#038;PGA=&#038;CCY=&#038;PCY=&#038;SRC=&#038;LNG=en&#038;REF=95946\" target=\"_blank\" rel=\"noopener\">More information<\/a><\/p>\n<p>\u00a0<\/p>\n<p><strong>Name<\/strong>: SAILS\u2014Strategies for Assessment of Inquiry Learning in Science<br \/> <strong>Id<\/strong>: SIS-CT-2011-289085<br \/> <strong>Research area<\/strong>: SiS.2011.2.2.1-1: Supporting and coordinating actions on innovative methods in science education: teacher training on inquiry based teaching methods on a large scale in Europe<br \/> <strong>Duration<\/strong>: 1.1.2012 &#8211; 31.12.2015<br \/> <strong>Funding<\/strong>: 248 055,- EUR<br \/> <a href=\"http:\/\/cordis.europa.eu\/projects\/index.cfm?fuseaction=app.details&#038;TXT=SAILS&#038;FRM=1&#038;STP=10&#038;SIC=&#038;PGA=&#038;CCY=&#038;PCY=&#038;SRC=&#038;LNG=en&#038;REF=101860\" target=\"_blank\" rel=\"noopener\">More information<\/a><\/p>\n<p>\u00a0<\/p>\n<p><strong>Name<\/strong>: ESTABLISH &#8211; European Science and Technology in Action Building Links with Industry, Schools and Home<br \/> <strong>Id<\/strong>: SIS-CT-2010-244749\u00a0\u00a0 \u00a0<br \/> <strong>Research area<\/strong>: SiS-2009-2.2.3.1 Supporting and coordinating actions on innovation in the classroom: Dissemination and use of inquiry-based teaching methods on a large scale in Europe<br \/> <strong>Duration<\/strong>: 1.1.2010- 31.12.2013<br \/> <strong>Funding<\/strong>: 214 536,- EUR<br \/> <a href=\"http:\/\/cordis.europa.eu\/fetch?CALLER=FP7_PROJ_EN&#038;ACTION=D&#038;DOC=1&#038;CAT=PROJ&#038;QUERY=0131277cdca0:d69f:5ca608b8&#038;RCN=93969\" target=\"_blank\" rel=\"noopener\">More information<\/a><\/p>\n<p>\u00a0<\/p>\n<p><strong>Name<\/strong>: EMI European Middleware Initiative<br \/> <strong>Id<\/strong>: 261611\u00a0\u00a0 \u00a0<br \/> <strong>Research area<\/strong>: INFRA-2010-1.2.1 Distributed computing infrastructure (DCI)<br \/> <strong>Duration<\/strong>: 1.5.2010-30.4.2013<br \/> <strong>Funding<\/strong>: 168 929,- EUR<br \/> <a href=\"http:\/\/www.eu-emi.eu\/\" target=\"_blank\" rel=\"noopener\">More information<\/a><\/p>\n<p>\u00a0<\/p>\n<p><strong>Name<\/strong>: Monitoring of cell signaling pathways via interaction of fluorescently tagged proteins (MontInterFluoProt)<br \/> <strong>Id<\/strong>: PIRG06-GA-2009-256580<br \/> <strong>Research area<\/strong>: FP7-PEOPLE-2009-RG Marie Curie Action: &#8220;Reintegration Grants&#8221;\u00a0\u00a0 \u00a0<br \/> <strong>Duration<\/strong>: 1.6.2010- 31.5.2013<br \/> <strong>Funding<\/strong>: 75 000,- EUR<br \/> <a href=\"http:\/\/cordis.europa.eu\/fetch?CALLER=FP7_PROJ_EN&#038;ACTION=D&#038;DOC=1&#038;CAT=PROJ&#038;QUERY=0131277e7073:e200:5989da8b&#038;RCN=95039\" target=\"_blank\" rel=\"noopener\">More information<\/a><\/p>\n<h3><strong>6th Framework Programme<\/strong><\/h3>\n<p><strong>Name<\/strong>: Advanced separation and storage of carbon dioxide : Design, Synthesis and Applications of Novel Nanoporous Sorbents<br \/> <strong>Id<\/strong>: SES6 &#8211; DeSANNS &#8211; 020133\u00a0\u00a0 \u00a0<br \/> <strong>Research area<\/strong>: SUSTDEV-1.2.7 Capture and sequestration of CO2<br \/> <strong>Duration<\/strong>: 1.1.2006-31.12.2008<br \/> <strong>Funding<\/strong>: 135 776,- EUR<br \/> <a href=\"http:\/\/cordis.europa.eu\/fetch?CALLER=FP6_PROJ&#038;ACTION=D&#038;DOC=1&#038;CAT=PROJ&#038;QUERY=0131464233e1:219f:5a0e2204&#038;RCN=78588\" target=\"_blank\" rel=\"noopener\">More information<\/a><\/p>\n<p>\u00a0<\/p>\n<p><strong>Name<\/strong>: Grid-enabled Know-how Sharing Technology Based on ARC Services and Open Standards<br \/> <strong>Id<\/strong>: Know ARC &#8211; 032691\u00a0\u00a0 \u00a0<br \/> <strong>Research area<\/strong>: IST-2005-2.5.4 Advanced Grid Technologies, Systems and Services<br \/> <strong>Duration<\/strong>: 1.6.2006-31.8.2009<br \/> <strong>Funding<\/strong>: 162 153,- EUR<br \/> <a href=\"http:\/\/cordis.europa.eu\/fetch?CALLER=FP6_PROJ&#038;ACTION=D&#038;DOC=1&#038;CAT=PROJ&#038;QUERY=01314645a313:8462:5594ceb4&#038;RCN=80124\" target=\"_blank\" rel=\"noopener\">More information<\/a><\/p>\n","protected":false},"excerpt":{"rendered":"<p>Horizon 2020 Name: ALT &#8211; Adaptation, learning and training for spatial hearing in complex environments Id: 691229 Research area:\u00a0Marie Sk\u0142odowska-Curie Actions, Research and Innovation Staff Exchange (RISE) Duration: 1.1.2016 &#8211; 31.12.2018 Funding: 351 000,- EUR 7th Framework Programme Name: CELIM &#8211; Fostering Excellence in Multiscale Cell Imaging Id: 316310 Research area: Coordination and support actions: &hellip; <a href=\"https:\/\/www.upjs.sk\/prirodovedecka-fakulta\/en\/research\/7738-2\/\">Continued<\/a><\/p>\n","protected":false},"author":1,"featured_media":0,"parent":43927,"menu_order":13,"comment_status":"closed","ping_status":"closed","template":"","meta":{"_acf_changed":false,"_editorskit_title_hidden":false,"_editorskit_reading_time":0,"_editorskit_is_block_options_detached":false,"_editorskit_block_options_position":"{}","footnotes":""},"categories":[],"tags":[],"class_list":["post-43320","page","type-page","status-publish","hentry"],"acf":{"acf_link_na_externy_obsah":""},"yoast_head":"<!-- This site is optimized with the Yoast SEO plugin v27.4 - https:\/\/yoast.com\/product\/yoast-seo-wordpress\/ -->\n<title>European Framework Programmes - Pr\u00edrodovedeck\u00e1 fakulta | UPJ\u0160<\/title>\n<meta name=\"robots\" content=\"index, follow, max-snippet:-1, max-image-preview:large, max-video-preview:-1\" \/>\n<link rel=\"canonical\" href=\"https:\/\/www.upjs.sk\/prirodovedecka-fakulta\/en\/research\/7738-2\/\" \/>\n<meta property=\"og:locale\" content=\"en_US\" \/>\n<meta property=\"og:type\" content=\"article\" \/>\n<meta property=\"og:title\" content=\"European Framework Programmes - Pr\u00edrodovedeck\u00e1 fakulta | UPJ\u0160\" \/>\n<meta property=\"og:description\" content=\"Horizon 2020 Name: ALT &#8211; Adaptation, learning and training for spatial hearing in complex environments Id: 691229 Research area:\u00a0Marie Sk\u0142odowska-Curie Actions, Research and Innovation Staff Exchange (RISE) Duration: 1.1.2016 &#8211; 31.12.2018 Funding: 351 000,- EUR 7th Framework Programme Name: CELIM &#8211; Fostering Excellence in Multiscale Cell Imaging Id: 316310 Research area: Coordination and support actions: &hellip; Continued\" \/>\n<meta property=\"og:url\" content=\"https:\/\/www.upjs.sk\/prirodovedecka-fakulta\/en\/research\/7738-2\/\" \/>\n<meta property=\"og:site_name\" content=\"Pr\u00edrodovedeck\u00e1 fakulta | UPJ\u0160\" \/>\n<meta property=\"article:modified_time\" content=\"2022-11-10T20:23:51+00:00\" \/>\n<meta name=\"twitter:card\" content=\"summary_large_image\" \/>\n<meta name=\"twitter:label1\" content=\"Est. reading time\" \/>\n\t<meta name=\"twitter:data1\" content=\"2 minutes\" \/>\n<script type=\"application\/ld+json\" class=\"yoast-schema-graph\">{\"@context\":\"https:\\\/\\\/schema.org\",\"@graph\":[{\"@type\":\"WebPage\",\"@id\":\"https:\\\/\\\/www.upjs.sk\\\/prirodovedecka-fakulta\\\/en\\\/research\\\/7738-2\\\/\",\"url\":\"https:\\\/\\\/www.upjs.sk\\\/prirodovedecka-fakulta\\\/en\\\/research\\\/7738-2\\\/\",\"name\":\"European Framework Programmes - Pr\u00edrodovedeck\u00e1 fakulta | UPJ\u0160\",\"isPartOf\":{\"@id\":\"https:\\\/\\\/www.upjs.sk\\\/prirodovedecka-fakulta\\\/en\\\/#website\"},\"datePublished\":\"2016-02-02T09:26:12+00:00\",\"dateModified\":\"2022-11-10T20:23:51+00:00\",\"breadcrumb\":{\"@id\":\"https:\\\/\\\/www.upjs.sk\\\/prirodovedecka-fakulta\\\/en\\\/research\\\/7738-2\\\/#breadcrumb\"},\"inLanguage\":\"en-US\",\"potentialAction\":[{\"@type\":\"ReadAction\",\"target\":[\"https:\\\/\\\/www.upjs.sk\\\/prirodovedecka-fakulta\\\/en\\\/research\\\/7738-2\\\/\"]}]},{\"@type\":\"BreadcrumbList\",\"@id\":\"https:\\\/\\\/www.upjs.sk\\\/prirodovedecka-fakulta\\\/en\\\/research\\\/7738-2\\\/#breadcrumb\",\"itemListElement\":[{\"@type\":\"ListItem\",\"position\":1,\"name\":\"Home\",\"item\":\"https:\\\/\\\/www.upjs.sk\\\/prirodovedecka-fakulta\\\/en\\\/\"},{\"@type\":\"ListItem\",\"position\":2,\"name\":\"Science and Research\",\"item\":\"https:\\\/\\\/www.upjs.sk\\\/prirodovedecka-fakulta\\\/en\\\/research\\\/\"},{\"@type\":\"ListItem\",\"position\":3,\"name\":\"European Framework Programmes\"}]},{\"@type\":\"WebSite\",\"@id\":\"https:\\\/\\\/www.upjs.sk\\\/prirodovedecka-fakulta\\\/en\\\/#website\",\"url\":\"https:\\\/\\\/www.upjs.sk\\\/prirodovedecka-fakulta\\\/en\\\/\",\"name\":\"Pr\u00edrodovedeck\u00e1 fakulta | UPJ\u0160\",\"description\":\"\",\"publisher\":{\"@id\":\"https:\\\/\\\/www.upjs.sk\\\/prirodovedecka-fakulta\\\/en\\\/#organization\"},\"potentialAction\":[{\"@type\":\"SearchAction\",\"target\":{\"@type\":\"EntryPoint\",\"urlTemplate\":\"https:\\\/\\\/www.upjs.sk\\\/prirodovedecka-fakulta\\\/en\\\/?s={search_term_string}\"},\"query-input\":{\"@type\":\"PropertyValueSpecification\",\"valueRequired\":true,\"valueName\":\"search_term_string\"}}],\"inLanguage\":\"en-US\"},{\"@type\":\"Organization\",\"@id\":\"https:\\\/\\\/www.upjs.sk\\\/prirodovedecka-fakulta\\\/en\\\/#organization\",\"name\":\"Pr\u00edrodovedeck\u00e1 fakulta | UPJ\u0160\",\"url\":\"https:\\\/\\\/www.upjs.sk\\\/prirodovedecka-fakulta\\\/en\\\/\",\"logo\":{\"@type\":\"ImageObject\",\"inLanguage\":\"en-US\",\"@id\":\"https:\\\/\\\/www.upjs.sk\\\/prirodovedecka-fakulta\\\/en\\\/#\\\/schema\\\/logo\\\/image\\\/\",\"url\":\"https:\\\/\\\/www.upjs.sk\\\/app\\\/uploads\\\/sites\\\/10\\\/2023\\\/02\\\/PriF_ENG_frame.svg\",\"contentUrl\":\"https:\\\/\\\/www.upjs.sk\\\/app\\\/uploads\\\/sites\\\/10\\\/2023\\\/02\\\/PriF_ENG_frame.svg\",\"width\":292,\"height\":61,\"caption\":\"Pr\u00edrodovedeck\u00e1 fakulta | UPJ\u0160\"},\"image\":{\"@id\":\"https:\\\/\\\/www.upjs.sk\\\/prirodovedecka-fakulta\\\/en\\\/#\\\/schema\\\/logo\\\/image\\\/\"}}]}<\/script>\n<!-- \/ Yoast SEO plugin. -->","yoast_head_json":{"title":"European Framework Programmes - Pr\u00edrodovedeck\u00e1 fakulta | UPJ\u0160","robots":{"index":"index","follow":"follow","max-snippet":"max-snippet:-1","max-image-preview":"max-image-preview:large","max-video-preview":"max-video-preview:-1"},"canonical":"https:\/\/www.upjs.sk\/prirodovedecka-fakulta\/en\/research\/7738-2\/","og_locale":"en_US","og_type":"article","og_title":"European Framework Programmes - Pr\u00edrodovedeck\u00e1 fakulta | UPJ\u0160","og_description":"Horizon 2020 Name: ALT &#8211; Adaptation, learning and training for spatial hearing in complex environments Id: 691229 Research area:\u00a0Marie Sk\u0142odowska-Curie Actions, Research and Innovation Staff Exchange (RISE) Duration: 1.1.2016 &#8211; 31.12.2018 Funding: 351 000,- EUR 7th Framework Programme Name: CELIM &#8211; Fostering Excellence in Multiscale Cell Imaging Id: 316310 Research area: Coordination and support actions: &hellip; Continued","og_url":"https:\/\/www.upjs.sk\/prirodovedecka-fakulta\/en\/research\/7738-2\/","og_site_name":"Pr\u00edrodovedeck\u00e1 fakulta | UPJ\u0160","article_modified_time":"2022-11-10T20:23:51+00:00","twitter_card":"summary_large_image","twitter_misc":{"Est. reading time":"2 minutes"},"schema":{"@context":"https:\/\/schema.org","@graph":[{"@type":"WebPage","@id":"https:\/\/www.upjs.sk\/prirodovedecka-fakulta\/en\/research\/7738-2\/","url":"https:\/\/www.upjs.sk\/prirodovedecka-fakulta\/en\/research\/7738-2\/","name":"European Framework Programmes - Pr\u00edrodovedeck\u00e1 fakulta | UPJ\u0160","isPartOf":{"@id":"https:\/\/www.upjs.sk\/prirodovedecka-fakulta\/en\/#website"},"datePublished":"2016-02-02T09:26:12+00:00","dateModified":"2022-11-10T20:23:51+00:00","breadcrumb":{"@id":"https:\/\/www.upjs.sk\/prirodovedecka-fakulta\/en\/research\/7738-2\/#breadcrumb"},"inLanguage":"en-US","potentialAction":[{"@type":"ReadAction","target":["https:\/\/www.upjs.sk\/prirodovedecka-fakulta\/en\/research\/7738-2\/"]}]},{"@type":"BreadcrumbList","@id":"https:\/\/www.upjs.sk\/prirodovedecka-fakulta\/en\/research\/7738-2\/#breadcrumb","itemListElement":[{"@type":"ListItem","position":1,"name":"Home","item":"https:\/\/www.upjs.sk\/prirodovedecka-fakulta\/en\/"},{"@type":"ListItem","position":2,"name":"Science and Research","item":"https:\/\/www.upjs.sk\/prirodovedecka-fakulta\/en\/research\/"},{"@type":"ListItem","position":3,"name":"European Framework Programmes"}]},{"@type":"WebSite","@id":"https:\/\/www.upjs.sk\/prirodovedecka-fakulta\/en\/#website","url":"https:\/\/www.upjs.sk\/prirodovedecka-fakulta\/en\/","name":"Pr\u00edrodovedeck\u00e1 fakulta | UPJ\u0160","description":"","publisher":{"@id":"https:\/\/www.upjs.sk\/prirodovedecka-fakulta\/en\/#organization"},"potentialAction":[{"@type":"SearchAction","target":{"@type":"EntryPoint","urlTemplate":"https:\/\/www.upjs.sk\/prirodovedecka-fakulta\/en\/?s={search_term_string}"},"query-input":{"@type":"PropertyValueSpecification","valueRequired":true,"valueName":"search_term_string"}}],"inLanguage":"en-US"},{"@type":"Organization","@id":"https:\/\/www.upjs.sk\/prirodovedecka-fakulta\/en\/#organization","name":"Pr\u00edrodovedeck\u00e1 fakulta | UPJ\u0160","url":"https:\/\/www.upjs.sk\/prirodovedecka-fakulta\/en\/","logo":{"@type":"ImageObject","inLanguage":"en-US","@id":"https:\/\/www.upjs.sk\/prirodovedecka-fakulta\/en\/#\/schema\/logo\/image\/","url":"https:\/\/www.upjs.sk\/app\/uploads\/sites\/10\/2023\/02\/PriF_ENG_frame.svg","contentUrl":"https:\/\/www.upjs.sk\/app\/uploads\/sites\/10\/2023\/02\/PriF_ENG_frame.svg","width":292,"height":61,"caption":"Pr\u00edrodovedeck\u00e1 fakulta | UPJ\u0160"},"image":{"@id":"https:\/\/www.upjs.sk\/prirodovedecka-fakulta\/en\/#\/schema\/logo\/image\/"}}]}},"_links":{"self":[{"href":"https:\/\/www.upjs.sk\/prirodovedecka-fakulta\/en\/wp-json\/wp\/v2\/pages\/43320","targetHints":{"allow":["GET"]}}],"collection":[{"href":"https:\/\/www.upjs.sk\/prirodovedecka-fakulta\/en\/wp-json\/wp\/v2\/pages"}],"about":[{"href":"https:\/\/www.upjs.sk\/prirodovedecka-fakulta\/en\/wp-json\/wp\/v2\/types\/page"}],"author":[{"embeddable":true,"href":"https:\/\/www.upjs.sk\/prirodovedecka-fakulta\/en\/wp-json\/wp\/v2\/users\/1"}],"replies":[{"embeddable":true,"href":"https:\/\/www.upjs.sk\/prirodovedecka-fakulta\/en\/wp-json\/wp\/v2\/comments?post=43320"}],"version-history":[{"count":1,"href":"https:\/\/www.upjs.sk\/prirodovedecka-fakulta\/en\/wp-json\/wp\/v2\/pages\/43320\/revisions"}],"predecessor-version":[{"id":45047,"href":"https:\/\/www.upjs.sk\/prirodovedecka-fakulta\/en\/wp-json\/wp\/v2\/pages\/43320\/revisions\/45047"}],"up":[{"embeddable":true,"href":"https:\/\/www.upjs.sk\/prirodovedecka-fakulta\/en\/wp-json\/wp\/v2\/pages\/43927"}],"wp:attachment":[{"href":"https:\/\/www.upjs.sk\/prirodovedecka-fakulta\/en\/wp-json\/wp\/v2\/media?parent=43320"}],"wp:term":[{"taxonomy":"category","embeddable":true,"href":"https:\/\/www.upjs.sk\/prirodovedecka-fakulta\/en\/wp-json\/wp\/v2\/categories?post=43320"},{"taxonomy":"post_tag","embeddable":true,"href":"https:\/\/www.upjs.sk\/prirodovedecka-fakulta\/en\/wp-json\/wp\/v2\/tags?post=43320"}],"curies":[{"name":"wp","href":"https:\/\/api.w.org\/{rel}","templated":true}]}}