{"id":43321,"date":"2013-01-08T22:00:32","date_gmt":"2013-01-08T22:00:32","guid":{"rendered":"https:\/\/www.upjs.sk\/prirodovedecka-fakulta\/7739-2\/"},"modified":"2022-11-10T20:23:52","modified_gmt":"2022-11-10T20:23:52","slug":"7739-2","status":"publish","type":"page","link":"https:\/\/www.upjs.sk\/prirodovedecka-fakulta\/en\/research\/7739-2\/","title":{"rendered":"European Operational Programmes"},"content":{"rendered":"<p> \t\u00a0<\/p>\n<h2> \tOperational Programme Research and Development<\/h2>\n<ul>\n<li style=\"text-align: justify\"> \t\t<a href=\"http:\/\/www.upjs.sk\/prirodovedecka-fakulta\/projektySFEU\/OPVV#CeZIS\"><strong>CeZIS<\/strong><\/a><strong> &#8211; <\/strong>Center of knowledge-based information systems<\/li>\n<li style=\"text-align: justify\"> \t\t<a href=\"http:\/\/www.upjs.sk\/prirodovedecka-fakulta\/projektySFEU\/OPVV#Tfaktor\"><strong>Tfaktor<\/strong><\/a> &#8211; <span id=\"result_box\" lang=\"en\"><span class=\"hps alt-edited\">Innovation<\/span> <span class=\"hps alt-edited\">of technological process<\/span> <span class=\"hps\">of preparation<\/span> <span class=\"hps\">immunomodulating agent<\/span> <span class=\"hps\">Transfer<\/span> <span class=\"hps\">factor<\/span><span>,<\/span> <span class=\"hps\">verification of its<\/span> <span class=\"hps\">efficacy, safety<\/span> <span class=\"hps\">and<\/span> <span class=\"hps\">composition<\/span><\/span><\/li>\n<li style=\"text-align: justify\"> \t\t<span style=\"color: rgb(0,51,0)\"><strong>EXTREM<\/strong><\/span>\n<ul>\n<li> \t\t\t\t<a href=\"http:\/\/www.upjs.sk\/prirodovedecka-fakulta\/projektySFEU\/OPVV#EXTREMI\"><strong>EXTREM I.<\/strong><\/a> &#8211; <span id=\"result_box\" lang=\"en\"><span class=\"hps\">Centre for advanced<\/span> <span class=\"hps\">studies<\/span> <span class=\"hps\">of physical<\/span> <span class=\"hps\">materials under extreme conditions<\/span><\/span><\/li>\n<li> \t\t\t\t<a href=\"http:\/\/www.upjs.sk\/prirodovedecka-fakulta\/projektySFEU\/OPVV#EXTREMII\"><strong>EXTREM II.<\/strong><\/a> &#8211; C<span id=\"result_box\" lang=\"en\"><span class=\"hps\">ompletion of the<\/span> <span class=\"hps\">centre for<\/span> a<span class=\"hps\">dvanced<\/span> <span class=\"hps\">studies<\/span> <span class=\"hps\">of materials<\/span> <span class=\"hps\">under extreme conditions<\/span><\/span><\/li>\n<\/ul>\n<\/li>\n<li style=\"text-align: justify\"> \t\t<span style=\"color: rgb(0,51,0)\"><strong><a href=\"http:\/\/www.upjs.sk\/prirodovedecka-fakulta\/projektySFEU\/OPVV#CaKS\">CaKS<\/a><\/strong><\/span> &#8211; <span id=\"result_box\" lang=\"en\"><span class=\"hps\">Center of excellence<\/span> <span class=\"hps\">of computer<\/span> <span class=\"hps\">science<\/span> <span class=\"hps\">and<\/span> <span class=\"hps\">knowledge-based systems<\/span><\/span><\/li>\n<li style=\"text-align: justify\"> \t\t<span style=\"color: rgb(0,51,0)\"><strong>SEPO<\/strong><\/span>\n<ul>\n<li> \t\t\t\t<a href=\"http:\/\/www.upjs.sk\/prirodovedecka-fakulta\/projektySFEU\/OPVV#SEPOI\"><strong>SEPO I.<\/strong><\/a> &#8211; <span class=\"short_text\" id=\"result_box\" lang=\"en\"><span class=\"hps\">Network<\/span> <span class=\"hps\">of Excellence in<\/span> <span class=\"hps\">Oncology<\/span><\/span><\/li>\n<li> \t\t\t\t<a href=\"http:\/\/www.upjs.sk\/prirodovedecka-fakulta\/projektySFEU\/OPVV#SEPOII\"><strong>SEPO II.<\/strong><\/a> \u2013 <span id=\"result_box\" lang=\"en\"><span class=\"hps\">Building the infrastructure<\/span> <span class=\"hps\">in the center<\/span> <span class=\"hps\">of excellence<\/span> <span class=\"hps\">SEPO<\/span><span>-II<\/span><span>.<\/span><\/span><\/li>\n<\/ul>\n<\/li>\n<li style=\"text-align: justify\"> \t\t<span style=\"color: rgb(0,51,0)\"><strong>nanoCEXmat<\/strong><\/span>\n<ul>\n<li> \t\t\t\t<a href=\"http:\/\/www.upjs.sk\/prirodovedecka-fakulta\/projektySFEU\/OPVV#nanoCEXmatI\"><strong>nanoCEXmat I.<\/strong> <\/a>&#8211; <span id=\"result_box\" lang=\"en\"><span class=\"hps\">Centre of excellence<\/span> of <span class=\"hps\">advanced materials<\/span> <span class=\"hps\">with<\/span> <span class=\"hps\">nano<\/span> <span class=\"hps\">and<\/span> <span class=\"hps\">submicron<\/span> <span class=\"hps\">structures<\/span><\/span><\/li>\n<li> \t\t\t\t<a href=\"http:\/\/www.upjs.sk\/prirodovedecka-fakulta\/projektySFEU\/OPVV#nanoCEXmatII\"><strong>nanoCEXmat II.<\/strong><\/a> &#8211; Building the infrastructure in the <span id=\"result_box\" lang=\"en\"><span class=\"hps\">Centre of excellence<\/span> of <span class=\"hps\">advanced materials<\/span> <span class=\"hps\">with<\/span> <span class=\"hps\">nano<\/span> <span class=\"hps\">and<\/span> <span class=\"hps\">submicron<\/span> <span class=\"hps\">structures<\/span><\/span><\/li>\n<\/ul>\n<\/li>\n<li style=\"text-align: justify\"> \t\t<span style=\"color: rgb(0,51,0)\"><strong>CKV<\/strong><\/span>\n<ul>\n<li> \t\t\t\t<a href=\"http:\/\/www.upjs.sk\/prirodovedecka-fakulta\/projektySFEU\/OPVV#CKVI\"><strong>CKV I<\/strong><\/a>. &#8211; <span id=\"result_box\" lang=\"en\"><span class=\"hps\">Aerospace<\/span> <span class=\"hps\">research<\/span> <span class=\"hps\">center<\/span><span>:<\/span> <span class=\"hps\">the effects of<\/span> <span class=\"hps\">space weather<\/span><\/span><\/li>\n<li> \t\t\t\t<a href=\"http:\/\/www.upjs.sk\/prirodovedecka-fakulta\/projektySFEU\/OPVV#CKVII\"><strong>CKV II.<\/strong><\/a> &#8211; <span id=\"result_box\" lang=\"en\"><span class=\"hps\">Aerospace<\/span> <span class=\"hps\">research<\/span> <span class=\"hps\">center<\/span><span>:<\/span> <span class=\"hps\">the effects of<\/span> <span class=\"hps\">space weather &#8211; 2nd stage<\/span><\/span><\/li>\n<\/ul>\n<\/li>\n<li style=\"text-align: justify\"> \t\t<span style=\"color: rgb(0,51,0)\"><strong><a href=\"http:\/\/www.upjs.sk\/prirodovedecka-fakulta\/projektySFEU\/OPVV#CEVA\">CEVA<\/a><\/strong><\/span> &#8211; <span id=\"result_box\" lang=\"en\"><span class=\"hps\">Centre of excellence<\/span> <span class=\"hps\">for research of<\/span> <span class=\"hps\">atherosclerosis<\/span><\/span><\/li>\n<li style=\"text-align: justify\"> \t\t<span style=\"color: rgb(0,51,0)\"><strong><a href=\"http:\/\/www.upjs.sk\/prirodovedecka-fakulta\/projektySFEU\/OPVV#NanoBioSens\">NanoBioSens<\/a><\/strong><\/span> &#8211; <span id=\"result_box\" lang=\"en\"><span class=\"hps\">The development<\/span> <span class=\"hps\">of optical<\/span> <span class=\"hps\">nanosensors<\/span> <span class=\"hps\">for<\/span> <span class=\"hps\">analysis<\/span> <span class=\"hps\">of trace amounts of<\/span> <span class=\"hps\">environmental<\/span> <span class=\"hps\">pollutant<\/span>s <span class=\"hps\">and<\/span> <span class=\"hps\">drugs<\/span><\/span><\/li>\n<li style=\"text-align: justify\"> \t\t<span style=\"color: rgb(0,51,0)\"><strong><a href=\"http:\/\/www.upjs.sk\/prirodovedecka-fakulta\/projektySFEU\/OPVV#MIKROMATEL\">MIKROMATEL<\/a><\/strong><\/span> &#8211; <span id=\"result_box\" lang=\"en\"><span class=\"hps\">Progressive<\/span> <span class=\"hps\">technology<\/span> <span class=\"hps\">for prepaartion of microcomposite<\/span> <span class=\"hps\">training<\/span> <span class=\"hps\">materials<\/span> <span class=\"hps\">for electronics<\/span><\/span><\/li>\n<\/ul>\n<p> \t\u00a0<\/p>\n<h2> \tOperational Programme Education<\/h2>\n<ul>\n<li style=\"text-align: justify\"> \t\t<strong><a href=\"http:\/\/www.upjs.sk\/prirodovedecka-fakulta\/projektySFEU\/OPVZ#KVARK\">KVARK<\/a><\/strong> &#8211; <span id=\"result_box\" lang=\"en\"><span class=\"hps\">The quality of education<\/span> <span class=\"hps\">and<\/span> development of <span class=\"hps\">skills<\/span> of PhD. students and postdocs at <span class=\"hps\">UPJ\u0160<\/span><\/span><\/li>\n<li style=\"text-align: justify\"> \t\t<span style=\"color: rgb(0,51,0)\"><strong><a href=\"http:\/\/www.upjs.sk\/prirodovedecka-fakulta\/projektySFEU\/OPVZ#MIV\">MIV<\/a><\/strong><\/span> &#8211; <span class=\"short_text\" id=\"result_box\" lang=\"en\"><span class=\"hps\">Modern<\/span> <span class=\"hps\">and<\/span> <span class=\"hps\">interactive learning<\/span> <span class=\"hps\">at<\/span> <span class=\"hps\">UPJ\u0160<\/span><\/span><\/li>\n<li style=\"text-align: justify\"> \t\t<span style=\"color: rgb(0,51,0)\"><strong><a href=\"http:\/\/www.upjs.sk\/prirodovedecka-fakulta\/projektySFEU\/OPVZ#DOKTORAND\">DOKTORAND<\/a><\/strong><\/span> &#8211;\u00a0 <span id=\"result_box\" lang=\"en\"><span class=\"hps\">Modernization<\/span> <span class=\"hps\">of doctoral studies<\/span> <\/span><span id=\"result_box\" lang=\"en\"><span class=\"hps\">programs<\/span> <\/span><span id=\"result_box\" lang=\"en\"><span class=\"hps\">in<\/span> <span class=\"hps\">natural<\/span> <span class=\"hps\">sciences and humanities<\/span> at <span class=\"hps\">UPJ\u0160<\/span><\/span><\/li>\n<\/ul>\n","protected":false},"excerpt":{"rendered":"<p>\u00a0 Operational Programme Research and Development CeZIS &#8211; Center of knowledge-based information systems Tfaktor &#8211; Innovation of technological process of preparation immunomodulating agent Transfer factor, verification of its efficacy, safety and composition EXTREM EXTREM I. &#8211; Centre for advanced studies of physical materials under extreme conditions EXTREM II. &#8211; Completion of the centre for advanced &hellip; <a href=\"https:\/\/www.upjs.sk\/prirodovedecka-fakulta\/en\/research\/7739-2\/\">Continued<\/a><\/p>\n","protected":false},"author":1,"featured_media":0,"parent":43927,"menu_order":14,"comment_status":"closed","ping_status":"closed","template":"","meta":{"_acf_changed":false,"_editorskit_title_hidden":false,"_editorskit_reading_time":0,"_editorskit_is_block_options_detached":false,"_editorskit_block_options_position":"{}","footnotes":""},"categories":[],"tags":[],"class_list":["post-43321","page","type-page","status-publish","hentry"],"acf":{"acf_link_na_externy_obsah":""},"yoast_head":"<!-- This site is optimized with the Yoast SEO plugin v27.2 - https:\/\/yoast.com\/product\/yoast-seo-wordpress\/ -->\n<title>European Operational Programmes - Pr\u00edrodovedeck\u00e1 fakulta | UPJ\u0160<\/title>\n<meta name=\"robots\" content=\"index, follow, max-snippet:-1, max-image-preview:large, max-video-preview:-1\" \/>\n<link rel=\"canonical\" href=\"https:\/\/www.upjs.sk\/prirodovedecka-fakulta\/en\/research\/7739-2\/\" \/>\n<meta property=\"og:locale\" content=\"en_US\" \/>\n<meta property=\"og:type\" content=\"article\" \/>\n<meta property=\"og:title\" content=\"European Operational Programmes - Pr\u00edrodovedeck\u00e1 fakulta | UPJ\u0160\" \/>\n<meta property=\"og:description\" content=\"\u00a0 Operational Programme Research and Development CeZIS &#8211; Center of knowledge-based information systems Tfaktor &#8211; Innovation of technological process of preparation immunomodulating agent Transfer factor, verification of its efficacy, safety and composition EXTREM EXTREM I. &#8211; Centre for advanced studies of physical materials under extreme conditions EXTREM II. &#8211; Completion of the centre for advanced &hellip; Continued\" \/>\n<meta property=\"og:url\" content=\"https:\/\/www.upjs.sk\/prirodovedecka-fakulta\/en\/research\/7739-2\/\" \/>\n<meta property=\"og:site_name\" content=\"Pr\u00edrodovedeck\u00e1 fakulta | UPJ\u0160\" \/>\n<meta property=\"article:modified_time\" content=\"2022-11-10T20:23:52+00:00\" \/>\n<meta name=\"twitter:card\" content=\"summary_large_image\" \/>\n<meta name=\"twitter:label1\" content=\"Est. reading time\" \/>\n\t<meta name=\"twitter:data1\" content=\"1 minute\" \/>\n<script type=\"application\/ld+json\" class=\"yoast-schema-graph\">{\"@context\":\"https:\/\/schema.org\",\"@graph\":[{\"@type\":\"WebPage\",\"@id\":\"https:\/\/www.upjs.sk\/prirodovedecka-fakulta\/en\/research\/7739-2\/\",\"url\":\"https:\/\/www.upjs.sk\/prirodovedecka-fakulta\/en\/research\/7739-2\/\",\"name\":\"European Operational Programmes - Pr\u00edrodovedeck\u00e1 fakulta | UPJ\u0160\",\"isPartOf\":{\"@id\":\"https:\/\/www.upjs.sk\/prirodovedecka-fakulta\/en\/#website\"},\"datePublished\":\"2013-01-08T22:00:32+00:00\",\"dateModified\":\"2022-11-10T20:23:52+00:00\",\"breadcrumb\":{\"@id\":\"https:\/\/www.upjs.sk\/prirodovedecka-fakulta\/en\/research\/7739-2\/#breadcrumb\"},\"inLanguage\":\"en-US\",\"potentialAction\":[{\"@type\":\"ReadAction\",\"target\":[\"https:\/\/www.upjs.sk\/prirodovedecka-fakulta\/en\/research\/7739-2\/\"]}]},{\"@type\":\"BreadcrumbList\",\"@id\":\"https:\/\/www.upjs.sk\/prirodovedecka-fakulta\/en\/research\/7739-2\/#breadcrumb\",\"itemListElement\":[{\"@type\":\"ListItem\",\"position\":1,\"name\":\"Home\",\"item\":\"https:\/\/www.upjs.sk\/prirodovedecka-fakulta\/en\/\"},{\"@type\":\"ListItem\",\"position\":2,\"name\":\"Science and Research\",\"item\":\"https:\/\/www.upjs.sk\/prirodovedecka-fakulta\/en\/research\/\"},{\"@type\":\"ListItem\",\"position\":3,\"name\":\"European Operational Programmes\"}]},{\"@type\":\"WebSite\",\"@id\":\"https:\/\/www.upjs.sk\/prirodovedecka-fakulta\/en\/#website\",\"url\":\"https:\/\/www.upjs.sk\/prirodovedecka-fakulta\/en\/\",\"name\":\"Pr\u00edrodovedeck\u00e1 fakulta | UPJ\u0160\",\"description\":\"\",\"publisher\":{\"@id\":\"https:\/\/www.upjs.sk\/prirodovedecka-fakulta\/en\/#organization\"},\"potentialAction\":[{\"@type\":\"SearchAction\",\"target\":{\"@type\":\"EntryPoint\",\"urlTemplate\":\"https:\/\/www.upjs.sk\/prirodovedecka-fakulta\/en\/?s={search_term_string}\"},\"query-input\":{\"@type\":\"PropertyValueSpecification\",\"valueRequired\":true,\"valueName\":\"search_term_string\"}}],\"inLanguage\":\"en-US\"},{\"@type\":\"Organization\",\"@id\":\"https:\/\/www.upjs.sk\/prirodovedecka-fakulta\/en\/#organization\",\"name\":\"Pr\u00edrodovedeck\u00e1 fakulta | UPJ\u0160\",\"url\":\"https:\/\/www.upjs.sk\/prirodovedecka-fakulta\/en\/\",\"logo\":{\"@type\":\"ImageObject\",\"inLanguage\":\"en-US\",\"@id\":\"https:\/\/www.upjs.sk\/prirodovedecka-fakulta\/en\/#\/schema\/logo\/image\/\",\"url\":\"https:\/\/www.upjs.sk\/app\/uploads\/sites\/10\/2023\/02\/PriF_ENG_frame.svg\",\"contentUrl\":\"https:\/\/www.upjs.sk\/app\/uploads\/sites\/10\/2023\/02\/PriF_ENG_frame.svg\",\"width\":292,\"height\":61,\"caption\":\"Pr\u00edrodovedeck\u00e1 fakulta | UPJ\u0160\"},\"image\":{\"@id\":\"https:\/\/www.upjs.sk\/prirodovedecka-fakulta\/en\/#\/schema\/logo\/image\/\"}}]}<\/script>\n<!-- \/ Yoast SEO plugin. -->","yoast_head_json":{"title":"European Operational Programmes - Pr\u00edrodovedeck\u00e1 fakulta | UPJ\u0160","robots":{"index":"index","follow":"follow","max-snippet":"max-snippet:-1","max-image-preview":"max-image-preview:large","max-video-preview":"max-video-preview:-1"},"canonical":"https:\/\/www.upjs.sk\/prirodovedecka-fakulta\/en\/research\/7739-2\/","og_locale":"en_US","og_type":"article","og_title":"European Operational Programmes - Pr\u00edrodovedeck\u00e1 fakulta | UPJ\u0160","og_description":"\u00a0 Operational Programme Research and Development CeZIS &#8211; Center of knowledge-based information systems Tfaktor &#8211; Innovation of technological process of preparation immunomodulating agent Transfer factor, verification of its efficacy, safety and composition EXTREM EXTREM I. &#8211; Centre for advanced studies of physical materials under extreme conditions EXTREM II. &#8211; Completion of the centre for advanced &hellip; Continued","og_url":"https:\/\/www.upjs.sk\/prirodovedecka-fakulta\/en\/research\/7739-2\/","og_site_name":"Pr\u00edrodovedeck\u00e1 fakulta | UPJ\u0160","article_modified_time":"2022-11-10T20:23:52+00:00","twitter_card":"summary_large_image","twitter_misc":{"Est. reading time":"1 minute"},"schema":{"@context":"https:\/\/schema.org","@graph":[{"@type":"WebPage","@id":"https:\/\/www.upjs.sk\/prirodovedecka-fakulta\/en\/research\/7739-2\/","url":"https:\/\/www.upjs.sk\/prirodovedecka-fakulta\/en\/research\/7739-2\/","name":"European Operational Programmes - Pr\u00edrodovedeck\u00e1 fakulta | UPJ\u0160","isPartOf":{"@id":"https:\/\/www.upjs.sk\/prirodovedecka-fakulta\/en\/#website"},"datePublished":"2013-01-08T22:00:32+00:00","dateModified":"2022-11-10T20:23:52+00:00","breadcrumb":{"@id":"https:\/\/www.upjs.sk\/prirodovedecka-fakulta\/en\/research\/7739-2\/#breadcrumb"},"inLanguage":"en-US","potentialAction":[{"@type":"ReadAction","target":["https:\/\/www.upjs.sk\/prirodovedecka-fakulta\/en\/research\/7739-2\/"]}]},{"@type":"BreadcrumbList","@id":"https:\/\/www.upjs.sk\/prirodovedecka-fakulta\/en\/research\/7739-2\/#breadcrumb","itemListElement":[{"@type":"ListItem","position":1,"name":"Home","item":"https:\/\/www.upjs.sk\/prirodovedecka-fakulta\/en\/"},{"@type":"ListItem","position":2,"name":"Science and Research","item":"https:\/\/www.upjs.sk\/prirodovedecka-fakulta\/en\/research\/"},{"@type":"ListItem","position":3,"name":"European Operational Programmes"}]},{"@type":"WebSite","@id":"https:\/\/www.upjs.sk\/prirodovedecka-fakulta\/en\/#website","url":"https:\/\/www.upjs.sk\/prirodovedecka-fakulta\/en\/","name":"Pr\u00edrodovedeck\u00e1 fakulta | UPJ\u0160","description":"","publisher":{"@id":"https:\/\/www.upjs.sk\/prirodovedecka-fakulta\/en\/#organization"},"potentialAction":[{"@type":"SearchAction","target":{"@type":"EntryPoint","urlTemplate":"https:\/\/www.upjs.sk\/prirodovedecka-fakulta\/en\/?s={search_term_string}"},"query-input":{"@type":"PropertyValueSpecification","valueRequired":true,"valueName":"search_term_string"}}],"inLanguage":"en-US"},{"@type":"Organization","@id":"https:\/\/www.upjs.sk\/prirodovedecka-fakulta\/en\/#organization","name":"Pr\u00edrodovedeck\u00e1 fakulta | UPJ\u0160","url":"https:\/\/www.upjs.sk\/prirodovedecka-fakulta\/en\/","logo":{"@type":"ImageObject","inLanguage":"en-US","@id":"https:\/\/www.upjs.sk\/prirodovedecka-fakulta\/en\/#\/schema\/logo\/image\/","url":"https:\/\/www.upjs.sk\/app\/uploads\/sites\/10\/2023\/02\/PriF_ENG_frame.svg","contentUrl":"https:\/\/www.upjs.sk\/app\/uploads\/sites\/10\/2023\/02\/PriF_ENG_frame.svg","width":292,"height":61,"caption":"Pr\u00edrodovedeck\u00e1 fakulta | UPJ\u0160"},"image":{"@id":"https:\/\/www.upjs.sk\/prirodovedecka-fakulta\/en\/#\/schema\/logo\/image\/"}}]}},"_links":{"self":[{"href":"https:\/\/www.upjs.sk\/prirodovedecka-fakulta\/en\/wp-json\/wp\/v2\/pages\/43321","targetHints":{"allow":["GET"]}}],"collection":[{"href":"https:\/\/www.upjs.sk\/prirodovedecka-fakulta\/en\/wp-json\/wp\/v2\/pages"}],"about":[{"href":"https:\/\/www.upjs.sk\/prirodovedecka-fakulta\/en\/wp-json\/wp\/v2\/types\/page"}],"author":[{"embeddable":true,"href":"https:\/\/www.upjs.sk\/prirodovedecka-fakulta\/en\/wp-json\/wp\/v2\/users\/1"}],"replies":[{"embeddable":true,"href":"https:\/\/www.upjs.sk\/prirodovedecka-fakulta\/en\/wp-json\/wp\/v2\/comments?post=43321"}],"version-history":[{"count":1,"href":"https:\/\/www.upjs.sk\/prirodovedecka-fakulta\/en\/wp-json\/wp\/v2\/pages\/43321\/revisions"}],"predecessor-version":[{"id":45048,"href":"https:\/\/www.upjs.sk\/prirodovedecka-fakulta\/en\/wp-json\/wp\/v2\/pages\/43321\/revisions\/45048"}],"up":[{"embeddable":true,"href":"https:\/\/www.upjs.sk\/prirodovedecka-fakulta\/en\/wp-json\/wp\/v2\/pages\/43927"}],"wp:attachment":[{"href":"https:\/\/www.upjs.sk\/prirodovedecka-fakulta\/en\/wp-json\/wp\/v2\/media?parent=43321"}],"wp:term":[{"taxonomy":"category","embeddable":true,"href":"https:\/\/www.upjs.sk\/prirodovedecka-fakulta\/en\/wp-json\/wp\/v2\/categories?post=43321"},{"taxonomy":"post_tag","embeddable":true,"href":"https:\/\/www.upjs.sk\/prirodovedecka-fakulta\/en\/wp-json\/wp\/v2\/tags?post=43321"}],"curies":[{"name":"wp","href":"https:\/\/api.w.org\/{rel}","templated":true}]}}