{"id":43528,"date":"2017-10-18T09:44:04","date_gmt":"2017-10-18T09:44:04","guid":{"rendered":"https:\/\/www.upjs.sk\/prirodovedecka-fakulta\/study-possibilities\/"},"modified":"2022-11-10T20:24:14","modified_gmt":"2022-11-10T20:24:14","slug":"study-possibilities","status":"publish","type":"page","link":"https:\/\/www.upjs.sk\/prirodovedecka-fakulta\/en\/foreign-students\/study-possibilities\/","title":{"rendered":"Study Possibilities"},"content":{"rendered":"<p> <!-- Text --><\/p>\n<p>AT PAVOL JOZEF \u0160AF\u00c1RIK UNIVERSITY, FACULTY OF SCIENCE<\/p>\n<p align=\"center\"><strong>Introduction<\/strong><\/p>\n<p align=\"left\">\u00a0<\/p>\n<p>\u00a0<\/p>\n<table border=\"0\" cellpadding=\"1\" cellspacing=\"1\" style=\"width:450px\">\n<tbody>\n<tr>\n<td valign=\"top\">Mail Addres:<\/td>\n<td>Univerzita Pavla Jozefa \u0160af\u00e1rika<br \/> \t\t\tPr\u00edrodovedeck\u00e1 fakulta\u00a0<br \/> \t\t\t\u0160rob\u00e1rova 2\u00a0<br \/> \t\t\tSK &#8211; 041 54 Ko\u0161ice<br \/> \t\t\tSlovak Republic<\/td>\n<\/tr>\n<tr>\n<td>Homepage:<\/td>\n<td><a href=\"http:\/\/www.science.upjs.sk\/\">http:\/\/www.science.upjs.sk<\/a><\/td>\n<\/tr>\n<tr>\n<td>E-mail address:<\/td>\n<td><a href=\"mailto:pfsekret@upjs.sk\">pfsekret@upjs.sk<\/a><\/td>\n<\/tr>\n<tr>\n<td>Telephone:<\/td>\n<td>+421-55-2342181<\/td>\n<\/tr>\n<\/tbody>\n<\/table>\n<p>\u00a0<\/p>\n<p align=\"justify\">The Faculty of Science of the P. J. \u0160af\u00e1rik University in Ko\u0161ice was founded in 1963 and during its existence it educated more than 4 500 graduates of both, joint and single degree study in all branches of sciences. The Faculty provides the Bachelor\u00b4s, Magister\u00b4s (Master\u00b4s) and Doctoral degree studies.<\/p>\n<p align=\"justify\">The higher education at the Faculty of Science is provided on a research background closely interacting with domestic and foreign scientific and educational institutions. Up to 60 % of its scientific outputs are made within this co-operation. The research in the field of:<\/p>\n<p align=\"justify\">&#8211; <strong>Biology and Ecology<\/strong> is oriented on study of biodiversity of plants and animals, biotechnology of medicinal plants, cancerogenesis, prevention and cancer therapy;<\/p>\n<p align=\"justify\">&#8211; in <strong>Geography<\/strong> on relief evolution and landscape development of the Slovak Karst and Ko\u0161ice region;<\/p>\n<p align=\"justify\">&#8211; in <strong>Chemistry<\/strong> on synthesis and properties of new compounds as biologically active species and new materials;<\/p>\n<p align=\"justify\">&#8211; in <strong>Informatics<\/strong> on fuzzy techniques, neural networks and logical programming;<\/p>\n<p align=\"justify\">&#8211; in <strong>Mathematics<\/strong> on graph theory, algebraic structures, differential equations and topology;<\/p>\n<p align=\"justify\">&#8211; in <strong>Physics<\/strong> on development of new magnetic materials, theoretical and experimental research of low-dimensional magnetism and quantum liquids at ultra-low temperatures, nuclear collision studies and photo-dynamic effect.<\/p>\n<p align=\"justify\">The graduates of the Faculty find employment not only as researchers and secondary schools teachers but also adapt in the business sphere and public administration.<\/p>\n<p align=\"center\"><strong>Bachelor\u2019s study<\/strong><\/p>\n<p align=\"left\">The Faculty offers the following one-subject Bachelor\u2019s studies:<\/p>\n<ul>\n<li>\n<div align=\"left\">Biology<\/div>\n<\/li>\n<li>\n<div align=\"left\">Chemistry<\/div>\n<\/li>\n<li>\n<div align=\"left\">Ecology<\/div>\n<\/li>\n<li>\n<div align=\"left\">Physics<\/div>\n<\/li>\n<li>\n<div align=\"left\">Geography<\/div>\n<\/li>\n<li>\n<div align=\"left\">Informatics<\/div>\n<\/li>\n<li>\n<div align=\"left\">Mathematics<\/div>\n<\/li>\n<\/ul>\n<p align=\"justify\">The Bachelor\u00b4s degree study for teacher-training is organised in the form of inter-branch study of two academic subjects; the Bachelor degree student continues in his study on the Magister degree.\u00a0\u00a0\u00a0\u00a0\u00a0\u00a0\u00a0\u00a0\u00a0\u00a0\u00a0<\/p>\n<p align=\"justify\">The Bachelor study takes three years. After the successfully completed bachelor exam the student obtains the degree of &#8220;Bachelor&#8221; (Bc.).<\/p>\n<p align=\"center\"><strong>Magister\u2019s study<\/strong><\/p>\n<p align=\"left\">Magister\u2019s study (equivalent to Master\u2019s study) is provided in the following one-subject branches :<\/p>\n<p align=\"left\"><strong>Biology<\/strong> with study programmes in<\/p>\n<p align=\"left\">\u00a0\u00a0\u00a0\u00a0\u00a0\u00a0\u00a0\u00a0\u00a0\u00a0\u00a0\u00a0\u00a0\u00a0\u00a0\u00a0\u00a0\u00a0\u00a0\u00a0\u00a0\u00a0\u00a0\u00a0\u00a0\u00a0 <strong>Cell and Molecular Biology and Genetics<br \/> \u00a0\u00a0\u00a0\u00a0\u00a0\u00a0\u00a0\u00a0\u00a0\u00a0\u00a0\u00a0\u00a0\u00a0\u00a0\u00a0\u00a0\u00a0\u00a0\u00a0\u00a0\u00a0\u00a0\u00a0\u00a0\u00a0 Botany and Plant Physiology<br \/> \u00a0\u00a0\u00a0\u00a0\u00a0\u00a0\u00a0\u00a0\u00a0\u00a0\u00a0\u00a0\u00a0\u00a0\u00a0\u00a0\u00a0\u00a0\u00a0\u00a0\u00a0\u00a0\u00a0\u00a0\u00a0\u00a0 Zoology and Animal Physiology<\/strong><\/p>\n<p align=\"left\"><strong>Chemistry<\/strong> with study programmes in\u00a0<\/p>\n<p align=\"left\">\u00a0\u00a0\u00a0\u00a0\u00a0\u00a0\u00a0\u00a0\u00a0\u00a0\u00a0\u00a0\u00a0\u00a0\u00a0\u00a0\u00a0\u00a0\u00a0\u00a0\u00a0\u00a0\u00a0\u00a0\u00a0\u00a0<strong> Biochemistry<br \/> \u00a0\u00a0\u00a0\u00a0\u00a0\u00a0\u00a0\u00a0\u00a0\u00a0\u00a0\u00a0\u00a0\u00a0\u00a0\u00a0\u00a0\u00a0\u00a0\u00a0\u00a0\u00a0\u00a0\u00a0\u00a0\u00a0 Inorganic Chemistry<br \/> \u00a0\u00a0\u00a0\u00a0\u00a0\u00a0\u00a0\u00a0\u00a0\u00a0\u00a0\u00a0\u00a0\u00a0\u00a0\u00a0\u00a0\u00a0\u00a0\u00a0\u00a0\u00a0\u00a0\u00a0\u00a0\u00a0 Organic Chemistry<br \/> \u00a0\u00a0\u00a0\u00a0\u00a0\u00a0\u00a0\u00a0\u00a0\u00a0\u00a0\u00a0\u00a0\u00a0\u00a0\u00a0\u00a0\u00a0\u00a0\u00a0\u00a0\u00a0\u00a0\u00a0\u00a0\u00a0 Chemistry <\/strong>with specialisations in\u00a0\u00a0\u00a0\u00a0<\/p>\n<blockquote dir=\"ltr\" style=\"margin-right: 0px\">\n<blockquote dir=\"ltr\" style=\"margin-right: 0px\">\n<blockquote dir=\"ltr\" style=\"margin-right: 0px\">\n<blockquote dir=\"ltr\" style=\"margin-right: 0px\">\n<p align=\"left\"><em>Physical and Analytical Chemistry<br \/> Bioinorganic Chemistry<br \/> Biorganic Chemistry<\/em><\/p>\n<\/blockquote>\n<\/blockquote>\n<\/blockquote>\n<\/blockquote>\n<p align=\"left\" dir=\"ltr\"><strong>Ecology<\/strong> with study programme in<\/p>\n<p align=\"left\" dir=\"ltr\">\u00a0\u00a0\u00a0\u00a0\u00a0\u00a0\u00a0\u00a0\u00a0\u00a0\u00a0\u00a0\u00a0\u00a0\u00a0\u00a0\u00a0\u00a0\u00a0\u00a0\u00a0\u00a0\u00a0\u00a0\u00a0\u00a0 <strong>General Ecology and Ecology of Individuals and Populations<\/strong><\/p>\n<p align=\"left\" dir=\"ltr\"><strong>Informatics<\/strong> with study programme in\u00a0<\/p>\n<p align=\"left\" dir=\"ltr\">\u00a0\u00a0\u00a0\u00a0\u00a0\u00a0\u00a0\u00a0\u00a0\u00a0\u00a0\u00a0\u00a0\u00a0\u00a0\u00a0\u00a0\u00a0\u00a0\u00a0\u00a0\u00a0\u00a0\u00a0\u00a0\u00a0<strong> Informatics<\/strong><\/p>\n<p align=\"left\" dir=\"ltr\"><strong>Mathematics<\/strong> with study programmes in<\/p>\n<p align=\"left\" dir=\"ltr\">\u00a0\u00a0\u00a0\u00a0\u00a0\u00a0\u00a0\u00a0\u00a0\u00a0\u00a0\u00a0\u00a0\u00a0\u00a0\u00a0\u00a0\u00a0\u00a0\u00a0\u00a0\u00a0\u00a0\u00a0\u00a0\u00a0 <strong>Economical and Financial Mathematics<br \/> \u00a0\u00a0\u00a0\u00a0\u00a0\u00a0\u00a0\u00a0\u00a0\u00a0\u00a0\u00a0\u00a0\u00a0\u00a0\u00a0\u00a0\u00a0\u00a0\u00a0\u00a0\u00a0\u00a0\u00a0\u00a0\u00a0 Mathematics<br \/> \u00a0\u00a0\u00a0\u00a0\u00a0\u00a0\u00a0\u00a0\u00a0\u00a0\u00a0\u00a0\u00a0\u00a0\u00a0\u00a0\u00a0\u00a0\u00a0\u00a0\u00a0\u00a0\u00a0\u00a0\u00a0\u00a0 Mathematical Informatics<br \/> \u00a0\u00a0\u00a0\u00a0\u00a0\u00a0\u00a0\u00a0\u00a0\u00a0\u00a0\u00a0\u00a0\u00a0\u00a0\u00a0\u00a0\u00a0\u00a0\u00a0\u00a0\u00a0\u00a0\u00a0\u00a0\u00a0 Mathematical Management<\/strong><\/p>\n<p align=\"left\" dir=\"ltr\"><strong>Physics<\/strong> with study programmes in<\/p>\n<p align=\"left\" dir=\"ltr\">\u00a0\u00a0\u00a0\u00a0\u00a0\u00a0\u00a0\u00a0\u00a0\u00a0\u00a0\u00a0\u00a0\u00a0\u00a0\u00a0\u00a0\u00a0\u00a0\u00a0\u00a0\u00a0\u00a0\u00a0\u00a0\u00a0<strong> Biophysics<br \/> \u00a0\u00a0\u00a0\u00a0\u00a0\u00a0\u00a0\u00a0\u00a0\u00a0\u00a0\u00a0\u00a0\u00a0\u00a0\u00a0\u00a0\u00a0\u00a0\u00a0\u00a0\u00a0\u00a0\u00a0\u00a0\u00a0 Nuclear and Subnuclear Physics<br \/> \u00a0\u00a0\u00a0\u00a0\u00a0\u00a0\u00a0\u00a0\u00a0\u00a0\u00a0\u00a0\u00a0\u00a0\u00a0\u00a0\u00a0\u00a0\u00a0\u00a0\u00a0\u00a0\u00a0\u00a0\u00a0\u00a0 Physics of Condensed Matter<br \/> \u00a0\u00a0\u00a0\u00a0\u00a0\u00a0\u00a0\u00a0\u00a0\u00a0\u00a0\u00a0\u00a0\u00a0\u00a0\u00a0\u00a0\u00a0\u00a0\u00a0\u00a0\u00a0\u00a0\u00a0\u00a0\u00a0 Physics<\/strong> with specialisations in\u00a0\u00a0\u00a0\u00a0\u00a0\u00a0\u00a0\u00a0<\/p>\n<blockquote dir=\"ltr\" style=\"margin-right: 0px\">\n<blockquote dir=\"ltr\" style=\"margin-right: 0px\">\n<blockquote dir=\"ltr\" style=\"margin-right: 0px\">\n<blockquote dir=\"ltr\" style=\"margin-right: 0px\">\n<p align=\"left\" dir=\"ltr\">\u00a0<em>Astronomy and Astrophysics<br \/> \u00a0Physical Engineering of Materials<br \/> \u00a0Computer Physics\u00a0<br \/> \u00a0General Physics and Mathematical Physics<\/em><\/p>\n<\/blockquote>\n<\/blockquote>\n<\/blockquote>\n<\/blockquote>\n<p align=\"justify\" dir=\"ltr\">The study takes two years. It is finished with a state final exam and submission of a thesis. Graduates obtain the degree of &#8220;Magister&#8221;, which is equivalent to the degree Master of Science (M.Sc.)&#8221;. The Bachelor and Magister study programs start usually in the middle of September. The academic year 2005\/2006 starts on 19th September.\u00a0<\/p>\n","protected":false},"excerpt":{"rendered":"<p>AT PAVOL JOZEF \u0160AF\u00c1RIK UNIVERSITY, FACULTY OF SCIENCE Introduction \u00a0 \u00a0 Mail Addres: Univerzita Pavla Jozefa \u0160af\u00e1rika Pr\u00edrodovedeck\u00e1 fakulta\u00a0 \u0160rob\u00e1rova 2\u00a0 SK &#8211; 041 54 Ko\u0161ice Slovak Republic Homepage: http:\/\/www.science.upjs.sk E-mail address: pfsekret@upjs.sk Telephone: +421-55-2342181 \u00a0 The Faculty of Science of the P. J. \u0160af\u00e1rik University in Ko\u0161ice was founded in 1963 and during its &hellip; <a href=\"https:\/\/www.upjs.sk\/prirodovedecka-fakulta\/en\/foreign-students\/study-possibilities\/\">Continued<\/a><\/p>\n","protected":false},"author":1,"featured_media":0,"parent":43935,"menu_order":9,"comment_status":"closed","ping_status":"closed","template":"","meta":{"_acf_changed":false,"_editorskit_title_hidden":false,"_editorskit_reading_time":0,"_editorskit_is_block_options_detached":false,"_editorskit_block_options_position":"{}","footnotes":""},"categories":[],"tags":[],"class_list":["post-43528","page","type-page","status-publish","hentry"],"acf":{"acf_link_na_externy_obsah":""},"yoast_head":"<!-- This site is optimized with the Yoast SEO plugin v27.4 - https:\/\/yoast.com\/product\/yoast-seo-wordpress\/ -->\n<title>Study Possibilities - Pr\u00edrodovedeck\u00e1 fakulta | UPJ\u0160<\/title>\n<meta name=\"robots\" content=\"index, follow, max-snippet:-1, max-image-preview:large, max-video-preview:-1\" \/>\n<link rel=\"canonical\" href=\"https:\/\/www.upjs.sk\/prirodovedecka-fakulta\/en\/foreign-students\/study-possibilities\/\" \/>\n<meta property=\"og:locale\" content=\"en_US\" \/>\n<meta property=\"og:type\" content=\"article\" \/>\n<meta property=\"og:title\" content=\"Study Possibilities - Pr\u00edrodovedeck\u00e1 fakulta | UPJ\u0160\" \/>\n<meta property=\"og:description\" content=\"AT PAVOL JOZEF \u0160AF\u00c1RIK UNIVERSITY, FACULTY OF SCIENCE Introduction \u00a0 \u00a0 Mail Addres: Univerzita Pavla Jozefa \u0160af\u00e1rika Pr\u00edrodovedeck\u00e1 fakulta\u00a0 \u0160rob\u00e1rova 2\u00a0 SK &#8211; 041 54 Ko\u0161ice Slovak Republic Homepage: http:\/\/www.science.upjs.sk E-mail address: pfsekret@upjs.sk Telephone: +421-55-2342181 \u00a0 The Faculty of Science of the P. J. \u0160af\u00e1rik University in Ko\u0161ice was founded in 1963 and during its &hellip; Continued\" \/>\n<meta property=\"og:url\" content=\"https:\/\/www.upjs.sk\/prirodovedecka-fakulta\/en\/foreign-students\/study-possibilities\/\" \/>\n<meta property=\"og:site_name\" content=\"Pr\u00edrodovedeck\u00e1 fakulta | UPJ\u0160\" \/>\n<meta property=\"article:modified_time\" content=\"2022-11-10T20:24:14+00:00\" \/>\n<meta name=\"twitter:card\" content=\"summary_large_image\" \/>\n<meta name=\"twitter:label1\" content=\"Est. reading time\" \/>\n\t<meta name=\"twitter:data1\" content=\"3 minutes\" \/>\n<script type=\"application\/ld+json\" class=\"yoast-schema-graph\">{\"@context\":\"https:\\\/\\\/schema.org\",\"@graph\":[{\"@type\":\"WebPage\",\"@id\":\"https:\\\/\\\/www.upjs.sk\\\/prirodovedecka-fakulta\\\/en\\\/foreign-students\\\/study-possibilities\\\/\",\"url\":\"https:\\\/\\\/www.upjs.sk\\\/prirodovedecka-fakulta\\\/en\\\/foreign-students\\\/study-possibilities\\\/\",\"name\":\"Study Possibilities - Pr\u00edrodovedeck\u00e1 fakulta | UPJ\u0160\",\"isPartOf\":{\"@id\":\"https:\\\/\\\/www.upjs.sk\\\/prirodovedecka-fakulta\\\/en\\\/#website\"},\"datePublished\":\"2017-10-18T09:44:04+00:00\",\"dateModified\":\"2022-11-10T20:24:14+00:00\",\"breadcrumb\":{\"@id\":\"https:\\\/\\\/www.upjs.sk\\\/prirodovedecka-fakulta\\\/en\\\/foreign-students\\\/study-possibilities\\\/#breadcrumb\"},\"inLanguage\":\"en-US\",\"potentialAction\":[{\"@type\":\"ReadAction\",\"target\":[\"https:\\\/\\\/www.upjs.sk\\\/prirodovedecka-fakulta\\\/en\\\/foreign-students\\\/study-possibilities\\\/\"]}]},{\"@type\":\"BreadcrumbList\",\"@id\":\"https:\\\/\\\/www.upjs.sk\\\/prirodovedecka-fakulta\\\/en\\\/foreign-students\\\/study-possibilities\\\/#breadcrumb\",\"itemListElement\":[{\"@type\":\"ListItem\",\"position\":1,\"name\":\"Home\",\"item\":\"https:\\\/\\\/www.upjs.sk\\\/prirodovedecka-fakulta\\\/en\\\/\"},{\"@type\":\"ListItem\",\"position\":2,\"name\":\"Foreign students\",\"item\":\"https:\\\/\\\/www.upjs.sk\\\/prirodovedecka-fakulta\\\/en\\\/foreign-students\\\/\"},{\"@type\":\"ListItem\",\"position\":3,\"name\":\"Study Possibilities\"}]},{\"@type\":\"WebSite\",\"@id\":\"https:\\\/\\\/www.upjs.sk\\\/prirodovedecka-fakulta\\\/en\\\/#website\",\"url\":\"https:\\\/\\\/www.upjs.sk\\\/prirodovedecka-fakulta\\\/en\\\/\",\"name\":\"Pr\u00edrodovedeck\u00e1 fakulta | UPJ\u0160\",\"description\":\"\",\"publisher\":{\"@id\":\"https:\\\/\\\/www.upjs.sk\\\/prirodovedecka-fakulta\\\/en\\\/#organization\"},\"potentialAction\":[{\"@type\":\"SearchAction\",\"target\":{\"@type\":\"EntryPoint\",\"urlTemplate\":\"https:\\\/\\\/www.upjs.sk\\\/prirodovedecka-fakulta\\\/en\\\/?s={search_term_string}\"},\"query-input\":{\"@type\":\"PropertyValueSpecification\",\"valueRequired\":true,\"valueName\":\"search_term_string\"}}],\"inLanguage\":\"en-US\"},{\"@type\":\"Organization\",\"@id\":\"https:\\\/\\\/www.upjs.sk\\\/prirodovedecka-fakulta\\\/en\\\/#organization\",\"name\":\"Pr\u00edrodovedeck\u00e1 fakulta | UPJ\u0160\",\"url\":\"https:\\\/\\\/www.upjs.sk\\\/prirodovedecka-fakulta\\\/en\\\/\",\"logo\":{\"@type\":\"ImageObject\",\"inLanguage\":\"en-US\",\"@id\":\"https:\\\/\\\/www.upjs.sk\\\/prirodovedecka-fakulta\\\/en\\\/#\\\/schema\\\/logo\\\/image\\\/\",\"url\":\"https:\\\/\\\/www.upjs.sk\\\/app\\\/uploads\\\/sites\\\/10\\\/2023\\\/02\\\/PriF_ENG_frame.svg\",\"contentUrl\":\"https:\\\/\\\/www.upjs.sk\\\/app\\\/uploads\\\/sites\\\/10\\\/2023\\\/02\\\/PriF_ENG_frame.svg\",\"width\":292,\"height\":61,\"caption\":\"Pr\u00edrodovedeck\u00e1 fakulta | UPJ\u0160\"},\"image\":{\"@id\":\"https:\\\/\\\/www.upjs.sk\\\/prirodovedecka-fakulta\\\/en\\\/#\\\/schema\\\/logo\\\/image\\\/\"}}]}<\/script>\n<!-- \/ Yoast SEO plugin. -->","yoast_head_json":{"title":"Study Possibilities - Pr\u00edrodovedeck\u00e1 fakulta | UPJ\u0160","robots":{"index":"index","follow":"follow","max-snippet":"max-snippet:-1","max-image-preview":"max-image-preview:large","max-video-preview":"max-video-preview:-1"},"canonical":"https:\/\/www.upjs.sk\/prirodovedecka-fakulta\/en\/foreign-students\/study-possibilities\/","og_locale":"en_US","og_type":"article","og_title":"Study Possibilities - Pr\u00edrodovedeck\u00e1 fakulta | UPJ\u0160","og_description":"AT PAVOL JOZEF \u0160AF\u00c1RIK UNIVERSITY, FACULTY OF SCIENCE Introduction \u00a0 \u00a0 Mail Addres: Univerzita Pavla Jozefa \u0160af\u00e1rika Pr\u00edrodovedeck\u00e1 fakulta\u00a0 \u0160rob\u00e1rova 2\u00a0 SK &#8211; 041 54 Ko\u0161ice Slovak Republic Homepage: http:\/\/www.science.upjs.sk E-mail address: pfsekret@upjs.sk Telephone: +421-55-2342181 \u00a0 The Faculty of Science of the P. J. \u0160af\u00e1rik University in Ko\u0161ice was founded in 1963 and during its &hellip; Continued","og_url":"https:\/\/www.upjs.sk\/prirodovedecka-fakulta\/en\/foreign-students\/study-possibilities\/","og_site_name":"Pr\u00edrodovedeck\u00e1 fakulta | UPJ\u0160","article_modified_time":"2022-11-10T20:24:14+00:00","twitter_card":"summary_large_image","twitter_misc":{"Est. reading time":"3 minutes"},"schema":{"@context":"https:\/\/schema.org","@graph":[{"@type":"WebPage","@id":"https:\/\/www.upjs.sk\/prirodovedecka-fakulta\/en\/foreign-students\/study-possibilities\/","url":"https:\/\/www.upjs.sk\/prirodovedecka-fakulta\/en\/foreign-students\/study-possibilities\/","name":"Study Possibilities - Pr\u00edrodovedeck\u00e1 fakulta | UPJ\u0160","isPartOf":{"@id":"https:\/\/www.upjs.sk\/prirodovedecka-fakulta\/en\/#website"},"datePublished":"2017-10-18T09:44:04+00:00","dateModified":"2022-11-10T20:24:14+00:00","breadcrumb":{"@id":"https:\/\/www.upjs.sk\/prirodovedecka-fakulta\/en\/foreign-students\/study-possibilities\/#breadcrumb"},"inLanguage":"en-US","potentialAction":[{"@type":"ReadAction","target":["https:\/\/www.upjs.sk\/prirodovedecka-fakulta\/en\/foreign-students\/study-possibilities\/"]}]},{"@type":"BreadcrumbList","@id":"https:\/\/www.upjs.sk\/prirodovedecka-fakulta\/en\/foreign-students\/study-possibilities\/#breadcrumb","itemListElement":[{"@type":"ListItem","position":1,"name":"Home","item":"https:\/\/www.upjs.sk\/prirodovedecka-fakulta\/en\/"},{"@type":"ListItem","position":2,"name":"Foreign students","item":"https:\/\/www.upjs.sk\/prirodovedecka-fakulta\/en\/foreign-students\/"},{"@type":"ListItem","position":3,"name":"Study Possibilities"}]},{"@type":"WebSite","@id":"https:\/\/www.upjs.sk\/prirodovedecka-fakulta\/en\/#website","url":"https:\/\/www.upjs.sk\/prirodovedecka-fakulta\/en\/","name":"Pr\u00edrodovedeck\u00e1 fakulta | UPJ\u0160","description":"","publisher":{"@id":"https:\/\/www.upjs.sk\/prirodovedecka-fakulta\/en\/#organization"},"potentialAction":[{"@type":"SearchAction","target":{"@type":"EntryPoint","urlTemplate":"https:\/\/www.upjs.sk\/prirodovedecka-fakulta\/en\/?s={search_term_string}"},"query-input":{"@type":"PropertyValueSpecification","valueRequired":true,"valueName":"search_term_string"}}],"inLanguage":"en-US"},{"@type":"Organization","@id":"https:\/\/www.upjs.sk\/prirodovedecka-fakulta\/en\/#organization","name":"Pr\u00edrodovedeck\u00e1 fakulta | UPJ\u0160","url":"https:\/\/www.upjs.sk\/prirodovedecka-fakulta\/en\/","logo":{"@type":"ImageObject","inLanguage":"en-US","@id":"https:\/\/www.upjs.sk\/prirodovedecka-fakulta\/en\/#\/schema\/logo\/image\/","url":"https:\/\/www.upjs.sk\/app\/uploads\/sites\/10\/2023\/02\/PriF_ENG_frame.svg","contentUrl":"https:\/\/www.upjs.sk\/app\/uploads\/sites\/10\/2023\/02\/PriF_ENG_frame.svg","width":292,"height":61,"caption":"Pr\u00edrodovedeck\u00e1 fakulta | UPJ\u0160"},"image":{"@id":"https:\/\/www.upjs.sk\/prirodovedecka-fakulta\/en\/#\/schema\/logo\/image\/"}}]}},"_links":{"self":[{"href":"https:\/\/www.upjs.sk\/prirodovedecka-fakulta\/en\/wp-json\/wp\/v2\/pages\/43528","targetHints":{"allow":["GET"]}}],"collection":[{"href":"https:\/\/www.upjs.sk\/prirodovedecka-fakulta\/en\/wp-json\/wp\/v2\/pages"}],"about":[{"href":"https:\/\/www.upjs.sk\/prirodovedecka-fakulta\/en\/wp-json\/wp\/v2\/types\/page"}],"author":[{"embeddable":true,"href":"https:\/\/www.upjs.sk\/prirodovedecka-fakulta\/en\/wp-json\/wp\/v2\/users\/1"}],"replies":[{"embeddable":true,"href":"https:\/\/www.upjs.sk\/prirodovedecka-fakulta\/en\/wp-json\/wp\/v2\/comments?post=43528"}],"version-history":[{"count":1,"href":"https:\/\/www.upjs.sk\/prirodovedecka-fakulta\/en\/wp-json\/wp\/v2\/pages\/43528\/revisions"}],"predecessor-version":[{"id":45064,"href":"https:\/\/www.upjs.sk\/prirodovedecka-fakulta\/en\/wp-json\/wp\/v2\/pages\/43528\/revisions\/45064"}],"up":[{"embeddable":true,"href":"https:\/\/www.upjs.sk\/prirodovedecka-fakulta\/en\/wp-json\/wp\/v2\/pages\/43935"}],"wp:attachment":[{"href":"https:\/\/www.upjs.sk\/prirodovedecka-fakulta\/en\/wp-json\/wp\/v2\/media?parent=43528"}],"wp:term":[{"taxonomy":"category","embeddable":true,"href":"https:\/\/www.upjs.sk\/prirodovedecka-fakulta\/en\/wp-json\/wp\/v2\/categories?post=43528"},{"taxonomy":"post_tag","embeddable":true,"href":"https:\/\/www.upjs.sk\/prirodovedecka-fakulta\/en\/wp-json\/wp\/v2\/tags?post=43528"}],"curies":[{"name":"wp","href":"https:\/\/api.w.org\/{rel}","templated":true}]}}