{"id":43529,"date":"2020-12-02T14:53:26","date_gmt":"2020-12-02T14:53:26","guid":{"rendered":"https:\/\/www.upjs.sk\/prirodovedecka-fakulta\/stud-adm-office\/"},"modified":"2022-11-10T20:24:15","modified_gmt":"2022-11-10T20:24:15","slug":"stud-adm-office","status":"publish","type":"page","link":"https:\/\/www.upjs.sk\/prirodovedecka-fakulta\/en\/foreign-students\/stud-adm-office\/","title":{"rendered":"Student Administration Office"},"content":{"rendered":"<table border=\"0\" cellpadding=\"6\" cellspacing=\"1\" style=\"width:95%\">\n<tbody>\n<tr>\n<td style=\"width: 40%;\">\n<p style=\"text-align: center;\"><img decoding=\"async\" alt=\"Assoc. Prof. Mari\u00e1n Kire\u0161, PhD. \" src=\"https:\/\/www.upjs.sk\/app\/uploads\/sites\/10\/2022\/11\/doc.Kires_-1.jpg\" style=\"width:40%\" title=\"Assoc. Prof. Mari\u00e1n Kire\u0161, PhD. \" \/><\/p>\n<\/td>\n<td>\n<p><strong>Assoc. Prof. Mari\u00e1n Kire\u0161, PhD. <\/strong><br \/> \t\t\t<strong>vice-dean for education<\/strong><br \/> \t\t\t\u0160rob\u00e1rova 2, 041 54 Ko\u0161ice, Slovakia<br \/> \t\t\ttel.: ++421 55 234 2117, 234 2540<br \/> \t\t\te-mail: <strong><a href=\"mailto:marian.kires@upjs.sk\">marian.kires@upjs.sk<\/a><\/strong><\/p>\n<p><u>Office hours:<\/u><br \/> \t\t\tMonday:\u00a0 13.00 &#8211; 16.00<br \/> \t\t\tThursday: 9.00 &#8211; 12.00<\/p>\n<\/td>\n<\/tr>\n<tr>\n<td style=\"text-align: center\"><img decoding=\"async\" alt=\"RNDr. Iveta Sov\u00e1kov\u00e1\" src=\"https:\/\/www.upjs.sk\/app\/uploads\/sites\/10\/2022\/11\/dr.Sovakova.jpg\" style=\"width:40%\" title=\"RNDr. Iveta Sov\u00e1kov\u00e1\" \/><\/td>\n<td><strong>RNDr. Iveta S o v \u00e1 k o v \u00e1 <\/strong><br \/> \t\t\thead of the department<br \/> \t\t\t\u0160rob\u00e1rova 2, 041\u00a054 Ko\u0161ice, Slovakia<br \/> \t\t\ttel.: ++421 55 234 2116<br \/> \t\t\te-mail: <a href=\"mailto:iveta.sovakova@upjs.sk\"><strong>iveta.sovakova@upjs.sk<\/strong><\/a><\/td>\n<\/tr>\n<\/tbody>\n<\/table>\n<p>\u00a0<\/p>\n","protected":false},"excerpt":{"rendered":"<p>Assoc. Prof. Mari\u00e1n Kire\u0161, PhD. vice-dean for education \u0160rob\u00e1rova 2, 041 54 Ko\u0161ice, Slovakia tel.: ++421 55 234 2117, 234 2540 e-mail: marian.kires@upjs.sk Office hours: Monday:\u00a0 13.00 &#8211; 16.00 Thursday: 9.00 &#8211; 12.00 RNDr. Iveta S o v \u00e1 k o v \u00e1 head of the department \u0160rob\u00e1rova 2, 041\u00a054 Ko\u0161ice, Slovakia tel.: ++421 55 &hellip; <a href=\"https:\/\/www.upjs.sk\/prirodovedecka-fakulta\/en\/foreign-students\/stud-adm-office\/\">Continued<\/a><\/p>\n","protected":false},"author":1,"featured_media":0,"parent":43935,"menu_order":8,"comment_status":"closed","ping_status":"closed","template":"","meta":{"_acf_changed":false,"_editorskit_title_hidden":false,"_editorskit_reading_time":0,"_editorskit_is_block_options_detached":false,"_editorskit_block_options_position":"{}","footnotes":""},"categories":[],"tags":[],"class_list":["post-43529","page","type-page","status-publish","hentry"],"acf":{"acf_link_na_externy_obsah":""},"yoast_head":"<!-- This site is optimized with the Yoast SEO plugin v27.2 - https:\/\/yoast.com\/product\/yoast-seo-wordpress\/ -->\n<title>Student Administration Office - Pr\u00edrodovedeck\u00e1 fakulta | UPJ\u0160<\/title>\n<meta name=\"robots\" content=\"index, follow, max-snippet:-1, max-image-preview:large, max-video-preview:-1\" \/>\n<link rel=\"canonical\" href=\"https:\/\/www.upjs.sk\/prirodovedecka-fakulta\/en\/foreign-students\/stud-adm-office\/\" \/>\n<meta property=\"og:locale\" content=\"en_US\" \/>\n<meta property=\"og:type\" content=\"article\" \/>\n<meta property=\"og:title\" content=\"Student Administration Office - Pr\u00edrodovedeck\u00e1 fakulta | UPJ\u0160\" \/>\n<meta property=\"og:description\" content=\"Assoc. Prof. Mari\u00e1n Kire\u0161, PhD. vice-dean for education \u0160rob\u00e1rova 2, 041 54 Ko\u0161ice, Slovakia tel.: ++421 55 234 2117, 234 2540 e-mail: marian.kires@upjs.sk Office hours: Monday:\u00a0 13.00 &#8211; 16.00 Thursday: 9.00 &#8211; 12.00 RNDr. Iveta S o v \u00e1 k o v \u00e1 head of the department \u0160rob\u00e1rova 2, 041\u00a054 Ko\u0161ice, Slovakia tel.: ++421 55 &hellip; Continued\" \/>\n<meta property=\"og:url\" content=\"https:\/\/www.upjs.sk\/prirodovedecka-fakulta\/en\/foreign-students\/stud-adm-office\/\" \/>\n<meta property=\"og:site_name\" content=\"Pr\u00edrodovedeck\u00e1 fakulta | UPJ\u0160\" \/>\n<meta property=\"article:modified_time\" content=\"2022-11-10T20:24:15+00:00\" \/>\n<meta property=\"og:image\" content=\"https:\/\/www.upjs.sk\/app\/uploads\/sites\/10\/2022\/11\/doc.Kires_-1.jpg\" \/>\n<meta name=\"twitter:card\" content=\"summary_large_image\" \/>\n<script type=\"application\/ld+json\" class=\"yoast-schema-graph\">{\"@context\":\"https:\/\/schema.org\",\"@graph\":[{\"@type\":\"WebPage\",\"@id\":\"https:\/\/www.upjs.sk\/prirodovedecka-fakulta\/en\/foreign-students\/stud-adm-office\/\",\"url\":\"https:\/\/www.upjs.sk\/prirodovedecka-fakulta\/en\/foreign-students\/stud-adm-office\/\",\"name\":\"Student Administration Office - Pr\u00edrodovedeck\u00e1 fakulta | UPJ\u0160\",\"isPartOf\":{\"@id\":\"https:\/\/www.upjs.sk\/prirodovedecka-fakulta\/en\/#website\"},\"primaryImageOfPage\":{\"@id\":\"https:\/\/www.upjs.sk\/prirodovedecka-fakulta\/en\/foreign-students\/stud-adm-office\/#primaryimage\"},\"image\":{\"@id\":\"https:\/\/www.upjs.sk\/prirodovedecka-fakulta\/en\/foreign-students\/stud-adm-office\/#primaryimage\"},\"thumbnailUrl\":\"https:\/\/www.upjs.sk\/app\/uploads\/sites\/10\/2022\/11\/doc.Kires_-1.jpg\",\"datePublished\":\"2020-12-02T14:53:26+00:00\",\"dateModified\":\"2022-11-10T20:24:15+00:00\",\"breadcrumb\":{\"@id\":\"https:\/\/www.upjs.sk\/prirodovedecka-fakulta\/en\/foreign-students\/stud-adm-office\/#breadcrumb\"},\"inLanguage\":\"en-US\",\"potentialAction\":[{\"@type\":\"ReadAction\",\"target\":[\"https:\/\/www.upjs.sk\/prirodovedecka-fakulta\/en\/foreign-students\/stud-adm-office\/\"]}]},{\"@type\":\"ImageObject\",\"inLanguage\":\"en-US\",\"@id\":\"https:\/\/www.upjs.sk\/prirodovedecka-fakulta\/en\/foreign-students\/stud-adm-office\/#primaryimage\",\"url\":\"https:\/\/www.upjs.sk\/app\/uploads\/sites\/10\/2022\/11\/doc.Kires_-1.jpg\",\"contentUrl\":\"https:\/\/www.upjs.sk\/app\/uploads\/sites\/10\/2022\/11\/doc.Kires_-1.jpg\"},{\"@type\":\"BreadcrumbList\",\"@id\":\"https:\/\/www.upjs.sk\/prirodovedecka-fakulta\/en\/foreign-students\/stud-adm-office\/#breadcrumb\",\"itemListElement\":[{\"@type\":\"ListItem\",\"position\":1,\"name\":\"Home\",\"item\":\"https:\/\/www.upjs.sk\/prirodovedecka-fakulta\/en\/\"},{\"@type\":\"ListItem\",\"position\":2,\"name\":\"Foreign students\",\"item\":\"https:\/\/www.upjs.sk\/prirodovedecka-fakulta\/en\/foreign-students\/\"},{\"@type\":\"ListItem\",\"position\":3,\"name\":\"Student Administration Office\"}]},{\"@type\":\"WebSite\",\"@id\":\"https:\/\/www.upjs.sk\/prirodovedecka-fakulta\/en\/#website\",\"url\":\"https:\/\/www.upjs.sk\/prirodovedecka-fakulta\/en\/\",\"name\":\"Pr\u00edrodovedeck\u00e1 fakulta | UPJ\u0160\",\"description\":\"\",\"publisher\":{\"@id\":\"https:\/\/www.upjs.sk\/prirodovedecka-fakulta\/en\/#organization\"},\"potentialAction\":[{\"@type\":\"SearchAction\",\"target\":{\"@type\":\"EntryPoint\",\"urlTemplate\":\"https:\/\/www.upjs.sk\/prirodovedecka-fakulta\/en\/?s={search_term_string}\"},\"query-input\":{\"@type\":\"PropertyValueSpecification\",\"valueRequired\":true,\"valueName\":\"search_term_string\"}}],\"inLanguage\":\"en-US\"},{\"@type\":\"Organization\",\"@id\":\"https:\/\/www.upjs.sk\/prirodovedecka-fakulta\/en\/#organization\",\"name\":\"Pr\u00edrodovedeck\u00e1 fakulta | UPJ\u0160\",\"url\":\"https:\/\/www.upjs.sk\/prirodovedecka-fakulta\/en\/\",\"logo\":{\"@type\":\"ImageObject\",\"inLanguage\":\"en-US\",\"@id\":\"https:\/\/www.upjs.sk\/prirodovedecka-fakulta\/en\/#\/schema\/logo\/image\/\",\"url\":\"https:\/\/www.upjs.sk\/app\/uploads\/sites\/10\/2023\/02\/PriF_ENG_frame.svg\",\"contentUrl\":\"https:\/\/www.upjs.sk\/app\/uploads\/sites\/10\/2023\/02\/PriF_ENG_frame.svg\",\"width\":292,\"height\":61,\"caption\":\"Pr\u00edrodovedeck\u00e1 fakulta | UPJ\u0160\"},\"image\":{\"@id\":\"https:\/\/www.upjs.sk\/prirodovedecka-fakulta\/en\/#\/schema\/logo\/image\/\"}}]}<\/script>\n<!-- \/ Yoast SEO plugin. -->","yoast_head_json":{"title":"Student Administration Office - Pr\u00edrodovedeck\u00e1 fakulta | UPJ\u0160","robots":{"index":"index","follow":"follow","max-snippet":"max-snippet:-1","max-image-preview":"max-image-preview:large","max-video-preview":"max-video-preview:-1"},"canonical":"https:\/\/www.upjs.sk\/prirodovedecka-fakulta\/en\/foreign-students\/stud-adm-office\/","og_locale":"en_US","og_type":"article","og_title":"Student Administration Office - Pr\u00edrodovedeck\u00e1 fakulta | UPJ\u0160","og_description":"Assoc. Prof. Mari\u00e1n Kire\u0161, PhD. vice-dean for education \u0160rob\u00e1rova 2, 041 54 Ko\u0161ice, Slovakia tel.: ++421 55 234 2117, 234 2540 e-mail: marian.kires@upjs.sk Office hours: Monday:\u00a0 13.00 &#8211; 16.00 Thursday: 9.00 &#8211; 12.00 RNDr. Iveta S o v \u00e1 k o v \u00e1 head of the department \u0160rob\u00e1rova 2, 041\u00a054 Ko\u0161ice, Slovakia tel.: ++421 55 &hellip; Continued","og_url":"https:\/\/www.upjs.sk\/prirodovedecka-fakulta\/en\/foreign-students\/stud-adm-office\/","og_site_name":"Pr\u00edrodovedeck\u00e1 fakulta | UPJ\u0160","article_modified_time":"2022-11-10T20:24:15+00:00","og_image":[{"url":"https:\/\/www.upjs.sk\/app\/uploads\/sites\/10\/2022\/11\/doc.Kires_-1.jpg","type":"","width":"","height":""}],"twitter_card":"summary_large_image","schema":{"@context":"https:\/\/schema.org","@graph":[{"@type":"WebPage","@id":"https:\/\/www.upjs.sk\/prirodovedecka-fakulta\/en\/foreign-students\/stud-adm-office\/","url":"https:\/\/www.upjs.sk\/prirodovedecka-fakulta\/en\/foreign-students\/stud-adm-office\/","name":"Student Administration Office - Pr\u00edrodovedeck\u00e1 fakulta | UPJ\u0160","isPartOf":{"@id":"https:\/\/www.upjs.sk\/prirodovedecka-fakulta\/en\/#website"},"primaryImageOfPage":{"@id":"https:\/\/www.upjs.sk\/prirodovedecka-fakulta\/en\/foreign-students\/stud-adm-office\/#primaryimage"},"image":{"@id":"https:\/\/www.upjs.sk\/prirodovedecka-fakulta\/en\/foreign-students\/stud-adm-office\/#primaryimage"},"thumbnailUrl":"https:\/\/www.upjs.sk\/app\/uploads\/sites\/10\/2022\/11\/doc.Kires_-1.jpg","datePublished":"2020-12-02T14:53:26+00:00","dateModified":"2022-11-10T20:24:15+00:00","breadcrumb":{"@id":"https:\/\/www.upjs.sk\/prirodovedecka-fakulta\/en\/foreign-students\/stud-adm-office\/#breadcrumb"},"inLanguage":"en-US","potentialAction":[{"@type":"ReadAction","target":["https:\/\/www.upjs.sk\/prirodovedecka-fakulta\/en\/foreign-students\/stud-adm-office\/"]}]},{"@type":"ImageObject","inLanguage":"en-US","@id":"https:\/\/www.upjs.sk\/prirodovedecka-fakulta\/en\/foreign-students\/stud-adm-office\/#primaryimage","url":"https:\/\/www.upjs.sk\/app\/uploads\/sites\/10\/2022\/11\/doc.Kires_-1.jpg","contentUrl":"https:\/\/www.upjs.sk\/app\/uploads\/sites\/10\/2022\/11\/doc.Kires_-1.jpg"},{"@type":"BreadcrumbList","@id":"https:\/\/www.upjs.sk\/prirodovedecka-fakulta\/en\/foreign-students\/stud-adm-office\/#breadcrumb","itemListElement":[{"@type":"ListItem","position":1,"name":"Home","item":"https:\/\/www.upjs.sk\/prirodovedecka-fakulta\/en\/"},{"@type":"ListItem","position":2,"name":"Foreign students","item":"https:\/\/www.upjs.sk\/prirodovedecka-fakulta\/en\/foreign-students\/"},{"@type":"ListItem","position":3,"name":"Student Administration Office"}]},{"@type":"WebSite","@id":"https:\/\/www.upjs.sk\/prirodovedecka-fakulta\/en\/#website","url":"https:\/\/www.upjs.sk\/prirodovedecka-fakulta\/en\/","name":"Pr\u00edrodovedeck\u00e1 fakulta | UPJ\u0160","description":"","publisher":{"@id":"https:\/\/www.upjs.sk\/prirodovedecka-fakulta\/en\/#organization"},"potentialAction":[{"@type":"SearchAction","target":{"@type":"EntryPoint","urlTemplate":"https:\/\/www.upjs.sk\/prirodovedecka-fakulta\/en\/?s={search_term_string}"},"query-input":{"@type":"PropertyValueSpecification","valueRequired":true,"valueName":"search_term_string"}}],"inLanguage":"en-US"},{"@type":"Organization","@id":"https:\/\/www.upjs.sk\/prirodovedecka-fakulta\/en\/#organization","name":"Pr\u00edrodovedeck\u00e1 fakulta | UPJ\u0160","url":"https:\/\/www.upjs.sk\/prirodovedecka-fakulta\/en\/","logo":{"@type":"ImageObject","inLanguage":"en-US","@id":"https:\/\/www.upjs.sk\/prirodovedecka-fakulta\/en\/#\/schema\/logo\/image\/","url":"https:\/\/www.upjs.sk\/app\/uploads\/sites\/10\/2023\/02\/PriF_ENG_frame.svg","contentUrl":"https:\/\/www.upjs.sk\/app\/uploads\/sites\/10\/2023\/02\/PriF_ENG_frame.svg","width":292,"height":61,"caption":"Pr\u00edrodovedeck\u00e1 fakulta | UPJ\u0160"},"image":{"@id":"https:\/\/www.upjs.sk\/prirodovedecka-fakulta\/en\/#\/schema\/logo\/image\/"}}]}},"_links":{"self":[{"href":"https:\/\/www.upjs.sk\/prirodovedecka-fakulta\/en\/wp-json\/wp\/v2\/pages\/43529","targetHints":{"allow":["GET"]}}],"collection":[{"href":"https:\/\/www.upjs.sk\/prirodovedecka-fakulta\/en\/wp-json\/wp\/v2\/pages"}],"about":[{"href":"https:\/\/www.upjs.sk\/prirodovedecka-fakulta\/en\/wp-json\/wp\/v2\/types\/page"}],"author":[{"embeddable":true,"href":"https:\/\/www.upjs.sk\/prirodovedecka-fakulta\/en\/wp-json\/wp\/v2\/users\/1"}],"replies":[{"embeddable":true,"href":"https:\/\/www.upjs.sk\/prirodovedecka-fakulta\/en\/wp-json\/wp\/v2\/comments?post=43529"}],"version-history":[{"count":1,"href":"https:\/\/www.upjs.sk\/prirodovedecka-fakulta\/en\/wp-json\/wp\/v2\/pages\/43529\/revisions"}],"predecessor-version":[{"id":43536,"href":"https:\/\/www.upjs.sk\/prirodovedecka-fakulta\/en\/wp-json\/wp\/v2\/pages\/43529\/revisions\/43536"}],"up":[{"embeddable":true,"href":"https:\/\/www.upjs.sk\/prirodovedecka-fakulta\/en\/wp-json\/wp\/v2\/pages\/43935"}],"wp:attachment":[{"href":"https:\/\/www.upjs.sk\/prirodovedecka-fakulta\/en\/wp-json\/wp\/v2\/media?parent=43529"}],"wp:term":[{"taxonomy":"category","embeddable":true,"href":"https:\/\/www.upjs.sk\/prirodovedecka-fakulta\/en\/wp-json\/wp\/v2\/categories?post=43529"},{"taxonomy":"post_tag","embeddable":true,"href":"https:\/\/www.upjs.sk\/prirodovedecka-fakulta\/en\/wp-json\/wp\/v2\/tags?post=43529"}],"curies":[{"name":"wp","href":"https:\/\/api.w.org\/{rel}","templated":true}]}}