{"id":43557,"date":"2018-09-12T15:05:11","date_gmt":"2018-09-12T15:05:11","guid":{"rendered":"https:\/\/www.upjs.sk\/prirodovedecka-fakulta\/gs\/"},"modified":"2022-11-10T20:24:21","modified_gmt":"2022-11-10T20:24:21","slug":"gs","status":"publish","type":"page","link":"https:\/\/www.upjs.sk\/prirodovedecka-fakulta\/en\/foreign-students\/i-i-p\/gs\/","title":{"rendered":"Grant Scholarship"},"content":{"rendered":"<ul>\n<li><a href=\"\/faculty-of-science\/foreign-students\/iip\/g-s\/nsp\/\">National\u00a0Scholarship\u00a0Program<\/a><\/li>\n<li><a href=\"\/faculty-of-science\/foreign-students\/iip\/g-s\/og\/\">Other\u00a0Grants<\/a><\/li>\n<li><a href=\"\/faculty-of-science\/foreign-students\/iip\/g-s\/vf\/\">Visegrad Fund<\/a><\/li>\n<\/ul>\n","protected":false},"excerpt":{"rendered":"<p>National\u00a0Scholarship\u00a0Program Other\u00a0Grants Visegrad Fund<\/p>\n","protected":false},"author":1,"featured_media":0,"parent":43548,"menu_order":1,"comment_status":"closed","ping_status":"closed","template":"","meta":{"_acf_changed":false,"_editorskit_title_hidden":false,"_editorskit_reading_time":0,"_editorskit_is_block_options_detached":false,"_editorskit_block_options_position":"{}","footnotes":""},"categories":[],"tags":[],"class_list":["post-43557","page","type-page","status-publish","hentry"],"acf":{"acf_link_na_externy_obsah":""},"yoast_head":"<!-- This site is optimized with the Yoast SEO plugin v27.2 - https:\/\/yoast.com\/product\/yoast-seo-wordpress\/ -->\n<title>Grant Scholarship - Pr\u00edrodovedeck\u00e1 fakulta | UPJ\u0160<\/title>\n<meta name=\"robots\" content=\"index, follow, max-snippet:-1, max-image-preview:large, max-video-preview:-1\" \/>\n<link rel=\"canonical\" href=\"https:\/\/www.upjs.sk\/prirodovedecka-fakulta\/en\/foreign-students\/i-i-p\/gs\/\" \/>\n<meta property=\"og:locale\" content=\"en_US\" \/>\n<meta property=\"og:type\" content=\"article\" \/>\n<meta property=\"og:title\" content=\"Grant Scholarship - Pr\u00edrodovedeck\u00e1 fakulta | UPJ\u0160\" \/>\n<meta property=\"og:description\" content=\"National\u00a0Scholarship\u00a0Program Other\u00a0Grants Visegrad Fund\" \/>\n<meta property=\"og:url\" content=\"https:\/\/www.upjs.sk\/prirodovedecka-fakulta\/en\/foreign-students\/i-i-p\/gs\/\" \/>\n<meta property=\"og:site_name\" content=\"Pr\u00edrodovedeck\u00e1 fakulta | UPJ\u0160\" \/>\n<meta property=\"article:modified_time\" content=\"2022-11-10T20:24:21+00:00\" \/>\n<meta name=\"twitter:card\" content=\"summary_large_image\" \/>\n<script type=\"application\/ld+json\" class=\"yoast-schema-graph\">{\"@context\":\"https:\/\/schema.org\",\"@graph\":[{\"@type\":\"WebPage\",\"@id\":\"https:\/\/www.upjs.sk\/prirodovedecka-fakulta\/en\/foreign-students\/i-i-p\/gs\/\",\"url\":\"https:\/\/www.upjs.sk\/prirodovedecka-fakulta\/en\/foreign-students\/i-i-p\/gs\/\",\"name\":\"Grant Scholarship - Pr\u00edrodovedeck\u00e1 fakulta | UPJ\u0160\",\"isPartOf\":{\"@id\":\"https:\/\/www.upjs.sk\/prirodovedecka-fakulta\/en\/#website\"},\"datePublished\":\"2018-09-12T15:05:11+00:00\",\"dateModified\":\"2022-11-10T20:24:21+00:00\",\"breadcrumb\":{\"@id\":\"https:\/\/www.upjs.sk\/prirodovedecka-fakulta\/en\/foreign-students\/i-i-p\/gs\/#breadcrumb\"},\"inLanguage\":\"en-US\",\"potentialAction\":[{\"@type\":\"ReadAction\",\"target\":[\"https:\/\/www.upjs.sk\/prirodovedecka-fakulta\/en\/foreign-students\/i-i-p\/gs\/\"]}]},{\"@type\":\"BreadcrumbList\",\"@id\":\"https:\/\/www.upjs.sk\/prirodovedecka-fakulta\/en\/foreign-students\/i-i-p\/gs\/#breadcrumb\",\"itemListElement\":[{\"@type\":\"ListItem\",\"position\":1,\"name\":\"Home\",\"item\":\"https:\/\/www.upjs.sk\/prirodovedecka-fakulta\/en\/\"},{\"@type\":\"ListItem\",\"position\":2,\"name\":\"Foreign students\",\"item\":\"https:\/\/www.upjs.sk\/prirodovedecka-fakulta\/en\/foreign-students\/\"},{\"@type\":\"ListItem\",\"position\":3,\"name\":\"Information for incoming personell\",\"item\":\"https:\/\/www.upjs.sk\/prirodovedecka-fakulta\/en\/foreign-students\/i-i-p\/\"},{\"@type\":\"ListItem\",\"position\":4,\"name\":\"Grant Scholarship\"}]},{\"@type\":\"WebSite\",\"@id\":\"https:\/\/www.upjs.sk\/prirodovedecka-fakulta\/en\/#website\",\"url\":\"https:\/\/www.upjs.sk\/prirodovedecka-fakulta\/en\/\",\"name\":\"Pr\u00edrodovedeck\u00e1 fakulta | UPJ\u0160\",\"description\":\"\",\"publisher\":{\"@id\":\"https:\/\/www.upjs.sk\/prirodovedecka-fakulta\/en\/#organization\"},\"potentialAction\":[{\"@type\":\"SearchAction\",\"target\":{\"@type\":\"EntryPoint\",\"urlTemplate\":\"https:\/\/www.upjs.sk\/prirodovedecka-fakulta\/en\/?s={search_term_string}\"},\"query-input\":{\"@type\":\"PropertyValueSpecification\",\"valueRequired\":true,\"valueName\":\"search_term_string\"}}],\"inLanguage\":\"en-US\"},{\"@type\":\"Organization\",\"@id\":\"https:\/\/www.upjs.sk\/prirodovedecka-fakulta\/en\/#organization\",\"name\":\"Pr\u00edrodovedeck\u00e1 fakulta | UPJ\u0160\",\"url\":\"https:\/\/www.upjs.sk\/prirodovedecka-fakulta\/en\/\",\"logo\":{\"@type\":\"ImageObject\",\"inLanguage\":\"en-US\",\"@id\":\"https:\/\/www.upjs.sk\/prirodovedecka-fakulta\/en\/#\/schema\/logo\/image\/\",\"url\":\"https:\/\/www.upjs.sk\/app\/uploads\/sites\/10\/2023\/02\/PriF_ENG_frame.svg\",\"contentUrl\":\"https:\/\/www.upjs.sk\/app\/uploads\/sites\/10\/2023\/02\/PriF_ENG_frame.svg\",\"width\":292,\"height\":61,\"caption\":\"Pr\u00edrodovedeck\u00e1 fakulta | UPJ\u0160\"},\"image\":{\"@id\":\"https:\/\/www.upjs.sk\/prirodovedecka-fakulta\/en\/#\/schema\/logo\/image\/\"}}]}<\/script>\n<!-- \/ Yoast SEO plugin. -->","yoast_head_json":{"title":"Grant Scholarship - Pr\u00edrodovedeck\u00e1 fakulta | UPJ\u0160","robots":{"index":"index","follow":"follow","max-snippet":"max-snippet:-1","max-image-preview":"max-image-preview:large","max-video-preview":"max-video-preview:-1"},"canonical":"https:\/\/www.upjs.sk\/prirodovedecka-fakulta\/en\/foreign-students\/i-i-p\/gs\/","og_locale":"en_US","og_type":"article","og_title":"Grant Scholarship - Pr\u00edrodovedeck\u00e1 fakulta | UPJ\u0160","og_description":"National\u00a0Scholarship\u00a0Program Other\u00a0Grants Visegrad Fund","og_url":"https:\/\/www.upjs.sk\/prirodovedecka-fakulta\/en\/foreign-students\/i-i-p\/gs\/","og_site_name":"Pr\u00edrodovedeck\u00e1 fakulta | UPJ\u0160","article_modified_time":"2022-11-10T20:24:21+00:00","twitter_card":"summary_large_image","schema":{"@context":"https:\/\/schema.org","@graph":[{"@type":"WebPage","@id":"https:\/\/www.upjs.sk\/prirodovedecka-fakulta\/en\/foreign-students\/i-i-p\/gs\/","url":"https:\/\/www.upjs.sk\/prirodovedecka-fakulta\/en\/foreign-students\/i-i-p\/gs\/","name":"Grant Scholarship - Pr\u00edrodovedeck\u00e1 fakulta | UPJ\u0160","isPartOf":{"@id":"https:\/\/www.upjs.sk\/prirodovedecka-fakulta\/en\/#website"},"datePublished":"2018-09-12T15:05:11+00:00","dateModified":"2022-11-10T20:24:21+00:00","breadcrumb":{"@id":"https:\/\/www.upjs.sk\/prirodovedecka-fakulta\/en\/foreign-students\/i-i-p\/gs\/#breadcrumb"},"inLanguage":"en-US","potentialAction":[{"@type":"ReadAction","target":["https:\/\/www.upjs.sk\/prirodovedecka-fakulta\/en\/foreign-students\/i-i-p\/gs\/"]}]},{"@type":"BreadcrumbList","@id":"https:\/\/www.upjs.sk\/prirodovedecka-fakulta\/en\/foreign-students\/i-i-p\/gs\/#breadcrumb","itemListElement":[{"@type":"ListItem","position":1,"name":"Home","item":"https:\/\/www.upjs.sk\/prirodovedecka-fakulta\/en\/"},{"@type":"ListItem","position":2,"name":"Foreign students","item":"https:\/\/www.upjs.sk\/prirodovedecka-fakulta\/en\/foreign-students\/"},{"@type":"ListItem","position":3,"name":"Information for incoming personell","item":"https:\/\/www.upjs.sk\/prirodovedecka-fakulta\/en\/foreign-students\/i-i-p\/"},{"@type":"ListItem","position":4,"name":"Grant Scholarship"}]},{"@type":"WebSite","@id":"https:\/\/www.upjs.sk\/prirodovedecka-fakulta\/en\/#website","url":"https:\/\/www.upjs.sk\/prirodovedecka-fakulta\/en\/","name":"Pr\u00edrodovedeck\u00e1 fakulta | UPJ\u0160","description":"","publisher":{"@id":"https:\/\/www.upjs.sk\/prirodovedecka-fakulta\/en\/#organization"},"potentialAction":[{"@type":"SearchAction","target":{"@type":"EntryPoint","urlTemplate":"https:\/\/www.upjs.sk\/prirodovedecka-fakulta\/en\/?s={search_term_string}"},"query-input":{"@type":"PropertyValueSpecification","valueRequired":true,"valueName":"search_term_string"}}],"inLanguage":"en-US"},{"@type":"Organization","@id":"https:\/\/www.upjs.sk\/prirodovedecka-fakulta\/en\/#organization","name":"Pr\u00edrodovedeck\u00e1 fakulta | UPJ\u0160","url":"https:\/\/www.upjs.sk\/prirodovedecka-fakulta\/en\/","logo":{"@type":"ImageObject","inLanguage":"en-US","@id":"https:\/\/www.upjs.sk\/prirodovedecka-fakulta\/en\/#\/schema\/logo\/image\/","url":"https:\/\/www.upjs.sk\/app\/uploads\/sites\/10\/2023\/02\/PriF_ENG_frame.svg","contentUrl":"https:\/\/www.upjs.sk\/app\/uploads\/sites\/10\/2023\/02\/PriF_ENG_frame.svg","width":292,"height":61,"caption":"Pr\u00edrodovedeck\u00e1 fakulta | UPJ\u0160"},"image":{"@id":"https:\/\/www.upjs.sk\/prirodovedecka-fakulta\/en\/#\/schema\/logo\/image\/"}}]}},"_links":{"self":[{"href":"https:\/\/www.upjs.sk\/prirodovedecka-fakulta\/en\/wp-json\/wp\/v2\/pages\/43557","targetHints":{"allow":["GET"]}}],"collection":[{"href":"https:\/\/www.upjs.sk\/prirodovedecka-fakulta\/en\/wp-json\/wp\/v2\/pages"}],"about":[{"href":"https:\/\/www.upjs.sk\/prirodovedecka-fakulta\/en\/wp-json\/wp\/v2\/types\/page"}],"author":[{"embeddable":true,"href":"https:\/\/www.upjs.sk\/prirodovedecka-fakulta\/en\/wp-json\/wp\/v2\/users\/1"}],"replies":[{"embeddable":true,"href":"https:\/\/www.upjs.sk\/prirodovedecka-fakulta\/en\/wp-json\/wp\/v2\/comments?post=43557"}],"version-history":[{"count":1,"href":"https:\/\/www.upjs.sk\/prirodovedecka-fakulta\/en\/wp-json\/wp\/v2\/pages\/43557\/revisions"}],"predecessor-version":[{"id":45069,"href":"https:\/\/www.upjs.sk\/prirodovedecka-fakulta\/en\/wp-json\/wp\/v2\/pages\/43557\/revisions\/45069"}],"up":[{"embeddable":true,"href":"https:\/\/www.upjs.sk\/prirodovedecka-fakulta\/en\/wp-json\/wp\/v2\/pages\/43548"}],"wp:attachment":[{"href":"https:\/\/www.upjs.sk\/prirodovedecka-fakulta\/en\/wp-json\/wp\/v2\/media?parent=43557"}],"wp:term":[{"taxonomy":"category","embeddable":true,"href":"https:\/\/www.upjs.sk\/prirodovedecka-fakulta\/en\/wp-json\/wp\/v2\/categories?post=43557"},{"taxonomy":"post_tag","embeddable":true,"href":"https:\/\/www.upjs.sk\/prirodovedecka-fakulta\/en\/wp-json\/wp\/v2\/tags?post=43557"}],"curies":[{"name":"wp","href":"https:\/\/api.w.org\/{rel}","templated":true}]}}