{"id":43558,"date":"2018-12-20T14:43:36","date_gmt":"2018-12-20T14:43:36","guid":{"rendered":"https:\/\/www.upjs.sk\/prirodovedecka-fakulta\/nsp\/"},"modified":"2022-11-10T20:24:22","modified_gmt":"2022-11-10T20:24:22","slug":"nsp","status":"publish","type":"page","link":"https:\/\/www.upjs.sk\/prirodovedecka-fakulta\/en\/foreign-students\/nsp\/","title":{"rendered":"National Scholarship Program"},"content":{"rendered":"<p style=\"text-align: justify;\"><a href=\"https:\/\/www.scholarships.sk\/\" target=\"_blank\" rel=\"noopener\">https:\/\/www.scholarships.sk\/\u00a0<\/a>\u00a0<\/p>\n<p style=\"text-align: justify;\">Here you will find the terms and conditions:\u00a0<\/p>\n<p style=\"text-align: justify;\"><a href=\"https:\/\/www.scholarships.sk\/en\/main\/programme-terms-and-conditions\/foreign-applicants\" target=\"_blank\" rel=\"noopener\">https:\/\/www.scholarships.sk\/en\/main\/programme-terms-and-conditions\/foreign-applicants\u00a0\u00a0<\/a><\/p>\n<p style=\"text-align: justify;\">Once you receive confirmation, please read:\u00a0<\/p>\n<p style=\"text-align: justify;\"><a href=\"https:\/\/www.scholarships.sk\/en\/main\/information-for-scholarship-holders\/foreign-scholarship-holders-(incoming)\" target=\"_blank\" rel=\"noopener\">https:\/\/www.scholarships.sk\/en\/main\/information-for-scholarship-holders\/foreign-scholarship-holders-(incoming)<\/a>\u00a0\u00a0<\/p>\n<p style=\"text-align: justify;\">After your arrival, and in order for you to start receiving your Scholarship you will need to:\u00a0<\/p>\n<p style=\"text-align: justify;\">1. Fill out the confirmation sheet, which you should have received, have it signed by the respective people ASAP,\u00a0<\/p>\n<p style=\"text-align: justify;\">2. Create a bank account in the Slovak Republic, and fill out the below form (in case you don\u2019t already have it):\u00a0<\/p>\n<p style=\"text-align: justify;\"><a href=\"https:\/\/www.scholarships.sk\/_user\/documents\/NSP\/dokumenty%20na%20stiahnutie\/cislo%20uctu%20VZOR_zahr..pdf\" target=\"_blank\" rel=\"noopener\">https:\/\/www.scholarships.sk\/_user\/documents\/NSP\/dokumenty%20na%20stiahnutie\/cislo%20uctu%20VZOR_zahr..pdf\u00a0 <\/a>\u00a0<\/p>\n<p style=\"text-align: justify;\">3. <span style=\"color:#FF0000\">Send both documents to the address of SAIA immediately once you have both ready!!\u00a0<\/span><\/p>\n<p style=\"text-align: justify;\"><strong>For making a bank account in the SR, you will need a valid passport, a pen, yourself.<\/strong> You are free to choose from whichever bank you want, usually there is no charge for opening the account.\u00a0<\/p>\n<p style=\"text-align: justify;\"><span style=\"color:#FF0000\">Best thing to do, is to ask your future colleagues for advice.<\/span>\u00a0<\/p>\n<p style=\"text-align: justify;\"><strong>Know this, the first instalment of the Scholarship is sent only once SAIA receives confirmation, that you have arrived, and that you have a bank account.<\/strong> Consider this, on the first day you make a bank account, on the <strong>second day<\/strong> SAIA receives it, on the same day they send the money, on the<strong> third day <\/strong>you receive it. This means, under ideal conditions,<strong> that you can have your scholarship only after 3 days in the SR, at the earliest<\/strong>. <span style=\"color:#FF0000\">Account for it, financially.\u00a0<\/span><\/p>\n<ul>\n<li style=\"text-align: justify;\"><strong>EU CITIZENS<\/strong>\n<ul>\n<li style=\"text-align: justify;\"><a href=\"\/faculty-of-science\/foreign-students\/iip\/g-s\/n-s-p\/19906\">Less than 90 calendar days<\/a><\/li>\n<li style=\"text-align: justify;\"><a href=\"\/faculty-of-science\/foreign-students\/iip\/g-s\/n-s-p\/19907\">More than 90 canendar years<\/a><\/li>\n<\/ul>\n<\/li>\n<li style=\"text-align: justify;\"><strong>THIRD COUNTRY CITIZENS<\/strong>\n<ul>\n<li style=\"text-align: justify;\">Less than 90 calendar days\n<ul>\n<li style=\"text-align: justify;\"><a href=\"\/faculty-of-science\/foreign-students\/iip\/g-s\/n-s-p\/19908\">Dual citizenship<\/a><\/li>\n<li style=\"text-align: justify;\"><a href=\"\/faculty-of-science\/foreign-students\/iip\/g-s\/n-s-p\/19909\">VISA<\/a><\/li>\n<\/ul>\n<\/li>\n<li style=\"text-align: justify;\">More than 90 calendar years\n<ul>\n<li style=\"text-align: justify;\"><a href=\"\/faculty-of-science\/foreign-students\/iip\/g-s\/n-s-p\/19910\">TR<\/a><\/li>\n<li style=\"text-align: justify;\">VISA<\/li>\n<\/ul>\n<\/li>\n<\/ul>\n<\/li>\n<\/ul>\n","protected":false},"excerpt":{"rendered":"<p>https:\/\/www.scholarships.sk\/\u00a0\u00a0 Here you will find the terms and conditions:\u00a0 https:\/\/www.scholarships.sk\/en\/main\/programme-terms-and-conditions\/foreign-applicants\u00a0\u00a0 Once you receive confirmation, please read:\u00a0 https:\/\/www.scholarships.sk\/en\/main\/information-for-scholarship-holders\/foreign-scholarship-holders-(incoming)\u00a0\u00a0 After your arrival, and in order for you to start receiving your Scholarship you will need to:\u00a0 1. Fill out the confirmation sheet, which you should have received, have it signed by the respective people ASAP,\u00a0 2. Create &hellip; <a href=\"https:\/\/www.upjs.sk\/prirodovedecka-fakulta\/en\/foreign-students\/nsp\/\">Continued<\/a><\/p>\n","protected":false},"author":1,"featured_media":0,"parent":43935,"menu_order":15,"comment_status":"closed","ping_status":"closed","template":"","meta":{"_acf_changed":false,"_editorskit_title_hidden":false,"_editorskit_reading_time":0,"_editorskit_is_block_options_detached":false,"_editorskit_block_options_position":"{}","footnotes":""},"categories":[],"tags":[],"class_list":["post-43558","page","type-page","status-publish","hentry"],"acf":{"acf_link_na_externy_obsah":""},"yoast_head":"<!-- This site is optimized with the Yoast SEO plugin v27.4 - https:\/\/yoast.com\/product\/yoast-seo-wordpress\/ -->\n<title>National Scholarship Program - Pr\u00edrodovedeck\u00e1 fakulta | UPJ\u0160<\/title>\n<meta name=\"robots\" content=\"index, follow, max-snippet:-1, max-image-preview:large, max-video-preview:-1\" \/>\n<link rel=\"canonical\" href=\"https:\/\/www.upjs.sk\/prirodovedecka-fakulta\/en\/foreign-students\/nsp\/\" \/>\n<meta property=\"og:locale\" content=\"en_US\" \/>\n<meta property=\"og:type\" content=\"article\" \/>\n<meta property=\"og:title\" content=\"National Scholarship Program - Pr\u00edrodovedeck\u00e1 fakulta | UPJ\u0160\" \/>\n<meta property=\"og:description\" content=\"https:\/\/www.scholarships.sk\/\u00a0\u00a0 Here you will find the terms and conditions:\u00a0 https:\/\/www.scholarships.sk\/en\/main\/programme-terms-and-conditions\/foreign-applicants\u00a0\u00a0 Once you receive confirmation, please read:\u00a0 https:\/\/www.scholarships.sk\/en\/main\/information-for-scholarship-holders\/foreign-scholarship-holders-(incoming)\u00a0\u00a0 After your arrival, and in order for you to start receiving your Scholarship you will need to:\u00a0 1. Fill out the confirmation sheet, which you should have received, have it signed by the respective people ASAP,\u00a0 2. Create &hellip; Continued\" \/>\n<meta property=\"og:url\" content=\"https:\/\/www.upjs.sk\/prirodovedecka-fakulta\/en\/foreign-students\/nsp\/\" \/>\n<meta property=\"og:site_name\" content=\"Pr\u00edrodovedeck\u00e1 fakulta | UPJ\u0160\" \/>\n<meta property=\"article:modified_time\" content=\"2022-11-10T20:24:22+00:00\" \/>\n<meta name=\"twitter:card\" content=\"summary_large_image\" \/>\n<meta name=\"twitter:label1\" content=\"Est. reading time\" \/>\n\t<meta name=\"twitter:data1\" content=\"1 minute\" \/>\n<script type=\"application\/ld+json\" class=\"yoast-schema-graph\">{\"@context\":\"https:\\\/\\\/schema.org\",\"@graph\":[{\"@type\":\"WebPage\",\"@id\":\"https:\\\/\\\/www.upjs.sk\\\/prirodovedecka-fakulta\\\/en\\\/foreign-students\\\/nsp\\\/\",\"url\":\"https:\\\/\\\/www.upjs.sk\\\/prirodovedecka-fakulta\\\/en\\\/foreign-students\\\/nsp\\\/\",\"name\":\"National Scholarship Program - Pr\u00edrodovedeck\u00e1 fakulta | UPJ\u0160\",\"isPartOf\":{\"@id\":\"https:\\\/\\\/www.upjs.sk\\\/prirodovedecka-fakulta\\\/en\\\/#website\"},\"datePublished\":\"2018-12-20T14:43:36+00:00\",\"dateModified\":\"2022-11-10T20:24:22+00:00\",\"breadcrumb\":{\"@id\":\"https:\\\/\\\/www.upjs.sk\\\/prirodovedecka-fakulta\\\/en\\\/foreign-students\\\/nsp\\\/#breadcrumb\"},\"inLanguage\":\"en-US\",\"potentialAction\":[{\"@type\":\"ReadAction\",\"target\":[\"https:\\\/\\\/www.upjs.sk\\\/prirodovedecka-fakulta\\\/en\\\/foreign-students\\\/nsp\\\/\"]}]},{\"@type\":\"BreadcrumbList\",\"@id\":\"https:\\\/\\\/www.upjs.sk\\\/prirodovedecka-fakulta\\\/en\\\/foreign-students\\\/nsp\\\/#breadcrumb\",\"itemListElement\":[{\"@type\":\"ListItem\",\"position\":1,\"name\":\"Home\",\"item\":\"https:\\\/\\\/www.upjs.sk\\\/prirodovedecka-fakulta\\\/en\\\/\"},{\"@type\":\"ListItem\",\"position\":2,\"name\":\"Foreign students\",\"item\":\"https:\\\/\\\/www.upjs.sk\\\/prirodovedecka-fakulta\\\/en\\\/foreign-students\\\/\"},{\"@type\":\"ListItem\",\"position\":3,\"name\":\"National Scholarship Program\"}]},{\"@type\":\"WebSite\",\"@id\":\"https:\\\/\\\/www.upjs.sk\\\/prirodovedecka-fakulta\\\/en\\\/#website\",\"url\":\"https:\\\/\\\/www.upjs.sk\\\/prirodovedecka-fakulta\\\/en\\\/\",\"name\":\"Pr\u00edrodovedeck\u00e1 fakulta | UPJ\u0160\",\"description\":\"\",\"publisher\":{\"@id\":\"https:\\\/\\\/www.upjs.sk\\\/prirodovedecka-fakulta\\\/en\\\/#organization\"},\"potentialAction\":[{\"@type\":\"SearchAction\",\"target\":{\"@type\":\"EntryPoint\",\"urlTemplate\":\"https:\\\/\\\/www.upjs.sk\\\/prirodovedecka-fakulta\\\/en\\\/?s={search_term_string}\"},\"query-input\":{\"@type\":\"PropertyValueSpecification\",\"valueRequired\":true,\"valueName\":\"search_term_string\"}}],\"inLanguage\":\"en-US\"},{\"@type\":\"Organization\",\"@id\":\"https:\\\/\\\/www.upjs.sk\\\/prirodovedecka-fakulta\\\/en\\\/#organization\",\"name\":\"Pr\u00edrodovedeck\u00e1 fakulta | UPJ\u0160\",\"url\":\"https:\\\/\\\/www.upjs.sk\\\/prirodovedecka-fakulta\\\/en\\\/\",\"logo\":{\"@type\":\"ImageObject\",\"inLanguage\":\"en-US\",\"@id\":\"https:\\\/\\\/www.upjs.sk\\\/prirodovedecka-fakulta\\\/en\\\/#\\\/schema\\\/logo\\\/image\\\/\",\"url\":\"https:\\\/\\\/www.upjs.sk\\\/app\\\/uploads\\\/sites\\\/10\\\/2023\\\/02\\\/PriF_ENG_frame.svg\",\"contentUrl\":\"https:\\\/\\\/www.upjs.sk\\\/app\\\/uploads\\\/sites\\\/10\\\/2023\\\/02\\\/PriF_ENG_frame.svg\",\"width\":292,\"height\":61,\"caption\":\"Pr\u00edrodovedeck\u00e1 fakulta | UPJ\u0160\"},\"image\":{\"@id\":\"https:\\\/\\\/www.upjs.sk\\\/prirodovedecka-fakulta\\\/en\\\/#\\\/schema\\\/logo\\\/image\\\/\"}}]}<\/script>\n<!-- \/ Yoast SEO plugin. -->","yoast_head_json":{"title":"National Scholarship Program - Pr\u00edrodovedeck\u00e1 fakulta | UPJ\u0160","robots":{"index":"index","follow":"follow","max-snippet":"max-snippet:-1","max-image-preview":"max-image-preview:large","max-video-preview":"max-video-preview:-1"},"canonical":"https:\/\/www.upjs.sk\/prirodovedecka-fakulta\/en\/foreign-students\/nsp\/","og_locale":"en_US","og_type":"article","og_title":"National Scholarship Program - Pr\u00edrodovedeck\u00e1 fakulta | UPJ\u0160","og_description":"https:\/\/www.scholarships.sk\/\u00a0\u00a0 Here you will find the terms and conditions:\u00a0 https:\/\/www.scholarships.sk\/en\/main\/programme-terms-and-conditions\/foreign-applicants\u00a0\u00a0 Once you receive confirmation, please read:\u00a0 https:\/\/www.scholarships.sk\/en\/main\/information-for-scholarship-holders\/foreign-scholarship-holders-(incoming)\u00a0\u00a0 After your arrival, and in order for you to start receiving your Scholarship you will need to:\u00a0 1. Fill out the confirmation sheet, which you should have received, have it signed by the respective people ASAP,\u00a0 2. Create &hellip; Continued","og_url":"https:\/\/www.upjs.sk\/prirodovedecka-fakulta\/en\/foreign-students\/nsp\/","og_site_name":"Pr\u00edrodovedeck\u00e1 fakulta | UPJ\u0160","article_modified_time":"2022-11-10T20:24:22+00:00","twitter_card":"summary_large_image","twitter_misc":{"Est. reading time":"1 minute"},"schema":{"@context":"https:\/\/schema.org","@graph":[{"@type":"WebPage","@id":"https:\/\/www.upjs.sk\/prirodovedecka-fakulta\/en\/foreign-students\/nsp\/","url":"https:\/\/www.upjs.sk\/prirodovedecka-fakulta\/en\/foreign-students\/nsp\/","name":"National Scholarship Program - Pr\u00edrodovedeck\u00e1 fakulta | UPJ\u0160","isPartOf":{"@id":"https:\/\/www.upjs.sk\/prirodovedecka-fakulta\/en\/#website"},"datePublished":"2018-12-20T14:43:36+00:00","dateModified":"2022-11-10T20:24:22+00:00","breadcrumb":{"@id":"https:\/\/www.upjs.sk\/prirodovedecka-fakulta\/en\/foreign-students\/nsp\/#breadcrumb"},"inLanguage":"en-US","potentialAction":[{"@type":"ReadAction","target":["https:\/\/www.upjs.sk\/prirodovedecka-fakulta\/en\/foreign-students\/nsp\/"]}]},{"@type":"BreadcrumbList","@id":"https:\/\/www.upjs.sk\/prirodovedecka-fakulta\/en\/foreign-students\/nsp\/#breadcrumb","itemListElement":[{"@type":"ListItem","position":1,"name":"Home","item":"https:\/\/www.upjs.sk\/prirodovedecka-fakulta\/en\/"},{"@type":"ListItem","position":2,"name":"Foreign students","item":"https:\/\/www.upjs.sk\/prirodovedecka-fakulta\/en\/foreign-students\/"},{"@type":"ListItem","position":3,"name":"National Scholarship Program"}]},{"@type":"WebSite","@id":"https:\/\/www.upjs.sk\/prirodovedecka-fakulta\/en\/#website","url":"https:\/\/www.upjs.sk\/prirodovedecka-fakulta\/en\/","name":"Pr\u00edrodovedeck\u00e1 fakulta | UPJ\u0160","description":"","publisher":{"@id":"https:\/\/www.upjs.sk\/prirodovedecka-fakulta\/en\/#organization"},"potentialAction":[{"@type":"SearchAction","target":{"@type":"EntryPoint","urlTemplate":"https:\/\/www.upjs.sk\/prirodovedecka-fakulta\/en\/?s={search_term_string}"},"query-input":{"@type":"PropertyValueSpecification","valueRequired":true,"valueName":"search_term_string"}}],"inLanguage":"en-US"},{"@type":"Organization","@id":"https:\/\/www.upjs.sk\/prirodovedecka-fakulta\/en\/#organization","name":"Pr\u00edrodovedeck\u00e1 fakulta | UPJ\u0160","url":"https:\/\/www.upjs.sk\/prirodovedecka-fakulta\/en\/","logo":{"@type":"ImageObject","inLanguage":"en-US","@id":"https:\/\/www.upjs.sk\/prirodovedecka-fakulta\/en\/#\/schema\/logo\/image\/","url":"https:\/\/www.upjs.sk\/app\/uploads\/sites\/10\/2023\/02\/PriF_ENG_frame.svg","contentUrl":"https:\/\/www.upjs.sk\/app\/uploads\/sites\/10\/2023\/02\/PriF_ENG_frame.svg","width":292,"height":61,"caption":"Pr\u00edrodovedeck\u00e1 fakulta | UPJ\u0160"},"image":{"@id":"https:\/\/www.upjs.sk\/prirodovedecka-fakulta\/en\/#\/schema\/logo\/image\/"}}]}},"_links":{"self":[{"href":"https:\/\/www.upjs.sk\/prirodovedecka-fakulta\/en\/wp-json\/wp\/v2\/pages\/43558","targetHints":{"allow":["GET"]}}],"collection":[{"href":"https:\/\/www.upjs.sk\/prirodovedecka-fakulta\/en\/wp-json\/wp\/v2\/pages"}],"about":[{"href":"https:\/\/www.upjs.sk\/prirodovedecka-fakulta\/en\/wp-json\/wp\/v2\/types\/page"}],"author":[{"embeddable":true,"href":"https:\/\/www.upjs.sk\/prirodovedecka-fakulta\/en\/wp-json\/wp\/v2\/users\/1"}],"replies":[{"embeddable":true,"href":"https:\/\/www.upjs.sk\/prirodovedecka-fakulta\/en\/wp-json\/wp\/v2\/comments?post=43558"}],"version-history":[{"count":1,"href":"https:\/\/www.upjs.sk\/prirodovedecka-fakulta\/en\/wp-json\/wp\/v2\/pages\/43558\/revisions"}],"predecessor-version":[{"id":45070,"href":"https:\/\/www.upjs.sk\/prirodovedecka-fakulta\/en\/wp-json\/wp\/v2\/pages\/43558\/revisions\/45070"}],"up":[{"embeddable":true,"href":"https:\/\/www.upjs.sk\/prirodovedecka-fakulta\/en\/wp-json\/wp\/v2\/pages\/43935"}],"wp:attachment":[{"href":"https:\/\/www.upjs.sk\/prirodovedecka-fakulta\/en\/wp-json\/wp\/v2\/media?parent=43558"}],"wp:term":[{"taxonomy":"category","embeddable":true,"href":"https:\/\/www.upjs.sk\/prirodovedecka-fakulta\/en\/wp-json\/wp\/v2\/categories?post=43558"},{"taxonomy":"post_tag","embeddable":true,"href":"https:\/\/www.upjs.sk\/prirodovedecka-fakulta\/en\/wp-json\/wp\/v2\/tags?post=43558"}],"curies":[{"name":"wp","href":"https:\/\/api.w.org\/{rel}","templated":true}]}}