{"id":43573,"date":"2018-09-12T16:00:26","date_gmt":"2018-09-12T16:00:26","guid":{"rendered":"https:\/\/www.upjs.sk\/prirodovedecka-fakulta\/eu-citizens\/"},"modified":"2022-11-10T20:24:34","modified_gmt":"2022-11-10T20:24:34","slug":"eu-citizens","status":"publish","type":"page","link":"https:\/\/www.upjs.sk\/prirodovedecka-fakulta\/en\/foreign-students\/i-i-p\/s\/eu-citizens\/","title":{"rendered":"EU Citizens &#8211; More Than 90 Calendar Days"},"content":{"rendered":"<p style=\"text-align: justify;\"><strong>Citizens of EU\/EEC\/Switzerland can stay<\/strong> in the Slovak Republic for a period <span style=\"color:#FF0000\"><strong>LONGER than 90 days<\/strong><\/span> under the following <strong>conditions<\/strong>:\u00a0<\/p>\n<ol>\n<li style=\"text-align: justify;\"><strong>If you register at the Office of Foreign Police,\u00a0<\/strong><\/li>\n<li style=\"text-align: justify;\"><strong>If you can provide proof for the reason of stay:\u00a0\u00a0<\/strong>\n<ol type=\"a\">\n<li style=\"text-align: justify;\"><strong>In case of studying, you need to get a confirmation paper from the study department\u00a0<\/strong><\/li>\n<li style=\"text-align: justify;\"><strong>In case of research\/employment\/post-doc you need to provide an original of your employment contract\u00a0<\/strong><\/li>\n<li style=\"text-align: justify;\"><strong>In case of Grant\/Scholarship\/Erasmus you need to ask for a confirmation letter from DEA\u00a0<\/strong><\/li>\n<\/ol>\n<\/li>\n<li style=\"text-align: justify;\"><strong>If you have the means to support yourself<\/strong> (240EUR\/month x Number of months youll be staying), <strong>proof<\/strong> of this:\u00a0\n<ol type=\"a\">\n<li style=\"text-align: justify;\"><strong>Through a bank statement showing sufficient amounts of money,\u00a0<\/strong><\/li>\n<li style=\"text-align: justify;\"><strong>Through showing Cash,\u00a0<\/strong><\/li>\n<li style=\"text-align: justify;\"><strong>Through a written and Notary certified Affidavitt\u00a0<\/strong><\/li>\n<\/ol>\n<\/li>\n<\/ol>\n<p style=\"text-align: justify;\"><strong>In some cases it may be advisable to ask<\/strong>, while registering, <strong>to be issued a Residence Card<\/strong> (\u201cPobytov\u00fd preukaz ob\u010dana E\u00da\u201d). This <strong>card<\/strong> is<span style=\"color:#FF0000\"><strong> NOT MANDATORY<\/strong><\/span> <strong>by law<\/strong>, but may be required by some financial institutions, insurance companies and other <span style=\"color:#FF0000\"><strong>PRIVATE<\/strong><\/span> subjects. IF you wish to get this card, you will also need,<span style=\"color:#FF0000\"> BESIDES <\/span>the above mentioned, <strong>to provide<\/strong>:\u00a0<\/p>\n<ol>\n<li style=\"text-align: justify;\"><strong>Proof of Accomodation:\u00a0<\/strong>\n<ol type=\"a\">\n<li style=\"text-align: justify;\">If you are living in a<strong> dormitory\/ student hostel, they shall provide you with one<\/strong>,\u00a0<\/li>\n<li style=\"text-align: justify;\"><strong>If you are living in a rented flat<\/strong>, you will require a<strong> lease contract<\/strong> in your name (as the tenant), with the<strong> CERTIFIED signature of EVERY owner<\/strong> (some flats may be owned by 2 or even more people) <span style=\"color:#FF0000\"><strong>AND<\/strong><\/span> <strong>a proof of ownership<\/strong> (\u201cList Vlastnictva\u201d) <strong>from the Property Registrar Office<\/strong> (Cadaster, in Slovak \u201cKataster Nehnute\u013enost\u00ed\u201d). The <strong>proof<\/strong> can be obtained at a <strong>post office<\/strong>, for a fee of <strong>8 Euros<\/strong>. The <strong>certification of signatures<\/strong>, can be done at <strong>Municipality offices<\/strong>, for a fee of around <strong>2 EUR\/ signature<\/strong>,\u00a0<\/li>\n<\/ol>\n<\/li>\n<li style=\"text-align: justify;\"><strong>2 photos of your current look, 3&#215;3,5 cm<\/strong>.\u00a0<\/li>\n<\/ol>\n<p style=\"text-align: justify;\">The card will be <strong>issued within 30 days<\/strong>, and can be <strong>valid<\/strong> for <strong>up to 5 years<\/strong> (but is only up to the date, which you can prove that you will be still in Slovakia).\u00a0<\/p>\n","protected":false},"excerpt":{"rendered":"<p>Citizens of EU\/EEC\/Switzerland can stay in the Slovak Republic for a period LONGER than 90 days under the following conditions:\u00a0 If you register at the Office of Foreign Police,\u00a0 If you can provide proof for the reason of stay:\u00a0\u00a0 In case of studying, you need to get a confirmation paper from the study department\u00a0 In &hellip; <a href=\"https:\/\/www.upjs.sk\/prirodovedecka-fakulta\/en\/foreign-students\/i-i-p\/s\/eu-citizens\/\">Continued<\/a><\/p>\n","protected":false},"author":1,"featured_media":0,"parent":43572,"menu_order":2,"comment_status":"closed","ping_status":"closed","template":"","meta":{"_acf_changed":false,"_editorskit_title_hidden":false,"_editorskit_reading_time":0,"_editorskit_is_block_options_detached":false,"_editorskit_block_options_position":"{}","footnotes":""},"categories":[],"tags":[],"class_list":["post-43573","page","type-page","status-publish","hentry"],"acf":{"acf_link_na_externy_obsah":""},"yoast_head":"<!-- This site is optimized with the Yoast SEO plugin v27.4 - https:\/\/yoast.com\/product\/yoast-seo-wordpress\/ -->\n<title>EU Citizens - More Than 90 Calendar Days - Pr\u00edrodovedeck\u00e1 fakulta | UPJ\u0160<\/title>\n<meta name=\"robots\" content=\"index, follow, max-snippet:-1, max-image-preview:large, max-video-preview:-1\" \/>\n<link rel=\"canonical\" href=\"https:\/\/www.upjs.sk\/prirodovedecka-fakulta\/en\/foreign-students\/i-i-p\/s\/eu-citizens\/\" \/>\n<meta property=\"og:locale\" content=\"en_US\" \/>\n<meta property=\"og:type\" content=\"article\" \/>\n<meta property=\"og:title\" content=\"EU Citizens - More Than 90 Calendar Days - Pr\u00edrodovedeck\u00e1 fakulta | UPJ\u0160\" \/>\n<meta property=\"og:description\" content=\"Citizens of EU\/EEC\/Switzerland can stay in the Slovak Republic for a period LONGER than 90 days under the following conditions:\u00a0 If you register at the Office of Foreign Police,\u00a0 If you can provide proof for the reason of stay:\u00a0\u00a0 In case of studying, you need to get a confirmation paper from the study department\u00a0 In &hellip; Continued\" \/>\n<meta property=\"og:url\" content=\"https:\/\/www.upjs.sk\/prirodovedecka-fakulta\/en\/foreign-students\/i-i-p\/s\/eu-citizens\/\" \/>\n<meta property=\"og:site_name\" content=\"Pr\u00edrodovedeck\u00e1 fakulta | UPJ\u0160\" \/>\n<meta property=\"article:modified_time\" content=\"2022-11-10T20:24:34+00:00\" \/>\n<meta name=\"twitter:card\" content=\"summary_large_image\" \/>\n<meta name=\"twitter:label1\" content=\"Est. reading time\" \/>\n\t<meta name=\"twitter:data1\" content=\"2 minutes\" \/>\n<script type=\"application\/ld+json\" class=\"yoast-schema-graph\">{\"@context\":\"https:\\\/\\\/schema.org\",\"@graph\":[{\"@type\":\"WebPage\",\"@id\":\"https:\\\/\\\/www.upjs.sk\\\/prirodovedecka-fakulta\\\/en\\\/foreign-students\\\/i-i-p\\\/s\\\/eu-citizens\\\/\",\"url\":\"https:\\\/\\\/www.upjs.sk\\\/prirodovedecka-fakulta\\\/en\\\/foreign-students\\\/i-i-p\\\/s\\\/eu-citizens\\\/\",\"name\":\"EU Citizens - More Than 90 Calendar Days - Pr\u00edrodovedeck\u00e1 fakulta | UPJ\u0160\",\"isPartOf\":{\"@id\":\"https:\\\/\\\/www.upjs.sk\\\/prirodovedecka-fakulta\\\/en\\\/#website\"},\"datePublished\":\"2018-09-12T16:00:26+00:00\",\"dateModified\":\"2022-11-10T20:24:34+00:00\",\"breadcrumb\":{\"@id\":\"https:\\\/\\\/www.upjs.sk\\\/prirodovedecka-fakulta\\\/en\\\/foreign-students\\\/i-i-p\\\/s\\\/eu-citizens\\\/#breadcrumb\"},\"inLanguage\":\"en-US\",\"potentialAction\":[{\"@type\":\"ReadAction\",\"target\":[\"https:\\\/\\\/www.upjs.sk\\\/prirodovedecka-fakulta\\\/en\\\/foreign-students\\\/i-i-p\\\/s\\\/eu-citizens\\\/\"]}]},{\"@type\":\"BreadcrumbList\",\"@id\":\"https:\\\/\\\/www.upjs.sk\\\/prirodovedecka-fakulta\\\/en\\\/foreign-students\\\/i-i-p\\\/s\\\/eu-citizens\\\/#breadcrumb\",\"itemListElement\":[{\"@type\":\"ListItem\",\"position\":1,\"name\":\"Home\",\"item\":\"https:\\\/\\\/www.upjs.sk\\\/prirodovedecka-fakulta\\\/en\\\/\"},{\"@type\":\"ListItem\",\"position\":2,\"name\":\"Foreign students\",\"item\":\"https:\\\/\\\/www.upjs.sk\\\/prirodovedecka-fakulta\\\/en\\\/foreign-students\\\/\"},{\"@type\":\"ListItem\",\"position\":3,\"name\":\"Information for incoming personell\",\"item\":\"https:\\\/\\\/www.upjs.sk\\\/prirodovedecka-fakulta\\\/en\\\/foreign-students\\\/i-i-p\\\/\"},{\"@type\":\"ListItem\",\"position\":4,\"name\":\"EU Citizens &#8211; More Than 90 Calendar Days\"}]},{\"@type\":\"WebSite\",\"@id\":\"https:\\\/\\\/www.upjs.sk\\\/prirodovedecka-fakulta\\\/en\\\/#website\",\"url\":\"https:\\\/\\\/www.upjs.sk\\\/prirodovedecka-fakulta\\\/en\\\/\",\"name\":\"Pr\u00edrodovedeck\u00e1 fakulta | UPJ\u0160\",\"description\":\"\",\"publisher\":{\"@id\":\"https:\\\/\\\/www.upjs.sk\\\/prirodovedecka-fakulta\\\/en\\\/#organization\"},\"potentialAction\":[{\"@type\":\"SearchAction\",\"target\":{\"@type\":\"EntryPoint\",\"urlTemplate\":\"https:\\\/\\\/www.upjs.sk\\\/prirodovedecka-fakulta\\\/en\\\/?s={search_term_string}\"},\"query-input\":{\"@type\":\"PropertyValueSpecification\",\"valueRequired\":true,\"valueName\":\"search_term_string\"}}],\"inLanguage\":\"en-US\"},{\"@type\":\"Organization\",\"@id\":\"https:\\\/\\\/www.upjs.sk\\\/prirodovedecka-fakulta\\\/en\\\/#organization\",\"name\":\"Pr\u00edrodovedeck\u00e1 fakulta | UPJ\u0160\",\"url\":\"https:\\\/\\\/www.upjs.sk\\\/prirodovedecka-fakulta\\\/en\\\/\",\"logo\":{\"@type\":\"ImageObject\",\"inLanguage\":\"en-US\",\"@id\":\"https:\\\/\\\/www.upjs.sk\\\/prirodovedecka-fakulta\\\/en\\\/#\\\/schema\\\/logo\\\/image\\\/\",\"url\":\"https:\\\/\\\/www.upjs.sk\\\/app\\\/uploads\\\/sites\\\/10\\\/2023\\\/02\\\/PriF_ENG_frame.svg\",\"contentUrl\":\"https:\\\/\\\/www.upjs.sk\\\/app\\\/uploads\\\/sites\\\/10\\\/2023\\\/02\\\/PriF_ENG_frame.svg\",\"width\":292,\"height\":61,\"caption\":\"Pr\u00edrodovedeck\u00e1 fakulta | UPJ\u0160\"},\"image\":{\"@id\":\"https:\\\/\\\/www.upjs.sk\\\/prirodovedecka-fakulta\\\/en\\\/#\\\/schema\\\/logo\\\/image\\\/\"}}]}<\/script>\n<!-- \/ Yoast SEO plugin. -->","yoast_head_json":{"title":"EU Citizens - More Than 90 Calendar Days - Pr\u00edrodovedeck\u00e1 fakulta | UPJ\u0160","robots":{"index":"index","follow":"follow","max-snippet":"max-snippet:-1","max-image-preview":"max-image-preview:large","max-video-preview":"max-video-preview:-1"},"canonical":"https:\/\/www.upjs.sk\/prirodovedecka-fakulta\/en\/foreign-students\/i-i-p\/s\/eu-citizens\/","og_locale":"en_US","og_type":"article","og_title":"EU Citizens - More Than 90 Calendar Days - Pr\u00edrodovedeck\u00e1 fakulta | UPJ\u0160","og_description":"Citizens of EU\/EEC\/Switzerland can stay in the Slovak Republic for a period LONGER than 90 days under the following conditions:\u00a0 If you register at the Office of Foreign Police,\u00a0 If you can provide proof for the reason of stay:\u00a0\u00a0 In case of studying, you need to get a confirmation paper from the study department\u00a0 In &hellip; Continued","og_url":"https:\/\/www.upjs.sk\/prirodovedecka-fakulta\/en\/foreign-students\/i-i-p\/s\/eu-citizens\/","og_site_name":"Pr\u00edrodovedeck\u00e1 fakulta | UPJ\u0160","article_modified_time":"2022-11-10T20:24:34+00:00","twitter_card":"summary_large_image","twitter_misc":{"Est. reading time":"2 minutes"},"schema":{"@context":"https:\/\/schema.org","@graph":[{"@type":"WebPage","@id":"https:\/\/www.upjs.sk\/prirodovedecka-fakulta\/en\/foreign-students\/i-i-p\/s\/eu-citizens\/","url":"https:\/\/www.upjs.sk\/prirodovedecka-fakulta\/en\/foreign-students\/i-i-p\/s\/eu-citizens\/","name":"EU Citizens - More Than 90 Calendar Days - Pr\u00edrodovedeck\u00e1 fakulta | UPJ\u0160","isPartOf":{"@id":"https:\/\/www.upjs.sk\/prirodovedecka-fakulta\/en\/#website"},"datePublished":"2018-09-12T16:00:26+00:00","dateModified":"2022-11-10T20:24:34+00:00","breadcrumb":{"@id":"https:\/\/www.upjs.sk\/prirodovedecka-fakulta\/en\/foreign-students\/i-i-p\/s\/eu-citizens\/#breadcrumb"},"inLanguage":"en-US","potentialAction":[{"@type":"ReadAction","target":["https:\/\/www.upjs.sk\/prirodovedecka-fakulta\/en\/foreign-students\/i-i-p\/s\/eu-citizens\/"]}]},{"@type":"BreadcrumbList","@id":"https:\/\/www.upjs.sk\/prirodovedecka-fakulta\/en\/foreign-students\/i-i-p\/s\/eu-citizens\/#breadcrumb","itemListElement":[{"@type":"ListItem","position":1,"name":"Home","item":"https:\/\/www.upjs.sk\/prirodovedecka-fakulta\/en\/"},{"@type":"ListItem","position":2,"name":"Foreign students","item":"https:\/\/www.upjs.sk\/prirodovedecka-fakulta\/en\/foreign-students\/"},{"@type":"ListItem","position":3,"name":"Information for incoming personell","item":"https:\/\/www.upjs.sk\/prirodovedecka-fakulta\/en\/foreign-students\/i-i-p\/"},{"@type":"ListItem","position":4,"name":"EU Citizens &#8211; More Than 90 Calendar Days"}]},{"@type":"WebSite","@id":"https:\/\/www.upjs.sk\/prirodovedecka-fakulta\/en\/#website","url":"https:\/\/www.upjs.sk\/prirodovedecka-fakulta\/en\/","name":"Pr\u00edrodovedeck\u00e1 fakulta | UPJ\u0160","description":"","publisher":{"@id":"https:\/\/www.upjs.sk\/prirodovedecka-fakulta\/en\/#organization"},"potentialAction":[{"@type":"SearchAction","target":{"@type":"EntryPoint","urlTemplate":"https:\/\/www.upjs.sk\/prirodovedecka-fakulta\/en\/?s={search_term_string}"},"query-input":{"@type":"PropertyValueSpecification","valueRequired":true,"valueName":"search_term_string"}}],"inLanguage":"en-US"},{"@type":"Organization","@id":"https:\/\/www.upjs.sk\/prirodovedecka-fakulta\/en\/#organization","name":"Pr\u00edrodovedeck\u00e1 fakulta | UPJ\u0160","url":"https:\/\/www.upjs.sk\/prirodovedecka-fakulta\/en\/","logo":{"@type":"ImageObject","inLanguage":"en-US","@id":"https:\/\/www.upjs.sk\/prirodovedecka-fakulta\/en\/#\/schema\/logo\/image\/","url":"https:\/\/www.upjs.sk\/app\/uploads\/sites\/10\/2023\/02\/PriF_ENG_frame.svg","contentUrl":"https:\/\/www.upjs.sk\/app\/uploads\/sites\/10\/2023\/02\/PriF_ENG_frame.svg","width":292,"height":61,"caption":"Pr\u00edrodovedeck\u00e1 fakulta | UPJ\u0160"},"image":{"@id":"https:\/\/www.upjs.sk\/prirodovedecka-fakulta\/en\/#\/schema\/logo\/image\/"}}]}},"_links":{"self":[{"href":"https:\/\/www.upjs.sk\/prirodovedecka-fakulta\/en\/wp-json\/wp\/v2\/pages\/43573","targetHints":{"allow":["GET"]}}],"collection":[{"href":"https:\/\/www.upjs.sk\/prirodovedecka-fakulta\/en\/wp-json\/wp\/v2\/pages"}],"about":[{"href":"https:\/\/www.upjs.sk\/prirodovedecka-fakulta\/en\/wp-json\/wp\/v2\/types\/page"}],"author":[{"embeddable":true,"href":"https:\/\/www.upjs.sk\/prirodovedecka-fakulta\/en\/wp-json\/wp\/v2\/users\/1"}],"replies":[{"embeddable":true,"href":"https:\/\/www.upjs.sk\/prirodovedecka-fakulta\/en\/wp-json\/wp\/v2\/comments?post=43573"}],"version-history":[{"count":1,"href":"https:\/\/www.upjs.sk\/prirodovedecka-fakulta\/en\/wp-json\/wp\/v2\/pages\/43573\/revisions"}],"predecessor-version":[{"id":45082,"href":"https:\/\/www.upjs.sk\/prirodovedecka-fakulta\/en\/wp-json\/wp\/v2\/pages\/43573\/revisions\/45082"}],"up":[{"embeddable":true,"href":"https:\/\/www.upjs.sk\/prirodovedecka-fakulta\/en\/wp-json\/wp\/v2\/pages\/43572"}],"wp:attachment":[{"href":"https:\/\/www.upjs.sk\/prirodovedecka-fakulta\/en\/wp-json\/wp\/v2\/media?parent=43573"}],"wp:term":[{"taxonomy":"category","embeddable":true,"href":"https:\/\/www.upjs.sk\/prirodovedecka-fakulta\/en\/wp-json\/wp\/v2\/categories?post=43573"},{"taxonomy":"post_tag","embeddable":true,"href":"https:\/\/www.upjs.sk\/prirodovedecka-fakulta\/en\/wp-json\/wp\/v2\/tags?post=43573"}],"curies":[{"name":"wp","href":"https:\/\/api.w.org\/{rel}","templated":true}]}}