{"id":43575,"date":"2018-09-12T16:21:13","date_gmt":"2018-09-12T16:21:13","guid":{"rendered":"https:\/\/www.upjs.sk\/prirodovedecka-fakulta\/tr\/"},"modified":"2022-11-10T20:24:35","modified_gmt":"2022-11-10T20:24:35","slug":"tr","status":"publish","type":"page","link":"https:\/\/www.upjs.sk\/prirodovedecka-fakulta\/en\/foreign-students\/i-i-p\/s\/tr\/","title":{"rendered":"More Than 90 Calendar Days &#8211; TR"},"content":{"rendered":"<p style=\"text-align: justify;\"><strong>Office of foreign police of the Slovak Republic<\/strong>:\u00a0<\/p>\n<p style=\"text-align: justify;\">Once you enter the country, may it be through a VISA, or without one, may it be from another EU country, or from anywhere else in the world, you will need to go to the foreign police, ASAP.\u00a0<\/p>\n<p style=\"text-align: justify;\">The <span style=\"color:#FF0000\"><strong>GENERAL RULE<\/strong><\/span> <strong>for going to the police is<\/strong>, <span style=\"color:#FF0000\"><strong>AS SOON AS POSSIBLE, WHEN<\/strong><\/span> <strong>you<\/strong> <span style=\"color:#FF0000\"><strong>THINK<\/strong><\/span> <strong>you have<\/strong> <span style=\"color:#FF0000\"><strong>EVERYTHING<\/strong><\/span> <strong>you are required to provide<\/strong>. Even if you think you have it all covered, you may be unpleasantly surprised at your first visit. There is a great many documents and information, which you must provide. <strong>Mistakes can be made<\/strong>, things may be forgotten. Add to it the fact, that at the <strong>BEGINNING<\/strong> and <strong>END<\/strong> of each <strong>ACCADEMIC<\/strong> year (Sept., June), there will be <strong>hundreds of other people waiting in line before you<\/strong>. The office of foreign police must process all these people, there are only 2 people working study and scholarship, and 1 person working employment, family members and 2 people working EU citizens. Add to it the fact, that the police only operate 3 days a week: <span style=\"color:#FF0000\"><strong>Monday (8AM-3PM), Wednesday (8AM-5PM), Friday (8AM-12PM)<\/strong><\/span>, you start to get the picture. <span style=\"color:#FF0000\"><strong>The police are the ONLY legal entity, which decides, whether you get a TR or not<\/strong><\/span>, consequently, they decide whether you will be with us for the entire duration of your stay or will have to leave home early!! <strong>Therefore, it is <span style=\"color:#FF0000\">STRONGLY RECOMMENDED<\/span>, that you do not delay your visit to this institution<\/strong>.\u00a0<\/p>\n<p style=\"text-align: justify;\"><strong><span style=\"color:#FF0000\">WARNING<\/span>, if you were required to do something, or required to inform the police in a certain time <span style=\"color:#FF0000\">AFTER YOUR ARRIVAL <\/span>or <span style=\"color:#FF0000\">DURING YOUR STAY, AND YOU DON\u2019T DO THIS<\/span>, you <span style=\"color:#FF0000\">ARE GOING TO receive a fine of a minimum of 165 Euros!! <\/span>Depending on the transgression, you may be fined<span style=\"color:#FF0000\"> up to 1600 Euros, and eve<\/span>n be <span style=\"color:#FF0000\">deported<\/span> from the country, at <span style=\"color:#FF0000\">your own expense<\/span>!!\u00a0<\/strong><\/p>\n<p style=\"text-align: justify;\"><strong>The following strategy is advised:\u00a0<\/strong><\/p>\n<p style=\"text-align: justify;\"><strong>Put together all the documents, you know you are required to produce.\u00a0\u00a0<\/strong><\/p>\n<p style=\"text-align: justify;\"><strong>Check the dates of issue on ALL the documents, DON\u2019T FORGET, NO document may be older than 90 days!! This is a big NO NO with the police! <span style=\"color:#FF0000\">Exceptions from this rule ONLY: DIPLOMA, MARRIAGE CERTIFICATE, BIRTH ERTIFICATE<\/span>\u00a0<\/strong><\/p>\n<p style=\"text-align: justify;\"><strong>If your documents are from your home, or other foreign country, <span style=\"color:#FF0000\">CHECK if you have APPOSTILE or Superlegalisation on ALL OF THEM!!!\u00a0<\/span><\/strong><\/p>\n<p style=\"text-align: justify;\"><strong>If your documents are in a foreign language, <span style=\"color:#FF0000\">CHECK if they have all been translated, if there is the official translators stamp on the documents, IF ALL THE DATES HAVE BEEN TRANSLATED CORRECTLY!!!<\/span><\/strong><span style=\"color:#FF0000\"> <\/span>(you may not understand the last, let me give an example from life: one of our researchers was <strong>DEPORTED, because the translator made a small error<\/strong>, changed a 0 to a 1 in the <strong>DATE OF ISSUE<\/strong>)\u00a0<\/p>\n<p style=\"text-align: justify;\"><span style=\"color:#FF0000\"><strong>FILL OUT THE TR APPLICATION FORM, AS BEST AS YOU CAN<\/strong><\/span>, using the following GUIDE.\u00a0<\/p>\n<p style=\"text-align: justify;\">You will find which documents you need, in the SECTION TR, below.\u00a0<\/p>\n<p style=\"text-align: justify;\"><strong>Once you have all this done, go to the police. The address is:<\/strong> Oddelenie cudzineckej pol\u00edcie PZ Ko\u0161ice, <strong>Trieda SNP 35, Ko\u0161ice 040 01, GPS:<\/strong> N 48.71505371 E 21.235499534. Be there<strong> NO LATER<\/strong> than <strong>7:30 AM<\/strong> (if you want to be sure), that is when they open the doors to the building. You will find a small gallery at the bottom of the page, detailing where to go, what to do. FIRST THING IS TO GET A NUMBER, from the TICKET TERMINAL on the UPPER FLOOR (view gallery for more info). After that, you need to find the correct door (view gallery for more info), and wait (if you are a religious person, praying is also an option).\u00a0<\/p>\n<p style=\"text-align: justify;\"><span style=\"color:#FF0000\"><strong>If your first visit is unsuccessful, DON\u2019T WORRY! CONTACT<\/strong><\/span> the <strong>DEA<\/strong> and explain, <strong>CLEARLY<\/strong>, what the problem seems to be.\u00a0<\/p>\n","protected":false},"excerpt":{"rendered":"<p>Office of foreign police of the Slovak Republic:\u00a0 Once you enter the country, may it be through a VISA, or without one, may it be from another EU country, or from anywhere else in the world, you will need to go to the foreign police, ASAP.\u00a0 The GENERAL RULE for going to the police is, &hellip; <a href=\"https:\/\/www.upjs.sk\/prirodovedecka-fakulta\/en\/foreign-students\/i-i-p\/s\/tr\/\">Continued<\/a><\/p>\n","protected":false},"author":1,"featured_media":43576,"parent":43572,"menu_order":1,"comment_status":"closed","ping_status":"closed","template":"","meta":{"_acf_changed":false,"_editorskit_title_hidden":false,"_editorskit_reading_time":0,"_editorskit_is_block_options_detached":false,"_editorskit_block_options_position":"{}","footnotes":""},"categories":[],"tags":[],"class_list":["post-43575","page","type-page","status-publish","has-post-thumbnail","hentry"],"acf":{"acf_link_na_externy_obsah":""},"yoast_head":"<!-- This site is optimized with the Yoast SEO plugin v27.4 - https:\/\/yoast.com\/product\/yoast-seo-wordpress\/ -->\n<title>More Than 90 Calendar Days - TR - Pr\u00edrodovedeck\u00e1 fakulta | UPJ\u0160<\/title>\n<meta name=\"robots\" content=\"index, follow, max-snippet:-1, max-image-preview:large, max-video-preview:-1\" \/>\n<link rel=\"canonical\" href=\"https:\/\/www.upjs.sk\/prirodovedecka-fakulta\/en\/foreign-students\/i-i-p\/s\/tr\/\" \/>\n<meta property=\"og:locale\" content=\"en_US\" \/>\n<meta property=\"og:type\" content=\"article\" \/>\n<meta property=\"og:title\" content=\"More Than 90 Calendar Days - TR - Pr\u00edrodovedeck\u00e1 fakulta | UPJ\u0160\" \/>\n<meta property=\"og:description\" content=\"Office of foreign police of the Slovak Republic:\u00a0 Once you enter the country, may it be through a VISA, or without one, may it be from another EU country, or from anywhere else in the world, you will need to go to the foreign police, ASAP.\u00a0 The GENERAL RULE for going to the police is, &hellip; Continued\" \/>\n<meta property=\"og:url\" content=\"https:\/\/www.upjs.sk\/prirodovedecka-fakulta\/en\/foreign-students\/i-i-p\/s\/tr\/\" \/>\n<meta property=\"og:site_name\" content=\"Pr\u00edrodovedeck\u00e1 fakulta | UPJ\u0160\" \/>\n<meta property=\"article:modified_time\" content=\"2022-11-10T20:24:35+00:00\" \/>\n<meta property=\"og:image\" content=\"https:\/\/www.upjs.sk\/app\/uploads\/sites\/10\/2022\/11\/1-2.jpg\" \/>\n\t<meta property=\"og:image:width\" content=\"1024\" \/>\n\t<meta property=\"og:image:height\" content=\"592\" \/>\n\t<meta property=\"og:image:type\" content=\"image\/jpeg\" \/>\n<meta name=\"twitter:card\" content=\"summary_large_image\" \/>\n<meta name=\"twitter:label1\" content=\"Est. reading time\" \/>\n\t<meta name=\"twitter:data1\" content=\"3 minutes\" \/>\n<script type=\"application\/ld+json\" class=\"yoast-schema-graph\">{\"@context\":\"https:\\\/\\\/schema.org\",\"@graph\":[{\"@type\":\"WebPage\",\"@id\":\"https:\\\/\\\/www.upjs.sk\\\/prirodovedecka-fakulta\\\/en\\\/foreign-students\\\/i-i-p\\\/s\\\/tr\\\/\",\"url\":\"https:\\\/\\\/www.upjs.sk\\\/prirodovedecka-fakulta\\\/en\\\/foreign-students\\\/i-i-p\\\/s\\\/tr\\\/\",\"name\":\"More Than 90 Calendar Days - TR - Pr\u00edrodovedeck\u00e1 fakulta | UPJ\u0160\",\"isPartOf\":{\"@id\":\"https:\\\/\\\/www.upjs.sk\\\/prirodovedecka-fakulta\\\/en\\\/#website\"},\"primaryImageOfPage\":{\"@id\":\"https:\\\/\\\/www.upjs.sk\\\/prirodovedecka-fakulta\\\/en\\\/foreign-students\\\/i-i-p\\\/s\\\/tr\\\/#primaryimage\"},\"image\":{\"@id\":\"https:\\\/\\\/www.upjs.sk\\\/prirodovedecka-fakulta\\\/en\\\/foreign-students\\\/i-i-p\\\/s\\\/tr\\\/#primaryimage\"},\"thumbnailUrl\":\"https:\\\/\\\/www.upjs.sk\\\/app\\\/uploads\\\/sites\\\/10\\\/2022\\\/11\\\/1-2.jpg\",\"datePublished\":\"2018-09-12T16:21:13+00:00\",\"dateModified\":\"2022-11-10T20:24:35+00:00\",\"breadcrumb\":{\"@id\":\"https:\\\/\\\/www.upjs.sk\\\/prirodovedecka-fakulta\\\/en\\\/foreign-students\\\/i-i-p\\\/s\\\/tr\\\/#breadcrumb\"},\"inLanguage\":\"en-US\",\"potentialAction\":[{\"@type\":\"ReadAction\",\"target\":[\"https:\\\/\\\/www.upjs.sk\\\/prirodovedecka-fakulta\\\/en\\\/foreign-students\\\/i-i-p\\\/s\\\/tr\\\/\"]}]},{\"@type\":\"ImageObject\",\"inLanguage\":\"en-US\",\"@id\":\"https:\\\/\\\/www.upjs.sk\\\/prirodovedecka-fakulta\\\/en\\\/foreign-students\\\/i-i-p\\\/s\\\/tr\\\/#primaryimage\",\"url\":\"https:\\\/\\\/www.upjs.sk\\\/app\\\/uploads\\\/sites\\\/10\\\/2022\\\/11\\\/1-2.jpg\",\"contentUrl\":\"https:\\\/\\\/www.upjs.sk\\\/app\\\/uploads\\\/sites\\\/10\\\/2022\\\/11\\\/1-2.jpg\",\"width\":1024,\"height\":592,\"caption\":\"tr\"},{\"@type\":\"BreadcrumbList\",\"@id\":\"https:\\\/\\\/www.upjs.sk\\\/prirodovedecka-fakulta\\\/en\\\/foreign-students\\\/i-i-p\\\/s\\\/tr\\\/#breadcrumb\",\"itemListElement\":[{\"@type\":\"ListItem\",\"position\":1,\"name\":\"Home\",\"item\":\"https:\\\/\\\/www.upjs.sk\\\/prirodovedecka-fakulta\\\/en\\\/\"},{\"@type\":\"ListItem\",\"position\":2,\"name\":\"Foreign students\",\"item\":\"https:\\\/\\\/www.upjs.sk\\\/prirodovedecka-fakulta\\\/en\\\/foreign-students\\\/\"},{\"@type\":\"ListItem\",\"position\":3,\"name\":\"Information for incoming personell\",\"item\":\"https:\\\/\\\/www.upjs.sk\\\/prirodovedecka-fakulta\\\/en\\\/foreign-students\\\/i-i-p\\\/\"},{\"@type\":\"ListItem\",\"position\":4,\"name\":\"Study\",\"item\":\"https:\\\/\\\/www.upjs.sk\\\/prirodovedecka-fakulta\\\/en\\\/foreign-students\\\/i-i-p\\\/study\\\/s\\\/\"},{\"@type\":\"ListItem\",\"position\":5,\"name\":\"More Than 90 Calendar Days &#8211; TR\"}]},{\"@type\":\"WebSite\",\"@id\":\"https:\\\/\\\/www.upjs.sk\\\/prirodovedecka-fakulta\\\/en\\\/#website\",\"url\":\"https:\\\/\\\/www.upjs.sk\\\/prirodovedecka-fakulta\\\/en\\\/\",\"name\":\"Pr\u00edrodovedeck\u00e1 fakulta | UPJ\u0160\",\"description\":\"\",\"publisher\":{\"@id\":\"https:\\\/\\\/www.upjs.sk\\\/prirodovedecka-fakulta\\\/en\\\/#organization\"},\"potentialAction\":[{\"@type\":\"SearchAction\",\"target\":{\"@type\":\"EntryPoint\",\"urlTemplate\":\"https:\\\/\\\/www.upjs.sk\\\/prirodovedecka-fakulta\\\/en\\\/?s={search_term_string}\"},\"query-input\":{\"@type\":\"PropertyValueSpecification\",\"valueRequired\":true,\"valueName\":\"search_term_string\"}}],\"inLanguage\":\"en-US\"},{\"@type\":\"Organization\",\"@id\":\"https:\\\/\\\/www.upjs.sk\\\/prirodovedecka-fakulta\\\/en\\\/#organization\",\"name\":\"Pr\u00edrodovedeck\u00e1 fakulta | UPJ\u0160\",\"url\":\"https:\\\/\\\/www.upjs.sk\\\/prirodovedecka-fakulta\\\/en\\\/\",\"logo\":{\"@type\":\"ImageObject\",\"inLanguage\":\"en-US\",\"@id\":\"https:\\\/\\\/www.upjs.sk\\\/prirodovedecka-fakulta\\\/en\\\/#\\\/schema\\\/logo\\\/image\\\/\",\"url\":\"https:\\\/\\\/www.upjs.sk\\\/app\\\/uploads\\\/sites\\\/10\\\/2023\\\/02\\\/PriF_ENG_frame.svg\",\"contentUrl\":\"https:\\\/\\\/www.upjs.sk\\\/app\\\/uploads\\\/sites\\\/10\\\/2023\\\/02\\\/PriF_ENG_frame.svg\",\"width\":292,\"height\":61,\"caption\":\"Pr\u00edrodovedeck\u00e1 fakulta | UPJ\u0160\"},\"image\":{\"@id\":\"https:\\\/\\\/www.upjs.sk\\\/prirodovedecka-fakulta\\\/en\\\/#\\\/schema\\\/logo\\\/image\\\/\"}}]}<\/script>\n<!-- \/ Yoast SEO plugin. -->","yoast_head_json":{"title":"More Than 90 Calendar Days - TR - Pr\u00edrodovedeck\u00e1 fakulta | UPJ\u0160","robots":{"index":"index","follow":"follow","max-snippet":"max-snippet:-1","max-image-preview":"max-image-preview:large","max-video-preview":"max-video-preview:-1"},"canonical":"https:\/\/www.upjs.sk\/prirodovedecka-fakulta\/en\/foreign-students\/i-i-p\/s\/tr\/","og_locale":"en_US","og_type":"article","og_title":"More Than 90 Calendar Days - TR - Pr\u00edrodovedeck\u00e1 fakulta | UPJ\u0160","og_description":"Office of foreign police of the Slovak Republic:\u00a0 Once you enter the country, may it be through a VISA, or without one, may it be from another EU country, or from anywhere else in the world, you will need to go to the foreign police, ASAP.\u00a0 The GENERAL RULE for going to the police is, &hellip; Continued","og_url":"https:\/\/www.upjs.sk\/prirodovedecka-fakulta\/en\/foreign-students\/i-i-p\/s\/tr\/","og_site_name":"Pr\u00edrodovedeck\u00e1 fakulta | UPJ\u0160","article_modified_time":"2022-11-10T20:24:35+00:00","og_image":[{"width":1024,"height":592,"url":"https:\/\/www.upjs.sk\/app\/uploads\/sites\/10\/2022\/11\/1-2.jpg","type":"image\/jpeg"}],"twitter_card":"summary_large_image","twitter_misc":{"Est. reading time":"3 minutes"},"schema":{"@context":"https:\/\/schema.org","@graph":[{"@type":"WebPage","@id":"https:\/\/www.upjs.sk\/prirodovedecka-fakulta\/en\/foreign-students\/i-i-p\/s\/tr\/","url":"https:\/\/www.upjs.sk\/prirodovedecka-fakulta\/en\/foreign-students\/i-i-p\/s\/tr\/","name":"More Than 90 Calendar Days - TR - Pr\u00edrodovedeck\u00e1 fakulta | UPJ\u0160","isPartOf":{"@id":"https:\/\/www.upjs.sk\/prirodovedecka-fakulta\/en\/#website"},"primaryImageOfPage":{"@id":"https:\/\/www.upjs.sk\/prirodovedecka-fakulta\/en\/foreign-students\/i-i-p\/s\/tr\/#primaryimage"},"image":{"@id":"https:\/\/www.upjs.sk\/prirodovedecka-fakulta\/en\/foreign-students\/i-i-p\/s\/tr\/#primaryimage"},"thumbnailUrl":"https:\/\/www.upjs.sk\/app\/uploads\/sites\/10\/2022\/11\/1-2.jpg","datePublished":"2018-09-12T16:21:13+00:00","dateModified":"2022-11-10T20:24:35+00:00","breadcrumb":{"@id":"https:\/\/www.upjs.sk\/prirodovedecka-fakulta\/en\/foreign-students\/i-i-p\/s\/tr\/#breadcrumb"},"inLanguage":"en-US","potentialAction":[{"@type":"ReadAction","target":["https:\/\/www.upjs.sk\/prirodovedecka-fakulta\/en\/foreign-students\/i-i-p\/s\/tr\/"]}]},{"@type":"ImageObject","inLanguage":"en-US","@id":"https:\/\/www.upjs.sk\/prirodovedecka-fakulta\/en\/foreign-students\/i-i-p\/s\/tr\/#primaryimage","url":"https:\/\/www.upjs.sk\/app\/uploads\/sites\/10\/2022\/11\/1-2.jpg","contentUrl":"https:\/\/www.upjs.sk\/app\/uploads\/sites\/10\/2022\/11\/1-2.jpg","width":1024,"height":592,"caption":"tr"},{"@type":"BreadcrumbList","@id":"https:\/\/www.upjs.sk\/prirodovedecka-fakulta\/en\/foreign-students\/i-i-p\/s\/tr\/#breadcrumb","itemListElement":[{"@type":"ListItem","position":1,"name":"Home","item":"https:\/\/www.upjs.sk\/prirodovedecka-fakulta\/en\/"},{"@type":"ListItem","position":2,"name":"Foreign students","item":"https:\/\/www.upjs.sk\/prirodovedecka-fakulta\/en\/foreign-students\/"},{"@type":"ListItem","position":3,"name":"Information for incoming personell","item":"https:\/\/www.upjs.sk\/prirodovedecka-fakulta\/en\/foreign-students\/i-i-p\/"},{"@type":"ListItem","position":4,"name":"Study","item":"https:\/\/www.upjs.sk\/prirodovedecka-fakulta\/en\/foreign-students\/i-i-p\/study\/s\/"},{"@type":"ListItem","position":5,"name":"More Than 90 Calendar Days &#8211; TR"}]},{"@type":"WebSite","@id":"https:\/\/www.upjs.sk\/prirodovedecka-fakulta\/en\/#website","url":"https:\/\/www.upjs.sk\/prirodovedecka-fakulta\/en\/","name":"Pr\u00edrodovedeck\u00e1 fakulta | UPJ\u0160","description":"","publisher":{"@id":"https:\/\/www.upjs.sk\/prirodovedecka-fakulta\/en\/#organization"},"potentialAction":[{"@type":"SearchAction","target":{"@type":"EntryPoint","urlTemplate":"https:\/\/www.upjs.sk\/prirodovedecka-fakulta\/en\/?s={search_term_string}"},"query-input":{"@type":"PropertyValueSpecification","valueRequired":true,"valueName":"search_term_string"}}],"inLanguage":"en-US"},{"@type":"Organization","@id":"https:\/\/www.upjs.sk\/prirodovedecka-fakulta\/en\/#organization","name":"Pr\u00edrodovedeck\u00e1 fakulta | UPJ\u0160","url":"https:\/\/www.upjs.sk\/prirodovedecka-fakulta\/en\/","logo":{"@type":"ImageObject","inLanguage":"en-US","@id":"https:\/\/www.upjs.sk\/prirodovedecka-fakulta\/en\/#\/schema\/logo\/image\/","url":"https:\/\/www.upjs.sk\/app\/uploads\/sites\/10\/2023\/02\/PriF_ENG_frame.svg","contentUrl":"https:\/\/www.upjs.sk\/app\/uploads\/sites\/10\/2023\/02\/PriF_ENG_frame.svg","width":292,"height":61,"caption":"Pr\u00edrodovedeck\u00e1 fakulta | UPJ\u0160"},"image":{"@id":"https:\/\/www.upjs.sk\/prirodovedecka-fakulta\/en\/#\/schema\/logo\/image\/"}}]}},"_links":{"self":[{"href":"https:\/\/www.upjs.sk\/prirodovedecka-fakulta\/en\/wp-json\/wp\/v2\/pages\/43575","targetHints":{"allow":["GET"]}}],"collection":[{"href":"https:\/\/www.upjs.sk\/prirodovedecka-fakulta\/en\/wp-json\/wp\/v2\/pages"}],"about":[{"href":"https:\/\/www.upjs.sk\/prirodovedecka-fakulta\/en\/wp-json\/wp\/v2\/types\/page"}],"author":[{"embeddable":true,"href":"https:\/\/www.upjs.sk\/prirodovedecka-fakulta\/en\/wp-json\/wp\/v2\/users\/1"}],"replies":[{"embeddable":true,"href":"https:\/\/www.upjs.sk\/prirodovedecka-fakulta\/en\/wp-json\/wp\/v2\/comments?post=43575"}],"version-history":[{"count":1,"href":"https:\/\/www.upjs.sk\/prirodovedecka-fakulta\/en\/wp-json\/wp\/v2\/pages\/43575\/revisions"}],"predecessor-version":[{"id":45084,"href":"https:\/\/www.upjs.sk\/prirodovedecka-fakulta\/en\/wp-json\/wp\/v2\/pages\/43575\/revisions\/45084"}],"up":[{"embeddable":true,"href":"https:\/\/www.upjs.sk\/prirodovedecka-fakulta\/en\/wp-json\/wp\/v2\/pages\/43572"}],"wp:featuredmedia":[{"embeddable":true,"href":"https:\/\/www.upjs.sk\/prirodovedecka-fakulta\/en\/wp-json\/wp\/v2\/media\/43576"}],"wp:attachment":[{"href":"https:\/\/www.upjs.sk\/prirodovedecka-fakulta\/en\/wp-json\/wp\/v2\/media?parent=43575"}],"wp:term":[{"taxonomy":"category","embeddable":true,"href":"https:\/\/www.upjs.sk\/prirodovedecka-fakulta\/en\/wp-json\/wp\/v2\/categories?post=43575"},{"taxonomy":"post_tag","embeddable":true,"href":"https:\/\/www.upjs.sk\/prirodovedecka-fakulta\/en\/wp-json\/wp\/v2\/tags?post=43575"}],"curies":[{"name":"wp","href":"https:\/\/api.w.org\/{rel}","templated":true}]}}