{"id":43627,"date":"2018-09-13T13:54:57","date_gmt":"2018-09-13T13:54:57","guid":{"rendered":"https:\/\/www.upjs.sk\/prirodovedecka-fakulta\/dual-citizenship\/"},"modified":"2022-11-10T20:24:36","modified_gmt":"2022-11-10T20:24:36","slug":"dual-citizenship","status":"publish","type":"page","link":"https:\/\/www.upjs.sk\/prirodovedecka-fakulta\/en\/foreign-students\/i-i-p\/s\/dual-citizenship\/","title":{"rendered":"Dual Citizenship"},"content":{"rendered":"<p style=\"text-align: justify;\"><strong>Even if you were not born, or reside in the EU, there is hope, that you might not require a VISA or TR.<\/strong><\/p>\n<p style=\"text-align: justify;\">Legally speaking, <strong>just because you are a citizen of a country, does not necessarily mean, that you can\u2019t be a citizen of another<\/strong> country as well. There are many people, who carry two or more passports. You may be one of them. <strong>If<\/strong>, <span style=\"color:#FF0000\"><strong>besides your home country<\/strong><\/span>, you are<span style=\"color:#FF0000\"><strong> ALSO<\/strong><\/span>:<\/p>\n<p style=\"text-align: justify;\">a citizen of an EU\/EEC country, or<\/p>\n<p style=\"text-align: justify;\">a citizen of a country, from which you are not required a VISA to enter the Slovak Republic, https:\/\/embassy-finder.com\/slovakia_visa \u00a0<\/p>\n<p style=\"text-align: justify;\"><strong>then, the following will greatly reduce the time, energy and money spent on getting to us:<\/strong><\/p>\n<p style=\"text-align: justify;\"><strong>You can enter the EU\/Schengen area using your passport, which is from a country under A,B. <span style=\"color:#FF0000\">Legally, there may be no restriction on which passport you use to enter the EU<\/span><\/strong>.<strong> In the A,B<\/strong> cases, you will <strong>not require a VISA!! In the case <span style=\"color:#FF0000\">of A<\/span>,<\/strong> you will also <strong>not require TR<\/strong> (to find out about what you have to do <span style=\"color:#FF0000\"><strong>VIEW<\/strong><\/span> section <span style=\"color:#FF0000\"><strong>EU CITIZENS<\/strong><\/span>).<strong> In the case<span style=\"color:#FF0000\"> of B<\/span> above, however, <span style=\"color:#FF0000\">you WILL REQUIRE TR!!!<\/span><\/strong><\/p>\n","protected":false},"excerpt":{"rendered":"<p>Even if you were not born, or reside in the EU, there is hope, that you might not require a VISA or TR. Legally speaking, just because you are a citizen of a country, does not necessarily mean, that you can\u2019t be a citizen of another country as well. There are many people, who carry &hellip; <a href=\"https:\/\/www.upjs.sk\/prirodovedecka-fakulta\/en\/foreign-students\/i-i-p\/s\/dual-citizenship\/\">Continued<\/a><\/p>\n","protected":false},"author":1,"featured_media":0,"parent":43572,"menu_order":3,"comment_status":"closed","ping_status":"closed","template":"","meta":{"_acf_changed":false,"_editorskit_title_hidden":false,"_editorskit_reading_time":0,"_editorskit_is_block_options_detached":false,"_editorskit_block_options_position":"{}","footnotes":""},"categories":[],"tags":[],"class_list":["post-43627","page","type-page","status-publish","hentry"],"acf":{"acf_link_na_externy_obsah":""},"yoast_head":"<!-- This site is optimized with the Yoast SEO plugin v27.4 - https:\/\/yoast.com\/product\/yoast-seo-wordpress\/ -->\n<title>Dual Citizenship - Pr\u00edrodovedeck\u00e1 fakulta | UPJ\u0160<\/title>\n<meta name=\"robots\" content=\"index, follow, max-snippet:-1, max-image-preview:large, max-video-preview:-1\" \/>\n<link rel=\"canonical\" href=\"https:\/\/www.upjs.sk\/prirodovedecka-fakulta\/en\/foreign-students\/i-i-p\/s\/dual-citizenship\/\" \/>\n<meta property=\"og:locale\" content=\"en_US\" \/>\n<meta property=\"og:type\" content=\"article\" \/>\n<meta property=\"og:title\" content=\"Dual Citizenship - Pr\u00edrodovedeck\u00e1 fakulta | UPJ\u0160\" \/>\n<meta property=\"og:description\" content=\"Even if you were not born, or reside in the EU, there is hope, that you might not require a VISA or TR. Legally speaking, just because you are a citizen of a country, does not necessarily mean, that you can\u2019t be a citizen of another country as well. There are many people, who carry &hellip; Continued\" \/>\n<meta property=\"og:url\" content=\"https:\/\/www.upjs.sk\/prirodovedecka-fakulta\/en\/foreign-students\/i-i-p\/s\/dual-citizenship\/\" \/>\n<meta property=\"og:site_name\" content=\"Pr\u00edrodovedeck\u00e1 fakulta | UPJ\u0160\" \/>\n<meta property=\"article:modified_time\" content=\"2022-11-10T20:24:36+00:00\" \/>\n<meta name=\"twitter:card\" content=\"summary_large_image\" \/>\n<meta name=\"twitter:label1\" content=\"Est. reading time\" \/>\n\t<meta name=\"twitter:data1\" content=\"1 minute\" \/>\n<script type=\"application\/ld+json\" class=\"yoast-schema-graph\">{\"@context\":\"https:\\\/\\\/schema.org\",\"@graph\":[{\"@type\":\"WebPage\",\"@id\":\"https:\\\/\\\/www.upjs.sk\\\/prirodovedecka-fakulta\\\/en\\\/foreign-students\\\/i-i-p\\\/s\\\/dual-citizenship\\\/\",\"url\":\"https:\\\/\\\/www.upjs.sk\\\/prirodovedecka-fakulta\\\/en\\\/foreign-students\\\/i-i-p\\\/s\\\/dual-citizenship\\\/\",\"name\":\"Dual Citizenship - Pr\u00edrodovedeck\u00e1 fakulta | UPJ\u0160\",\"isPartOf\":{\"@id\":\"https:\\\/\\\/www.upjs.sk\\\/prirodovedecka-fakulta\\\/en\\\/#website\"},\"datePublished\":\"2018-09-13T13:54:57+00:00\",\"dateModified\":\"2022-11-10T20:24:36+00:00\",\"breadcrumb\":{\"@id\":\"https:\\\/\\\/www.upjs.sk\\\/prirodovedecka-fakulta\\\/en\\\/foreign-students\\\/i-i-p\\\/s\\\/dual-citizenship\\\/#breadcrumb\"},\"inLanguage\":\"en-US\",\"potentialAction\":[{\"@type\":\"ReadAction\",\"target\":[\"https:\\\/\\\/www.upjs.sk\\\/prirodovedecka-fakulta\\\/en\\\/foreign-students\\\/i-i-p\\\/s\\\/dual-citizenship\\\/\"]}]},{\"@type\":\"BreadcrumbList\",\"@id\":\"https:\\\/\\\/www.upjs.sk\\\/prirodovedecka-fakulta\\\/en\\\/foreign-students\\\/i-i-p\\\/s\\\/dual-citizenship\\\/#breadcrumb\",\"itemListElement\":[{\"@type\":\"ListItem\",\"position\":1,\"name\":\"Home\",\"item\":\"https:\\\/\\\/www.upjs.sk\\\/prirodovedecka-fakulta\\\/en\\\/\"},{\"@type\":\"ListItem\",\"position\":2,\"name\":\"Foreign students\",\"item\":\"https:\\\/\\\/www.upjs.sk\\\/prirodovedecka-fakulta\\\/en\\\/foreign-students\\\/\"},{\"@type\":\"ListItem\",\"position\":3,\"name\":\"Information for incoming personell\",\"item\":\"https:\\\/\\\/www.upjs.sk\\\/prirodovedecka-fakulta\\\/en\\\/foreign-students\\\/i-i-p\\\/\"},{\"@type\":\"ListItem\",\"position\":4,\"name\":\"Study\",\"item\":\"https:\\\/\\\/www.upjs.sk\\\/prirodovedecka-fakulta\\\/en\\\/foreign-students\\\/i-i-p\\\/study\\\/s\\\/\"},{\"@type\":\"ListItem\",\"position\":5,\"name\":\"Dual Citizenship\"}]},{\"@type\":\"WebSite\",\"@id\":\"https:\\\/\\\/www.upjs.sk\\\/prirodovedecka-fakulta\\\/en\\\/#website\",\"url\":\"https:\\\/\\\/www.upjs.sk\\\/prirodovedecka-fakulta\\\/en\\\/\",\"name\":\"Pr\u00edrodovedeck\u00e1 fakulta | UPJ\u0160\",\"description\":\"\",\"publisher\":{\"@id\":\"https:\\\/\\\/www.upjs.sk\\\/prirodovedecka-fakulta\\\/en\\\/#organization\"},\"potentialAction\":[{\"@type\":\"SearchAction\",\"target\":{\"@type\":\"EntryPoint\",\"urlTemplate\":\"https:\\\/\\\/www.upjs.sk\\\/prirodovedecka-fakulta\\\/en\\\/?s={search_term_string}\"},\"query-input\":{\"@type\":\"PropertyValueSpecification\",\"valueRequired\":true,\"valueName\":\"search_term_string\"}}],\"inLanguage\":\"en-US\"},{\"@type\":\"Organization\",\"@id\":\"https:\\\/\\\/www.upjs.sk\\\/prirodovedecka-fakulta\\\/en\\\/#organization\",\"name\":\"Pr\u00edrodovedeck\u00e1 fakulta | UPJ\u0160\",\"url\":\"https:\\\/\\\/www.upjs.sk\\\/prirodovedecka-fakulta\\\/en\\\/\",\"logo\":{\"@type\":\"ImageObject\",\"inLanguage\":\"en-US\",\"@id\":\"https:\\\/\\\/www.upjs.sk\\\/prirodovedecka-fakulta\\\/en\\\/#\\\/schema\\\/logo\\\/image\\\/\",\"url\":\"https:\\\/\\\/www.upjs.sk\\\/app\\\/uploads\\\/sites\\\/10\\\/2023\\\/02\\\/PriF_ENG_frame.svg\",\"contentUrl\":\"https:\\\/\\\/www.upjs.sk\\\/app\\\/uploads\\\/sites\\\/10\\\/2023\\\/02\\\/PriF_ENG_frame.svg\",\"width\":292,\"height\":61,\"caption\":\"Pr\u00edrodovedeck\u00e1 fakulta | UPJ\u0160\"},\"image\":{\"@id\":\"https:\\\/\\\/www.upjs.sk\\\/prirodovedecka-fakulta\\\/en\\\/#\\\/schema\\\/logo\\\/image\\\/\"}}]}<\/script>\n<!-- \/ Yoast SEO plugin. -->","yoast_head_json":{"title":"Dual Citizenship - Pr\u00edrodovedeck\u00e1 fakulta | UPJ\u0160","robots":{"index":"index","follow":"follow","max-snippet":"max-snippet:-1","max-image-preview":"max-image-preview:large","max-video-preview":"max-video-preview:-1"},"canonical":"https:\/\/www.upjs.sk\/prirodovedecka-fakulta\/en\/foreign-students\/i-i-p\/s\/dual-citizenship\/","og_locale":"en_US","og_type":"article","og_title":"Dual Citizenship - Pr\u00edrodovedeck\u00e1 fakulta | UPJ\u0160","og_description":"Even if you were not born, or reside in the EU, there is hope, that you might not require a VISA or TR. Legally speaking, just because you are a citizen of a country, does not necessarily mean, that you can\u2019t be a citizen of another country as well. There are many people, who carry &hellip; Continued","og_url":"https:\/\/www.upjs.sk\/prirodovedecka-fakulta\/en\/foreign-students\/i-i-p\/s\/dual-citizenship\/","og_site_name":"Pr\u00edrodovedeck\u00e1 fakulta | UPJ\u0160","article_modified_time":"2022-11-10T20:24:36+00:00","twitter_card":"summary_large_image","twitter_misc":{"Est. reading time":"1 minute"},"schema":{"@context":"https:\/\/schema.org","@graph":[{"@type":"WebPage","@id":"https:\/\/www.upjs.sk\/prirodovedecka-fakulta\/en\/foreign-students\/i-i-p\/s\/dual-citizenship\/","url":"https:\/\/www.upjs.sk\/prirodovedecka-fakulta\/en\/foreign-students\/i-i-p\/s\/dual-citizenship\/","name":"Dual Citizenship - Pr\u00edrodovedeck\u00e1 fakulta | UPJ\u0160","isPartOf":{"@id":"https:\/\/www.upjs.sk\/prirodovedecka-fakulta\/en\/#website"},"datePublished":"2018-09-13T13:54:57+00:00","dateModified":"2022-11-10T20:24:36+00:00","breadcrumb":{"@id":"https:\/\/www.upjs.sk\/prirodovedecka-fakulta\/en\/foreign-students\/i-i-p\/s\/dual-citizenship\/#breadcrumb"},"inLanguage":"en-US","potentialAction":[{"@type":"ReadAction","target":["https:\/\/www.upjs.sk\/prirodovedecka-fakulta\/en\/foreign-students\/i-i-p\/s\/dual-citizenship\/"]}]},{"@type":"BreadcrumbList","@id":"https:\/\/www.upjs.sk\/prirodovedecka-fakulta\/en\/foreign-students\/i-i-p\/s\/dual-citizenship\/#breadcrumb","itemListElement":[{"@type":"ListItem","position":1,"name":"Home","item":"https:\/\/www.upjs.sk\/prirodovedecka-fakulta\/en\/"},{"@type":"ListItem","position":2,"name":"Foreign students","item":"https:\/\/www.upjs.sk\/prirodovedecka-fakulta\/en\/foreign-students\/"},{"@type":"ListItem","position":3,"name":"Information for incoming personell","item":"https:\/\/www.upjs.sk\/prirodovedecka-fakulta\/en\/foreign-students\/i-i-p\/"},{"@type":"ListItem","position":4,"name":"Study","item":"https:\/\/www.upjs.sk\/prirodovedecka-fakulta\/en\/foreign-students\/i-i-p\/study\/s\/"},{"@type":"ListItem","position":5,"name":"Dual Citizenship"}]},{"@type":"WebSite","@id":"https:\/\/www.upjs.sk\/prirodovedecka-fakulta\/en\/#website","url":"https:\/\/www.upjs.sk\/prirodovedecka-fakulta\/en\/","name":"Pr\u00edrodovedeck\u00e1 fakulta | UPJ\u0160","description":"","publisher":{"@id":"https:\/\/www.upjs.sk\/prirodovedecka-fakulta\/en\/#organization"},"potentialAction":[{"@type":"SearchAction","target":{"@type":"EntryPoint","urlTemplate":"https:\/\/www.upjs.sk\/prirodovedecka-fakulta\/en\/?s={search_term_string}"},"query-input":{"@type":"PropertyValueSpecification","valueRequired":true,"valueName":"search_term_string"}}],"inLanguage":"en-US"},{"@type":"Organization","@id":"https:\/\/www.upjs.sk\/prirodovedecka-fakulta\/en\/#organization","name":"Pr\u00edrodovedeck\u00e1 fakulta | UPJ\u0160","url":"https:\/\/www.upjs.sk\/prirodovedecka-fakulta\/en\/","logo":{"@type":"ImageObject","inLanguage":"en-US","@id":"https:\/\/www.upjs.sk\/prirodovedecka-fakulta\/en\/#\/schema\/logo\/image\/","url":"https:\/\/www.upjs.sk\/app\/uploads\/sites\/10\/2023\/02\/PriF_ENG_frame.svg","contentUrl":"https:\/\/www.upjs.sk\/app\/uploads\/sites\/10\/2023\/02\/PriF_ENG_frame.svg","width":292,"height":61,"caption":"Pr\u00edrodovedeck\u00e1 fakulta | UPJ\u0160"},"image":{"@id":"https:\/\/www.upjs.sk\/prirodovedecka-fakulta\/en\/#\/schema\/logo\/image\/"}}]}},"_links":{"self":[{"href":"https:\/\/www.upjs.sk\/prirodovedecka-fakulta\/en\/wp-json\/wp\/v2\/pages\/43627","targetHints":{"allow":["GET"]}}],"collection":[{"href":"https:\/\/www.upjs.sk\/prirodovedecka-fakulta\/en\/wp-json\/wp\/v2\/pages"}],"about":[{"href":"https:\/\/www.upjs.sk\/prirodovedecka-fakulta\/en\/wp-json\/wp\/v2\/types\/page"}],"author":[{"embeddable":true,"href":"https:\/\/www.upjs.sk\/prirodovedecka-fakulta\/en\/wp-json\/wp\/v2\/users\/1"}],"replies":[{"embeddable":true,"href":"https:\/\/www.upjs.sk\/prirodovedecka-fakulta\/en\/wp-json\/wp\/v2\/comments?post=43627"}],"version-history":[{"count":1,"href":"https:\/\/www.upjs.sk\/prirodovedecka-fakulta\/en\/wp-json\/wp\/v2\/pages\/43627\/revisions"}],"predecessor-version":[{"id":45085,"href":"https:\/\/www.upjs.sk\/prirodovedecka-fakulta\/en\/wp-json\/wp\/v2\/pages\/43627\/revisions\/45085"}],"up":[{"embeddable":true,"href":"https:\/\/www.upjs.sk\/prirodovedecka-fakulta\/en\/wp-json\/wp\/v2\/pages\/43572"}],"wp:attachment":[{"href":"https:\/\/www.upjs.sk\/prirodovedecka-fakulta\/en\/wp-json\/wp\/v2\/media?parent=43627"}],"wp:term":[{"taxonomy":"category","embeddable":true,"href":"https:\/\/www.upjs.sk\/prirodovedecka-fakulta\/en\/wp-json\/wp\/v2\/categories?post=43627"},{"taxonomy":"post_tag","embeddable":true,"href":"https:\/\/www.upjs.sk\/prirodovedecka-fakulta\/en\/wp-json\/wp\/v2\/tags?post=43627"}],"curies":[{"name":"wp","href":"https:\/\/api.w.org\/{rel}","templated":true}]}}