{"id":43649,"date":"2008-08-29T12:58:19","date_gmt":"2008-08-29T12:58:19","guid":{"rendered":"https:\/\/www.upjs.sk\/prirodovedecka-fakulta\/partner-universities\/"},"modified":"2022-11-10T20:24:41","modified_gmt":"2022-11-10T20:24:41","slug":"partner-universities","status":"publish","type":"page","link":"https:\/\/www.upjs.sk\/prirodovedecka-fakulta\/en\/foreign-relations\/socrates-erasmus\/partner-universities\/","title":{"rendered":"Partner universities"},"content":{"rendered":"<p> <!-- Text --> <\/p>\n<table width=\"500\" cellspacing=\"2\" cellpadding=\"1\" border=\"1\">\n<tbody>\n<tr>\n<td align=\"middle\"><strong><font color=\"#006666\">Country<\/font><\/strong><\/td>\n<td align=\"middle\"><strong><font color=\"#006666\">University<\/font><\/strong><\/td>\n<td align=\"middle\"><strong><font color=\"#006666\">Web page<\/font><\/strong><\/td>\n<\/tr>\n<tr>\n<td><strong>Austria<\/strong><\/td>\n<td>Pedagogische Akademie Des Bundes in Tirol<\/td>\n<td>\u00a0<\/td>\n<\/tr>\n<tr>\n<td>\u00a0<\/td>\n<td>\u00a0<\/td>\n<td>\u00a0<\/td>\n<\/tr>\n<tr>\n<td><strong>Belgium<\/strong><\/td>\n<td>Universiteit Gent<\/td>\n<td><a href=\"http:\/\/www.rug.ac.be\/\">www.rug.ac.be<\/a><\/td>\n<\/tr>\n<tr>\n<td>\u00a0<\/td>\n<td>\u00a0<\/td>\n<td>\u00a0<\/td>\n<\/tr>\n<tr>\n<td><strong>England<\/strong><\/td>\n<td>Canterbury Christ Church University College<\/td>\n<td><a href=\"http:\/\/www.cant.ac.uk\/\">www.cant.ac.uk<\/a><\/td>\n<\/tr>\n<tr>\n<td>\u00a0<\/td>\n<td>\u00a0<\/td>\n<td>\u00a0<\/td>\n<\/tr>\n<tr>\n<td><strong>Finland<\/strong><\/td>\n<td>University of Oulu<\/td>\n<td><a href=\"http:\/\/www.oulu.fi\/\">www.oulu.fi<\/a><\/td>\n<\/tr>\n<tr>\n<td valign=\"top\">\u00a0<\/td>\n<td>\u00a0<\/td>\n<td>\u00a0<\/td>\n<\/tr>\n<tr>\n<td valign=\"top\"><strong>France<\/strong><\/td>\n<td>Universit\u00e9 de Bordeaux I <br \/>             Universit\u00e9 J. Fourier, Grenoble <br \/>             Universit\u00e9 de Marne la Vallee <br \/>             Universit\u00e9 P. et M. Currie, Par\u00ed\u017e <br \/>             Universit\u00e9 de Poitriers<\/td>\n<td><a href=\"http:\/\/www.cribx1.u-bordeaux.fr\/\">www.cribx1.u-bordeaux.fr<\/a> <br \/>             <a href=\"http:\/\/www.ujf-grenoble.fr\/ujf\/fr\">www.ujf-grenoble.fr\/ujf\/fr<\/a> <br \/>             <a href=\"http:\/\/www.univ-mlv.fr\/\">www.univ-mlv.fr<\/a><u> <br \/>             <a href=\"http:\/\/www.admp6.jussieu.frwww.univ-poitiers.fr\/\">www.admp6.jussieu.fr<\/a><\/u><a href=\"http:\/\/www.admp6.jussieu.frwww.univ-poitiers.fr\/\"> <br \/>             <u>www.univ-poitiers.fr<\/u><\/a><\/td>\n<\/tr>\n<tr>\n<td valign=\"top\">\u00a0<\/td>\n<td>\u00a0<\/td>\n<td>\u00a0<\/td>\n<\/tr>\n<tr>\n<td valign=\"top\"><strong>Germany<\/strong><\/td>\n<td>Rhein-Westf. Technische Hochshule, Aachen <br \/>             Universit\u00e4t Bayreuth<br \/>             Rheinische Friedrich Wilhems Universit\u00e4t, Bonn <br \/>             Technische Universit\u00e4t, Braunschweig <br \/>             Gerhard Mercator Universit\u00e4t, Duisburg <br \/>             Universit\u00e4t GH Essen <br \/>             E. M. Arndt Universit\u00e4t, Greifswald <br \/>             Martin Luther Universit\u00e4t, Halle-Wittenberg <br \/>             Friedrich Schiller Universit\u00e4t, <br \/>             Jena\u00a0\u00a0Universit\u00e4t L\u00fcneburg <br \/>             Philipps Universit\u00e4t, Marburg<\/td>\n<td><a href=\"http:\/\/www.rwth-aachen.de\/\">www.rwth-aachen.de<\/a> <br \/>             <a href=\"http:\/\/www.uni-bayreuth.de\/\">www.uni-bayreuth.de<\/a> <br \/>             <a href=\"http:\/\/www.uni-bonn.de\/\">www.uni-bonn.de<\/a> <br \/>             <a href=\"http:\/\/www.tu-bs.de\/\">www.tu-bs.de<\/a> <br \/>             <a href=\"http:\/\/www.uni-duisburg.de\/\">www.uni-duisburg.de<\/a> <br \/>             <a href=\"http:\/\/www.uni-essen.de\/\">www.uni-essen.de<\/a> <br \/>             <a href=\"http:\/\/www.uni-greifswald.de\/\">www.uni-greifswald.de<\/a> <br \/>             <a href=\"http:\/\/www.uni-halle.de\/\">www.uni-halle.de<\/a> <br \/>             <a href=\"http:\/\/www.uni-jena.de\/\">www.uni-jena.de<\/a> <br \/>             <a href=\"http:\/\/www.uni-lueneburg.de\/\">www.uni-lueneburg.de<\/a> <br \/>             <a href=\"http:\/\/www.uni-marburg.de\/\">www.uni-marburg.de<\/a><\/td>\n<\/tr>\n<tr>\n<td valign=\"top\">\u00a0<\/td>\n<td>\u00a0<\/td>\n<td>\u00a0<\/td>\n<\/tr>\n<tr>\n<td valign=\"top\"><strong>Greece<\/strong><\/td>\n<td>University of Crete<br \/>             Aristotle University of Thessaloniki<\/td>\n<td><a href=\"http:\/\/www.uch.gr\/\">www.uch.gr<\/a><br \/>             <a href=\"http:\/\/www.auth.gr\/\">www.auth.gr<\/a><\/td>\n<\/tr>\n<tr>\n<td>\u00a0<\/td>\n<td>\u00a0<\/td>\n<td>\u00a0<\/td>\n<\/tr>\n<tr>\n<td valign=\"top\"><strong>Spain<\/strong><\/td>\n<td>Universidad de Alicante\u00a0<br \/>             Universitat Aut\u00f3noma de Barcelona<br \/>             Universidad Carlos III de Madrid<br \/>             Universidad Complutense de Madrid\u00a0 <br \/>             Universidad de Mal\u00e1ga<\/td>\n<td><a href=\"http:\/\/www.ua.es\/\">www.ua.es<\/a> <br \/>             <a href=\"http:\/\/www.uab.es\/\">www.uab.es<\/a> <br \/>             <a href=\"http:\/\/www.uc3m.es\/\">www.uc3m.es<\/a> <br \/>             <a href=\"http:\/\/www.ucm.es\/\">www.ucm.es<\/a> <br \/>             <a href=\"http:\/\/www.uma.es\/\">www.uma.es<\/a><\/td>\n<\/tr>\n<\/tbody>\n<\/table>\n<div id=\"print\"><a href=\"javascript:printurl('print\/plain.html?a=c5badaf7afa24c969bae108ad54e5939&#038;m=42bd0477b5814835b761fe550a7e6dc9','print',700,420);\"><br \/> <\/a><\/div>\n","protected":false},"excerpt":{"rendered":"<p>Country University Web page Austria Pedagogische Akademie Des Bundes in Tirol \u00a0 \u00a0 \u00a0 \u00a0 Belgium Universiteit Gent www.rug.ac.be \u00a0 \u00a0 \u00a0 England Canterbury Christ Church University College www.cant.ac.uk \u00a0 \u00a0 \u00a0 Finland University of Oulu www.oulu.fi \u00a0 \u00a0 \u00a0 France Universit\u00e9 de Bordeaux I Universit\u00e9 J. Fourier, Grenoble Universit\u00e9 de Marne la Vallee Universit\u00e9 &hellip; <a href=\"https:\/\/www.upjs.sk\/prirodovedecka-fakulta\/en\/foreign-relations\/socrates-erasmus\/partner-universities\/\">Continued<\/a><\/p>\n","protected":false},"author":1,"featured_media":0,"parent":43971,"menu_order":1,"comment_status":"closed","ping_status":"closed","template":"","meta":{"_acf_changed":false,"_editorskit_title_hidden":false,"_editorskit_reading_time":0,"_editorskit_is_block_options_detached":false,"_editorskit_block_options_position":"{}","footnotes":""},"categories":[],"tags":[],"class_list":["post-43649","page","type-page","status-publish","hentry"],"acf":{"acf_link_na_externy_obsah":""},"yoast_head":"<!-- This site is optimized with the Yoast SEO plugin v27.2 - https:\/\/yoast.com\/product\/yoast-seo-wordpress\/ -->\n<title>Partner universities - Pr\u00edrodovedeck\u00e1 fakulta | UPJ\u0160<\/title>\n<meta name=\"robots\" content=\"index, follow, max-snippet:-1, max-image-preview:large, max-video-preview:-1\" \/>\n<link rel=\"canonical\" href=\"https:\/\/www.upjs.sk\/prirodovedecka-fakulta\/en\/foreign-relations\/socrates-erasmus\/partner-universities\/\" \/>\n<meta property=\"og:locale\" content=\"en_US\" \/>\n<meta property=\"og:type\" content=\"article\" \/>\n<meta property=\"og:title\" content=\"Partner universities - Pr\u00edrodovedeck\u00e1 fakulta | UPJ\u0160\" \/>\n<meta property=\"og:description\" content=\"Country University Web page Austria Pedagogische Akademie Des Bundes in Tirol \u00a0 \u00a0 \u00a0 \u00a0 Belgium Universiteit Gent www.rug.ac.be \u00a0 \u00a0 \u00a0 England Canterbury Christ Church University College www.cant.ac.uk \u00a0 \u00a0 \u00a0 Finland University of Oulu www.oulu.fi \u00a0 \u00a0 \u00a0 France Universit\u00e9 de Bordeaux I Universit\u00e9 J. Fourier, Grenoble Universit\u00e9 de Marne la Vallee Universit\u00e9 &hellip; Continued\" \/>\n<meta property=\"og:url\" content=\"https:\/\/www.upjs.sk\/prirodovedecka-fakulta\/en\/foreign-relations\/socrates-erasmus\/partner-universities\/\" \/>\n<meta property=\"og:site_name\" content=\"Pr\u00edrodovedeck\u00e1 fakulta | UPJ\u0160\" \/>\n<meta property=\"article:modified_time\" content=\"2022-11-10T20:24:41+00:00\" \/>\n<meta name=\"twitter:card\" content=\"summary_large_image\" \/>\n<meta name=\"twitter:label1\" content=\"Est. reading time\" \/>\n\t<meta name=\"twitter:data1\" content=\"1 minute\" \/>\n<script type=\"application\/ld+json\" class=\"yoast-schema-graph\">{\"@context\":\"https:\/\/schema.org\",\"@graph\":[{\"@type\":\"WebPage\",\"@id\":\"https:\/\/www.upjs.sk\/prirodovedecka-fakulta\/en\/foreign-relations\/socrates-erasmus\/partner-universities\/\",\"url\":\"https:\/\/www.upjs.sk\/prirodovedecka-fakulta\/en\/foreign-relations\/socrates-erasmus\/partner-universities\/\",\"name\":\"Partner universities - Pr\u00edrodovedeck\u00e1 fakulta | UPJ\u0160\",\"isPartOf\":{\"@id\":\"https:\/\/www.upjs.sk\/prirodovedecka-fakulta\/en\/#website\"},\"datePublished\":\"2008-08-29T12:58:19+00:00\",\"dateModified\":\"2022-11-10T20:24:41+00:00\",\"breadcrumb\":{\"@id\":\"https:\/\/www.upjs.sk\/prirodovedecka-fakulta\/en\/foreign-relations\/socrates-erasmus\/partner-universities\/#breadcrumb\"},\"inLanguage\":\"en-US\",\"potentialAction\":[{\"@type\":\"ReadAction\",\"target\":[\"https:\/\/www.upjs.sk\/prirodovedecka-fakulta\/en\/foreign-relations\/socrates-erasmus\/partner-universities\/\"]}]},{\"@type\":\"BreadcrumbList\",\"@id\":\"https:\/\/www.upjs.sk\/prirodovedecka-fakulta\/en\/foreign-relations\/socrates-erasmus\/partner-universities\/#breadcrumb\",\"itemListElement\":[{\"@type\":\"ListItem\",\"position\":1,\"name\":\"Home\",\"item\":\"https:\/\/www.upjs.sk\/prirodovedecka-fakulta\/en\/\"},{\"@type\":\"ListItem\",\"position\":2,\"name\":\"Foreign relations\",\"item\":\"https:\/\/www.upjs.sk\/prirodovedecka-fakulta\/en\/foreign-relations\/\"},{\"@type\":\"ListItem\",\"position\":3,\"name\":\"Socrates\/Erasmus\",\"item\":\"https:\/\/www.upjs.sk\/prirodovedecka-fakulta\/en\/foreign-relations\/socrates-erasmus\/\"},{\"@type\":\"ListItem\",\"position\":4,\"name\":\"Partner universities\"}]},{\"@type\":\"WebSite\",\"@id\":\"https:\/\/www.upjs.sk\/prirodovedecka-fakulta\/en\/#website\",\"url\":\"https:\/\/www.upjs.sk\/prirodovedecka-fakulta\/en\/\",\"name\":\"Pr\u00edrodovedeck\u00e1 fakulta | UPJ\u0160\",\"description\":\"\",\"publisher\":{\"@id\":\"https:\/\/www.upjs.sk\/prirodovedecka-fakulta\/en\/#organization\"},\"potentialAction\":[{\"@type\":\"SearchAction\",\"target\":{\"@type\":\"EntryPoint\",\"urlTemplate\":\"https:\/\/www.upjs.sk\/prirodovedecka-fakulta\/en\/?s={search_term_string}\"},\"query-input\":{\"@type\":\"PropertyValueSpecification\",\"valueRequired\":true,\"valueName\":\"search_term_string\"}}],\"inLanguage\":\"en-US\"},{\"@type\":\"Organization\",\"@id\":\"https:\/\/www.upjs.sk\/prirodovedecka-fakulta\/en\/#organization\",\"name\":\"Pr\u00edrodovedeck\u00e1 fakulta | UPJ\u0160\",\"url\":\"https:\/\/www.upjs.sk\/prirodovedecka-fakulta\/en\/\",\"logo\":{\"@type\":\"ImageObject\",\"inLanguage\":\"en-US\",\"@id\":\"https:\/\/www.upjs.sk\/prirodovedecka-fakulta\/en\/#\/schema\/logo\/image\/\",\"url\":\"https:\/\/www.upjs.sk\/app\/uploads\/sites\/10\/2023\/02\/PriF_ENG_frame.svg\",\"contentUrl\":\"https:\/\/www.upjs.sk\/app\/uploads\/sites\/10\/2023\/02\/PriF_ENG_frame.svg\",\"width\":292,\"height\":61,\"caption\":\"Pr\u00edrodovedeck\u00e1 fakulta | UPJ\u0160\"},\"image\":{\"@id\":\"https:\/\/www.upjs.sk\/prirodovedecka-fakulta\/en\/#\/schema\/logo\/image\/\"}}]}<\/script>\n<!-- \/ Yoast SEO plugin. -->","yoast_head_json":{"title":"Partner universities - Pr\u00edrodovedeck\u00e1 fakulta | UPJ\u0160","robots":{"index":"index","follow":"follow","max-snippet":"max-snippet:-1","max-image-preview":"max-image-preview:large","max-video-preview":"max-video-preview:-1"},"canonical":"https:\/\/www.upjs.sk\/prirodovedecka-fakulta\/en\/foreign-relations\/socrates-erasmus\/partner-universities\/","og_locale":"en_US","og_type":"article","og_title":"Partner universities - Pr\u00edrodovedeck\u00e1 fakulta | UPJ\u0160","og_description":"Country University Web page Austria Pedagogische Akademie Des Bundes in Tirol \u00a0 \u00a0 \u00a0 \u00a0 Belgium Universiteit Gent www.rug.ac.be \u00a0 \u00a0 \u00a0 England Canterbury Christ Church University College www.cant.ac.uk \u00a0 \u00a0 \u00a0 Finland University of Oulu www.oulu.fi \u00a0 \u00a0 \u00a0 France Universit\u00e9 de Bordeaux I Universit\u00e9 J. Fourier, Grenoble Universit\u00e9 de Marne la Vallee Universit\u00e9 &hellip; Continued","og_url":"https:\/\/www.upjs.sk\/prirodovedecka-fakulta\/en\/foreign-relations\/socrates-erasmus\/partner-universities\/","og_site_name":"Pr\u00edrodovedeck\u00e1 fakulta | UPJ\u0160","article_modified_time":"2022-11-10T20:24:41+00:00","twitter_card":"summary_large_image","twitter_misc":{"Est. reading time":"1 minute"},"schema":{"@context":"https:\/\/schema.org","@graph":[{"@type":"WebPage","@id":"https:\/\/www.upjs.sk\/prirodovedecka-fakulta\/en\/foreign-relations\/socrates-erasmus\/partner-universities\/","url":"https:\/\/www.upjs.sk\/prirodovedecka-fakulta\/en\/foreign-relations\/socrates-erasmus\/partner-universities\/","name":"Partner universities - Pr\u00edrodovedeck\u00e1 fakulta | UPJ\u0160","isPartOf":{"@id":"https:\/\/www.upjs.sk\/prirodovedecka-fakulta\/en\/#website"},"datePublished":"2008-08-29T12:58:19+00:00","dateModified":"2022-11-10T20:24:41+00:00","breadcrumb":{"@id":"https:\/\/www.upjs.sk\/prirodovedecka-fakulta\/en\/foreign-relations\/socrates-erasmus\/partner-universities\/#breadcrumb"},"inLanguage":"en-US","potentialAction":[{"@type":"ReadAction","target":["https:\/\/www.upjs.sk\/prirodovedecka-fakulta\/en\/foreign-relations\/socrates-erasmus\/partner-universities\/"]}]},{"@type":"BreadcrumbList","@id":"https:\/\/www.upjs.sk\/prirodovedecka-fakulta\/en\/foreign-relations\/socrates-erasmus\/partner-universities\/#breadcrumb","itemListElement":[{"@type":"ListItem","position":1,"name":"Home","item":"https:\/\/www.upjs.sk\/prirodovedecka-fakulta\/en\/"},{"@type":"ListItem","position":2,"name":"Foreign relations","item":"https:\/\/www.upjs.sk\/prirodovedecka-fakulta\/en\/foreign-relations\/"},{"@type":"ListItem","position":3,"name":"Socrates\/Erasmus","item":"https:\/\/www.upjs.sk\/prirodovedecka-fakulta\/en\/foreign-relations\/socrates-erasmus\/"},{"@type":"ListItem","position":4,"name":"Partner universities"}]},{"@type":"WebSite","@id":"https:\/\/www.upjs.sk\/prirodovedecka-fakulta\/en\/#website","url":"https:\/\/www.upjs.sk\/prirodovedecka-fakulta\/en\/","name":"Pr\u00edrodovedeck\u00e1 fakulta | UPJ\u0160","description":"","publisher":{"@id":"https:\/\/www.upjs.sk\/prirodovedecka-fakulta\/en\/#organization"},"potentialAction":[{"@type":"SearchAction","target":{"@type":"EntryPoint","urlTemplate":"https:\/\/www.upjs.sk\/prirodovedecka-fakulta\/en\/?s={search_term_string}"},"query-input":{"@type":"PropertyValueSpecification","valueRequired":true,"valueName":"search_term_string"}}],"inLanguage":"en-US"},{"@type":"Organization","@id":"https:\/\/www.upjs.sk\/prirodovedecka-fakulta\/en\/#organization","name":"Pr\u00edrodovedeck\u00e1 fakulta | UPJ\u0160","url":"https:\/\/www.upjs.sk\/prirodovedecka-fakulta\/en\/","logo":{"@type":"ImageObject","inLanguage":"en-US","@id":"https:\/\/www.upjs.sk\/prirodovedecka-fakulta\/en\/#\/schema\/logo\/image\/","url":"https:\/\/www.upjs.sk\/app\/uploads\/sites\/10\/2023\/02\/PriF_ENG_frame.svg","contentUrl":"https:\/\/www.upjs.sk\/app\/uploads\/sites\/10\/2023\/02\/PriF_ENG_frame.svg","width":292,"height":61,"caption":"Pr\u00edrodovedeck\u00e1 fakulta | UPJ\u0160"},"image":{"@id":"https:\/\/www.upjs.sk\/prirodovedecka-fakulta\/en\/#\/schema\/logo\/image\/"}}]}},"_links":{"self":[{"href":"https:\/\/www.upjs.sk\/prirodovedecka-fakulta\/en\/wp-json\/wp\/v2\/pages\/43649","targetHints":{"allow":["GET"]}}],"collection":[{"href":"https:\/\/www.upjs.sk\/prirodovedecka-fakulta\/en\/wp-json\/wp\/v2\/pages"}],"about":[{"href":"https:\/\/www.upjs.sk\/prirodovedecka-fakulta\/en\/wp-json\/wp\/v2\/types\/page"}],"author":[{"embeddable":true,"href":"https:\/\/www.upjs.sk\/prirodovedecka-fakulta\/en\/wp-json\/wp\/v2\/users\/1"}],"replies":[{"embeddable":true,"href":"https:\/\/www.upjs.sk\/prirodovedecka-fakulta\/en\/wp-json\/wp\/v2\/comments?post=43649"}],"version-history":[{"count":1,"href":"https:\/\/www.upjs.sk\/prirodovedecka-fakulta\/en\/wp-json\/wp\/v2\/pages\/43649\/revisions"}],"predecessor-version":[{"id":45090,"href":"https:\/\/www.upjs.sk\/prirodovedecka-fakulta\/en\/wp-json\/wp\/v2\/pages\/43649\/revisions\/45090"}],"up":[{"embeddable":true,"href":"https:\/\/www.upjs.sk\/prirodovedecka-fakulta\/en\/wp-json\/wp\/v2\/pages\/43971"}],"wp:attachment":[{"href":"https:\/\/www.upjs.sk\/prirodovedecka-fakulta\/en\/wp-json\/wp\/v2\/media?parent=43649"}],"wp:term":[{"taxonomy":"category","embeddable":true,"href":"https:\/\/www.upjs.sk\/prirodovedecka-fakulta\/en\/wp-json\/wp\/v2\/categories?post=43649"},{"taxonomy":"post_tag","embeddable":true,"href":"https:\/\/www.upjs.sk\/prirodovedecka-fakulta\/en\/wp-json\/wp\/v2\/tags?post=43649"}],"curies":[{"name":"wp","href":"https:\/\/api.w.org\/{rel}","templated":true}]}}