{"id":43945,"date":"2019-07-09T10:29:39","date_gmt":"2019-07-09T10:29:39","guid":{"rendered":"https:\/\/www.upjs.sk\/prirodovedecka-fakulta\/?page_id=43945"},"modified":"2026-04-01T10:34:45","modified_gmt":"2026-04-01T09:34:45","slug":"faculty-board","status":"publish","type":"page","link":"https:\/\/www.upjs.sk\/prirodovedecka-fakulta\/en\/faculty\/faculty-board\/","title":{"rendered":"Faculty Board"},"content":{"rendered":"\n<h4 class=\"wp-block-heading has-prirodovedecka-f-color has-text-color\"><strong>Dean<\/strong><\/h4>\n\n\n<style>.kb-row-layout-id43945_4a5099-f8 > .kt-row-column-wrap{align-content:start;}:where(.kb-row-layout-id43945_4a5099-f8 > .kt-row-column-wrap) > .wp-block-kadence-column{justify-content:start;}.kb-row-layout-id43945_4a5099-f8 > .kt-row-column-wrap{column-gap:var(--global-kb-gap-md, 2rem);row-gap:var(--global-kb-gap-md, 2rem);padding-top:var(--global-kb-spacing-sm, 1.5rem);padding-bottom:var(--global-kb-spacing-sm, 1.5rem);grid-template-columns:minmax(0, 1fr);}.kb-row-layout-id43945_4a5099-f8 > .kt-row-layout-overlay{opacity:0.30;}@media all and (max-width: 1024px){.kb-row-layout-id43945_4a5099-f8 > .kt-row-column-wrap{grid-template-columns:minmax(0, 1fr);}}@media all and (max-width: 767px){.kb-row-layout-id43945_4a5099-f8 > .kt-row-column-wrap{grid-template-columns:minmax(0, 1fr);}}<\/style><div class=\"kb-row-layout-wrap kb-row-layout-id43945_4a5099-f8 alignnone wp-block-kadence-rowlayout\"><div class=\"kt-row-column-wrap kt-has-1-columns kt-row-layout-equal kt-tab-layout-inherit kt-mobile-layout-row kt-row-valign-top\">\n<style>.kadence-column43945_c7a670-67 > .kt-inside-inner-col,.kadence-column43945_c7a670-67 > .kt-inside-inner-col:before{border-top-left-radius:0px;border-top-right-radius:0px;border-bottom-right-radius:0px;border-bottom-left-radius:0px;}.kadence-column43945_c7a670-67 > .kt-inside-inner-col{column-gap:var(--global-kb-gap-sm, 1rem);}.kadence-column43945_c7a670-67 > .kt-inside-inner-col{flex-direction:column;}.kadence-column43945_c7a670-67 > .kt-inside-inner-col > .aligncenter{width:100%;}.kadence-column43945_c7a670-67 > .kt-inside-inner-col:before{opacity:0.3;}.kadence-column43945_c7a670-67{position:relative;}@media all and (max-width: 1024px){.kadence-column43945_c7a670-67 > .kt-inside-inner-col{flex-direction:column;justify-content:center;}}@media all and (max-width: 767px){.kadence-column43945_c7a670-67 > .kt-inside-inner-col{flex-direction:column;justify-content:center;}}<\/style>\n<div class=\"wp-block-kadence-column kadence-column43945_c7a670-67\"><div class=\"kt-inside-inner-col\"><style>.kb-image43945_dbba7f-bf.kb-image-is-ratio-size, .kb-image43945_dbba7f-bf .kb-image-is-ratio-size{max-width:240px;width:100%;}.wp-block-kadence-column > .kt-inside-inner-col > .kb-image43945_dbba7f-bf.kb-image-is-ratio-size, .wp-block-kadence-column > .kt-inside-inner-col > .kb-image43945_dbba7f-bf .kb-image-is-ratio-size{align-self:unset;}.kb-image43945_dbba7f-bf{max-width:240px;}.image-is-svg.kb-image43945_dbba7f-bf{-webkit-flex:0 1 100%;flex:0 1 100%;}.image-is-svg.kb-image43945_dbba7f-bf img{width:100%;}.kb-image43945_dbba7f-bf .kb-image-has-overlay:after{opacity:0.3;}.kb-image43945_dbba7f-bf img.kb-img, .kb-image43945_dbba7f-bf .kb-img img{box-shadow:7px 7px 14px 0px #008338;}<\/style>\n<figure class=\"wp-block-kadence-image kb-image43945_dbba7f-bf size-full\"><img loading=\"lazy\" decoding=\"async\" width=\"200\" height=\"300\" src=\"https:\/\/www.upjs.sk\/app\/uploads\/sites\/10\/2022\/11\/doc.Sotak_.jpg\" alt=\"\" class=\"kb-img wp-image-25363\"\/><figcaption><strong><a href=\"https:\/\/www.upjs.sk\/en\/PF\/employee\/roman.sotak\/\" class=\"ek-link\">Assoc.&nbsp;Prof. RNDr. Roman&nbsp;Sot\u00e1k, PhD.<\/a><\/strong>&nbsp;<br>\u0160rob\u00e1rova 2, 041 54 Ko\u0161ice, Slovakia<br>tel.: ++421-55-234-2119, 2211<br>e-mail:&nbsp;<a href=\"mailto:pfsekret@upjs.sk\">pfsekret@upjs.sk<\/a><br>private e-mail:<a href=\"mailto:roman.sotak@upjs.sk\" class=\"ek-link\">roman.sotak@upjs.sk<\/a><\/figcaption><\/figure>\n<\/div><\/div>\n\n<\/div><\/div>\n\n\n<h4 class=\"wp-block-heading has-prirodovedecka-f-color has-text-color\"><strong><strong>Vice-deans<\/strong><\/strong><\/h4>\n\n\n<style>.kb-row-layout-id43945_1d590a-e2 > .kt-row-column-wrap{align-content:start;}:where(.kb-row-layout-id43945_1d590a-e2 > .kt-row-column-wrap) > .wp-block-kadence-column{justify-content:start;}.kb-row-layout-id43945_1d590a-e2 > .kt-row-column-wrap{column-gap:16px;row-gap:var(--global-kb-gap-md, 2rem);padding-top:var(--global-kb-spacing-xs, 1rem);padding-bottom:var(--global-kb-spacing-sm, 1.5rem);}.kb-row-layout-id43945_1d590a-e2 > .kt-row-column-wrap > div:not(.added-for-specificity){grid-column:initial;}.kb-row-layout-id43945_1d590a-e2 > .kt-row-column-wrap{grid-template-columns:repeat(3, minmax(0, 1fr));}.kb-row-layout-id43945_1d590a-e2 > .kt-row-layout-overlay{opacity:0.30;}@media all and (max-width: 1024px){.kb-row-layout-id43945_1d590a-e2 > .kt-row-column-wrap > div:not(.added-for-specificity){grid-column:initial;}}@media all and (max-width: 1024px){.kb-row-layout-id43945_1d590a-e2 > .kt-row-column-wrap{grid-template-columns:repeat(3, minmax(0, 1fr));}}@media all and (max-width: 767px){.kb-row-layout-id43945_1d590a-e2 > .kt-row-column-wrap > div:not(.added-for-specificity){grid-column:initial;}.kb-row-layout-id43945_1d590a-e2 > .kt-row-column-wrap{grid-template-columns:minmax(0, 1fr);}}<\/style><div class=\"kb-row-layout-wrap kb-row-layout-id43945_1d590a-e2 alignnone wp-block-kadence-rowlayout\"><div class=\"kt-row-column-wrap kt-has-3-columns kt-row-layout-equal kt-tab-layout-inherit kt-mobile-layout-row kt-row-valign-top\">\n<style>.kadence-column43945_fb6764-dc > .kt-inside-inner-col,.kadence-column43945_fb6764-dc > .kt-inside-inner-col:before{border-top-left-radius:0px;border-top-right-radius:0px;border-bottom-right-radius:0px;border-bottom-left-radius:0px;}.kadence-column43945_fb6764-dc > .kt-inside-inner-col{column-gap:var(--global-kb-gap-sm, 1rem);}.kadence-column43945_fb6764-dc > .kt-inside-inner-col{flex-direction:column;}.kadence-column43945_fb6764-dc > .kt-inside-inner-col > .aligncenter{width:100%;}.kadence-column43945_fb6764-dc > .kt-inside-inner-col:before{opacity:0.3;}.kadence-column43945_fb6764-dc{position:relative;}@media all and (max-width: 1024px){.kadence-column43945_fb6764-dc > .kt-inside-inner-col{flex-direction:column;justify-content:center;}}@media all and (max-width: 767px){.kadence-column43945_fb6764-dc > .kt-inside-inner-col{flex-direction:column;justify-content:center;}}<\/style>\n<div class=\"wp-block-kadence-column kadence-column43945_fb6764-dc\"><div class=\"kt-inside-inner-col\"><style>.kb-image43945_9aefcf-b7.kb-image-is-ratio-size, .kb-image43945_9aefcf-b7 .kb-image-is-ratio-size{max-width:255px;width:100%;}.wp-block-kadence-column > .kt-inside-inner-col > .kb-image43945_9aefcf-b7.kb-image-is-ratio-size, .wp-block-kadence-column > .kt-inside-inner-col > .kb-image43945_9aefcf-b7 .kb-image-is-ratio-size{align-self:unset;}.kb-image43945_9aefcf-b7{max-width:255px;}.image-is-svg.kb-image43945_9aefcf-b7{-webkit-flex:0 1 100%;flex:0 1 100%;}.image-is-svg.kb-image43945_9aefcf-b7 img{width:100%;}.kb-image43945_9aefcf-b7 .kb-image-has-overlay:after{opacity:0.3;}.kb-image43945_9aefcf-b7 img.kb-img, .kb-image43945_9aefcf-b7 .kb-img img{box-shadow:7px 7px 14px 0px #008338;}<\/style>\n<figure class=\"wp-block-kadence-image kb-image43945_9aefcf-b7 size-full\"><img loading=\"lazy\" decoding=\"async\" width=\"200\" height=\"300\" src=\"https:\/\/www.upjs.sk\/app\/uploads\/sites\/10\/2022\/11\/doc.Kires_.jpg\" alt=\"\" class=\"kb-img wp-image-25375\"\/><figcaption><a href=\"https:\/\/www.upjs.sk\/en\/PF\/employee\/marian.kires\/\" class=\"ek-link\"><strong>Assoc. Prof. <strong>RNDr.<\/strong><\/strong> <strong>Mari\u00e1n Kire\u0161, PhD.<\/strong><\/a><br><strong>Vice-Dean for Academic Affairs<\/strong><br>\u0160rob\u00e1rova 2, 041 54 Ko\u0161ice, Slovakia<br>tel.: ++421-55-234-2117,&nbsp;2540<br>e-mail:&nbsp;<strong><a href=\"mailto:marian.kires@upjs.sk\">marian.kires@upjs.sk<\/a><\/strong><\/figcaption><\/figure>\n<\/div><\/div>\n\n\n<style>.kadence-column43945_80bae7-97 > .kt-inside-inner-col,.kadence-column43945_80bae7-97 > .kt-inside-inner-col:before{border-top-left-radius:0px;border-top-right-radius:0px;border-bottom-right-radius:0px;border-bottom-left-radius:0px;}.kadence-column43945_80bae7-97 > .kt-inside-inner-col{column-gap:var(--global-kb-gap-sm, 1rem);}.kadence-column43945_80bae7-97 > .kt-inside-inner-col{flex-direction:column;}.kadence-column43945_80bae7-97 > .kt-inside-inner-col > .aligncenter{width:100%;}.kadence-column43945_80bae7-97 > .kt-inside-inner-col:before{opacity:0.3;}.kadence-column43945_80bae7-97{position:relative;}@media all and (max-width: 1024px){.kadence-column43945_80bae7-97 > .kt-inside-inner-col{flex-direction:column;justify-content:center;}}@media all and (max-width: 767px){.kadence-column43945_80bae7-97 > .kt-inside-inner-col{flex-direction:column;justify-content:center;}}<\/style>\n<div class=\"wp-block-kadence-column kadence-column43945_80bae7-97\"><div class=\"kt-inside-inner-col\"><style>.kb-image43945_d8a1ac-84.kb-image-is-ratio-size, .kb-image43945_d8a1ac-84 .kb-image-is-ratio-size{max-width:225px;width:100%;}.wp-block-kadence-column > .kt-inside-inner-col > .kb-image43945_d8a1ac-84.kb-image-is-ratio-size, .wp-block-kadence-column > .kt-inside-inner-col > .kb-image43945_d8a1ac-84 .kb-image-is-ratio-size{align-self:unset;}.kb-image43945_d8a1ac-84{max-width:225px;}.image-is-svg.kb-image43945_d8a1ac-84{-webkit-flex:0 1 100%;flex:0 1 100%;}.image-is-svg.kb-image43945_d8a1ac-84 img{width:100%;}.kb-image43945_d8a1ac-84 .kb-image-has-overlay:after{opacity:0.3;}.kb-image43945_d8a1ac-84 img.kb-img, .kb-image43945_d8a1ac-84 .kb-img img{box-shadow:7px 7px 14px 0px #008338;}<\/style>\n<figure class=\"wp-block-kadence-image kb-image43945_d8a1ac-84 size-full\"><img loading=\"lazy\" decoding=\"async\" width=\"200\" height=\"300\" src=\"https:\/\/www.upjs.sk\/app\/uploads\/sites\/10\/2022\/11\/doc.Gallay.jpg\" alt=\"\" class=\"kb-img wp-image-25376\"\/><figcaption><strong><a aria-label=\"doc. Mgr.&nbsp;Michal Gallay, PhD. (opens in a new tab)\" href=\"https:\/\/www.upjs.sk\/en\/PF\/employee\/michal.gallay\/\" target=\"_blank\" rel=\"noreferrer noopener\" class=\"ek-link\">doc. Mgr.&nbsp;Michal Gallay, PhD.<\/a><\/strong><a href=\"https:\/\/www.upjs.sk\/PF\/zamestnanec\/michal.gallay\/\" target=\"_blank\" rel=\"noreferrer noopener\" class=\"ek-link\"><br><\/a><strong>Vice-Dean for External Affais<\/strong><br>\u0160rob\u00e1rova 2, 041&nbsp;54 Ko\u0161ice<br>tel.: 055\/234 2108,&nbsp;234 2453,&nbsp;+421 917 102 480<br>e-mail:<strong>&nbsp;<a href=\"mailto:michal.gallay@upjs.sk\" class=\"ek-link\">michal.gallay@upjs.sk<\/a><\/strong><\/figcaption><\/figure>\n<\/div><\/div>\n\n\n<style>.kadence-column43945_15a427-c3 > .kt-inside-inner-col,.kadence-column43945_15a427-c3 > .kt-inside-inner-col:before{border-top-left-radius:0px;border-top-right-radius:0px;border-bottom-right-radius:0px;border-bottom-left-radius:0px;}.kadence-column43945_15a427-c3 > .kt-inside-inner-col{column-gap:var(--global-kb-gap-sm, 1rem);}.kadence-column43945_15a427-c3 > .kt-inside-inner-col{flex-direction:column;}.kadence-column43945_15a427-c3 > .kt-inside-inner-col > .aligncenter{width:100%;}.kadence-column43945_15a427-c3 > .kt-inside-inner-col:before{opacity:0.3;}.kadence-column43945_15a427-c3{position:relative;}@media all and (max-width: 1024px){.kadence-column43945_15a427-c3 > .kt-inside-inner-col{flex-direction:column;justify-content:center;}}@media all and (max-width: 767px){.kadence-column43945_15a427-c3 > .kt-inside-inner-col{flex-direction:column;justify-content:center;}}<\/style>\n<div class=\"wp-block-kadence-column kadence-column43945_15a427-c3\"><div class=\"kt-inside-inner-col\"><style>.kb-image43945_c16a2f-c5 .kb-image-has-overlay:after{opacity:0.3;}.kb-image43945_c16a2f-c5 img.kb-img, .kb-image43945_c16a2f-c5 .kb-img img{box-shadow:7px 7px 14px 0px #008338;}<\/style>\n<figure class=\"wp-block-kadence-image kb-image43945_c16a2f-c5 size-full\"><img loading=\"lazy\" decoding=\"async\" width=\"200\" height=\"300\" src=\"https:\/\/www.upjs.sk\/app\/uploads\/sites\/10\/2023\/09\/Semanisin.jpg\" alt=\"\" class=\"kb-img wp-image-59354\"\/><figcaption><strong><strong><strong><a href=\"https:\/\/www.upjs.sk\/en\/PF\/employee\/gabriel.semanisin\/\" class=\"ek-link\">prof. RNDr. Gabriel Semani\u0161in, PhD.<\/a><\/strong><\/strong><br><strong><strong>Vice-Dean for <\/strong> Development and&nbsp;Quality Management<\/strong><br><\/strong>\u0160rob\u00e1rova 2, 041&nbsp;54 Ko\u0161ice<br>tel.: 055\/234 2155&nbsp;<br>e-mail:&nbsp;<a href=\"mailto:michal.gallay@upjs.sk\" class=\"ek-link\"><\/a><a href=\"mailto:%20gabriel.semanisin@upjs.sk\" class=\"ek-link\"><strong>gabriel.semanisin@upjs.sk<\/strong><\/a><\/figcaption><\/figure>\n<\/div><\/div>\n\n<\/div><\/div>\n\n\n<h4 class=\"wp-block-heading has-text-align-left has-prirodovedecka-f-color has-text-color\" id=\"block-675425ba-0bd1-4fc6-9512-4038b788b13f\"><strong>Bursar of the Faculty<\/strong><\/h4>\n\n\n<style>.kb-row-layout-id43945_cdc9e4-76 > .kt-row-column-wrap{align-content:start;}:where(.kb-row-layout-id43945_cdc9e4-76 > .kt-row-column-wrap) > .wp-block-kadence-column{justify-content:start;}.kb-row-layout-id43945_cdc9e4-76 > .kt-row-column-wrap{column-gap:var(--global-kb-gap-md, 2rem);row-gap:var(--global-kb-gap-md, 2rem);padding-top:var(--global-kb-spacing-xs, 1rem);padding-bottom:var(--global-kb-spacing-sm, 1.5rem);grid-template-columns:minmax(0, 1fr);}.kb-row-layout-id43945_cdc9e4-76 > .kt-row-layout-overlay{opacity:0.30;}@media all and (max-width: 1024px){.kb-row-layout-id43945_cdc9e4-76 > .kt-row-column-wrap{grid-template-columns:minmax(0, 1fr);}}@media all and (max-width: 767px){.kb-row-layout-id43945_cdc9e4-76 > .kt-row-column-wrap{grid-template-columns:minmax(0, 1fr);}}<\/style><div class=\"kb-row-layout-wrap kb-row-layout-id43945_cdc9e4-76 alignnone wp-block-kadence-rowlayout\"><div class=\"kt-row-column-wrap kt-has-1-columns kt-row-layout-equal kt-tab-layout-inherit kt-mobile-layout-row kt-row-valign-top\">\n<style>.kadence-column43945_13d9d2-1d > .kt-inside-inner-col,.kadence-column43945_13d9d2-1d > .kt-inside-inner-col:before{border-top-left-radius:0px;border-top-right-radius:0px;border-bottom-right-radius:0px;border-bottom-left-radius:0px;}.kadence-column43945_13d9d2-1d > .kt-inside-inner-col{column-gap:var(--global-kb-gap-sm, 1rem);}.kadence-column43945_13d9d2-1d > .kt-inside-inner-col{flex-direction:column;}.kadence-column43945_13d9d2-1d > .kt-inside-inner-col > .aligncenter{width:100%;}.kadence-column43945_13d9d2-1d > .kt-inside-inner-col:before{opacity:0.3;}.kadence-column43945_13d9d2-1d{position:relative;}@media all and (max-width: 1024px){.kadence-column43945_13d9d2-1d > .kt-inside-inner-col{flex-direction:column;justify-content:center;}}@media all and (max-width: 767px){.kadence-column43945_13d9d2-1d > .kt-inside-inner-col{flex-direction:column;justify-content:center;}}<\/style>\n<div class=\"wp-block-kadence-column kadence-column43945_13d9d2-1d\"><div class=\"kt-inside-inner-col\"><style>.kb-image43945_1bc9c8-71 .kb-image-has-overlay:after{opacity:0.3;}.kb-image43945_1bc9c8-71 img.kb-img, .kb-image43945_1bc9c8-71 .kb-img img{box-shadow:7px 7px 14px 0px #008338;}<\/style>\n<figure class=\"wp-block-kadence-image kb-image43945_1bc9c8-71 size-full\"><img loading=\"lazy\" decoding=\"async\" width=\"200\" height=\"300\" src=\"https:\/\/www.upjs.sk\/app\/uploads\/sites\/10\/2022\/11\/Kepicova.jpeg\" alt=\"\" class=\"kb-img wp-image-25377\"\/><figcaption><strong>Ing. Danka Kepi\u010dov\u00e1<\/strong><br>\u0160rob\u00e1rova 2, 041&nbsp;54 Ko\u0161ice<br>tel.: 055\/234 2180<br>e-mail:&nbsp;<a href=\"mailto:pfsekret@upjs.sk\"><strong>pfsekret@upj<\/strong><\/a><strong><a href=\"mailto:pfsekret@upjs.sk\" class=\"ek-link\">s.sk, danka.kepicova@upjs.sk<\/a><\/strong><\/figcaption><\/figure>\n<\/div><\/div>\n\n<\/div><\/div>","protected":false},"excerpt":{"rendered":"<p>Dean Vice-deans Bursar of the Faculty<\/p>\n","protected":false},"author":1,"featured_media":0,"parent":43944,"menu_order":4,"comment_status":"closed","ping_status":"closed","template":"","meta":{"_acf_changed":false,"_editorskit_title_hidden":false,"_editorskit_reading_time":1,"_editorskit_is_block_options_detached":false,"_editorskit_block_options_position":"{}","footnotes":""},"categories":[],"tags":[],"class_list":["post-43945","page","type-page","status-publish","hentry"],"acf":{"acf_link_na_externy_obsah":""},"yoast_head":"<!-- This site is optimized with the Yoast SEO plugin v27.2 - https:\/\/yoast.com\/product\/yoast-seo-wordpress\/ -->\n<title>Faculty Board - Pr\u00edrodovedeck\u00e1 fakulta | UPJ\u0160<\/title>\n<meta name=\"robots\" content=\"index, follow, max-snippet:-1, max-image-preview:large, max-video-preview:-1\" \/>\n<link rel=\"canonical\" href=\"https:\/\/www.upjs.sk\/prirodovedecka-fakulta\/en\/faculty\/faculty-board\/\" \/>\n<meta property=\"og:locale\" content=\"en_US\" \/>\n<meta property=\"og:type\" content=\"article\" \/>\n<meta property=\"og:title\" content=\"Faculty Board - Pr\u00edrodovedeck\u00e1 fakulta | UPJ\u0160\" \/>\n<meta property=\"og:description\" content=\"Dean Vice-deans Bursar of the Faculty\" \/>\n<meta property=\"og:url\" content=\"https:\/\/www.upjs.sk\/prirodovedecka-fakulta\/en\/faculty\/faculty-board\/\" \/>\n<meta property=\"og:site_name\" content=\"Pr\u00edrodovedeck\u00e1 fakulta | UPJ\u0160\" \/>\n<meta property=\"article:modified_time\" content=\"2026-04-01T09:34:45+00:00\" \/>\n<meta property=\"og:image\" content=\"https:\/\/www.upjs.sk\/app\/uploads\/sites\/10\/2022\/11\/doc.Sotak_.jpg\" \/>\n\t<meta property=\"og:image:width\" content=\"200\" \/>\n\t<meta property=\"og:image:height\" content=\"300\" \/>\n\t<meta property=\"og:image:type\" content=\"image\/jpeg\" \/>\n<meta name=\"twitter:card\" content=\"summary_large_image\" \/>\n<meta name=\"twitter:label1\" content=\"Est. reading time\" \/>\n\t<meta name=\"twitter:data1\" content=\"2 minutes\" \/>\n<script type=\"application\/ld+json\" class=\"yoast-schema-graph\">{\"@context\":\"https:\/\/schema.org\",\"@graph\":[{\"@type\":\"WebPage\",\"@id\":\"https:\/\/www.upjs.sk\/prirodovedecka-fakulta\/en\/faculty\/faculty-board\/\",\"url\":\"https:\/\/www.upjs.sk\/prirodovedecka-fakulta\/en\/faculty\/faculty-board\/\",\"name\":\"Faculty Board - Pr\u00edrodovedeck\u00e1 fakulta | UPJ\u0160\",\"isPartOf\":{\"@id\":\"https:\/\/www.upjs.sk\/prirodovedecka-fakulta\/en\/#website\"},\"primaryImageOfPage\":{\"@id\":\"https:\/\/www.upjs.sk\/prirodovedecka-fakulta\/en\/faculty\/faculty-board\/#primaryimage\"},\"image\":{\"@id\":\"https:\/\/www.upjs.sk\/prirodovedecka-fakulta\/en\/faculty\/faculty-board\/#primaryimage\"},\"thumbnailUrl\":\"https:\/\/www.upjs.sk\/app\/uploads\/sites\/10\/2022\/11\/doc.Sotak_.jpg\",\"datePublished\":\"2019-07-09T10:29:39+00:00\",\"dateModified\":\"2026-04-01T09:34:45+00:00\",\"breadcrumb\":{\"@id\":\"https:\/\/www.upjs.sk\/prirodovedecka-fakulta\/en\/faculty\/faculty-board\/#breadcrumb\"},\"inLanguage\":\"en-US\",\"potentialAction\":[{\"@type\":\"ReadAction\",\"target\":[\"https:\/\/www.upjs.sk\/prirodovedecka-fakulta\/en\/faculty\/faculty-board\/\"]}]},{\"@type\":\"ImageObject\",\"inLanguage\":\"en-US\",\"@id\":\"https:\/\/www.upjs.sk\/prirodovedecka-fakulta\/en\/faculty\/faculty-board\/#primaryimage\",\"url\":\"https:\/\/www.upjs.sk\/app\/uploads\/sites\/10\/2022\/11\/doc.Sotak_.jpg\",\"contentUrl\":\"https:\/\/www.upjs.sk\/app\/uploads\/sites\/10\/2022\/11\/doc.Sotak_.jpg\"},{\"@type\":\"BreadcrumbList\",\"@id\":\"https:\/\/www.upjs.sk\/prirodovedecka-fakulta\/en\/faculty\/faculty-board\/#breadcrumb\",\"itemListElement\":[{\"@type\":\"ListItem\",\"position\":1,\"name\":\"Home\",\"item\":\"https:\/\/www.upjs.sk\/prirodovedecka-fakulta\/en\/\"},{\"@type\":\"ListItem\",\"position\":2,\"name\":\"Faculty\",\"item\":\"https:\/\/www.upjs.sk\/prirodovedecka-fakulta\/en\/faculty\/\"},{\"@type\":\"ListItem\",\"position\":3,\"name\":\"Faculty Board\"}]},{\"@type\":\"WebSite\",\"@id\":\"https:\/\/www.upjs.sk\/prirodovedecka-fakulta\/en\/#website\",\"url\":\"https:\/\/www.upjs.sk\/prirodovedecka-fakulta\/en\/\",\"name\":\"Pr\u00edrodovedeck\u00e1 fakulta | UPJ\u0160\",\"description\":\"\",\"publisher\":{\"@id\":\"https:\/\/www.upjs.sk\/prirodovedecka-fakulta\/en\/#organization\"},\"potentialAction\":[{\"@type\":\"SearchAction\",\"target\":{\"@type\":\"EntryPoint\",\"urlTemplate\":\"https:\/\/www.upjs.sk\/prirodovedecka-fakulta\/en\/?s={search_term_string}\"},\"query-input\":{\"@type\":\"PropertyValueSpecification\",\"valueRequired\":true,\"valueName\":\"search_term_string\"}}],\"inLanguage\":\"en-US\"},{\"@type\":\"Organization\",\"@id\":\"https:\/\/www.upjs.sk\/prirodovedecka-fakulta\/en\/#organization\",\"name\":\"Pr\u00edrodovedeck\u00e1 fakulta | UPJ\u0160\",\"url\":\"https:\/\/www.upjs.sk\/prirodovedecka-fakulta\/en\/\",\"logo\":{\"@type\":\"ImageObject\",\"inLanguage\":\"en-US\",\"@id\":\"https:\/\/www.upjs.sk\/prirodovedecka-fakulta\/en\/#\/schema\/logo\/image\/\",\"url\":\"https:\/\/www.upjs.sk\/app\/uploads\/sites\/10\/2023\/02\/PriF_ENG_frame.svg\",\"contentUrl\":\"https:\/\/www.upjs.sk\/app\/uploads\/sites\/10\/2023\/02\/PriF_ENG_frame.svg\",\"width\":292,\"height\":61,\"caption\":\"Pr\u00edrodovedeck\u00e1 fakulta | UPJ\u0160\"},\"image\":{\"@id\":\"https:\/\/www.upjs.sk\/prirodovedecka-fakulta\/en\/#\/schema\/logo\/image\/\"}}]}<\/script>\n<!-- \/ Yoast SEO plugin. -->","yoast_head_json":{"title":"Faculty Board - Pr\u00edrodovedeck\u00e1 fakulta | UPJ\u0160","robots":{"index":"index","follow":"follow","max-snippet":"max-snippet:-1","max-image-preview":"max-image-preview:large","max-video-preview":"max-video-preview:-1"},"canonical":"https:\/\/www.upjs.sk\/prirodovedecka-fakulta\/en\/faculty\/faculty-board\/","og_locale":"en_US","og_type":"article","og_title":"Faculty Board - Pr\u00edrodovedeck\u00e1 fakulta | UPJ\u0160","og_description":"Dean Vice-deans Bursar of the Faculty","og_url":"https:\/\/www.upjs.sk\/prirodovedecka-fakulta\/en\/faculty\/faculty-board\/","og_site_name":"Pr\u00edrodovedeck\u00e1 fakulta | UPJ\u0160","article_modified_time":"2026-04-01T09:34:45+00:00","og_image":[{"width":200,"height":300,"url":"https:\/\/www.upjs.sk\/app\/uploads\/sites\/10\/2022\/11\/doc.Sotak_.jpg","type":"image\/jpeg"}],"twitter_card":"summary_large_image","twitter_misc":{"Est. reading time":"2 minutes"},"schema":{"@context":"https:\/\/schema.org","@graph":[{"@type":"WebPage","@id":"https:\/\/www.upjs.sk\/prirodovedecka-fakulta\/en\/faculty\/faculty-board\/","url":"https:\/\/www.upjs.sk\/prirodovedecka-fakulta\/en\/faculty\/faculty-board\/","name":"Faculty Board - Pr\u00edrodovedeck\u00e1 fakulta | UPJ\u0160","isPartOf":{"@id":"https:\/\/www.upjs.sk\/prirodovedecka-fakulta\/en\/#website"},"primaryImageOfPage":{"@id":"https:\/\/www.upjs.sk\/prirodovedecka-fakulta\/en\/faculty\/faculty-board\/#primaryimage"},"image":{"@id":"https:\/\/www.upjs.sk\/prirodovedecka-fakulta\/en\/faculty\/faculty-board\/#primaryimage"},"thumbnailUrl":"https:\/\/www.upjs.sk\/app\/uploads\/sites\/10\/2022\/11\/doc.Sotak_.jpg","datePublished":"2019-07-09T10:29:39+00:00","dateModified":"2026-04-01T09:34:45+00:00","breadcrumb":{"@id":"https:\/\/www.upjs.sk\/prirodovedecka-fakulta\/en\/faculty\/faculty-board\/#breadcrumb"},"inLanguage":"en-US","potentialAction":[{"@type":"ReadAction","target":["https:\/\/www.upjs.sk\/prirodovedecka-fakulta\/en\/faculty\/faculty-board\/"]}]},{"@type":"ImageObject","inLanguage":"en-US","@id":"https:\/\/www.upjs.sk\/prirodovedecka-fakulta\/en\/faculty\/faculty-board\/#primaryimage","url":"https:\/\/www.upjs.sk\/app\/uploads\/sites\/10\/2022\/11\/doc.Sotak_.jpg","contentUrl":"https:\/\/www.upjs.sk\/app\/uploads\/sites\/10\/2022\/11\/doc.Sotak_.jpg"},{"@type":"BreadcrumbList","@id":"https:\/\/www.upjs.sk\/prirodovedecka-fakulta\/en\/faculty\/faculty-board\/#breadcrumb","itemListElement":[{"@type":"ListItem","position":1,"name":"Home","item":"https:\/\/www.upjs.sk\/prirodovedecka-fakulta\/en\/"},{"@type":"ListItem","position":2,"name":"Faculty","item":"https:\/\/www.upjs.sk\/prirodovedecka-fakulta\/en\/faculty\/"},{"@type":"ListItem","position":3,"name":"Faculty Board"}]},{"@type":"WebSite","@id":"https:\/\/www.upjs.sk\/prirodovedecka-fakulta\/en\/#website","url":"https:\/\/www.upjs.sk\/prirodovedecka-fakulta\/en\/","name":"Pr\u00edrodovedeck\u00e1 fakulta | UPJ\u0160","description":"","publisher":{"@id":"https:\/\/www.upjs.sk\/prirodovedecka-fakulta\/en\/#organization"},"potentialAction":[{"@type":"SearchAction","target":{"@type":"EntryPoint","urlTemplate":"https:\/\/www.upjs.sk\/prirodovedecka-fakulta\/en\/?s={search_term_string}"},"query-input":{"@type":"PropertyValueSpecification","valueRequired":true,"valueName":"search_term_string"}}],"inLanguage":"en-US"},{"@type":"Organization","@id":"https:\/\/www.upjs.sk\/prirodovedecka-fakulta\/en\/#organization","name":"Pr\u00edrodovedeck\u00e1 fakulta | UPJ\u0160","url":"https:\/\/www.upjs.sk\/prirodovedecka-fakulta\/en\/","logo":{"@type":"ImageObject","inLanguage":"en-US","@id":"https:\/\/www.upjs.sk\/prirodovedecka-fakulta\/en\/#\/schema\/logo\/image\/","url":"https:\/\/www.upjs.sk\/app\/uploads\/sites\/10\/2023\/02\/PriF_ENG_frame.svg","contentUrl":"https:\/\/www.upjs.sk\/app\/uploads\/sites\/10\/2023\/02\/PriF_ENG_frame.svg","width":292,"height":61,"caption":"Pr\u00edrodovedeck\u00e1 fakulta | UPJ\u0160"},"image":{"@id":"https:\/\/www.upjs.sk\/prirodovedecka-fakulta\/en\/#\/schema\/logo\/image\/"}}]}},"_links":{"self":[{"href":"https:\/\/www.upjs.sk\/prirodovedecka-fakulta\/en\/wp-json\/wp\/v2\/pages\/43945","targetHints":{"allow":["GET"]}}],"collection":[{"href":"https:\/\/www.upjs.sk\/prirodovedecka-fakulta\/en\/wp-json\/wp\/v2\/pages"}],"about":[{"href":"https:\/\/www.upjs.sk\/prirodovedecka-fakulta\/en\/wp-json\/wp\/v2\/types\/page"}],"author":[{"embeddable":true,"href":"https:\/\/www.upjs.sk\/prirodovedecka-fakulta\/en\/wp-json\/wp\/v2\/users\/1"}],"replies":[{"embeddable":true,"href":"https:\/\/www.upjs.sk\/prirodovedecka-fakulta\/en\/wp-json\/wp\/v2\/comments?post=43945"}],"version-history":[{"count":20,"href":"https:\/\/www.upjs.sk\/prirodovedecka-fakulta\/en\/wp-json\/wp\/v2\/pages\/43945\/revisions"}],"predecessor-version":[{"id":86579,"href":"https:\/\/www.upjs.sk\/prirodovedecka-fakulta\/en\/wp-json\/wp\/v2\/pages\/43945\/revisions\/86579"}],"up":[{"embeddable":true,"href":"https:\/\/www.upjs.sk\/prirodovedecka-fakulta\/en\/wp-json\/wp\/v2\/pages\/43944"}],"wp:attachment":[{"href":"https:\/\/www.upjs.sk\/prirodovedecka-fakulta\/en\/wp-json\/wp\/v2\/media?parent=43945"}],"wp:term":[{"taxonomy":"category","embeddable":true,"href":"https:\/\/www.upjs.sk\/prirodovedecka-fakulta\/en\/wp-json\/wp\/v2\/categories?post=43945"},{"taxonomy":"post_tag","embeddable":true,"href":"https:\/\/www.upjs.sk\/prirodovedecka-fakulta\/en\/wp-json\/wp\/v2\/tags?post=43945"}],"curies":[{"name":"wp","href":"https:\/\/api.w.org\/{rel}","templated":true}]}}