{"id":43971,"date":"2009-09-29T16:21:41","date_gmt":"2009-09-29T16:21:41","guid":{"rendered":"https:\/\/www.upjs.sk\/prirodovedecka-fakulta\/foreign-relations\/socrates-erasmus\/"},"modified":"2022-11-15T12:21:56","modified_gmt":"2022-11-15T11:21:56","slug":"socrates-erasmus","status":"publish","type":"page","link":"https:\/\/www.upjs.sk\/prirodovedecka-fakulta\/en\/foreign-relations\/socrates-erasmus\/","title":{"rendered":"Socrates\/Erasmus"},"content":{"rendered":"<ul>\n<li><a href=\"\/faculty-of-science\/foreign-relations\/socrates-erasmus\/coordinators\/ \">Co\u2013ordinators of Tthe Life Long Programme \/ Erasmus &#8211; contacts <\/a><\/li>\n<li><a href=\"\/faculty-of-science\/foreign-relations\/socrates-erasmus\/partner-universities\/\">Partner universities<\/a><\/li>\n<li>Students and Teaching staff mobility\u00a0<\/li>\n<li>Documents :\n<ul>\n<li><a target=\"_blank\" href=\"http:\/\/www.science.upjs.sk\/files\/96f54f59d705be22f54600093f53dab9.doc\" rel=\"noopener\">Bilateral agreement<\/a><\/li>\n<li>ECTS forms :\n<ul>\n<li><a target=\"_blank\" href=\"http:\/\/www.science.upjs.sk\/files\/60f16355a1a9f2b9b996d66468f557e4.doc\" rel=\"noopener\">Learning agreement<\/a><\/li>\n<li><a target=\"_blank\" href=\"http:\/\/www.science.upjs.sk\/files\/bc1c475f006c606b19a55968315fb210.doc\" rel=\"noopener\">Student application form<\/a><\/li>\n<li><a target=\"_blank\" href=\"http:\/\/www.science.upjs.sk\/files\/1e4032dee0feac5916af15c033232467.doc\" rel=\"noopener\">Transcript of records<\/a><\/li>\n<\/ul>\n<\/li>\n<li><a target=\"_blank\" href=\"http:\/\/www.science.upjs.sk\/files\/db299b49fd651f9712f0556fa6471198.doc\" rel=\"noopener\">Housing reservation<\/a><\/li>\n<\/ul>\n<\/li>\n<li>Links:\n<ul>\n<li><a href=\"http:\/\/www.braintrack.com\/\">http:\/\/www.braintrack.com<\/a>\u00a0<\/li>\n<li><a href=\"http:\/\/www.europa.eu.int\/comm\/education\/erascomp\/index.html\">http:\/\/www.europa.eu.int\/comm\/education\/erascomp\/index.html<\/a><\/li>\n<li><a href=\"http:\/\/ortelius.unifi.it\/\">http:\/\/ortelius.unifi.it<\/a><\/li>\n<\/ul>\n<\/li>\n<li>Information Package\n<ul>\n<li><a target=\"_blank\" href=\"http:\/\/www.science.upjs.sk\/files\/b2a776e62c9ae79c3235b3f5b7176142.doc\" rel=\"noopener\"><font color=\"#284c45\">Introduction<\/font><\/a><\/li>\n<li><a target=\"_blank\" href=\"http:\/\/www.science.upjs.sk\/files\/203c930a09224e666215c84d902544d5.doc\" rel=\"noopener\">Bachelor degree<\/a><\/li>\n<li><a target=\"_blank\" href=\"http:\/\/www.science.upjs.sk\/files\/410a8ea3ddfee322806fec14e5604330.doc\" rel=\"noopener\">Master degree<\/a><\/li>\n<\/ul>\n<\/li>\n<li>Socrates\/Erasmus statistics\n<ul>\n<li><a target=\"_blank\" href=\"http:\/\/ais.upjs.sk\/subroot\/web\/socratesstatistika1.html\" rel=\"noopener\">Signed bilateral agreements<\/a><\/li>\n<li><a target=\"_blank\" href=\"http:\/\/ais.upjs.sk\/subroot\/web\/socratesstatistika2.html\" rel=\"noopener\">Student flows<\/a><\/li>\n<li><a target=\"_blank\" href=\"http:\/\/ais.upjs.sk\/subroot\/web\/socratesstatistika3.html\" rel=\"noopener\">Teaching staff flows<\/a><\/li>\n<\/ul>\n<\/li>\n<\/ul>\n","protected":false},"excerpt":{"rendered":"<p>Co\u2013ordinators of Tthe Life Long Programme \/ Erasmus &#8211; contacts Partner universities Students and Teaching staff mobility\u00a0 Documents : Bilateral agreement ECTS forms : Learning agreement Student application form Transcript of records Housing reservation Links: http:\/\/www.braintrack.com\u00a0 http:\/\/www.europa.eu.int\/comm\/education\/erascomp\/index.html http:\/\/ortelius.unifi.it Information Package Introduction Bachelor degree Master degree Socrates\/Erasmus statistics Signed bilateral agreements Student flows Teaching staff flows<\/p>\n","protected":false},"author":1,"featured_media":0,"parent":43967,"menu_order":1,"comment_status":"closed","ping_status":"closed","template":"","meta":{"_acf_changed":false,"_editorskit_title_hidden":false,"_editorskit_reading_time":0,"_editorskit_is_block_options_detached":false,"_editorskit_block_options_position":"{}","footnotes":""},"categories":[],"tags":[],"class_list":["post-43971","page","type-page","status-publish","hentry"],"acf":{"acf_link_na_externy_obsah":""},"yoast_head":"<!-- This site is optimized with the Yoast SEO plugin v27.4 - https:\/\/yoast.com\/product\/yoast-seo-wordpress\/ -->\n<title>Socrates\/Erasmus - Pr\u00edrodovedeck\u00e1 fakulta | UPJ\u0160<\/title>\n<meta name=\"robots\" content=\"index, follow, max-snippet:-1, max-image-preview:large, max-video-preview:-1\" \/>\n<link rel=\"canonical\" href=\"https:\/\/www.upjs.sk\/prirodovedecka-fakulta\/en\/foreign-relations\/socrates-erasmus\/\" \/>\n<meta property=\"og:locale\" content=\"en_US\" \/>\n<meta property=\"og:type\" content=\"article\" \/>\n<meta property=\"og:title\" content=\"Socrates\/Erasmus - Pr\u00edrodovedeck\u00e1 fakulta | UPJ\u0160\" \/>\n<meta property=\"og:description\" content=\"Co\u2013ordinators of Tthe Life Long Programme \/ Erasmus &#8211; contacts Partner universities Students and Teaching staff mobility\u00a0 Documents : Bilateral agreement ECTS forms : Learning agreement Student application form Transcript of records Housing reservation Links: http:\/\/www.braintrack.com\u00a0 http:\/\/www.europa.eu.int\/comm\/education\/erascomp\/index.html http:\/\/ortelius.unifi.it Information Package Introduction Bachelor degree Master degree Socrates\/Erasmus statistics Signed bilateral agreements Student flows Teaching staff flows\" \/>\n<meta property=\"og:url\" content=\"https:\/\/www.upjs.sk\/prirodovedecka-fakulta\/en\/foreign-relations\/socrates-erasmus\/\" \/>\n<meta property=\"og:site_name\" content=\"Pr\u00edrodovedeck\u00e1 fakulta | UPJ\u0160\" \/>\n<meta property=\"article:modified_time\" content=\"2022-11-15T11:21:56+00:00\" \/>\n<meta name=\"twitter:card\" content=\"summary_large_image\" \/>\n<script type=\"application\/ld+json\" class=\"yoast-schema-graph\">{\"@context\":\"https:\\\/\\\/schema.org\",\"@graph\":[{\"@type\":\"WebPage\",\"@id\":\"https:\\\/\\\/www.upjs.sk\\\/prirodovedecka-fakulta\\\/en\\\/foreign-relations\\\/socrates-erasmus\\\/\",\"url\":\"https:\\\/\\\/www.upjs.sk\\\/prirodovedecka-fakulta\\\/en\\\/foreign-relations\\\/socrates-erasmus\\\/\",\"name\":\"Socrates\\\/Erasmus - Pr\u00edrodovedeck\u00e1 fakulta | UPJ\u0160\",\"isPartOf\":{\"@id\":\"https:\\\/\\\/www.upjs.sk\\\/prirodovedecka-fakulta\\\/en\\\/#website\"},\"datePublished\":\"2009-09-29T16:21:41+00:00\",\"dateModified\":\"2022-11-15T11:21:56+00:00\",\"breadcrumb\":{\"@id\":\"https:\\\/\\\/www.upjs.sk\\\/prirodovedecka-fakulta\\\/en\\\/foreign-relations\\\/socrates-erasmus\\\/#breadcrumb\"},\"inLanguage\":\"en-US\",\"potentialAction\":[{\"@type\":\"ReadAction\",\"target\":[\"https:\\\/\\\/www.upjs.sk\\\/prirodovedecka-fakulta\\\/en\\\/foreign-relations\\\/socrates-erasmus\\\/\"]}]},{\"@type\":\"BreadcrumbList\",\"@id\":\"https:\\\/\\\/www.upjs.sk\\\/prirodovedecka-fakulta\\\/en\\\/foreign-relations\\\/socrates-erasmus\\\/#breadcrumb\",\"itemListElement\":[{\"@type\":\"ListItem\",\"position\":1,\"name\":\"Home\",\"item\":\"https:\\\/\\\/www.upjs.sk\\\/prirodovedecka-fakulta\\\/en\\\/\"},{\"@type\":\"ListItem\",\"position\":2,\"name\":\"Foreign relations\",\"item\":\"https:\\\/\\\/www.upjs.sk\\\/prirodovedecka-fakulta\\\/en\\\/foreign-relations\\\/\"},{\"@type\":\"ListItem\",\"position\":3,\"name\":\"Socrates\\\/Erasmus\"}]},{\"@type\":\"WebSite\",\"@id\":\"https:\\\/\\\/www.upjs.sk\\\/prirodovedecka-fakulta\\\/en\\\/#website\",\"url\":\"https:\\\/\\\/www.upjs.sk\\\/prirodovedecka-fakulta\\\/en\\\/\",\"name\":\"Pr\u00edrodovedeck\u00e1 fakulta | UPJ\u0160\",\"description\":\"\",\"publisher\":{\"@id\":\"https:\\\/\\\/www.upjs.sk\\\/prirodovedecka-fakulta\\\/en\\\/#organization\"},\"potentialAction\":[{\"@type\":\"SearchAction\",\"target\":{\"@type\":\"EntryPoint\",\"urlTemplate\":\"https:\\\/\\\/www.upjs.sk\\\/prirodovedecka-fakulta\\\/en\\\/?s={search_term_string}\"},\"query-input\":{\"@type\":\"PropertyValueSpecification\",\"valueRequired\":true,\"valueName\":\"search_term_string\"}}],\"inLanguage\":\"en-US\"},{\"@type\":\"Organization\",\"@id\":\"https:\\\/\\\/www.upjs.sk\\\/prirodovedecka-fakulta\\\/en\\\/#organization\",\"name\":\"Pr\u00edrodovedeck\u00e1 fakulta | UPJ\u0160\",\"url\":\"https:\\\/\\\/www.upjs.sk\\\/prirodovedecka-fakulta\\\/en\\\/\",\"logo\":{\"@type\":\"ImageObject\",\"inLanguage\":\"en-US\",\"@id\":\"https:\\\/\\\/www.upjs.sk\\\/prirodovedecka-fakulta\\\/en\\\/#\\\/schema\\\/logo\\\/image\\\/\",\"url\":\"https:\\\/\\\/www.upjs.sk\\\/app\\\/uploads\\\/sites\\\/10\\\/2023\\\/02\\\/PriF_ENG_frame.svg\",\"contentUrl\":\"https:\\\/\\\/www.upjs.sk\\\/app\\\/uploads\\\/sites\\\/10\\\/2023\\\/02\\\/PriF_ENG_frame.svg\",\"width\":292,\"height\":61,\"caption\":\"Pr\u00edrodovedeck\u00e1 fakulta | UPJ\u0160\"},\"image\":{\"@id\":\"https:\\\/\\\/www.upjs.sk\\\/prirodovedecka-fakulta\\\/en\\\/#\\\/schema\\\/logo\\\/image\\\/\"}}]}<\/script>\n<!-- \/ Yoast SEO plugin. -->","yoast_head_json":{"title":"Socrates\/Erasmus - Pr\u00edrodovedeck\u00e1 fakulta | UPJ\u0160","robots":{"index":"index","follow":"follow","max-snippet":"max-snippet:-1","max-image-preview":"max-image-preview:large","max-video-preview":"max-video-preview:-1"},"canonical":"https:\/\/www.upjs.sk\/prirodovedecka-fakulta\/en\/foreign-relations\/socrates-erasmus\/","og_locale":"en_US","og_type":"article","og_title":"Socrates\/Erasmus - Pr\u00edrodovedeck\u00e1 fakulta | UPJ\u0160","og_description":"Co\u2013ordinators of Tthe Life Long Programme \/ Erasmus &#8211; contacts Partner universities Students and Teaching staff mobility\u00a0 Documents : Bilateral agreement ECTS forms : Learning agreement Student application form Transcript of records Housing reservation Links: http:\/\/www.braintrack.com\u00a0 http:\/\/www.europa.eu.int\/comm\/education\/erascomp\/index.html http:\/\/ortelius.unifi.it Information Package Introduction Bachelor degree Master degree Socrates\/Erasmus statistics Signed bilateral agreements Student flows Teaching staff flows","og_url":"https:\/\/www.upjs.sk\/prirodovedecka-fakulta\/en\/foreign-relations\/socrates-erasmus\/","og_site_name":"Pr\u00edrodovedeck\u00e1 fakulta | UPJ\u0160","article_modified_time":"2022-11-15T11:21:56+00:00","twitter_card":"summary_large_image","schema":{"@context":"https:\/\/schema.org","@graph":[{"@type":"WebPage","@id":"https:\/\/www.upjs.sk\/prirodovedecka-fakulta\/en\/foreign-relations\/socrates-erasmus\/","url":"https:\/\/www.upjs.sk\/prirodovedecka-fakulta\/en\/foreign-relations\/socrates-erasmus\/","name":"Socrates\/Erasmus - Pr\u00edrodovedeck\u00e1 fakulta | UPJ\u0160","isPartOf":{"@id":"https:\/\/www.upjs.sk\/prirodovedecka-fakulta\/en\/#website"},"datePublished":"2009-09-29T16:21:41+00:00","dateModified":"2022-11-15T11:21:56+00:00","breadcrumb":{"@id":"https:\/\/www.upjs.sk\/prirodovedecka-fakulta\/en\/foreign-relations\/socrates-erasmus\/#breadcrumb"},"inLanguage":"en-US","potentialAction":[{"@type":"ReadAction","target":["https:\/\/www.upjs.sk\/prirodovedecka-fakulta\/en\/foreign-relations\/socrates-erasmus\/"]}]},{"@type":"BreadcrumbList","@id":"https:\/\/www.upjs.sk\/prirodovedecka-fakulta\/en\/foreign-relations\/socrates-erasmus\/#breadcrumb","itemListElement":[{"@type":"ListItem","position":1,"name":"Home","item":"https:\/\/www.upjs.sk\/prirodovedecka-fakulta\/en\/"},{"@type":"ListItem","position":2,"name":"Foreign relations","item":"https:\/\/www.upjs.sk\/prirodovedecka-fakulta\/en\/foreign-relations\/"},{"@type":"ListItem","position":3,"name":"Socrates\/Erasmus"}]},{"@type":"WebSite","@id":"https:\/\/www.upjs.sk\/prirodovedecka-fakulta\/en\/#website","url":"https:\/\/www.upjs.sk\/prirodovedecka-fakulta\/en\/","name":"Pr\u00edrodovedeck\u00e1 fakulta | UPJ\u0160","description":"","publisher":{"@id":"https:\/\/www.upjs.sk\/prirodovedecka-fakulta\/en\/#organization"},"potentialAction":[{"@type":"SearchAction","target":{"@type":"EntryPoint","urlTemplate":"https:\/\/www.upjs.sk\/prirodovedecka-fakulta\/en\/?s={search_term_string}"},"query-input":{"@type":"PropertyValueSpecification","valueRequired":true,"valueName":"search_term_string"}}],"inLanguage":"en-US"},{"@type":"Organization","@id":"https:\/\/www.upjs.sk\/prirodovedecka-fakulta\/en\/#organization","name":"Pr\u00edrodovedeck\u00e1 fakulta | UPJ\u0160","url":"https:\/\/www.upjs.sk\/prirodovedecka-fakulta\/en\/","logo":{"@type":"ImageObject","inLanguage":"en-US","@id":"https:\/\/www.upjs.sk\/prirodovedecka-fakulta\/en\/#\/schema\/logo\/image\/","url":"https:\/\/www.upjs.sk\/app\/uploads\/sites\/10\/2023\/02\/PriF_ENG_frame.svg","contentUrl":"https:\/\/www.upjs.sk\/app\/uploads\/sites\/10\/2023\/02\/PriF_ENG_frame.svg","width":292,"height":61,"caption":"Pr\u00edrodovedeck\u00e1 fakulta | UPJ\u0160"},"image":{"@id":"https:\/\/www.upjs.sk\/prirodovedecka-fakulta\/en\/#\/schema\/logo\/image\/"}}]}},"_links":{"self":[{"href":"https:\/\/www.upjs.sk\/prirodovedecka-fakulta\/en\/wp-json\/wp\/v2\/pages\/43971","targetHints":{"allow":["GET"]}}],"collection":[{"href":"https:\/\/www.upjs.sk\/prirodovedecka-fakulta\/en\/wp-json\/wp\/v2\/pages"}],"about":[{"href":"https:\/\/www.upjs.sk\/prirodovedecka-fakulta\/en\/wp-json\/wp\/v2\/types\/page"}],"author":[{"embeddable":true,"href":"https:\/\/www.upjs.sk\/prirodovedecka-fakulta\/en\/wp-json\/wp\/v2\/users\/1"}],"replies":[{"embeddable":true,"href":"https:\/\/www.upjs.sk\/prirodovedecka-fakulta\/en\/wp-json\/wp\/v2\/comments?post=43971"}],"version-history":[{"count":1,"href":"https:\/\/www.upjs.sk\/prirodovedecka-fakulta\/en\/wp-json\/wp\/v2\/pages\/43971\/revisions"}],"predecessor-version":[{"id":46672,"href":"https:\/\/www.upjs.sk\/prirodovedecka-fakulta\/en\/wp-json\/wp\/v2\/pages\/43971\/revisions\/46672"}],"up":[{"embeddable":true,"href":"https:\/\/www.upjs.sk\/prirodovedecka-fakulta\/en\/wp-json\/wp\/v2\/pages\/43967"}],"wp:attachment":[{"href":"https:\/\/www.upjs.sk\/prirodovedecka-fakulta\/en\/wp-json\/wp\/v2\/media?parent=43971"}],"wp:term":[{"taxonomy":"category","embeddable":true,"href":"https:\/\/www.upjs.sk\/prirodovedecka-fakulta\/en\/wp-json\/wp\/v2\/categories?post=43971"},{"taxonomy":"post_tag","embeddable":true,"href":"https:\/\/www.upjs.sk\/prirodovedecka-fakulta\/en\/wp-json\/wp\/v2\/tags?post=43971"}],"curies":[{"name":"wp","href":"https:\/\/api.w.org\/{rel}","templated":true}]}}