{"id":43972,"date":"2008-10-07T11:59:50","date_gmt":"2008-10-07T11:59:50","guid":{"rendered":"https:\/\/www.upjs.sk\/prirodovedecka-fakulta\/foreign-relations\/international-partners-and-collaboration\/"},"modified":"2022-11-15T12:22:02","modified_gmt":"2022-11-15T11:22:02","slug":"international-partners-and-collaboration","status":"publish","type":"page","link":"https:\/\/www.upjs.sk\/prirodovedecka-fakulta\/en\/foreign-relations\/international-partners-and-collaboration\/","title":{"rendered":"International partners and collaboration"},"content":{"rendered":"<p><strong>Collaboration within international scientific projects<\/strong><\/p>\n<p>\u00a0<\/p>\n<table cellspacing=\"1\" cellpadding=\"1\" width=\"500\" border=\"1\">\n<tbody>\n<tr>\n<td>\n<p align=\"center\"><strong><font color=\"#006666\">Country<\/font><\/strong><\/p>\n<\/td>\n<td>\n<p align=\"center\"><strong><font color=\"#006666\">University<\/font><\/strong><\/p>\n<\/td>\n<\/tr>\n<tr>\n<td><strong>Finland<\/strong><\/td>\n<td>University of Turku, Turku<\/td>\n<\/tr>\n<tr>\n<td><strong>Germany<\/strong><\/td>\n<td>Forschungcentrum J\u00fclich<\/td>\n<\/tr>\n<tr>\n<td><strong>Japan<\/strong><\/td>\n<td>Hokkaido University, Sapporo<\/td>\n<\/tr>\n<tr>\n<td><strong>Norway<\/strong><\/td>\n<td>Institute for Energy Technology, Kjeller<\/td>\n<\/tr>\n<tr>\n<td><strong>Ukraine<\/strong><\/td>\n<td>Uzghorod National University, Uzghorod<\/td>\n<\/tr>\n<tr>\n<td><strong>USA<\/strong><\/td>\n<td>University of Florida, Gainesville, Florida<\/td>\n<\/tr>\n<\/tbody>\n<\/table>\n<p><strong>Collaboration within other international projects<\/strong><\/p>\n<p>\u00a0<\/p>\n<table cellspacing=\"1\" cellpadding=\"1\" width=\"500\" border=\"1\">\n<tbody>\n<tr>\n<td>\n<p align=\"center\"><font color=\"#006666\"><strong>Country<\/strong><\/font><\/p>\n<\/td>\n<td>\n<p align=\"center\"><font color=\"#006666\"><strong>University<\/strong><\/font><\/p>\n<\/td>\n<\/tr>\n<tr>\n<td><strong>Netherlands<\/strong><\/td>\n<td>University of Groningen, Groningen<\/td>\n<\/tr>\n<\/tbody>\n<\/table>\n<p><strong>Collaboration within international contracts<\/strong><\/p>\n<p>\u00a0<\/p>\n<table cellspacing=\"1\" cellpadding=\"1\" width=\"500\" border=\"1\">\n<tbody>\n<tr>\n<td>\n<p align=\"center\"><strong><font color=\"#006666\">Country<\/font><\/strong><\/p>\n<\/td>\n<td>\n<p align=\"center\"><strong><font color=\"#006666\">University<\/font><\/strong><\/p>\n<\/td>\n<\/tr>\n<tr>\n<td valign=\"top\"><strong>Czech Republic<\/strong><\/td>\n<td>Charles University, Prague<br \/>             Institute of Biophysics of the AV \u010cR, Brno<br \/>             Botanical Institute of the AV\u010cR, Pr\u016fhonice<br \/>             Inorganic Chemistry Institute of the AV \u010cR, \u0158e\u017e<br \/>             Masaryk University, Brno<br \/>             Pedagogical faculty, J. E. Purky\u0148e University, \u00dast\u00ed nad Labem<\/td>\n<\/tr>\n<tr>\n<td valign=\"top\"><strong>Germany<\/strong><\/td>\n<td>Universit\u00e4t Bayreuth, Bayreuth<br \/>             Technische Universit\u00e4t, Ilmenau<\/td>\n<\/tr>\n<tr>\n<td><strong>Hungary<\/strong><\/td>\n<td>Univerzita Szent Istv\u00e1n, Budape\u0161\u0165<\/td>\n<\/tr>\n<tr>\n<td valign=\"top\"><strong>Poland<\/strong><\/td>\n<td>University of Lod\u017e, Lod\u017e<br \/>             University of the A. Mickiewicza, Pozna\u0148<br \/>             Technical University of K. Pulaski, Radom<br \/>             University of Rzeszow, Rzeszow<\/td>\n<\/tr>\n<tr>\n<td><strong>Russia<\/strong><\/td>\n<td>Join Nuclear Research Institute, Dubna<\/td>\n<\/tr>\n<tr>\n<td valign=\"top\"><strong>Switzerland<\/strong><\/td>\n<td>Collaboration with the CERN<\/td>\n<\/tr>\n<tr>\n<td valign=\"top\"><strong>Ukraine<\/strong><\/td>\n<td>V. Karazin Kharkiv National University, Kharkov<br \/>             B. I. Verkin Institute for Low Temperature Physics and Engineering, National Academy of Science, Kharkow<br \/>             Uzghorod National University, Uzghorod<\/td>\n<\/tr>\n<\/tbody>\n<\/table>\n","protected":false},"excerpt":{"rendered":"<p>Collaboration within international scientific projects \u00a0 Country University Finland University of Turku, Turku Germany Forschungcentrum J\u00fclich Japan Hokkaido University, Sapporo Norway Institute for Energy Technology, Kjeller Ukraine Uzghorod National University, Uzghorod USA University of Florida, Gainesville, Florida Collaboration within other international projects \u00a0 Country University Netherlands University of Groningen, Groningen Collaboration within international contracts \u00a0 &hellip; <a href=\"https:\/\/www.upjs.sk\/prirodovedecka-fakulta\/en\/foreign-relations\/international-partners-and-collaboration\/\">Continued<\/a><\/p>\n","protected":false},"author":1,"featured_media":0,"parent":43967,"menu_order":2,"comment_status":"closed","ping_status":"closed","template":"","meta":{"_acf_changed":false,"_editorskit_title_hidden":false,"_editorskit_reading_time":0,"_editorskit_is_block_options_detached":false,"_editorskit_block_options_position":"{}","footnotes":""},"categories":[],"tags":[],"class_list":["post-43972","page","type-page","status-publish","hentry"],"acf":{"acf_link_na_externy_obsah":""},"yoast_head":"<!-- This site is optimized with the Yoast SEO plugin v27.4 - https:\/\/yoast.com\/product\/yoast-seo-wordpress\/ -->\n<title>International partners and collaboration - Pr\u00edrodovedeck\u00e1 fakulta | UPJ\u0160<\/title>\n<meta name=\"robots\" content=\"index, follow, max-snippet:-1, max-image-preview:large, max-video-preview:-1\" \/>\n<link rel=\"canonical\" href=\"https:\/\/www.upjs.sk\/prirodovedecka-fakulta\/en\/foreign-relations\/international-partners-and-collaboration\/\" \/>\n<meta property=\"og:locale\" content=\"en_US\" \/>\n<meta property=\"og:type\" content=\"article\" \/>\n<meta property=\"og:title\" content=\"International partners and collaboration - Pr\u00edrodovedeck\u00e1 fakulta | UPJ\u0160\" \/>\n<meta property=\"og:description\" content=\"Collaboration within international scientific projects \u00a0 Country University Finland University of Turku, Turku Germany Forschungcentrum J\u00fclich Japan Hokkaido University, Sapporo Norway Institute for Energy Technology, Kjeller Ukraine Uzghorod National University, Uzghorod USA University of Florida, Gainesville, Florida Collaboration within other international projects \u00a0 Country University Netherlands University of Groningen, Groningen Collaboration within international contracts \u00a0 &hellip; Continued\" \/>\n<meta property=\"og:url\" content=\"https:\/\/www.upjs.sk\/prirodovedecka-fakulta\/en\/foreign-relations\/international-partners-and-collaboration\/\" \/>\n<meta property=\"og:site_name\" content=\"Pr\u00edrodovedeck\u00e1 fakulta | UPJ\u0160\" \/>\n<meta property=\"article:modified_time\" content=\"2022-11-15T11:22:02+00:00\" \/>\n<meta name=\"twitter:card\" content=\"summary_large_image\" \/>\n<meta name=\"twitter:label1\" content=\"Est. reading time\" \/>\n\t<meta name=\"twitter:data1\" content=\"1 minute\" \/>\n<script type=\"application\/ld+json\" class=\"yoast-schema-graph\">{\"@context\":\"https:\\\/\\\/schema.org\",\"@graph\":[{\"@type\":\"WebPage\",\"@id\":\"https:\\\/\\\/www.upjs.sk\\\/prirodovedecka-fakulta\\\/en\\\/foreign-relations\\\/international-partners-and-collaboration\\\/\",\"url\":\"https:\\\/\\\/www.upjs.sk\\\/prirodovedecka-fakulta\\\/en\\\/foreign-relations\\\/international-partners-and-collaboration\\\/\",\"name\":\"International partners and collaboration - Pr\u00edrodovedeck\u00e1 fakulta | UPJ\u0160\",\"isPartOf\":{\"@id\":\"https:\\\/\\\/www.upjs.sk\\\/prirodovedecka-fakulta\\\/en\\\/#website\"},\"datePublished\":\"2008-10-07T11:59:50+00:00\",\"dateModified\":\"2022-11-15T11:22:02+00:00\",\"breadcrumb\":{\"@id\":\"https:\\\/\\\/www.upjs.sk\\\/prirodovedecka-fakulta\\\/en\\\/foreign-relations\\\/international-partners-and-collaboration\\\/#breadcrumb\"},\"inLanguage\":\"en-US\",\"potentialAction\":[{\"@type\":\"ReadAction\",\"target\":[\"https:\\\/\\\/www.upjs.sk\\\/prirodovedecka-fakulta\\\/en\\\/foreign-relations\\\/international-partners-and-collaboration\\\/\"]}]},{\"@type\":\"BreadcrumbList\",\"@id\":\"https:\\\/\\\/www.upjs.sk\\\/prirodovedecka-fakulta\\\/en\\\/foreign-relations\\\/international-partners-and-collaboration\\\/#breadcrumb\",\"itemListElement\":[{\"@type\":\"ListItem\",\"position\":1,\"name\":\"Home\",\"item\":\"https:\\\/\\\/www.upjs.sk\\\/prirodovedecka-fakulta\\\/en\\\/\"},{\"@type\":\"ListItem\",\"position\":2,\"name\":\"Foreign relations\",\"item\":\"https:\\\/\\\/www.upjs.sk\\\/prirodovedecka-fakulta\\\/en\\\/foreign-relations\\\/\"},{\"@type\":\"ListItem\",\"position\":3,\"name\":\"International partners and collaboration\"}]},{\"@type\":\"WebSite\",\"@id\":\"https:\\\/\\\/www.upjs.sk\\\/prirodovedecka-fakulta\\\/en\\\/#website\",\"url\":\"https:\\\/\\\/www.upjs.sk\\\/prirodovedecka-fakulta\\\/en\\\/\",\"name\":\"Pr\u00edrodovedeck\u00e1 fakulta | UPJ\u0160\",\"description\":\"\",\"publisher\":{\"@id\":\"https:\\\/\\\/www.upjs.sk\\\/prirodovedecka-fakulta\\\/en\\\/#organization\"},\"potentialAction\":[{\"@type\":\"SearchAction\",\"target\":{\"@type\":\"EntryPoint\",\"urlTemplate\":\"https:\\\/\\\/www.upjs.sk\\\/prirodovedecka-fakulta\\\/en\\\/?s={search_term_string}\"},\"query-input\":{\"@type\":\"PropertyValueSpecification\",\"valueRequired\":true,\"valueName\":\"search_term_string\"}}],\"inLanguage\":\"en-US\"},{\"@type\":\"Organization\",\"@id\":\"https:\\\/\\\/www.upjs.sk\\\/prirodovedecka-fakulta\\\/en\\\/#organization\",\"name\":\"Pr\u00edrodovedeck\u00e1 fakulta | UPJ\u0160\",\"url\":\"https:\\\/\\\/www.upjs.sk\\\/prirodovedecka-fakulta\\\/en\\\/\",\"logo\":{\"@type\":\"ImageObject\",\"inLanguage\":\"en-US\",\"@id\":\"https:\\\/\\\/www.upjs.sk\\\/prirodovedecka-fakulta\\\/en\\\/#\\\/schema\\\/logo\\\/image\\\/\",\"url\":\"https:\\\/\\\/www.upjs.sk\\\/app\\\/uploads\\\/sites\\\/10\\\/2023\\\/02\\\/PriF_ENG_frame.svg\",\"contentUrl\":\"https:\\\/\\\/www.upjs.sk\\\/app\\\/uploads\\\/sites\\\/10\\\/2023\\\/02\\\/PriF_ENG_frame.svg\",\"width\":292,\"height\":61,\"caption\":\"Pr\u00edrodovedeck\u00e1 fakulta | UPJ\u0160\"},\"image\":{\"@id\":\"https:\\\/\\\/www.upjs.sk\\\/prirodovedecka-fakulta\\\/en\\\/#\\\/schema\\\/logo\\\/image\\\/\"}}]}<\/script>\n<!-- \/ Yoast SEO plugin. -->","yoast_head_json":{"title":"International partners and collaboration - Pr\u00edrodovedeck\u00e1 fakulta | UPJ\u0160","robots":{"index":"index","follow":"follow","max-snippet":"max-snippet:-1","max-image-preview":"max-image-preview:large","max-video-preview":"max-video-preview:-1"},"canonical":"https:\/\/www.upjs.sk\/prirodovedecka-fakulta\/en\/foreign-relations\/international-partners-and-collaboration\/","og_locale":"en_US","og_type":"article","og_title":"International partners and collaboration - Pr\u00edrodovedeck\u00e1 fakulta | UPJ\u0160","og_description":"Collaboration within international scientific projects \u00a0 Country University Finland University of Turku, Turku Germany Forschungcentrum J\u00fclich Japan Hokkaido University, Sapporo Norway Institute for Energy Technology, Kjeller Ukraine Uzghorod National University, Uzghorod USA University of Florida, Gainesville, Florida Collaboration within other international projects \u00a0 Country University Netherlands University of Groningen, Groningen Collaboration within international contracts \u00a0 &hellip; Continued","og_url":"https:\/\/www.upjs.sk\/prirodovedecka-fakulta\/en\/foreign-relations\/international-partners-and-collaboration\/","og_site_name":"Pr\u00edrodovedeck\u00e1 fakulta | UPJ\u0160","article_modified_time":"2022-11-15T11:22:02+00:00","twitter_card":"summary_large_image","twitter_misc":{"Est. reading time":"1 minute"},"schema":{"@context":"https:\/\/schema.org","@graph":[{"@type":"WebPage","@id":"https:\/\/www.upjs.sk\/prirodovedecka-fakulta\/en\/foreign-relations\/international-partners-and-collaboration\/","url":"https:\/\/www.upjs.sk\/prirodovedecka-fakulta\/en\/foreign-relations\/international-partners-and-collaboration\/","name":"International partners and collaboration - Pr\u00edrodovedeck\u00e1 fakulta | UPJ\u0160","isPartOf":{"@id":"https:\/\/www.upjs.sk\/prirodovedecka-fakulta\/en\/#website"},"datePublished":"2008-10-07T11:59:50+00:00","dateModified":"2022-11-15T11:22:02+00:00","breadcrumb":{"@id":"https:\/\/www.upjs.sk\/prirodovedecka-fakulta\/en\/foreign-relations\/international-partners-and-collaboration\/#breadcrumb"},"inLanguage":"en-US","potentialAction":[{"@type":"ReadAction","target":["https:\/\/www.upjs.sk\/prirodovedecka-fakulta\/en\/foreign-relations\/international-partners-and-collaboration\/"]}]},{"@type":"BreadcrumbList","@id":"https:\/\/www.upjs.sk\/prirodovedecka-fakulta\/en\/foreign-relations\/international-partners-and-collaboration\/#breadcrumb","itemListElement":[{"@type":"ListItem","position":1,"name":"Home","item":"https:\/\/www.upjs.sk\/prirodovedecka-fakulta\/en\/"},{"@type":"ListItem","position":2,"name":"Foreign relations","item":"https:\/\/www.upjs.sk\/prirodovedecka-fakulta\/en\/foreign-relations\/"},{"@type":"ListItem","position":3,"name":"International partners and collaboration"}]},{"@type":"WebSite","@id":"https:\/\/www.upjs.sk\/prirodovedecka-fakulta\/en\/#website","url":"https:\/\/www.upjs.sk\/prirodovedecka-fakulta\/en\/","name":"Pr\u00edrodovedeck\u00e1 fakulta | UPJ\u0160","description":"","publisher":{"@id":"https:\/\/www.upjs.sk\/prirodovedecka-fakulta\/en\/#organization"},"potentialAction":[{"@type":"SearchAction","target":{"@type":"EntryPoint","urlTemplate":"https:\/\/www.upjs.sk\/prirodovedecka-fakulta\/en\/?s={search_term_string}"},"query-input":{"@type":"PropertyValueSpecification","valueRequired":true,"valueName":"search_term_string"}}],"inLanguage":"en-US"},{"@type":"Organization","@id":"https:\/\/www.upjs.sk\/prirodovedecka-fakulta\/en\/#organization","name":"Pr\u00edrodovedeck\u00e1 fakulta | UPJ\u0160","url":"https:\/\/www.upjs.sk\/prirodovedecka-fakulta\/en\/","logo":{"@type":"ImageObject","inLanguage":"en-US","@id":"https:\/\/www.upjs.sk\/prirodovedecka-fakulta\/en\/#\/schema\/logo\/image\/","url":"https:\/\/www.upjs.sk\/app\/uploads\/sites\/10\/2023\/02\/PriF_ENG_frame.svg","contentUrl":"https:\/\/www.upjs.sk\/app\/uploads\/sites\/10\/2023\/02\/PriF_ENG_frame.svg","width":292,"height":61,"caption":"Pr\u00edrodovedeck\u00e1 fakulta | UPJ\u0160"},"image":{"@id":"https:\/\/www.upjs.sk\/prirodovedecka-fakulta\/en\/#\/schema\/logo\/image\/"}}]}},"_links":{"self":[{"href":"https:\/\/www.upjs.sk\/prirodovedecka-fakulta\/en\/wp-json\/wp\/v2\/pages\/43972","targetHints":{"allow":["GET"]}}],"collection":[{"href":"https:\/\/www.upjs.sk\/prirodovedecka-fakulta\/en\/wp-json\/wp\/v2\/pages"}],"about":[{"href":"https:\/\/www.upjs.sk\/prirodovedecka-fakulta\/en\/wp-json\/wp\/v2\/types\/page"}],"author":[{"embeddable":true,"href":"https:\/\/www.upjs.sk\/prirodovedecka-fakulta\/en\/wp-json\/wp\/v2\/users\/1"}],"replies":[{"embeddable":true,"href":"https:\/\/www.upjs.sk\/prirodovedecka-fakulta\/en\/wp-json\/wp\/v2\/comments?post=43972"}],"version-history":[{"count":1,"href":"https:\/\/www.upjs.sk\/prirodovedecka-fakulta\/en\/wp-json\/wp\/v2\/pages\/43972\/revisions"}],"predecessor-version":[{"id":46673,"href":"https:\/\/www.upjs.sk\/prirodovedecka-fakulta\/en\/wp-json\/wp\/v2\/pages\/43972\/revisions\/46673"}],"up":[{"embeddable":true,"href":"https:\/\/www.upjs.sk\/prirodovedecka-fakulta\/en\/wp-json\/wp\/v2\/pages\/43967"}],"wp:attachment":[{"href":"https:\/\/www.upjs.sk\/prirodovedecka-fakulta\/en\/wp-json\/wp\/v2\/media?parent=43972"}],"wp:term":[{"taxonomy":"category","embeddable":true,"href":"https:\/\/www.upjs.sk\/prirodovedecka-fakulta\/en\/wp-json\/wp\/v2\/categories?post=43972"},{"taxonomy":"post_tag","embeddable":true,"href":"https:\/\/www.upjs.sk\/prirodovedecka-fakulta\/en\/wp-json\/wp\/v2\/tags?post=43972"}],"curies":[{"name":"wp","href":"https:\/\/api.w.org\/{rel}","templated":true}]}}