{"id":44890,"date":"2018-05-08T15:52:39","date_gmt":"2018-05-08T15:52:39","guid":{"rendered":"https:\/\/www.upjs.sk\/prirodovedecka-fakulta\/inst\/inst-ph\/education\/bac\/"},"modified":"2022-11-15T12:25:53","modified_gmt":"2022-11-15T11:25:53","slug":"bac","status":"publish","type":"page","link":"https:\/\/www.upjs.sk\/prirodovedecka-fakulta\/en\/education\/bac\/","title":{"rendered":"Bachelor level"},"content":{"rendered":"<p class=\"pageTitle\" style=\"margin: 0px; color: rgb(0, 0, 0); font-family: Verdana, sans-serif; font-size: 16px; font-weight: bold;\">Bachelor level of\u00a0study<\/p>\n<table border=\"0\" cellpadding=\"0\" cellspacing=\"0\" style=\"color:rgb(0, 0, 0); font-family:verdana; font-size:12px; width:697px\">\n<tbody>\n<tr>\n<td align=\"left\" colspan=\"2\" width=\"697\">\n<div align=\"justify\">\u00a0 \t\t\t<\/p>\n<h3 class=\"bold\" style=\"margin: 0px; font-family: Verdana, sans-serif; font-size: 11px; font-weight: bold;\">Study programs in Physics<\/h3>\n<hr \/>\n<p>\u00a0 \t\t\t<\/p>\n<h3 class=\"bold\" style=\"margin: 0px; font-family: Verdana, sans-serif; font-size: 11px; font-weight: bold;\">Bachelor level (Bc.):<\/h3>\n<p> \t\t\tthree-year study in following programs: \t\t\t<\/p>\n<ul>\n<li>\n<h3 class=\"bold\" style=\"margin: 0px; font-family: Verdana, sans-serif; font-size: 11px; font-weight: bold;\">Physics<\/h3>\n<p> \t\t\t\tAbsolvent of the bachelor level of study:  \t\t\t\t<\/p>\n<ul>\n<li>can -under the supervision of experienced specialists- perform demanding physical experiments, can solve independently physical problems as well as to apply physical laws into other areas of human activities,<\/li>\n<li>is able to create computational models of processes, motivated by practical demands,<\/li>\n<li>is qualified to manage various measurement and technological equipment,<\/li>\n<li>possess wide spectrum of knowledge from all areas of physics, mathematical and informatical sciences and interdicipinary disciplines.<\/li>\n<\/ul>\n<p> \t\t\t\tAbsolvent of the bachelor level of study is qualified to apply for jobs in computer companies, telecommunications and other companies dealing with applied electronics and physics. Last but not least, she aquires the background for the further study of physics on more advanced level.<\/li>\n<li>\n<h3 class=\"bold\" style=\"margin: 0px; font-family: Verdana, sans-serif; font-size: 11px; font-weight: bold;\">Interdisciplinary study of Physics + one of the other specializations (biology, geography, chemistry, informatics, mathematics, philosophy, psychology, american and british studies, slovak language)<\/h3>\n<p> \t\t\t\tThe study program is formed from combination of two specializations, complemented with essential background in social sciences and information technologies. The social sciences background includes the courses providing the prerequisites for the magister level study preparing student for future career as pedagog. The absolvent of the bachelor level is prepared to study at:  \t\t\t\t<\/p>\n<ol>\n<li>the magister level of study of pedagogic in the selected specialisations,<\/li>\n<li>continue at single one of the choosen specializations as well as.<\/li>\n<\/ol>\n<\/li>\n<\/ul><\/div>\n<\/td>\n<\/tr>\n<\/tbody>\n<\/table>\n<p>\u00a0<\/p>\n","protected":false},"excerpt":{"rendered":"<p>Bachelor level of\u00a0study \u00a0 Study programs in Physics \u00a0 Bachelor level (Bc.): three-year study in following programs: Physics Absolvent of the bachelor level of study: can -under the supervision of experienced specialists- perform demanding physical experiments, can solve independently physical problems as well as to apply physical laws into other areas of human activities, is &hellip; <a href=\"https:\/\/www.upjs.sk\/prirodovedecka-fakulta\/en\/education\/bac\/\">Continued<\/a><\/p>\n","protected":false},"author":1,"featured_media":0,"parent":44889,"menu_order":0,"comment_status":"closed","ping_status":"closed","template":"","meta":{"_acf_changed":false,"_editorskit_title_hidden":false,"_editorskit_reading_time":0,"_editorskit_is_block_options_detached":false,"_editorskit_block_options_position":"{}","footnotes":""},"categories":[],"tags":[],"class_list":["post-44890","page","type-page","status-publish","hentry"],"acf":{"acf_link_na_externy_obsah":""},"yoast_head":"<!-- This site is optimized with the Yoast SEO plugin v27.4 - https:\/\/yoast.com\/product\/yoast-seo-wordpress\/ -->\n<title>Bachelor level - Pr\u00edrodovedeck\u00e1 fakulta | UPJ\u0160<\/title>\n<meta name=\"robots\" content=\"index, follow, max-snippet:-1, max-image-preview:large, max-video-preview:-1\" \/>\n<link rel=\"canonical\" href=\"https:\/\/www.upjs.sk\/prirodovedecka-fakulta\/en\/education\/bac\/\" \/>\n<meta property=\"og:locale\" content=\"en_US\" \/>\n<meta property=\"og:type\" content=\"article\" \/>\n<meta property=\"og:title\" content=\"Bachelor level - Pr\u00edrodovedeck\u00e1 fakulta | UPJ\u0160\" \/>\n<meta property=\"og:description\" content=\"Bachelor level of\u00a0study \u00a0 Study programs in Physics \u00a0 Bachelor level (Bc.): three-year study in following programs: Physics Absolvent of the bachelor level of study: can -under the supervision of experienced specialists- perform demanding physical experiments, can solve independently physical problems as well as to apply physical laws into other areas of human activities, is &hellip; Continued\" \/>\n<meta property=\"og:url\" content=\"https:\/\/www.upjs.sk\/prirodovedecka-fakulta\/en\/education\/bac\/\" \/>\n<meta property=\"og:site_name\" content=\"Pr\u00edrodovedeck\u00e1 fakulta | UPJ\u0160\" \/>\n<meta property=\"article:modified_time\" content=\"2022-11-15T11:25:53+00:00\" \/>\n<meta name=\"twitter:card\" content=\"summary_large_image\" \/>\n<meta name=\"twitter:label1\" content=\"Est. reading time\" \/>\n\t<meta name=\"twitter:data1\" content=\"1 minute\" \/>\n<script type=\"application\/ld+json\" class=\"yoast-schema-graph\">{\"@context\":\"https:\\\/\\\/schema.org\",\"@graph\":[{\"@type\":\"WebPage\",\"@id\":\"https:\\\/\\\/www.upjs.sk\\\/prirodovedecka-fakulta\\\/en\\\/education\\\/bac\\\/\",\"url\":\"https:\\\/\\\/www.upjs.sk\\\/prirodovedecka-fakulta\\\/en\\\/education\\\/bac\\\/\",\"name\":\"Bachelor level - Pr\u00edrodovedeck\u00e1 fakulta | UPJ\u0160\",\"isPartOf\":{\"@id\":\"https:\\\/\\\/www.upjs.sk\\\/prirodovedecka-fakulta\\\/en\\\/#website\"},\"datePublished\":\"2018-05-08T15:52:39+00:00\",\"dateModified\":\"2022-11-15T11:25:53+00:00\",\"breadcrumb\":{\"@id\":\"https:\\\/\\\/www.upjs.sk\\\/prirodovedecka-fakulta\\\/en\\\/education\\\/bac\\\/#breadcrumb\"},\"inLanguage\":\"en-US\",\"potentialAction\":[{\"@type\":\"ReadAction\",\"target\":[\"https:\\\/\\\/www.upjs.sk\\\/prirodovedecka-fakulta\\\/en\\\/education\\\/bac\\\/\"]}]},{\"@type\":\"BreadcrumbList\",\"@id\":\"https:\\\/\\\/www.upjs.sk\\\/prirodovedecka-fakulta\\\/en\\\/education\\\/bac\\\/#breadcrumb\",\"itemListElement\":[{\"@type\":\"ListItem\",\"position\":1,\"name\":\"Home\",\"item\":\"https:\\\/\\\/www.upjs.sk\\\/prirodovedecka-fakulta\\\/en\\\/\"},{\"@type\":\"ListItem\",\"position\":2,\"name\":\"Education\",\"item\":\"https:\\\/\\\/www.upjs.sk\\\/prirodovedecka-fakulta\\\/en\\\/inst\\\/inst-ph__trashed\\\/education\\\/\"},{\"@type\":\"ListItem\",\"position\":3,\"name\":\"Bachelor level\"}]},{\"@type\":\"WebSite\",\"@id\":\"https:\\\/\\\/www.upjs.sk\\\/prirodovedecka-fakulta\\\/en\\\/#website\",\"url\":\"https:\\\/\\\/www.upjs.sk\\\/prirodovedecka-fakulta\\\/en\\\/\",\"name\":\"Pr\u00edrodovedeck\u00e1 fakulta | UPJ\u0160\",\"description\":\"\",\"publisher\":{\"@id\":\"https:\\\/\\\/www.upjs.sk\\\/prirodovedecka-fakulta\\\/en\\\/#organization\"},\"potentialAction\":[{\"@type\":\"SearchAction\",\"target\":{\"@type\":\"EntryPoint\",\"urlTemplate\":\"https:\\\/\\\/www.upjs.sk\\\/prirodovedecka-fakulta\\\/en\\\/?s={search_term_string}\"},\"query-input\":{\"@type\":\"PropertyValueSpecification\",\"valueRequired\":true,\"valueName\":\"search_term_string\"}}],\"inLanguage\":\"en-US\"},{\"@type\":\"Organization\",\"@id\":\"https:\\\/\\\/www.upjs.sk\\\/prirodovedecka-fakulta\\\/en\\\/#organization\",\"name\":\"Pr\u00edrodovedeck\u00e1 fakulta | UPJ\u0160\",\"url\":\"https:\\\/\\\/www.upjs.sk\\\/prirodovedecka-fakulta\\\/en\\\/\",\"logo\":{\"@type\":\"ImageObject\",\"inLanguage\":\"en-US\",\"@id\":\"https:\\\/\\\/www.upjs.sk\\\/prirodovedecka-fakulta\\\/en\\\/#\\\/schema\\\/logo\\\/image\\\/\",\"url\":\"https:\\\/\\\/www.upjs.sk\\\/app\\\/uploads\\\/sites\\\/10\\\/2023\\\/02\\\/PriF_ENG_frame.svg\",\"contentUrl\":\"https:\\\/\\\/www.upjs.sk\\\/app\\\/uploads\\\/sites\\\/10\\\/2023\\\/02\\\/PriF_ENG_frame.svg\",\"width\":292,\"height\":61,\"caption\":\"Pr\u00edrodovedeck\u00e1 fakulta | UPJ\u0160\"},\"image\":{\"@id\":\"https:\\\/\\\/www.upjs.sk\\\/prirodovedecka-fakulta\\\/en\\\/#\\\/schema\\\/logo\\\/image\\\/\"}}]}<\/script>\n<!-- \/ Yoast SEO plugin. -->","yoast_head_json":{"title":"Bachelor level - Pr\u00edrodovedeck\u00e1 fakulta | UPJ\u0160","robots":{"index":"index","follow":"follow","max-snippet":"max-snippet:-1","max-image-preview":"max-image-preview:large","max-video-preview":"max-video-preview:-1"},"canonical":"https:\/\/www.upjs.sk\/prirodovedecka-fakulta\/en\/education\/bac\/","og_locale":"en_US","og_type":"article","og_title":"Bachelor level - Pr\u00edrodovedeck\u00e1 fakulta | UPJ\u0160","og_description":"Bachelor level of\u00a0study \u00a0 Study programs in Physics \u00a0 Bachelor level (Bc.): three-year study in following programs: Physics Absolvent of the bachelor level of study: can -under the supervision of experienced specialists- perform demanding physical experiments, can solve independently physical problems as well as to apply physical laws into other areas of human activities, is &hellip; Continued","og_url":"https:\/\/www.upjs.sk\/prirodovedecka-fakulta\/en\/education\/bac\/","og_site_name":"Pr\u00edrodovedeck\u00e1 fakulta | UPJ\u0160","article_modified_time":"2022-11-15T11:25:53+00:00","twitter_card":"summary_large_image","twitter_misc":{"Est. reading time":"1 minute"},"schema":{"@context":"https:\/\/schema.org","@graph":[{"@type":"WebPage","@id":"https:\/\/www.upjs.sk\/prirodovedecka-fakulta\/en\/education\/bac\/","url":"https:\/\/www.upjs.sk\/prirodovedecka-fakulta\/en\/education\/bac\/","name":"Bachelor level - Pr\u00edrodovedeck\u00e1 fakulta | UPJ\u0160","isPartOf":{"@id":"https:\/\/www.upjs.sk\/prirodovedecka-fakulta\/en\/#website"},"datePublished":"2018-05-08T15:52:39+00:00","dateModified":"2022-11-15T11:25:53+00:00","breadcrumb":{"@id":"https:\/\/www.upjs.sk\/prirodovedecka-fakulta\/en\/education\/bac\/#breadcrumb"},"inLanguage":"en-US","potentialAction":[{"@type":"ReadAction","target":["https:\/\/www.upjs.sk\/prirodovedecka-fakulta\/en\/education\/bac\/"]}]},{"@type":"BreadcrumbList","@id":"https:\/\/www.upjs.sk\/prirodovedecka-fakulta\/en\/education\/bac\/#breadcrumb","itemListElement":[{"@type":"ListItem","position":1,"name":"Home","item":"https:\/\/www.upjs.sk\/prirodovedecka-fakulta\/en\/"},{"@type":"ListItem","position":2,"name":"Education","item":"https:\/\/www.upjs.sk\/prirodovedecka-fakulta\/en\/inst\/inst-ph__trashed\/education\/"},{"@type":"ListItem","position":3,"name":"Bachelor level"}]},{"@type":"WebSite","@id":"https:\/\/www.upjs.sk\/prirodovedecka-fakulta\/en\/#website","url":"https:\/\/www.upjs.sk\/prirodovedecka-fakulta\/en\/","name":"Pr\u00edrodovedeck\u00e1 fakulta | UPJ\u0160","description":"","publisher":{"@id":"https:\/\/www.upjs.sk\/prirodovedecka-fakulta\/en\/#organization"},"potentialAction":[{"@type":"SearchAction","target":{"@type":"EntryPoint","urlTemplate":"https:\/\/www.upjs.sk\/prirodovedecka-fakulta\/en\/?s={search_term_string}"},"query-input":{"@type":"PropertyValueSpecification","valueRequired":true,"valueName":"search_term_string"}}],"inLanguage":"en-US"},{"@type":"Organization","@id":"https:\/\/www.upjs.sk\/prirodovedecka-fakulta\/en\/#organization","name":"Pr\u00edrodovedeck\u00e1 fakulta | UPJ\u0160","url":"https:\/\/www.upjs.sk\/prirodovedecka-fakulta\/en\/","logo":{"@type":"ImageObject","inLanguage":"en-US","@id":"https:\/\/www.upjs.sk\/prirodovedecka-fakulta\/en\/#\/schema\/logo\/image\/","url":"https:\/\/www.upjs.sk\/app\/uploads\/sites\/10\/2023\/02\/PriF_ENG_frame.svg","contentUrl":"https:\/\/www.upjs.sk\/app\/uploads\/sites\/10\/2023\/02\/PriF_ENG_frame.svg","width":292,"height":61,"caption":"Pr\u00edrodovedeck\u00e1 fakulta | UPJ\u0160"},"image":{"@id":"https:\/\/www.upjs.sk\/prirodovedecka-fakulta\/en\/#\/schema\/logo\/image\/"}}]}},"_links":{"self":[{"href":"https:\/\/www.upjs.sk\/prirodovedecka-fakulta\/en\/wp-json\/wp\/v2\/pages\/44890","targetHints":{"allow":["GET"]}}],"collection":[{"href":"https:\/\/www.upjs.sk\/prirodovedecka-fakulta\/en\/wp-json\/wp\/v2\/pages"}],"about":[{"href":"https:\/\/www.upjs.sk\/prirodovedecka-fakulta\/en\/wp-json\/wp\/v2\/types\/page"}],"author":[{"embeddable":true,"href":"https:\/\/www.upjs.sk\/prirodovedecka-fakulta\/en\/wp-json\/wp\/v2\/users\/1"}],"replies":[{"embeddable":true,"href":"https:\/\/www.upjs.sk\/prirodovedecka-fakulta\/en\/wp-json\/wp\/v2\/comments?post=44890"}],"version-history":[{"count":1,"href":"https:\/\/www.upjs.sk\/prirodovedecka-fakulta\/en\/wp-json\/wp\/v2\/pages\/44890\/revisions"}],"predecessor-version":[{"id":46801,"href":"https:\/\/www.upjs.sk\/prirodovedecka-fakulta\/en\/wp-json\/wp\/v2\/pages\/44890\/revisions\/46801"}],"up":[{"embeddable":true,"href":"https:\/\/www.upjs.sk\/prirodovedecka-fakulta\/en\/wp-json\/wp\/v2\/pages\/44889"}],"wp:attachment":[{"href":"https:\/\/www.upjs.sk\/prirodovedecka-fakulta\/en\/wp-json\/wp\/v2\/media?parent=44890"}],"wp:term":[{"taxonomy":"category","embeddable":true,"href":"https:\/\/www.upjs.sk\/prirodovedecka-fakulta\/en\/wp-json\/wp\/v2\/categories?post=44890"},{"taxonomy":"post_tag","embeddable":true,"href":"https:\/\/www.upjs.sk\/prirodovedecka-fakulta\/en\/wp-json\/wp\/v2\/tags?post=44890"}],"curies":[{"name":"wp","href":"https:\/\/api.w.org\/{rel}","templated":true}]}}