{"id":44929,"date":"2018-06-14T17:40:41","date_gmt":"2018-06-14T17:40:41","guid":{"rendered":"https:\/\/www.upjs.sk\/prirodovedecka-fakulta\/inst\/inst-m\/staff\/"},"modified":"2022-11-15T12:27:10","modified_gmt":"2022-11-15T11:27:10","slug":"staff","status":"publish","type":"page","link":"https:\/\/www.upjs.sk\/prirodovedecka-fakulta\/en\/inst-m\/staff\/","title":{"rendered":"Staff"},"content":{"rendered":"<p>\u00a0<\/p>\n<table border=\"1\" cellpadding=\"1\" cellspacing=\"1\" style=\"height:107px; width:100%\">\n<thead>\n<tr>\n<td style=\"border: 1px solid rgb(0, 153, 102); border-image: none; height: 20px; background-color: rgb(0, 153, 102);\"><span style=\"color:rgb(255, 255, 255)\"><font color=\"white\"><strong>Professors Emeritus<\/strong><\/font><strong> <\/strong><\/span><\/td>\n<td style=\"border: 1px solid rgb(0, 153, 102); border-image: none; height: 20px; background-color: rgb(0, 153, 102);\"><strong><span style=\"color:rgb(255, 240, 245)\">Email<\/span><\/strong><\/td>\n<\/tr>\n<\/thead>\n<tbody>\n<tr>\n<td style=\"border: 1px solid rgb(0, 153, 102); border-image: none;\">Prof. Lev Bukovsk\u00fd, DrSc.<\/td>\n<td style=\"border: 1px solid rgb(0, 153, 102); border-image: none;\"><a href=\"mailto:lev.bukovsky@upjs.sk\">lev.bukovsky@upjs.sk<\/a><\/td>\n<\/tr>\n<tr>\n<td colspan=\"2\" style=\"border: 1px solid rgb(0, 153, 102); border-image: none; height: 20px; background-color: rgb(0, 153, 102);\"><span style=\"color:rgb(255, 255, 255)\"><font color=\"white\"><strong>Professors<\/strong><\/font><strong> <\/strong><\/span><\/td>\n<\/tr>\n<tr>\n<td style=\"border: 1px solid rgb(0, 153, 102); border-image: none;\">Prof. Katar\u00edna Cechl\u00e1rov\u00e1, DrSc.<\/td>\n<td style=\"border: 1px solid rgb(0, 153, 102); border-image: none;\"><a href=\"mailto:katarina.cechlarova@upjs.sk\">katarina.cechlarova@upjs.sk<\/a><\/td>\n<\/tr>\n<tr>\n<td style=\"border: 1px solid rgb(0, 153, 102); border-image: none;\">Prof. Jozef Dobo\u0161, PhD.<\/td>\n<td style=\"border: 1px solid rgb(0, 153, 102); border-image: none;\"><a href=\"mailto:jozef.dobos@upjs.sk\">jozef.dobos@upjs.sk<\/a><\/td>\n<\/tr>\n<tr>\n<td style=\"border: 1px solid rgb(0, 153, 102); border-image: none;\">Dr.h.c.prof. Stanislav Jendro\u013e, DrSc.<\/td>\n<td style=\"border: 1px solid rgb(0, 153, 102); border-image: none;\"><a href=\"mailto:stanislav.jendrol@upjs.sk\">stanislav.jendrol@upjs.sk<\/a><\/td>\n<\/tr>\n<tr>\n<td style=\"border: 1px solid rgb(0, 153, 102); border-image: none;\">Prof. Mirko Hor\u0148\u00e1k, PhD<\/td>\n<td style=\"border: 1px solid rgb(0, 153, 102); border-image: none;\"><a href=\"mailto:mirko.hornak@upjs.sk\">mirko.hornak@upjs.sk<\/a><\/td>\n<\/tr>\n<tr>\n<td style=\"border: 1px solid rgb(0, 153, 102); border-image: none;\">Prof. Danica Studenovsk\u00e1, PhD.<\/td>\n<td style=\"border: 1px solid rgb(0, 153, 102); border-image: none;\"><a href=\"mailto:danica.studenkovska@upjs.sk\">danica.studenkovska@upjs.sk<\/a><\/td>\n<\/tr>\n<tr>\n<td colspan=\"2\" style=\"border: 1px solid rgb(0, 153, 102); border-image: none; background-color: rgb(0, 153, 102);\"><span style=\"color:rgb(255, 255, 255)\"><strong>Assoc. Professors<\/strong><\/span><\/td>\n<\/tr>\n<tr>\n<td style=\"border: 1px solid rgb(0, 153, 102); border-image: none;\">Assoc. Prof. Mat\u00fa\u0161 Harminc, PhD.<\/td>\n<td style=\"border: 1px solid rgb(0, 153, 102); border-image: none;\"><a href=\"mailto:matus.harminc@upjs.sk\">matus.harminc@upjs.sk<\/a><\/td>\n<\/tr>\n<tr>\n<td style=\"border: 1px solid rgb(0, 153, 102); border-image: none;\">Assoc. Prof. Ondrej Hutn\u00edk, PhD.<\/td>\n<td style=\"border: 1px solid rgb(0, 153, 102); border-image: none;\"><a href=\"mailto:ondrej.hutnik@upjs.sk\">ondrej.hutnik@upjs.sk<\/a><\/td>\n<\/tr>\n<tr>\n<td style=\"border: 1px solid rgb(0, 153, 102); border-image: none;\">Assoc. Prof. Jaroslav Ivan\u010do, PhD.<\/td>\n<td style=\"border: 1px solid rgb(0, 153, 102); border-image: none;\"><a href=\"mailto:jaroslav.ivanco@upjs.sk\">jaroslav.ivanco@upjs.sk<\/a><\/td>\n<\/tr>\n<tr>\n<td style=\"border: 1px solid rgb(0, 153, 102); border-image: none;\">Assoc. Prof. Stanislav Luk\u00e1\u010d, PhD.<\/td>\n<td style=\"border: 1px solid rgb(0, 153, 102); border-image: none;\"><a href=\"mailto:stanislav.lukac@upjs.sk\">stanislav.lukac@upjs.sk<\/a><\/td>\n<\/tr>\n<tr>\n<td style=\"border: 1px solid rgb(0, 153, 102); border-image: none;\">Assoc. Prof. Tom\u00e1\u0161 Madaras, PhD.<\/td>\n<td style=\"border: 1px solid rgb(0, 153, 102); border-image: none;\"><a href=\"mailto:tomas.madaras@upjs.sk\">tomas.madaras@upjs.sk<\/a><\/td>\n<\/tr>\n<tr>\n<td style=\"border: 1px solid rgb(0, 153, 102); border-image: none;\">Assoc. Prof. Miroslav Plo\u0161\u010dica, PhD.<\/td>\n<td style=\"border: 1px solid rgb(0, 153, 102); border-image: none;\"><a href=\"mailto:miroslav.ploscica@upjs.sk\">miroslav.ploscica@upjs.sk<\/a><\/td>\n<\/tr>\n<tr>\n<td style=\"border: 1px solid rgb(0, 153, 102); border-image: none;\">Assoc. Prof. Val\u00e9ria Sk\u0159iv\u00e1nkov\u00e1, PhD.<\/td>\n<td style=\"border: 1px solid rgb(0, 153, 102); border-image: none;\"><a href=\"mailto:veleria.skrivankova@upjs.sk\">veleria.skrivankova@upjs.sk<\/a><\/td>\n<\/tr>\n<tr>\n<td style=\"border: 1px solid rgb(0, 153, 102); border-image: none;\">Assoc. Prof. Roman Sot\u00e1k, PhD.<\/td>\n<td style=\"border: 1px solid rgb(0, 153, 102); border-image: none;\"><a href=\"mailto:roman.sotak@upjs.sk\">roman.sotak@upjs.sk<\/a><\/td>\n<\/tr>\n<tr>\n<td style=\"border: 1px solid rgb(0, 153, 102); border-image: none;\">Assoc. Prof. Du\u0161an \u0160veda, PhD.<\/td>\n<td style=\"border: 1px solid rgb(0, 153, 102); border-image: none;\"><a href=\"mailto:dusan.sveda@upjs.sk\">dusan.sveda@upjs.sk<\/a><\/td>\n<\/tr>\n<tr>\n<td style=\"border: 1px solid rgb(0, 153, 102); border-image: none;\">Assoc. Prof. Ivan \u017de\u017eula, PhD.<\/td>\n<td style=\"border: 1px solid rgb(0, 153, 102); border-image: none;\"><a href=\"mailto:ivan.zezula@upjs.sk\">ivan.zezula@upjs.sk<\/a><\/td>\n<\/tr>\n<tr>\n<td colspan=\"2\" style=\"border: 1px solid rgb(0, 153, 102); border-image: none; background-color: rgb(0, 153, 102);\"><span style=\"color:rgb(255, 255, 255)\"><strong>Assist. Professors<\/strong><\/span><\/td>\n<\/tr>\n<tr>\n<td style=\"border: 1px solid rgb(0, 153, 102); border-image: none;\">Igor Fabrici<\/td>\n<td style=\"border: 1px solid rgb(0, 153, 102); border-image: none;\"><a href=\"mailto:igor.fabrici@upjs.sk\">igor.fabrici@upjs.sk<\/a><\/td>\n<\/tr>\n<tr>\n<td style=\"border: 1px solid rgb(0, 153, 102); border-image: none;\">Lenka Hal\u010dinov\u00e1, PhD.<\/td>\n<td style=\"border: 1px solid rgb(0, 153, 102); border-image: none;\"><a href=\"mailto:lenka.halcinova@upjs.sk\">lenka.halcinova@upjs.sk<\/a><\/td>\n<\/tr>\n<tr>\n<td style=\"border: 1px solid rgb(0, 153, 102); border-image: none;\">Martina Han\u010dov\u00e1, PhD.<\/td>\n<td style=\"border: 1px solid rgb(0, 153, 102); border-image: none;\"><a href=\"mailto:martina.hancova@upjs.sk\">martina.hancova@upjs.sk<\/a><\/td>\n<\/tr>\n<tr>\n<td style=\"border: 1px solid rgb(0, 153, 102); border-image: none;\">Jozef Kise\u013e\u00e1k, PhD.<\/td>\n<td style=\"border: 1px solid rgb(0, 153, 102); border-image: none;\"><a href=\"mailto:jozef.kiselak@upjs.sk\">jozef.kiselak@upjs.sk<\/a><\/td>\n<\/tr>\n<tr>\n<td style=\"border: 1px solid rgb(0, 153, 102); border-image: none;\">Daniel Klein, PhD.<\/td>\n<td style=\"border: 1px solid rgb(0, 153, 102); border-image: none;\"><a href=\"mailto:daniel.klein@upjs.sk\">daniel.klein@upjs.sk<\/a><\/td>\n<\/tr>\n<tr>\n<td style=\"border: 1px solid rgb(0, 153, 102); border-image: none;\">Katar\u00edna Lu\u010divjansk\u00e1, PhD.<\/td>\n<td style=\"border: 1px solid rgb(0, 153, 102); border-image: none;\"><a href=\"mailto:katarina.lucivjanska@upjs.sk\">katarina.lucivjanska@upjs.sk<\/a><\/td>\n<\/tr>\n<tr>\n<td style=\"border: 1px solid rgb(0, 153, 102); border-image: none;\">M\u00e1ria Macekov\u00e1, PhD.<\/td>\n<td style=\"border: 1px solid rgb(0, 153, 102); border-image: none;\"><a href=\"mailto:maria.macekova@upjs.sk\">maria.macekova@upjs.sk<\/a><\/td>\n<\/tr>\n<tr>\n<td style=\"border: 1px solid rgb(0, 153, 102); border-image: none;\">Ingrid Semani\u0161inov\u00e1, PhD.<\/td>\n<td style=\"border: 1px solid rgb(0, 153, 102); border-image: none;\"><a href=\"mailto:ingrid.semanisinova@upjs.sk\">ingrid.semanisinova@upjs.sk<\/a><\/td>\n<\/tr>\n<tr>\n<td style=\"border: 1px solid rgb(0, 153, 102); border-image: none;\">Jaroslav \u0160upina, PhD.<\/td>\n<td style=\"border: 1px solid rgb(0, 153, 102); border-image: none;\"><a href=\"mailto:jaroslav.supina@upjs.sk\">jaroslav.supina@upjs.sk<\/a><\/td>\n<\/tr>\n<tr>\n<td colspan=\"2\" style=\"border: 1px solid rgb(0, 153, 102); border-image: none; background-color: rgb(0, 153, 102);\"><span style=\"color:rgb(255, 255, 255)\"><strong>Staff<\/strong><\/span><\/td>\n<\/tr>\n<tr>\n<td style=\"border: 1px solid rgb(0, 153, 102); border-image: none;\">Zlatica Knap\u00edkov\u00e1<\/td>\n<td style=\"border: 1px solid rgb(0, 153, 102); border-image: none;\"><a href=\"mailto:zlatica.knapikova@upjs.sk\">zlatica.knapikova@upjs.sk<\/a><\/td>\n<\/tr>\n<tr>\n<td style=\"border: 1px solid rgb(0, 153, 102); border-image: none;\">Veronika Hube\u0148\u00e1kov\u00e1 ,PhD.<\/td>\n<td style=\"border: 1px solid rgb(0, 153, 102); border-image: none;\"><a href=\"mailto:veronika.hubenakova@upjs.sk\">veronika.hubenakova@upjs.sk<\/a><\/td>\n<\/tr>\n<tr>\n<td style=\"border: 1px solid rgb(0, 153, 102); border-image: none;\">Veronika Kop\u010dov\u00e1<\/td>\n<td style=\"border: 1px solid rgb(0, 153, 102); border-image: none;\"><a href=\"mailto:veronika.kopcova@student.upjs.sk\">veronika.kopcova@student.upjs.sk<\/a><\/td>\n<\/tr>\n<tr>\n<td style=\"border: 1px solid rgb(0, 153, 102); border-image: none;\">Monika Onofrejov\u00e1<\/td>\n<td style=\"border: 1px solid rgb(0, 153, 102); border-image: none;\"><a href=\"mailto:monika.onofrejova@upjs.sk\">monika.onofrejova@upjs.sk<\/a><\/td>\n<\/tr>\n<tr>\n<td style=\"border: 1px solid rgb(0, 153, 102); border-image: none;\">Martina Tam\u00e1\u0161ov\u00e1<\/td>\n<td style=\"border: 1px solid rgb(0, 153, 102); border-image: none;\"><a href=\"mailto:martina.tamasova@student.upjs.sk\">martina.tamasova@student.upjs.sk<\/a><\/td>\n<\/tr>\n<\/tbody>\n<\/table>\n","protected":false},"excerpt":{"rendered":"<p>\u00a0 Professors Emeritus Email Prof. Lev Bukovsk\u00fd, DrSc. lev.bukovsky@upjs.sk Professors Prof. Katar\u00edna Cechl\u00e1rov\u00e1, DrSc. katarina.cechlarova@upjs.sk Prof. Jozef Dobo\u0161, PhD. jozef.dobos@upjs.sk Dr.h.c.prof. Stanislav Jendro\u013e, DrSc. stanislav.jendrol@upjs.sk Prof. Mirko Hor\u0148\u00e1k, PhD mirko.hornak@upjs.sk Prof. Danica Studenovsk\u00e1, PhD. danica.studenkovska@upjs.sk Assoc. Professors Assoc. Prof. Mat\u00fa\u0161 Harminc, PhD. matus.harminc@upjs.sk Assoc. Prof. Ondrej Hutn\u00edk, PhD. ondrej.hutnik@upjs.sk Assoc. Prof. Jaroslav Ivan\u010do, PhD. jaroslav.ivanco@upjs.sk &hellip; <a href=\"https:\/\/www.upjs.sk\/prirodovedecka-fakulta\/en\/inst-m\/staff\/\">Continued<\/a><\/p>\n","protected":false},"author":1,"featured_media":0,"parent":44926,"menu_order":1,"comment_status":"closed","ping_status":"closed","template":"","meta":{"_acf_changed":false,"_editorskit_title_hidden":false,"_editorskit_reading_time":0,"_editorskit_is_block_options_detached":false,"_editorskit_block_options_position":"{}","footnotes":""},"categories":[],"tags":[],"class_list":["post-44929","page","type-page","status-publish","hentry"],"acf":{"acf_link_na_externy_obsah":""},"yoast_head":"<!-- This site is optimized with the Yoast SEO plugin v27.4 - https:\/\/yoast.com\/product\/yoast-seo-wordpress\/ -->\n<title>Staff - Pr\u00edrodovedeck\u00e1 fakulta | UPJ\u0160<\/title>\n<meta name=\"robots\" content=\"index, follow, max-snippet:-1, max-image-preview:large, max-video-preview:-1\" \/>\n<link rel=\"canonical\" href=\"https:\/\/www.upjs.sk\/prirodovedecka-fakulta\/en\/inst-m\/staff\/\" \/>\n<meta property=\"og:locale\" content=\"en_US\" \/>\n<meta property=\"og:type\" content=\"article\" \/>\n<meta property=\"og:title\" content=\"Staff - Pr\u00edrodovedeck\u00e1 fakulta | UPJ\u0160\" \/>\n<meta property=\"og:description\" content=\"\u00a0 Professors Emeritus Email Prof. Lev Bukovsk\u00fd, DrSc. lev.bukovsky@upjs.sk Professors Prof. Katar\u00edna Cechl\u00e1rov\u00e1, DrSc. katarina.cechlarova@upjs.sk Prof. Jozef Dobo\u0161, PhD. jozef.dobos@upjs.sk Dr.h.c.prof. Stanislav Jendro\u013e, DrSc. stanislav.jendrol@upjs.sk Prof. Mirko Hor\u0148\u00e1k, PhD mirko.hornak@upjs.sk Prof. Danica Studenovsk\u00e1, PhD. danica.studenkovska@upjs.sk Assoc. Professors Assoc. Prof. Mat\u00fa\u0161 Harminc, PhD. matus.harminc@upjs.sk Assoc. Prof. Ondrej Hutn\u00edk, PhD. ondrej.hutnik@upjs.sk Assoc. Prof. Jaroslav Ivan\u010do, PhD. jaroslav.ivanco@upjs.sk &hellip; Continued\" \/>\n<meta property=\"og:url\" content=\"https:\/\/www.upjs.sk\/prirodovedecka-fakulta\/en\/inst-m\/staff\/\" \/>\n<meta property=\"og:site_name\" content=\"Pr\u00edrodovedeck\u00e1 fakulta | UPJ\u0160\" \/>\n<meta property=\"article:modified_time\" content=\"2022-11-15T11:27:10+00:00\" \/>\n<meta name=\"twitter:card\" content=\"summary_large_image\" \/>\n<meta name=\"twitter:label1\" content=\"Est. reading time\" \/>\n\t<meta name=\"twitter:data1\" content=\"1 minute\" \/>\n<script type=\"application\/ld+json\" class=\"yoast-schema-graph\">{\"@context\":\"https:\\\/\\\/schema.org\",\"@graph\":[{\"@type\":\"WebPage\",\"@id\":\"https:\\\/\\\/www.upjs.sk\\\/prirodovedecka-fakulta\\\/en\\\/inst-m\\\/staff\\\/\",\"url\":\"https:\\\/\\\/www.upjs.sk\\\/prirodovedecka-fakulta\\\/en\\\/inst-m\\\/staff\\\/\",\"name\":\"Staff - Pr\u00edrodovedeck\u00e1 fakulta | UPJ\u0160\",\"isPartOf\":{\"@id\":\"https:\\\/\\\/www.upjs.sk\\\/prirodovedecka-fakulta\\\/en\\\/#website\"},\"datePublished\":\"2018-06-14T17:40:41+00:00\",\"dateModified\":\"2022-11-15T11:27:10+00:00\",\"breadcrumb\":{\"@id\":\"https:\\\/\\\/www.upjs.sk\\\/prirodovedecka-fakulta\\\/en\\\/inst-m\\\/staff\\\/#breadcrumb\"},\"inLanguage\":\"en-US\",\"potentialAction\":[{\"@type\":\"ReadAction\",\"target\":[\"https:\\\/\\\/www.upjs.sk\\\/prirodovedecka-fakulta\\\/en\\\/inst-m\\\/staff\\\/\"]}]},{\"@type\":\"BreadcrumbList\",\"@id\":\"https:\\\/\\\/www.upjs.sk\\\/prirodovedecka-fakulta\\\/en\\\/inst-m\\\/staff\\\/#breadcrumb\",\"itemListElement\":[{\"@type\":\"ListItem\",\"position\":1,\"name\":\"Home\",\"item\":\"https:\\\/\\\/www.upjs.sk\\\/prirodovedecka-fakulta\\\/en\\\/\"},{\"@type\":\"ListItem\",\"position\":2,\"name\":\"Institute of Mathematics\",\"item\":\"https:\\\/\\\/www.upjs.sk\\\/prirodovedecka-fakulta\\\/en\\\/inst\\\/inst-m\\\/\"},{\"@type\":\"ListItem\",\"position\":3,\"name\":\"Staff\"}]},{\"@type\":\"WebSite\",\"@id\":\"https:\\\/\\\/www.upjs.sk\\\/prirodovedecka-fakulta\\\/en\\\/#website\",\"url\":\"https:\\\/\\\/www.upjs.sk\\\/prirodovedecka-fakulta\\\/en\\\/\",\"name\":\"Pr\u00edrodovedeck\u00e1 fakulta | UPJ\u0160\",\"description\":\"\",\"publisher\":{\"@id\":\"https:\\\/\\\/www.upjs.sk\\\/prirodovedecka-fakulta\\\/en\\\/#organization\"},\"potentialAction\":[{\"@type\":\"SearchAction\",\"target\":{\"@type\":\"EntryPoint\",\"urlTemplate\":\"https:\\\/\\\/www.upjs.sk\\\/prirodovedecka-fakulta\\\/en\\\/?s={search_term_string}\"},\"query-input\":{\"@type\":\"PropertyValueSpecification\",\"valueRequired\":true,\"valueName\":\"search_term_string\"}}],\"inLanguage\":\"en-US\"},{\"@type\":\"Organization\",\"@id\":\"https:\\\/\\\/www.upjs.sk\\\/prirodovedecka-fakulta\\\/en\\\/#organization\",\"name\":\"Pr\u00edrodovedeck\u00e1 fakulta | UPJ\u0160\",\"url\":\"https:\\\/\\\/www.upjs.sk\\\/prirodovedecka-fakulta\\\/en\\\/\",\"logo\":{\"@type\":\"ImageObject\",\"inLanguage\":\"en-US\",\"@id\":\"https:\\\/\\\/www.upjs.sk\\\/prirodovedecka-fakulta\\\/en\\\/#\\\/schema\\\/logo\\\/image\\\/\",\"url\":\"https:\\\/\\\/www.upjs.sk\\\/app\\\/uploads\\\/sites\\\/10\\\/2023\\\/02\\\/PriF_ENG_frame.svg\",\"contentUrl\":\"https:\\\/\\\/www.upjs.sk\\\/app\\\/uploads\\\/sites\\\/10\\\/2023\\\/02\\\/PriF_ENG_frame.svg\",\"width\":292,\"height\":61,\"caption\":\"Pr\u00edrodovedeck\u00e1 fakulta | UPJ\u0160\"},\"image\":{\"@id\":\"https:\\\/\\\/www.upjs.sk\\\/prirodovedecka-fakulta\\\/en\\\/#\\\/schema\\\/logo\\\/image\\\/\"}}]}<\/script>\n<!-- \/ Yoast SEO plugin. -->","yoast_head_json":{"title":"Staff - Pr\u00edrodovedeck\u00e1 fakulta | UPJ\u0160","robots":{"index":"index","follow":"follow","max-snippet":"max-snippet:-1","max-image-preview":"max-image-preview:large","max-video-preview":"max-video-preview:-1"},"canonical":"https:\/\/www.upjs.sk\/prirodovedecka-fakulta\/en\/inst-m\/staff\/","og_locale":"en_US","og_type":"article","og_title":"Staff - Pr\u00edrodovedeck\u00e1 fakulta | UPJ\u0160","og_description":"\u00a0 Professors Emeritus Email Prof. Lev Bukovsk\u00fd, DrSc. lev.bukovsky@upjs.sk Professors Prof. Katar\u00edna Cechl\u00e1rov\u00e1, DrSc. katarina.cechlarova@upjs.sk Prof. Jozef Dobo\u0161, PhD. jozef.dobos@upjs.sk Dr.h.c.prof. Stanislav Jendro\u013e, DrSc. stanislav.jendrol@upjs.sk Prof. Mirko Hor\u0148\u00e1k, PhD mirko.hornak@upjs.sk Prof. Danica Studenovsk\u00e1, PhD. danica.studenkovska@upjs.sk Assoc. Professors Assoc. Prof. Mat\u00fa\u0161 Harminc, PhD. matus.harminc@upjs.sk Assoc. Prof. Ondrej Hutn\u00edk, PhD. ondrej.hutnik@upjs.sk Assoc. Prof. Jaroslav Ivan\u010do, PhD. jaroslav.ivanco@upjs.sk &hellip; Continued","og_url":"https:\/\/www.upjs.sk\/prirodovedecka-fakulta\/en\/inst-m\/staff\/","og_site_name":"Pr\u00edrodovedeck\u00e1 fakulta | UPJ\u0160","article_modified_time":"2022-11-15T11:27:10+00:00","twitter_card":"summary_large_image","twitter_misc":{"Est. reading time":"1 minute"},"schema":{"@context":"https:\/\/schema.org","@graph":[{"@type":"WebPage","@id":"https:\/\/www.upjs.sk\/prirodovedecka-fakulta\/en\/inst-m\/staff\/","url":"https:\/\/www.upjs.sk\/prirodovedecka-fakulta\/en\/inst-m\/staff\/","name":"Staff - Pr\u00edrodovedeck\u00e1 fakulta | UPJ\u0160","isPartOf":{"@id":"https:\/\/www.upjs.sk\/prirodovedecka-fakulta\/en\/#website"},"datePublished":"2018-06-14T17:40:41+00:00","dateModified":"2022-11-15T11:27:10+00:00","breadcrumb":{"@id":"https:\/\/www.upjs.sk\/prirodovedecka-fakulta\/en\/inst-m\/staff\/#breadcrumb"},"inLanguage":"en-US","potentialAction":[{"@type":"ReadAction","target":["https:\/\/www.upjs.sk\/prirodovedecka-fakulta\/en\/inst-m\/staff\/"]}]},{"@type":"BreadcrumbList","@id":"https:\/\/www.upjs.sk\/prirodovedecka-fakulta\/en\/inst-m\/staff\/#breadcrumb","itemListElement":[{"@type":"ListItem","position":1,"name":"Home","item":"https:\/\/www.upjs.sk\/prirodovedecka-fakulta\/en\/"},{"@type":"ListItem","position":2,"name":"Institute of Mathematics","item":"https:\/\/www.upjs.sk\/prirodovedecka-fakulta\/en\/inst\/inst-m\/"},{"@type":"ListItem","position":3,"name":"Staff"}]},{"@type":"WebSite","@id":"https:\/\/www.upjs.sk\/prirodovedecka-fakulta\/en\/#website","url":"https:\/\/www.upjs.sk\/prirodovedecka-fakulta\/en\/","name":"Pr\u00edrodovedeck\u00e1 fakulta | UPJ\u0160","description":"","publisher":{"@id":"https:\/\/www.upjs.sk\/prirodovedecka-fakulta\/en\/#organization"},"potentialAction":[{"@type":"SearchAction","target":{"@type":"EntryPoint","urlTemplate":"https:\/\/www.upjs.sk\/prirodovedecka-fakulta\/en\/?s={search_term_string}"},"query-input":{"@type":"PropertyValueSpecification","valueRequired":true,"valueName":"search_term_string"}}],"inLanguage":"en-US"},{"@type":"Organization","@id":"https:\/\/www.upjs.sk\/prirodovedecka-fakulta\/en\/#organization","name":"Pr\u00edrodovedeck\u00e1 fakulta | UPJ\u0160","url":"https:\/\/www.upjs.sk\/prirodovedecka-fakulta\/en\/","logo":{"@type":"ImageObject","inLanguage":"en-US","@id":"https:\/\/www.upjs.sk\/prirodovedecka-fakulta\/en\/#\/schema\/logo\/image\/","url":"https:\/\/www.upjs.sk\/app\/uploads\/sites\/10\/2023\/02\/PriF_ENG_frame.svg","contentUrl":"https:\/\/www.upjs.sk\/app\/uploads\/sites\/10\/2023\/02\/PriF_ENG_frame.svg","width":292,"height":61,"caption":"Pr\u00edrodovedeck\u00e1 fakulta | UPJ\u0160"},"image":{"@id":"https:\/\/www.upjs.sk\/prirodovedecka-fakulta\/en\/#\/schema\/logo\/image\/"}}]}},"_links":{"self":[{"href":"https:\/\/www.upjs.sk\/prirodovedecka-fakulta\/en\/wp-json\/wp\/v2\/pages\/44929","targetHints":{"allow":["GET"]}}],"collection":[{"href":"https:\/\/www.upjs.sk\/prirodovedecka-fakulta\/en\/wp-json\/wp\/v2\/pages"}],"about":[{"href":"https:\/\/www.upjs.sk\/prirodovedecka-fakulta\/en\/wp-json\/wp\/v2\/types\/page"}],"author":[{"embeddable":true,"href":"https:\/\/www.upjs.sk\/prirodovedecka-fakulta\/en\/wp-json\/wp\/v2\/users\/1"}],"replies":[{"embeddable":true,"href":"https:\/\/www.upjs.sk\/prirodovedecka-fakulta\/en\/wp-json\/wp\/v2\/comments?post=44929"}],"version-history":[{"count":1,"href":"https:\/\/www.upjs.sk\/prirodovedecka-fakulta\/en\/wp-json\/wp\/v2\/pages\/44929\/revisions"}],"predecessor-version":[{"id":46840,"href":"https:\/\/www.upjs.sk\/prirodovedecka-fakulta\/en\/wp-json\/wp\/v2\/pages\/44929\/revisions\/46840"}],"up":[{"embeddable":true,"href":"https:\/\/www.upjs.sk\/prirodovedecka-fakulta\/en\/wp-json\/wp\/v2\/pages\/44926"}],"wp:attachment":[{"href":"https:\/\/www.upjs.sk\/prirodovedecka-fakulta\/en\/wp-json\/wp\/v2\/media?parent=44929"}],"wp:term":[{"taxonomy":"category","embeddable":true,"href":"https:\/\/www.upjs.sk\/prirodovedecka-fakulta\/en\/wp-json\/wp\/v2\/categories?post=44929"},{"taxonomy":"post_tag","embeddable":true,"href":"https:\/\/www.upjs.sk\/prirodovedecka-fakulta\/en\/wp-json\/wp\/v2\/tags?post=44929"}],"curies":[{"name":"wp","href":"https:\/\/api.w.org\/{rel}","templated":true}]}}