{"id":48895,"date":"2023-01-24T11:53:03","date_gmt":"2023-01-24T10:53:03","guid":{"rendered":"https:\/\/www.upjs.sk\/prirodovedecka-fakulta\/?page_id=48895"},"modified":"2024-01-04T11:35:43","modified_gmt":"2024-01-04T10:35:43","slug":"alumni-space-alumni-club","status":"publish","type":"page","link":"https:\/\/www.upjs.sk\/prirodovedecka-fakulta\/en\/alumni-space-alumni-club\/","title":{"rendered":"Alumni Space \u2013 Alumni Club"},"content":{"rendered":"\n<p>Dear graduates of the Faculty of Science of the Pavol Jozef \u0160af\u00e1rik University in Ko\u0161ice,<\/p>\n\n\n\n<p>the management of the faculty strives to keep in touch and to develop its relations, in the long term, with its graduates. We use the following channels, above and beyond personal contact, to communicate:<\/p>\n\n\n\n<figure class=\"wp-block-table\"><table><tbody><tr><td>Web page of the faculty:<\/td><td><a href=\"http:\/\/www.upjs.sk\/prirodovedecka-fakulta\">http:\/\/www.upjs.sk\/prirodovedecka-fakulta<\/a><\/td><\/tr><tr><td>AiS2:<\/td><td><a href=\"https:\/\/ais2.upjs.sk\/ais\/absolvent.html%23%21login\">https:\/\/ais2.upjs.sk\/ais\/absolvent.html#!login<\/a><\/td><\/tr><tr><td>FB page:<\/td><td><a href=\"https:\/\/www.facebook.com\/PfUpjs\/\">https:\/\/www.facebook.com\/PfUpjs\/<\/a><\/td><\/tr><tr><td>FB group:<\/td><td><a href=\"https:\/\/www.facebook.com\/PfUpjs\/\">https:\/\/www.facebook.com\/PfUpjs\/<\/a><\/td><\/tr><\/tbody><\/table><\/figure>\n\n\n\n<p>It would be our pleasure if you used these means to get in touch with your Alma mater.<\/p>\n\n\n\n<h4 class=\"wp-block-heading\"><strong>Graduates Club &#8211; Alumni Space<\/strong><\/h4>\n\n\n\n<p><strong>Graduates Club &#8211; ALUMNI SPACE <\/strong>has existed at our faculty since 1998.<\/p>\n\n\n\n<p><strong>The goal<\/strong> of the club is to create a&nbsp;space not only for communication between graduates and the faculty, but also between graduates as well, and to enable cooperation in achieving the mission of the Faculty of Science of the Pavol Jozef \u0160af\u00e1rik University.<\/p>\n\n\n\n<p>\u2666 <a href=\"https:\/\/www.upjs.sk\/app\/uploads\/sites\/10\/2022\/09\/Statut_Klub_absolventov.pdf\" target=\"_blank\" aria-label=\" (opens in a new tab)\" rel=\"noreferrer noopener\" class=\"ek-link\">Statute<\/a> of the Graduates Club<\/p>\n\n\n\n<p>You can register through the following link: <a href=\"https:\/\/ais2.upjs.sk\/ais\/absolvent.html%23%21login\">https:\/\/ais2.upjs.sk\/ais\/absolvent.html#!login<\/a><\/p>\n\n\n\n<p><strong>Members of the Graduates Club<\/strong> \u2013 <strong>Alumni space<\/strong> will receive from time to time information on current events at the faculty and will be able to take part in further education at a discount and other learning activities, organised by the faculty within its continual educational schemes.<\/p>\n\n\n\n<h4 class=\"wp-block-heading\"><strong>N.G.O. PR\u00cdRODOVEDEC<\/strong><\/h4>\n\n\n\n<p>On the basis of the Graduates Club \u2013 Alumni Space the <strong>N.G.O. PR\u00cdRODOVEDEC <\/strong>was created in 1999.<\/p>\n\n\n\n<p><strong>The main goal<\/strong> of this N.G.O. is, through volunteer action of its members, to professionally, materially and financially:<\/p>\n\n\n\n<ul class=\"wp-block-list\">\n<li>support pedagogical and scientific activities at the Faculty of Science of the Pavol Jozef \u0160af\u00e1rik University in Ko\u0161ice,<\/li>\n\n\n\n<li>help achieve development projects of the Faculty of Science of the Pavol Jozef \u0160af\u00e1rik University in Ko\u0161ice,<\/li>\n\n\n\n<li>support gifted students in their studies at the Faculty of Science of the Pavol Jozef \u0160af\u00e1rik University in Ko\u0161ice,<\/li>\n\n\n\n<li>support international exchange of the students of the Faculty of Science of the Pavol Jozef \u0160af\u00e1rik University in Ko\u0161ice,<\/li>\n\n\n\n<li>help with organising and to organise on its own events, which fall among the main activities of the Faculty of Science of the Pavol Jozef \u0160af\u00e1rik University in Ko\u0161ice (conferences, seminars, hobby circles&#8230;.),<\/li>\n\n\n\n<li>support social events in order to strengthen professional traditions.<\/li>\n<\/ul>\n\n\n\n<p>\u2666 <a href=\"https:\/\/www.upjs.sk\/app\/uploads\/sites\/10\/2022\/09\/STANOVY_OZ_PRIRODOVEDEC.pdf\" target=\"_blank\" aria-label=\" (opens in a new tab)\" rel=\"noreferrer noopener\" class=\"ek-link\">Statute<\/a> of the N.G.O.<\/p>\n\n\n\n<p>\u2666 <a href=\"http:\/\/www.upjs.sk\/prirodovedecka-fakulta\/absolventi\/organy-oz\/\">Management<\/a> structure<\/p>\n\n\n\n<p>\u2666 <a href=\"http:\/\/www.upjs.sk\/prirodovedecka-fakulta\/absolventi\/clenovia-oz\/\">List<\/a> of Members<\/p>\n\n\n\n<p>\u2666 <a href=\"https:\/\/www.upjs.sk\/app\/uploads\/sites\/10\/2022\/09\/Prihlaska_OZ_2016.docx\" class=\"ek-link\">Application<\/a> form<\/p>\n\n\n\n<p>\u2666 <a href=\"http:\/\/www.upjs.sk\/prirodovedecka-fakulta\/absolventi\/aktivity-oz-prirodovedec\/\">Activities<\/a><\/p>\n\n\n\n<p>\u2666 Contact: <a href=\"mailto:ozprirodovedec@upjs.sk\">ozprirodovedec@upjs.sk<\/a><\/p>\n\n\n\n<p>\u2666 <a href=\"https:\/\/ais-old.upjs.sk\/45_PF\/\" target=\"_blank\" rel=\"noreferrer noopener\">45<sup>th<\/sup> Anniversary of the Faculty of Science<\/a><\/p>\n\n\n\n<p>\u2666 <a href=\"http:\/\/www.upjs.sk\/prirodovedecka-fakulta\/7755\/\">50<sup>th<\/sup> Anniversary of the Faculty of Science<\/a><\/p>\n\n\n\n<h4 class=\"wp-block-heading\"><strong>The PRAEMIUM ALUMNI prize<\/strong><\/h4>\n\n\n\n<p>The prize is awarded to graduates of the Faculty of Science of the Pavol Jozef \u0160af\u00e1rik University in Ko\u0161ice, who have received an education in natural science and have significantly contributed, through their own actions, to the popularisation of natural sciences among young people.<\/p>\n\n\n\n<p><strong>\u2666 <\/strong><a href=\"https:\/\/www.upjs.sk\/app\/uploads\/sites\/10\/2023\/03\/statut_Praemium_Alumni_2023.pdf\" class=\"ek-link\">Statute of the PRAEMIUM ALUMNI Prize and information on its awarding in 2023<\/a><\/p>\n\n\n\n<p><strong>\u2666<\/strong> <a href=\"http:\/\/www.upjs.sk\/prirodovedecka-fakulta\/absolventi\/rada-PA\/\" class=\"ek-link\">Commission for the nomination of Laureates of the PRAEMIUM ALUMNI Prize<\/a><\/p>\n\n\n\n<p><strong>\u2666 <\/strong><a href=\"https:\/\/www.upjs.sk\/prirodovedecka-fakulta\/cena-praemium-alumni\/\" class=\"ek-link\">Awarding of the PRAEMIUM ALUMNI Prize<\/a><\/p>\n","protected":false},"excerpt":{"rendered":"<p>Dear graduates of the Faculty of Science of the Pavol Jozef \u0160af\u00e1rik University in Ko\u0161ice, the management of the faculty strives to keep in touch and to develop its relations, in the long term, with its graduates. We use the following channels, above and beyond personal contact, to communicate: Web page of the faculty: http:\/\/www.upjs.sk\/prirodovedecka-fakulta &hellip; <a href=\"https:\/\/www.upjs.sk\/prirodovedecka-fakulta\/en\/alumni-space-alumni-club\/\">Continued<\/a><\/p>\n","protected":false},"author":25,"featured_media":48886,"parent":0,"menu_order":10,"comment_status":"closed","ping_status":"closed","template":"","meta":{"_acf_changed":false,"_editorskit_title_hidden":false,"_editorskit_reading_time":2,"_editorskit_is_block_options_detached":false,"_editorskit_block_options_position":"{}","footnotes":""},"categories":[],"tags":[],"class_list":["post-48895","page","type-page","status-publish","has-post-thumbnail","hentry"],"acf":{"acf_link_na_externy_obsah":""},"yoast_head":"<!-- This site is optimized with the Yoast SEO plugin v27.4 - https:\/\/yoast.com\/product\/yoast-seo-wordpress\/ -->\n<title>Alumni Space \u2013 Alumni Club - Pr\u00edrodovedeck\u00e1 fakulta | UPJ\u0160<\/title>\n<meta name=\"robots\" content=\"index, follow, max-snippet:-1, max-image-preview:large, max-video-preview:-1\" \/>\n<link rel=\"canonical\" href=\"https:\/\/www.upjs.sk\/prirodovedecka-fakulta\/en\/alumni-space-alumni-club\/\" \/>\n<meta property=\"og:locale\" content=\"en_US\" \/>\n<meta property=\"og:type\" content=\"article\" \/>\n<meta property=\"og:title\" content=\"Alumni Space \u2013 Alumni Club - Pr\u00edrodovedeck\u00e1 fakulta | UPJ\u0160\" \/>\n<meta property=\"og:description\" content=\"Dear graduates of the Faculty of Science of the Pavol Jozef \u0160af\u00e1rik University in Ko\u0161ice, the management of the faculty strives to keep in touch and to develop its relations, in the long term, with its graduates. We use the following channels, above and beyond personal contact, to communicate: Web page of the faculty: http:\/\/www.upjs.sk\/prirodovedecka-fakulta &hellip; Continued\" \/>\n<meta property=\"og:url\" content=\"https:\/\/www.upjs.sk\/prirodovedecka-fakulta\/en\/alumni-space-alumni-club\/\" \/>\n<meta property=\"og:site_name\" content=\"Pr\u00edrodovedeck\u00e1 fakulta | UPJ\u0160\" \/>\n<meta property=\"article:modified_time\" content=\"2024-01-04T10:35:43+00:00\" \/>\n<meta property=\"og:image\" content=\"https:\/\/www.upjs.sk\/app\/uploads\/sites\/10\/2023\/01\/megamenu_absolventi-2.png\" \/>\n\t<meta property=\"og:image:width\" content=\"301\" \/>\n\t<meta property=\"og:image:height\" content=\"161\" \/>\n\t<meta property=\"og:image:type\" content=\"image\/png\" \/>\n<meta name=\"twitter:card\" content=\"summary_large_image\" \/>\n<meta name=\"twitter:label1\" content=\"Est. reading time\" \/>\n\t<meta name=\"twitter:data1\" content=\"3 minutes\" \/>\n<script type=\"application\/ld+json\" class=\"yoast-schema-graph\">{\"@context\":\"https:\\\/\\\/schema.org\",\"@graph\":[{\"@type\":\"WebPage\",\"@id\":\"https:\\\/\\\/www.upjs.sk\\\/prirodovedecka-fakulta\\\/en\\\/alumni-space-alumni-club\\\/\",\"url\":\"https:\\\/\\\/www.upjs.sk\\\/prirodovedecka-fakulta\\\/en\\\/alumni-space-alumni-club\\\/\",\"name\":\"Alumni Space \u2013 Alumni Club - Pr\u00edrodovedeck\u00e1 fakulta | UPJ\u0160\",\"isPartOf\":{\"@id\":\"https:\\\/\\\/www.upjs.sk\\\/prirodovedecka-fakulta\\\/en\\\/#website\"},\"primaryImageOfPage\":{\"@id\":\"https:\\\/\\\/www.upjs.sk\\\/prirodovedecka-fakulta\\\/en\\\/alumni-space-alumni-club\\\/#primaryimage\"},\"image\":{\"@id\":\"https:\\\/\\\/www.upjs.sk\\\/prirodovedecka-fakulta\\\/en\\\/alumni-space-alumni-club\\\/#primaryimage\"},\"thumbnailUrl\":\"https:\\\/\\\/www.upjs.sk\\\/app\\\/uploads\\\/sites\\\/10\\\/2023\\\/01\\\/megamenu_absolventi-2.png\",\"datePublished\":\"2023-01-24T10:53:03+00:00\",\"dateModified\":\"2024-01-04T10:35:43+00:00\",\"breadcrumb\":{\"@id\":\"https:\\\/\\\/www.upjs.sk\\\/prirodovedecka-fakulta\\\/en\\\/alumni-space-alumni-club\\\/#breadcrumb\"},\"inLanguage\":\"en-US\",\"potentialAction\":[{\"@type\":\"ReadAction\",\"target\":[\"https:\\\/\\\/www.upjs.sk\\\/prirodovedecka-fakulta\\\/en\\\/alumni-space-alumni-club\\\/\"]}]},{\"@type\":\"ImageObject\",\"inLanguage\":\"en-US\",\"@id\":\"https:\\\/\\\/www.upjs.sk\\\/prirodovedecka-fakulta\\\/en\\\/alumni-space-alumni-club\\\/#primaryimage\",\"url\":\"https:\\\/\\\/www.upjs.sk\\\/app\\\/uploads\\\/sites\\\/10\\\/2023\\\/01\\\/megamenu_absolventi-2.png\",\"contentUrl\":\"https:\\\/\\\/www.upjs.sk\\\/app\\\/uploads\\\/sites\\\/10\\\/2023\\\/01\\\/megamenu_absolventi-2.png\",\"width\":301,\"height\":161},{\"@type\":\"BreadcrumbList\",\"@id\":\"https:\\\/\\\/www.upjs.sk\\\/prirodovedecka-fakulta\\\/en\\\/alumni-space-alumni-club\\\/#breadcrumb\",\"itemListElement\":[{\"@type\":\"ListItem\",\"position\":1,\"name\":\"Home\",\"item\":\"https:\\\/\\\/www.upjs.sk\\\/prirodovedecka-fakulta\\\/en\\\/\"},{\"@type\":\"ListItem\",\"position\":2,\"name\":\"Alumni Space \u2013 Alumni Club\"}]},{\"@type\":\"WebSite\",\"@id\":\"https:\\\/\\\/www.upjs.sk\\\/prirodovedecka-fakulta\\\/en\\\/#website\",\"url\":\"https:\\\/\\\/www.upjs.sk\\\/prirodovedecka-fakulta\\\/en\\\/\",\"name\":\"Pr\u00edrodovedeck\u00e1 fakulta | UPJ\u0160\",\"description\":\"\",\"publisher\":{\"@id\":\"https:\\\/\\\/www.upjs.sk\\\/prirodovedecka-fakulta\\\/en\\\/#organization\"},\"potentialAction\":[{\"@type\":\"SearchAction\",\"target\":{\"@type\":\"EntryPoint\",\"urlTemplate\":\"https:\\\/\\\/www.upjs.sk\\\/prirodovedecka-fakulta\\\/en\\\/?s={search_term_string}\"},\"query-input\":{\"@type\":\"PropertyValueSpecification\",\"valueRequired\":true,\"valueName\":\"search_term_string\"}}],\"inLanguage\":\"en-US\"},{\"@type\":\"Organization\",\"@id\":\"https:\\\/\\\/www.upjs.sk\\\/prirodovedecka-fakulta\\\/en\\\/#organization\",\"name\":\"Pr\u00edrodovedeck\u00e1 fakulta | UPJ\u0160\",\"url\":\"https:\\\/\\\/www.upjs.sk\\\/prirodovedecka-fakulta\\\/en\\\/\",\"logo\":{\"@type\":\"ImageObject\",\"inLanguage\":\"en-US\",\"@id\":\"https:\\\/\\\/www.upjs.sk\\\/prirodovedecka-fakulta\\\/en\\\/#\\\/schema\\\/logo\\\/image\\\/\",\"url\":\"https:\\\/\\\/www.upjs.sk\\\/app\\\/uploads\\\/sites\\\/10\\\/2023\\\/02\\\/PriF_ENG_frame.svg\",\"contentUrl\":\"https:\\\/\\\/www.upjs.sk\\\/app\\\/uploads\\\/sites\\\/10\\\/2023\\\/02\\\/PriF_ENG_frame.svg\",\"width\":292,\"height\":61,\"caption\":\"Pr\u00edrodovedeck\u00e1 fakulta | UPJ\u0160\"},\"image\":{\"@id\":\"https:\\\/\\\/www.upjs.sk\\\/prirodovedecka-fakulta\\\/en\\\/#\\\/schema\\\/logo\\\/image\\\/\"}}]}<\/script>\n<!-- \/ Yoast SEO plugin. -->","yoast_head_json":{"title":"Alumni Space \u2013 Alumni Club - Pr\u00edrodovedeck\u00e1 fakulta | UPJ\u0160","robots":{"index":"index","follow":"follow","max-snippet":"max-snippet:-1","max-image-preview":"max-image-preview:large","max-video-preview":"max-video-preview:-1"},"canonical":"https:\/\/www.upjs.sk\/prirodovedecka-fakulta\/en\/alumni-space-alumni-club\/","og_locale":"en_US","og_type":"article","og_title":"Alumni Space \u2013 Alumni Club - Pr\u00edrodovedeck\u00e1 fakulta | UPJ\u0160","og_description":"Dear graduates of the Faculty of Science of the Pavol Jozef \u0160af\u00e1rik University in Ko\u0161ice, the management of the faculty strives to keep in touch and to develop its relations, in the long term, with its graduates. We use the following channels, above and beyond personal contact, to communicate: Web page of the faculty: http:\/\/www.upjs.sk\/prirodovedecka-fakulta &hellip; Continued","og_url":"https:\/\/www.upjs.sk\/prirodovedecka-fakulta\/en\/alumni-space-alumni-club\/","og_site_name":"Pr\u00edrodovedeck\u00e1 fakulta | UPJ\u0160","article_modified_time":"2024-01-04T10:35:43+00:00","og_image":[{"width":301,"height":161,"url":"https:\/\/www.upjs.sk\/app\/uploads\/sites\/10\/2023\/01\/megamenu_absolventi-2.png","type":"image\/png"}],"twitter_card":"summary_large_image","twitter_misc":{"Est. reading time":"3 minutes"},"schema":{"@context":"https:\/\/schema.org","@graph":[{"@type":"WebPage","@id":"https:\/\/www.upjs.sk\/prirodovedecka-fakulta\/en\/alumni-space-alumni-club\/","url":"https:\/\/www.upjs.sk\/prirodovedecka-fakulta\/en\/alumni-space-alumni-club\/","name":"Alumni Space \u2013 Alumni Club - Pr\u00edrodovedeck\u00e1 fakulta | UPJ\u0160","isPartOf":{"@id":"https:\/\/www.upjs.sk\/prirodovedecka-fakulta\/en\/#website"},"primaryImageOfPage":{"@id":"https:\/\/www.upjs.sk\/prirodovedecka-fakulta\/en\/alumni-space-alumni-club\/#primaryimage"},"image":{"@id":"https:\/\/www.upjs.sk\/prirodovedecka-fakulta\/en\/alumni-space-alumni-club\/#primaryimage"},"thumbnailUrl":"https:\/\/www.upjs.sk\/app\/uploads\/sites\/10\/2023\/01\/megamenu_absolventi-2.png","datePublished":"2023-01-24T10:53:03+00:00","dateModified":"2024-01-04T10:35:43+00:00","breadcrumb":{"@id":"https:\/\/www.upjs.sk\/prirodovedecka-fakulta\/en\/alumni-space-alumni-club\/#breadcrumb"},"inLanguage":"en-US","potentialAction":[{"@type":"ReadAction","target":["https:\/\/www.upjs.sk\/prirodovedecka-fakulta\/en\/alumni-space-alumni-club\/"]}]},{"@type":"ImageObject","inLanguage":"en-US","@id":"https:\/\/www.upjs.sk\/prirodovedecka-fakulta\/en\/alumni-space-alumni-club\/#primaryimage","url":"https:\/\/www.upjs.sk\/app\/uploads\/sites\/10\/2023\/01\/megamenu_absolventi-2.png","contentUrl":"https:\/\/www.upjs.sk\/app\/uploads\/sites\/10\/2023\/01\/megamenu_absolventi-2.png","width":301,"height":161},{"@type":"BreadcrumbList","@id":"https:\/\/www.upjs.sk\/prirodovedecka-fakulta\/en\/alumni-space-alumni-club\/#breadcrumb","itemListElement":[{"@type":"ListItem","position":1,"name":"Home","item":"https:\/\/www.upjs.sk\/prirodovedecka-fakulta\/en\/"},{"@type":"ListItem","position":2,"name":"Alumni Space \u2013 Alumni Club"}]},{"@type":"WebSite","@id":"https:\/\/www.upjs.sk\/prirodovedecka-fakulta\/en\/#website","url":"https:\/\/www.upjs.sk\/prirodovedecka-fakulta\/en\/","name":"Pr\u00edrodovedeck\u00e1 fakulta | UPJ\u0160","description":"","publisher":{"@id":"https:\/\/www.upjs.sk\/prirodovedecka-fakulta\/en\/#organization"},"potentialAction":[{"@type":"SearchAction","target":{"@type":"EntryPoint","urlTemplate":"https:\/\/www.upjs.sk\/prirodovedecka-fakulta\/en\/?s={search_term_string}"},"query-input":{"@type":"PropertyValueSpecification","valueRequired":true,"valueName":"search_term_string"}}],"inLanguage":"en-US"},{"@type":"Organization","@id":"https:\/\/www.upjs.sk\/prirodovedecka-fakulta\/en\/#organization","name":"Pr\u00edrodovedeck\u00e1 fakulta | UPJ\u0160","url":"https:\/\/www.upjs.sk\/prirodovedecka-fakulta\/en\/","logo":{"@type":"ImageObject","inLanguage":"en-US","@id":"https:\/\/www.upjs.sk\/prirodovedecka-fakulta\/en\/#\/schema\/logo\/image\/","url":"https:\/\/www.upjs.sk\/app\/uploads\/sites\/10\/2023\/02\/PriF_ENG_frame.svg","contentUrl":"https:\/\/www.upjs.sk\/app\/uploads\/sites\/10\/2023\/02\/PriF_ENG_frame.svg","width":292,"height":61,"caption":"Pr\u00edrodovedeck\u00e1 fakulta | UPJ\u0160"},"image":{"@id":"https:\/\/www.upjs.sk\/prirodovedecka-fakulta\/en\/#\/schema\/logo\/image\/"}}]}},"_links":{"self":[{"href":"https:\/\/www.upjs.sk\/prirodovedecka-fakulta\/en\/wp-json\/wp\/v2\/pages\/48895","targetHints":{"allow":["GET"]}}],"collection":[{"href":"https:\/\/www.upjs.sk\/prirodovedecka-fakulta\/en\/wp-json\/wp\/v2\/pages"}],"about":[{"href":"https:\/\/www.upjs.sk\/prirodovedecka-fakulta\/en\/wp-json\/wp\/v2\/types\/page"}],"author":[{"embeddable":true,"href":"https:\/\/www.upjs.sk\/prirodovedecka-fakulta\/en\/wp-json\/wp\/v2\/users\/25"}],"replies":[{"embeddable":true,"href":"https:\/\/www.upjs.sk\/prirodovedecka-fakulta\/en\/wp-json\/wp\/v2\/comments?post=48895"}],"version-history":[{"count":6,"href":"https:\/\/www.upjs.sk\/prirodovedecka-fakulta\/en\/wp-json\/wp\/v2\/pages\/48895\/revisions"}],"predecessor-version":[{"id":64801,"href":"https:\/\/www.upjs.sk\/prirodovedecka-fakulta\/en\/wp-json\/wp\/v2\/pages\/48895\/revisions\/64801"}],"wp:featuredmedia":[{"embeddable":true,"href":"https:\/\/www.upjs.sk\/prirodovedecka-fakulta\/en\/wp-json\/wp\/v2\/media\/48886"}],"wp:attachment":[{"href":"https:\/\/www.upjs.sk\/prirodovedecka-fakulta\/en\/wp-json\/wp\/v2\/media?parent=48895"}],"wp:term":[{"taxonomy":"category","embeddable":true,"href":"https:\/\/www.upjs.sk\/prirodovedecka-fakulta\/en\/wp-json\/wp\/v2\/categories?post=48895"},{"taxonomy":"post_tag","embeddable":true,"href":"https:\/\/www.upjs.sk\/prirodovedecka-fakulta\/en\/wp-json\/wp\/v2\/tags?post=48895"}],"curies":[{"name":"wp","href":"https:\/\/api.w.org\/{rel}","templated":true}]}}