{"id":73832,"date":"2024-12-03T14:24:36","date_gmt":"2024-12-03T13:24:36","guid":{"rendered":"https:\/\/www.upjs.sk\/prirodovedecka-fakulta\/laboratorium-transmisnej-elektronovej-mikroskopie\/"},"modified":"2024-12-03T14:52:14","modified_gmt":"2024-12-03T13:52:14","slug":"laboratorium-transmisnej-elektronovej-mikroskopie","status":"publish","type":"page","link":"https:\/\/www.upjs.sk\/prirodovedecka-fakulta\/en\/laboratorium-transmisnej-elektronovej-mikroskopie\/","title":{"rendered":"Laboratory of transmission electron microscopy"},"content":{"rendered":"<style>.kb-image73832_c34b94-32 .kb-image-has-overlay:after{opacity:0.3;border-top-left-radius:5px;border-top-right-radius:5px;border-bottom-right-radius:5px;border-bottom-left-radius:5px;}.kb-image73832_c34b94-32 img.kb-img, .kb-image73832_c34b94-32 .kb-img img{border-top-left-radius:5px;border-top-right-radius:5px;border-bottom-right-radius:5px;border-bottom-left-radius:5px;}<\/style>\n<figure class=\"wp-block-kadence-image kb-image73832_c34b94-32 size-full\"><img loading=\"lazy\" decoding=\"async\" width=\"1170\" height=\"150\" src=\"https:\/\/www.upjs.sk\/app\/uploads\/sites\/10\/2024\/12\/laboratoriu-LEM.png\" alt=\"\" class=\"kb-img wp-image-73825\" srcset=\"https:\/\/www.upjs.sk\/app\/uploads\/sites\/10\/2024\/12\/laboratoriu-LEM.png 1170w, https:\/\/www.upjs.sk\/app\/uploads\/sites\/10\/2024\/12\/laboratoriu-LEM-300x38.png 300w, https:\/\/www.upjs.sk\/app\/uploads\/sites\/10\/2024\/12\/laboratoriu-LEM-1024x131.png 1024w, https:\/\/www.upjs.sk\/app\/uploads\/sites\/10\/2024\/12\/laboratoriu-LEM-768x98.png 768w\" sizes=\"auto, (max-width: 1170px) 100vw, 1170px\" \/><\/figure>\n\n\n<style>.kadence-column73832_bbe472-8a > .kt-inside-inner-col{padding-top:var(--global-kb-spacing-xs, 1rem);padding-right:var(--global-kb-spacing-xs, 1rem);padding-bottom:var(--global-kb-spacing-xs, 1rem);padding-left:var(--global-kb-spacing-xs, 1rem);}.kadence-column73832_bbe472-8a > .kt-inside-inner-col,.kadence-column73832_bbe472-8a > .kt-inside-inner-col:before{border-top-left-radius:5px;border-top-right-radius:5px;border-bottom-right-radius:5px;border-bottom-left-radius:5px;}.kadence-column73832_bbe472-8a > .kt-inside-inner-col{column-gap:var(--global-kb-gap-sm, 1rem);}.kadence-column73832_bbe472-8a > .kt-inside-inner-col{flex-direction:column;}.kadence-column73832_bbe472-8a > .kt-inside-inner-col > .aligncenter{width:100%;}.kadence-column73832_bbe472-8a > .kt-inside-inner-col{background-color:#F4F4F4;}.kadence-column73832_bbe472-8a > .kt-inside-inner-col:before{opacity:0.3;}.kadence-column73832_bbe472-8a{position:relative;}@media all and (max-width: 1024px){.kadence-column73832_bbe472-8a > .kt-inside-inner-col{flex-direction:column;justify-content:center;}}@media all and (max-width: 767px){.kadence-column73832_bbe472-8a > .kt-inside-inner-col{flex-direction:column;justify-content:center;}}<\/style>\n<div class=\"wp-block-kadence-column kadence-column73832_bbe472-8a\"><div class=\"kt-inside-inner-col\">\n<p class=\"has-text-align-justify\"><strong>Laboratory of transmission electron microscopy<\/strong> (LEM) is a part of <a href=\"https:\/\/www.upjs.sk\/prirodovedecka-fakulta\/en\/pracoviska\/institutes-and-departments\/ubev\/\">the Institute of Biology and Ecology<\/a>, Faculty of Science, P.J. \u0160af\u00e1rik University in Ko\u0161ice. The laboratory is localised in the basement of RBL pavilion on \u0160rob\u00e1rova 2. The laboratory is equipped by transmission electron microscope JEOL JEM-1230 (high contrast) designed for analyses of ultrastructure of biological samples and analyses of immunolabelled samples. The microscope is equipped by wolfram cathode of maximum accelerating voltage 120 kV, digital CCD camera and software ITEM for image acquisition. The lattice resolution is 0.2 nm and maximal magnification 600\u00a0000\u00d7.<\/p>\n\n\n<style>.wp-block-kadence-column.kb-section-dir-horizontal > .kt-inside-inner-col > .kt-info-box73832_73e7e0-e5 .kt-blocks-info-box-link-wrap{max-width:unset;}.kt-info-box73832_73e7e0-e5 .kt-blocks-info-box-link-wrap{border-top:3px solid #ffffff;border-right:3px solid #ffffff;border-bottom:3px solid #ffffff;border-left:3px solid #ffffff;border-top-left-radius:4px;border-top-right-radius:4px;border-bottom-right-radius:4px;border-bottom-left-radius:4px;background:#F4F4F4;padding-top:1px;padding-right:1px;padding-bottom:1px;padding-left:1px;}.kt-info-box73832_73e7e0-e5 .kt-blocks-info-box-link-wrap:hover{background:#ffffff;}.kt-info-box73832_73e7e0-e5 .kadence-info-box-icon-container .kt-info-svg-icon, .kt-info-box73832_73e7e0-e5 .kt-info-svg-icon-flip, .kt-info-box73832_73e7e0-e5 .kt-blocks-info-box-number{font-size:25px;}.kt-info-box73832_73e7e0-e5 .kt-blocks-info-box-media{color:#008338;background:#F4F4F4;border-color:#008338;border-radius:3px;overflow:hidden;border-top-width:0px;border-right-width:0px;border-bottom-width:0px;border-left-width:0px;padding-top:3px;padding-right:3px;padding-bottom:3px;padding-left:3px;margin-top:0px;margin-right:2px;margin-bottom:0px;margin-left:0px;}.kt-info-box73832_73e7e0-e5 .kt-blocks-info-box-media .kadence-info-box-image-intrisic img{border-radius:3px;}.kt-info-box73832_73e7e0-e5 .kt-blocks-info-box-link-wrap:hover .kt-blocks-info-box-media{color:#C19152;background:#ffffff;border-color:#C19152;}.kt-info-box73832_73e7e0-e5 .kt-infobox-textcontent h6.kt-blocks-info-box-title{color:#008338;padding-top:0px;padding-right:0px;padding-bottom:0px;padding-left:0px;margin-top:5px;margin-right:0px;margin-bottom:5px;margin-left:0px;}.kt-info-box73832_73e7e0-e5 .kt-blocks-info-box-link-wrap:hover h6.kt-blocks-info-box-title{color:#C19152;}.kt-info-box73832_73e7e0-e5 .kt-infobox-textcontent .kt-blocks-info-box-text{color:#555555;}.kt-info-box73832_73e7e0-e5 .kt-blocks-info-box-learnmore{background:transparent;border-color:#555555;border-width:0px 0px 0px 0px;padding-top:4px;padding-right:8px;padding-bottom:4px;padding-left:8px;margin-top:10px;margin-right:0px;margin-bottom:10px;margin-left:0px;}.kt-info-box73832_73e7e0-e5 .kt-blocks-info-box-link-wrap:hover .kt-blocks-info-box-learnmore,.kt-info-box73832_73e7e0-e5 .kt-blocks-info-box-link-wrap .kt-blocks-info-box-learnmore:focus{color:#ffffff;background:#444444;border-color:#444444;}@media all and (max-width: 1024px){.kt-info-box73832_73e7e0-e5 .kt-blocks-info-box-link-wrap{border-top:3px solid #ffffff;border-right:3px solid #ffffff;border-bottom:3px solid #ffffff;border-left:3px solid #ffffff;}}@media all and (max-width: 767px){.kt-info-box73832_73e7e0-e5 .kt-blocks-info-box-link-wrap{border-top:3px solid #ffffff;border-right:3px solid #ffffff;border-bottom:3px solid #ffffff;border-left:3px solid #ffffff;}}<\/style>\n<div class=\"wp-block-kadence-infobox kt-info-box73832_73e7e0-e5\"><a class=\"kt-blocks-info-box-link-wrap info-box-link kt-blocks-info-box-media-align-left kt-info-halign-left\" target=\"_blank\" rel=\"noopener noreferrer\" href=\"https:\/\/www.upjs.sk\/app\/uploads\/sites\/10\/2024\/12\/LEM-cennik-ENG.pdf\"><div class=\"kt-blocks-info-box-media-container\"><div class=\"kt-blocks-info-box-media kt-info-media-animate-none\"><div class=\"kadence-info-box-icon-container kt-info-icon-animate-none\"><div class=\"kadence-info-box-icon-inner-container\"><span class=\"kb-svg-icon-wrap kb-svg-icon-fas_file-pdf kt-info-svg-icon\"><svg viewBox=\"0 0 384 512\"  fill=\"currentColor\" xmlns=\"http:\/\/www.w3.org\/2000\/svg\"  aria-hidden=\"true\"><path d=\"M181.9 256.1c-5-16-4.9-46.9-2-46.9 8.4 0 7.6 36.9 2 46.9zm-1.7 47.2c-7.7 20.2-17.3 43.3-28.4 62.7 18.3-7 39-17.2 62.9-21.9-12.7-9.6-24.9-23.4-34.5-40.8zM86.1 428.1c0 .8 13.2-5.4 34.9-40.2-6.7 6.3-29.1 24.5-34.9 40.2zM248 160h136v328c0 13.3-10.7 24-24 24H24c-13.3 0-24-10.7-24-24V24C0 10.7 10.7 0 24 0h200v136c0 13.2 10.8 24 24 24zm-8 171.8c-20-12.2-33.3-29-42.7-53.8 4.5-18.5 11.6-46.6 6.2-64.2-4.7-29.4-42.4-26.5-47.8-6.8-5 18.3-.4 44.1 8.1 77-11.6 27.6-28.7 64.6-40.8 85.8-.1 0-.1.1-.2.1-27.1 13.9-73.6 44.5-54.5 68 5.6 6.9 16 10 21.5 10 17.9 0 35.7-18 61.1-61.8 25.8-8.5 54.1-19.1 79-23.2 21.7 11.8 47.1 19.5 64 19.5 29.2 0 31.2-32 19.7-43.4-13.9-13.6-54.3-9.7-73.6-7.2zM377 105L279 7c-4.5-4.5-10.6-7-17-7h-6v128h128v-6.1c0-6.3-2.5-12.4-7-16.9zm-74.1 255.3c4.1-2.7-2.5-11.9-42.8-9 37.1 15.8 42.8 9 42.8 9z\"\/><\/svg><\/span><\/div><\/div><\/div><\/div><div class=\"kt-infobox-textcontent\"><h6 class=\"kt-blocks-info-box-title\">The price list of the services provided by LEM is available <\/h6><\/div><\/a><\/div>\n\n\n\n<div style=\"height:5px\" aria-hidden=\"true\" class=\"wp-block-spacer\"><\/div>\n\n\n<style>.wp-block-kadence-column.kb-section-dir-horizontal > .kt-inside-inner-col > .kt-info-box73832_c3369f-62 .kt-blocks-info-box-link-wrap{max-width:unset;}.kt-info-box73832_c3369f-62 .kt-blocks-info-box-link-wrap{border-top:3px solid #ffffff;border-right:3px solid #ffffff;border-bottom:3px solid #ffffff;border-left:3px solid #ffffff;border-top-left-radius:4px;border-top-right-radius:4px;border-bottom-right-radius:4px;border-bottom-left-radius:4px;background:#F4F4F4;padding-top:1px;padding-right:1px;padding-bottom:1px;padding-left:1px;}.kt-info-box73832_c3369f-62 .kt-blocks-info-box-link-wrap:hover{background:#ffffff;}.kt-info-box73832_c3369f-62 .kadence-info-box-icon-container .kt-info-svg-icon, .kt-info-box73832_c3369f-62 .kt-info-svg-icon-flip, .kt-info-box73832_c3369f-62 .kt-blocks-info-box-number{font-size:25px;}.kt-info-box73832_c3369f-62 .kt-blocks-info-box-media{color:#008338;background:#F4F4F4;border-color:#008338;border-radius:3px;overflow:hidden;border-top-width:0px;border-right-width:0px;border-bottom-width:0px;border-left-width:0px;padding-top:3px;padding-right:3px;padding-bottom:3px;padding-left:3px;margin-top:0px;margin-right:2px;margin-bottom:0px;margin-left:0px;}.kt-info-box73832_c3369f-62 .kt-blocks-info-box-media .kadence-info-box-image-intrisic img{border-radius:3px;}.kt-info-box73832_c3369f-62 .kt-blocks-info-box-link-wrap:hover .kt-blocks-info-box-media{color:#C19152;background:#ffffff;border-color:#C19152;}.kt-info-box73832_c3369f-62 .kt-infobox-textcontent h6.kt-blocks-info-box-title{color:#008338;padding-top:0px;padding-right:0px;padding-bottom:0px;padding-left:0px;margin-top:5px;margin-right:0px;margin-bottom:5px;margin-left:0px;}.kt-info-box73832_c3369f-62 .kt-blocks-info-box-link-wrap:hover h6.kt-blocks-info-box-title{color:#C19152;}.kt-info-box73832_c3369f-62 .kt-infobox-textcontent .kt-blocks-info-box-text{color:#555555;}.kt-info-box73832_c3369f-62 .kt-blocks-info-box-learnmore{background:transparent;border-color:#555555;border-width:0px 0px 0px 0px;padding-top:4px;padding-right:8px;padding-bottom:4px;padding-left:8px;margin-top:10px;margin-right:0px;margin-bottom:10px;margin-left:0px;}.kt-info-box73832_c3369f-62 .kt-blocks-info-box-link-wrap:hover .kt-blocks-info-box-learnmore,.kt-info-box73832_c3369f-62 .kt-blocks-info-box-link-wrap .kt-blocks-info-box-learnmore:focus{color:#ffffff;background:#444444;border-color:#444444;}@media all and (max-width: 1024px){.kt-info-box73832_c3369f-62 .kt-blocks-info-box-link-wrap{border-top:3px solid #ffffff;border-right:3px solid #ffffff;border-bottom:3px solid #ffffff;border-left:3px solid #ffffff;}}@media all and (max-width: 767px){.kt-info-box73832_c3369f-62 .kt-blocks-info-box-link-wrap{border-top:3px solid #ffffff;border-right:3px solid #ffffff;border-bottom:3px solid #ffffff;border-left:3px solid #ffffff;}}<\/style>\n<div class=\"wp-block-kadence-infobox kt-info-box73832_c3369f-62\"><span class=\"kt-blocks-info-box-link-wrap info-box-link kt-blocks-info-box-media-align-left kt-info-halign-left\"><div class=\"kt-blocks-info-box-media-container\"><div class=\"kt-blocks-info-box-media kt-info-media-animate-none\"><div class=\"kadence-info-box-icon-container kt-info-icon-animate-none\"><div class=\"kadence-info-box-icon-inner-container\"><span class=\"kb-svg-icon-wrap kb-svg-icon-fe_mail kt-info-svg-icon\"><svg viewBox=\"0 0 24 24\"  fill=\"none\" stroke=\"currentColor\" stroke-width=\"2\" stroke-linecap=\"round\" stroke-linejoin=\"round\" xmlns=\"http:\/\/www.w3.org\/2000\/svg\"  aria-hidden=\"true\"><path d=\"M4 4h16c1.1 0 2 .9 2 2v12c0 1.1-.9 2-2 2H4c-1.1 0-2-.9-2-2V6c0-1.1.9-2 2-2z\"\/><polyline points=\"22,6 12,13 2,6\"\/><\/svg><\/span><\/div><\/div><\/div><\/div><div class=\"kt-infobox-textcontent\"><h6 class=\"kt-blocks-info-box-title\">For more information or interest in sample analyses contact: <strong>anna.alexovic.matiasova@upjs.sk<\/strong><\/h6><\/div><\/span><\/div>\n<\/div><\/div>\n\n\n\n<p><\/p>\n","protected":false},"excerpt":{"rendered":"<p>Laboratory of transmission electron microscopy (LEM) is a part of the Institute of Biology and Ecology, Faculty of Science, P.J. \u0160af\u00e1rik University in Ko\u0161ice. The laboratory is localised in the basement of RBL pavilion on \u0160rob\u00e1rova 2. The laboratory is equipped by transmission electron microscope JEOL JEM-1230 (high contrast) designed for analyses of ultrastructure of &hellip; <a href=\"https:\/\/www.upjs.sk\/prirodovedecka-fakulta\/en\/laboratorium-transmisnej-elektronovej-mikroskopie\/\">Continued<\/a><\/p>\n","protected":false},"author":25,"featured_media":0,"parent":0,"menu_order":0,"comment_status":"closed","ping_status":"closed","template":"","meta":{"_acf_changed":false,"_editorskit_title_hidden":false,"_editorskit_reading_time":0,"_editorskit_is_block_options_detached":false,"_editorskit_block_options_position":"{}","footnotes":""},"categories":[],"tags":[],"class_list":["post-73832","page","type-page","status-publish","hentry"],"acf":{"acf_link_na_externy_obsah":""},"yoast_head":"<!-- This site is optimized with the Yoast SEO plugin v27.4 - https:\/\/yoast.com\/product\/yoast-seo-wordpress\/ -->\n<title>Laboratory of transmission electron microscopy - Pr\u00edrodovedeck\u00e1 fakulta | UPJ\u0160<\/title>\n<meta name=\"robots\" content=\"index, follow, max-snippet:-1, max-image-preview:large, max-video-preview:-1\" \/>\n<link rel=\"canonical\" href=\"https:\/\/www.upjs.sk\/prirodovedecka-fakulta\/en\/laboratorium-transmisnej-elektronovej-mikroskopie\/\" \/>\n<meta property=\"og:locale\" content=\"en_US\" \/>\n<meta property=\"og:type\" content=\"article\" \/>\n<meta property=\"og:title\" content=\"Laboratory of transmission electron microscopy - Pr\u00edrodovedeck\u00e1 fakulta | UPJ\u0160\" \/>\n<meta property=\"og:description\" content=\"Laboratory of transmission electron microscopy (LEM) is a part of the Institute of Biology and Ecology, Faculty of Science, P.J. \u0160af\u00e1rik University in Ko\u0161ice. The laboratory is localised in the basement of RBL pavilion on \u0160rob\u00e1rova 2. The laboratory is equipped by transmission electron microscope JEOL JEM-1230 (high contrast) designed for analyses of ultrastructure of &hellip; Continued\" \/>\n<meta property=\"og:url\" content=\"https:\/\/www.upjs.sk\/prirodovedecka-fakulta\/en\/laboratorium-transmisnej-elektronovej-mikroskopie\/\" \/>\n<meta property=\"og:site_name\" content=\"Pr\u00edrodovedeck\u00e1 fakulta | UPJ\u0160\" \/>\n<meta property=\"article:modified_time\" content=\"2024-12-03T13:52:14+00:00\" \/>\n<meta property=\"og:image\" content=\"https:\/\/www.upjs.sk\/app\/uploads\/sites\/10\/2024\/12\/laboratoriu-LEM.png\" \/>\n\t<meta property=\"og:image:width\" content=\"1170\" \/>\n\t<meta property=\"og:image:height\" content=\"150\" \/>\n\t<meta property=\"og:image:type\" content=\"image\/png\" \/>\n<meta name=\"twitter:card\" content=\"summary_large_image\" \/>\n<meta name=\"twitter:label1\" content=\"Est. reading time\" \/>\n\t<meta name=\"twitter:data1\" content=\"1 minute\" \/>\n<script type=\"application\/ld+json\" class=\"yoast-schema-graph\">{\"@context\":\"https:\\\/\\\/schema.org\",\"@graph\":[{\"@type\":\"WebPage\",\"@id\":\"https:\\\/\\\/www.upjs.sk\\\/prirodovedecka-fakulta\\\/en\\\/laboratorium-transmisnej-elektronovej-mikroskopie\\\/\",\"url\":\"https:\\\/\\\/www.upjs.sk\\\/prirodovedecka-fakulta\\\/en\\\/laboratorium-transmisnej-elektronovej-mikroskopie\\\/\",\"name\":\"Laboratory of transmission electron microscopy - Pr\u00edrodovedeck\u00e1 fakulta | UPJ\u0160\",\"isPartOf\":{\"@id\":\"https:\\\/\\\/www.upjs.sk\\\/prirodovedecka-fakulta\\\/en\\\/#website\"},\"primaryImageOfPage\":{\"@id\":\"https:\\\/\\\/www.upjs.sk\\\/prirodovedecka-fakulta\\\/en\\\/laboratorium-transmisnej-elektronovej-mikroskopie\\\/#primaryimage\"},\"image\":{\"@id\":\"https:\\\/\\\/www.upjs.sk\\\/prirodovedecka-fakulta\\\/en\\\/laboratorium-transmisnej-elektronovej-mikroskopie\\\/#primaryimage\"},\"thumbnailUrl\":\"https:\\\/\\\/www.upjs.sk\\\/app\\\/uploads\\\/sites\\\/10\\\/2024\\\/12\\\/laboratoriu-LEM.png\",\"datePublished\":\"2024-12-03T13:24:36+00:00\",\"dateModified\":\"2024-12-03T13:52:14+00:00\",\"breadcrumb\":{\"@id\":\"https:\\\/\\\/www.upjs.sk\\\/prirodovedecka-fakulta\\\/en\\\/laboratorium-transmisnej-elektronovej-mikroskopie\\\/#breadcrumb\"},\"inLanguage\":\"en-US\",\"potentialAction\":[{\"@type\":\"ReadAction\",\"target\":[\"https:\\\/\\\/www.upjs.sk\\\/prirodovedecka-fakulta\\\/en\\\/laboratorium-transmisnej-elektronovej-mikroskopie\\\/\"]}]},{\"@type\":\"ImageObject\",\"inLanguage\":\"en-US\",\"@id\":\"https:\\\/\\\/www.upjs.sk\\\/prirodovedecka-fakulta\\\/en\\\/laboratorium-transmisnej-elektronovej-mikroskopie\\\/#primaryimage\",\"url\":\"https:\\\/\\\/www.upjs.sk\\\/app\\\/uploads\\\/sites\\\/10\\\/2024\\\/12\\\/laboratoriu-LEM.png\",\"contentUrl\":\"https:\\\/\\\/www.upjs.sk\\\/app\\\/uploads\\\/sites\\\/10\\\/2024\\\/12\\\/laboratoriu-LEM.png\"},{\"@type\":\"BreadcrumbList\",\"@id\":\"https:\\\/\\\/www.upjs.sk\\\/prirodovedecka-fakulta\\\/en\\\/laboratorium-transmisnej-elektronovej-mikroskopie\\\/#breadcrumb\",\"itemListElement\":[{\"@type\":\"ListItem\",\"position\":1,\"name\":\"Home\",\"item\":\"https:\\\/\\\/www.upjs.sk\\\/prirodovedecka-fakulta\\\/en\\\/\"},{\"@type\":\"ListItem\",\"position\":2,\"name\":\"Laboratory of transmission electron microscopy\"}]},{\"@type\":\"WebSite\",\"@id\":\"https:\\\/\\\/www.upjs.sk\\\/prirodovedecka-fakulta\\\/en\\\/#website\",\"url\":\"https:\\\/\\\/www.upjs.sk\\\/prirodovedecka-fakulta\\\/en\\\/\",\"name\":\"Pr\u00edrodovedeck\u00e1 fakulta | UPJ\u0160\",\"description\":\"\",\"publisher\":{\"@id\":\"https:\\\/\\\/www.upjs.sk\\\/prirodovedecka-fakulta\\\/en\\\/#organization\"},\"potentialAction\":[{\"@type\":\"SearchAction\",\"target\":{\"@type\":\"EntryPoint\",\"urlTemplate\":\"https:\\\/\\\/www.upjs.sk\\\/prirodovedecka-fakulta\\\/en\\\/?s={search_term_string}\"},\"query-input\":{\"@type\":\"PropertyValueSpecification\",\"valueRequired\":true,\"valueName\":\"search_term_string\"}}],\"inLanguage\":\"en-US\"},{\"@type\":\"Organization\",\"@id\":\"https:\\\/\\\/www.upjs.sk\\\/prirodovedecka-fakulta\\\/en\\\/#organization\",\"name\":\"Pr\u00edrodovedeck\u00e1 fakulta | UPJ\u0160\",\"url\":\"https:\\\/\\\/www.upjs.sk\\\/prirodovedecka-fakulta\\\/en\\\/\",\"logo\":{\"@type\":\"ImageObject\",\"inLanguage\":\"en-US\",\"@id\":\"https:\\\/\\\/www.upjs.sk\\\/prirodovedecka-fakulta\\\/en\\\/#\\\/schema\\\/logo\\\/image\\\/\",\"url\":\"https:\\\/\\\/www.upjs.sk\\\/app\\\/uploads\\\/sites\\\/10\\\/2023\\\/02\\\/PriF_ENG_frame.svg\",\"contentUrl\":\"https:\\\/\\\/www.upjs.sk\\\/app\\\/uploads\\\/sites\\\/10\\\/2023\\\/02\\\/PriF_ENG_frame.svg\",\"width\":292,\"height\":61,\"caption\":\"Pr\u00edrodovedeck\u00e1 fakulta | UPJ\u0160\"},\"image\":{\"@id\":\"https:\\\/\\\/www.upjs.sk\\\/prirodovedecka-fakulta\\\/en\\\/#\\\/schema\\\/logo\\\/image\\\/\"}}]}<\/script>\n<!-- \/ Yoast SEO plugin. -->","yoast_head_json":{"title":"Laboratory of transmission electron microscopy - Pr\u00edrodovedeck\u00e1 fakulta | UPJ\u0160","robots":{"index":"index","follow":"follow","max-snippet":"max-snippet:-1","max-image-preview":"max-image-preview:large","max-video-preview":"max-video-preview:-1"},"canonical":"https:\/\/www.upjs.sk\/prirodovedecka-fakulta\/en\/laboratorium-transmisnej-elektronovej-mikroskopie\/","og_locale":"en_US","og_type":"article","og_title":"Laboratory of transmission electron microscopy - Pr\u00edrodovedeck\u00e1 fakulta | UPJ\u0160","og_description":"Laboratory of transmission electron microscopy (LEM) is a part of the Institute of Biology and Ecology, Faculty of Science, P.J. \u0160af\u00e1rik University in Ko\u0161ice. The laboratory is localised in the basement of RBL pavilion on \u0160rob\u00e1rova 2. The laboratory is equipped by transmission electron microscope JEOL JEM-1230 (high contrast) designed for analyses of ultrastructure of &hellip; Continued","og_url":"https:\/\/www.upjs.sk\/prirodovedecka-fakulta\/en\/laboratorium-transmisnej-elektronovej-mikroskopie\/","og_site_name":"Pr\u00edrodovedeck\u00e1 fakulta | UPJ\u0160","article_modified_time":"2024-12-03T13:52:14+00:00","og_image":[{"width":1170,"height":150,"url":"https:\/\/www.upjs.sk\/app\/uploads\/sites\/10\/2024\/12\/laboratoriu-LEM.png","type":"image\/png"}],"twitter_card":"summary_large_image","twitter_misc":{"Est. reading time":"1 minute"},"schema":{"@context":"https:\/\/schema.org","@graph":[{"@type":"WebPage","@id":"https:\/\/www.upjs.sk\/prirodovedecka-fakulta\/en\/laboratorium-transmisnej-elektronovej-mikroskopie\/","url":"https:\/\/www.upjs.sk\/prirodovedecka-fakulta\/en\/laboratorium-transmisnej-elektronovej-mikroskopie\/","name":"Laboratory of transmission electron microscopy - Pr\u00edrodovedeck\u00e1 fakulta | UPJ\u0160","isPartOf":{"@id":"https:\/\/www.upjs.sk\/prirodovedecka-fakulta\/en\/#website"},"primaryImageOfPage":{"@id":"https:\/\/www.upjs.sk\/prirodovedecka-fakulta\/en\/laboratorium-transmisnej-elektronovej-mikroskopie\/#primaryimage"},"image":{"@id":"https:\/\/www.upjs.sk\/prirodovedecka-fakulta\/en\/laboratorium-transmisnej-elektronovej-mikroskopie\/#primaryimage"},"thumbnailUrl":"https:\/\/www.upjs.sk\/app\/uploads\/sites\/10\/2024\/12\/laboratoriu-LEM.png","datePublished":"2024-12-03T13:24:36+00:00","dateModified":"2024-12-03T13:52:14+00:00","breadcrumb":{"@id":"https:\/\/www.upjs.sk\/prirodovedecka-fakulta\/en\/laboratorium-transmisnej-elektronovej-mikroskopie\/#breadcrumb"},"inLanguage":"en-US","potentialAction":[{"@type":"ReadAction","target":["https:\/\/www.upjs.sk\/prirodovedecka-fakulta\/en\/laboratorium-transmisnej-elektronovej-mikroskopie\/"]}]},{"@type":"ImageObject","inLanguage":"en-US","@id":"https:\/\/www.upjs.sk\/prirodovedecka-fakulta\/en\/laboratorium-transmisnej-elektronovej-mikroskopie\/#primaryimage","url":"https:\/\/www.upjs.sk\/app\/uploads\/sites\/10\/2024\/12\/laboratoriu-LEM.png","contentUrl":"https:\/\/www.upjs.sk\/app\/uploads\/sites\/10\/2024\/12\/laboratoriu-LEM.png"},{"@type":"BreadcrumbList","@id":"https:\/\/www.upjs.sk\/prirodovedecka-fakulta\/en\/laboratorium-transmisnej-elektronovej-mikroskopie\/#breadcrumb","itemListElement":[{"@type":"ListItem","position":1,"name":"Home","item":"https:\/\/www.upjs.sk\/prirodovedecka-fakulta\/en\/"},{"@type":"ListItem","position":2,"name":"Laboratory of transmission electron microscopy"}]},{"@type":"WebSite","@id":"https:\/\/www.upjs.sk\/prirodovedecka-fakulta\/en\/#website","url":"https:\/\/www.upjs.sk\/prirodovedecka-fakulta\/en\/","name":"Pr\u00edrodovedeck\u00e1 fakulta | UPJ\u0160","description":"","publisher":{"@id":"https:\/\/www.upjs.sk\/prirodovedecka-fakulta\/en\/#organization"},"potentialAction":[{"@type":"SearchAction","target":{"@type":"EntryPoint","urlTemplate":"https:\/\/www.upjs.sk\/prirodovedecka-fakulta\/en\/?s={search_term_string}"},"query-input":{"@type":"PropertyValueSpecification","valueRequired":true,"valueName":"search_term_string"}}],"inLanguage":"en-US"},{"@type":"Organization","@id":"https:\/\/www.upjs.sk\/prirodovedecka-fakulta\/en\/#organization","name":"Pr\u00edrodovedeck\u00e1 fakulta | UPJ\u0160","url":"https:\/\/www.upjs.sk\/prirodovedecka-fakulta\/en\/","logo":{"@type":"ImageObject","inLanguage":"en-US","@id":"https:\/\/www.upjs.sk\/prirodovedecka-fakulta\/en\/#\/schema\/logo\/image\/","url":"https:\/\/www.upjs.sk\/app\/uploads\/sites\/10\/2023\/02\/PriF_ENG_frame.svg","contentUrl":"https:\/\/www.upjs.sk\/app\/uploads\/sites\/10\/2023\/02\/PriF_ENG_frame.svg","width":292,"height":61,"caption":"Pr\u00edrodovedeck\u00e1 fakulta | UPJ\u0160"},"image":{"@id":"https:\/\/www.upjs.sk\/prirodovedecka-fakulta\/en\/#\/schema\/logo\/image\/"}}]}},"_links":{"self":[{"href":"https:\/\/www.upjs.sk\/prirodovedecka-fakulta\/en\/wp-json\/wp\/v2\/pages\/73832","targetHints":{"allow":["GET"]}}],"collection":[{"href":"https:\/\/www.upjs.sk\/prirodovedecka-fakulta\/en\/wp-json\/wp\/v2\/pages"}],"about":[{"href":"https:\/\/www.upjs.sk\/prirodovedecka-fakulta\/en\/wp-json\/wp\/v2\/types\/page"}],"author":[{"embeddable":true,"href":"https:\/\/www.upjs.sk\/prirodovedecka-fakulta\/en\/wp-json\/wp\/v2\/users\/25"}],"replies":[{"embeddable":true,"href":"https:\/\/www.upjs.sk\/prirodovedecka-fakulta\/en\/wp-json\/wp\/v2\/comments?post=73832"}],"version-history":[{"count":6,"href":"https:\/\/www.upjs.sk\/prirodovedecka-fakulta\/en\/wp-json\/wp\/v2\/pages\/73832\/revisions"}],"predecessor-version":[{"id":73843,"href":"https:\/\/www.upjs.sk\/prirodovedecka-fakulta\/en\/wp-json\/wp\/v2\/pages\/73832\/revisions\/73843"}],"wp:attachment":[{"href":"https:\/\/www.upjs.sk\/prirodovedecka-fakulta\/en\/wp-json\/wp\/v2\/media?parent=73832"}],"wp:term":[{"taxonomy":"category","embeddable":true,"href":"https:\/\/www.upjs.sk\/prirodovedecka-fakulta\/en\/wp-json\/wp\/v2\/categories?post=73832"},{"taxonomy":"post_tag","embeddable":true,"href":"https:\/\/www.upjs.sk\/prirodovedecka-fakulta\/en\/wp-json\/wp\/v2\/tags?post=73832"}],"curies":[{"name":"wp","href":"https:\/\/api.w.org\/{rel}","templated":true}]}}