{"id":12907,"date":"2021-10-08T10:43:35","date_gmt":"2021-10-08T10:43:35","guid":{"rendered":"https:\/\/www.upjs.sk\/prirodovedecka-fakulta\/root\/studium\/bakalarske-a-magisterske\/vs\/"},"modified":"2022-11-13T21:45:15","modified_gmt":"2022-11-13T20:45:15","slug":"vs","status":"publish","type":"page","link":"https:\/\/www.upjs.sk\/prirodovedecka-fakulta\/studium\/bakalarske-a-magisterske\/vs\/","title":{"rendered":"V\u00fdro\u010dn\u00e9 spr\u00e1vy o kvalite vysoko\u0161kolsk\u00e9ho vzdel\u00e1vania v 1. a 2. stupni vzdel\u00e1vania"},"content":{"rendered":"<ul>\n<li><a href=\"\/public\/media\/25746\/sprava202021vzdelavanieBcMgrVR06102021.pdf\" target=\"_blank\" rel=\"noopener\">2020\/2021<\/a>\u00a0\/\u00a0<a href=\"\/public\/media\/25746\/sprava202021vzdelavanieBcMgrprilohyVR06102021.pdf\" target=\"_blank\" rel=\"noopener\">pr\u00edlohy<\/a><\/li>\n<li><a href=\"\/public\/media\/25746\/sprava201920vzdelavanieBcMgrVR07102020.pdf\" target=\"_blank\" rel=\"noopener\">2019\/2020<\/a>\u00a0\/\u00a0<a href=\"\/public\/media\/25746\/sprava201920vzdelavanieBcMgrprilohyVR07102020.pdf\" target=\"_blank\" rel=\"noopener\">pr\u00edlohy<\/a><\/li>\n<li><a href=\"\/public\/media\/25746\/sprava201819vzdelavanieBcMgrVR16102019.pdf\" target=\"_blank\" rel=\"noopener\">2018\/2019<\/a>\u00a0\/\u00a0<a href=\"\/public\/media\/25746\/sprava201819vzdelavanieBcMgrprilohyVR16102019.pdf\" target=\"_blank\" rel=\"noopener\">pr\u00edlohy<\/a><\/li>\n<li><a href=\"\/public\/media\/25746\/Sprava2018VzdelavanieBcMgrfinal.pdf\" target=\"_blank\" rel=\"noopener\">2017\/2018<\/a>\u00a0\/\u00a0<a href=\"\/public\/media\/25746\/Sprava2018VzdelavanieBcMgrPrilohy.pdf\" target=\"_blank\" rel=\"noopener\">pr\u00edlohy<\/a><\/li>\n<\/ul>\n","protected":false},"excerpt":{"rendered":"<p>2020\/2021\u00a0\/\u00a0pr\u00edlohy 2019\/2020\u00a0\/\u00a0pr\u00edlohy 2018\/2019\u00a0\/\u00a0pr\u00edlohy 2017\/2018\u00a0\/\u00a0pr\u00edlohy<\/p>\n","protected":false},"author":1,"featured_media":0,"parent":12904,"menu_order":1,"comment_status":"closed","ping_status":"closed","template":"","meta":{"_acf_changed":false,"_editorskit_title_hidden":false,"_editorskit_reading_time":0,"_editorskit_is_block_options_detached":false,"_editorskit_block_options_position":"{}","footnotes":""},"categories":[],"tags":[],"class_list":["post-12907","page","type-page","status-publish","hentry"],"acf":{"acf_link_na_externy_obsah":""},"yoast_head":"<!-- This site is optimized with the Yoast SEO plugin v27.2 - https:\/\/yoast.com\/product\/yoast-seo-wordpress\/ -->\n<title>V\u00fdro\u010dn\u00e9 spr\u00e1vy o kvalite vysoko\u0161kolsk\u00e9ho vzdel\u00e1vania v 1. a 2. stupni vzdel\u00e1vania - Pr\u00edrodovedeck\u00e1 fakulta | UPJ\u0160<\/title>\n<meta name=\"robots\" content=\"index, follow, max-snippet:-1, max-image-preview:large, max-video-preview:-1\" \/>\n<link rel=\"canonical\" href=\"https:\/\/www.upjs.sk\/prirodovedecka-fakulta\/studium\/bakalarske-a-magisterske\/vs\/\" \/>\n<meta property=\"og:locale\" content=\"sk_SK\" \/>\n<meta property=\"og:type\" content=\"article\" \/>\n<meta property=\"og:title\" content=\"V\u00fdro\u010dn\u00e9 spr\u00e1vy o kvalite vysoko\u0161kolsk\u00e9ho vzdel\u00e1vania v 1. a 2. stupni vzdel\u00e1vania - Pr\u00edrodovedeck\u00e1 fakulta | UPJ\u0160\" \/>\n<meta property=\"og:description\" content=\"2020\/2021\u00a0\/\u00a0pr\u00edlohy 2019\/2020\u00a0\/\u00a0pr\u00edlohy 2018\/2019\u00a0\/\u00a0pr\u00edlohy 2017\/2018\u00a0\/\u00a0pr\u00edlohy\" \/>\n<meta property=\"og:url\" content=\"https:\/\/www.upjs.sk\/prirodovedecka-fakulta\/studium\/bakalarske-a-magisterske\/vs\/\" \/>\n<meta property=\"og:site_name\" content=\"Pr\u00edrodovedeck\u00e1 fakulta | UPJ\u0160\" \/>\n<meta property=\"article:modified_time\" content=\"2022-11-13T20:45:15+00:00\" \/>\n<meta name=\"twitter:card\" content=\"summary_large_image\" \/>\n<script type=\"application\/ld+json\" class=\"yoast-schema-graph\">{\"@context\":\"https:\/\/schema.org\",\"@graph\":[{\"@type\":\"WebPage\",\"@id\":\"https:\/\/www.upjs.sk\/prirodovedecka-fakulta\/studium\/bakalarske-a-magisterske\/vs\/\",\"url\":\"https:\/\/www.upjs.sk\/prirodovedecka-fakulta\/studium\/bakalarske-a-magisterske\/vs\/\",\"name\":\"V\u00fdro\u010dn\u00e9 spr\u00e1vy o kvalite vysoko\u0161kolsk\u00e9ho vzdel\u00e1vania v 1. a 2. stupni vzdel\u00e1vania - Pr\u00edrodovedeck\u00e1 fakulta | UPJ\u0160\",\"isPartOf\":{\"@id\":\"https:\/\/www.upjs.sk\/prirodovedecka-fakulta\/#website\"},\"datePublished\":\"2021-10-08T10:43:35+00:00\",\"dateModified\":\"2022-11-13T20:45:15+00:00\",\"breadcrumb\":{\"@id\":\"https:\/\/www.upjs.sk\/prirodovedecka-fakulta\/studium\/bakalarske-a-magisterske\/vs\/#breadcrumb\"},\"inLanguage\":\"sk-SK\",\"potentialAction\":[{\"@type\":\"ReadAction\",\"target\":[\"https:\/\/www.upjs.sk\/prirodovedecka-fakulta\/studium\/bakalarske-a-magisterske\/vs\/\"]}]},{\"@type\":\"BreadcrumbList\",\"@id\":\"https:\/\/www.upjs.sk\/prirodovedecka-fakulta\/studium\/bakalarske-a-magisterske\/vs\/#breadcrumb\",\"itemListElement\":[{\"@type\":\"ListItem\",\"position\":1,\"name\":\"Home\",\"item\":\"https:\/\/www.upjs.sk\/prirodovedecka-fakulta\/\"},{\"@type\":\"ListItem\",\"position\":2,\"name\":\"O \u0161t\u00fadiu na fakulte\",\"item\":\"https:\/\/www.upjs.sk\/prirodovedecka-fakulta\/studium\/\"},{\"@type\":\"ListItem\",\"position\":3,\"name\":\"Bakal\u00e1rske a magistersk\u00e9 \u0161t\u00fadium\",\"item\":\"https:\/\/www.upjs.sk\/prirodovedecka-fakulta\/studium\/bakalarske-a-magisterske\/\"},{\"@type\":\"ListItem\",\"position\":4,\"name\":\"V\u00fdro\u010dn\u00e9 spr\u00e1vy o kvalite vysoko\u0161kolsk\u00e9ho vzdel\u00e1vania v 1. a 2. stupni vzdel\u00e1vania\"}]},{\"@type\":\"WebSite\",\"@id\":\"https:\/\/www.upjs.sk\/prirodovedecka-fakulta\/#website\",\"url\":\"https:\/\/www.upjs.sk\/prirodovedecka-fakulta\/\",\"name\":\"Pr\u00edrodovedeck\u00e1 fakulta | UPJ\u0160\",\"description\":\"\",\"publisher\":{\"@id\":\"https:\/\/www.upjs.sk\/prirodovedecka-fakulta\/#organization\"},\"potentialAction\":[{\"@type\":\"SearchAction\",\"target\":{\"@type\":\"EntryPoint\",\"urlTemplate\":\"https:\/\/www.upjs.sk\/prirodovedecka-fakulta\/?s={search_term_string}\"},\"query-input\":{\"@type\":\"PropertyValueSpecification\",\"valueRequired\":true,\"valueName\":\"search_term_string\"}}],\"inLanguage\":\"sk-SK\"},{\"@type\":\"Organization\",\"@id\":\"https:\/\/www.upjs.sk\/prirodovedecka-fakulta\/#organization\",\"name\":\"Pr\u00edrodovedeck\u00e1 fakulta | UPJ\u0160\",\"url\":\"https:\/\/www.upjs.sk\/prirodovedecka-fakulta\/\",\"logo\":{\"@type\":\"ImageObject\",\"inLanguage\":\"sk-SK\",\"@id\":\"https:\/\/www.upjs.sk\/prirodovedecka-fakulta\/#\/schema\/logo\/image\/\",\"url\":\"https:\/\/www.upjs.sk\/app\/uploads\/sites\/10\/2022\/09\/logo-prirodovedecka-fakulta.png\",\"contentUrl\":\"https:\/\/www.upjs.sk\/app\/uploads\/sites\/10\/2022\/09\/logo-prirodovedecka-fakulta.png\",\"width\":415,\"height\":87,\"caption\":\"Pr\u00edrodovedeck\u00e1 fakulta | UPJ\u0160\"},\"image\":{\"@id\":\"https:\/\/www.upjs.sk\/prirodovedecka-fakulta\/#\/schema\/logo\/image\/\"}}]}<\/script>\n<!-- \/ Yoast SEO plugin. -->","yoast_head_json":{"title":"V\u00fdro\u010dn\u00e9 spr\u00e1vy o kvalite vysoko\u0161kolsk\u00e9ho vzdel\u00e1vania v 1. a 2. stupni vzdel\u00e1vania - Pr\u00edrodovedeck\u00e1 fakulta | UPJ\u0160","robots":{"index":"index","follow":"follow","max-snippet":"max-snippet:-1","max-image-preview":"max-image-preview:large","max-video-preview":"max-video-preview:-1"},"canonical":"https:\/\/www.upjs.sk\/prirodovedecka-fakulta\/studium\/bakalarske-a-magisterske\/vs\/","og_locale":"sk_SK","og_type":"article","og_title":"V\u00fdro\u010dn\u00e9 spr\u00e1vy o kvalite vysoko\u0161kolsk\u00e9ho vzdel\u00e1vania v 1. a 2. stupni vzdel\u00e1vania - Pr\u00edrodovedeck\u00e1 fakulta | UPJ\u0160","og_description":"2020\/2021\u00a0\/\u00a0pr\u00edlohy 2019\/2020\u00a0\/\u00a0pr\u00edlohy 2018\/2019\u00a0\/\u00a0pr\u00edlohy 2017\/2018\u00a0\/\u00a0pr\u00edlohy","og_url":"https:\/\/www.upjs.sk\/prirodovedecka-fakulta\/studium\/bakalarske-a-magisterske\/vs\/","og_site_name":"Pr\u00edrodovedeck\u00e1 fakulta | UPJ\u0160","article_modified_time":"2022-11-13T20:45:15+00:00","twitter_card":"summary_large_image","schema":{"@context":"https:\/\/schema.org","@graph":[{"@type":"WebPage","@id":"https:\/\/www.upjs.sk\/prirodovedecka-fakulta\/studium\/bakalarske-a-magisterske\/vs\/","url":"https:\/\/www.upjs.sk\/prirodovedecka-fakulta\/studium\/bakalarske-a-magisterske\/vs\/","name":"V\u00fdro\u010dn\u00e9 spr\u00e1vy o kvalite vysoko\u0161kolsk\u00e9ho vzdel\u00e1vania v 1. a 2. stupni vzdel\u00e1vania - Pr\u00edrodovedeck\u00e1 fakulta | UPJ\u0160","isPartOf":{"@id":"https:\/\/www.upjs.sk\/prirodovedecka-fakulta\/#website"},"datePublished":"2021-10-08T10:43:35+00:00","dateModified":"2022-11-13T20:45:15+00:00","breadcrumb":{"@id":"https:\/\/www.upjs.sk\/prirodovedecka-fakulta\/studium\/bakalarske-a-magisterske\/vs\/#breadcrumb"},"inLanguage":"sk-SK","potentialAction":[{"@type":"ReadAction","target":["https:\/\/www.upjs.sk\/prirodovedecka-fakulta\/studium\/bakalarske-a-magisterske\/vs\/"]}]},{"@type":"BreadcrumbList","@id":"https:\/\/www.upjs.sk\/prirodovedecka-fakulta\/studium\/bakalarske-a-magisterske\/vs\/#breadcrumb","itemListElement":[{"@type":"ListItem","position":1,"name":"Home","item":"https:\/\/www.upjs.sk\/prirodovedecka-fakulta\/"},{"@type":"ListItem","position":2,"name":"O \u0161t\u00fadiu na fakulte","item":"https:\/\/www.upjs.sk\/prirodovedecka-fakulta\/studium\/"},{"@type":"ListItem","position":3,"name":"Bakal\u00e1rske a magistersk\u00e9 \u0161t\u00fadium","item":"https:\/\/www.upjs.sk\/prirodovedecka-fakulta\/studium\/bakalarske-a-magisterske\/"},{"@type":"ListItem","position":4,"name":"V\u00fdro\u010dn\u00e9 spr\u00e1vy o kvalite vysoko\u0161kolsk\u00e9ho vzdel\u00e1vania v 1. a 2. stupni vzdel\u00e1vania"}]},{"@type":"WebSite","@id":"https:\/\/www.upjs.sk\/prirodovedecka-fakulta\/#website","url":"https:\/\/www.upjs.sk\/prirodovedecka-fakulta\/","name":"Pr\u00edrodovedeck\u00e1 fakulta | UPJ\u0160","description":"","publisher":{"@id":"https:\/\/www.upjs.sk\/prirodovedecka-fakulta\/#organization"},"potentialAction":[{"@type":"SearchAction","target":{"@type":"EntryPoint","urlTemplate":"https:\/\/www.upjs.sk\/prirodovedecka-fakulta\/?s={search_term_string}"},"query-input":{"@type":"PropertyValueSpecification","valueRequired":true,"valueName":"search_term_string"}}],"inLanguage":"sk-SK"},{"@type":"Organization","@id":"https:\/\/www.upjs.sk\/prirodovedecka-fakulta\/#organization","name":"Pr\u00edrodovedeck\u00e1 fakulta | UPJ\u0160","url":"https:\/\/www.upjs.sk\/prirodovedecka-fakulta\/","logo":{"@type":"ImageObject","inLanguage":"sk-SK","@id":"https:\/\/www.upjs.sk\/prirodovedecka-fakulta\/#\/schema\/logo\/image\/","url":"https:\/\/www.upjs.sk\/app\/uploads\/sites\/10\/2022\/09\/logo-prirodovedecka-fakulta.png","contentUrl":"https:\/\/www.upjs.sk\/app\/uploads\/sites\/10\/2022\/09\/logo-prirodovedecka-fakulta.png","width":415,"height":87,"caption":"Pr\u00edrodovedeck\u00e1 fakulta | UPJ\u0160"},"image":{"@id":"https:\/\/www.upjs.sk\/prirodovedecka-fakulta\/#\/schema\/logo\/image\/"}}]}},"_links":{"self":[{"href":"https:\/\/www.upjs.sk\/prirodovedecka-fakulta\/wp-json\/wp\/v2\/pages\/12907","targetHints":{"allow":["GET"]}}],"collection":[{"href":"https:\/\/www.upjs.sk\/prirodovedecka-fakulta\/wp-json\/wp\/v2\/pages"}],"about":[{"href":"https:\/\/www.upjs.sk\/prirodovedecka-fakulta\/wp-json\/wp\/v2\/types\/page"}],"author":[{"embeddable":true,"href":"https:\/\/www.upjs.sk\/prirodovedecka-fakulta\/wp-json\/wp\/v2\/users\/1"}],"replies":[{"embeddable":true,"href":"https:\/\/www.upjs.sk\/prirodovedecka-fakulta\/wp-json\/wp\/v2\/comments?post=12907"}],"version-history":[{"count":2,"href":"https:\/\/www.upjs.sk\/prirodovedecka-fakulta\/wp-json\/wp\/v2\/pages\/12907\/revisions"}],"predecessor-version":[{"id":46267,"href":"https:\/\/www.upjs.sk\/prirodovedecka-fakulta\/wp-json\/wp\/v2\/pages\/12907\/revisions\/46267"}],"up":[{"embeddable":true,"href":"https:\/\/www.upjs.sk\/prirodovedecka-fakulta\/wp-json\/wp\/v2\/pages\/12904"}],"wp:attachment":[{"href":"https:\/\/www.upjs.sk\/prirodovedecka-fakulta\/wp-json\/wp\/v2\/media?parent=12907"}],"wp:term":[{"taxonomy":"category","embeddable":true,"href":"https:\/\/www.upjs.sk\/prirodovedecka-fakulta\/wp-json\/wp\/v2\/categories?post=12907"},{"taxonomy":"post_tag","embeddable":true,"href":"https:\/\/www.upjs.sk\/prirodovedecka-fakulta\/wp-json\/wp\/v2\/tags?post=12907"}],"curies":[{"name":"wp","href":"https:\/\/api.w.org\/{rel}","templated":true}]}}