{"id":13059,"date":"2022-09-23T20:49:38","date_gmt":"2022-09-23T20:49:38","guid":{"rendered":"https:\/\/www.upjs.sk\/prirodovedecka-fakulta\/root\/vyberove-konanie\/"},"modified":"2023-03-15T11:15:22","modified_gmt":"2023-03-15T10:15:22","slug":"vyberove-konanie","status":"publish","type":"page","link":"https:\/\/www.upjs.sk\/prirodovedecka-fakulta\/informacie-pre-zamestnancov\/vyberove-konanie\/","title":{"rendered":"V\u00fdberov\u00e9 konania"},"content":{"rendered":"<style>.wp-block-kadence-column.kb-section-dir-horizontal > .kt-inside-inner-col > .kt-info-box_7b5386-1f .kt-blocks-info-box-link-wrap{max-width:unset;}.kt-info-box_7b5386-1f .kt-blocks-info-box-link-wrap{border-top:3px solid #ffffff;border-right:3px solid #ffffff;border-bottom:3px solid #ffffff;border-left:3px solid #ffffff;border-top-left-radius:4px;border-top-right-radius:4px;border-bottom-right-radius:4px;border-bottom-left-radius:4px;background:#ffffff;padding-top:1px;padding-right:1px;padding-bottom:1px;padding-left:1px;}.kt-info-box_7b5386-1f .kt-blocks-info-box-link-wrap:hover{background:#ffffff;}.kt-info-box_7b5386-1f .kadence-info-box-icon-container .kt-info-svg-icon, .kt-info-box_7b5386-1f .kt-info-svg-icon-flip, .kt-info-box_7b5386-1f .kt-blocks-info-box-number{font-size:30px;}.kt-info-box_7b5386-1f .kt-blocks-info-box-media{color:#008338;background:#ffffff;border-color:#008338;border-radius:3px;overflow:hidden;border-top-width:0px;border-right-width:0px;border-bottom-width:0px;border-left-width:0px;padding-top:3px;padding-right:3px;padding-bottom:3px;padding-left:3px;margin-top:0px;margin-right:2px;margin-bottom:0px;margin-left:0px;}.kt-info-box_7b5386-1f .kt-blocks-info-box-media .kadence-info-box-image-intrisic img{border-radius:3px;}.kt-info-box_7b5386-1f .kt-blocks-info-box-link-wrap:hover .kt-blocks-info-box-media{color:#C19152;background:#ffffff;border-color:#C19152;}.kt-info-box_7b5386-1f .kt-infobox-textcontent h6.kt-blocks-info-box-title{color:#008338;padding-top:0px;padding-right:0px;padding-bottom:0px;padding-left:0px;margin-top:5px;margin-right:0px;margin-bottom:5px;margin-left:0px;}.kt-info-box_7b5386-1f .kt-blocks-info-box-link-wrap:hover h6.kt-blocks-info-box-title{color:#C19152;}.kt-info-box_7b5386-1f .kt-infobox-textcontent .kt-blocks-info-box-text{color:#555555;}.kt-info-box_7b5386-1f .kt-blocks-info-box-learnmore{background:transparent;border-color:#555555;border-width:0px 0px 0px 0px;padding-top:4px;padding-right:8px;padding-bottom:4px;padding-left:8px;margin-top:10px;margin-right:0px;margin-bottom:10px;margin-left:0px;}.kt-info-box_7b5386-1f .kt-blocks-info-box-link-wrap:hover .kt-blocks-info-box-learnmore,.kt-info-box_7b5386-1f .kt-blocks-info-box-link-wrap .kt-blocks-info-box-learnmore:focus{color:#ffffff;background:#444444;border-color:#444444;}@media all and (max-width: 1024px){.kt-info-box_7b5386-1f .kt-blocks-info-box-link-wrap{border-top:3px solid #ffffff;border-right:3px solid #ffffff;border-bottom:3px solid #ffffff;border-left:3px solid #ffffff;}}@media all and (max-width: 767px){.kt-info-box_7b5386-1f .kt-blocks-info-box-link-wrap{border-top:3px solid #ffffff;border-right:3px solid #ffffff;border-bottom:3px solid #ffffff;border-left:3px solid #ffffff;}}<\/style>\n<div class=\"wp-block-kadence-infobox kt-info-box_7b5386-1f\"><a class=\"kt-blocks-info-box-link-wrap info-box-link kt-blocks-info-box-media-align-left kt-info-halign-left\" target=\"_blank\" rel=\"noopener noreferrer\" href=\"https:\/\/www.upjs.sk\/app\/uploads\/sites\/10\/2023\/01\/Spracovanie_a_ochrana_osobnych_udajov_uchadzacov_o_zamestnanie_VK.pdf\"><div class=\"kt-blocks-info-box-media-container\"><div class=\"kt-blocks-info-box-media kt-info-media-animate-none\"><div class=\"kadence-info-box-icon-container kt-info-icon-animate-none\"><div class=\"kadence-info-box-icon-inner-container\"><span class=\"kb-svg-icon-wrap kb-svg-icon-fas_file-pdf kt-info-svg-icon\"><svg viewBox=\"0 0 384 512\"  fill=\"currentColor\" xmlns=\"http:\/\/www.w3.org\/2000\/svg\"  aria-hidden=\"true\"><path d=\"M181.9 256.1c-5-16-4.9-46.9-2-46.9 8.4 0 7.6 36.9 2 46.9zm-1.7 47.2c-7.7 20.2-17.3 43.3-28.4 62.7 18.3-7 39-17.2 62.9-21.9-12.7-9.6-24.9-23.4-34.5-40.8zM86.1 428.1c0 .8 13.2-5.4 34.9-40.2-6.7 6.3-29.1 24.5-34.9 40.2zM248 160h136v328c0 13.3-10.7 24-24 24H24c-13.3 0-24-10.7-24-24V24C0 10.7 10.7 0 24 0h200v136c0 13.2 10.8 24 24 24zm-8 171.8c-20-12.2-33.3-29-42.7-53.8 4.5-18.5 11.6-46.6 6.2-64.2-4.7-29.4-42.4-26.5-47.8-6.8-5 18.3-.4 44.1 8.1 77-11.6 27.6-28.7 64.6-40.8 85.8-.1 0-.1.1-.2.1-27.1 13.9-73.6 44.5-54.5 68 5.6 6.9 16 10 21.5 10 17.9 0 35.7-18 61.1-61.8 25.8-8.5 54.1-19.1 79-23.2 21.7 11.8 47.1 19.5 64 19.5 29.2 0 31.2-32 19.7-43.4-13.9-13.6-54.3-9.7-73.6-7.2zM377 105L279 7c-4.5-4.5-10.6-7-17-7h-6v128h128v-6.1c0-6.3-2.5-12.4-7-16.9zm-74.1 255.3c4.1-2.7-2.5-11.9-42.8-9 37.1 15.8 42.8 9 42.8 9z\"\/><\/svg><\/span><\/div><\/div><\/div><\/div><div class=\"kt-infobox-textcontent\"><h6 class=\"kt-blocks-info-box-title\">Inform\u00e1cia pod\u013ea \u010cl. 13 Nariadenia Eur\u00f3pskeho parlamentu a Rady E\u00da \u010d. 2016\/679 z 27. apr\u00edla 2016 o ochrane fyzick\u00fdch os\u00f4b pri sprac\u00favan\u00ed osobn\u00fdch \u00fadajov a o vo\u013enom pohybe tak\u00fdchto \u00fadajov, ktor\u00fdm sa zru\u0161uje smernica \u010d. 95\/46\/ES (v\u0161eobecn\u00e9 nariadenie o ochrane \u00fadajov)<\/h6><\/div><\/a><\/div>\n\n\n<style>.wp-block-kadence-spacer.kt-block-spacer-_967c99-75 .kt-block-spacer{height:22px;}.wp-block-kadence-spacer.kt-block-spacer-_967c99-75 .kt-divider{border-top-width:1px;height:1px;border-top-color:#eee;width:80%;border-top-style:solid;}<\/style>\n<div class=\"wp-block-kadence-spacer aligncenter kt-block-spacer-_967c99-75\"><div class=\"kt-block-spacer kt-block-spacer-halign-center\"><hr class=\"kt-divider\"\/><\/div><\/div>\n\n\n<style>.wp-block-kadence-column.kb-section-dir-horizontal > .kt-inside-inner-col > .kt-info-box_ef821c-3b .kt-blocks-info-box-link-wrap{max-width:unset;}.kt-info-box_ef821c-3b .kt-blocks-info-box-link-wrap{border-top:3px solid #ffffff;border-right:3px solid #ffffff;border-bottom:3px solid #ffffff;border-left:3px solid #ffffff;border-top-left-radius:4px;border-top-right-radius:4px;border-bottom-right-radius:4px;border-bottom-left-radius:4px;background:#ffffff;padding-top:1px;padding-right:1px;padding-bottom:1px;padding-left:10px;}.kt-info-box_ef821c-3b .kt-blocks-info-box-link-wrap:hover{background:#ffffff;}.kt-info-box_ef821c-3b .kadence-info-box-icon-container .kt-info-svg-icon, .kt-info-box_ef821c-3b .kt-info-svg-icon-flip, .kt-info-box_ef821c-3b .kt-blocks-info-box-number{font-size:20px;}.kt-info-box_ef821c-3b .kt-blocks-info-box-media{color:#008338;background:#ffffff;border-color:#008338;border-radius:3px;overflow:hidden;border-top-width:0px;border-right-width:0px;border-bottom-width:0px;border-left-width:0px;padding-top:3px;padding-right:3px;padding-bottom:3px;padding-left:3px;margin-top:0px;margin-right:2px;margin-bottom:0px;margin-left:0px;}.kt-info-box_ef821c-3b .kt-blocks-info-box-media .kadence-info-box-image-intrisic img{border-radius:3px;}.kt-info-box_ef821c-3b .kt-blocks-info-box-link-wrap:hover .kt-blocks-info-box-media{color:#C19152;background:#ffffff;border-color:#C19152;}.kt-info-box_ef821c-3b .kt-infobox-textcontent h6.kt-blocks-info-box-title{color:#008338;padding-top:0px;padding-right:0px;padding-bottom:0px;padding-left:0px;margin-top:5px;margin-right:0px;margin-bottom:5px;margin-left:0px;}.kt-info-box_ef821c-3b .kt-blocks-info-box-link-wrap:hover h6.kt-blocks-info-box-title{color:#C19152;}.kt-info-box_ef821c-3b .kt-infobox-textcontent .kt-blocks-info-box-text{color:#555555;}.kt-info-box_ef821c-3b .kt-blocks-info-box-learnmore{background:transparent;border-color:#555555;border-width:0px 0px 0px 0px;padding-top:4px;padding-right:8px;padding-bottom:4px;padding-left:8px;margin-top:10px;margin-right:0px;margin-bottom:10px;margin-left:0px;}.kt-info-box_ef821c-3b .kt-blocks-info-box-link-wrap:hover .kt-blocks-info-box-learnmore,.kt-info-box_ef821c-3b .kt-blocks-info-box-link-wrap .kt-blocks-info-box-learnmore:focus{color:#ffffff;background:#444444;border-color:#444444;}@media all and (max-width: 1024px){.kt-info-box_ef821c-3b .kt-blocks-info-box-link-wrap{border-top:3px solid #ffffff;border-right:3px solid #ffffff;border-bottom:3px solid #ffffff;border-left:3px solid #ffffff;}}@media all and (max-width: 767px){.kt-info-box_ef821c-3b .kt-blocks-info-box-link-wrap{border-top:3px solid #ffffff;border-right:3px solid #ffffff;border-bottom:3px solid #ffffff;border-left:3px solid #ffffff;}}<\/style>\n<div class=\"wp-block-kadence-infobox kt-info-box_ef821c-3b\"><a class=\"kt-blocks-info-box-link-wrap info-box-link kt-blocks-info-box-media-align-left kt-info-halign-left\" href=\"https:\/\/www.upjs.sk\/prirodovedecka-fakulta\/vyberove-konania\/vyberove-konania-ucitelia\/\"><div class=\"kt-blocks-info-box-media-container\"><div class=\"kt-blocks-info-box-media kt-info-media-animate-none\"><div class=\"kadence-info-box-icon-container kt-info-icon-animate-none\"><div class=\"kadence-info-box-icon-inner-container\"><span class=\"kb-svg-icon-wrap kb-svg-icon-fas_file-export kt-info-svg-icon\"><svg viewBox=\"0 0 576 512\"  fill=\"currentColor\" xmlns=\"http:\/\/www.w3.org\/2000\/svg\"  aria-hidden=\"true\"><path d=\"M384 121.9c0-6.3-2.5-12.4-7-16.9L279.1 7c-4.5-4.5-10.6-7-17-7H256v128h128v-6.1zM192 336v-32c0-8.84 7.16-16 16-16h176V160H248c-13.2 0-24-10.8-24-24V0H24C10.7 0 0 10.7 0 24v464c0 13.3 10.7 24 24 24h336c13.3 0 24-10.7 24-24V352H208c-8.84 0-16-7.16-16-16zm379.05-28.02l-95.7-96.43c-10.06-10.14-27.36-3.01-27.36 11.27V288H384v64h63.99v65.18c0 14.28 17.29 21.41 27.36 11.27l95.7-96.42c6.6-6.66 6.6-17.4 0-24.05z\"\/><\/svg><\/span><\/div><\/div><\/div><\/div><div class=\"kt-infobox-textcontent\"><h6 class=\"kt-blocks-info-box-title\">V\u00fdberov\u00e9 konania na obsadzovanie miest vysoko\u0161kolsk\u00fdch u\u010dite\u013eov<\/h6><\/div><\/a><\/div>\n\n\n<style>.wp-block-kadence-column.kb-section-dir-horizontal > .kt-inside-inner-col > .kt-info-box_ad69d0-bf .kt-blocks-info-box-link-wrap{max-width:unset;}.kt-info-box_ad69d0-bf .kt-blocks-info-box-link-wrap{border-top:3px solid #ffffff;border-right:3px solid #ffffff;border-bottom:3px solid #ffffff;border-left:3px solid #ffffff;border-top-left-radius:4px;border-top-right-radius:4px;border-bottom-right-radius:4px;border-bottom-left-radius:4px;background:#ffffff;padding-top:1px;padding-right:1px;padding-bottom:1px;padding-left:10px;}.kt-info-box_ad69d0-bf .kt-blocks-info-box-link-wrap:hover{background:#ffffff;}.kt-info-box_ad69d0-bf .kadence-info-box-icon-container .kt-info-svg-icon, .kt-info-box_ad69d0-bf .kt-info-svg-icon-flip, .kt-info-box_ad69d0-bf .kt-blocks-info-box-number{font-size:20px;}.kt-info-box_ad69d0-bf .kt-blocks-info-box-media{color:#008338;background:#ffffff;border-color:#008338;border-radius:3px;overflow:hidden;border-top-width:0px;border-right-width:0px;border-bottom-width:0px;border-left-width:0px;padding-top:3px;padding-right:3px;padding-bottom:3px;padding-left:3px;margin-top:0px;margin-right:2px;margin-bottom:0px;margin-left:0px;}.kt-info-box_ad69d0-bf .kt-blocks-info-box-media .kadence-info-box-image-intrisic img{border-radius:3px;}.kt-info-box_ad69d0-bf .kt-blocks-info-box-link-wrap:hover .kt-blocks-info-box-media{color:#C19152;background:#ffffff;border-color:#C19152;}.kt-info-box_ad69d0-bf .kt-infobox-textcontent h6.kt-blocks-info-box-title{color:#008338;padding-top:0px;padding-right:0px;padding-bottom:0px;padding-left:0px;margin-top:5px;margin-right:0px;margin-bottom:5px;margin-left:0px;}.kt-info-box_ad69d0-bf .kt-blocks-info-box-link-wrap:hover h6.kt-blocks-info-box-title{color:#C19152;}.kt-info-box_ad69d0-bf .kt-infobox-textcontent .kt-blocks-info-box-text{color:#555555;}.kt-info-box_ad69d0-bf .kt-blocks-info-box-learnmore{background:transparent;border-color:#555555;border-width:0px 0px 0px 0px;padding-top:4px;padding-right:8px;padding-bottom:4px;padding-left:8px;margin-top:10px;margin-right:0px;margin-bottom:10px;margin-left:0px;}.kt-info-box_ad69d0-bf .kt-blocks-info-box-link-wrap:hover .kt-blocks-info-box-learnmore,.kt-info-box_ad69d0-bf .kt-blocks-info-box-link-wrap .kt-blocks-info-box-learnmore:focus{color:#ffffff;background:#444444;border-color:#444444;}@media all and (max-width: 1024px){.kt-info-box_ad69d0-bf .kt-blocks-info-box-link-wrap{border-top:3px solid #ffffff;border-right:3px solid #ffffff;border-bottom:3px solid #ffffff;border-left:3px solid #ffffff;}}@media all and (max-width: 767px){.kt-info-box_ad69d0-bf .kt-blocks-info-box-link-wrap{border-top:3px solid #ffffff;border-right:3px solid #ffffff;border-bottom:3px solid #ffffff;border-left:3px solid #ffffff;}}<\/style>\n<div class=\"wp-block-kadence-infobox kt-info-box_ad69d0-bf\"><a class=\"kt-blocks-info-box-link-wrap info-box-link kt-blocks-info-box-media-align-left kt-info-halign-left\" href=\"https:\/\/www.upjs.sk\/prirodovedecka-fakulta\/vyberove-konania\/vyberove-konania-ostatne\/\"><div class=\"kt-blocks-info-box-media-container\"><div class=\"kt-blocks-info-box-media kt-info-media-animate-none\"><div class=\"kadence-info-box-icon-container kt-info-icon-animate-none\"><div class=\"kadence-info-box-icon-inner-container\"><span class=\"kb-svg-icon-wrap kb-svg-icon-fas_file-export kt-info-svg-icon\"><svg viewBox=\"0 0 576 512\"  fill=\"currentColor\" xmlns=\"http:\/\/www.w3.org\/2000\/svg\"  aria-hidden=\"true\"><path d=\"M384 121.9c0-6.3-2.5-12.4-7-16.9L279.1 7c-4.5-4.5-10.6-7-17-7H256v128h128v-6.1zM192 336v-32c0-8.84 7.16-16 16-16h176V160H248c-13.2 0-24-10.8-24-24V0H24C10.7 0 0 10.7 0 24v464c0 13.3 10.7 24 24 24h336c13.3 0 24-10.7 24-24V352H208c-8.84 0-16-7.16-16-16zm379.05-28.02l-95.7-96.43c-10.06-10.14-27.36-3.01-27.36 11.27V288H384v64h63.99v65.18c0 14.28 17.29 21.41 27.36 11.27l95.7-96.42c6.6-6.66 6.6-17.4 0-24.05z\"\/><\/svg><\/span><\/div><\/div><\/div><\/div><div class=\"kt-infobox-textcontent\"><h6 class=\"kt-blocks-info-box-title\">Ostatn\u00e9 v\u00fdberov\u00e9 konania<\/h6><\/div><\/a><\/div>\n\n\n<style>.wp-block-kadence-column.kb-section-dir-horizontal > .kt-inside-inner-col > .kt-info-box_27532d-c6 .kt-blocks-info-box-link-wrap{max-width:unset;}.kt-info-box_27532d-c6 .kt-blocks-info-box-link-wrap{border-top:3px solid #ffffff;border-right:3px solid #ffffff;border-bottom:3px solid #ffffff;border-left:3px solid #ffffff;border-top-left-radius:4px;border-top-right-radius:4px;border-bottom-right-radius:4px;border-bottom-left-radius:4px;background:#ffffff;padding-top:1px;padding-right:1px;padding-bottom:1px;padding-left:10px;}.kt-info-box_27532d-c6 .kt-blocks-info-box-link-wrap:hover{background:#ffffff;}.kt-info-box_27532d-c6 .kadence-info-box-icon-container .kt-info-svg-icon, .kt-info-box_27532d-c6 .kt-info-svg-icon-flip, .kt-info-box_27532d-c6 .kt-blocks-info-box-number{font-size:20px;}.kt-info-box_27532d-c6 .kt-blocks-info-box-media{color:#008338;background:#ffffff;border-color:#008338;border-radius:3px;overflow:hidden;border-top-width:0px;border-right-width:0px;border-bottom-width:0px;border-left-width:0px;padding-top:3px;padding-right:3px;padding-bottom:3px;padding-left:3px;margin-top:0px;margin-right:2px;margin-bottom:0px;margin-left:0px;}.kt-info-box_27532d-c6 .kt-blocks-info-box-media .kadence-info-box-image-intrisic img{border-radius:3px;}.kt-info-box_27532d-c6 .kt-blocks-info-box-link-wrap:hover .kt-blocks-info-box-media{color:#C19152;background:#ffffff;border-color:#C19152;}.kt-info-box_27532d-c6 .kt-infobox-textcontent h6.kt-blocks-info-box-title{color:#008338;padding-top:0px;padding-right:0px;padding-bottom:0px;padding-left:0px;margin-top:5px;margin-right:0px;margin-bottom:5px;margin-left:0px;}.kt-info-box_27532d-c6 .kt-blocks-info-box-link-wrap:hover h6.kt-blocks-info-box-title{color:#C19152;}.kt-info-box_27532d-c6 .kt-infobox-textcontent .kt-blocks-info-box-text{color:#555555;}.kt-info-box_27532d-c6 .kt-blocks-info-box-learnmore{background:transparent;border-color:#555555;border-width:0px 0px 0px 0px;padding-top:4px;padding-right:8px;padding-bottom:4px;padding-left:8px;margin-top:10px;margin-right:0px;margin-bottom:10px;margin-left:0px;}.kt-info-box_27532d-c6 .kt-blocks-info-box-link-wrap:hover .kt-blocks-info-box-learnmore,.kt-info-box_27532d-c6 .kt-blocks-info-box-link-wrap .kt-blocks-info-box-learnmore:focus{color:#ffffff;background:#444444;border-color:#444444;}@media all and (max-width: 1024px){.kt-info-box_27532d-c6 .kt-blocks-info-box-link-wrap{border-top:3px solid #ffffff;border-right:3px solid #ffffff;border-bottom:3px solid #ffffff;border-left:3px solid #ffffff;}}@media all and (max-width: 767px){.kt-info-box_27532d-c6 .kt-blocks-info-box-link-wrap{border-top:3px solid #ffffff;border-right:3px solid #ffffff;border-bottom:3px solid #ffffff;border-left:3px solid #ffffff;}}<\/style>\n<div class=\"wp-block-kadence-infobox kt-info-box_27532d-c6\"><a class=\"kt-blocks-info-box-link-wrap info-box-link kt-blocks-info-box-media-align-left kt-info-halign-left\" href=\"https:\/\/www.upjs.sk\/prirodovedecka-fakulta\/informacie-pre-zamestnancov\/vyberove-konanie\/info-vk\/\"><div class=\"kt-blocks-info-box-media-container\"><div class=\"kt-blocks-info-box-media kt-info-media-animate-none\"><div class=\"kadence-info-box-icon-container kt-info-icon-animate-none\"><div class=\"kadence-info-box-icon-inner-container\"><span class=\"kb-svg-icon-wrap kb-svg-icon-fas_file-export kt-info-svg-icon\"><svg viewBox=\"0 0 576 512\"  fill=\"currentColor\" xmlns=\"http:\/\/www.w3.org\/2000\/svg\"  aria-hidden=\"true\"><path d=\"M384 121.9c0-6.3-2.5-12.4-7-16.9L279.1 7c-4.5-4.5-10.6-7-17-7H256v128h128v-6.1zM192 336v-32c0-8.84 7.16-16 16-16h176V160H248c-13.2 0-24-10.8-24-24V0H24C10.7 0 0 10.7 0 24v464c0 13.3 10.7 24 24 24h336c13.3 0 24-10.7 24-24V352H208c-8.84 0-16-7.16-16-16zm379.05-28.02l-95.7-96.43c-10.06-10.14-27.36-3.01-27.36 11.27V288H384v64h63.99v65.18c0 14.28 17.29 21.41 27.36 11.27l95.7-96.42c6.6-6.66 6.6-17.4 0-24.05z\"\/><\/svg><\/span><\/div><\/div><\/div><\/div><div class=\"kt-infobox-textcontent\"><h6 class=\"kt-blocks-info-box-title\">\u010eal\u0161ie inform\u00e1cie<\/h6><\/div><\/a><\/div>\n","protected":false},"excerpt":{"rendered":"","protected":false},"author":1,"featured_media":0,"parent":17218,"menu_order":0,"comment_status":"closed","ping_status":"closed","template":"","meta":{"_acf_changed":false,"_editorskit_title_hidden":false,"_editorskit_reading_time":1,"_editorskit_is_block_options_detached":false,"_editorskit_block_options_position":"{}","footnotes":""},"categories":[],"tags":[],"class_list":["post-13059","page","type-page","status-publish","hentry"],"acf":{"acf_link_na_externy_obsah":""},"yoast_head":"<!-- This site is optimized with the Yoast SEO plugin v27.2 - https:\/\/yoast.com\/product\/yoast-seo-wordpress\/ -->\n<title>V\u00fdberov\u00e9 konania - Pr\u00edrodovedeck\u00e1 fakulta | UPJ\u0160<\/title>\n<meta name=\"robots\" content=\"index, follow, max-snippet:-1, max-image-preview:large, max-video-preview:-1\" \/>\n<link rel=\"canonical\" href=\"https:\/\/www.upjs.sk\/prirodovedecka-fakulta\/informacie-pre-zamestnancov\/vyberove-konanie\/\" \/>\n<meta property=\"og:locale\" content=\"sk_SK\" \/>\n<meta property=\"og:type\" content=\"article\" \/>\n<meta property=\"og:title\" content=\"V\u00fdberov\u00e9 konania - Pr\u00edrodovedeck\u00e1 fakulta | UPJ\u0160\" \/>\n<meta property=\"og:url\" content=\"https:\/\/www.upjs.sk\/prirodovedecka-fakulta\/informacie-pre-zamestnancov\/vyberove-konanie\/\" \/>\n<meta property=\"og:site_name\" content=\"Pr\u00edrodovedeck\u00e1 fakulta | UPJ\u0160\" \/>\n<meta property=\"article:modified_time\" content=\"2023-03-15T10:15:22+00:00\" \/>\n<meta name=\"twitter:card\" content=\"summary_large_image\" \/>\n<meta name=\"twitter:label1\" content=\"Predpokladan\u00fd \u010das \u010d\u00edtania\" \/>\n\t<meta name=\"twitter:data1\" content=\"1 min\u00fata\" \/>\n<script type=\"application\/ld+json\" class=\"yoast-schema-graph\">{\"@context\":\"https:\/\/schema.org\",\"@graph\":[{\"@type\":\"WebPage\",\"@id\":\"https:\/\/www.upjs.sk\/prirodovedecka-fakulta\/informacie-pre-zamestnancov\/vyberove-konanie\/\",\"url\":\"https:\/\/www.upjs.sk\/prirodovedecka-fakulta\/informacie-pre-zamestnancov\/vyberove-konanie\/\",\"name\":\"V\u00fdberov\u00e9 konania - Pr\u00edrodovedeck\u00e1 fakulta | UPJ\u0160\",\"isPartOf\":{\"@id\":\"https:\/\/www.upjs.sk\/prirodovedecka-fakulta\/#website\"},\"datePublished\":\"2022-09-23T20:49:38+00:00\",\"dateModified\":\"2023-03-15T10:15:22+00:00\",\"breadcrumb\":{\"@id\":\"https:\/\/www.upjs.sk\/prirodovedecka-fakulta\/informacie-pre-zamestnancov\/vyberove-konanie\/#breadcrumb\"},\"inLanguage\":\"sk-SK\",\"potentialAction\":[{\"@type\":\"ReadAction\",\"target\":[\"https:\/\/www.upjs.sk\/prirodovedecka-fakulta\/informacie-pre-zamestnancov\/vyberove-konanie\/\"]}]},{\"@type\":\"BreadcrumbList\",\"@id\":\"https:\/\/www.upjs.sk\/prirodovedecka-fakulta\/informacie-pre-zamestnancov\/vyberove-konanie\/#breadcrumb\",\"itemListElement\":[{\"@type\":\"ListItem\",\"position\":1,\"name\":\"Home\",\"item\":\"https:\/\/www.upjs.sk\/prirodovedecka-fakulta\/\"},{\"@type\":\"ListItem\",\"position\":2,\"name\":\"Inform\u00e1cie pre zamestnancov\",\"item\":\"https:\/\/www.upjs.sk\/prirodovedecka-fakulta\/informacie-pre-zamestnancov\/\"},{\"@type\":\"ListItem\",\"position\":3,\"name\":\"V\u00fdberov\u00e9 konania\"}]},{\"@type\":\"WebSite\",\"@id\":\"https:\/\/www.upjs.sk\/prirodovedecka-fakulta\/#website\",\"url\":\"https:\/\/www.upjs.sk\/prirodovedecka-fakulta\/\",\"name\":\"Pr\u00edrodovedeck\u00e1 fakulta | UPJ\u0160\",\"description\":\"\",\"publisher\":{\"@id\":\"https:\/\/www.upjs.sk\/prirodovedecka-fakulta\/#organization\"},\"potentialAction\":[{\"@type\":\"SearchAction\",\"target\":{\"@type\":\"EntryPoint\",\"urlTemplate\":\"https:\/\/www.upjs.sk\/prirodovedecka-fakulta\/?s={search_term_string}\"},\"query-input\":{\"@type\":\"PropertyValueSpecification\",\"valueRequired\":true,\"valueName\":\"search_term_string\"}}],\"inLanguage\":\"sk-SK\"},{\"@type\":\"Organization\",\"@id\":\"https:\/\/www.upjs.sk\/prirodovedecka-fakulta\/#organization\",\"name\":\"Pr\u00edrodovedeck\u00e1 fakulta | UPJ\u0160\",\"url\":\"https:\/\/www.upjs.sk\/prirodovedecka-fakulta\/\",\"logo\":{\"@type\":\"ImageObject\",\"inLanguage\":\"sk-SK\",\"@id\":\"https:\/\/www.upjs.sk\/prirodovedecka-fakulta\/#\/schema\/logo\/image\/\",\"url\":\"https:\/\/www.upjs.sk\/app\/uploads\/sites\/10\/2022\/09\/logo-prirodovedecka-fakulta.png\",\"contentUrl\":\"https:\/\/www.upjs.sk\/app\/uploads\/sites\/10\/2022\/09\/logo-prirodovedecka-fakulta.png\",\"width\":415,\"height\":87,\"caption\":\"Pr\u00edrodovedeck\u00e1 fakulta | UPJ\u0160\"},\"image\":{\"@id\":\"https:\/\/www.upjs.sk\/prirodovedecka-fakulta\/#\/schema\/logo\/image\/\"}}]}<\/script>\n<!-- \/ Yoast SEO plugin. -->","yoast_head_json":{"title":"V\u00fdberov\u00e9 konania - Pr\u00edrodovedeck\u00e1 fakulta | UPJ\u0160","robots":{"index":"index","follow":"follow","max-snippet":"max-snippet:-1","max-image-preview":"max-image-preview:large","max-video-preview":"max-video-preview:-1"},"canonical":"https:\/\/www.upjs.sk\/prirodovedecka-fakulta\/informacie-pre-zamestnancov\/vyberove-konanie\/","og_locale":"sk_SK","og_type":"article","og_title":"V\u00fdberov\u00e9 konania - Pr\u00edrodovedeck\u00e1 fakulta | UPJ\u0160","og_url":"https:\/\/www.upjs.sk\/prirodovedecka-fakulta\/informacie-pre-zamestnancov\/vyberove-konanie\/","og_site_name":"Pr\u00edrodovedeck\u00e1 fakulta | UPJ\u0160","article_modified_time":"2023-03-15T10:15:22+00:00","twitter_card":"summary_large_image","twitter_misc":{"Predpokladan\u00fd \u010das \u010d\u00edtania":"1 min\u00fata"},"schema":{"@context":"https:\/\/schema.org","@graph":[{"@type":"WebPage","@id":"https:\/\/www.upjs.sk\/prirodovedecka-fakulta\/informacie-pre-zamestnancov\/vyberove-konanie\/","url":"https:\/\/www.upjs.sk\/prirodovedecka-fakulta\/informacie-pre-zamestnancov\/vyberove-konanie\/","name":"V\u00fdberov\u00e9 konania - Pr\u00edrodovedeck\u00e1 fakulta | UPJ\u0160","isPartOf":{"@id":"https:\/\/www.upjs.sk\/prirodovedecka-fakulta\/#website"},"datePublished":"2022-09-23T20:49:38+00:00","dateModified":"2023-03-15T10:15:22+00:00","breadcrumb":{"@id":"https:\/\/www.upjs.sk\/prirodovedecka-fakulta\/informacie-pre-zamestnancov\/vyberove-konanie\/#breadcrumb"},"inLanguage":"sk-SK","potentialAction":[{"@type":"ReadAction","target":["https:\/\/www.upjs.sk\/prirodovedecka-fakulta\/informacie-pre-zamestnancov\/vyberove-konanie\/"]}]},{"@type":"BreadcrumbList","@id":"https:\/\/www.upjs.sk\/prirodovedecka-fakulta\/informacie-pre-zamestnancov\/vyberove-konanie\/#breadcrumb","itemListElement":[{"@type":"ListItem","position":1,"name":"Home","item":"https:\/\/www.upjs.sk\/prirodovedecka-fakulta\/"},{"@type":"ListItem","position":2,"name":"Inform\u00e1cie pre zamestnancov","item":"https:\/\/www.upjs.sk\/prirodovedecka-fakulta\/informacie-pre-zamestnancov\/"},{"@type":"ListItem","position":3,"name":"V\u00fdberov\u00e9 konania"}]},{"@type":"WebSite","@id":"https:\/\/www.upjs.sk\/prirodovedecka-fakulta\/#website","url":"https:\/\/www.upjs.sk\/prirodovedecka-fakulta\/","name":"Pr\u00edrodovedeck\u00e1 fakulta | UPJ\u0160","description":"","publisher":{"@id":"https:\/\/www.upjs.sk\/prirodovedecka-fakulta\/#organization"},"potentialAction":[{"@type":"SearchAction","target":{"@type":"EntryPoint","urlTemplate":"https:\/\/www.upjs.sk\/prirodovedecka-fakulta\/?s={search_term_string}"},"query-input":{"@type":"PropertyValueSpecification","valueRequired":true,"valueName":"search_term_string"}}],"inLanguage":"sk-SK"},{"@type":"Organization","@id":"https:\/\/www.upjs.sk\/prirodovedecka-fakulta\/#organization","name":"Pr\u00edrodovedeck\u00e1 fakulta | UPJ\u0160","url":"https:\/\/www.upjs.sk\/prirodovedecka-fakulta\/","logo":{"@type":"ImageObject","inLanguage":"sk-SK","@id":"https:\/\/www.upjs.sk\/prirodovedecka-fakulta\/#\/schema\/logo\/image\/","url":"https:\/\/www.upjs.sk\/app\/uploads\/sites\/10\/2022\/09\/logo-prirodovedecka-fakulta.png","contentUrl":"https:\/\/www.upjs.sk\/app\/uploads\/sites\/10\/2022\/09\/logo-prirodovedecka-fakulta.png","width":415,"height":87,"caption":"Pr\u00edrodovedeck\u00e1 fakulta | UPJ\u0160"},"image":{"@id":"https:\/\/www.upjs.sk\/prirodovedecka-fakulta\/#\/schema\/logo\/image\/"}}]}},"_links":{"self":[{"href":"https:\/\/www.upjs.sk\/prirodovedecka-fakulta\/wp-json\/wp\/v2\/pages\/13059","targetHints":{"allow":["GET"]}}],"collection":[{"href":"https:\/\/www.upjs.sk\/prirodovedecka-fakulta\/wp-json\/wp\/v2\/pages"}],"about":[{"href":"https:\/\/www.upjs.sk\/prirodovedecka-fakulta\/wp-json\/wp\/v2\/types\/page"}],"author":[{"embeddable":true,"href":"https:\/\/www.upjs.sk\/prirodovedecka-fakulta\/wp-json\/wp\/v2\/users\/1"}],"replies":[{"embeddable":true,"href":"https:\/\/www.upjs.sk\/prirodovedecka-fakulta\/wp-json\/wp\/v2\/comments?post=13059"}],"version-history":[{"count":20,"href":"https:\/\/www.upjs.sk\/prirodovedecka-fakulta\/wp-json\/wp\/v2\/pages\/13059\/revisions"}],"predecessor-version":[{"id":52406,"href":"https:\/\/www.upjs.sk\/prirodovedecka-fakulta\/wp-json\/wp\/v2\/pages\/13059\/revisions\/52406"}],"up":[{"embeddable":true,"href":"https:\/\/www.upjs.sk\/prirodovedecka-fakulta\/wp-json\/wp\/v2\/pages\/17218"}],"wp:attachment":[{"href":"https:\/\/www.upjs.sk\/prirodovedecka-fakulta\/wp-json\/wp\/v2\/media?parent=13059"}],"wp:term":[{"taxonomy":"category","embeddable":true,"href":"https:\/\/www.upjs.sk\/prirodovedecka-fakulta\/wp-json\/wp\/v2\/categories?post=13059"},{"taxonomy":"post_tag","embeddable":true,"href":"https:\/\/www.upjs.sk\/prirodovedecka-fakulta\/wp-json\/wp\/v2\/tags?post=13059"}],"curies":[{"name":"wp","href":"https:\/\/api.w.org\/{rel}","templated":true}]}}