{"id":13062,"date":"2021-02-17T14:39:14","date_gmt":"2021-02-17T14:39:14","guid":{"rendered":"https:\/\/www.upjs.sk\/prirodovedecka-fakulta\/root\/riesene-projekty\/projektysfeu\/"},"modified":"2022-11-13T21:46:41","modified_gmt":"2022-11-13T20:46:41","slug":"projektysfeu","status":"publish","type":"page","link":"https:\/\/www.upjs.sk\/prirodovedecka-fakulta\/rozvoj\/riesene-projekty\/projektysfeu\/","title":{"rendered":"Projekty zo \u0161truktur\u00e1lnych fondov E\u00da"},"content":{"rendered":"<p style=\"text-align: center\"><img decoding=\"async\" alt=\"logaEU.jpg\" src=\"http:\/\/www.upjs.sk\/\/app\/uploads\/sites\/10\/2022\/09\/loga-OPVaV-07-2015.jpg\" style=\"height:144px; width:490px\" \/><\/p>\n<h2>Projekty OP V\u00fdskum a v\u00fdvoj<\/h2>\n<ul>\n<li style=\"text-align: justify\"><a href=\"\/prirodovedecka-fakulta\/riesene-projekty\/projektySFEU\/projektyEU\/OPVV#IFNG\"><strong>IFNG<\/strong><\/a> &#8211; Fundament\u00e1lne \u0161t\u00fadium imunomodula\u010dnej aktivity cytok\u00ednov v r\u00f4znych f\u00e1zach v\u00fdvoja psori\u00e1zy<\/li>\n<li style=\"text-align: justify\"><a href=\"\/prirodovedecka-fakulta\/riesene-projekty\/projektySFEU\/projektyEU\/OPVV#TECHNICOM\"><strong>TECHNICOM<\/strong><\/a> &#8211; Univerzitn\u00fd vedeck\u00fd park TECHNICOM pre inova\u010dn\u00e9 aplik\u00e1cie s podporou znalostn\u00fdch technol\u00f3gi\u00ed<\/li>\n<li style=\"text-align: justify\"><a href=\"\/prirodovedecka-fakulta\/riesene-projekty\/projektySFEU\/projektyEU\/OPVV#CeZIS\"><strong>CeZIS<\/strong><\/a> &#8211; Centrum znalostn\u00fdch a informa\u010dn\u00fdch syst\u00e9mov<\/li>\n<li style=\"text-align: justify\"><a href=\"\/prirodovedecka-fakulta\/riesene-projekty\/projektySFEU\/projektyEU\/OPVV#Tfaktor\"><strong>Tfaktor<\/strong><\/a> &#8211; Inov\u00e1cia technologick\u00e9ho procesu pr\u00edpravy imunomodula\u010dn\u00e9ho pr\u00edpravku Transfer faktor, overenie jeho \u00fa\u010dinnosti, bezpe\u010dnosti a zlo\u017eenia<\/li>\n<li style=\"text-align: justify\"><span style=\"color:rgb(0,51,0)\"><strong>EXTREM<\/strong><\/span>\n<ul>\n<li><a href=\"\/prirodovedecka-fakulta\/riesene-projekty\/projektySFEU\/projektyEU\/OPVV#EXTREMI\"><strong>EXTREM I.<\/strong><\/a> &#8211; Centrum pokro\u010dil\u00fdch fyzik\u00e1lnych \u0161t\u00fadi\u00ed materi\u00e1lov v extr\u00e9mnych podmienkach<\/li>\n<li><a href=\" \/prirodovedecka-fakulta\/riesene-projekty\/projektySFEU\/projektyEU\/OPVV#EXTREMII\"><strong>EXTREM II.<\/strong><\/a> &#8211; Dobudovanie Centra pokro\u010dil\u00fdch fyzik\u00e1lnych \u0161t\u00fadi\u00ed materi\u00e1lov v extr\u00e9mnych podmienkach<\/li>\n<\/ul>\n<\/li>\n<li style=\"text-align: justify\"><span style=\"color:rgb(0,51,0)\"><strong><a href=\" \/prirodovedecka-fakulta\/riesene-projekty\/projektySFEU\/projektyEU\/OPVV#CaKS\">CaKS<\/a><\/strong><\/span> &#8211; Centrum excelentnosti informatick\u00fdch vied a znalostn\u00fdch syst\u00e9mov<\/li>\n<li style=\"text-align: justify\"><span style=\"color:rgb(0,51,0)\"><strong>SEPO<\/strong><\/span>\n<ul>\n<li><a href=\" \/prirodovedecka-fakulta\/riesene-projekty\/projektySFEU\/projektyEU\/OPVV#SEPOI\"><strong>SEPO I.<\/strong><\/a> &#8211; Sie\u0165 excelentn\u00fdch pracov\u00edsk pre onkol\u00f3giu<\/li>\n<li><a href=\" \/prirodovedecka-fakulta\/riesene-projekty\/projektySFEU\/projektyEU\/OPVV#SEPOII\"><strong>SEPO II.<\/strong><\/a> \u2013 Budovanie infra\u0161trukt\u00fary v centre excelentnosti SEPO-II.<\/li>\n<\/ul>\n<\/li>\n<li style=\"text-align: justify\"><span style=\"color:rgb(0,51,0)\"><strong>nanoCEXmat<\/strong><\/span>\n<ul>\n<li><a href=\" \/prirodovedecka-fakulta\/riesene-projekty\/projektySFEU\/projektyEU\/OPVV#nanoCEXmatI\"><strong>nanoCEXmat I.<\/strong> <\/a>&#8211; Centrum excelentnosti progres\u00edvnych materi\u00e1lov s nano a submikr\u00f3novou \u0161trukt\u00farou<\/li>\n<li><a href=\" \/prirodovedecka-fakulta\/riesene-projekty\/projektySFEU\/projektyEU\/OPVV#nanoCEXmatII\"><strong>nanoCEXmat II.<\/strong><\/a> &#8211; Budovanie infra\u0161trukt\u00fary Centra xcelentnosti progres\u00edvnych materi\u00e1lov s nano a submikr\u00f3novou \u0161trukt\u00farou<\/li>\n<\/ul>\n<\/li>\n<li style=\"text-align: justify\"><span style=\"color:rgb(0,51,0)\"><strong>CKV<\/strong><\/span>\n<ul>\n<li><a href=\" \/prirodovedecka-fakulta\/riesene-projekty\/projektySFEU\/projektyEU\/OPVV#CKVI\"><strong>CKV I<\/strong><\/a>.- Centrum kozmick\u00fdch v\u00fdskumov: vplyvy kozmick\u00e9ho po\u010dasia<\/li>\n<li><a href=\" \/prirodovedecka-fakulta\/riesene-projekty\/projektySFEU\/projektyEU\/OPVV#CKVII\"><strong>CKV II.<\/strong><\/a>&#8211; Centrum kozmick\u00fdch v\u00fdskumov: vplyv kozmick\u00e9ho po\u010dasia \u2013 druh\u00e1 etapa\u00a0<\/li>\n<\/ul>\n<\/li>\n<li style=\"text-align: justify\"><span style=\"color:rgb(0,51,0)\"><strong><a href=\" \/prirodovedecka-fakulta\/riesene-projekty\/projektySFEU\/projektyEU\/OPVV#CEVA\">CEVA<\/a><\/strong><\/span> &#8211; Centrum excelentnosti pre v\u00fdskum ateroskler\u00f3zy<\/li>\n<li style=\"text-align: justify\"><span style=\"color:rgb(0,51,0)\"><strong><a href=\" \/prirodovedecka-fakulta\/riesene-projekty\/projektySFEU\/projektyEU\/OPVV#NanoBioSens\">NanoBioSens<\/a><\/strong><\/span> &#8211;\u00a0 V\u00fdvoj optick\u00fdch nanosenzorov na multikomponentov\u00fa anal\u00fdzu stopov\u00fdch mno\u017estiev polutanov \u017eivotn\u00e9ho prostredia a lie\u010div<\/li>\n<li style=\"text-align: justify\"><span style=\"color:rgb(0,51,0)\"><strong><a href=\"\/prirodovedecka-fakulta\/riesene-projekty\/projektySFEU\/projektyEU\/OPVV#MIKROMATEL\">MIKROMATEL<\/a><\/strong><\/span> &#8211; Progres\u00edvna technol\u00f3gia pr\u00edpravy mikrokompozit\u00edvnych materi\u00e1lov pre elektrotechniku<\/li>\n<\/ul>\n<p>\u00a0<\/p>\n<div style=\"page-break-after: always\"><span style=\"display:none\">\u00a0<\/span><\/div>\n<p style=\"text-align: center\"><img decoding=\"async\" alt=\"loga_ESF.jpg\" src=\"http:\/\/www.upjs.sk\/\/app\/uploads\/sites\/10\/2022\/09\/loga-OPV-07-2015.jpg\" style=\"height:144px; width:490px\" \/><\/p>\n<h2>Projekty OP Vzdel\u00e1vanie<\/h2>\n<ul>\n<li style=\"text-align: justify\"><strong><a href=\"\/prirodovedecka-fakulta\/riesene-projekty\/projektySFEU\/projektyEU\/OPVZ#SOFOS\">SOFOS<\/a> &#8211; <\/strong>Rozvoj vedomost\u00ed a zru\u010dnost\u00ed zamestnancov a \u0161tudentov UPJ\u0160 s akcentom na medziodborov\u00e9 kompetencie a integr\u00e1ciu do medzin\u00e1rodn\u00fdch v\u00fdskumn\u00fdch centier<\/li>\n<li style=\"text-align: justify\"><strong><a href=\"\/prirodovedecka-fakulta\/riesene-projekty\/projektySFEU\/projektyEU\/OPVZ#IRES\">IRES<\/a><\/strong>&#8211; Inov\u00e1cie pre vedomostn\u00fa spolo\u010dnos\u0165<\/li>\n<li style=\"text-align: justify\"><strong><a href=\"\/prirodovedecka-fakulta\/riesene-projekty\/projektySFEU\/projektyEU\/OPVZ#KVARK\">KVARK<\/a><\/strong> &#8211; Kvalita vzdel\u00e1vania a rozvoj kompetenci\u00ed doktorandov a postdoktorandov UPJ\u0160<\/li>\n<li style=\"text-align: justify\"><span style=\"color:rgb(0,51,0)\"><strong><a href=\"\/prirodovedecka-fakulta\/riesene-projekty\/projektySFEU\/projektyEU\/OPVZ#MIV\">MIV<\/a><\/strong><\/span> &#8211; Modern\u00e9 a interakt\u00edvne vzdel\u00e1vanie na UPJ\u0160<\/li>\n<li style=\"text-align: justify\"><span style=\"color:rgb(0,51,0)\"><strong><a href=\"\/\/prirodovedecka-fakulta\/riesene-projekty\/projektySFEU\/projektyEU\/OPVZ#DOKTORAND\">DOKTORAND<\/a><\/strong><\/span> &#8211;\u00a0 Moderniz\u00e1cia programov doktorandsk\u00e9ho \u0161t\u00fadia v pr\u00edrodn\u00fdch a humanitn\u00fdch ved\u00e1ch na UPJ\u0160<\/li>\n<\/ul>\n","protected":false},"excerpt":{"rendered":"<p>Projekty OP V\u00fdskum a v\u00fdvoj IFNG &#8211; Fundament\u00e1lne \u0161t\u00fadium imunomodula\u010dnej aktivity cytok\u00ednov v r\u00f4znych f\u00e1zach v\u00fdvoja psori\u00e1zy TECHNICOM &#8211; Univerzitn\u00fd vedeck\u00fd park TECHNICOM pre inova\u010dn\u00e9 aplik\u00e1cie s podporou znalostn\u00fdch technol\u00f3gi\u00ed CeZIS &#8211; Centrum znalostn\u00fdch a informa\u010dn\u00fdch syst\u00e9mov Tfaktor &#8211; Inov\u00e1cia technologick\u00e9ho procesu pr\u00edpravy imunomodula\u010dn\u00e9ho pr\u00edpravku Transfer faktor, overenie jeho \u00fa\u010dinnosti, bezpe\u010dnosti a zlo\u017eenia EXTREM EXTREM &hellip; <a href=\"https:\/\/www.upjs.sk\/prirodovedecka-fakulta\/rozvoj\/riesene-projekty\/projektysfeu\/\">\u010c\u00edta\u0165 \u010falej<\/a><\/p>\n","protected":false},"author":1,"featured_media":13063,"parent":13061,"menu_order":0,"comment_status":"closed","ping_status":"closed","template":"","meta":{"_acf_changed":false,"_editorskit_title_hidden":false,"_editorskit_reading_time":0,"_editorskit_is_block_options_detached":false,"_editorskit_block_options_position":"{}","footnotes":""},"categories":[],"tags":[],"class_list":["post-13062","page","type-page","status-publish","has-post-thumbnail","hentry"],"acf":{"acf_link_na_externy_obsah":""},"yoast_head":"<!-- This site is optimized with the Yoast SEO plugin v27.2 - https:\/\/yoast.com\/product\/yoast-seo-wordpress\/ -->\n<title>Projekty zo \u0161truktur\u00e1lnych fondov E\u00da - Pr\u00edrodovedeck\u00e1 fakulta | UPJ\u0160<\/title>\n<meta name=\"robots\" content=\"index, follow, max-snippet:-1, max-image-preview:large, max-video-preview:-1\" \/>\n<link rel=\"canonical\" href=\"https:\/\/www.upjs.sk\/prirodovedecka-fakulta\/rozvoj\/riesene-projekty\/projektysfeu\/\" \/>\n<meta property=\"og:locale\" content=\"sk_SK\" \/>\n<meta property=\"og:type\" content=\"article\" \/>\n<meta property=\"og:title\" content=\"Projekty zo \u0161truktur\u00e1lnych fondov E\u00da - Pr\u00edrodovedeck\u00e1 fakulta | UPJ\u0160\" \/>\n<meta property=\"og:description\" content=\"Projekty OP V\u00fdskum a v\u00fdvoj IFNG &#8211; Fundament\u00e1lne \u0161t\u00fadium imunomodula\u010dnej aktivity cytok\u00ednov v r\u00f4znych f\u00e1zach v\u00fdvoja psori\u00e1zy TECHNICOM &#8211; Univerzitn\u00fd vedeck\u00fd park TECHNICOM pre inova\u010dn\u00e9 aplik\u00e1cie s podporou znalostn\u00fdch technol\u00f3gi\u00ed CeZIS &#8211; Centrum znalostn\u00fdch a informa\u010dn\u00fdch syst\u00e9mov Tfaktor &#8211; Inov\u00e1cia technologick\u00e9ho procesu pr\u00edpravy imunomodula\u010dn\u00e9ho pr\u00edpravku Transfer faktor, overenie jeho \u00fa\u010dinnosti, bezpe\u010dnosti a zlo\u017eenia EXTREM EXTREM &hellip; \u010c\u00edta\u0165 \u010falej\" \/>\n<meta property=\"og:url\" content=\"https:\/\/www.upjs.sk\/prirodovedecka-fakulta\/rozvoj\/riesene-projekty\/projektysfeu\/\" \/>\n<meta property=\"og:site_name\" content=\"Pr\u00edrodovedeck\u00e1 fakulta | UPJ\u0160\" \/>\n<meta property=\"article:modified_time\" content=\"2022-11-13T20:46:41+00:00\" \/>\n<meta property=\"og:image\" content=\"https:\/\/www.upjs.sk\/app\/uploads\/sites\/10\/2022\/09\/loga-OPVaV-07-2015.jpg\" \/>\n\t<meta property=\"og:image:width\" content=\"669\" \/>\n\t<meta property=\"og:image:height\" content=\"197\" \/>\n\t<meta property=\"og:image:type\" content=\"image\/jpeg\" \/>\n<meta name=\"twitter:card\" content=\"summary_large_image\" \/>\n<meta name=\"twitter:label1\" content=\"Predpokladan\u00fd \u010das \u010d\u00edtania\" \/>\n\t<meta name=\"twitter:data1\" content=\"2 min\u00faty\" \/>\n<script type=\"application\/ld+json\" class=\"yoast-schema-graph\">{\"@context\":\"https:\/\/schema.org\",\"@graph\":[{\"@type\":\"WebPage\",\"@id\":\"https:\/\/www.upjs.sk\/prirodovedecka-fakulta\/rozvoj\/riesene-projekty\/projektysfeu\/\",\"url\":\"https:\/\/www.upjs.sk\/prirodovedecka-fakulta\/rozvoj\/riesene-projekty\/projektysfeu\/\",\"name\":\"Projekty zo \u0161truktur\u00e1lnych fondov E\u00da - Pr\u00edrodovedeck\u00e1 fakulta | UPJ\u0160\",\"isPartOf\":{\"@id\":\"https:\/\/www.upjs.sk\/prirodovedecka-fakulta\/#website\"},\"primaryImageOfPage\":{\"@id\":\"https:\/\/www.upjs.sk\/prirodovedecka-fakulta\/rozvoj\/riesene-projekty\/projektysfeu\/#primaryimage\"},\"image\":{\"@id\":\"https:\/\/www.upjs.sk\/prirodovedecka-fakulta\/rozvoj\/riesene-projekty\/projektysfeu\/#primaryimage\"},\"thumbnailUrl\":\"https:\/\/www.upjs.sk\/app\/uploads\/sites\/10\/2022\/09\/loga-OPVaV-07-2015.jpg\",\"datePublished\":\"2021-02-17T14:39:14+00:00\",\"dateModified\":\"2022-11-13T20:46:41+00:00\",\"breadcrumb\":{\"@id\":\"https:\/\/www.upjs.sk\/prirodovedecka-fakulta\/rozvoj\/riesene-projekty\/projektysfeu\/#breadcrumb\"},\"inLanguage\":\"sk-SK\",\"potentialAction\":[{\"@type\":\"ReadAction\",\"target\":[\"https:\/\/www.upjs.sk\/prirodovedecka-fakulta\/rozvoj\/riesene-projekty\/projektysfeu\/\"]}]},{\"@type\":\"ImageObject\",\"inLanguage\":\"sk-SK\",\"@id\":\"https:\/\/www.upjs.sk\/prirodovedecka-fakulta\/rozvoj\/riesene-projekty\/projektysfeu\/#primaryimage\",\"url\":\"https:\/\/www.upjs.sk\/app\/uploads\/sites\/10\/2022\/09\/loga-OPVaV-07-2015.jpg\",\"contentUrl\":\"https:\/\/www.upjs.sk\/app\/uploads\/sites\/10\/2022\/09\/loga-OPVaV-07-2015.jpg\",\"width\":669,\"height\":197,\"caption\":\"projektySFEU\"},{\"@type\":\"BreadcrumbList\",\"@id\":\"https:\/\/www.upjs.sk\/prirodovedecka-fakulta\/rozvoj\/riesene-projekty\/projektysfeu\/#breadcrumb\",\"itemListElement\":[{\"@type\":\"ListItem\",\"position\":1,\"name\":\"Home\",\"item\":\"https:\/\/www.upjs.sk\/prirodovedecka-fakulta\/\"},{\"@type\":\"ListItem\",\"position\":2,\"name\":\"Rozvoj\",\"item\":\"https:\/\/www.upjs.sk\/prirodovedecka-fakulta\/rozvoj\/\"},{\"@type\":\"ListItem\",\"position\":3,\"name\":\"Rie\u0161en\u00e9 projekty\",\"item\":\"https:\/\/www.upjs.sk\/prirodovedecka-fakulta\/rozvoj\/riesene-projekty\/\"},{\"@type\":\"ListItem\",\"position\":4,\"name\":\"Projekty zo \u0161truktur\u00e1lnych fondov E\u00da\"}]},{\"@type\":\"WebSite\",\"@id\":\"https:\/\/www.upjs.sk\/prirodovedecka-fakulta\/#website\",\"url\":\"https:\/\/www.upjs.sk\/prirodovedecka-fakulta\/\",\"name\":\"Pr\u00edrodovedeck\u00e1 fakulta | UPJ\u0160\",\"description\":\"\",\"publisher\":{\"@id\":\"https:\/\/www.upjs.sk\/prirodovedecka-fakulta\/#organization\"},\"potentialAction\":[{\"@type\":\"SearchAction\",\"target\":{\"@type\":\"EntryPoint\",\"urlTemplate\":\"https:\/\/www.upjs.sk\/prirodovedecka-fakulta\/?s={search_term_string}\"},\"query-input\":{\"@type\":\"PropertyValueSpecification\",\"valueRequired\":true,\"valueName\":\"search_term_string\"}}],\"inLanguage\":\"sk-SK\"},{\"@type\":\"Organization\",\"@id\":\"https:\/\/www.upjs.sk\/prirodovedecka-fakulta\/#organization\",\"name\":\"Pr\u00edrodovedeck\u00e1 fakulta | UPJ\u0160\",\"url\":\"https:\/\/www.upjs.sk\/prirodovedecka-fakulta\/\",\"logo\":{\"@type\":\"ImageObject\",\"inLanguage\":\"sk-SK\",\"@id\":\"https:\/\/www.upjs.sk\/prirodovedecka-fakulta\/#\/schema\/logo\/image\/\",\"url\":\"https:\/\/www.upjs.sk\/app\/uploads\/sites\/10\/2022\/09\/logo-prirodovedecka-fakulta.png\",\"contentUrl\":\"https:\/\/www.upjs.sk\/app\/uploads\/sites\/10\/2022\/09\/logo-prirodovedecka-fakulta.png\",\"width\":415,\"height\":87,\"caption\":\"Pr\u00edrodovedeck\u00e1 fakulta | UPJ\u0160\"},\"image\":{\"@id\":\"https:\/\/www.upjs.sk\/prirodovedecka-fakulta\/#\/schema\/logo\/image\/\"}}]}<\/script>\n<!-- \/ Yoast SEO plugin. -->","yoast_head_json":{"title":"Projekty zo \u0161truktur\u00e1lnych fondov E\u00da - Pr\u00edrodovedeck\u00e1 fakulta | UPJ\u0160","robots":{"index":"index","follow":"follow","max-snippet":"max-snippet:-1","max-image-preview":"max-image-preview:large","max-video-preview":"max-video-preview:-1"},"canonical":"https:\/\/www.upjs.sk\/prirodovedecka-fakulta\/rozvoj\/riesene-projekty\/projektysfeu\/","og_locale":"sk_SK","og_type":"article","og_title":"Projekty zo \u0161truktur\u00e1lnych fondov E\u00da - Pr\u00edrodovedeck\u00e1 fakulta | UPJ\u0160","og_description":"Projekty OP V\u00fdskum a v\u00fdvoj IFNG &#8211; Fundament\u00e1lne \u0161t\u00fadium imunomodula\u010dnej aktivity cytok\u00ednov v r\u00f4znych f\u00e1zach v\u00fdvoja psori\u00e1zy TECHNICOM &#8211; Univerzitn\u00fd vedeck\u00fd park TECHNICOM pre inova\u010dn\u00e9 aplik\u00e1cie s podporou znalostn\u00fdch technol\u00f3gi\u00ed CeZIS &#8211; Centrum znalostn\u00fdch a informa\u010dn\u00fdch syst\u00e9mov Tfaktor &#8211; Inov\u00e1cia technologick\u00e9ho procesu pr\u00edpravy imunomodula\u010dn\u00e9ho pr\u00edpravku Transfer faktor, overenie jeho \u00fa\u010dinnosti, bezpe\u010dnosti a zlo\u017eenia EXTREM EXTREM &hellip; \u010c\u00edta\u0165 \u010falej","og_url":"https:\/\/www.upjs.sk\/prirodovedecka-fakulta\/rozvoj\/riesene-projekty\/projektysfeu\/","og_site_name":"Pr\u00edrodovedeck\u00e1 fakulta | UPJ\u0160","article_modified_time":"2022-11-13T20:46:41+00:00","og_image":[{"width":669,"height":197,"url":"https:\/\/www.upjs.sk\/app\/uploads\/sites\/10\/2022\/09\/loga-OPVaV-07-2015.jpg","type":"image\/jpeg"}],"twitter_card":"summary_large_image","twitter_misc":{"Predpokladan\u00fd \u010das \u010d\u00edtania":"2 min\u00faty"},"schema":{"@context":"https:\/\/schema.org","@graph":[{"@type":"WebPage","@id":"https:\/\/www.upjs.sk\/prirodovedecka-fakulta\/rozvoj\/riesene-projekty\/projektysfeu\/","url":"https:\/\/www.upjs.sk\/prirodovedecka-fakulta\/rozvoj\/riesene-projekty\/projektysfeu\/","name":"Projekty zo \u0161truktur\u00e1lnych fondov E\u00da - Pr\u00edrodovedeck\u00e1 fakulta | UPJ\u0160","isPartOf":{"@id":"https:\/\/www.upjs.sk\/prirodovedecka-fakulta\/#website"},"primaryImageOfPage":{"@id":"https:\/\/www.upjs.sk\/prirodovedecka-fakulta\/rozvoj\/riesene-projekty\/projektysfeu\/#primaryimage"},"image":{"@id":"https:\/\/www.upjs.sk\/prirodovedecka-fakulta\/rozvoj\/riesene-projekty\/projektysfeu\/#primaryimage"},"thumbnailUrl":"https:\/\/www.upjs.sk\/app\/uploads\/sites\/10\/2022\/09\/loga-OPVaV-07-2015.jpg","datePublished":"2021-02-17T14:39:14+00:00","dateModified":"2022-11-13T20:46:41+00:00","breadcrumb":{"@id":"https:\/\/www.upjs.sk\/prirodovedecka-fakulta\/rozvoj\/riesene-projekty\/projektysfeu\/#breadcrumb"},"inLanguage":"sk-SK","potentialAction":[{"@type":"ReadAction","target":["https:\/\/www.upjs.sk\/prirodovedecka-fakulta\/rozvoj\/riesene-projekty\/projektysfeu\/"]}]},{"@type":"ImageObject","inLanguage":"sk-SK","@id":"https:\/\/www.upjs.sk\/prirodovedecka-fakulta\/rozvoj\/riesene-projekty\/projektysfeu\/#primaryimage","url":"https:\/\/www.upjs.sk\/app\/uploads\/sites\/10\/2022\/09\/loga-OPVaV-07-2015.jpg","contentUrl":"https:\/\/www.upjs.sk\/app\/uploads\/sites\/10\/2022\/09\/loga-OPVaV-07-2015.jpg","width":669,"height":197,"caption":"projektySFEU"},{"@type":"BreadcrumbList","@id":"https:\/\/www.upjs.sk\/prirodovedecka-fakulta\/rozvoj\/riesene-projekty\/projektysfeu\/#breadcrumb","itemListElement":[{"@type":"ListItem","position":1,"name":"Home","item":"https:\/\/www.upjs.sk\/prirodovedecka-fakulta\/"},{"@type":"ListItem","position":2,"name":"Rozvoj","item":"https:\/\/www.upjs.sk\/prirodovedecka-fakulta\/rozvoj\/"},{"@type":"ListItem","position":3,"name":"Rie\u0161en\u00e9 projekty","item":"https:\/\/www.upjs.sk\/prirodovedecka-fakulta\/rozvoj\/riesene-projekty\/"},{"@type":"ListItem","position":4,"name":"Projekty zo \u0161truktur\u00e1lnych fondov E\u00da"}]},{"@type":"WebSite","@id":"https:\/\/www.upjs.sk\/prirodovedecka-fakulta\/#website","url":"https:\/\/www.upjs.sk\/prirodovedecka-fakulta\/","name":"Pr\u00edrodovedeck\u00e1 fakulta | UPJ\u0160","description":"","publisher":{"@id":"https:\/\/www.upjs.sk\/prirodovedecka-fakulta\/#organization"},"potentialAction":[{"@type":"SearchAction","target":{"@type":"EntryPoint","urlTemplate":"https:\/\/www.upjs.sk\/prirodovedecka-fakulta\/?s={search_term_string}"},"query-input":{"@type":"PropertyValueSpecification","valueRequired":true,"valueName":"search_term_string"}}],"inLanguage":"sk-SK"},{"@type":"Organization","@id":"https:\/\/www.upjs.sk\/prirodovedecka-fakulta\/#organization","name":"Pr\u00edrodovedeck\u00e1 fakulta | UPJ\u0160","url":"https:\/\/www.upjs.sk\/prirodovedecka-fakulta\/","logo":{"@type":"ImageObject","inLanguage":"sk-SK","@id":"https:\/\/www.upjs.sk\/prirodovedecka-fakulta\/#\/schema\/logo\/image\/","url":"https:\/\/www.upjs.sk\/app\/uploads\/sites\/10\/2022\/09\/logo-prirodovedecka-fakulta.png","contentUrl":"https:\/\/www.upjs.sk\/app\/uploads\/sites\/10\/2022\/09\/logo-prirodovedecka-fakulta.png","width":415,"height":87,"caption":"Pr\u00edrodovedeck\u00e1 fakulta | UPJ\u0160"},"image":{"@id":"https:\/\/www.upjs.sk\/prirodovedecka-fakulta\/#\/schema\/logo\/image\/"}}]}},"_links":{"self":[{"href":"https:\/\/www.upjs.sk\/prirodovedecka-fakulta\/wp-json\/wp\/v2\/pages\/13062","targetHints":{"allow":["GET"]}}],"collection":[{"href":"https:\/\/www.upjs.sk\/prirodovedecka-fakulta\/wp-json\/wp\/v2\/pages"}],"about":[{"href":"https:\/\/www.upjs.sk\/prirodovedecka-fakulta\/wp-json\/wp\/v2\/types\/page"}],"author":[{"embeddable":true,"href":"https:\/\/www.upjs.sk\/prirodovedecka-fakulta\/wp-json\/wp\/v2\/users\/1"}],"replies":[{"embeddable":true,"href":"https:\/\/www.upjs.sk\/prirodovedecka-fakulta\/wp-json\/wp\/v2\/comments?post=13062"}],"version-history":[{"count":2,"href":"https:\/\/www.upjs.sk\/prirodovedecka-fakulta\/wp-json\/wp\/v2\/pages\/13062\/revisions"}],"predecessor-version":[{"id":46318,"href":"https:\/\/www.upjs.sk\/prirodovedecka-fakulta\/wp-json\/wp\/v2\/pages\/13062\/revisions\/46318"}],"up":[{"embeddable":true,"href":"https:\/\/www.upjs.sk\/prirodovedecka-fakulta\/wp-json\/wp\/v2\/pages\/13061"}],"wp:featuredmedia":[{"embeddable":true,"href":"https:\/\/www.upjs.sk\/prirodovedecka-fakulta\/wp-json\/wp\/v2\/media\/13063"}],"wp:attachment":[{"href":"https:\/\/www.upjs.sk\/prirodovedecka-fakulta\/wp-json\/wp\/v2\/media?parent=13062"}],"wp:term":[{"taxonomy":"category","embeddable":true,"href":"https:\/\/www.upjs.sk\/prirodovedecka-fakulta\/wp-json\/wp\/v2\/categories?post=13062"},{"taxonomy":"post_tag","embeddable":true,"href":"https:\/\/www.upjs.sk\/prirodovedecka-fakulta\/wp-json\/wp\/v2\/tags?post=13062"}],"curies":[{"name":"wp","href":"https:\/\/api.w.org\/{rel}","templated":true}]}}