{"id":13068,"date":"2016-10-17T16:39:59","date_gmt":"2016-10-17T16:39:59","guid":{"rendered":"https:\/\/www.upjs.sk\/prirodovedecka-fakulta\/root\/riesene-projekty\/horizont-2020\/"},"modified":"2022-11-13T21:47:04","modified_gmt":"2022-11-13T20:47:04","slug":"horizont-2020","status":"publish","type":"page","link":"https:\/\/www.upjs.sk\/prirodovedecka-fakulta\/rozvoj\/riesene-projekty\/horizont-2020\/","title":{"rendered":"Horizont 2020"},"content":{"rendered":"<ul>\n<li style=\"box-sizing: inherit;\"><strong><a href=\"https:\/\/www.upjs.sk\/prirodovedecka-fakulta\/horizont-2020\/12729\/\" style=\"box-sizing: inherit; color: rgb(14, 153, 94); text-decoration: none; background-color: transparent;\"><span style=\"box-sizing:inherit\">Informa\u010dn\u00fd de\u0148 &#8211;\u00a0Horizon 2020 Space Info day and Workshop on Space Science and Technology Co-operation<\/span><\/a><\/strong><\/li>\n<li><a href=\"\/prirodovedecka-fakulta\/horizont-2020\/12277\/\">Pracovn\u00fd program s v\u00fdzvami H2020 na roky 2016-2017<\/a><\/li>\n<li><a href=\"http:\/\/us10.campaign-archive1.com\/?u=e4b88e923b550bbb075a14a2c&#038;id=b4c396bab8&#038;e=c936f53529\" target=\"_blank\" rel=\"noopener\">Newsletter 7\/2015 \u00a0<\/a><\/li>\n<li><a href=\"\/prirodovedecka-fakulta\/horizont-2020\/11843\/\">Ponuka spolupr\u00e1ce v r\u00e1mci projektov Horizont 2020<\/a><\/li>\n<li><a href=\"\/prirodovedecka-fakulta\/horizont-2020\/11453\/\">Eur\u00f3psky program na podporu v\u00fdskumu a v\u00fdvoja \u2013 Horizont 2020<\/a><\/li>\n<li><a href=\"http:\/\/h2020.cvtisr.sk\/\" target=\"_blank\" rel=\"noopener\">N\u00e1rodn\u00fd koordin\u00e1tor programu E\u00da Horizont 2020<\/a><\/li>\n<li><a href=\"https:\/\/www.upjs.sk\/prirodovedecka-fakulta\/10024\">Horizont 2020 &#8211; V\u00fdzva na predlo\u017eenie n\u00e1vrhov na projekty<\/a><\/li>\n<li><a href=\"\/prirodovedecka-fakulta\/podpora-projektov\/7067\/\">Horizont 2020<\/a><\/li>\n<li><a href=\"\/public\/media\/10745\/Horizont_2020.pdf\" target=\"_blank\" rel=\"noopener\">Priority Horizontu 2020 a v\u00fdzvy v r\u00e1mci t\u00fdchto prior\u00edt<\/a><\/li>\n<li><a href=\"\/prirodovedecka-fakulta\/horizont-2020\/10895\/\">Prezent\u00e1cie<\/a><\/li>\n<li><a href=\"\/prirodovedecka-fakulta\/horizont-2020\/10896\/\">Videoz\u00e1znam z bruselsk\u00e9ho informa\u010dn\u00e9ho d\u0148a<\/a><\/li>\n<li><a href=\"http:\/\/ucitt.tuke.sk\/wps\/portal\/home\/sk\/horizont-2020\/aktuality\" target=\"_blank\" rel=\"noopener\">Videoz\u00e1znamy zo semin\u00e1rov k H2020, ktor\u00e9 sa konali na TUKE<\/a><\/li>\n<li><a href=\"\/prirodovedecka-fakulta\/podpora-projektov\/10602\/\">Populariza\u010dn\u00e9 vide\u00e1 o programe Horizont 2020<\/a><\/li>\n<li><a href=\"\/prirodovedecka-fakulta\/horizont-2020\/10886\/\">Publik\u00e1cia k oblasti Big data<\/a><\/li>\n<li><a href=\"\/prirodovedecka-fakulta\/horizont-2020\/11245\/\">HORIZON 2020 PROJECTS: PORTAL &#8211; 5. vydanie<\/a><\/li>\n<li><strong>Opatrenia v r\u00e1mci Marie Sk\u0142odowska-Curie<\/strong>\n<ul sizcache=\"0\" sizset=\"32\">\n<li sizcache=\"0\" sizset=\"32\">\n<p><a href=\"http:\/\/www.net4mobility.eu\/fileadmin\/CY-NCPs_Survivors-Guide-to-MSCA-IF_2015.pdf\">Survivors Guide to MSCA IF 2015<\/a><\/p>\n<\/li>\n<li sizcache=\"0\" sizset=\"32\">\n<p><a href=\"\/prirodovedecka-fakulta\/podpora-projektov\/11850\/\">Ponuka partnerstva od Univerzity v Lisabone<\/a><\/p>\n<\/li>\n<li sizcache=\"0\" sizset=\"32\">\n<p><a href=\"\/prirodovedecka-fakulta\/horizont-2020\/11824\/\">Ponuka partnerstva od European Public Law Organisation v Gr\u00e9cku<\/a><\/p>\n<\/li>\n<li sizcache=\"0\" sizset=\"32\">\n<p><a href=\"\/prirodovedecka-fakulta\/horizont-2020\/11823\/\">Ponuka partnerstva od Caledonskej univerzity v\u00a0Glasgowe<\/a><\/p>\n<\/li>\n<li sizcache=\"0\" sizset=\"32\">\n<p><a href=\"\/prirodovedecka-fakulta\/horizont-2020\/11821\/\">Ponuka partnerstva od Talianskej univerzity v Perguii<\/a><\/p>\n<\/li>\n<li sizcache=\"0\" sizset=\"32\">\n<p><a href=\"\/prirodovedecka-fakulta\/horizont-2020\/11803\/\">Ponuka partnerstva od in\u0161tit\u00faci\u00ed BAS v Bulharsku<\/a><\/p>\n<\/li>\n<li sizcache=\"0\" sizset=\"32\">\n<p><a href=\"\/prirodovedecka-fakulta\/horizont-2020\/11802\/\" target=\"_blank\" rel=\"noopener\">Ponuka partnerstva od National Hellenic Research Foundation (NHRF) v At\u00e9nach<\/a><\/p>\n<\/li>\n<li sizcache=\"0\" sizset=\"32\">\n<p><a href=\"\/prirodovedecka-fakulta\/horizont-2020\/11762\/\"><span lang=\"\">Ponuka partnerstva od Scientific Food Center v Jord\u00e1nsku<\/span><\/a><\/p>\n<\/li>\n<li sizcache=\"0\" sizset=\"32\">\n<p><a href=\"https:\/\/www.upjs.sk\/prirodovedecka-fakulta\/podpora-projektov\/11729\/\"><font color=\"#00934b\">Marie Sklodowska-Curie Individual Fellowship<\/font><\/a><\/p>\n<\/li>\n<\/ul>\n<\/li>\n<\/ul>\n<p sizcache=\"0\" sizset=\"32\">\u00a0<\/p>\n","protected":false},"excerpt":{"rendered":"<p>Informa\u010dn\u00fd de\u0148 &#8211;\u00a0Horizon 2020 Space Info day and Workshop on Space Science and Technology Co-operation Pracovn\u00fd program s v\u00fdzvami H2020 na roky 2016-2017 Newsletter 7\/2015 \u00a0 Ponuka spolupr\u00e1ce v r\u00e1mci projektov Horizont 2020 Eur\u00f3psky program na podporu v\u00fdskumu a v\u00fdvoja \u2013 Horizont 2020 N\u00e1rodn\u00fd koordin\u00e1tor programu E\u00da Horizont 2020 Horizont 2020 &#8211; V\u00fdzva na predlo\u017eenie &hellip; <a href=\"https:\/\/www.upjs.sk\/prirodovedecka-fakulta\/rozvoj\/riesene-projekty\/horizont-2020\/\">\u010c\u00edta\u0165 \u010falej<\/a><\/p>\n","protected":false},"author":1,"featured_media":0,"parent":13061,"menu_order":2,"comment_status":"closed","ping_status":"closed","template":"","meta":{"_acf_changed":false,"_editorskit_title_hidden":false,"_editorskit_reading_time":0,"_editorskit_is_block_options_detached":false,"_editorskit_block_options_position":"{}","footnotes":""},"categories":[],"tags":[],"class_list":["post-13068","page","type-page","status-publish","hentry"],"acf":{"acf_link_na_externy_obsah":""},"yoast_head":"<!-- This site is optimized with the Yoast SEO plugin v27.2 - https:\/\/yoast.com\/product\/yoast-seo-wordpress\/ -->\n<title>Horizont 2020 - Pr\u00edrodovedeck\u00e1 fakulta | UPJ\u0160<\/title>\n<meta name=\"robots\" content=\"index, follow, max-snippet:-1, max-image-preview:large, max-video-preview:-1\" \/>\n<link rel=\"canonical\" href=\"https:\/\/www.upjs.sk\/prirodovedecka-fakulta\/rozvoj\/riesene-projekty\/horizont-2020\/\" \/>\n<meta property=\"og:locale\" content=\"sk_SK\" \/>\n<meta property=\"og:type\" content=\"article\" \/>\n<meta property=\"og:title\" content=\"Horizont 2020 - Pr\u00edrodovedeck\u00e1 fakulta | UPJ\u0160\" \/>\n<meta property=\"og:description\" content=\"Informa\u010dn\u00fd de\u0148 &#8211;\u00a0Horizon 2020 Space Info day and Workshop on Space Science and Technology Co-operation Pracovn\u00fd program s v\u00fdzvami H2020 na roky 2016-2017 Newsletter 7\/2015 \u00a0 Ponuka spolupr\u00e1ce v r\u00e1mci projektov Horizont 2020 Eur\u00f3psky program na podporu v\u00fdskumu a v\u00fdvoja \u2013 Horizont 2020 N\u00e1rodn\u00fd koordin\u00e1tor programu E\u00da Horizont 2020 Horizont 2020 &#8211; V\u00fdzva na predlo\u017eenie &hellip; \u010c\u00edta\u0165 \u010falej\" \/>\n<meta property=\"og:url\" content=\"https:\/\/www.upjs.sk\/prirodovedecka-fakulta\/rozvoj\/riesene-projekty\/horizont-2020\/\" \/>\n<meta property=\"og:site_name\" content=\"Pr\u00edrodovedeck\u00e1 fakulta | UPJ\u0160\" \/>\n<meta property=\"article:modified_time\" content=\"2022-11-13T20:47:04+00:00\" \/>\n<meta name=\"twitter:card\" content=\"summary_large_image\" \/>\n<meta name=\"twitter:label1\" content=\"Predpokladan\u00fd \u010das \u010d\u00edtania\" \/>\n\t<meta name=\"twitter:data1\" content=\"1 min\u00fata\" \/>\n<script type=\"application\/ld+json\" class=\"yoast-schema-graph\">{\"@context\":\"https:\/\/schema.org\",\"@graph\":[{\"@type\":\"WebPage\",\"@id\":\"https:\/\/www.upjs.sk\/prirodovedecka-fakulta\/rozvoj\/riesene-projekty\/horizont-2020\/\",\"url\":\"https:\/\/www.upjs.sk\/prirodovedecka-fakulta\/rozvoj\/riesene-projekty\/horizont-2020\/\",\"name\":\"Horizont 2020 - Pr\u00edrodovedeck\u00e1 fakulta | UPJ\u0160\",\"isPartOf\":{\"@id\":\"https:\/\/www.upjs.sk\/prirodovedecka-fakulta\/#website\"},\"datePublished\":\"2016-10-17T16:39:59+00:00\",\"dateModified\":\"2022-11-13T20:47:04+00:00\",\"breadcrumb\":{\"@id\":\"https:\/\/www.upjs.sk\/prirodovedecka-fakulta\/rozvoj\/riesene-projekty\/horizont-2020\/#breadcrumb\"},\"inLanguage\":\"sk-SK\",\"potentialAction\":[{\"@type\":\"ReadAction\",\"target\":[\"https:\/\/www.upjs.sk\/prirodovedecka-fakulta\/rozvoj\/riesene-projekty\/horizont-2020\/\"]}]},{\"@type\":\"BreadcrumbList\",\"@id\":\"https:\/\/www.upjs.sk\/prirodovedecka-fakulta\/rozvoj\/riesene-projekty\/horizont-2020\/#breadcrumb\",\"itemListElement\":[{\"@type\":\"ListItem\",\"position\":1,\"name\":\"Home\",\"item\":\"https:\/\/www.upjs.sk\/prirodovedecka-fakulta\/\"},{\"@type\":\"ListItem\",\"position\":2,\"name\":\"Rozvoj\",\"item\":\"https:\/\/www.upjs.sk\/prirodovedecka-fakulta\/rozvoj\/\"},{\"@type\":\"ListItem\",\"position\":3,\"name\":\"Rie\u0161en\u00e9 projekty\",\"item\":\"https:\/\/www.upjs.sk\/prirodovedecka-fakulta\/rozvoj\/riesene-projekty\/\"},{\"@type\":\"ListItem\",\"position\":4,\"name\":\"Horizont 2020\"}]},{\"@type\":\"WebSite\",\"@id\":\"https:\/\/www.upjs.sk\/prirodovedecka-fakulta\/#website\",\"url\":\"https:\/\/www.upjs.sk\/prirodovedecka-fakulta\/\",\"name\":\"Pr\u00edrodovedeck\u00e1 fakulta | UPJ\u0160\",\"description\":\"\",\"publisher\":{\"@id\":\"https:\/\/www.upjs.sk\/prirodovedecka-fakulta\/#organization\"},\"potentialAction\":[{\"@type\":\"SearchAction\",\"target\":{\"@type\":\"EntryPoint\",\"urlTemplate\":\"https:\/\/www.upjs.sk\/prirodovedecka-fakulta\/?s={search_term_string}\"},\"query-input\":{\"@type\":\"PropertyValueSpecification\",\"valueRequired\":true,\"valueName\":\"search_term_string\"}}],\"inLanguage\":\"sk-SK\"},{\"@type\":\"Organization\",\"@id\":\"https:\/\/www.upjs.sk\/prirodovedecka-fakulta\/#organization\",\"name\":\"Pr\u00edrodovedeck\u00e1 fakulta | UPJ\u0160\",\"url\":\"https:\/\/www.upjs.sk\/prirodovedecka-fakulta\/\",\"logo\":{\"@type\":\"ImageObject\",\"inLanguage\":\"sk-SK\",\"@id\":\"https:\/\/www.upjs.sk\/prirodovedecka-fakulta\/#\/schema\/logo\/image\/\",\"url\":\"https:\/\/www.upjs.sk\/app\/uploads\/sites\/10\/2022\/09\/logo-prirodovedecka-fakulta.png\",\"contentUrl\":\"https:\/\/www.upjs.sk\/app\/uploads\/sites\/10\/2022\/09\/logo-prirodovedecka-fakulta.png\",\"width\":415,\"height\":87,\"caption\":\"Pr\u00edrodovedeck\u00e1 fakulta | UPJ\u0160\"},\"image\":{\"@id\":\"https:\/\/www.upjs.sk\/prirodovedecka-fakulta\/#\/schema\/logo\/image\/\"}}]}<\/script>\n<!-- \/ Yoast SEO plugin. -->","yoast_head_json":{"title":"Horizont 2020 - Pr\u00edrodovedeck\u00e1 fakulta | UPJ\u0160","robots":{"index":"index","follow":"follow","max-snippet":"max-snippet:-1","max-image-preview":"max-image-preview:large","max-video-preview":"max-video-preview:-1"},"canonical":"https:\/\/www.upjs.sk\/prirodovedecka-fakulta\/rozvoj\/riesene-projekty\/horizont-2020\/","og_locale":"sk_SK","og_type":"article","og_title":"Horizont 2020 - Pr\u00edrodovedeck\u00e1 fakulta | UPJ\u0160","og_description":"Informa\u010dn\u00fd de\u0148 &#8211;\u00a0Horizon 2020 Space Info day and Workshop on Space Science and Technology Co-operation Pracovn\u00fd program s v\u00fdzvami H2020 na roky 2016-2017 Newsletter 7\/2015 \u00a0 Ponuka spolupr\u00e1ce v r\u00e1mci projektov Horizont 2020 Eur\u00f3psky program na podporu v\u00fdskumu a v\u00fdvoja \u2013 Horizont 2020 N\u00e1rodn\u00fd koordin\u00e1tor programu E\u00da Horizont 2020 Horizont 2020 &#8211; V\u00fdzva na predlo\u017eenie &hellip; \u010c\u00edta\u0165 \u010falej","og_url":"https:\/\/www.upjs.sk\/prirodovedecka-fakulta\/rozvoj\/riesene-projekty\/horizont-2020\/","og_site_name":"Pr\u00edrodovedeck\u00e1 fakulta | UPJ\u0160","article_modified_time":"2022-11-13T20:47:04+00:00","twitter_card":"summary_large_image","twitter_misc":{"Predpokladan\u00fd \u010das \u010d\u00edtania":"1 min\u00fata"},"schema":{"@context":"https:\/\/schema.org","@graph":[{"@type":"WebPage","@id":"https:\/\/www.upjs.sk\/prirodovedecka-fakulta\/rozvoj\/riesene-projekty\/horizont-2020\/","url":"https:\/\/www.upjs.sk\/prirodovedecka-fakulta\/rozvoj\/riesene-projekty\/horizont-2020\/","name":"Horizont 2020 - Pr\u00edrodovedeck\u00e1 fakulta | UPJ\u0160","isPartOf":{"@id":"https:\/\/www.upjs.sk\/prirodovedecka-fakulta\/#website"},"datePublished":"2016-10-17T16:39:59+00:00","dateModified":"2022-11-13T20:47:04+00:00","breadcrumb":{"@id":"https:\/\/www.upjs.sk\/prirodovedecka-fakulta\/rozvoj\/riesene-projekty\/horizont-2020\/#breadcrumb"},"inLanguage":"sk-SK","potentialAction":[{"@type":"ReadAction","target":["https:\/\/www.upjs.sk\/prirodovedecka-fakulta\/rozvoj\/riesene-projekty\/horizont-2020\/"]}]},{"@type":"BreadcrumbList","@id":"https:\/\/www.upjs.sk\/prirodovedecka-fakulta\/rozvoj\/riesene-projekty\/horizont-2020\/#breadcrumb","itemListElement":[{"@type":"ListItem","position":1,"name":"Home","item":"https:\/\/www.upjs.sk\/prirodovedecka-fakulta\/"},{"@type":"ListItem","position":2,"name":"Rozvoj","item":"https:\/\/www.upjs.sk\/prirodovedecka-fakulta\/rozvoj\/"},{"@type":"ListItem","position":3,"name":"Rie\u0161en\u00e9 projekty","item":"https:\/\/www.upjs.sk\/prirodovedecka-fakulta\/rozvoj\/riesene-projekty\/"},{"@type":"ListItem","position":4,"name":"Horizont 2020"}]},{"@type":"WebSite","@id":"https:\/\/www.upjs.sk\/prirodovedecka-fakulta\/#website","url":"https:\/\/www.upjs.sk\/prirodovedecka-fakulta\/","name":"Pr\u00edrodovedeck\u00e1 fakulta | UPJ\u0160","description":"","publisher":{"@id":"https:\/\/www.upjs.sk\/prirodovedecka-fakulta\/#organization"},"potentialAction":[{"@type":"SearchAction","target":{"@type":"EntryPoint","urlTemplate":"https:\/\/www.upjs.sk\/prirodovedecka-fakulta\/?s={search_term_string}"},"query-input":{"@type":"PropertyValueSpecification","valueRequired":true,"valueName":"search_term_string"}}],"inLanguage":"sk-SK"},{"@type":"Organization","@id":"https:\/\/www.upjs.sk\/prirodovedecka-fakulta\/#organization","name":"Pr\u00edrodovedeck\u00e1 fakulta | UPJ\u0160","url":"https:\/\/www.upjs.sk\/prirodovedecka-fakulta\/","logo":{"@type":"ImageObject","inLanguage":"sk-SK","@id":"https:\/\/www.upjs.sk\/prirodovedecka-fakulta\/#\/schema\/logo\/image\/","url":"https:\/\/www.upjs.sk\/app\/uploads\/sites\/10\/2022\/09\/logo-prirodovedecka-fakulta.png","contentUrl":"https:\/\/www.upjs.sk\/app\/uploads\/sites\/10\/2022\/09\/logo-prirodovedecka-fakulta.png","width":415,"height":87,"caption":"Pr\u00edrodovedeck\u00e1 fakulta | UPJ\u0160"},"image":{"@id":"https:\/\/www.upjs.sk\/prirodovedecka-fakulta\/#\/schema\/logo\/image\/"}}]}},"_links":{"self":[{"href":"https:\/\/www.upjs.sk\/prirodovedecka-fakulta\/wp-json\/wp\/v2\/pages\/13068","targetHints":{"allow":["GET"]}}],"collection":[{"href":"https:\/\/www.upjs.sk\/prirodovedecka-fakulta\/wp-json\/wp\/v2\/pages"}],"about":[{"href":"https:\/\/www.upjs.sk\/prirodovedecka-fakulta\/wp-json\/wp\/v2\/types\/page"}],"author":[{"embeddable":true,"href":"https:\/\/www.upjs.sk\/prirodovedecka-fakulta\/wp-json\/wp\/v2\/users\/1"}],"replies":[{"embeddable":true,"href":"https:\/\/www.upjs.sk\/prirodovedecka-fakulta\/wp-json\/wp\/v2\/comments?post=13068"}],"version-history":[{"count":2,"href":"https:\/\/www.upjs.sk\/prirodovedecka-fakulta\/wp-json\/wp\/v2\/pages\/13068\/revisions"}],"predecessor-version":[{"id":46321,"href":"https:\/\/www.upjs.sk\/prirodovedecka-fakulta\/wp-json\/wp\/v2\/pages\/13068\/revisions\/46321"}],"up":[{"embeddable":true,"href":"https:\/\/www.upjs.sk\/prirodovedecka-fakulta\/wp-json\/wp\/v2\/pages\/13061"}],"wp:attachment":[{"href":"https:\/\/www.upjs.sk\/prirodovedecka-fakulta\/wp-json\/wp\/v2\/media?parent=13068"}],"wp:term":[{"taxonomy":"category","embeddable":true,"href":"https:\/\/www.upjs.sk\/prirodovedecka-fakulta\/wp-json\/wp\/v2\/categories?post=13068"},{"taxonomy":"post_tag","embeddable":true,"href":"https:\/\/www.upjs.sk\/prirodovedecka-fakulta\/wp-json\/wp\/v2\/tags?post=13068"}],"curies":[{"name":"wp","href":"https:\/\/api.w.org\/{rel}","templated":true}]}}