{"id":13079,"date":"2016-10-25T10:59:41","date_gmt":"2016-10-25T10:59:41","guid":{"rendered":"https:\/\/www.upjs.sk\/prirodovedecka-fakulta\/root\/ulp\/"},"modified":"2024-12-03T14:47:01","modified_gmt":"2024-12-03T13:47:01","slug":"ulp","status":"publish","type":"page","link":"https:\/\/www.upjs.sk\/prirodovedecka-fakulta\/rozvoj\/ulp\/","title":{"rendered":"Unik\u00e1tne laborat\u00f3ri\u00e1 a pr\u00edstroje"},"content":{"rendered":"\n<ul class=\"wp-block-list\">\n<li><a href=\"https:\/\/www.upjs.sk\/prirodovedecka-fakulta\/rozvoj\/ulp\/laboratorium-transmisnej-elektronovej-mikroskopie\/\">Laborat\u00f3rium transmisnej elektr\u00f3novej mikroskopie<\/a> (LEM)<\/li>\n\n\n\n<li><a href=\"http:\/\/www.upjs.sk\/vyskum\/inovacie-rozvoj-eu-problematika\/unikatne-pristroje\/laboratorium-analytickej-cytometrie\/\" target=\"_blank\" rel=\"noopener\">Laborat\u00f3rium analytickej cytometrie<\/a><\/li>\n\n\n\n<li><a href=\"http:\/\/www.upjs.sk\/vyskum\/inovacie-rozvoj-eu-problematika\/unikatne-pristroje\/unikatne-laboratorium-nmr-na-upjs\/\" target=\"_blank\" rel=\"noopener\">Laborat\u00f3rium nukle\u00e1rnej magnetickej rezonancie (NMR)<\/a><\/li>\n\n\n\n<li><a href=\"http:\/\/www.upjs.sk\/vyskum\/inovacie-rozvoj-eu-problematika\/unikatne-pristroje\/nanolaboratorium\/\" target=\"_blank\" rel=\"noopener\">Nanolaborat\u00f3rium<\/a><\/li>\n\n\n\n<li><a href=\"http:\/\/www.upjs.sk\/vyskum\/inovacie-rozvoj-eu-problematika\/unikatne-pristroje\/metalograficke-laboratorium\/\" target=\"_blank\" rel=\"noopener\">Metalografick\u00e9 laborat\u00f3rium<\/a><\/li>\n\n\n\n<li><a href=\"http:\/\/www.upjs.sk\/vyskum\/inovacie-rozvoj-eu-problematika\/unikatne-pristroje\/laboratorium-feromagnetizmu\/\" target=\"_blank\" rel=\"noopener\">Laborat\u00f3rium feromagnetizmu<\/a><\/li>\n\n\n\n<li><a href=\"http:\/\/www.upjs.sk\/vyskum\/inovacie-rozvoj-eu-problematika\/unikatne-pristroje\/laboratorium-elektronovej-mikroskopie\/\" target=\"_blank\" rel=\"noopener\">Laborat\u00f3rium elektr\u00f3novej mikroskopie<\/a><\/li>\n\n\n\n<li><a href=\"http:\/\/www.upjs.sk\/vyskum\/inovacie-rozvoj-eu-problematika\/unikatne-pristroje\/laboratorium-inteligentnych-datovych-analyz\/\" target=\"_blank\" rel=\"noopener\">Laborat\u00f3rium inteligentn\u00fdch d\u00e1tov\u00fdch anal\u00fdz &#8211; LIDA<\/a><\/li>\n\n\n\n<li><a href=\"http:\/\/www.upjs.sk\/vyskum\/inovacie-rozvoj-eu-problematika\/unikatne-pristroje\/laboratorium-strukturnej-analyzy\/\" target=\"_blank\" rel=\"noopener\">Laborat\u00f3rium \u0161trukt\u00farnej anal\u00fdzy<\/a><\/li>\n\n\n\n<li><a href=\"http:\/\/www.upjs.sk\/vyskum\/inovacie-rozvoj-eu-problematika\/unikatne-pristroje\/laboratorium-elektronovej-paramagnetickej-rezonancie\/\" target=\"_blank\" rel=\"noopener\">Laborat\u00f3rium elektr\u00f3novej paramagnetickej rezonancie<\/a><\/li>\n<\/ul>\n","protected":false},"excerpt":{"rendered":"","protected":false},"author":1,"featured_media":0,"parent":26484,"menu_order":7,"comment_status":"closed","ping_status":"closed","template":"","meta":{"_acf_changed":false,"_editorskit_title_hidden":false,"_editorskit_reading_time":0,"_editorskit_is_block_options_detached":false,"_editorskit_block_options_position":"{}","footnotes":""},"categories":[],"tags":[],"class_list":["post-13079","page","type-page","status-publish","hentry"],"acf":{"acf_link_na_externy_obsah":""},"yoast_head":"<!-- This site is optimized with the Yoast SEO plugin v27.2 - https:\/\/yoast.com\/product\/yoast-seo-wordpress\/ -->\n<title>Unik\u00e1tne laborat\u00f3ri\u00e1 a pr\u00edstroje - Pr\u00edrodovedeck\u00e1 fakulta | UPJ\u0160<\/title>\n<meta name=\"robots\" content=\"index, follow, max-snippet:-1, max-image-preview:large, max-video-preview:-1\" \/>\n<link rel=\"canonical\" href=\"https:\/\/www.upjs.sk\/prirodovedecka-fakulta\/rozvoj\/ulp\/\" \/>\n<meta property=\"og:locale\" content=\"sk_SK\" \/>\n<meta property=\"og:type\" content=\"article\" \/>\n<meta property=\"og:title\" content=\"Unik\u00e1tne laborat\u00f3ri\u00e1 a pr\u00edstroje - Pr\u00edrodovedeck\u00e1 fakulta | UPJ\u0160\" \/>\n<meta property=\"og:url\" content=\"https:\/\/www.upjs.sk\/prirodovedecka-fakulta\/rozvoj\/ulp\/\" \/>\n<meta property=\"og:site_name\" content=\"Pr\u00edrodovedeck\u00e1 fakulta | UPJ\u0160\" \/>\n<meta property=\"article:modified_time\" content=\"2024-12-03T13:47:01+00:00\" \/>\n<meta name=\"twitter:card\" content=\"summary_large_image\" \/>\n<meta name=\"twitter:label1\" content=\"Predpokladan\u00fd \u010das \u010d\u00edtania\" \/>\n\t<meta name=\"twitter:data1\" content=\"1 min\u00fata\" \/>\n<script type=\"application\/ld+json\" class=\"yoast-schema-graph\">{\"@context\":\"https:\/\/schema.org\",\"@graph\":[{\"@type\":\"WebPage\",\"@id\":\"https:\/\/www.upjs.sk\/prirodovedecka-fakulta\/rozvoj\/ulp\/\",\"url\":\"https:\/\/www.upjs.sk\/prirodovedecka-fakulta\/rozvoj\/ulp\/\",\"name\":\"Unik\u00e1tne laborat\u00f3ri\u00e1 a pr\u00edstroje - Pr\u00edrodovedeck\u00e1 fakulta | UPJ\u0160\",\"isPartOf\":{\"@id\":\"https:\/\/www.upjs.sk\/prirodovedecka-fakulta\/#website\"},\"datePublished\":\"2016-10-25T10:59:41+00:00\",\"dateModified\":\"2024-12-03T13:47:01+00:00\",\"breadcrumb\":{\"@id\":\"https:\/\/www.upjs.sk\/prirodovedecka-fakulta\/rozvoj\/ulp\/#breadcrumb\"},\"inLanguage\":\"sk-SK\",\"potentialAction\":[{\"@type\":\"ReadAction\",\"target\":[\"https:\/\/www.upjs.sk\/prirodovedecka-fakulta\/rozvoj\/ulp\/\"]}]},{\"@type\":\"BreadcrumbList\",\"@id\":\"https:\/\/www.upjs.sk\/prirodovedecka-fakulta\/rozvoj\/ulp\/#breadcrumb\",\"itemListElement\":[{\"@type\":\"ListItem\",\"position\":1,\"name\":\"Home\",\"item\":\"https:\/\/www.upjs.sk\/prirodovedecka-fakulta\/\"},{\"@type\":\"ListItem\",\"position\":2,\"name\":\"Rozvoj\",\"item\":\"https:\/\/www.upjs.sk\/prirodovedecka-fakulta\/rozvoj\/\"},{\"@type\":\"ListItem\",\"position\":3,\"name\":\"Unik\u00e1tne laborat\u00f3ri\u00e1 a pr\u00edstroje\"}]},{\"@type\":\"WebSite\",\"@id\":\"https:\/\/www.upjs.sk\/prirodovedecka-fakulta\/#website\",\"url\":\"https:\/\/www.upjs.sk\/prirodovedecka-fakulta\/\",\"name\":\"Pr\u00edrodovedeck\u00e1 fakulta | UPJ\u0160\",\"description\":\"\",\"publisher\":{\"@id\":\"https:\/\/www.upjs.sk\/prirodovedecka-fakulta\/#organization\"},\"potentialAction\":[{\"@type\":\"SearchAction\",\"target\":{\"@type\":\"EntryPoint\",\"urlTemplate\":\"https:\/\/www.upjs.sk\/prirodovedecka-fakulta\/?s={search_term_string}\"},\"query-input\":{\"@type\":\"PropertyValueSpecification\",\"valueRequired\":true,\"valueName\":\"search_term_string\"}}],\"inLanguage\":\"sk-SK\"},{\"@type\":\"Organization\",\"@id\":\"https:\/\/www.upjs.sk\/prirodovedecka-fakulta\/#organization\",\"name\":\"Pr\u00edrodovedeck\u00e1 fakulta | UPJ\u0160\",\"url\":\"https:\/\/www.upjs.sk\/prirodovedecka-fakulta\/\",\"logo\":{\"@type\":\"ImageObject\",\"inLanguage\":\"sk-SK\",\"@id\":\"https:\/\/www.upjs.sk\/prirodovedecka-fakulta\/#\/schema\/logo\/image\/\",\"url\":\"https:\/\/www.upjs.sk\/app\/uploads\/sites\/10\/2022\/09\/logo-prirodovedecka-fakulta.png\",\"contentUrl\":\"https:\/\/www.upjs.sk\/app\/uploads\/sites\/10\/2022\/09\/logo-prirodovedecka-fakulta.png\",\"width\":415,\"height\":87,\"caption\":\"Pr\u00edrodovedeck\u00e1 fakulta | UPJ\u0160\"},\"image\":{\"@id\":\"https:\/\/www.upjs.sk\/prirodovedecka-fakulta\/#\/schema\/logo\/image\/\"}}]}<\/script>\n<!-- \/ Yoast SEO plugin. -->","yoast_head_json":{"title":"Unik\u00e1tne laborat\u00f3ri\u00e1 a pr\u00edstroje - Pr\u00edrodovedeck\u00e1 fakulta | UPJ\u0160","robots":{"index":"index","follow":"follow","max-snippet":"max-snippet:-1","max-image-preview":"max-image-preview:large","max-video-preview":"max-video-preview:-1"},"canonical":"https:\/\/www.upjs.sk\/prirodovedecka-fakulta\/rozvoj\/ulp\/","og_locale":"sk_SK","og_type":"article","og_title":"Unik\u00e1tne laborat\u00f3ri\u00e1 a pr\u00edstroje - Pr\u00edrodovedeck\u00e1 fakulta | UPJ\u0160","og_url":"https:\/\/www.upjs.sk\/prirodovedecka-fakulta\/rozvoj\/ulp\/","og_site_name":"Pr\u00edrodovedeck\u00e1 fakulta | UPJ\u0160","article_modified_time":"2024-12-03T13:47:01+00:00","twitter_card":"summary_large_image","twitter_misc":{"Predpokladan\u00fd \u010das \u010d\u00edtania":"1 min\u00fata"},"schema":{"@context":"https:\/\/schema.org","@graph":[{"@type":"WebPage","@id":"https:\/\/www.upjs.sk\/prirodovedecka-fakulta\/rozvoj\/ulp\/","url":"https:\/\/www.upjs.sk\/prirodovedecka-fakulta\/rozvoj\/ulp\/","name":"Unik\u00e1tne laborat\u00f3ri\u00e1 a pr\u00edstroje - Pr\u00edrodovedeck\u00e1 fakulta | UPJ\u0160","isPartOf":{"@id":"https:\/\/www.upjs.sk\/prirodovedecka-fakulta\/#website"},"datePublished":"2016-10-25T10:59:41+00:00","dateModified":"2024-12-03T13:47:01+00:00","breadcrumb":{"@id":"https:\/\/www.upjs.sk\/prirodovedecka-fakulta\/rozvoj\/ulp\/#breadcrumb"},"inLanguage":"sk-SK","potentialAction":[{"@type":"ReadAction","target":["https:\/\/www.upjs.sk\/prirodovedecka-fakulta\/rozvoj\/ulp\/"]}]},{"@type":"BreadcrumbList","@id":"https:\/\/www.upjs.sk\/prirodovedecka-fakulta\/rozvoj\/ulp\/#breadcrumb","itemListElement":[{"@type":"ListItem","position":1,"name":"Home","item":"https:\/\/www.upjs.sk\/prirodovedecka-fakulta\/"},{"@type":"ListItem","position":2,"name":"Rozvoj","item":"https:\/\/www.upjs.sk\/prirodovedecka-fakulta\/rozvoj\/"},{"@type":"ListItem","position":3,"name":"Unik\u00e1tne laborat\u00f3ri\u00e1 a pr\u00edstroje"}]},{"@type":"WebSite","@id":"https:\/\/www.upjs.sk\/prirodovedecka-fakulta\/#website","url":"https:\/\/www.upjs.sk\/prirodovedecka-fakulta\/","name":"Pr\u00edrodovedeck\u00e1 fakulta | UPJ\u0160","description":"","publisher":{"@id":"https:\/\/www.upjs.sk\/prirodovedecka-fakulta\/#organization"},"potentialAction":[{"@type":"SearchAction","target":{"@type":"EntryPoint","urlTemplate":"https:\/\/www.upjs.sk\/prirodovedecka-fakulta\/?s={search_term_string}"},"query-input":{"@type":"PropertyValueSpecification","valueRequired":true,"valueName":"search_term_string"}}],"inLanguage":"sk-SK"},{"@type":"Organization","@id":"https:\/\/www.upjs.sk\/prirodovedecka-fakulta\/#organization","name":"Pr\u00edrodovedeck\u00e1 fakulta | UPJ\u0160","url":"https:\/\/www.upjs.sk\/prirodovedecka-fakulta\/","logo":{"@type":"ImageObject","inLanguage":"sk-SK","@id":"https:\/\/www.upjs.sk\/prirodovedecka-fakulta\/#\/schema\/logo\/image\/","url":"https:\/\/www.upjs.sk\/app\/uploads\/sites\/10\/2022\/09\/logo-prirodovedecka-fakulta.png","contentUrl":"https:\/\/www.upjs.sk\/app\/uploads\/sites\/10\/2022\/09\/logo-prirodovedecka-fakulta.png","width":415,"height":87,"caption":"Pr\u00edrodovedeck\u00e1 fakulta | UPJ\u0160"},"image":{"@id":"https:\/\/www.upjs.sk\/prirodovedecka-fakulta\/#\/schema\/logo\/image\/"}}]}},"_links":{"self":[{"href":"https:\/\/www.upjs.sk\/prirodovedecka-fakulta\/wp-json\/wp\/v2\/pages\/13079","targetHints":{"allow":["GET"]}}],"collection":[{"href":"https:\/\/www.upjs.sk\/prirodovedecka-fakulta\/wp-json\/wp\/v2\/pages"}],"about":[{"href":"https:\/\/www.upjs.sk\/prirodovedecka-fakulta\/wp-json\/wp\/v2\/types\/page"}],"author":[{"embeddable":true,"href":"https:\/\/www.upjs.sk\/prirodovedecka-fakulta\/wp-json\/wp\/v2\/users\/1"}],"replies":[{"embeddable":true,"href":"https:\/\/www.upjs.sk\/prirodovedecka-fakulta\/wp-json\/wp\/v2\/comments?post=13079"}],"version-history":[{"count":5,"href":"https:\/\/www.upjs.sk\/prirodovedecka-fakulta\/wp-json\/wp\/v2\/pages\/13079\/revisions"}],"predecessor-version":[{"id":73830,"href":"https:\/\/www.upjs.sk\/prirodovedecka-fakulta\/wp-json\/wp\/v2\/pages\/13079\/revisions\/73830"}],"up":[{"embeddable":true,"href":"https:\/\/www.upjs.sk\/prirodovedecka-fakulta\/wp-json\/wp\/v2\/pages\/26484"}],"wp:attachment":[{"href":"https:\/\/www.upjs.sk\/prirodovedecka-fakulta\/wp-json\/wp\/v2\/media?parent=13079"}],"wp:term":[{"taxonomy":"category","embeddable":true,"href":"https:\/\/www.upjs.sk\/prirodovedecka-fakulta\/wp-json\/wp\/v2\/categories?post=13079"},{"taxonomy":"post_tag","embeddable":true,"href":"https:\/\/www.upjs.sk\/prirodovedecka-fakulta\/wp-json\/wp\/v2\/tags?post=13079"}],"curies":[{"name":"wp","href":"https:\/\/api.w.org\/{rel}","templated":true}]}}