{"id":13110,"date":"2021-10-02T20:13:49","date_gmt":"2021-10-02T20:13:49","guid":{"rendered":"https:\/\/www.upjs.sk\/prirodovedecka-fakulta\/root\/sr\/aktuality\/"},"modified":"2022-11-13T21:47:30","modified_gmt":"2022-11-13T20:47:30","slug":"aktuality","status":"publish","type":"page","link":"https:\/\/www.upjs.sk\/prirodovedecka-fakulta\/sr\/aktuality\/","title":{"rendered":"Aktuality"},"content":{"rendered":"<p>\u00a0<\/p>\n<p style=\"text-align:center\"><span style=\"font-size:20px\"><strong>\u0160R PF UPJ\u0160 &#8211; N\u00c1BOR NOV\u00ddCH \u010cLENOV<\/strong>\u00a0 \u00a0\u00a0<\/span><\/p>\n<p style=\"text-align:justify\">H\u013ead\u00e1me nov\u00fdch \u010dlenov do n\u00e1\u0161ho t\u00edmu, aby sme mohli spolo\u010dne rozbehn\u00fa\u0165 akcie, ktor\u00e9 n\u00e1s, pr\u00edrodovedcov, e\u0161te viac spoja a zbl\u00ed\u017eia. \u010co v\u0161etko mus\u00edte sp\u013a\u0148a\u0165? Jedinou podmienkou je chu\u0165 nie\u010do robi\u0165! Okrem toho, \u017ee budete ma\u0165 mo\u017enos\u0165 realizova\u0165 sa v oblastiach, ktor\u00e9 v\u00e1s zauj\u00edmaj\u00fa, spozn\u00e1te aj nov\u00fdch zauj\u00edmav\u00fdch \u013eud\u00ed na fakulte a aj na univerzite. Vybra\u0165 si m\u00f4\u017eete z t\u00fdchto oblast\u00ed:<\/p>\n<ul>\n<li style=\"text-align: justify;\">ORGANIZ\u00c1CIA PODUJAT\u00cd<\/li>\n<li style=\"text-align: justify;\">DOBROVO\u013dN\u00cdCTVO<\/li>\n<li style=\"text-align: justify;\">EKO AKTIVITY<\/li>\n<li style=\"text-align: justify;\">POPULARIZ\u00c1CIA VEDY A \u0160T\u00daDIA<\/li>\n<\/ul>\n<p style=\"text-align:justify\">Ak v\u00e1s bav\u00ed p\u00edsanie \u010dl\u00e1nkov, m\u00e1te mo\u017enos\u0165 sta\u0165 sa \u010dlenom redak\u010dnej rady ob\u010dasn\u00edka pr\u00edrodovedcov: PR\u00cdMES. Nev\u00e1hajte a prihl\u00e1ste sa prostredn\u00edctvom tohto formul\u00e1ra:<\/p>\n<p style=\"text-align:center\"><a href=\"https:\/\/tinyurl.com\/u8r639ya\">https:\/\/tinyurl.com\/u8r639ya<\/a><\/p>\n<p style=\"text-align:justify\">Te\u0161\u00edme sa na v\u00e1s!<\/p>\n","protected":false},"excerpt":{"rendered":"<p>\u00a0 \u0160R PF UPJ\u0160 &#8211; N\u00c1BOR NOV\u00ddCH \u010cLENOV\u00a0 \u00a0\u00a0 H\u013ead\u00e1me nov\u00fdch \u010dlenov do n\u00e1\u0161ho t\u00edmu, aby sme mohli spolo\u010dne rozbehn\u00fa\u0165 akcie, ktor\u00e9 n\u00e1s, pr\u00edrodovedcov, e\u0161te viac spoja a zbl\u00ed\u017eia. \u010co v\u0161etko mus\u00edte sp\u013a\u0148a\u0165? Jedinou podmienkou je chu\u0165 nie\u010do robi\u0165! Okrem toho, \u017ee budete ma\u0165 mo\u017enos\u0165 realizova\u0165 sa v oblastiach, ktor\u00e9 v\u00e1s zauj\u00edmaj\u00fa, spozn\u00e1te aj nov\u00fdch &hellip; <a href=\"https:\/\/www.upjs.sk\/prirodovedecka-fakulta\/sr\/aktuality\/\">\u010c\u00edta\u0165 \u010falej<\/a><\/p>\n","protected":false},"author":1,"featured_media":13111,"parent":13107,"menu_order":0,"comment_status":"closed","ping_status":"closed","template":"","meta":{"_acf_changed":false,"_editorskit_title_hidden":false,"_editorskit_reading_time":0,"_editorskit_is_block_options_detached":false,"_editorskit_block_options_position":"{}","footnotes":""},"categories":[],"tags":[],"class_list":["post-13110","page","type-page","status-publish","has-post-thumbnail","hentry"],"acf":{"acf_link_na_externy_obsah":""},"yoast_head":"<!-- This site is optimized with the Yoast SEO plugin v27.5 - https:\/\/yoast.com\/product\/yoast-seo-wordpress\/ -->\n<title>Aktuality - Pr\u00edrodovedeck\u00e1 fakulta | UPJ\u0160<\/title>\n<meta name=\"robots\" content=\"index, follow, max-snippet:-1, max-image-preview:large, max-video-preview:-1\" \/>\n<link rel=\"canonical\" href=\"https:\/\/www.upjs.sk\/prirodovedecka-fakulta\/sr\/aktuality\/\" \/>\n<meta property=\"og:locale\" content=\"sk_SK\" \/>\n<meta property=\"og:type\" content=\"article\" \/>\n<meta property=\"og:title\" content=\"Aktuality - Pr\u00edrodovedeck\u00e1 fakulta | UPJ\u0160\" \/>\n<meta property=\"og:description\" content=\"\u00a0 \u0160R PF UPJ\u0160 &#8211; N\u00c1BOR NOV\u00ddCH \u010cLENOV\u00a0 \u00a0\u00a0 H\u013ead\u00e1me nov\u00fdch \u010dlenov do n\u00e1\u0161ho t\u00edmu, aby sme mohli spolo\u010dne rozbehn\u00fa\u0165 akcie, ktor\u00e9 n\u00e1s, pr\u00edrodovedcov, e\u0161te viac spoja a zbl\u00ed\u017eia. \u010co v\u0161etko mus\u00edte sp\u013a\u0148a\u0165? Jedinou podmienkou je chu\u0165 nie\u010do robi\u0165! Okrem toho, \u017ee budete ma\u0165 mo\u017enos\u0165 realizova\u0165 sa v oblastiach, ktor\u00e9 v\u00e1s zauj\u00edmaj\u00fa, spozn\u00e1te aj nov\u00fdch &hellip; \u010c\u00edta\u0165 \u010falej\" \/>\n<meta property=\"og:url\" content=\"https:\/\/www.upjs.sk\/prirodovedecka-fakulta\/sr\/aktuality\/\" \/>\n<meta property=\"og:site_name\" content=\"Pr\u00edrodovedeck\u00e1 fakulta | UPJ\u0160\" \/>\n<meta property=\"article:modified_time\" content=\"2022-11-13T20:47:30+00:00\" \/>\n<meta property=\"og:image\" content=\"https:\/\/www.upjs.sk\/app\/uploads\/sites\/10\/2022\/09\/KEDY_-1.-10.-2019-o-19_30.png\" \/>\n\t<meta property=\"og:image:width\" content=\"1920\" \/>\n\t<meta property=\"og:image:height\" content=\"890\" \/>\n\t<meta property=\"og:image:type\" content=\"image\/png\" \/>\n<meta name=\"twitter:card\" content=\"summary_large_image\" \/>\n<meta name=\"twitter:label1\" content=\"Predpokladan\u00fd \u010das \u010d\u00edtania\" \/>\n\t<meta name=\"twitter:data1\" content=\"1 min\u00fata\" \/>\n<script type=\"application\/ld+json\" class=\"yoast-schema-graph\">{\"@context\":\"https:\\\/\\\/schema.org\",\"@graph\":[{\"@type\":\"WebPage\",\"@id\":\"https:\\\/\\\/www.upjs.sk\\\/prirodovedecka-fakulta\\\/sr\\\/aktuality\\\/\",\"url\":\"https:\\\/\\\/www.upjs.sk\\\/prirodovedecka-fakulta\\\/sr\\\/aktuality\\\/\",\"name\":\"Aktuality - Pr\u00edrodovedeck\u00e1 fakulta | UPJ\u0160\",\"isPartOf\":{\"@id\":\"https:\\\/\\\/www.upjs.sk\\\/prirodovedecka-fakulta\\\/#website\"},\"primaryImageOfPage\":{\"@id\":\"https:\\\/\\\/www.upjs.sk\\\/prirodovedecka-fakulta\\\/sr\\\/aktuality\\\/#primaryimage\"},\"image\":{\"@id\":\"https:\\\/\\\/www.upjs.sk\\\/prirodovedecka-fakulta\\\/sr\\\/aktuality\\\/#primaryimage\"},\"thumbnailUrl\":\"https:\\\/\\\/www.upjs.sk\\\/app\\\/uploads\\\/sites\\\/10\\\/2022\\\/09\\\/KEDY_-1.-10.-2019-o-19_30.png\",\"datePublished\":\"2021-10-02T20:13:49+00:00\",\"dateModified\":\"2022-11-13T20:47:30+00:00\",\"breadcrumb\":{\"@id\":\"https:\\\/\\\/www.upjs.sk\\\/prirodovedecka-fakulta\\\/sr\\\/aktuality\\\/#breadcrumb\"},\"inLanguage\":\"sk-SK\",\"potentialAction\":[{\"@type\":\"ReadAction\",\"target\":[\"https:\\\/\\\/www.upjs.sk\\\/prirodovedecka-fakulta\\\/sr\\\/aktuality\\\/\"]}]},{\"@type\":\"ImageObject\",\"inLanguage\":\"sk-SK\",\"@id\":\"https:\\\/\\\/www.upjs.sk\\\/prirodovedecka-fakulta\\\/sr\\\/aktuality\\\/#primaryimage\",\"url\":\"https:\\\/\\\/www.upjs.sk\\\/app\\\/uploads\\\/sites\\\/10\\\/2022\\\/09\\\/KEDY_-1.-10.-2019-o-19_30.png\",\"contentUrl\":\"https:\\\/\\\/www.upjs.sk\\\/app\\\/uploads\\\/sites\\\/10\\\/2022\\\/09\\\/KEDY_-1.-10.-2019-o-19_30.png\",\"width\":1920,\"height\":890,\"caption\":\"aktuality\"},{\"@type\":\"BreadcrumbList\",\"@id\":\"https:\\\/\\\/www.upjs.sk\\\/prirodovedecka-fakulta\\\/sr\\\/aktuality\\\/#breadcrumb\",\"itemListElement\":[{\"@type\":\"ListItem\",\"position\":1,\"name\":\"Home\",\"item\":\"https:\\\/\\\/www.upjs.sk\\\/prirodovedecka-fakulta\\\/\"},{\"@type\":\"ListItem\",\"position\":2,\"name\":\"\u0160tudentsk\u00e1 rada PF UPJ\u0160\",\"item\":\"https:\\\/\\\/www.upjs.sk\\\/prirodovedecka-fakulta\\\/sr\\\/\"},{\"@type\":\"ListItem\",\"position\":3,\"name\":\"Aktuality\"}]},{\"@type\":\"WebSite\",\"@id\":\"https:\\\/\\\/www.upjs.sk\\\/prirodovedecka-fakulta\\\/#website\",\"url\":\"https:\\\/\\\/www.upjs.sk\\\/prirodovedecka-fakulta\\\/\",\"name\":\"Pr\u00edrodovedeck\u00e1 fakulta | UPJ\u0160\",\"description\":\"\",\"publisher\":{\"@id\":\"https:\\\/\\\/www.upjs.sk\\\/prirodovedecka-fakulta\\\/#organization\"},\"potentialAction\":[{\"@type\":\"SearchAction\",\"target\":{\"@type\":\"EntryPoint\",\"urlTemplate\":\"https:\\\/\\\/www.upjs.sk\\\/prirodovedecka-fakulta\\\/?s={search_term_string}\"},\"query-input\":{\"@type\":\"PropertyValueSpecification\",\"valueRequired\":true,\"valueName\":\"search_term_string\"}}],\"inLanguage\":\"sk-SK\"},{\"@type\":\"Organization\",\"@id\":\"https:\\\/\\\/www.upjs.sk\\\/prirodovedecka-fakulta\\\/#organization\",\"name\":\"Pr\u00edrodovedeck\u00e1 fakulta | UPJ\u0160\",\"url\":\"https:\\\/\\\/www.upjs.sk\\\/prirodovedecka-fakulta\\\/\",\"logo\":{\"@type\":\"ImageObject\",\"inLanguage\":\"sk-SK\",\"@id\":\"https:\\\/\\\/www.upjs.sk\\\/prirodovedecka-fakulta\\\/#\\\/schema\\\/logo\\\/image\\\/\",\"url\":\"https:\\\/\\\/www.upjs.sk\\\/app\\\/uploads\\\/sites\\\/10\\\/2022\\\/09\\\/logo-prirodovedecka-fakulta.png\",\"contentUrl\":\"https:\\\/\\\/www.upjs.sk\\\/app\\\/uploads\\\/sites\\\/10\\\/2022\\\/09\\\/logo-prirodovedecka-fakulta.png\",\"width\":415,\"height\":87,\"caption\":\"Pr\u00edrodovedeck\u00e1 fakulta | UPJ\u0160\"},\"image\":{\"@id\":\"https:\\\/\\\/www.upjs.sk\\\/prirodovedecka-fakulta\\\/#\\\/schema\\\/logo\\\/image\\\/\"}}]}<\/script>\n<!-- \/ Yoast SEO plugin. -->","yoast_head_json":{"title":"Aktuality - Pr\u00edrodovedeck\u00e1 fakulta | UPJ\u0160","robots":{"index":"index","follow":"follow","max-snippet":"max-snippet:-1","max-image-preview":"max-image-preview:large","max-video-preview":"max-video-preview:-1"},"canonical":"https:\/\/www.upjs.sk\/prirodovedecka-fakulta\/sr\/aktuality\/","og_locale":"sk_SK","og_type":"article","og_title":"Aktuality - Pr\u00edrodovedeck\u00e1 fakulta | UPJ\u0160","og_description":"\u00a0 \u0160R PF UPJ\u0160 &#8211; N\u00c1BOR NOV\u00ddCH \u010cLENOV\u00a0 \u00a0\u00a0 H\u013ead\u00e1me nov\u00fdch \u010dlenov do n\u00e1\u0161ho t\u00edmu, aby sme mohli spolo\u010dne rozbehn\u00fa\u0165 akcie, ktor\u00e9 n\u00e1s, pr\u00edrodovedcov, e\u0161te viac spoja a zbl\u00ed\u017eia. \u010co v\u0161etko mus\u00edte sp\u013a\u0148a\u0165? Jedinou podmienkou je chu\u0165 nie\u010do robi\u0165! Okrem toho, \u017ee budete ma\u0165 mo\u017enos\u0165 realizova\u0165 sa v oblastiach, ktor\u00e9 v\u00e1s zauj\u00edmaj\u00fa, spozn\u00e1te aj nov\u00fdch &hellip; \u010c\u00edta\u0165 \u010falej","og_url":"https:\/\/www.upjs.sk\/prirodovedecka-fakulta\/sr\/aktuality\/","og_site_name":"Pr\u00edrodovedeck\u00e1 fakulta | UPJ\u0160","article_modified_time":"2022-11-13T20:47:30+00:00","og_image":[{"width":1920,"height":890,"url":"https:\/\/www.upjs.sk\/app\/uploads\/sites\/10\/2022\/09\/KEDY_-1.-10.-2019-o-19_30.png","type":"image\/png"}],"twitter_card":"summary_large_image","twitter_misc":{"Predpokladan\u00fd \u010das \u010d\u00edtania":"1 min\u00fata"},"schema":{"@context":"https:\/\/schema.org","@graph":[{"@type":"WebPage","@id":"https:\/\/www.upjs.sk\/prirodovedecka-fakulta\/sr\/aktuality\/","url":"https:\/\/www.upjs.sk\/prirodovedecka-fakulta\/sr\/aktuality\/","name":"Aktuality - Pr\u00edrodovedeck\u00e1 fakulta | UPJ\u0160","isPartOf":{"@id":"https:\/\/www.upjs.sk\/prirodovedecka-fakulta\/#website"},"primaryImageOfPage":{"@id":"https:\/\/www.upjs.sk\/prirodovedecka-fakulta\/sr\/aktuality\/#primaryimage"},"image":{"@id":"https:\/\/www.upjs.sk\/prirodovedecka-fakulta\/sr\/aktuality\/#primaryimage"},"thumbnailUrl":"https:\/\/www.upjs.sk\/app\/uploads\/sites\/10\/2022\/09\/KEDY_-1.-10.-2019-o-19_30.png","datePublished":"2021-10-02T20:13:49+00:00","dateModified":"2022-11-13T20:47:30+00:00","breadcrumb":{"@id":"https:\/\/www.upjs.sk\/prirodovedecka-fakulta\/sr\/aktuality\/#breadcrumb"},"inLanguage":"sk-SK","potentialAction":[{"@type":"ReadAction","target":["https:\/\/www.upjs.sk\/prirodovedecka-fakulta\/sr\/aktuality\/"]}]},{"@type":"ImageObject","inLanguage":"sk-SK","@id":"https:\/\/www.upjs.sk\/prirodovedecka-fakulta\/sr\/aktuality\/#primaryimage","url":"https:\/\/www.upjs.sk\/app\/uploads\/sites\/10\/2022\/09\/KEDY_-1.-10.-2019-o-19_30.png","contentUrl":"https:\/\/www.upjs.sk\/app\/uploads\/sites\/10\/2022\/09\/KEDY_-1.-10.-2019-o-19_30.png","width":1920,"height":890,"caption":"aktuality"},{"@type":"BreadcrumbList","@id":"https:\/\/www.upjs.sk\/prirodovedecka-fakulta\/sr\/aktuality\/#breadcrumb","itemListElement":[{"@type":"ListItem","position":1,"name":"Home","item":"https:\/\/www.upjs.sk\/prirodovedecka-fakulta\/"},{"@type":"ListItem","position":2,"name":"\u0160tudentsk\u00e1 rada PF UPJ\u0160","item":"https:\/\/www.upjs.sk\/prirodovedecka-fakulta\/sr\/"},{"@type":"ListItem","position":3,"name":"Aktuality"}]},{"@type":"WebSite","@id":"https:\/\/www.upjs.sk\/prirodovedecka-fakulta\/#website","url":"https:\/\/www.upjs.sk\/prirodovedecka-fakulta\/","name":"Pr\u00edrodovedeck\u00e1 fakulta | UPJ\u0160","description":"","publisher":{"@id":"https:\/\/www.upjs.sk\/prirodovedecka-fakulta\/#organization"},"potentialAction":[{"@type":"SearchAction","target":{"@type":"EntryPoint","urlTemplate":"https:\/\/www.upjs.sk\/prirodovedecka-fakulta\/?s={search_term_string}"},"query-input":{"@type":"PropertyValueSpecification","valueRequired":true,"valueName":"search_term_string"}}],"inLanguage":"sk-SK"},{"@type":"Organization","@id":"https:\/\/www.upjs.sk\/prirodovedecka-fakulta\/#organization","name":"Pr\u00edrodovedeck\u00e1 fakulta | UPJ\u0160","url":"https:\/\/www.upjs.sk\/prirodovedecka-fakulta\/","logo":{"@type":"ImageObject","inLanguage":"sk-SK","@id":"https:\/\/www.upjs.sk\/prirodovedecka-fakulta\/#\/schema\/logo\/image\/","url":"https:\/\/www.upjs.sk\/app\/uploads\/sites\/10\/2022\/09\/logo-prirodovedecka-fakulta.png","contentUrl":"https:\/\/www.upjs.sk\/app\/uploads\/sites\/10\/2022\/09\/logo-prirodovedecka-fakulta.png","width":415,"height":87,"caption":"Pr\u00edrodovedeck\u00e1 fakulta | UPJ\u0160"},"image":{"@id":"https:\/\/www.upjs.sk\/prirodovedecka-fakulta\/#\/schema\/logo\/image\/"}}]}},"_links":{"self":[{"href":"https:\/\/www.upjs.sk\/prirodovedecka-fakulta\/wp-json\/wp\/v2\/pages\/13110","targetHints":{"allow":["GET"]}}],"collection":[{"href":"https:\/\/www.upjs.sk\/prirodovedecka-fakulta\/wp-json\/wp\/v2\/pages"}],"about":[{"href":"https:\/\/www.upjs.sk\/prirodovedecka-fakulta\/wp-json\/wp\/v2\/types\/page"}],"author":[{"embeddable":true,"href":"https:\/\/www.upjs.sk\/prirodovedecka-fakulta\/wp-json\/wp\/v2\/users\/1"}],"replies":[{"embeddable":true,"href":"https:\/\/www.upjs.sk\/prirodovedecka-fakulta\/wp-json\/wp\/v2\/comments?post=13110"}],"version-history":[{"count":2,"href":"https:\/\/www.upjs.sk\/prirodovedecka-fakulta\/wp-json\/wp\/v2\/pages\/13110\/revisions"}],"predecessor-version":[{"id":46335,"href":"https:\/\/www.upjs.sk\/prirodovedecka-fakulta\/wp-json\/wp\/v2\/pages\/13110\/revisions\/46335"}],"up":[{"embeddable":true,"href":"https:\/\/www.upjs.sk\/prirodovedecka-fakulta\/wp-json\/wp\/v2\/pages\/13107"}],"wp:featuredmedia":[{"embeddable":true,"href":"https:\/\/www.upjs.sk\/prirodovedecka-fakulta\/wp-json\/wp\/v2\/media\/13111"}],"wp:attachment":[{"href":"https:\/\/www.upjs.sk\/prirodovedecka-fakulta\/wp-json\/wp\/v2\/media?parent=13110"}],"wp:term":[{"taxonomy":"category","embeddable":true,"href":"https:\/\/www.upjs.sk\/prirodovedecka-fakulta\/wp-json\/wp\/v2\/categories?post=13110"},{"taxonomy":"post_tag","embeddable":true,"href":"https:\/\/www.upjs.sk\/prirodovedecka-fakulta\/wp-json\/wp\/v2\/tags?post=13110"}],"curies":[{"name":"wp","href":"https:\/\/api.w.org\/{rel}","templated":true}]}}