{"id":13561,"date":"2016-03-01T14:00:13","date_gmt":"2016-03-01T14:00:13","guid":{"rendered":"https:\/\/www.upjs.sk\/prirodovedecka-fakulta\/root\/verejnost-a-media\/verejnost-a-media\/"},"modified":"2022-11-13T21:47:46","modified_gmt":"2022-11-13T20:47:46","slug":"verejnost-a-media","status":"publish","type":"page","link":"https:\/\/www.upjs.sk\/prirodovedecka-fakulta\/nezobrazene\/verejnost-a-media\/verejnost-a-media\/","title":{"rendered":"Verejnos\u0165 a m\u00e9dia"},"content":{"rendered":"<ul>\n<li><a href=\"http:\/\/ccv.science.upjs.sk\/\" target=\"_blank\" rel=\"noopener\">Vzdel\u00e1vacie aktivity<\/a><\/li>\n<li><a href=\"http:\/\/ccv.science.upjs.sk\/ecdl.php\" target=\"_blank\" rel=\"noopener\">Certifik\u00e1t ECDL<\/a><\/li>\n<li><a href=\"\/prirodovedecka-fakulta\/informacie-pre-zamestnancov\/vyberove-konania\/\">V\u00fdberov\u00e9 konania<\/a><\/li>\n<li>Verejn\u00e9 obstar\u00e1vanie<\/li>\n<li><a href=\"\/prirodovedecka-fakulta\/informacie-pre-ostatnych-zaujemcov\/verejnost-a-media\/o-fakulte\/ \">O fakulte<\/a><\/li>\n<li>O \u0161t\u00fadiu\n<ul>\n<li><a href=\"\/prirodovedecka-fakulta\/informacie-pre-ostatnych-zaujemcov\/verejnost-a-media\/obrazova-prezentacia-studia\/\">Obrazov\u00e1 prezent\u00e1cia\u00a0\u0161t\u00fadia<\/a><\/li>\n<li><a href=\"\/prirodovedecka-fakulta\/informacie-pre-ostatnych-zaujemcov\/verejnost-a-media\/druhy-a-formy-studia\/\">Druhy a formy \u0161t\u00fadia\u00a0\u00a0<\/a><\/li>\n<li>Zoznamy \u0161tudentov<\/li>\n<\/ul>\n<\/li>\n<li>Kluby\n<ul>\n<li><a href=\"\/prirodovedecka-fakulta\/informacie-pre-ostatnych-zaujemcov\/verejnost-a-media\/klub-absolventov\/\">Klub absolventov<\/a><\/li>\n<li><a href=\"\/prirodovedecka-fakulta\/informacie-pre-ostatnych-zaujemcov\/verejnost-a-media\/kluby-ucitelov\/\">Kluby u\u010dite\u013eov<\/a><\/li>\n<\/ul>\n<\/li>\n<li><a href=\"http:\/\/vecit.science.upjs.sk\/\" target=\"_blank\" rel=\"noopener\">V\u00fdskumno-eduka\u010dn\u00e9 centrum informa\u010dn\u00fdch technol\u00f3gi\u00ed<\/a><\/li>\n<li>Podpora talentov\n<ul>\n<li><a href=\"http:\/\/umv.science.upjs.sk\/kmm\/\" target=\"_blank\" rel=\"noopener\">Klub mlad\u00fdch matematikov<\/a><\/li>\n<li><a href=\"http:\/\/www.strom.sk\/\" target=\"_blank\" rel=\"noopener\">STROM<\/a><\/li>\n<li><a href=\"http:\/\/palma.strom.sk\/\" target=\"_blank\" rel=\"noopener\">PALMA<\/a><\/li>\n<li><a href=\"http:\/\/di.ics.upjs.sk\/palmaj\" target=\"_blank\" rel=\"noopener\">PALMA junior <\/a><\/li>\n<li><a href=\"http:\/\/web.ics.upjs.sk\/psinf\/\" target=\"_blank\" rel=\"noopener\">Popoludnia s informatikou\u00a0<\/a><\/li>\n<li><a href=\"http:\/\/oi.sk\/\" target=\"_blank\" rel=\"noopener\">Olympiada v informatike <\/a><\/li>\n<li><a href=\"http:\/\/web.ics.upjs.sk\/Events-SK\/ZENIT-SK\" target=\"_blank\" rel=\"noopener\">ZENIT v programovani <\/a><\/li>\n<\/ul>\n<\/li>\n<li><a href=\"http:\/\/www.science.upjs.sk\/files\/4b02170bdb063043ee454993b5824e9e.doc\" target=\"_blank\" rel=\"noopener\">Preh\u013ead o sponzorsk\u00fdch daroch<\/a><\/li>\n<li><a href=\"\/prirodovedecka-fakulta\/informacie-pre-ostatnych-zaujemcov\/verejnost-a-media\/darovaci-ucet\/\">Darovac\u00ed \u00fa\u010det <\/a><\/li>\n<li>In\u00e9 inform\u00e1cie<\/li>\n<\/ul>\n<p>\u00a0\u00a0\u00a0\u00a0\u00a0\u00a0\u00a0\u00a0\u00a0\u00a0\u00a0\u00a0\u00a0\u00a0\u00a0\u00a0\u00a0\u00a0\u00a0\u00a0\u00a0\u00a0\u00a0\u00a0\u00a0\u00a0\u00a0\u00a0\u00a0\u00a0\u00a0\u00a0\u00a0\u00a0\u00a0\u00a0<\/p>\n","protected":false},"excerpt":{"rendered":"<p>Vzdel\u00e1vacie aktivity Certifik\u00e1t ECDL V\u00fdberov\u00e9 konania Verejn\u00e9 obstar\u00e1vanie O fakulte O \u0161t\u00fadiu Obrazov\u00e1 prezent\u00e1cia\u00a0\u0161t\u00fadia Druhy a formy \u0161t\u00fadia\u00a0\u00a0 Zoznamy \u0161tudentov Kluby Klub absolventov Kluby u\u010dite\u013eov V\u00fdskumno-eduka\u010dn\u00e9 centrum informa\u010dn\u00fdch technol\u00f3gi\u00ed Podpora talentov Klub mlad\u00fdch matematikov STROM PALMA PALMA junior Popoludnia s informatikou\u00a0 Olympiada v informatike ZENIT v programovani Preh\u013ead o sponzorsk\u00fdch daroch Darovac\u00ed \u00fa\u010det In\u00e9 inform\u00e1cie &hellip; <a href=\"https:\/\/www.upjs.sk\/prirodovedecka-fakulta\/nezobrazene\/verejnost-a-media\/verejnost-a-media\/\">\u010c\u00edta\u0165 \u010falej<\/a><\/p>\n","protected":false},"author":1,"featured_media":0,"parent":13559,"menu_order":4,"comment_status":"closed","ping_status":"closed","template":"","meta":{"_acf_changed":false,"_editorskit_title_hidden":false,"_editorskit_reading_time":0,"_editorskit_is_block_options_detached":false,"_editorskit_block_options_position":"{}","footnotes":""},"categories":[],"tags":[],"class_list":["post-13561","page","type-page","status-publish","hentry"],"acf":{"acf_link_na_externy_obsah":""},"yoast_head":"<!-- This site is optimized with the Yoast SEO plugin v27.2 - https:\/\/yoast.com\/product\/yoast-seo-wordpress\/ -->\n<title>Verejnos\u0165 a m\u00e9dia - Pr\u00edrodovedeck\u00e1 fakulta | UPJ\u0160<\/title>\n<meta name=\"robots\" content=\"index, follow, max-snippet:-1, max-image-preview:large, max-video-preview:-1\" \/>\n<link rel=\"canonical\" href=\"https:\/\/www.upjs.sk\/prirodovedecka-fakulta\/nezobrazene\/verejnost-a-media\/verejnost-a-media\/\" \/>\n<meta property=\"og:locale\" content=\"sk_SK\" \/>\n<meta property=\"og:type\" content=\"article\" \/>\n<meta property=\"og:title\" content=\"Verejnos\u0165 a m\u00e9dia - Pr\u00edrodovedeck\u00e1 fakulta | UPJ\u0160\" \/>\n<meta property=\"og:description\" content=\"Vzdel\u00e1vacie aktivity Certifik\u00e1t ECDL V\u00fdberov\u00e9 konania Verejn\u00e9 obstar\u00e1vanie O fakulte O \u0161t\u00fadiu Obrazov\u00e1 prezent\u00e1cia\u00a0\u0161t\u00fadia Druhy a formy \u0161t\u00fadia\u00a0\u00a0 Zoznamy \u0161tudentov Kluby Klub absolventov Kluby u\u010dite\u013eov V\u00fdskumno-eduka\u010dn\u00e9 centrum informa\u010dn\u00fdch technol\u00f3gi\u00ed Podpora talentov Klub mlad\u00fdch matematikov STROM PALMA PALMA junior Popoludnia s informatikou\u00a0 Olympiada v informatike ZENIT v programovani Preh\u013ead o sponzorsk\u00fdch daroch Darovac\u00ed \u00fa\u010det In\u00e9 inform\u00e1cie &hellip; \u010c\u00edta\u0165 \u010falej\" \/>\n<meta property=\"og:url\" content=\"https:\/\/www.upjs.sk\/prirodovedecka-fakulta\/nezobrazene\/verejnost-a-media\/verejnost-a-media\/\" \/>\n<meta property=\"og:site_name\" content=\"Pr\u00edrodovedeck\u00e1 fakulta | UPJ\u0160\" \/>\n<meta property=\"article:modified_time\" content=\"2022-11-13T20:47:46+00:00\" \/>\n<meta name=\"twitter:card\" content=\"summary_large_image\" \/>\n<script type=\"application\/ld+json\" class=\"yoast-schema-graph\">{\"@context\":\"https:\/\/schema.org\",\"@graph\":[{\"@type\":\"WebPage\",\"@id\":\"https:\/\/www.upjs.sk\/prirodovedecka-fakulta\/nezobrazene\/verejnost-a-media\/verejnost-a-media\/\",\"url\":\"https:\/\/www.upjs.sk\/prirodovedecka-fakulta\/nezobrazene\/verejnost-a-media\/verejnost-a-media\/\",\"name\":\"Verejnos\u0165 a m\u00e9dia - Pr\u00edrodovedeck\u00e1 fakulta | UPJ\u0160\",\"isPartOf\":{\"@id\":\"https:\/\/www.upjs.sk\/prirodovedecka-fakulta\/#website\"},\"datePublished\":\"2016-03-01T14:00:13+00:00\",\"dateModified\":\"2022-11-13T20:47:46+00:00\",\"breadcrumb\":{\"@id\":\"https:\/\/www.upjs.sk\/prirodovedecka-fakulta\/nezobrazene\/verejnost-a-media\/verejnost-a-media\/#breadcrumb\"},\"inLanguage\":\"sk-SK\",\"potentialAction\":[{\"@type\":\"ReadAction\",\"target\":[\"https:\/\/www.upjs.sk\/prirodovedecka-fakulta\/nezobrazene\/verejnost-a-media\/verejnost-a-media\/\"]}]},{\"@type\":\"BreadcrumbList\",\"@id\":\"https:\/\/www.upjs.sk\/prirodovedecka-fakulta\/nezobrazene\/verejnost-a-media\/verejnost-a-media\/#breadcrumb\",\"itemListElement\":[{\"@type\":\"ListItem\",\"position\":1,\"name\":\"Home\",\"item\":\"https:\/\/www.upjs.sk\/prirodovedecka-fakulta\/\"},{\"@type\":\"ListItem\",\"position\":2,\"name\":\"Verejnos\u0165 a m\u00e9di\u00e1\",\"item\":\"https:\/\/www.upjs.sk\/prirodovedecka-fakulta\/?page_id=13559\"},{\"@type\":\"ListItem\",\"position\":3,\"name\":\"Verejnos\u0165 a m\u00e9dia\"}]},{\"@type\":\"WebSite\",\"@id\":\"https:\/\/www.upjs.sk\/prirodovedecka-fakulta\/#website\",\"url\":\"https:\/\/www.upjs.sk\/prirodovedecka-fakulta\/\",\"name\":\"Pr\u00edrodovedeck\u00e1 fakulta | UPJ\u0160\",\"description\":\"\",\"publisher\":{\"@id\":\"https:\/\/www.upjs.sk\/prirodovedecka-fakulta\/#organization\"},\"potentialAction\":[{\"@type\":\"SearchAction\",\"target\":{\"@type\":\"EntryPoint\",\"urlTemplate\":\"https:\/\/www.upjs.sk\/prirodovedecka-fakulta\/?s={search_term_string}\"},\"query-input\":{\"@type\":\"PropertyValueSpecification\",\"valueRequired\":true,\"valueName\":\"search_term_string\"}}],\"inLanguage\":\"sk-SK\"},{\"@type\":\"Organization\",\"@id\":\"https:\/\/www.upjs.sk\/prirodovedecka-fakulta\/#organization\",\"name\":\"Pr\u00edrodovedeck\u00e1 fakulta | UPJ\u0160\",\"url\":\"https:\/\/www.upjs.sk\/prirodovedecka-fakulta\/\",\"logo\":{\"@type\":\"ImageObject\",\"inLanguage\":\"sk-SK\",\"@id\":\"https:\/\/www.upjs.sk\/prirodovedecka-fakulta\/#\/schema\/logo\/image\/\",\"url\":\"https:\/\/www.upjs.sk\/app\/uploads\/sites\/10\/2022\/09\/logo-prirodovedecka-fakulta.png\",\"contentUrl\":\"https:\/\/www.upjs.sk\/app\/uploads\/sites\/10\/2022\/09\/logo-prirodovedecka-fakulta.png\",\"width\":415,\"height\":87,\"caption\":\"Pr\u00edrodovedeck\u00e1 fakulta | UPJ\u0160\"},\"image\":{\"@id\":\"https:\/\/www.upjs.sk\/prirodovedecka-fakulta\/#\/schema\/logo\/image\/\"}}]}<\/script>\n<!-- \/ Yoast SEO plugin. -->","yoast_head_json":{"title":"Verejnos\u0165 a m\u00e9dia - Pr\u00edrodovedeck\u00e1 fakulta | UPJ\u0160","robots":{"index":"index","follow":"follow","max-snippet":"max-snippet:-1","max-image-preview":"max-image-preview:large","max-video-preview":"max-video-preview:-1"},"canonical":"https:\/\/www.upjs.sk\/prirodovedecka-fakulta\/nezobrazene\/verejnost-a-media\/verejnost-a-media\/","og_locale":"sk_SK","og_type":"article","og_title":"Verejnos\u0165 a m\u00e9dia - Pr\u00edrodovedeck\u00e1 fakulta | UPJ\u0160","og_description":"Vzdel\u00e1vacie aktivity Certifik\u00e1t ECDL V\u00fdberov\u00e9 konania Verejn\u00e9 obstar\u00e1vanie O fakulte O \u0161t\u00fadiu Obrazov\u00e1 prezent\u00e1cia\u00a0\u0161t\u00fadia Druhy a formy \u0161t\u00fadia\u00a0\u00a0 Zoznamy \u0161tudentov Kluby Klub absolventov Kluby u\u010dite\u013eov V\u00fdskumno-eduka\u010dn\u00e9 centrum informa\u010dn\u00fdch technol\u00f3gi\u00ed Podpora talentov Klub mlad\u00fdch matematikov STROM PALMA PALMA junior Popoludnia s informatikou\u00a0 Olympiada v informatike ZENIT v programovani Preh\u013ead o sponzorsk\u00fdch daroch Darovac\u00ed \u00fa\u010det In\u00e9 inform\u00e1cie &hellip; \u010c\u00edta\u0165 \u010falej","og_url":"https:\/\/www.upjs.sk\/prirodovedecka-fakulta\/nezobrazene\/verejnost-a-media\/verejnost-a-media\/","og_site_name":"Pr\u00edrodovedeck\u00e1 fakulta | UPJ\u0160","article_modified_time":"2022-11-13T20:47:46+00:00","twitter_card":"summary_large_image","schema":{"@context":"https:\/\/schema.org","@graph":[{"@type":"WebPage","@id":"https:\/\/www.upjs.sk\/prirodovedecka-fakulta\/nezobrazene\/verejnost-a-media\/verejnost-a-media\/","url":"https:\/\/www.upjs.sk\/prirodovedecka-fakulta\/nezobrazene\/verejnost-a-media\/verejnost-a-media\/","name":"Verejnos\u0165 a m\u00e9dia - Pr\u00edrodovedeck\u00e1 fakulta | UPJ\u0160","isPartOf":{"@id":"https:\/\/www.upjs.sk\/prirodovedecka-fakulta\/#website"},"datePublished":"2016-03-01T14:00:13+00:00","dateModified":"2022-11-13T20:47:46+00:00","breadcrumb":{"@id":"https:\/\/www.upjs.sk\/prirodovedecka-fakulta\/nezobrazene\/verejnost-a-media\/verejnost-a-media\/#breadcrumb"},"inLanguage":"sk-SK","potentialAction":[{"@type":"ReadAction","target":["https:\/\/www.upjs.sk\/prirodovedecka-fakulta\/nezobrazene\/verejnost-a-media\/verejnost-a-media\/"]}]},{"@type":"BreadcrumbList","@id":"https:\/\/www.upjs.sk\/prirodovedecka-fakulta\/nezobrazene\/verejnost-a-media\/verejnost-a-media\/#breadcrumb","itemListElement":[{"@type":"ListItem","position":1,"name":"Home","item":"https:\/\/www.upjs.sk\/prirodovedecka-fakulta\/"},{"@type":"ListItem","position":2,"name":"Verejnos\u0165 a m\u00e9di\u00e1","item":"https:\/\/www.upjs.sk\/prirodovedecka-fakulta\/?page_id=13559"},{"@type":"ListItem","position":3,"name":"Verejnos\u0165 a m\u00e9dia"}]},{"@type":"WebSite","@id":"https:\/\/www.upjs.sk\/prirodovedecka-fakulta\/#website","url":"https:\/\/www.upjs.sk\/prirodovedecka-fakulta\/","name":"Pr\u00edrodovedeck\u00e1 fakulta | UPJ\u0160","description":"","publisher":{"@id":"https:\/\/www.upjs.sk\/prirodovedecka-fakulta\/#organization"},"potentialAction":[{"@type":"SearchAction","target":{"@type":"EntryPoint","urlTemplate":"https:\/\/www.upjs.sk\/prirodovedecka-fakulta\/?s={search_term_string}"},"query-input":{"@type":"PropertyValueSpecification","valueRequired":true,"valueName":"search_term_string"}}],"inLanguage":"sk-SK"},{"@type":"Organization","@id":"https:\/\/www.upjs.sk\/prirodovedecka-fakulta\/#organization","name":"Pr\u00edrodovedeck\u00e1 fakulta | UPJ\u0160","url":"https:\/\/www.upjs.sk\/prirodovedecka-fakulta\/","logo":{"@type":"ImageObject","inLanguage":"sk-SK","@id":"https:\/\/www.upjs.sk\/prirodovedecka-fakulta\/#\/schema\/logo\/image\/","url":"https:\/\/www.upjs.sk\/app\/uploads\/sites\/10\/2022\/09\/logo-prirodovedecka-fakulta.png","contentUrl":"https:\/\/www.upjs.sk\/app\/uploads\/sites\/10\/2022\/09\/logo-prirodovedecka-fakulta.png","width":415,"height":87,"caption":"Pr\u00edrodovedeck\u00e1 fakulta | UPJ\u0160"},"image":{"@id":"https:\/\/www.upjs.sk\/prirodovedecka-fakulta\/#\/schema\/logo\/image\/"}}]}},"_links":{"self":[{"href":"https:\/\/www.upjs.sk\/prirodovedecka-fakulta\/wp-json\/wp\/v2\/pages\/13561","targetHints":{"allow":["GET"]}}],"collection":[{"href":"https:\/\/www.upjs.sk\/prirodovedecka-fakulta\/wp-json\/wp\/v2\/pages"}],"about":[{"href":"https:\/\/www.upjs.sk\/prirodovedecka-fakulta\/wp-json\/wp\/v2\/types\/page"}],"author":[{"embeddable":true,"href":"https:\/\/www.upjs.sk\/prirodovedecka-fakulta\/wp-json\/wp\/v2\/users\/1"}],"replies":[{"embeddable":true,"href":"https:\/\/www.upjs.sk\/prirodovedecka-fakulta\/wp-json\/wp\/v2\/comments?post=13561"}],"version-history":[{"count":2,"href":"https:\/\/www.upjs.sk\/prirodovedecka-fakulta\/wp-json\/wp\/v2\/pages\/13561\/revisions"}],"predecessor-version":[{"id":46363,"href":"https:\/\/www.upjs.sk\/prirodovedecka-fakulta\/wp-json\/wp\/v2\/pages\/13561\/revisions\/46363"}],"up":[{"embeddable":true,"href":"https:\/\/www.upjs.sk\/prirodovedecka-fakulta\/wp-json\/wp\/v2\/pages\/13559"}],"wp:attachment":[{"href":"https:\/\/www.upjs.sk\/prirodovedecka-fakulta\/wp-json\/wp\/v2\/media?parent=13561"}],"wp:term":[{"taxonomy":"category","embeddable":true,"href":"https:\/\/www.upjs.sk\/prirodovedecka-fakulta\/wp-json\/wp\/v2\/categories?post=13561"},{"taxonomy":"post_tag","embeddable":true,"href":"https:\/\/www.upjs.sk\/prirodovedecka-fakulta\/wp-json\/wp\/v2\/tags?post=13561"}],"curies":[{"name":"wp","href":"https:\/\/api.w.org\/{rel}","templated":true}]}}