{"id":13564,"date":"2011-05-12T08:04:05","date_gmt":"2011-05-12T08:04:05","guid":{"rendered":"https:\/\/www.upjs.sk\/prirodovedecka-fakulta\/root\/verejnost-a-media\/zaujemcov-z-praxe-o-spolupracu\/"},"modified":"2022-11-13T21:47:50","modified_gmt":"2022-11-13T20:47:50","slug":"zaujemcov-z-praxe-o-spolupracu","status":"publish","type":"page","link":"https:\/\/www.upjs.sk\/prirodovedecka-fakulta\/nezobrazene\/verejnost-a-media\/zaujemcov-z-praxe-o-spolupracu\/","title":{"rendered":"Z\u00e1ujemcov z praxe o spolupr\u00e1cu"},"content":{"rendered":"<p><!-- Text --> <\/p>\n<ul>\n<li><a target=\"_blank\" href=\"http:\/\/www.science.upjs.sk\/files\/a465b050e08434db1c195428d8ee8c18.doc\" rel=\"noopener\">Spolupr\u00e1ca s praxou<\/a><\/li>\n<li><a target=\"_blank\" href=\"http:\/\/www.science.upjs.sk\/files\/d20dcadaf30d90e1600c412ab4dbc756.doc\" rel=\"noopener\">Zmluvn\u00ed partneri a zmluvy o spolupr\u00e1ci<\/a><\/li>\n<li>Charakteristika v\u00fdskumu na fakulte &#8211;<a target=\"_blank\" href=\"http:\/\/www.science.upjs.sk\/files\/e4a126214c6185c99f03bde5c5852cca.doc\" rel=\"noopener\"> Annual Report 2007<\/a><\/li>\n<li>Profily absolventov\n<ul>\n<li><a href=\"\/prirodovedecka-fakulta\/informacie-pre-zaujemcov-o-studium\/studium\/charakteristika-studijnych-odborov-profily-absolventov\/\"><font color=\"#00934b\">Jednoodborov\u00e9 \u0161t\u00fadium<\/font><\/a><\/li>\n<li><a href=\"\/prirodovedecka-fakulta\/informacie-pre-zaujemcov-o-studium\/studium\/ucitelstvo\/\"><font color=\"#00934b\">U\u010dite\u013estvo akademick\u00fdch predmetov a medziodborov\u00e9 \u0161t\u00fadium<\/font><\/a><\/li>\n<\/ul>\n<\/li>\n<\/ul>\n","protected":false},"excerpt":{"rendered":"<p>Spolupr\u00e1ca s praxou Zmluvn\u00ed partneri a zmluvy o spolupr\u00e1ci Charakteristika v\u00fdskumu na fakulte &#8211; Annual Report 2007 Profily absolventov Jednoodborov\u00e9 \u0161t\u00fadium U\u010dite\u013estvo akademick\u00fdch predmetov a medziodborov\u00e9 \u0161t\u00fadium<\/p>\n","protected":false},"author":1,"featured_media":0,"parent":13559,"menu_order":6,"comment_status":"closed","ping_status":"closed","template":"","meta":{"_acf_changed":false,"_editorskit_title_hidden":false,"_editorskit_reading_time":0,"_editorskit_is_block_options_detached":false,"_editorskit_block_options_position":"{}","footnotes":""},"categories":[],"tags":[],"class_list":["post-13564","page","type-page","status-publish","hentry"],"acf":{"acf_link_na_externy_obsah":""},"yoast_head":"<!-- This site is optimized with the Yoast SEO plugin v27.2 - https:\/\/yoast.com\/product\/yoast-seo-wordpress\/ -->\n<title>Z\u00e1ujemcov z praxe o spolupr\u00e1cu - Pr\u00edrodovedeck\u00e1 fakulta | UPJ\u0160<\/title>\n<meta name=\"robots\" content=\"index, follow, max-snippet:-1, max-image-preview:large, max-video-preview:-1\" \/>\n<link rel=\"canonical\" href=\"https:\/\/www.upjs.sk\/prirodovedecka-fakulta\/nezobrazene\/verejnost-a-media\/zaujemcov-z-praxe-o-spolupracu\/\" \/>\n<meta property=\"og:locale\" content=\"sk_SK\" \/>\n<meta property=\"og:type\" content=\"article\" \/>\n<meta property=\"og:title\" content=\"Z\u00e1ujemcov z praxe o spolupr\u00e1cu - Pr\u00edrodovedeck\u00e1 fakulta | UPJ\u0160\" \/>\n<meta property=\"og:description\" content=\"Spolupr\u00e1ca s praxou Zmluvn\u00ed partneri a zmluvy o spolupr\u00e1ci Charakteristika v\u00fdskumu na fakulte &#8211; Annual Report 2007 Profily absolventov Jednoodborov\u00e9 \u0161t\u00fadium U\u010dite\u013estvo akademick\u00fdch predmetov a medziodborov\u00e9 \u0161t\u00fadium\" \/>\n<meta property=\"og:url\" content=\"https:\/\/www.upjs.sk\/prirodovedecka-fakulta\/nezobrazene\/verejnost-a-media\/zaujemcov-z-praxe-o-spolupracu\/\" \/>\n<meta property=\"og:site_name\" content=\"Pr\u00edrodovedeck\u00e1 fakulta | UPJ\u0160\" \/>\n<meta property=\"article:modified_time\" content=\"2022-11-13T20:47:50+00:00\" \/>\n<meta name=\"twitter:card\" content=\"summary_large_image\" \/>\n<script type=\"application\/ld+json\" class=\"yoast-schema-graph\">{\"@context\":\"https:\/\/schema.org\",\"@graph\":[{\"@type\":\"WebPage\",\"@id\":\"https:\/\/www.upjs.sk\/prirodovedecka-fakulta\/nezobrazene\/verejnost-a-media\/zaujemcov-z-praxe-o-spolupracu\/\",\"url\":\"https:\/\/www.upjs.sk\/prirodovedecka-fakulta\/nezobrazene\/verejnost-a-media\/zaujemcov-z-praxe-o-spolupracu\/\",\"name\":\"Z\u00e1ujemcov z praxe o spolupr\u00e1cu - Pr\u00edrodovedeck\u00e1 fakulta | UPJ\u0160\",\"isPartOf\":{\"@id\":\"https:\/\/www.upjs.sk\/prirodovedecka-fakulta\/#website\"},\"datePublished\":\"2011-05-12T08:04:05+00:00\",\"dateModified\":\"2022-11-13T20:47:50+00:00\",\"breadcrumb\":{\"@id\":\"https:\/\/www.upjs.sk\/prirodovedecka-fakulta\/nezobrazene\/verejnost-a-media\/zaujemcov-z-praxe-o-spolupracu\/#breadcrumb\"},\"inLanguage\":\"sk-SK\",\"potentialAction\":[{\"@type\":\"ReadAction\",\"target\":[\"https:\/\/www.upjs.sk\/prirodovedecka-fakulta\/nezobrazene\/verejnost-a-media\/zaujemcov-z-praxe-o-spolupracu\/\"]}]},{\"@type\":\"BreadcrumbList\",\"@id\":\"https:\/\/www.upjs.sk\/prirodovedecka-fakulta\/nezobrazene\/verejnost-a-media\/zaujemcov-z-praxe-o-spolupracu\/#breadcrumb\",\"itemListElement\":[{\"@type\":\"ListItem\",\"position\":1,\"name\":\"Home\",\"item\":\"https:\/\/www.upjs.sk\/prirodovedecka-fakulta\/\"},{\"@type\":\"ListItem\",\"position\":2,\"name\":\"Verejnos\u0165 a m\u00e9di\u00e1\",\"item\":\"https:\/\/www.upjs.sk\/prirodovedecka-fakulta\/?page_id=13559\"},{\"@type\":\"ListItem\",\"position\":3,\"name\":\"Z\u00e1ujemcov z praxe o spolupr\u00e1cu\"}]},{\"@type\":\"WebSite\",\"@id\":\"https:\/\/www.upjs.sk\/prirodovedecka-fakulta\/#website\",\"url\":\"https:\/\/www.upjs.sk\/prirodovedecka-fakulta\/\",\"name\":\"Pr\u00edrodovedeck\u00e1 fakulta | UPJ\u0160\",\"description\":\"\",\"publisher\":{\"@id\":\"https:\/\/www.upjs.sk\/prirodovedecka-fakulta\/#organization\"},\"potentialAction\":[{\"@type\":\"SearchAction\",\"target\":{\"@type\":\"EntryPoint\",\"urlTemplate\":\"https:\/\/www.upjs.sk\/prirodovedecka-fakulta\/?s={search_term_string}\"},\"query-input\":{\"@type\":\"PropertyValueSpecification\",\"valueRequired\":true,\"valueName\":\"search_term_string\"}}],\"inLanguage\":\"sk-SK\"},{\"@type\":\"Organization\",\"@id\":\"https:\/\/www.upjs.sk\/prirodovedecka-fakulta\/#organization\",\"name\":\"Pr\u00edrodovedeck\u00e1 fakulta | UPJ\u0160\",\"url\":\"https:\/\/www.upjs.sk\/prirodovedecka-fakulta\/\",\"logo\":{\"@type\":\"ImageObject\",\"inLanguage\":\"sk-SK\",\"@id\":\"https:\/\/www.upjs.sk\/prirodovedecka-fakulta\/#\/schema\/logo\/image\/\",\"url\":\"https:\/\/www.upjs.sk\/app\/uploads\/sites\/10\/2022\/09\/logo-prirodovedecka-fakulta.png\",\"contentUrl\":\"https:\/\/www.upjs.sk\/app\/uploads\/sites\/10\/2022\/09\/logo-prirodovedecka-fakulta.png\",\"width\":415,\"height\":87,\"caption\":\"Pr\u00edrodovedeck\u00e1 fakulta | UPJ\u0160\"},\"image\":{\"@id\":\"https:\/\/www.upjs.sk\/prirodovedecka-fakulta\/#\/schema\/logo\/image\/\"}}]}<\/script>\n<!-- \/ Yoast SEO plugin. -->","yoast_head_json":{"title":"Z\u00e1ujemcov z praxe o spolupr\u00e1cu - Pr\u00edrodovedeck\u00e1 fakulta | UPJ\u0160","robots":{"index":"index","follow":"follow","max-snippet":"max-snippet:-1","max-image-preview":"max-image-preview:large","max-video-preview":"max-video-preview:-1"},"canonical":"https:\/\/www.upjs.sk\/prirodovedecka-fakulta\/nezobrazene\/verejnost-a-media\/zaujemcov-z-praxe-o-spolupracu\/","og_locale":"sk_SK","og_type":"article","og_title":"Z\u00e1ujemcov z praxe o spolupr\u00e1cu - Pr\u00edrodovedeck\u00e1 fakulta | UPJ\u0160","og_description":"Spolupr\u00e1ca s praxou Zmluvn\u00ed partneri a zmluvy o spolupr\u00e1ci Charakteristika v\u00fdskumu na fakulte &#8211; Annual Report 2007 Profily absolventov Jednoodborov\u00e9 \u0161t\u00fadium U\u010dite\u013estvo akademick\u00fdch predmetov a medziodborov\u00e9 \u0161t\u00fadium","og_url":"https:\/\/www.upjs.sk\/prirodovedecka-fakulta\/nezobrazene\/verejnost-a-media\/zaujemcov-z-praxe-o-spolupracu\/","og_site_name":"Pr\u00edrodovedeck\u00e1 fakulta | UPJ\u0160","article_modified_time":"2022-11-13T20:47:50+00:00","twitter_card":"summary_large_image","schema":{"@context":"https:\/\/schema.org","@graph":[{"@type":"WebPage","@id":"https:\/\/www.upjs.sk\/prirodovedecka-fakulta\/nezobrazene\/verejnost-a-media\/zaujemcov-z-praxe-o-spolupracu\/","url":"https:\/\/www.upjs.sk\/prirodovedecka-fakulta\/nezobrazene\/verejnost-a-media\/zaujemcov-z-praxe-o-spolupracu\/","name":"Z\u00e1ujemcov z praxe o spolupr\u00e1cu - Pr\u00edrodovedeck\u00e1 fakulta | UPJ\u0160","isPartOf":{"@id":"https:\/\/www.upjs.sk\/prirodovedecka-fakulta\/#website"},"datePublished":"2011-05-12T08:04:05+00:00","dateModified":"2022-11-13T20:47:50+00:00","breadcrumb":{"@id":"https:\/\/www.upjs.sk\/prirodovedecka-fakulta\/nezobrazene\/verejnost-a-media\/zaujemcov-z-praxe-o-spolupracu\/#breadcrumb"},"inLanguage":"sk-SK","potentialAction":[{"@type":"ReadAction","target":["https:\/\/www.upjs.sk\/prirodovedecka-fakulta\/nezobrazene\/verejnost-a-media\/zaujemcov-z-praxe-o-spolupracu\/"]}]},{"@type":"BreadcrumbList","@id":"https:\/\/www.upjs.sk\/prirodovedecka-fakulta\/nezobrazene\/verejnost-a-media\/zaujemcov-z-praxe-o-spolupracu\/#breadcrumb","itemListElement":[{"@type":"ListItem","position":1,"name":"Home","item":"https:\/\/www.upjs.sk\/prirodovedecka-fakulta\/"},{"@type":"ListItem","position":2,"name":"Verejnos\u0165 a m\u00e9di\u00e1","item":"https:\/\/www.upjs.sk\/prirodovedecka-fakulta\/?page_id=13559"},{"@type":"ListItem","position":3,"name":"Z\u00e1ujemcov z praxe o spolupr\u00e1cu"}]},{"@type":"WebSite","@id":"https:\/\/www.upjs.sk\/prirodovedecka-fakulta\/#website","url":"https:\/\/www.upjs.sk\/prirodovedecka-fakulta\/","name":"Pr\u00edrodovedeck\u00e1 fakulta | UPJ\u0160","description":"","publisher":{"@id":"https:\/\/www.upjs.sk\/prirodovedecka-fakulta\/#organization"},"potentialAction":[{"@type":"SearchAction","target":{"@type":"EntryPoint","urlTemplate":"https:\/\/www.upjs.sk\/prirodovedecka-fakulta\/?s={search_term_string}"},"query-input":{"@type":"PropertyValueSpecification","valueRequired":true,"valueName":"search_term_string"}}],"inLanguage":"sk-SK"},{"@type":"Organization","@id":"https:\/\/www.upjs.sk\/prirodovedecka-fakulta\/#organization","name":"Pr\u00edrodovedeck\u00e1 fakulta | UPJ\u0160","url":"https:\/\/www.upjs.sk\/prirodovedecka-fakulta\/","logo":{"@type":"ImageObject","inLanguage":"sk-SK","@id":"https:\/\/www.upjs.sk\/prirodovedecka-fakulta\/#\/schema\/logo\/image\/","url":"https:\/\/www.upjs.sk\/app\/uploads\/sites\/10\/2022\/09\/logo-prirodovedecka-fakulta.png","contentUrl":"https:\/\/www.upjs.sk\/app\/uploads\/sites\/10\/2022\/09\/logo-prirodovedecka-fakulta.png","width":415,"height":87,"caption":"Pr\u00edrodovedeck\u00e1 fakulta | UPJ\u0160"},"image":{"@id":"https:\/\/www.upjs.sk\/prirodovedecka-fakulta\/#\/schema\/logo\/image\/"}}]}},"_links":{"self":[{"href":"https:\/\/www.upjs.sk\/prirodovedecka-fakulta\/wp-json\/wp\/v2\/pages\/13564","targetHints":{"allow":["GET"]}}],"collection":[{"href":"https:\/\/www.upjs.sk\/prirodovedecka-fakulta\/wp-json\/wp\/v2\/pages"}],"about":[{"href":"https:\/\/www.upjs.sk\/prirodovedecka-fakulta\/wp-json\/wp\/v2\/types\/page"}],"author":[{"embeddable":true,"href":"https:\/\/www.upjs.sk\/prirodovedecka-fakulta\/wp-json\/wp\/v2\/users\/1"}],"replies":[{"embeddable":true,"href":"https:\/\/www.upjs.sk\/prirodovedecka-fakulta\/wp-json\/wp\/v2\/comments?post=13564"}],"version-history":[{"count":2,"href":"https:\/\/www.upjs.sk\/prirodovedecka-fakulta\/wp-json\/wp\/v2\/pages\/13564\/revisions"}],"predecessor-version":[{"id":46365,"href":"https:\/\/www.upjs.sk\/prirodovedecka-fakulta\/wp-json\/wp\/v2\/pages\/13564\/revisions\/46365"}],"up":[{"embeddable":true,"href":"https:\/\/www.upjs.sk\/prirodovedecka-fakulta\/wp-json\/wp\/v2\/pages\/13559"}],"wp:attachment":[{"href":"https:\/\/www.upjs.sk\/prirodovedecka-fakulta\/wp-json\/wp\/v2\/media?parent=13564"}],"wp:term":[{"taxonomy":"category","embeddable":true,"href":"https:\/\/www.upjs.sk\/prirodovedecka-fakulta\/wp-json\/wp\/v2\/categories?post=13564"},{"taxonomy":"post_tag","embeddable":true,"href":"https:\/\/www.upjs.sk\/prirodovedecka-fakulta\/wp-json\/wp\/v2\/tags?post=13564"}],"curies":[{"name":"wp","href":"https:\/\/api.w.org\/{rel}","templated":true}]}}