{"id":14225,"date":"2008-10-10T12:44:53","date_gmt":"2008-10-10T12:44:53","guid":{"rendered":"https:\/\/www.upjs.sk\/prirodovedecka-fakulta\/root\/studium\/doktorandske\/zoznam-absolventov-a-temy-dizertacnych-prac-2000\/"},"modified":"2022-10-26T08:12:14","modified_gmt":"2022-10-26T08:12:14","slug":"zoznam-absolventov-a-temy-dizertacnych-prac-2000","status":"publish","type":"page","link":"https:\/\/www.upjs.sk\/prirodovedecka-fakulta\/studium\/doktorandske\/zoznam-absolventov-a-temy-dizertacnych-prac-2000\/","title":{"rendered":"Obh\u00e1jen\u00e9 dizerta\u010dn\u00e9 pr\u00e1ce v roku 2000"},"content":{"rendered":"<p> <strong>1. RNDr. Jozef Bucko &#8211; DM<\/strong>\u201eJednozna\u010dne rozlo\u017eite\u013en\u00e9 grafy\u201c<br \/> obhajoba d\u0148a 13. janu\u00e1ra 2000 na PF UPJ\u0160<\/p>\n<p> <!-- Text --> <\/p>\n<p><strong>2. Mgr. Peter Eli\u00e1\u0161 &#8211; MLaZM<\/strong>\u201eKonvergencia trigonometrick\u00fdch radov a nekone\u010dn\u00e1 kombinatorika\u201c<br \/> obhajoba d\u0148a 10. febru\u00e1ra 2000\u00a0 na PF UPJ\u0160<\/p>\n<p><strong>3. RNDr. Michal Bla\u0161ko &#8211; TVF (bez absolvovania D\u0160)<\/strong>\u201eEfekt\u00edvnos\u0165 syst\u00e9mu vyu\u010dovania s uzavret\u00fdm cyklom vo vyu\u010dovan\u00ed fyziky\u201c<br \/> obhajoba d\u0148a 27. marca 2000 PF UPJ\u0160<\/p>\n<p><strong>4. RNDr. Adela Krav\u010d\u00e1kov\u00e1 &#8211; JaSjF <\/strong>\u201eInterakcie relativistick\u00fdch jadier v emulznom dr\u00e1hovom detektore\u201c<br \/> obhajoba d\u0148a 4. m\u00e1ja 2000 na PF UPJ\u0160<\/p>\n<p><strong>5. Ing. Josef \u0160ebek &#8211; FKLaA (bez absolvovania D\u0160)<\/strong>\u201eMagnetick\u00e9 uspo\u0159\u00e1d\u00e1n\u00ed v PrNi5 a PrS\u201c<br \/> obhajoba d\u0148a 12. m\u00e1ja 2000 na PF UPJ\u0160<\/p>\n<p><strong>6. RNDr. Viera Homolov\u00e1 &#8211; FKLaA<\/strong><br \/> \u201eTepelne aktivovan\u00fd v\u00fdvoj karbidick\u00fdch f\u00e1z, ich \u0161trukt\u00fara a vlastnosti\u201c<br \/> obhajoba d\u0148a 28. septembra 2000\u00a0 na PF UPJ\u0160<\/p>\n<p>7<strong>. RNDr. J\u00e1n F\u00fczer &#8211; FKLaA<\/strong>\u201e\u0160t\u00fadium magnetick\u00fdch vlastnost\u00ed jemnozrn\u00fdch a pr\u00e1\u0161kov\u00fdch magneticky m\u00e4kk\u00fdch materi\u00e1lov\u201c<br \/> obhajoba d\u0148a 28. septembra 2000\u00a0 na PF UPJ\u0160<\/p>\n<p><strong>8. RNDr. Viktor V\u00edglask\u00fd &#8211; BCH<\/strong>\u201eTepeln\u00e1 stabilita makromolek\u00fal\u201c<br \/> obhajoba d\u0148a 30. novembra 2000\u00a0 na PF UPJ\u0160<\/p>\n<p><strong>9. RNDr. Stanislav Kraj\u010di &#8211; MLaZM<\/strong><br \/> \u201eO rozkladoch mno\u017einy prirodzen\u00fdch \u010d\u00edsel na kone\u010dn\u00e9 \u010dasti\u201c<br \/> obhajoba d\u0148a 19.decembra 2000 na PF UPJ\u0160<\/p>\n","protected":false},"excerpt":{"rendered":"<p>1. RNDr. Jozef Bucko &#8211; DM\u201eJednozna\u010dne rozlo\u017eite\u013en\u00e9 grafy\u201c obhajoba d\u0148a 13. janu\u00e1ra 2000 na PF UPJ\u0160 2. Mgr. Peter Eli\u00e1\u0161 &#8211; MLaZM\u201eKonvergencia trigonometrick\u00fdch radov a nekone\u010dn\u00e1 kombinatorika\u201c obhajoba d\u0148a 10. febru\u00e1ra 2000\u00a0 na PF UPJ\u0160 3. RNDr. Michal Bla\u0161ko &#8211; TVF (bez absolvovania D\u0160)\u201eEfekt\u00edvnos\u0165 syst\u00e9mu vyu\u010dovania s uzavret\u00fdm cyklom vo vyu\u010dovan\u00ed fyziky\u201c obhajoba d\u0148a 27. &hellip; <a href=\"https:\/\/www.upjs.sk\/prirodovedecka-fakulta\/studium\/doktorandske\/zoznam-absolventov-a-temy-dizertacnych-prac-2000\/\">\u010c\u00edta\u0165 \u010falej<\/a><\/p>\n","protected":false},"author":1,"featured_media":0,"parent":12908,"menu_order":15,"comment_status":"closed","ping_status":"closed","template":"","meta":{"_acf_changed":false,"_editorskit_title_hidden":false,"_editorskit_reading_time":0,"_editorskit_is_block_options_detached":false,"_editorskit_block_options_position":"{}","footnotes":""},"categories":[],"tags":[],"class_list":["post-14225","page","type-page","status-publish","hentry"],"acf":{"acf_link_na_externy_obsah":""},"yoast_head":"<!-- This site is optimized with the Yoast SEO plugin v27.4 - https:\/\/yoast.com\/product\/yoast-seo-wordpress\/ -->\n<title>Obh\u00e1jen\u00e9 dizerta\u010dn\u00e9 pr\u00e1ce v roku 2000 - Pr\u00edrodovedeck\u00e1 fakulta | UPJ\u0160<\/title>\n<meta name=\"robots\" content=\"index, follow, max-snippet:-1, max-image-preview:large, max-video-preview:-1\" \/>\n<link rel=\"canonical\" href=\"https:\/\/www.upjs.sk\/prirodovedecka-fakulta\/studium\/doktorandske\/zoznam-absolventov-a-temy-dizertacnych-prac-2000\/\" \/>\n<meta property=\"og:locale\" content=\"sk_SK\" \/>\n<meta property=\"og:type\" content=\"article\" \/>\n<meta property=\"og:title\" content=\"Obh\u00e1jen\u00e9 dizerta\u010dn\u00e9 pr\u00e1ce v roku 2000 - Pr\u00edrodovedeck\u00e1 fakulta | UPJ\u0160\" \/>\n<meta property=\"og:description\" content=\"1. RNDr. Jozef Bucko &#8211; DM\u201eJednozna\u010dne rozlo\u017eite\u013en\u00e9 grafy\u201c obhajoba d\u0148a 13. janu\u00e1ra 2000 na PF UPJ\u0160 2. Mgr. Peter Eli\u00e1\u0161 &#8211; MLaZM\u201eKonvergencia trigonometrick\u00fdch radov a nekone\u010dn\u00e1 kombinatorika\u201c obhajoba d\u0148a 10. febru\u00e1ra 2000\u00a0 na PF UPJ\u0160 3. RNDr. Michal Bla\u0161ko &#8211; TVF (bez absolvovania D\u0160)\u201eEfekt\u00edvnos\u0165 syst\u00e9mu vyu\u010dovania s uzavret\u00fdm cyklom vo vyu\u010dovan\u00ed fyziky\u201c obhajoba d\u0148a 27. &hellip; \u010c\u00edta\u0165 \u010falej\" \/>\n<meta property=\"og:url\" content=\"https:\/\/www.upjs.sk\/prirodovedecka-fakulta\/studium\/doktorandske\/zoznam-absolventov-a-temy-dizertacnych-prac-2000\/\" \/>\n<meta property=\"og:site_name\" content=\"Pr\u00edrodovedeck\u00e1 fakulta | UPJ\u0160\" \/>\n<meta property=\"article:modified_time\" content=\"2022-10-26T08:12:14+00:00\" \/>\n<meta name=\"twitter:card\" content=\"summary_large_image\" \/>\n<meta name=\"twitter:label1\" content=\"Predpokladan\u00fd \u010das \u010d\u00edtania\" \/>\n\t<meta name=\"twitter:data1\" content=\"1 min\u00fata\" \/>\n<script type=\"application\/ld+json\" class=\"yoast-schema-graph\">{\"@context\":\"https:\\\/\\\/schema.org\",\"@graph\":[{\"@type\":\"WebPage\",\"@id\":\"https:\\\/\\\/www.upjs.sk\\\/prirodovedecka-fakulta\\\/studium\\\/doktorandske\\\/zoznam-absolventov-a-temy-dizertacnych-prac-2000\\\/\",\"url\":\"https:\\\/\\\/www.upjs.sk\\\/prirodovedecka-fakulta\\\/studium\\\/doktorandske\\\/zoznam-absolventov-a-temy-dizertacnych-prac-2000\\\/\",\"name\":\"Obh\u00e1jen\u00e9 dizerta\u010dn\u00e9 pr\u00e1ce v roku 2000 - Pr\u00edrodovedeck\u00e1 fakulta | UPJ\u0160\",\"isPartOf\":{\"@id\":\"https:\\\/\\\/www.upjs.sk\\\/prirodovedecka-fakulta\\\/#website\"},\"datePublished\":\"2008-10-10T12:44:53+00:00\",\"dateModified\":\"2022-10-26T08:12:14+00:00\",\"breadcrumb\":{\"@id\":\"https:\\\/\\\/www.upjs.sk\\\/prirodovedecka-fakulta\\\/studium\\\/doktorandske\\\/zoznam-absolventov-a-temy-dizertacnych-prac-2000\\\/#breadcrumb\"},\"inLanguage\":\"sk-SK\",\"potentialAction\":[{\"@type\":\"ReadAction\",\"target\":[\"https:\\\/\\\/www.upjs.sk\\\/prirodovedecka-fakulta\\\/studium\\\/doktorandske\\\/zoznam-absolventov-a-temy-dizertacnych-prac-2000\\\/\"]}]},{\"@type\":\"BreadcrumbList\",\"@id\":\"https:\\\/\\\/www.upjs.sk\\\/prirodovedecka-fakulta\\\/studium\\\/doktorandske\\\/zoznam-absolventov-a-temy-dizertacnych-prac-2000\\\/#breadcrumb\",\"itemListElement\":[{\"@type\":\"ListItem\",\"position\":1,\"name\":\"Home\",\"item\":\"https:\\\/\\\/www.upjs.sk\\\/prirodovedecka-fakulta\\\/\"},{\"@type\":\"ListItem\",\"position\":2,\"name\":\"O \u0161t\u00fadiu na fakulte\",\"item\":\"https:\\\/\\\/www.upjs.sk\\\/prirodovedecka-fakulta\\\/studium\\\/\"},{\"@type\":\"ListItem\",\"position\":3,\"name\":\"Doktorandsk\u00e9 \u0161t\u00fadium\",\"item\":\"https:\\\/\\\/www.upjs.sk\\\/prirodovedecka-fakulta\\\/studium\\\/doktorandske\\\/\"},{\"@type\":\"ListItem\",\"position\":4,\"name\":\"Obh\u00e1jen\u00e9 dizerta\u010dn\u00e9 pr\u00e1ce v roku 2000\"}]},{\"@type\":\"WebSite\",\"@id\":\"https:\\\/\\\/www.upjs.sk\\\/prirodovedecka-fakulta\\\/#website\",\"url\":\"https:\\\/\\\/www.upjs.sk\\\/prirodovedecka-fakulta\\\/\",\"name\":\"Pr\u00edrodovedeck\u00e1 fakulta | UPJ\u0160\",\"description\":\"\",\"publisher\":{\"@id\":\"https:\\\/\\\/www.upjs.sk\\\/prirodovedecka-fakulta\\\/#organization\"},\"potentialAction\":[{\"@type\":\"SearchAction\",\"target\":{\"@type\":\"EntryPoint\",\"urlTemplate\":\"https:\\\/\\\/www.upjs.sk\\\/prirodovedecka-fakulta\\\/?s={search_term_string}\"},\"query-input\":{\"@type\":\"PropertyValueSpecification\",\"valueRequired\":true,\"valueName\":\"search_term_string\"}}],\"inLanguage\":\"sk-SK\"},{\"@type\":\"Organization\",\"@id\":\"https:\\\/\\\/www.upjs.sk\\\/prirodovedecka-fakulta\\\/#organization\",\"name\":\"Pr\u00edrodovedeck\u00e1 fakulta | UPJ\u0160\",\"url\":\"https:\\\/\\\/www.upjs.sk\\\/prirodovedecka-fakulta\\\/\",\"logo\":{\"@type\":\"ImageObject\",\"inLanguage\":\"sk-SK\",\"@id\":\"https:\\\/\\\/www.upjs.sk\\\/prirodovedecka-fakulta\\\/#\\\/schema\\\/logo\\\/image\\\/\",\"url\":\"https:\\\/\\\/www.upjs.sk\\\/app\\\/uploads\\\/sites\\\/10\\\/2022\\\/09\\\/logo-prirodovedecka-fakulta.png\",\"contentUrl\":\"https:\\\/\\\/www.upjs.sk\\\/app\\\/uploads\\\/sites\\\/10\\\/2022\\\/09\\\/logo-prirodovedecka-fakulta.png\",\"width\":415,\"height\":87,\"caption\":\"Pr\u00edrodovedeck\u00e1 fakulta | UPJ\u0160\"},\"image\":{\"@id\":\"https:\\\/\\\/www.upjs.sk\\\/prirodovedecka-fakulta\\\/#\\\/schema\\\/logo\\\/image\\\/\"}}]}<\/script>\n<!-- \/ Yoast SEO plugin. -->","yoast_head_json":{"title":"Obh\u00e1jen\u00e9 dizerta\u010dn\u00e9 pr\u00e1ce v roku 2000 - Pr\u00edrodovedeck\u00e1 fakulta | UPJ\u0160","robots":{"index":"index","follow":"follow","max-snippet":"max-snippet:-1","max-image-preview":"max-image-preview:large","max-video-preview":"max-video-preview:-1"},"canonical":"https:\/\/www.upjs.sk\/prirodovedecka-fakulta\/studium\/doktorandske\/zoznam-absolventov-a-temy-dizertacnych-prac-2000\/","og_locale":"sk_SK","og_type":"article","og_title":"Obh\u00e1jen\u00e9 dizerta\u010dn\u00e9 pr\u00e1ce v roku 2000 - Pr\u00edrodovedeck\u00e1 fakulta | UPJ\u0160","og_description":"1. RNDr. Jozef Bucko &#8211; DM\u201eJednozna\u010dne rozlo\u017eite\u013en\u00e9 grafy\u201c obhajoba d\u0148a 13. janu\u00e1ra 2000 na PF UPJ\u0160 2. Mgr. Peter Eli\u00e1\u0161 &#8211; MLaZM\u201eKonvergencia trigonometrick\u00fdch radov a nekone\u010dn\u00e1 kombinatorika\u201c obhajoba d\u0148a 10. febru\u00e1ra 2000\u00a0 na PF UPJ\u0160 3. RNDr. Michal Bla\u0161ko &#8211; TVF (bez absolvovania D\u0160)\u201eEfekt\u00edvnos\u0165 syst\u00e9mu vyu\u010dovania s uzavret\u00fdm cyklom vo vyu\u010dovan\u00ed fyziky\u201c obhajoba d\u0148a 27. &hellip; \u010c\u00edta\u0165 \u010falej","og_url":"https:\/\/www.upjs.sk\/prirodovedecka-fakulta\/studium\/doktorandske\/zoznam-absolventov-a-temy-dizertacnych-prac-2000\/","og_site_name":"Pr\u00edrodovedeck\u00e1 fakulta | UPJ\u0160","article_modified_time":"2022-10-26T08:12:14+00:00","twitter_card":"summary_large_image","twitter_misc":{"Predpokladan\u00fd \u010das \u010d\u00edtania":"1 min\u00fata"},"schema":{"@context":"https:\/\/schema.org","@graph":[{"@type":"WebPage","@id":"https:\/\/www.upjs.sk\/prirodovedecka-fakulta\/studium\/doktorandske\/zoznam-absolventov-a-temy-dizertacnych-prac-2000\/","url":"https:\/\/www.upjs.sk\/prirodovedecka-fakulta\/studium\/doktorandske\/zoznam-absolventov-a-temy-dizertacnych-prac-2000\/","name":"Obh\u00e1jen\u00e9 dizerta\u010dn\u00e9 pr\u00e1ce v roku 2000 - Pr\u00edrodovedeck\u00e1 fakulta | UPJ\u0160","isPartOf":{"@id":"https:\/\/www.upjs.sk\/prirodovedecka-fakulta\/#website"},"datePublished":"2008-10-10T12:44:53+00:00","dateModified":"2022-10-26T08:12:14+00:00","breadcrumb":{"@id":"https:\/\/www.upjs.sk\/prirodovedecka-fakulta\/studium\/doktorandske\/zoznam-absolventov-a-temy-dizertacnych-prac-2000\/#breadcrumb"},"inLanguage":"sk-SK","potentialAction":[{"@type":"ReadAction","target":["https:\/\/www.upjs.sk\/prirodovedecka-fakulta\/studium\/doktorandske\/zoznam-absolventov-a-temy-dizertacnych-prac-2000\/"]}]},{"@type":"BreadcrumbList","@id":"https:\/\/www.upjs.sk\/prirodovedecka-fakulta\/studium\/doktorandske\/zoznam-absolventov-a-temy-dizertacnych-prac-2000\/#breadcrumb","itemListElement":[{"@type":"ListItem","position":1,"name":"Home","item":"https:\/\/www.upjs.sk\/prirodovedecka-fakulta\/"},{"@type":"ListItem","position":2,"name":"O \u0161t\u00fadiu na fakulte","item":"https:\/\/www.upjs.sk\/prirodovedecka-fakulta\/studium\/"},{"@type":"ListItem","position":3,"name":"Doktorandsk\u00e9 \u0161t\u00fadium","item":"https:\/\/www.upjs.sk\/prirodovedecka-fakulta\/studium\/doktorandske\/"},{"@type":"ListItem","position":4,"name":"Obh\u00e1jen\u00e9 dizerta\u010dn\u00e9 pr\u00e1ce v roku 2000"}]},{"@type":"WebSite","@id":"https:\/\/www.upjs.sk\/prirodovedecka-fakulta\/#website","url":"https:\/\/www.upjs.sk\/prirodovedecka-fakulta\/","name":"Pr\u00edrodovedeck\u00e1 fakulta | UPJ\u0160","description":"","publisher":{"@id":"https:\/\/www.upjs.sk\/prirodovedecka-fakulta\/#organization"},"potentialAction":[{"@type":"SearchAction","target":{"@type":"EntryPoint","urlTemplate":"https:\/\/www.upjs.sk\/prirodovedecka-fakulta\/?s={search_term_string}"},"query-input":{"@type":"PropertyValueSpecification","valueRequired":true,"valueName":"search_term_string"}}],"inLanguage":"sk-SK"},{"@type":"Organization","@id":"https:\/\/www.upjs.sk\/prirodovedecka-fakulta\/#organization","name":"Pr\u00edrodovedeck\u00e1 fakulta | UPJ\u0160","url":"https:\/\/www.upjs.sk\/prirodovedecka-fakulta\/","logo":{"@type":"ImageObject","inLanguage":"sk-SK","@id":"https:\/\/www.upjs.sk\/prirodovedecka-fakulta\/#\/schema\/logo\/image\/","url":"https:\/\/www.upjs.sk\/app\/uploads\/sites\/10\/2022\/09\/logo-prirodovedecka-fakulta.png","contentUrl":"https:\/\/www.upjs.sk\/app\/uploads\/sites\/10\/2022\/09\/logo-prirodovedecka-fakulta.png","width":415,"height":87,"caption":"Pr\u00edrodovedeck\u00e1 fakulta | UPJ\u0160"},"image":{"@id":"https:\/\/www.upjs.sk\/prirodovedecka-fakulta\/#\/schema\/logo\/image\/"}}]}},"_links":{"self":[{"href":"https:\/\/www.upjs.sk\/prirodovedecka-fakulta\/wp-json\/wp\/v2\/pages\/14225","targetHints":{"allow":["GET"]}}],"collection":[{"href":"https:\/\/www.upjs.sk\/prirodovedecka-fakulta\/wp-json\/wp\/v2\/pages"}],"about":[{"href":"https:\/\/www.upjs.sk\/prirodovedecka-fakulta\/wp-json\/wp\/v2\/types\/page"}],"author":[{"embeddable":true,"href":"https:\/\/www.upjs.sk\/prirodovedecka-fakulta\/wp-json\/wp\/v2\/users\/1"}],"replies":[{"embeddable":true,"href":"https:\/\/www.upjs.sk\/prirodovedecka-fakulta\/wp-json\/wp\/v2\/comments?post=14225"}],"version-history":[{"count":1,"href":"https:\/\/www.upjs.sk\/prirodovedecka-fakulta\/wp-json\/wp\/v2\/pages\/14225\/revisions"}],"predecessor-version":[{"id":18556,"href":"https:\/\/www.upjs.sk\/prirodovedecka-fakulta\/wp-json\/wp\/v2\/pages\/14225\/revisions\/18556"}],"up":[{"embeddable":true,"href":"https:\/\/www.upjs.sk\/prirodovedecka-fakulta\/wp-json\/wp\/v2\/pages\/12908"}],"wp:attachment":[{"href":"https:\/\/www.upjs.sk\/prirodovedecka-fakulta\/wp-json\/wp\/v2\/media?parent=14225"}],"wp:term":[{"taxonomy":"category","embeddable":true,"href":"https:\/\/www.upjs.sk\/prirodovedecka-fakulta\/wp-json\/wp\/v2\/categories?post=14225"},{"taxonomy":"post_tag","embeddable":true,"href":"https:\/\/www.upjs.sk\/prirodovedecka-fakulta\/wp-json\/wp\/v2\/tags?post=14225"}],"curies":[{"name":"wp","href":"https:\/\/api.w.org\/{rel}","templated":true}]}}