{"id":14226,"date":"2008-10-10T12:45:02","date_gmt":"2008-10-10T12:45:02","guid":{"rendered":"https:\/\/www.upjs.sk\/prirodovedecka-fakulta\/root\/studium\/doktorandske\/zoznam-absolventov-a-temy-dizertacnych-prac-2001\/"},"modified":"2022-10-26T08:12:15","modified_gmt":"2022-10-26T08:12:15","slug":"zoznam-absolventov-a-temy-dizertacnych-prac-2001","status":"publish","type":"page","link":"https:\/\/www.upjs.sk\/prirodovedecka-fakulta\/studium\/doktorandske\/zoznam-absolventov-a-temy-dizertacnych-prac-2001\/","title":{"rendered":"Obh\u00e1jen\u00e9 dizerta\u010dn\u00e9 pr\u00e1ce v roku 2001"},"content":{"rendered":"<p>\u00a0<\/p>\n<p> <!-- Text --> <\/p>\n<p><strong>1. Mgr. Tom\u00e1\u0161 Madaras &#8211; DM<\/strong><br \/> \u201eThe structure of plane graphs\u201c<br \/> obhajoba d\u0148a 31. janu\u00e1ra 2001 na PF UPJ\u0160 v Ko\u0161iciach<\/p>\n<p><strong>2. Ing. Mojm\u00edr Such\u00fd &#8211; OCH<\/strong>\u201eSynt\u00e9za niektor\u00fdch indolov\u00fdch fytoalex\u00ednov a pr\u00edbuzn\u00fdch zl\u00fa\u010den\u00edn\u201c<br \/> obhajoba d\u0148a 22. marca 2001 na Chemickom \u00fastave SAV v Bratislave<\/p>\n<p><strong>3. RNDr. Vladim\u00edr Kova\u013e &#8211; FKLaA<\/strong> <br \/> \u201eElektrofyzik\u00e1lne vlastnosti a \u0161trukt\u00fara piezokeramick\u00fdch materi\u00e1lov\u201c<br \/> obhajoba d\u0148a 27. marca 2001 na PF UPJ\u0160 v Ko\u0161iciach<\/p>\n<p><strong>4. RNDr. Marcel Morovsk\u00fd &#8211; BCH<\/strong><br \/> \u201eBakterioc\u00edny gram-pozit\u00edvnych bachorov\u00fdch kokov\u201c<br \/> obhajoba d\u0148a 29. m\u00e1ja 2001 na PF UK v Bratislave<\/p>\n<p><strong>5. RNDr. Vladim\u00edr Lacko &#8211; DM<\/strong>\u201ePerzistencia v kombinatorick\u00fdch optimaliza\u010dn\u00fdch probl\u00e9moch\u201c<br \/> obhajoba d\u0148a 3.9.2001 na PF UPJ\u0160<\/p>\n<p><strong>6. RNDr. Jozef Jir\u00e1sek &#8211; DM (bez absolvovania D\u0160)<\/strong>Zni\u017eovanie po\u010dtu cyklov v orientovan\u00fdch grafoch ot\u00e1\u010dan\u00edm hr\u00e1n\u201c<br \/> obhajoba d\u0148a 3.9.2001 na PF UPJ\u0160<\/p>\n<p><strong>7. RNDr. Erik \u010ci\u017em\u00e1r &#8211; FKLaA<\/strong><br \/> \u201eContribution to the experimental study of non-linear magnetic excitations in selected low-dimensional magnetic systems\u201c<br \/> obhajoba d\u0148a 13.9.2001 na PF UPJ\u0160<\/p>\n<p><strong>8. RNDr. Slavom\u00edr Gab\u00e1ni &#8211; FKLaA<\/strong>\u201e\u0160t\u00fadium vlastnost\u00ed kovov\u00fdch 4f-elektr\u00f3nov\u00fdch syst\u00e9mov vo vybran\u00fdch boridoch vz\u00e1cnych zem\u00edn pri n\u00edzkych teplot\u00e1ch\u201c<br \/> obhajoba d\u0148a 13.9.2001 na PF UPJ\u0160<\/p>\n<p><strong>9. RNDr. Anna Zorkovsk\u00e1 &#8211; FKLaA<\/strong>\u201eInfluence of subtitutions on the structure and magnetic properties of finemet\u201c<br \/> obhajoba d\u0148a 13.9.2001 na PF UPJ\u0160<\/p>\n<p><strong>10. RNDr. O\u013ega Fri\u010dov\u00e1 &#8211; FKLaA<\/strong>\u201e\u0160t\u00fadium modifikovan\u00fdch polypropyl\u00e9nov\u00fdch vl\u00e1kien pomocou NMR a dynamicko-mechanick\u00fdch met\u00f3d\u201c<br \/> obhajoba d\u0148a 18.12.2001 na PF UPJ\u0160<\/p>\n<p><strong>11. RNDr. Norbert Pop\u00e9ly \u2013 MLaZM<\/strong><br \/> \u201eTuringove stroje s alternovan\u00edm\u201c<br \/> obhajoba d\u0148a 19.12.2001 na PF UPJ\u0160<\/p>\n<p><strong>12. RNDr. Peter Kubatka \u2013 F\u017d<\/strong>\u201eChemoprevencia mam\u00e1rnych n\u00e1dorov u sam\u00edc potkanov s pou\u017eit\u00edm antiestrog\u00e9nov, raloxif\u00e9nu a pine\u00e1lneho horm\u00f3nu melaton\u00edn; variabilita induktibility experiment\u00e1lnej mam\u00e1rnej karcinogen\u00e9zy.\u201c <br \/> obhajoba d\u0148a 30.8.2001 na PF UPJ\u0160<\/p>\n<p><strong>13. RNDr. Igor Majl\u00e1th \u2013 F\u017d<\/strong>\u201eVybran\u00e9 etologick\u00e9 prejavy ja\u0161terice zelenej (Lacerta viridis, Laur., 1768) v pr\u00edrodnom prostred\u00ed Slovensk\u00e9ho krasu.\u201c obhajoba d\u0148a 30.8.2001 na PF UPJ\u0160<\/p>\n<p><strong>14. RNDr. Katar\u00edna Kalick\u00e1 \u2013 F\u017d<\/strong>\u201eChemoprevencia mam\u00e1rnej karcinogen\u00e9zy nesteroidn\u00fdmi antiflogistikami (indometac\u00edn, nimezulid) a melaton\u00ednom u sam\u00edc potkanov.\u201c<br \/> obhajoba d\u0148a 31.8.2001 na PF UPJ\u0160<\/p>\n<p><strong>15. RNDr. Martina Chamilov\u00e1 \u2013 F\u017d<\/strong>\u201eMetabolick\u00e9 zmeny v chemoprevent\u00edvnych programoch mam\u00e1rnej karcinogen\u00e9zy indukovanej u sam\u00edc potkanov.\u201c<br \/> obhajoba d\u0148a 31.8.2001 na PF UPJ\u0160<\/p>\n<p><strong>16. RNDr. Marcel T\u00f6r\u00f6k \u2013 OCH<\/strong>\u201eExperiment\u00e1lne a teoretick\u00e9 \u0161t\u00fadium intramolekulovej cykliz\u00e1cie niektor\u00fdch propenolytiomo\u010dov\u00edn a Dimrothovho pre\u0161myku 1,3-tiaz\u00ednov\u201c<br \/> obhajoba d\u0148a 11. 9. 2001 na PF UK Bratislava<\/p>\n<p><strong>17. RNDr. Pavol Bob\u00edk \u2013 JaSjF<\/strong>\u201ePrechod kozmick\u00e9ho \u017eiarenia magnetosf\u00e9rou Zeme\u201c<br \/> obhajoba d\u0148a 31.10.2001 na PF UPJ\u0160<\/p>\n<p>\u00a0<\/p>\n","protected":false},"excerpt":{"rendered":"<p>\u00a0 1. Mgr. Tom\u00e1\u0161 Madaras &#8211; DM \u201eThe structure of plane graphs\u201c obhajoba d\u0148a 31. janu\u00e1ra 2001 na PF UPJ\u0160 v Ko\u0161iciach 2. Ing. Mojm\u00edr Such\u00fd &#8211; OCH\u201eSynt\u00e9za niektor\u00fdch indolov\u00fdch fytoalex\u00ednov a pr\u00edbuzn\u00fdch zl\u00fa\u010den\u00edn\u201c obhajoba d\u0148a 22. marca 2001 na Chemickom \u00fastave SAV v Bratislave 3. RNDr. Vladim\u00edr Kova\u013e &#8211; FKLaA \u201eElektrofyzik\u00e1lne vlastnosti a \u0161trukt\u00fara &hellip; <a href=\"https:\/\/www.upjs.sk\/prirodovedecka-fakulta\/studium\/doktorandske\/zoznam-absolventov-a-temy-dizertacnych-prac-2001\/\">\u010c\u00edta\u0165 \u010falej<\/a><\/p>\n","protected":false},"author":1,"featured_media":0,"parent":12908,"menu_order":16,"comment_status":"closed","ping_status":"closed","template":"","meta":{"_acf_changed":false,"_editorskit_title_hidden":false,"_editorskit_reading_time":0,"_editorskit_is_block_options_detached":false,"_editorskit_block_options_position":"{}","footnotes":""},"categories":[],"tags":[],"class_list":["post-14226","page","type-page","status-publish","hentry"],"acf":{"acf_link_na_externy_obsah":""},"yoast_head":"<!-- This site is optimized with the Yoast SEO plugin v27.4 - https:\/\/yoast.com\/product\/yoast-seo-wordpress\/ -->\n<title>Obh\u00e1jen\u00e9 dizerta\u010dn\u00e9 pr\u00e1ce v roku 2001 - Pr\u00edrodovedeck\u00e1 fakulta | UPJ\u0160<\/title>\n<meta name=\"robots\" content=\"index, follow, max-snippet:-1, max-image-preview:large, max-video-preview:-1\" \/>\n<link rel=\"canonical\" href=\"https:\/\/www.upjs.sk\/prirodovedecka-fakulta\/studium\/doktorandske\/zoznam-absolventov-a-temy-dizertacnych-prac-2001\/\" \/>\n<meta property=\"og:locale\" content=\"sk_SK\" \/>\n<meta property=\"og:type\" content=\"article\" \/>\n<meta property=\"og:title\" content=\"Obh\u00e1jen\u00e9 dizerta\u010dn\u00e9 pr\u00e1ce v roku 2001 - Pr\u00edrodovedeck\u00e1 fakulta | UPJ\u0160\" \/>\n<meta property=\"og:description\" content=\"\u00a0 1. Mgr. Tom\u00e1\u0161 Madaras &#8211; DM \u201eThe structure of plane graphs\u201c obhajoba d\u0148a 31. janu\u00e1ra 2001 na PF UPJ\u0160 v Ko\u0161iciach 2. Ing. Mojm\u00edr Such\u00fd &#8211; OCH\u201eSynt\u00e9za niektor\u00fdch indolov\u00fdch fytoalex\u00ednov a pr\u00edbuzn\u00fdch zl\u00fa\u010den\u00edn\u201c obhajoba d\u0148a 22. marca 2001 na Chemickom \u00fastave SAV v Bratislave 3. RNDr. Vladim\u00edr Kova\u013e &#8211; FKLaA \u201eElektrofyzik\u00e1lne vlastnosti a \u0161trukt\u00fara &hellip; \u010c\u00edta\u0165 \u010falej\" \/>\n<meta property=\"og:url\" content=\"https:\/\/www.upjs.sk\/prirodovedecka-fakulta\/studium\/doktorandske\/zoznam-absolventov-a-temy-dizertacnych-prac-2001\/\" \/>\n<meta property=\"og:site_name\" content=\"Pr\u00edrodovedeck\u00e1 fakulta | UPJ\u0160\" \/>\n<meta property=\"article:modified_time\" content=\"2022-10-26T08:12:15+00:00\" \/>\n<meta name=\"twitter:card\" content=\"summary_large_image\" \/>\n<meta name=\"twitter:label1\" content=\"Predpokladan\u00fd \u010das \u010d\u00edtania\" \/>\n\t<meta name=\"twitter:data1\" content=\"2 min\u00faty\" \/>\n<script type=\"application\/ld+json\" class=\"yoast-schema-graph\">{\"@context\":\"https:\\\/\\\/schema.org\",\"@graph\":[{\"@type\":\"WebPage\",\"@id\":\"https:\\\/\\\/www.upjs.sk\\\/prirodovedecka-fakulta\\\/studium\\\/doktorandske\\\/zoznam-absolventov-a-temy-dizertacnych-prac-2001\\\/\",\"url\":\"https:\\\/\\\/www.upjs.sk\\\/prirodovedecka-fakulta\\\/studium\\\/doktorandske\\\/zoznam-absolventov-a-temy-dizertacnych-prac-2001\\\/\",\"name\":\"Obh\u00e1jen\u00e9 dizerta\u010dn\u00e9 pr\u00e1ce v roku 2001 - Pr\u00edrodovedeck\u00e1 fakulta | UPJ\u0160\",\"isPartOf\":{\"@id\":\"https:\\\/\\\/www.upjs.sk\\\/prirodovedecka-fakulta\\\/#website\"},\"datePublished\":\"2008-10-10T12:45:02+00:00\",\"dateModified\":\"2022-10-26T08:12:15+00:00\",\"breadcrumb\":{\"@id\":\"https:\\\/\\\/www.upjs.sk\\\/prirodovedecka-fakulta\\\/studium\\\/doktorandske\\\/zoznam-absolventov-a-temy-dizertacnych-prac-2001\\\/#breadcrumb\"},\"inLanguage\":\"sk-SK\",\"potentialAction\":[{\"@type\":\"ReadAction\",\"target\":[\"https:\\\/\\\/www.upjs.sk\\\/prirodovedecka-fakulta\\\/studium\\\/doktorandske\\\/zoznam-absolventov-a-temy-dizertacnych-prac-2001\\\/\"]}]},{\"@type\":\"BreadcrumbList\",\"@id\":\"https:\\\/\\\/www.upjs.sk\\\/prirodovedecka-fakulta\\\/studium\\\/doktorandske\\\/zoznam-absolventov-a-temy-dizertacnych-prac-2001\\\/#breadcrumb\",\"itemListElement\":[{\"@type\":\"ListItem\",\"position\":1,\"name\":\"Home\",\"item\":\"https:\\\/\\\/www.upjs.sk\\\/prirodovedecka-fakulta\\\/\"},{\"@type\":\"ListItem\",\"position\":2,\"name\":\"O \u0161t\u00fadiu na fakulte\",\"item\":\"https:\\\/\\\/www.upjs.sk\\\/prirodovedecka-fakulta\\\/studium\\\/\"},{\"@type\":\"ListItem\",\"position\":3,\"name\":\"Doktorandsk\u00e9 \u0161t\u00fadium\",\"item\":\"https:\\\/\\\/www.upjs.sk\\\/prirodovedecka-fakulta\\\/studium\\\/doktorandske\\\/\"},{\"@type\":\"ListItem\",\"position\":4,\"name\":\"Obh\u00e1jen\u00e9 dizerta\u010dn\u00e9 pr\u00e1ce v roku 2001\"}]},{\"@type\":\"WebSite\",\"@id\":\"https:\\\/\\\/www.upjs.sk\\\/prirodovedecka-fakulta\\\/#website\",\"url\":\"https:\\\/\\\/www.upjs.sk\\\/prirodovedecka-fakulta\\\/\",\"name\":\"Pr\u00edrodovedeck\u00e1 fakulta | UPJ\u0160\",\"description\":\"\",\"publisher\":{\"@id\":\"https:\\\/\\\/www.upjs.sk\\\/prirodovedecka-fakulta\\\/#organization\"},\"potentialAction\":[{\"@type\":\"SearchAction\",\"target\":{\"@type\":\"EntryPoint\",\"urlTemplate\":\"https:\\\/\\\/www.upjs.sk\\\/prirodovedecka-fakulta\\\/?s={search_term_string}\"},\"query-input\":{\"@type\":\"PropertyValueSpecification\",\"valueRequired\":true,\"valueName\":\"search_term_string\"}}],\"inLanguage\":\"sk-SK\"},{\"@type\":\"Organization\",\"@id\":\"https:\\\/\\\/www.upjs.sk\\\/prirodovedecka-fakulta\\\/#organization\",\"name\":\"Pr\u00edrodovedeck\u00e1 fakulta | UPJ\u0160\",\"url\":\"https:\\\/\\\/www.upjs.sk\\\/prirodovedecka-fakulta\\\/\",\"logo\":{\"@type\":\"ImageObject\",\"inLanguage\":\"sk-SK\",\"@id\":\"https:\\\/\\\/www.upjs.sk\\\/prirodovedecka-fakulta\\\/#\\\/schema\\\/logo\\\/image\\\/\",\"url\":\"https:\\\/\\\/www.upjs.sk\\\/app\\\/uploads\\\/sites\\\/10\\\/2022\\\/09\\\/logo-prirodovedecka-fakulta.png\",\"contentUrl\":\"https:\\\/\\\/www.upjs.sk\\\/app\\\/uploads\\\/sites\\\/10\\\/2022\\\/09\\\/logo-prirodovedecka-fakulta.png\",\"width\":415,\"height\":87,\"caption\":\"Pr\u00edrodovedeck\u00e1 fakulta | UPJ\u0160\"},\"image\":{\"@id\":\"https:\\\/\\\/www.upjs.sk\\\/prirodovedecka-fakulta\\\/#\\\/schema\\\/logo\\\/image\\\/\"}}]}<\/script>\n<!-- \/ Yoast SEO plugin. -->","yoast_head_json":{"title":"Obh\u00e1jen\u00e9 dizerta\u010dn\u00e9 pr\u00e1ce v roku 2001 - Pr\u00edrodovedeck\u00e1 fakulta | UPJ\u0160","robots":{"index":"index","follow":"follow","max-snippet":"max-snippet:-1","max-image-preview":"max-image-preview:large","max-video-preview":"max-video-preview:-1"},"canonical":"https:\/\/www.upjs.sk\/prirodovedecka-fakulta\/studium\/doktorandske\/zoznam-absolventov-a-temy-dizertacnych-prac-2001\/","og_locale":"sk_SK","og_type":"article","og_title":"Obh\u00e1jen\u00e9 dizerta\u010dn\u00e9 pr\u00e1ce v roku 2001 - Pr\u00edrodovedeck\u00e1 fakulta | UPJ\u0160","og_description":"\u00a0 1. Mgr. Tom\u00e1\u0161 Madaras &#8211; DM \u201eThe structure of plane graphs\u201c obhajoba d\u0148a 31. janu\u00e1ra 2001 na PF UPJ\u0160 v Ko\u0161iciach 2. Ing. Mojm\u00edr Such\u00fd &#8211; OCH\u201eSynt\u00e9za niektor\u00fdch indolov\u00fdch fytoalex\u00ednov a pr\u00edbuzn\u00fdch zl\u00fa\u010den\u00edn\u201c obhajoba d\u0148a 22. marca 2001 na Chemickom \u00fastave SAV v Bratislave 3. RNDr. Vladim\u00edr Kova\u013e &#8211; FKLaA \u201eElektrofyzik\u00e1lne vlastnosti a \u0161trukt\u00fara &hellip; \u010c\u00edta\u0165 \u010falej","og_url":"https:\/\/www.upjs.sk\/prirodovedecka-fakulta\/studium\/doktorandske\/zoznam-absolventov-a-temy-dizertacnych-prac-2001\/","og_site_name":"Pr\u00edrodovedeck\u00e1 fakulta | UPJ\u0160","article_modified_time":"2022-10-26T08:12:15+00:00","twitter_card":"summary_large_image","twitter_misc":{"Predpokladan\u00fd \u010das \u010d\u00edtania":"2 min\u00faty"},"schema":{"@context":"https:\/\/schema.org","@graph":[{"@type":"WebPage","@id":"https:\/\/www.upjs.sk\/prirodovedecka-fakulta\/studium\/doktorandske\/zoznam-absolventov-a-temy-dizertacnych-prac-2001\/","url":"https:\/\/www.upjs.sk\/prirodovedecka-fakulta\/studium\/doktorandske\/zoznam-absolventov-a-temy-dizertacnych-prac-2001\/","name":"Obh\u00e1jen\u00e9 dizerta\u010dn\u00e9 pr\u00e1ce v roku 2001 - Pr\u00edrodovedeck\u00e1 fakulta | UPJ\u0160","isPartOf":{"@id":"https:\/\/www.upjs.sk\/prirodovedecka-fakulta\/#website"},"datePublished":"2008-10-10T12:45:02+00:00","dateModified":"2022-10-26T08:12:15+00:00","breadcrumb":{"@id":"https:\/\/www.upjs.sk\/prirodovedecka-fakulta\/studium\/doktorandske\/zoznam-absolventov-a-temy-dizertacnych-prac-2001\/#breadcrumb"},"inLanguage":"sk-SK","potentialAction":[{"@type":"ReadAction","target":["https:\/\/www.upjs.sk\/prirodovedecka-fakulta\/studium\/doktorandske\/zoznam-absolventov-a-temy-dizertacnych-prac-2001\/"]}]},{"@type":"BreadcrumbList","@id":"https:\/\/www.upjs.sk\/prirodovedecka-fakulta\/studium\/doktorandske\/zoznam-absolventov-a-temy-dizertacnych-prac-2001\/#breadcrumb","itemListElement":[{"@type":"ListItem","position":1,"name":"Home","item":"https:\/\/www.upjs.sk\/prirodovedecka-fakulta\/"},{"@type":"ListItem","position":2,"name":"O \u0161t\u00fadiu na fakulte","item":"https:\/\/www.upjs.sk\/prirodovedecka-fakulta\/studium\/"},{"@type":"ListItem","position":3,"name":"Doktorandsk\u00e9 \u0161t\u00fadium","item":"https:\/\/www.upjs.sk\/prirodovedecka-fakulta\/studium\/doktorandske\/"},{"@type":"ListItem","position":4,"name":"Obh\u00e1jen\u00e9 dizerta\u010dn\u00e9 pr\u00e1ce v roku 2001"}]},{"@type":"WebSite","@id":"https:\/\/www.upjs.sk\/prirodovedecka-fakulta\/#website","url":"https:\/\/www.upjs.sk\/prirodovedecka-fakulta\/","name":"Pr\u00edrodovedeck\u00e1 fakulta | UPJ\u0160","description":"","publisher":{"@id":"https:\/\/www.upjs.sk\/prirodovedecka-fakulta\/#organization"},"potentialAction":[{"@type":"SearchAction","target":{"@type":"EntryPoint","urlTemplate":"https:\/\/www.upjs.sk\/prirodovedecka-fakulta\/?s={search_term_string}"},"query-input":{"@type":"PropertyValueSpecification","valueRequired":true,"valueName":"search_term_string"}}],"inLanguage":"sk-SK"},{"@type":"Organization","@id":"https:\/\/www.upjs.sk\/prirodovedecka-fakulta\/#organization","name":"Pr\u00edrodovedeck\u00e1 fakulta | UPJ\u0160","url":"https:\/\/www.upjs.sk\/prirodovedecka-fakulta\/","logo":{"@type":"ImageObject","inLanguage":"sk-SK","@id":"https:\/\/www.upjs.sk\/prirodovedecka-fakulta\/#\/schema\/logo\/image\/","url":"https:\/\/www.upjs.sk\/app\/uploads\/sites\/10\/2022\/09\/logo-prirodovedecka-fakulta.png","contentUrl":"https:\/\/www.upjs.sk\/app\/uploads\/sites\/10\/2022\/09\/logo-prirodovedecka-fakulta.png","width":415,"height":87,"caption":"Pr\u00edrodovedeck\u00e1 fakulta | UPJ\u0160"},"image":{"@id":"https:\/\/www.upjs.sk\/prirodovedecka-fakulta\/#\/schema\/logo\/image\/"}}]}},"_links":{"self":[{"href":"https:\/\/www.upjs.sk\/prirodovedecka-fakulta\/wp-json\/wp\/v2\/pages\/14226","targetHints":{"allow":["GET"]}}],"collection":[{"href":"https:\/\/www.upjs.sk\/prirodovedecka-fakulta\/wp-json\/wp\/v2\/pages"}],"about":[{"href":"https:\/\/www.upjs.sk\/prirodovedecka-fakulta\/wp-json\/wp\/v2\/types\/page"}],"author":[{"embeddable":true,"href":"https:\/\/www.upjs.sk\/prirodovedecka-fakulta\/wp-json\/wp\/v2\/users\/1"}],"replies":[{"embeddable":true,"href":"https:\/\/www.upjs.sk\/prirodovedecka-fakulta\/wp-json\/wp\/v2\/comments?post=14226"}],"version-history":[{"count":1,"href":"https:\/\/www.upjs.sk\/prirodovedecka-fakulta\/wp-json\/wp\/v2\/pages\/14226\/revisions"}],"predecessor-version":[{"id":18557,"href":"https:\/\/www.upjs.sk\/prirodovedecka-fakulta\/wp-json\/wp\/v2\/pages\/14226\/revisions\/18557"}],"up":[{"embeddable":true,"href":"https:\/\/www.upjs.sk\/prirodovedecka-fakulta\/wp-json\/wp\/v2\/pages\/12908"}],"wp:attachment":[{"href":"https:\/\/www.upjs.sk\/prirodovedecka-fakulta\/wp-json\/wp\/v2\/media?parent=14226"}],"wp:term":[{"taxonomy":"category","embeddable":true,"href":"https:\/\/www.upjs.sk\/prirodovedecka-fakulta\/wp-json\/wp\/v2\/categories?post=14226"},{"taxonomy":"post_tag","embeddable":true,"href":"https:\/\/www.upjs.sk\/prirodovedecka-fakulta\/wp-json\/wp\/v2\/tags?post=14226"}],"curies":[{"name":"wp","href":"https:\/\/api.w.org\/{rel}","templated":true}]}}