{"id":14230,"date":"2008-10-10T12:45:44","date_gmt":"2008-10-10T12:45:44","guid":{"rendered":"https:\/\/www.upjs.sk\/prirodovedecka-fakulta\/root\/studium\/doktorandske\/zoznam-absolventov-a-temy-dizertacnych-prac-2005\/"},"modified":"2022-10-26T08:12:17","modified_gmt":"2022-10-26T08:12:17","slug":"zoznam-absolventov-a-temy-dizertacnych-prac-2005","status":"publish","type":"page","link":"https:\/\/www.upjs.sk\/prirodovedecka-fakulta\/studium\/doktorandske\/zoznam-absolventov-a-temy-dizertacnych-prac-2005\/","title":{"rendered":"Obh\u00e1jen\u00e9 dizerta\u010dn\u00e9 pr\u00e1ce v roku 2005"},"content":{"rendered":"<p> \u00a0<strong>1. RNDr. Jana Hajdukov\u00e1 \u2013 Diskr\u00e9tna matematika \u2013 \u0161kol. doc. RNDr. Katar\u00edna Cechl\u00e1rov\u00e1, CSc.<\/strong>\u201eThe stable partition problem\u201c<br \/> obhajoba d\u0148a 13.1.2005 na PF UPJ\u0160 v Ko\u0161iciach<\/p>\n<p> <!-- Text --> <\/p>\n<p><strong>2. RNDr. Monika Moln\u00e1rov\u00e1 \u2013 Diskr\u00e9tna matematika \u2013 \u0161kol. doc. RNDr. Martin Gavalec, CSc.<\/strong>\u201ePeriodic properties of matrices in max-plus algebra\u201c<br \/> obhajoba d\u0148a 13.1.2005\u00a0 na PF UPJ\u0160 v Ko\u0161iciach<\/p>\n<p><strong>3. RNDr. M\u00e1ria \u010cekanov\u00e1 \u2013 Genetika \u2013 \u0161kol. doc. RNDr. Peter Fedoro\u010dko, CSc.<\/strong>\u201eMechanisms of growth modulation of human lung cancer cells by pulmonary fibroblasts\u201c<br \/> obhajoba d\u0148a 25.1.2005 na PF UPJ\u0160 v Ko\u0161iciach<\/p>\n<p><strong>4. RNDr. Jozef Bednar\u010d\u00edk \u2013 Fyzika kondenzovan\u00fdch l\u00e1tok a akustika \u2013 \u0161kol. doc. RNDr. Peter Koll\u00e1r, CSc.<\/strong>\u201e\u0160trukt\u00fara a magnetick\u00e9 vlastnosti pr\u00e1\u0161kov\u00fdch materi\u00e1lov na b\u00e1ze kobaltu\u201c<br \/> obhajoba d\u0148a 15.3.2005 na PF UPJ\u0160 v Ko\u0161iciach<\/p>\n<p><strong>5. RNDr. Jana T\u00f3thov\u00e1 \u2013 Fyzika kondenzovan\u00fdch l\u00e1tok a akustika \u2013 bez \u0161kolite\u013ea<\/strong>\u201eDynamika polym\u00e9rov v roztoku s hydrodynamickou pam\u00e4\u0165ou\u201c<br \/> obhajoba d\u0148a 15.3.2005\u00a0 na PF UPJ\u0160 v Ko\u0161iciach<\/p>\n<p><strong>6. RNDr. M\u00e1ria Richterov\u00e1 \u2013 Biofyzika \u2013 \u0161kol. doc. RNDr. Vladim\u00edr Lis\u00fd, CSc.<\/strong>\u201eStatick\u00e9 a dynamick\u00e9 vlastnosti membr\u00e1n a vezik\u00fal\u201c<br \/> obhajoba d\u0148a 16.3.2005\u00a0 na FMFI UK v Bratislave<\/p>\n<p><strong>7. RNDr. Jozef Hritz \u2013 Biofyzika &#8211; \u0161kol. prof. RNDr. Pavol Mi\u0161kovsk\u00fd, DrSc.<\/strong>\u201eMolecular Modeling of Interaction of Hypericin and Phorbol Esters with Biologically Relevant Proteins\u201c<br \/> obhajoba d\u0148a 16.3.2005 na FMFI UK V Bratislave<\/p>\n<p><strong>8. RNDr. Silvia Ko\u010danov\u00e1 \u2013 Biofyzika \u2013 \u0161kol. prof. RNDr. Pavol Mi\u0161kovsk\u00fd, DrSc.<\/strong>\u201e\u0160t\u00fadium protin\u00e1dorov\u00e9ho \u00fa\u010dinku fotoakt\u00edvnej molekuly hyperic\u00ednu na U-87 MG gli\u00f3mov\u00e9 bunky: \u00faloha inhib\u00edcie prote\u00ednkin\u00e1zy C v apoptotick\u00fdch sign\u00e1lnych cest\u00e1ch\u201c<br \/> obhajoba d\u0148a 27.5.2005 na PF UPJ\u015a v Ko\u0161iciach<\/p>\n<p><strong>9. RNDr. Jozef Han\u010d \u2013 Te\u00f3ria vyu\u010dovania fyziky \u2013 \u0161kol. doc. RNDr. Slavko Chalupka, CSc.<\/strong>\u201eAplik\u00e1cia Feynmanovho pr\u00edstupu vo vyu\u010dovan\u00ed kvantovej mechaniky\u201c<br \/> obhajoba d\u0148a 22.6.2005 na PF UPJ\u0160 v Ko\u0161iciach<\/p>\n<p><strong>10. Mgr. Janka Vrl\u00e1kov\u00e1 \u2013 Jadrov\u00e1 a subjadrov\u00e1 fyzika \u2013 bez \u0161kolite\u013ea<\/strong>\u201eNe\u0161tatistick\u00e9 fluktu\u00e1cie v zr\u00e1\u017ekach relativistick\u00fdch jadier\u201c<br \/> obhajoba d\u0148a 24.6.2005 na PF UPJ\u0160 v Ko\u0161iciach<\/p>\n<p><strong>11. RNDr. Martin Humen\u00edk \u2013 Organick\u00e1 ch\u00e9mia \u2013 \u0161kol. prof. RNDr. Milan Dzurilla, CSc.<\/strong>\u201e\u0160t\u00fadium synt\u00e9zy, \u0161trukt\u00fary a biologickej aktivity glykozidov benzokamalex\u00ednu\u201c<br \/> obhajoba d\u0148a 27.6.2005 na FCHTP STU v Bratislave<\/p>\n<p><strong>12. RNDr. Rastislav Varha\u010d \u2013 Bioch\u00e9mia \u2013 \u0161kol. prof. Ing. Mari\u00e1n Antal\u00edk, DrSc.<\/strong>\u201e\u0160trukt\u00farne zmeny cytochr\u00f3mu C a jeho komplexu s kyanovod\u00edkom v denatura\u010dn\u00fdch podmienkach\u201c<br \/> obhajoba d\u0148a 7.10.2005 na PF UK v Bratislave<\/p>\n<p><strong>13. RNDr. Karla \u010cipkov\u00e1, rod. Musilov\u00e1 \u2013 Diskr\u00e9tna matematika \u2013 \u0161kol. doc. RNDr. Danica Studenovsk\u00e1, CSc<\/strong>.<br \/> \u201eGraphs induced by monounary algebras\u201c<br \/> obhajoba d\u0148a 8.11.2005 na PF UPJ\u0160 v Ko\u0161iciach<\/p>\n<p><strong>14. RNDr. Rastislav Lencses \u2013 Programov\u00e9 a informa\u010dn\u00e9 syst\u00e9my \u2013 \u0161kol. prof. RNDr. Peter Vojt\u00e1\u0161, DrSc.<\/strong>\u201eEfekt\u00edvne a ditribuovan\u00e9 algoritmy pre vyh\u013ead\u00e1vanie inform\u00e1ci\u00ed s podporou rela\u010dnej datab\u00e1zy\u201c<br \/> obhajoba d\u0148a 30.11.2005 na PF UPJ\u0160 v Ko\u0161iciach<\/p>\n<p><strong>15. RNDr. Gabriel Pavl\u00edk \u2013 Fyzika kondenzovan\u00fdch l\u00e1tok a akustika \u2013 \u0161kol. doc. RNDr. Pavol Sov\u00e1k, CSc.<\/strong>\u201e\u0160trukt\u00fara a magnetick\u00e9 vlastnosti nanokry\u0161talick\u00fdch zliatin na b\u00e1ze \u017eeleza\u201c<br \/> obhajoba d\u0148a 7.12.2005 na PF UPJ\u0160 v Ko\u0161iciach<\/p>\n<p><strong>16. RNDr. Roman Matejko \u2013 Fyzika kondenzovan\u00fdch l\u00e1tok a akustika \u2013 \u0161kol. prof. RNDr. Pavol Vojtan\u00edk, DrSc.<\/strong>\u201eVplyv pr\u00edmes\u00ed na stabilitu a magnetick\u00e9 vlastnosti zliatin typu nanoperm\u201c<br \/> obhajoba d\u0148a 7.12.2005 na PF UPJ\u0160 v Ko\u0161iciach<\/p>\n<p><strong>17. RNDr. Katar\u00edna \u0160terb\u00e1kov\u00e1 \u2013 Fyzika kondenzovan\u00fdch l\u00e1tok a akustika \u2013 \u0161kol. doc. Ing. Angela Zentkov\u00e1, CSc.<\/strong>\u201e\u0160t\u00fadium premagnetiza\u010dn\u00e9ho \u0161umu vo vybran\u00fdch r\u00fdchlochladen\u00fdch zliatin\u00e1ch\u201c<br \/> obhajoba d\u0148a 7.12.2005 na PF UPJ\u0160 v Ko\u0161iciach<\/p>\n<p><strong>18. MVDr. \u0160tef\u00e1nia \u0160anov\u00e1, rod. Klimov\u00e1 \u2013 Genetika \u2013 \u0161kol. prof. RNDr. Eva Mi\u0161\u00farov\u00e1, CSc.<\/strong>\u201eVplyv kadmia a ionizuj\u00faceho \u017eiarenia na mozog exponovan\u00fdch potkanov a ich potomkov\u201c<br \/> obhajoba d\u0148a 12.12.2005 na PF UPJ\u0160 v Ko\u0161iciach<\/p>\n<p><strong>19. RNDr. Nikoleta \u0160tellmachov\u00e1, rod. Urbanov\u00e1 \u2013 Analytick\u00e1 ch\u00e9mia \u2013 \u0161kol. doc. Mgr. Vasi\u013e Andruch, CSc.<\/strong>\u201e\u0160t\u00fadium nov\u00fdch deriv\u00e1tov iminodiacetamidu ako potenci\u00e1lnych ligandov pre optick\u00e9 senzory pre stanovenie zinku\u201c<br \/> obhajoba d\u0148a 15.12.2005 v zariaden\u00ed TU v Her\u013eanoch\u00a0\u00a0\u00a0\u00a0\u00a0\u00a0\u00a0\u00a0<\/p>\n","protected":false},"excerpt":{"rendered":"<p>\u00a01. RNDr. Jana Hajdukov\u00e1 \u2013 Diskr\u00e9tna matematika \u2013 \u0161kol. doc. RNDr. Katar\u00edna Cechl\u00e1rov\u00e1, CSc.\u201eThe stable partition problem\u201c obhajoba d\u0148a 13.1.2005 na PF UPJ\u0160 v Ko\u0161iciach 2. RNDr. Monika Moln\u00e1rov\u00e1 \u2013 Diskr\u00e9tna matematika \u2013 \u0161kol. doc. RNDr. Martin Gavalec, CSc.\u201ePeriodic properties of matrices in max-plus algebra\u201c obhajoba d\u0148a 13.1.2005\u00a0 na PF UPJ\u0160 v Ko\u0161iciach 3. RNDr. &hellip; <a href=\"https:\/\/www.upjs.sk\/prirodovedecka-fakulta\/studium\/doktorandske\/zoznam-absolventov-a-temy-dizertacnych-prac-2005\/\">\u010c\u00edta\u0165 \u010falej<\/a><\/p>\n","protected":false},"author":1,"featured_media":0,"parent":12908,"menu_order":20,"comment_status":"closed","ping_status":"closed","template":"","meta":{"_acf_changed":false,"_editorskit_title_hidden":false,"_editorskit_reading_time":0,"_editorskit_is_block_options_detached":false,"_editorskit_block_options_position":"{}","footnotes":""},"categories":[],"tags":[],"class_list":["post-14230","page","type-page","status-publish","hentry"],"acf":{"acf_link_na_externy_obsah":""},"yoast_head":"<!-- This site is optimized with the Yoast SEO plugin v27.4 - https:\/\/yoast.com\/product\/yoast-seo-wordpress\/ -->\n<title>Obh\u00e1jen\u00e9 dizerta\u010dn\u00e9 pr\u00e1ce v roku 2005 - Pr\u00edrodovedeck\u00e1 fakulta | UPJ\u0160<\/title>\n<meta name=\"robots\" content=\"index, follow, max-snippet:-1, max-image-preview:large, max-video-preview:-1\" \/>\n<link rel=\"canonical\" href=\"https:\/\/www.upjs.sk\/prirodovedecka-fakulta\/studium\/doktorandske\/zoznam-absolventov-a-temy-dizertacnych-prac-2005\/\" \/>\n<meta property=\"og:locale\" content=\"sk_SK\" \/>\n<meta property=\"og:type\" content=\"article\" \/>\n<meta property=\"og:title\" content=\"Obh\u00e1jen\u00e9 dizerta\u010dn\u00e9 pr\u00e1ce v roku 2005 - Pr\u00edrodovedeck\u00e1 fakulta | UPJ\u0160\" \/>\n<meta property=\"og:description\" content=\"\u00a01. RNDr. Jana Hajdukov\u00e1 \u2013 Diskr\u00e9tna matematika \u2013 \u0161kol. doc. RNDr. Katar\u00edna Cechl\u00e1rov\u00e1, CSc.\u201eThe stable partition problem\u201c obhajoba d\u0148a 13.1.2005 na PF UPJ\u0160 v Ko\u0161iciach 2. RNDr. Monika Moln\u00e1rov\u00e1 \u2013 Diskr\u00e9tna matematika \u2013 \u0161kol. doc. RNDr. Martin Gavalec, CSc.\u201ePeriodic properties of matrices in max-plus algebra\u201c obhajoba d\u0148a 13.1.2005\u00a0 na PF UPJ\u0160 v Ko\u0161iciach 3. RNDr. &hellip; \u010c\u00edta\u0165 \u010falej\" \/>\n<meta property=\"og:url\" content=\"https:\/\/www.upjs.sk\/prirodovedecka-fakulta\/studium\/doktorandske\/zoznam-absolventov-a-temy-dizertacnych-prac-2005\/\" \/>\n<meta property=\"og:site_name\" content=\"Pr\u00edrodovedeck\u00e1 fakulta | UPJ\u0160\" \/>\n<meta property=\"article:modified_time\" content=\"2022-10-26T08:12:17+00:00\" \/>\n<meta name=\"twitter:card\" content=\"summary_large_image\" \/>\n<meta name=\"twitter:label1\" content=\"Predpokladan\u00fd \u010das \u010d\u00edtania\" \/>\n\t<meta name=\"twitter:data1\" content=\"3 min\u00faty\" \/>\n<script type=\"application\/ld+json\" class=\"yoast-schema-graph\">{\"@context\":\"https:\\\/\\\/schema.org\",\"@graph\":[{\"@type\":\"WebPage\",\"@id\":\"https:\\\/\\\/www.upjs.sk\\\/prirodovedecka-fakulta\\\/studium\\\/doktorandske\\\/zoznam-absolventov-a-temy-dizertacnych-prac-2005\\\/\",\"url\":\"https:\\\/\\\/www.upjs.sk\\\/prirodovedecka-fakulta\\\/studium\\\/doktorandske\\\/zoznam-absolventov-a-temy-dizertacnych-prac-2005\\\/\",\"name\":\"Obh\u00e1jen\u00e9 dizerta\u010dn\u00e9 pr\u00e1ce v roku 2005 - Pr\u00edrodovedeck\u00e1 fakulta | UPJ\u0160\",\"isPartOf\":{\"@id\":\"https:\\\/\\\/www.upjs.sk\\\/prirodovedecka-fakulta\\\/#website\"},\"datePublished\":\"2008-10-10T12:45:44+00:00\",\"dateModified\":\"2022-10-26T08:12:17+00:00\",\"breadcrumb\":{\"@id\":\"https:\\\/\\\/www.upjs.sk\\\/prirodovedecka-fakulta\\\/studium\\\/doktorandske\\\/zoznam-absolventov-a-temy-dizertacnych-prac-2005\\\/#breadcrumb\"},\"inLanguage\":\"sk-SK\",\"potentialAction\":[{\"@type\":\"ReadAction\",\"target\":[\"https:\\\/\\\/www.upjs.sk\\\/prirodovedecka-fakulta\\\/studium\\\/doktorandske\\\/zoznam-absolventov-a-temy-dizertacnych-prac-2005\\\/\"]}]},{\"@type\":\"BreadcrumbList\",\"@id\":\"https:\\\/\\\/www.upjs.sk\\\/prirodovedecka-fakulta\\\/studium\\\/doktorandske\\\/zoznam-absolventov-a-temy-dizertacnych-prac-2005\\\/#breadcrumb\",\"itemListElement\":[{\"@type\":\"ListItem\",\"position\":1,\"name\":\"Home\",\"item\":\"https:\\\/\\\/www.upjs.sk\\\/prirodovedecka-fakulta\\\/\"},{\"@type\":\"ListItem\",\"position\":2,\"name\":\"O \u0161t\u00fadiu na fakulte\",\"item\":\"https:\\\/\\\/www.upjs.sk\\\/prirodovedecka-fakulta\\\/studium\\\/\"},{\"@type\":\"ListItem\",\"position\":3,\"name\":\"Doktorandsk\u00e9 \u0161t\u00fadium\",\"item\":\"https:\\\/\\\/www.upjs.sk\\\/prirodovedecka-fakulta\\\/studium\\\/doktorandske\\\/\"},{\"@type\":\"ListItem\",\"position\":4,\"name\":\"Obh\u00e1jen\u00e9 dizerta\u010dn\u00e9 pr\u00e1ce v roku 2005\"}]},{\"@type\":\"WebSite\",\"@id\":\"https:\\\/\\\/www.upjs.sk\\\/prirodovedecka-fakulta\\\/#website\",\"url\":\"https:\\\/\\\/www.upjs.sk\\\/prirodovedecka-fakulta\\\/\",\"name\":\"Pr\u00edrodovedeck\u00e1 fakulta | UPJ\u0160\",\"description\":\"\",\"publisher\":{\"@id\":\"https:\\\/\\\/www.upjs.sk\\\/prirodovedecka-fakulta\\\/#organization\"},\"potentialAction\":[{\"@type\":\"SearchAction\",\"target\":{\"@type\":\"EntryPoint\",\"urlTemplate\":\"https:\\\/\\\/www.upjs.sk\\\/prirodovedecka-fakulta\\\/?s={search_term_string}\"},\"query-input\":{\"@type\":\"PropertyValueSpecification\",\"valueRequired\":true,\"valueName\":\"search_term_string\"}}],\"inLanguage\":\"sk-SK\"},{\"@type\":\"Organization\",\"@id\":\"https:\\\/\\\/www.upjs.sk\\\/prirodovedecka-fakulta\\\/#organization\",\"name\":\"Pr\u00edrodovedeck\u00e1 fakulta | UPJ\u0160\",\"url\":\"https:\\\/\\\/www.upjs.sk\\\/prirodovedecka-fakulta\\\/\",\"logo\":{\"@type\":\"ImageObject\",\"inLanguage\":\"sk-SK\",\"@id\":\"https:\\\/\\\/www.upjs.sk\\\/prirodovedecka-fakulta\\\/#\\\/schema\\\/logo\\\/image\\\/\",\"url\":\"https:\\\/\\\/www.upjs.sk\\\/app\\\/uploads\\\/sites\\\/10\\\/2022\\\/09\\\/logo-prirodovedecka-fakulta.png\",\"contentUrl\":\"https:\\\/\\\/www.upjs.sk\\\/app\\\/uploads\\\/sites\\\/10\\\/2022\\\/09\\\/logo-prirodovedecka-fakulta.png\",\"width\":415,\"height\":87,\"caption\":\"Pr\u00edrodovedeck\u00e1 fakulta | UPJ\u0160\"},\"image\":{\"@id\":\"https:\\\/\\\/www.upjs.sk\\\/prirodovedecka-fakulta\\\/#\\\/schema\\\/logo\\\/image\\\/\"}}]}<\/script>\n<!-- \/ Yoast SEO plugin. -->","yoast_head_json":{"title":"Obh\u00e1jen\u00e9 dizerta\u010dn\u00e9 pr\u00e1ce v roku 2005 - Pr\u00edrodovedeck\u00e1 fakulta | UPJ\u0160","robots":{"index":"index","follow":"follow","max-snippet":"max-snippet:-1","max-image-preview":"max-image-preview:large","max-video-preview":"max-video-preview:-1"},"canonical":"https:\/\/www.upjs.sk\/prirodovedecka-fakulta\/studium\/doktorandske\/zoznam-absolventov-a-temy-dizertacnych-prac-2005\/","og_locale":"sk_SK","og_type":"article","og_title":"Obh\u00e1jen\u00e9 dizerta\u010dn\u00e9 pr\u00e1ce v roku 2005 - Pr\u00edrodovedeck\u00e1 fakulta | UPJ\u0160","og_description":"\u00a01. RNDr. Jana Hajdukov\u00e1 \u2013 Diskr\u00e9tna matematika \u2013 \u0161kol. doc. RNDr. Katar\u00edna Cechl\u00e1rov\u00e1, CSc.\u201eThe stable partition problem\u201c obhajoba d\u0148a 13.1.2005 na PF UPJ\u0160 v Ko\u0161iciach 2. RNDr. Monika Moln\u00e1rov\u00e1 \u2013 Diskr\u00e9tna matematika \u2013 \u0161kol. doc. RNDr. Martin Gavalec, CSc.\u201ePeriodic properties of matrices in max-plus algebra\u201c obhajoba d\u0148a 13.1.2005\u00a0 na PF UPJ\u0160 v Ko\u0161iciach 3. RNDr. &hellip; \u010c\u00edta\u0165 \u010falej","og_url":"https:\/\/www.upjs.sk\/prirodovedecka-fakulta\/studium\/doktorandske\/zoznam-absolventov-a-temy-dizertacnych-prac-2005\/","og_site_name":"Pr\u00edrodovedeck\u00e1 fakulta | UPJ\u0160","article_modified_time":"2022-10-26T08:12:17+00:00","twitter_card":"summary_large_image","twitter_misc":{"Predpokladan\u00fd \u010das \u010d\u00edtania":"3 min\u00faty"},"schema":{"@context":"https:\/\/schema.org","@graph":[{"@type":"WebPage","@id":"https:\/\/www.upjs.sk\/prirodovedecka-fakulta\/studium\/doktorandske\/zoznam-absolventov-a-temy-dizertacnych-prac-2005\/","url":"https:\/\/www.upjs.sk\/prirodovedecka-fakulta\/studium\/doktorandske\/zoznam-absolventov-a-temy-dizertacnych-prac-2005\/","name":"Obh\u00e1jen\u00e9 dizerta\u010dn\u00e9 pr\u00e1ce v roku 2005 - Pr\u00edrodovedeck\u00e1 fakulta | UPJ\u0160","isPartOf":{"@id":"https:\/\/www.upjs.sk\/prirodovedecka-fakulta\/#website"},"datePublished":"2008-10-10T12:45:44+00:00","dateModified":"2022-10-26T08:12:17+00:00","breadcrumb":{"@id":"https:\/\/www.upjs.sk\/prirodovedecka-fakulta\/studium\/doktorandske\/zoznam-absolventov-a-temy-dizertacnych-prac-2005\/#breadcrumb"},"inLanguage":"sk-SK","potentialAction":[{"@type":"ReadAction","target":["https:\/\/www.upjs.sk\/prirodovedecka-fakulta\/studium\/doktorandske\/zoznam-absolventov-a-temy-dizertacnych-prac-2005\/"]}]},{"@type":"BreadcrumbList","@id":"https:\/\/www.upjs.sk\/prirodovedecka-fakulta\/studium\/doktorandske\/zoznam-absolventov-a-temy-dizertacnych-prac-2005\/#breadcrumb","itemListElement":[{"@type":"ListItem","position":1,"name":"Home","item":"https:\/\/www.upjs.sk\/prirodovedecka-fakulta\/"},{"@type":"ListItem","position":2,"name":"O \u0161t\u00fadiu na fakulte","item":"https:\/\/www.upjs.sk\/prirodovedecka-fakulta\/studium\/"},{"@type":"ListItem","position":3,"name":"Doktorandsk\u00e9 \u0161t\u00fadium","item":"https:\/\/www.upjs.sk\/prirodovedecka-fakulta\/studium\/doktorandske\/"},{"@type":"ListItem","position":4,"name":"Obh\u00e1jen\u00e9 dizerta\u010dn\u00e9 pr\u00e1ce v roku 2005"}]},{"@type":"WebSite","@id":"https:\/\/www.upjs.sk\/prirodovedecka-fakulta\/#website","url":"https:\/\/www.upjs.sk\/prirodovedecka-fakulta\/","name":"Pr\u00edrodovedeck\u00e1 fakulta | UPJ\u0160","description":"","publisher":{"@id":"https:\/\/www.upjs.sk\/prirodovedecka-fakulta\/#organization"},"potentialAction":[{"@type":"SearchAction","target":{"@type":"EntryPoint","urlTemplate":"https:\/\/www.upjs.sk\/prirodovedecka-fakulta\/?s={search_term_string}"},"query-input":{"@type":"PropertyValueSpecification","valueRequired":true,"valueName":"search_term_string"}}],"inLanguage":"sk-SK"},{"@type":"Organization","@id":"https:\/\/www.upjs.sk\/prirodovedecka-fakulta\/#organization","name":"Pr\u00edrodovedeck\u00e1 fakulta | UPJ\u0160","url":"https:\/\/www.upjs.sk\/prirodovedecka-fakulta\/","logo":{"@type":"ImageObject","inLanguage":"sk-SK","@id":"https:\/\/www.upjs.sk\/prirodovedecka-fakulta\/#\/schema\/logo\/image\/","url":"https:\/\/www.upjs.sk\/app\/uploads\/sites\/10\/2022\/09\/logo-prirodovedecka-fakulta.png","contentUrl":"https:\/\/www.upjs.sk\/app\/uploads\/sites\/10\/2022\/09\/logo-prirodovedecka-fakulta.png","width":415,"height":87,"caption":"Pr\u00edrodovedeck\u00e1 fakulta | UPJ\u0160"},"image":{"@id":"https:\/\/www.upjs.sk\/prirodovedecka-fakulta\/#\/schema\/logo\/image\/"}}]}},"_links":{"self":[{"href":"https:\/\/www.upjs.sk\/prirodovedecka-fakulta\/wp-json\/wp\/v2\/pages\/14230","targetHints":{"allow":["GET"]}}],"collection":[{"href":"https:\/\/www.upjs.sk\/prirodovedecka-fakulta\/wp-json\/wp\/v2\/pages"}],"about":[{"href":"https:\/\/www.upjs.sk\/prirodovedecka-fakulta\/wp-json\/wp\/v2\/types\/page"}],"author":[{"embeddable":true,"href":"https:\/\/www.upjs.sk\/prirodovedecka-fakulta\/wp-json\/wp\/v2\/users\/1"}],"replies":[{"embeddable":true,"href":"https:\/\/www.upjs.sk\/prirodovedecka-fakulta\/wp-json\/wp\/v2\/comments?post=14230"}],"version-history":[{"count":1,"href":"https:\/\/www.upjs.sk\/prirodovedecka-fakulta\/wp-json\/wp\/v2\/pages\/14230\/revisions"}],"predecessor-version":[{"id":18561,"href":"https:\/\/www.upjs.sk\/prirodovedecka-fakulta\/wp-json\/wp\/v2\/pages\/14230\/revisions\/18561"}],"up":[{"embeddable":true,"href":"https:\/\/www.upjs.sk\/prirodovedecka-fakulta\/wp-json\/wp\/v2\/pages\/12908"}],"wp:attachment":[{"href":"https:\/\/www.upjs.sk\/prirodovedecka-fakulta\/wp-json\/wp\/v2\/media?parent=14230"}],"wp:term":[{"taxonomy":"category","embeddable":true,"href":"https:\/\/www.upjs.sk\/prirodovedecka-fakulta\/wp-json\/wp\/v2\/categories?post=14230"},{"taxonomy":"post_tag","embeddable":true,"href":"https:\/\/www.upjs.sk\/prirodovedecka-fakulta\/wp-json\/wp\/v2\/tags?post=14230"}],"curies":[{"name":"wp","href":"https:\/\/api.w.org\/{rel}","templated":true}]}}