{"id":14233,"date":"2009-09-08T15:07:25","date_gmt":"2009-09-08T15:07:25","guid":{"rendered":"https:\/\/www.upjs.sk\/prirodovedecka-fakulta\/root\/studium\/doktorandske\/abs-2008\/"},"modified":"2022-10-26T08:12:18","modified_gmt":"2022-10-26T08:12:18","slug":"abs-2008","status":"publish","type":"page","link":"https:\/\/www.upjs.sk\/prirodovedecka-fakulta\/studium\/doktorandske\/abs-2008\/","title":{"rendered":"Obh\u00e1jen\u00e9 dizerta\u010dn\u00e9 pr\u00e1ce v roku 2008"},"content":{"rendered":"<p><strong>1. RNDr. Jana Kiskov\u00e1 \u2013 Fyziol\u00f3gia \u017eivo\u010d\u00edchov \u2013 \u0161kol. prof. RNDr. Be\u0148adik \u0160majda, CSc.<br \/> <\/strong>\u201eZmeny spr\u00e1vania potkanov po o\u017eiaren\u00ed ionizuj\u00facim \u017eiaren\u00edm v dospelosti a po\u010das intrauterinn\u00e9ho v\u00fdvinu\u201c<br \/> obhajoba d\u0148a 13.2.2008 na PF UPJ\u0160 v Ko\u0161iciach<br \/> <strong>2. RNDr. Imrich G\u00e9ci \u2013 Organick\u00e1 ch\u00e9mia \u2013 \u0161kol. doc. RNDr. J\u00e1n Imrich, CSc.<br \/> <\/strong>\u201eSynthesis of twisted intercalating nucleic acids (TINAs) containing acridine and triazole derivatives\u201c<br \/> obhajoba d\u0148a 15.2.2008 na FCHPT STU v Bratislave<br \/> <strong>3. RNDr. M\u00e1ria Kladivov\u00e1 \u2013 Fyzika kondenzovan\u00fdch l\u00e1tok \u2013 \u0161tudijn\u00fd program \u2013 \u0161kol. doc. RNDr. Barnab\u00e1\u0161 Zagyi, CSc.<br \/> <\/strong>\u201eDynamika dom\u00e9nov\u00fdch stien v cylindrick\u00fdch amorfn\u00fdch feromagnetick\u00fdch vodi\u010doch s cirkul\u00e1rnym smerom \u013eahkej magnetiz\u00e1cie\u201c<br \/> obhajoba d\u0148a 17.3.2008 na PF UPJ\u0160 v Ko\u0161iciach<br \/> <strong>4. RNDr. Jozef Mi\u0161kuf \u2013 Diskr\u00e9tna matematika \u2013 \u0161tudijn\u00fd program \u2013 \u0161kol. prof. RNDr. Stanislav Jendro\u013e, DrSc.<br \/> <\/strong>\u201eGraph labellings\u201c<br \/> obhajoba d\u0148a 19.3.2008 na PF UPJ\u0160 v Ko\u0161iciach<br \/> <strong>5. RNDr. Martin Savko \u2013 Biofyzika \u2013 \u0161kol. doc. RNDr. Jozef Uli\u010dn\u00fd, CSc.<br \/> <\/strong>\u201eTeoretick\u00e9 \u0161t\u00fadium vlastnost\u00ed fotoakt\u00edvnych hydroxychin\u00f3nov \u2013 te\u00f3ria funkcion\u00e1lu \u010dasovo z\u00e1vislej hustoty a experiment\u201c<br \/> obhajoba d\u0148a 21.4.2008 na FMFI UK v Bratislave<br \/> <strong>6. RNDr. Zolt\u00e1n Kuscsik \u2013 V\u0161eobecn\u00e1 fyzika a matematick\u00e1 fyzika \u2013 \u0161tudijn\u00fd program \u2013 \u0161kol. doc. RNDr. Denis Horv\u00e1th, CSc.<br \/> <\/strong>\u201eThe statistical theory of multi-agent systems with emphasis on the identification of power-law distributions\u201c<br \/> obhajoba d\u0148a 26.6.2008 na PF UPJ\u0160 v Ko\u0161iciach<br \/> <strong>7. RNDr. Eva \u010cukanov\u00e1 \u2013 Te\u00f3ria vyu\u010dovania fyziky \u2013 \u0161kol. prof. Ing. Slavko Chalupka, CSc.<br \/> <\/strong>\u201eInov\u00e1cia obsahu fyzik\u00e1lneho vzdel\u00e1vania na gymn\u00e1ziu\u201c<br \/> obhajoba d\u0148a 9.7.2008 na PF UPJ\u0160 v Ko\u0161iciach<br \/> <strong>8. RNDr. Franti\u0161ek Franko \u2013 Te\u00f3ria vyu\u010dovania fyziky \u2013 \u0161kol. RNDr. Alexander Dirner, CSc.<br \/> <\/strong>\u201ePopulariz\u00e1cia fyziky met\u00f3dou komplement\u00e1rnych podujat\u00ed s vyu\u017eit\u00edm prostriedkov IKT\u201c<br \/> obhajoba d\u0148a 9.7.2008 na PF UPJ\u0160 v Ko\u0161iciach<br \/> <strong>9. RNDr. Ivan Du\u013ea \u2013 Te\u00f3ria vyu\u010dovania fyziky \u2013 \u0161kol. prof. Ing. Slavko Chalupka, CSc.<br \/> <\/strong>\u201ePr\u00edprava nadan\u00fdch \u017eiakov na rie\u0161enie \u00faloh fyzik\u00e1lnej olympi\u00e1dy kateg\u00f3rie D prostredn\u00edctvom di\u0161tan\u010dn\u00e9ho kurzu\u201c<br \/> obhajoba d\u0148a 9.7.2008 na PF UPJ\u0160 v Ko\u0161iciach<br \/> <strong>10. RNDr. Sabina Lehock\u00e1 \u2013 Jadrov\u00e1 a subjadrov\u00e1 fyzika \u2013 \u0161kol. prof. RNDr. Stanislav Vok\u00e1l, DrSc.<br \/> <\/strong>\u201eCentr\u00e1lne zr\u00e1\u017eky relativistick\u00fdch jadier\u201c<br \/> obhajoba d\u0148a 22.8.2008 na PF UPJ\u0160 v Ko\u0161iciach<br \/> <strong>11. RNDr. Kazi Md. Abul Firoz \u2013 Jadrov\u00e1 a subjadrov\u00e1 fyzika \u2013 \u0161tudijn\u00fd program \u2013 \u0161kol. prof. Ing. Karel Kudela, DrSc.<br \/> <\/strong>\u201eCosmic Rays and Space Weather\u201c<br \/> obhajoba d\u0148a 22.8.2008 na PF UPJ\u0160 v Ko\u0161iciach<br \/> <strong>12. RNDr. Jozef Seker\u00e1k \u2013 Te\u00f3ria vyu\u010dovania matematiky \u2013 \u0161tudijn\u00fd program \u2013 \u0161kol. doc. RNDr. Du\u0161an \u0160veda, CSc.<br \/> <\/strong>\u201eDiagnostikovanie a rozv\u00edjanie k\u013e\u00fa\u010dov\u00fdch kompetenci\u00ed v matematickom vzdel\u00e1van\u00ed\u201c<br \/> obhajoba d\u0148a 25.8.2008 na PF UPJ\u0160 v Ko\u0161iciach<br \/> <strong>13. RNDr. Lucia \u010canov\u00e1 \u2013 V\u0161eobecn\u00e1 fyzika a matematick\u00e1 fyzika \u2013 \u0161tudijn\u00fd program \u2013 \u0161kol. doc. RNDr. Michal Ja\u0161\u010dur, CSc.<\/strong><br \/> \u201eTeoretick\u00e9 \u0161t\u00fadium geometrickej frustr\u00e1cie v exaktne rie\u0161ite\u013en\u00fdch Isingov\u00fdch-Heisenbergov\u00fdch modeloch\u201c<br \/> obhajoba d\u0148a 19.9.2008 na PF UPJ\u0160 v Ko\u0161iciach<br \/> <strong>14. RNDr. J\u00e1n Dely \u2013 V\u0161eobecn\u00e1 fyzika a matematick\u00e1 fyzika \u2013 \u0161tudijn\u00fd program \u2013 \u0161kol. prof. RNDr. Andrej Bob\u00e1k, DrSc.<br \/> <\/strong>\u201eTeoretick\u00e9 \u0161t\u00fadium magnetick\u00fdch vlastnost\u00ed tern\u00e1rnych zliatin so \u0161trukt\u00farou anal\u00f3gov Pruskej modrej\u201c<br \/> obhajoba d\u0148a 19.9.2008 na PF UPJ\u0160 v Ko\u0161iciach<br \/> <strong>15. RNDr. Peter Gursk\u00fd \u2013 Informatika \u2013 \u0161tudijn\u00fd program \u2013 \u0161kol. prof. RNDr. Peter Vojt\u00e1\u0161, DrSc.<br \/> <\/strong>\u201eSearching Top-k objects for many users\u201c<br \/> obhajoba d\u0148a 22.9.2008 na PF UPJ\u0160 v Ko\u0161iciach<br \/> <strong>16. RNDr. Tom\u00e1\u0161 Horv\u00e1th \u2013 Programov\u00e9 a informa\u010dn\u00e9 syst\u00e9my \u2013 \u0161kol. prof. RNDr. Peter Vojt\u00e1\u0161, DrSc.<br \/> <\/strong>\u201eUser Preference Learning by Induction of Fuzzy and Annotated Logic Programs\u201c<br \/> obhajoba d\u0148a 22.9.2008 na PF UPJ\u0160 v Ko\u0161iciach<br \/> <strong>17. RNDr. Jarom\u00edr Mike\u0161 \u2013 Genetika \u2013 \u0161kol. prof. RNDr. Peter Fedoro\u010dko, CSc.<br \/> <\/strong>\u201eSensitivity of normal versus tumour colon epithelial cells towards photodynamic therapy with hypericin and implication of p53 status in efficiency of this therapeutic approach\u201c<br \/> obhajoba d\u0148a 23.9.2008 na PF UPJ\u0160 v Ko\u0161iciach<br \/> <strong>18. RNDr. T\u00edmea T\u00f3thov\u00e1 \u2013 Bioch\u00e9mia \u2013 \u0161tudijn\u00fd program \u2013 \u0161kol. doc. RNDr. Peter Prista\u0161, CSc.<br \/> <\/strong>\u201eHorizont\u00e1lny prenos g\u00e9nov v komplexn\u00fdch mikrobi\u00e1lnych ekosyst\u00e9moch\u201c<br \/> obhajoba d\u0148a 24.9.2008. na PF UPJ\u0160 v Ko\u0161iciach<br \/> <strong>19. RNDr. Ivana Kov\u00e1rov\u00e1 \u2013 Te\u00f3ria vyu\u010dovania matematiky \u2013 \u0161tudijn\u00fd program \u2013 \u0161kol. doc. RNDr. Mat\u00fa\u0161 Harminc, CSc.<br \/> <\/strong>\u201eDif\u00fazne slovn\u00e9 \u00falohy\u201c<br \/> obhajoba d\u0148a 26.9.2008 na PF UPJ\u0160 v Ko\u0161iciach<br \/> <strong>20. Mgr. Tom\u00e1\u0161 Hreus \u2013 Jadrov\u00e1 a subjadrov\u00e1 fyzika \u2013 RNDr. Jozef Urb\u00e1n, CSc.<br \/> <\/strong>\u201eStudies of diffractive scatteringt of photons at large momentum transfer and of the VFPS detector at HERA\u201c<br \/> obhajoba d\u0148a 26.9.2008 na Universit\u00e9 Libre de Bruxelles<br \/> <strong>21. RNDr. J\u00e1n Hanko \u2013 Fyzika kondenzovan\u00fdch l\u00e1tok \u2013 \u0161tudijn\u00fd program \u2013 \u0161kol. doc. Ing. Martin Orend\u00e1\u010d, CSc.<br \/> <\/strong>\u201e\u0160t\u00fadium nekonven\u010dn\u00fdch magnetick\u00fdch syst\u00e9mov pri n\u00edzkych teplot\u00e1ch\u201c<br \/> obhajoba d\u0148a 29.9.2008 na PF UPJ\u0160 v Ko\u0161iciach<br \/> <strong>22. RNDr. Daniel Klein \u2013 Diskr\u00e9tna matematika \u2013 \u0161tudijn\u00fd program \u2013 \u0161kol. doc. RNDr. Ivan \u017de\u017eula, CSc.<br \/> <\/strong>\u201eSelected estimation problems in the growth curve model\u201c<br \/> obhajoba d\u0148a 30.9.2008 na PF UPJ\u0160 v Ko\u0161iciach<br \/> <strong>23. RNDr. Radovan Engel \u2013 Te\u00f3ria vyu\u010dovania matematiky \u2013 \u0161kol. doc. RNDr. Du\u0161an \u0160veda, CSc.<br \/> <\/strong>\u201eE-learning vo vyu\u010dovan\u00ed matematiky\u201c<br \/> obhajoba d\u0148a 8.10.2008 na PF UPJ\u0160 v Ko\u0161iciach<br \/> <strong>24. RNDr. Ingrid Min\u010f\u00e1kov\u00e1 &#8211; Te\u00f3ria vyu\u010dovania matematiky \u2013 \u0161kol. doc. RNDr. Du\u0161an \u0160veda, CSc.<br \/> <\/strong>\u201eTvorba syst\u00e9mov \u00faloh a ich implement\u00e1cia do zbierky \u00faloh\u201c<br \/> obhajoba d\u0148a 8.10.2008 na PF UPJ\u0160 v Ko\u0161iciach<br \/> <strong>25. RNDr. R\u00f3bert Hajduk \u2013 Diskr\u00e9tna matematika \u2013 \u0161tudijn\u00fd program \u2013 \u0161kol. doc. RNDr. Roman Sot\u00e1k, PhD.<br \/> <\/strong>\u201e\u0160truktur\u00e1lne vlastnosti grafov\u201c<br \/> obhajoba d\u0148a 28.10.2008 na PF UPJ\u0160 v Ko\u0161iciach<br \/> <strong>26. RNDr. Peter Katreni\u010d \u2013 Diskr\u00e9tna matematika \u2013 \u0161tudijn\u00fd program \u2013 \u0161kol. doc. RNDr. Gabriel Semani\u0161in, PhD.<br \/> <\/strong>\u201eGraph decompositions with respect to specified hereditary properties\u201c<br \/> obhajoba d\u0148a 28.10.2008 na PF UPJ\u0160 v Ko\u0161iciach<br \/> <strong>27. RNDr. Janka Oravcov\u00e1 \u2013 Diskr\u00e9tna matematika \u2013 \u0161tudijn\u00fd program \u2013 \u0161kol. doc. RNDr. Roman Sot\u00e1k, PhD.<br \/> <\/strong>\u201eFarebn\u00e9 invarianty grafov\u201c<br \/> obhajoba d\u0148a 25.11.2008 na PF UPJ\u0160 v Ko\u0161iciach<br \/> <strong>28. RNDr. Ivan Mojsej \u2013 Te\u00f3ria vyu\u010dovania matematiky \u2013 \u0161kol. doc. RNDr. J\u00e1n Ohriska, CSc.<br \/> <\/strong>\u201eAsymptotic and oscillatory properties of solutions of differential equations\u201c<br \/> obhajoba d\u0148a 10.12.2008 na PF UPJ\u0160 v Ko\u0161iciach<br \/> <strong>29. RNDr. Danka Bruothov\u00e1 \u2013 Te\u00f3ria vyu\u010dovania matematiky \u2013 \u0161kol. prof. RNDr. Stanislav Jendro\u013e, DrSc.<br \/> <\/strong>\u201e\u00dalohy matematickej optimaliz\u00e1cie vo vyu\u010dovan\u00ed matematiky\u201c<br \/> obhajoba d\u0148a 10.12.2008 na PF UPJ\u0160 v Ko\u0161iciach<br \/> \u00a0<\/p>\n","protected":false},"excerpt":{"rendered":"<p>1. RNDr. Jana Kiskov\u00e1 \u2013 Fyziol\u00f3gia \u017eivo\u010d\u00edchov \u2013 \u0161kol. prof. RNDr. Be\u0148adik \u0160majda, CSc. \u201eZmeny spr\u00e1vania potkanov po o\u017eiaren\u00ed ionizuj\u00facim \u017eiaren\u00edm v dospelosti a po\u010das intrauterinn\u00e9ho v\u00fdvinu\u201c obhajoba d\u0148a 13.2.2008 na PF UPJ\u0160 v Ko\u0161iciach 2. RNDr. Imrich G\u00e9ci \u2013 Organick\u00e1 ch\u00e9mia \u2013 \u0161kol. doc. RNDr. J\u00e1n Imrich, CSc. \u201eSynthesis of twisted intercalating nucleic acids &hellip; <a href=\"https:\/\/www.upjs.sk\/prirodovedecka-fakulta\/studium\/doktorandske\/abs-2008\/\">\u010c\u00edta\u0165 \u010falej<\/a><\/p>\n","protected":false},"author":1,"featured_media":0,"parent":12908,"menu_order":23,"comment_status":"closed","ping_status":"closed","template":"","meta":{"_acf_changed":false,"_editorskit_title_hidden":false,"_editorskit_reading_time":0,"_editorskit_is_block_options_detached":false,"_editorskit_block_options_position":"{}","footnotes":""},"categories":[],"tags":[],"class_list":["post-14233","page","type-page","status-publish","hentry"],"acf":{"acf_link_na_externy_obsah":""},"yoast_head":"<!-- This site is optimized with the Yoast SEO plugin v27.4 - https:\/\/yoast.com\/product\/yoast-seo-wordpress\/ -->\n<title>Obh\u00e1jen\u00e9 dizerta\u010dn\u00e9 pr\u00e1ce v roku 2008 - Pr\u00edrodovedeck\u00e1 fakulta | UPJ\u0160<\/title>\n<meta name=\"robots\" content=\"index, follow, max-snippet:-1, max-image-preview:large, max-video-preview:-1\" \/>\n<link rel=\"canonical\" href=\"https:\/\/www.upjs.sk\/prirodovedecka-fakulta\/studium\/doktorandske\/abs-2008\/\" \/>\n<meta property=\"og:locale\" content=\"sk_SK\" \/>\n<meta property=\"og:type\" content=\"article\" \/>\n<meta property=\"og:title\" content=\"Obh\u00e1jen\u00e9 dizerta\u010dn\u00e9 pr\u00e1ce v roku 2008 - Pr\u00edrodovedeck\u00e1 fakulta | UPJ\u0160\" \/>\n<meta property=\"og:description\" content=\"1. RNDr. Jana Kiskov\u00e1 \u2013 Fyziol\u00f3gia \u017eivo\u010d\u00edchov \u2013 \u0161kol. prof. RNDr. Be\u0148adik \u0160majda, CSc. \u201eZmeny spr\u00e1vania potkanov po o\u017eiaren\u00ed ionizuj\u00facim \u017eiaren\u00edm v dospelosti a po\u010das intrauterinn\u00e9ho v\u00fdvinu\u201c obhajoba d\u0148a 13.2.2008 na PF UPJ\u0160 v Ko\u0161iciach 2. RNDr. Imrich G\u00e9ci \u2013 Organick\u00e1 ch\u00e9mia \u2013 \u0161kol. doc. RNDr. J\u00e1n Imrich, CSc. \u201eSynthesis of twisted intercalating nucleic acids &hellip; \u010c\u00edta\u0165 \u010falej\" \/>\n<meta property=\"og:url\" content=\"https:\/\/www.upjs.sk\/prirodovedecka-fakulta\/studium\/doktorandske\/abs-2008\/\" \/>\n<meta property=\"og:site_name\" content=\"Pr\u00edrodovedeck\u00e1 fakulta | UPJ\u0160\" \/>\n<meta property=\"article:modified_time\" content=\"2022-10-26T08:12:18+00:00\" \/>\n<meta name=\"twitter:card\" content=\"summary_large_image\" \/>\n<meta name=\"twitter:label1\" content=\"Predpokladan\u00fd \u010das \u010d\u00edtania\" \/>\n\t<meta name=\"twitter:data1\" content=\"5 min\u00fat\" \/>\n<script type=\"application\/ld+json\" class=\"yoast-schema-graph\">{\"@context\":\"https:\\\/\\\/schema.org\",\"@graph\":[{\"@type\":\"WebPage\",\"@id\":\"https:\\\/\\\/www.upjs.sk\\\/prirodovedecka-fakulta\\\/studium\\\/doktorandske\\\/abs-2008\\\/\",\"url\":\"https:\\\/\\\/www.upjs.sk\\\/prirodovedecka-fakulta\\\/studium\\\/doktorandske\\\/abs-2008\\\/\",\"name\":\"Obh\u00e1jen\u00e9 dizerta\u010dn\u00e9 pr\u00e1ce v roku 2008 - Pr\u00edrodovedeck\u00e1 fakulta | UPJ\u0160\",\"isPartOf\":{\"@id\":\"https:\\\/\\\/www.upjs.sk\\\/prirodovedecka-fakulta\\\/#website\"},\"datePublished\":\"2009-09-08T15:07:25+00:00\",\"dateModified\":\"2022-10-26T08:12:18+00:00\",\"breadcrumb\":{\"@id\":\"https:\\\/\\\/www.upjs.sk\\\/prirodovedecka-fakulta\\\/studium\\\/doktorandske\\\/abs-2008\\\/#breadcrumb\"},\"inLanguage\":\"sk-SK\",\"potentialAction\":[{\"@type\":\"ReadAction\",\"target\":[\"https:\\\/\\\/www.upjs.sk\\\/prirodovedecka-fakulta\\\/studium\\\/doktorandske\\\/abs-2008\\\/\"]}]},{\"@type\":\"BreadcrumbList\",\"@id\":\"https:\\\/\\\/www.upjs.sk\\\/prirodovedecka-fakulta\\\/studium\\\/doktorandske\\\/abs-2008\\\/#breadcrumb\",\"itemListElement\":[{\"@type\":\"ListItem\",\"position\":1,\"name\":\"Home\",\"item\":\"https:\\\/\\\/www.upjs.sk\\\/prirodovedecka-fakulta\\\/\"},{\"@type\":\"ListItem\",\"position\":2,\"name\":\"O \u0161t\u00fadiu na fakulte\",\"item\":\"https:\\\/\\\/www.upjs.sk\\\/prirodovedecka-fakulta\\\/studium\\\/\"},{\"@type\":\"ListItem\",\"position\":3,\"name\":\"Doktorandsk\u00e9 \u0161t\u00fadium\",\"item\":\"https:\\\/\\\/www.upjs.sk\\\/prirodovedecka-fakulta\\\/studium\\\/doktorandske\\\/\"},{\"@type\":\"ListItem\",\"position\":4,\"name\":\"Obh\u00e1jen\u00e9 dizerta\u010dn\u00e9 pr\u00e1ce v roku 2008\"}]},{\"@type\":\"WebSite\",\"@id\":\"https:\\\/\\\/www.upjs.sk\\\/prirodovedecka-fakulta\\\/#website\",\"url\":\"https:\\\/\\\/www.upjs.sk\\\/prirodovedecka-fakulta\\\/\",\"name\":\"Pr\u00edrodovedeck\u00e1 fakulta | UPJ\u0160\",\"description\":\"\",\"publisher\":{\"@id\":\"https:\\\/\\\/www.upjs.sk\\\/prirodovedecka-fakulta\\\/#organization\"},\"potentialAction\":[{\"@type\":\"SearchAction\",\"target\":{\"@type\":\"EntryPoint\",\"urlTemplate\":\"https:\\\/\\\/www.upjs.sk\\\/prirodovedecka-fakulta\\\/?s={search_term_string}\"},\"query-input\":{\"@type\":\"PropertyValueSpecification\",\"valueRequired\":true,\"valueName\":\"search_term_string\"}}],\"inLanguage\":\"sk-SK\"},{\"@type\":\"Organization\",\"@id\":\"https:\\\/\\\/www.upjs.sk\\\/prirodovedecka-fakulta\\\/#organization\",\"name\":\"Pr\u00edrodovedeck\u00e1 fakulta | UPJ\u0160\",\"url\":\"https:\\\/\\\/www.upjs.sk\\\/prirodovedecka-fakulta\\\/\",\"logo\":{\"@type\":\"ImageObject\",\"inLanguage\":\"sk-SK\",\"@id\":\"https:\\\/\\\/www.upjs.sk\\\/prirodovedecka-fakulta\\\/#\\\/schema\\\/logo\\\/image\\\/\",\"url\":\"https:\\\/\\\/www.upjs.sk\\\/app\\\/uploads\\\/sites\\\/10\\\/2022\\\/09\\\/logo-prirodovedecka-fakulta.png\",\"contentUrl\":\"https:\\\/\\\/www.upjs.sk\\\/app\\\/uploads\\\/sites\\\/10\\\/2022\\\/09\\\/logo-prirodovedecka-fakulta.png\",\"width\":415,\"height\":87,\"caption\":\"Pr\u00edrodovedeck\u00e1 fakulta | UPJ\u0160\"},\"image\":{\"@id\":\"https:\\\/\\\/www.upjs.sk\\\/prirodovedecka-fakulta\\\/#\\\/schema\\\/logo\\\/image\\\/\"}}]}<\/script>\n<!-- \/ Yoast SEO plugin. -->","yoast_head_json":{"title":"Obh\u00e1jen\u00e9 dizerta\u010dn\u00e9 pr\u00e1ce v roku 2008 - Pr\u00edrodovedeck\u00e1 fakulta | UPJ\u0160","robots":{"index":"index","follow":"follow","max-snippet":"max-snippet:-1","max-image-preview":"max-image-preview:large","max-video-preview":"max-video-preview:-1"},"canonical":"https:\/\/www.upjs.sk\/prirodovedecka-fakulta\/studium\/doktorandske\/abs-2008\/","og_locale":"sk_SK","og_type":"article","og_title":"Obh\u00e1jen\u00e9 dizerta\u010dn\u00e9 pr\u00e1ce v roku 2008 - Pr\u00edrodovedeck\u00e1 fakulta | UPJ\u0160","og_description":"1. RNDr. Jana Kiskov\u00e1 \u2013 Fyziol\u00f3gia \u017eivo\u010d\u00edchov \u2013 \u0161kol. prof. RNDr. Be\u0148adik \u0160majda, CSc. \u201eZmeny spr\u00e1vania potkanov po o\u017eiaren\u00ed ionizuj\u00facim \u017eiaren\u00edm v dospelosti a po\u010das intrauterinn\u00e9ho v\u00fdvinu\u201c obhajoba d\u0148a 13.2.2008 na PF UPJ\u0160 v Ko\u0161iciach 2. RNDr. Imrich G\u00e9ci \u2013 Organick\u00e1 ch\u00e9mia \u2013 \u0161kol. doc. RNDr. J\u00e1n Imrich, CSc. \u201eSynthesis of twisted intercalating nucleic acids &hellip; \u010c\u00edta\u0165 \u010falej","og_url":"https:\/\/www.upjs.sk\/prirodovedecka-fakulta\/studium\/doktorandske\/abs-2008\/","og_site_name":"Pr\u00edrodovedeck\u00e1 fakulta | UPJ\u0160","article_modified_time":"2022-10-26T08:12:18+00:00","twitter_card":"summary_large_image","twitter_misc":{"Predpokladan\u00fd \u010das \u010d\u00edtania":"5 min\u00fat"},"schema":{"@context":"https:\/\/schema.org","@graph":[{"@type":"WebPage","@id":"https:\/\/www.upjs.sk\/prirodovedecka-fakulta\/studium\/doktorandske\/abs-2008\/","url":"https:\/\/www.upjs.sk\/prirodovedecka-fakulta\/studium\/doktorandske\/abs-2008\/","name":"Obh\u00e1jen\u00e9 dizerta\u010dn\u00e9 pr\u00e1ce v roku 2008 - Pr\u00edrodovedeck\u00e1 fakulta | UPJ\u0160","isPartOf":{"@id":"https:\/\/www.upjs.sk\/prirodovedecka-fakulta\/#website"},"datePublished":"2009-09-08T15:07:25+00:00","dateModified":"2022-10-26T08:12:18+00:00","breadcrumb":{"@id":"https:\/\/www.upjs.sk\/prirodovedecka-fakulta\/studium\/doktorandske\/abs-2008\/#breadcrumb"},"inLanguage":"sk-SK","potentialAction":[{"@type":"ReadAction","target":["https:\/\/www.upjs.sk\/prirodovedecka-fakulta\/studium\/doktorandske\/abs-2008\/"]}]},{"@type":"BreadcrumbList","@id":"https:\/\/www.upjs.sk\/prirodovedecka-fakulta\/studium\/doktorandske\/abs-2008\/#breadcrumb","itemListElement":[{"@type":"ListItem","position":1,"name":"Home","item":"https:\/\/www.upjs.sk\/prirodovedecka-fakulta\/"},{"@type":"ListItem","position":2,"name":"O \u0161t\u00fadiu na fakulte","item":"https:\/\/www.upjs.sk\/prirodovedecka-fakulta\/studium\/"},{"@type":"ListItem","position":3,"name":"Doktorandsk\u00e9 \u0161t\u00fadium","item":"https:\/\/www.upjs.sk\/prirodovedecka-fakulta\/studium\/doktorandske\/"},{"@type":"ListItem","position":4,"name":"Obh\u00e1jen\u00e9 dizerta\u010dn\u00e9 pr\u00e1ce v roku 2008"}]},{"@type":"WebSite","@id":"https:\/\/www.upjs.sk\/prirodovedecka-fakulta\/#website","url":"https:\/\/www.upjs.sk\/prirodovedecka-fakulta\/","name":"Pr\u00edrodovedeck\u00e1 fakulta | UPJ\u0160","description":"","publisher":{"@id":"https:\/\/www.upjs.sk\/prirodovedecka-fakulta\/#organization"},"potentialAction":[{"@type":"SearchAction","target":{"@type":"EntryPoint","urlTemplate":"https:\/\/www.upjs.sk\/prirodovedecka-fakulta\/?s={search_term_string}"},"query-input":{"@type":"PropertyValueSpecification","valueRequired":true,"valueName":"search_term_string"}}],"inLanguage":"sk-SK"},{"@type":"Organization","@id":"https:\/\/www.upjs.sk\/prirodovedecka-fakulta\/#organization","name":"Pr\u00edrodovedeck\u00e1 fakulta | UPJ\u0160","url":"https:\/\/www.upjs.sk\/prirodovedecka-fakulta\/","logo":{"@type":"ImageObject","inLanguage":"sk-SK","@id":"https:\/\/www.upjs.sk\/prirodovedecka-fakulta\/#\/schema\/logo\/image\/","url":"https:\/\/www.upjs.sk\/app\/uploads\/sites\/10\/2022\/09\/logo-prirodovedecka-fakulta.png","contentUrl":"https:\/\/www.upjs.sk\/app\/uploads\/sites\/10\/2022\/09\/logo-prirodovedecka-fakulta.png","width":415,"height":87,"caption":"Pr\u00edrodovedeck\u00e1 fakulta | UPJ\u0160"},"image":{"@id":"https:\/\/www.upjs.sk\/prirodovedecka-fakulta\/#\/schema\/logo\/image\/"}}]}},"_links":{"self":[{"href":"https:\/\/www.upjs.sk\/prirodovedecka-fakulta\/wp-json\/wp\/v2\/pages\/14233","targetHints":{"allow":["GET"]}}],"collection":[{"href":"https:\/\/www.upjs.sk\/prirodovedecka-fakulta\/wp-json\/wp\/v2\/pages"}],"about":[{"href":"https:\/\/www.upjs.sk\/prirodovedecka-fakulta\/wp-json\/wp\/v2\/types\/page"}],"author":[{"embeddable":true,"href":"https:\/\/www.upjs.sk\/prirodovedecka-fakulta\/wp-json\/wp\/v2\/users\/1"}],"replies":[{"embeddable":true,"href":"https:\/\/www.upjs.sk\/prirodovedecka-fakulta\/wp-json\/wp\/v2\/comments?post=14233"}],"version-history":[{"count":1,"href":"https:\/\/www.upjs.sk\/prirodovedecka-fakulta\/wp-json\/wp\/v2\/pages\/14233\/revisions"}],"predecessor-version":[{"id":18564,"href":"https:\/\/www.upjs.sk\/prirodovedecka-fakulta\/wp-json\/wp\/v2\/pages\/14233\/revisions\/18564"}],"up":[{"embeddable":true,"href":"https:\/\/www.upjs.sk\/prirodovedecka-fakulta\/wp-json\/wp\/v2\/pages\/12908"}],"wp:attachment":[{"href":"https:\/\/www.upjs.sk\/prirodovedecka-fakulta\/wp-json\/wp\/v2\/media?parent=14233"}],"wp:term":[{"taxonomy":"category","embeddable":true,"href":"https:\/\/www.upjs.sk\/prirodovedecka-fakulta\/wp-json\/wp\/v2\/categories?post=14233"},{"taxonomy":"post_tag","embeddable":true,"href":"https:\/\/www.upjs.sk\/prirodovedecka-fakulta\/wp-json\/wp\/v2\/tags?post=14233"}],"curies":[{"name":"wp","href":"https:\/\/api.w.org\/{rel}","templated":true}]}}