{"id":14255,"date":"2022-09-27T11:03:02","date_gmt":"2022-09-27T11:03:02","guid":{"rendered":"https:\/\/www.upjs.sk\/prirodovedecka-fakulta\/root\/veda-vyskum\/habilitacne-vymenuvacie-konanie\/"},"modified":"2023-10-26T14:50:50","modified_gmt":"2023-10-26T13:50:50","slug":"habilitacne-vymenuvacie-konanie","status":"publish","type":"page","link":"https:\/\/www.upjs.sk\/prirodovedecka-fakulta\/veda-vyskum\/habilitacne-vymenuvacie-konanie\/","title":{"rendered":"Habilita\u010dn\u00e9 a inaugura\u010dn\u00e9 konanie"},"content":{"rendered":"<style>.kb-image14255_079659-a7.kb-image-is-ratio-size, .kb-image14255_079659-a7 .kb-image-is-ratio-size{max-width:569px;width:100%;}.wp-block-kadence-column > .kt-inside-inner-col > .kb-image14255_079659-a7.kb-image-is-ratio-size, .wp-block-kadence-column > .kt-inside-inner-col > .kb-image14255_079659-a7 .kb-image-is-ratio-size{align-self:unset;}.kb-image14255_079659-a7 figure{max-width:569px;}.kb-image14255_079659-a7 .image-is-svg, .kb-image14255_079659-a7 .image-is-svg img{width:100%;}.kb-image14255_079659-a7 .kb-image-has-overlay:after{opacity:0.3;}.kb-image14255_079659-a7 img.kb-img, .kb-image14255_079659-a7 .kb-img img{box-shadow:0px 6px 14px 0px rgba(0, 0, 0, 0.25);}<\/style>\n<div class=\"wp-block-kadence-image kb-image14255_079659-a7\"><figure class=\"aligncenter size-full\"><a href=\"https:\/\/haik.upjs.sk\/\" class=\"kb-advanced-image-link\"><img loading=\"lazy\" decoding=\"async\" width=\"761\" height=\"241\" src=\"https:\/\/www.upjs.sk\/app\/uploads\/sites\/10\/2022\/09\/HAIK.jpg\" alt=\"\" class=\"kb-img wp-image-14256\" srcset=\"https:\/\/www.upjs.sk\/app\/uploads\/sites\/10\/2022\/09\/HAIK.jpg 761w, https:\/\/www.upjs.sk\/app\/uploads\/sites\/10\/2022\/09\/HAIK-300x95.jpg 300w\" sizes=\"auto, (max-width: 761px) 100vw, 761px\" \/><\/a><\/figure><\/div>\n\n\n\n<div style=\"height:23px\" aria-hidden=\"true\" class=\"wp-block-spacer\"><\/div>\n\n\n\n<ul class=\"wp-block-list\">\n<li><a href=\"\/public\/media\/2772\/Zoznam_odborov_HAIK_PFUPJS.pdf\" target=\"_blank\" rel=\"noopener\" class=\"ek-link\">Zoznam odborov habilita\u010dn\u00e9ho a inaugura\u010dn\u00e9ho konania, v ktor\u00fdch Pr\u00edrodovedeck\u00e1 fakulta UPJ\u0160 m\u00e1 pr\u00e1vo uskuto\u010d\u0148ova\u0165 habilita\u010dn\u00e9 a inaugura\u010dn\u00e9 konanie<\/a><\/li>\n\n\n\n<li><a href=\"\/public\/media\/2772\/ZZ_2019_246_20190901.pdf\" target=\"_blank\" rel=\"noopener\">Vyhl\u00e1\u0161ka M\u0160VVa\u0160 SR&nbsp; z 22.07.2019 o postupe z\u00edskavania vedecko-pedagogick\u00fdch titulov a umelecko-pedagogick\u00fdch titulov docent a profesor<\/a> <\/li>\n\n\n\n<li><a href=\"\/public\/media\/2772\/RR_1_2021_postup_ziskavania_titulov_docent_profesor.pdf\" target=\"_blank\" rel=\"noopener\">RR \u010d.1\/2021 \u2013 postup pred za\u010dat\u00edm habilita\u010dn\u00e9ho a inaugura\u010dn\u00e9ho konania<\/a>&nbsp; &nbsp;<\/li>\n\n\n\n<li><a href=\"\/public\/media\/2772\/ROHIK.pdf\" target=\"_blank\" rel=\"noopener\">Rady odborov habilita\u010dn\u00e9ho a inaugura\u010dn\u00e9ho konania (ROHIK) na PF UPJ\u0160<\/a><\/li>\n\n\n\n<li><a href=\"https:\/\/www.upjs.sk\/app\/uploads\/sites\/10\/2023\/10\/03_RR_c2_2021_kriteria_HaI_konania_2020_final-na-PF.pdf\" target=\"_blank\" aria-label=\"RR \u010d.2\/2021 \u2013 krit\u00e9ri\u00e1 na z\u00edskanie titulov docent a profesor na PF UPJ\u0160 (opens in a new tab)\" rel=\"noreferrer noopener\" class=\"ek-link\">RR \u010d.2\/2021 \u2013 krit\u00e9ri\u00e1 na z\u00edskanie titulov docent a profesor na PF UPJ\u0160<\/a> <\/li>\n\n\n\n<li><a href=\"\/public\/media\/2772\/RR11_2021_kriteria_vyberu_clenov_oponentov_HaIK_2020.pdf\" target=\"_blank\" rel=\"noopener\" class=\"ek-link\">RR \u010d. 11\/2021 \u2013 krit\u00e9ri\u00e1 v\u00fdberu \u010dlenov a oponentov habilita\u010dn\u00fdch a inaugura\u010dn\u00fdch komisi\u00ed<\/a> <\/li>\n<\/ul>\n\n\n\n<p><\/p>\n\n\n\n<ul class=\"wp-block-list\">\n<li>Metodick\u00e9 usmernenie k obsahu habilita\u010dn\u00e9ho spisu\n<ul class=\"wp-block-list\">\n<li><a href=\"\/public\/media\/2772\/RR_3_2021_o urceni_obsahu_habilitacneho_spisu_2021_PF.pdf\" target=\"_blank\" rel=\"noopener\" class=\"ek-link\">RR \u010d. 3\/2021 &#8211; Rozhodnutie o ur\u010den\u00ed obsahu habilita\u010dn\u00e9ho spisu<\/a><\/li>\n\n\n\n<li><a href=\"\/prirodovedecka-fakulta\/veda-vyskum\/hk-mph-odbory-1a\/\">Pr\u00edloha \u010d. 1a &#8211; Minim\u00e1lne prahov\u00e9 hodnoty merate\u013en\u00fdch ukazovate\u013eov \u2013 pod\u013ea odborov<\/a><\/li>\n\n\n\n<li><a href=\"\/public\/media\/2772\/HK_Priloha_2_Suhlas_dotknutej osoby.docx\" target=\"_blank\" rel=\"noopener\">Pr\u00edloha \u010d. 2 &#8211; S\u00fahlas dotknutej osoby \u2013 vzor na stiahnutie<\/a><\/li>\n\n\n\n<li><a href=\"https:\/\/www.upjs.sk\/app\/uploads\/sites\/10\/2023\/06\/04c_HK_Priloha3_Profesijny_zivotopis.docx\" target=\"_blank\" aria-label=\" (opens in a new tab)\" rel=\"noreferrer noopener\" class=\"ek-link\">Pr\u00edloha \u010d. 3 &#8211; Profesijn\u00fd \u017eivotopis \u2013 vzor na stiahnutie<\/a><\/li>\n\n\n\n<li><a href=\"\/public\/media\/2772\/HK_Priloha_4_Minimalne_prahove_hodnoty.docx\" target=\"_blank\" rel=\"noopener\">Pr\u00edloha \u010d. 4 &#8211; Minim\u00e1lne prahov\u00e9 hodnoty \u2013 vzor na stiahnutie<\/a><\/li>\n\n\n\n<li><a href=\"\/public\/media\/2772\/vzor_HP.doc\" target=\"_blank\" rel=\"noopener\">Pr\u00edloha \u010d. 5 &#8211; Vzor titulnej strany habilita\u010dnej pr\u00e1ce<\/a><\/li>\n<\/ul>\n<\/li>\n<\/ul>\n\n\n\n<p><\/p>\n\n\n\n<ul class=\"wp-block-list\">\n<li>Metodick\u00e9 usmernenie k obsahu inaugura\u010dn\u00e9ho spisu\n<ul class=\"wp-block-list\">\n<li><a href=\"\/public\/media\/2772\/05_RR_4_2021_o_urceni_obsahu_inauguracneho_spisu_2020.pdf\" target=\"_blank\" rel=\"noopener\" class=\"ek-link\">RR \u010d. 4\/2021 &#8211; &nbsp;Rozhodnutie o ur\u010den\u00ed obsahu inaugura\u010dn\u00e9ho spisu<\/a><\/li>\n\n\n\n<li><a href=\"\/prirodovedecka-fakulta\/veda-vyskum\/hk-mph-odbory-1b\/\" class=\"ek-link\">Pr\u00edloha \u010d. 1b &#8211; Minim\u00e1lne prahov\u00e9 hodnoty merate\u013en\u00fdch ukazovate\u013eov \u2013 pod\u013ea odborov<\/a><\/li>\n\n\n\n<li><a href=\"\/public\/media\/2772\/Priloha_2_Suhlas_dotknute_osoby_na_stiahnutie.docx\" target=\"_blank\" rel=\"noopener\">Pr\u00edloha \u010d. 2 &#8211; S\u00fahlas dotknutej osoby \u2013 vzor na stiahnutie<\/a><\/li>\n\n\n\n<li><a href=\"https:\/\/www.upjs.sk\/app\/uploads\/sites\/10\/2023\/02\/Priloha_c_3_Profesijny-zivotopis_tabulka.docx\" class=\"ek-link\">Pr\u00edloha \u010d. 3 &#8211; Profesijn\u00fd \u017eivotopis \u2013 vzor na stiahnutie<\/a><\/li>\n\n\n\n<li><a href=\"\/public\/media\/2772\/Priioha_4_Prahove_hodnoty_tabulka.docx\" target=\"_blank\" rel=\"noopener\">Pr\u00edloha \u010d. 4 &#8211; Minim\u00e1lne prahov\u00e9 hodnoty \u2013 vzor na stiahnutie<\/a><\/li>\n\n\n\n<li><a href=\"\/public\/media\/2772\/Priloha5_Vzor_titulnej_strany.doc\" target=\"_blank\" rel=\"noopener\">Pr\u00edloha \u010d. 5 &#8211; Vzor titulnej strany Najv\u00fdznamnej\u0161\u00edch vedeck\u00fdch pr\u00e1c<\/a><\/li>\n<\/ul>\n<\/li>\n<\/ul>\n\n\n\n<ul class=\"wp-block-list\">\n<li><a href=\"\/public\/media\/2772\/Vyhlaska 397_2020_evidencia publikacii.pdf\" target=\"_blank\" rel=\"noopener\">Vyhl\u00e1\u0161ka M\u0160VVa\u0160 SR \u010d. 397\/2020 Z. z. o centr\u00e1lnom registri evidencie publika\u010dnej \u010dinnosti, umeleckej \u010dinnosti a ohlasov<\/a>&nbsp;<\/li>\n\n\n\n<li><a href=\"https:\/\/www.upjs.sk\/app\/uploads\/sites\/10\/2023\/09\/Smernica-c.13_2008-R.pdf\" target=\"_blank\" aria-label=\"Smernica \u010d. 13\/2008-R zo 16. okt\u00f3bra 2008 o bibliografickej registr\u00e1cii a kategoriz\u00e1cii publika\u010dnej \u010dinnosti, umeleckej \u010dinnosti a ohlasov  (opens in a new tab)\" rel=\"noreferrer noopener\" class=\"ek-link\">Smernica \u010d. 13\/2008-R zo 16. okt\u00f3bra 2008 o bibliografickej registr\u00e1cii a kategoriz\u00e1cii publika\u010dnej \u010dinnosti, umeleckej \u010dinnosti a ohlasov <\/a><\/li>\n<\/ul>\n\n\n\n<p><\/p>\n\n\n\n<ul class=\"wp-block-list\">\n<li>Poplatky pre uch\u00e1dza\u010dov mimo PF UPJ\u0160\n<ul class=\"wp-block-list\">\n<li><a href=\"\/public\/media\/2772\/RR 15_2019_Cl_3_poplatky_Zvysovanie kvalifikacie.pdf\" target=\"_blank\" rel=\"noopener\" class=\"ek-link\">Rozhodnutie rektora \u010d. 15\/2019 \u010cl.3<\/a><\/li>\n\n\n\n<li><a href=\"\/public\/media\/2772\/RD_2_2021stanovenie_poplatkovPFUPJS2021.pdf\" target=\"_blank\" rel=\"noopener\">Rozhodnutie dekana \u010d.2\/2021<\/a><\/li>\n<\/ul>\n<\/li>\n<\/ul>\n\n\n\n<p><\/p>\n\n\n\n<ul class=\"wp-block-list\">\n<li><a href=\"\/public\/media\/2772\/kriteria_pri-posudzovani_sposobilosti_uskutocnit_habilitacne_konania.pdf\" target=\"_blank\" rel=\"noopener\">Krit\u00e9ri\u00e1 akredit\u00e1cie habilita\u010dn\u00e9ho konania a konania na vymen\u00favanie profesorov<\/a><\/li>\n<\/ul>\n\n\n\n<p><\/p>\n\n\n\n<h6 class=\"wp-block-heading\"><strong>Inaugur\u00e1cie<\/strong><\/h6>\n\n\n\n<ul class=\"wp-block-list\">\n<li><a href=\"\/public\/media\/2772\/Inauguracie_2021.pdf\" target=\"_blank\" rel=\"noopener\" class=\"ek-link\">Inaugur\u00e1cie v roku 2021<\/a><\/li>\n\n\n\n<li><a href=\"\/public\/media\/2772\/Inauguracie_2020.pdf\" target=\"_blank\" rel=\"noopener\">Inaugur\u00e1cie v roku 2020<\/a><\/li>\n\n\n\n<li><a href=\"\/public\/media\/2772\/Inauguracie_2019.pdf\" target=\"_blank\" rel=\"noopener\">Inaugur\u00e1cie v roku 2019<\/a><\/li>\n\n\n\n<li><a href=\"\/public\/media\/2772\/Inauguracie_2016.pdf\" target=\"_blank\" rel=\"noopener\">Inaugur\u00e1cie v roku 2016<\/a><\/li>\n\n\n\n<li><a href=\"\/public\/media\/2772\/Inauguracie_2014.pdf\" target=\"_blank\" rel=\"noopener\">Inaugur\u00e1cie v roku 2014<\/a><\/li>\n\n\n\n<li><a href=\"\/public\/media\/2772\/Inauguracie_2012.pdf\" target=\"_blank\" rel=\"noopener\">Inaugur\u00e1cie v roku 2012<\/a><\/li>\n\n\n\n<li><a href=\"\/public\/media\/2772\/Inauguracie2011.pdf\" target=\"_blank\" rel=\"noopener\">Inaugur\u00e1cie v roku 2011<\/a><\/li>\n\n\n\n<li><a href=\"\/public\/media\/2772\/Inauguracie2010.pdf\" target=\"_blank\" rel=\"noopener\">Inaugur\u00e1cie v roku 2010<\/a><\/li>\n\n\n\n<li><a href=\"\/public\/media\/2772\/Inauguracie2009.pdf\" target=\"_blank\" rel=\"noopener\">Inaugur\u00e1cie v roku 2009<\/a><\/li>\n\n\n\n<li><a href=\"\/public\/media\/2772\/Inauguracie2008.pdf\" target=\"_blank\" rel=\"noopener\">Inaugur\u00e1cie v roku 2008<\/a><\/li>\n<\/ul>\n\n\n\n<p><\/p>\n\n\n\n<h6 class=\"wp-block-heading\"><strong>Habilit\u00e1cie<\/strong><\/h6>\n\n\n\n<ul class=\"wp-block-list\">\n<li><a href=\"https:\/\/www.upjs.sk\/app\/uploads\/sites\/10\/2022\/12\/Habilitacie_2022.pdf\">Habilit\u00e1cie v roku 2022<\/a><\/li>\n\n\n\n<li><a href=\"\/public\/media\/2772\/Habilitacie_2019.pdf\" target=\"_blank\" rel=\"noopener\">Habilit\u00e1cie v roku 2019<\/a><\/li>\n\n\n\n<li><a href=\"\/public\/media\/2772\/Habilitacie_2017.pdf\" target=\"_blank\" rel=\"noopener\">Habilit\u00e1cie v roku 2017<\/a><\/li>\n\n\n\n<li><a href=\"\/public\/media\/2772\/Habilitacie_2016.pdf\" target=\"_blank\" rel=\"noopener\">Habilit\u00e1cie v roku 2016<\/a><\/li>\n\n\n\n<li><a href=\"\/public\/media\/2772\/Habilitacie_2015.pdf\" target=\"_blank\" rel=\"noopener\">Habilit\u00e1cie v roku 2015<\/a><\/li>\n\n\n\n<li><a href=\"\/public\/media\/2772\/Habilitacie_2014.pdf\" target=\"_blank\" rel=\"noopener\">Habilit\u00e1cie v roku 2014<\/a><\/li>\n\n\n\n<li><a href=\"\/public\/media\/2772\/Habilitacie_2013.pdf\" target=\"_blank\" rel=\"noopener\">Habilit\u00e1cie v roku 2013<\/a><\/li>\n\n\n\n<li><a href=\"\/public\/media\/2772\/Habilitacie2012.pdf\" target=\"_blank\" rel=\"noopener\">Habilit\u00e1cie v roku 2012<\/a><\/li>\n\n\n\n<li><a href=\"\/public\/media\/2772\/Habilitacie2011.pdf\" target=\"_blank\" rel=\"noopener\">Habilit\u00e1cie v roku 2011<\/a><\/li>\n\n\n\n<li><a href=\"\/public\/media\/2772\/Habilitacie2010.pdf\" target=\"_blank\" rel=\"noopener\">Habilit\u00e1cie v roku 2010<\/a><\/li>\n\n\n\n<li><a href=\"\/public\/media\/2772\/Habilitacie2009.pdf\" target=\"_blank\" rel=\"noopener\">Habilit\u00e1cie v roku 2009<\/a><\/li>\n\n\n\n<li><a href=\"\/public\/media\/2772\/Habilitacie2008.pdf\" target=\"_blank\" rel=\"noopener\">Habilit\u00e1cie v roku 2008<\/a><\/li>\n\n\n\n<li><a href=\"\/public\/media\/2772\/Habilitacie2007.pdf\" target=\"_blank\" rel=\"noopener\">Habilit\u00e1cie v roku 2007<\/a><\/li>\n\n\n\n<li><a href=\"\/public\/media\/2772\/Habilitacie2006.pdf\" target=\"_blank\" rel=\"noopener\">Habilit\u00e1cie v roku 2006<\/a><\/li>\n<\/ul>\n","protected":false},"excerpt":{"rendered":"<p>Inaugur\u00e1cie Habilit\u00e1cie<\/p>\n","protected":false},"author":1,"featured_media":14256,"parent":12917,"menu_order":17,"comment_status":"closed","ping_status":"closed","template":"","meta":{"_acf_changed":false,"_editorskit_title_hidden":false,"_editorskit_reading_time":1,"_editorskit_is_block_options_detached":false,"_editorskit_block_options_position":"{}","footnotes":""},"categories":[],"tags":[],"class_list":["post-14255","page","type-page","status-publish","has-post-thumbnail","hentry"],"acf":{"acf_link_na_externy_obsah":""},"yoast_head":"<!-- This site is optimized with the Yoast SEO plugin v27.2 - https:\/\/yoast.com\/product\/yoast-seo-wordpress\/ -->\n<title>Habilita\u010dn\u00e9 a inaugura\u010dn\u00e9 konanie - Pr\u00edrodovedeck\u00e1 fakulta | UPJ\u0160<\/title>\n<meta name=\"robots\" content=\"index, follow, max-snippet:-1, max-image-preview:large, max-video-preview:-1\" \/>\n<link rel=\"canonical\" href=\"https:\/\/www.upjs.sk\/prirodovedecka-fakulta\/veda-vyskum\/habilitacne-vymenuvacie-konanie\/\" \/>\n<meta property=\"og:locale\" content=\"sk_SK\" \/>\n<meta property=\"og:type\" content=\"article\" \/>\n<meta property=\"og:title\" content=\"Habilita\u010dn\u00e9 a inaugura\u010dn\u00e9 konanie - Pr\u00edrodovedeck\u00e1 fakulta | UPJ\u0160\" \/>\n<meta property=\"og:description\" content=\"Inaugur\u00e1cie Habilit\u00e1cie\" \/>\n<meta property=\"og:url\" content=\"https:\/\/www.upjs.sk\/prirodovedecka-fakulta\/veda-vyskum\/habilitacne-vymenuvacie-konanie\/\" \/>\n<meta property=\"og:site_name\" content=\"Pr\u00edrodovedeck\u00e1 fakulta | UPJ\u0160\" \/>\n<meta property=\"article:modified_time\" content=\"2023-10-26T13:50:50+00:00\" \/>\n<meta property=\"og:image\" content=\"https:\/\/www.upjs.sk\/app\/uploads\/sites\/10\/2022\/09\/HAIK.jpg\" \/>\n\t<meta property=\"og:image:width\" content=\"761\" \/>\n\t<meta property=\"og:image:height\" content=\"241\" \/>\n\t<meta property=\"og:image:type\" content=\"image\/jpeg\" \/>\n<meta name=\"twitter:card\" content=\"summary_large_image\" \/>\n<meta name=\"twitter:label1\" content=\"Predpokladan\u00fd \u010das \u010d\u00edtania\" \/>\n\t<meta name=\"twitter:data1\" content=\"3 min\u00faty\" \/>\n<script type=\"application\/ld+json\" class=\"yoast-schema-graph\">{\"@context\":\"https:\/\/schema.org\",\"@graph\":[{\"@type\":\"WebPage\",\"@id\":\"https:\/\/www.upjs.sk\/prirodovedecka-fakulta\/veda-vyskum\/habilitacne-vymenuvacie-konanie\/\",\"url\":\"https:\/\/www.upjs.sk\/prirodovedecka-fakulta\/veda-vyskum\/habilitacne-vymenuvacie-konanie\/\",\"name\":\"Habilita\u010dn\u00e9 a inaugura\u010dn\u00e9 konanie - Pr\u00edrodovedeck\u00e1 fakulta | UPJ\u0160\",\"isPartOf\":{\"@id\":\"https:\/\/www.upjs.sk\/prirodovedecka-fakulta\/#website\"},\"primaryImageOfPage\":{\"@id\":\"https:\/\/www.upjs.sk\/prirodovedecka-fakulta\/veda-vyskum\/habilitacne-vymenuvacie-konanie\/#primaryimage\"},\"image\":{\"@id\":\"https:\/\/www.upjs.sk\/prirodovedecka-fakulta\/veda-vyskum\/habilitacne-vymenuvacie-konanie\/#primaryimage\"},\"thumbnailUrl\":\"https:\/\/www.upjs.sk\/app\/uploads\/sites\/10\/2022\/09\/HAIK.jpg\",\"datePublished\":\"2022-09-27T11:03:02+00:00\",\"dateModified\":\"2023-10-26T13:50:50+00:00\",\"breadcrumb\":{\"@id\":\"https:\/\/www.upjs.sk\/prirodovedecka-fakulta\/veda-vyskum\/habilitacne-vymenuvacie-konanie\/#breadcrumb\"},\"inLanguage\":\"sk-SK\",\"potentialAction\":[{\"@type\":\"ReadAction\",\"target\":[\"https:\/\/www.upjs.sk\/prirodovedecka-fakulta\/veda-vyskum\/habilitacne-vymenuvacie-konanie\/\"]}]},{\"@type\":\"ImageObject\",\"inLanguage\":\"sk-SK\",\"@id\":\"https:\/\/www.upjs.sk\/prirodovedecka-fakulta\/veda-vyskum\/habilitacne-vymenuvacie-konanie\/#primaryimage\",\"url\":\"https:\/\/www.upjs.sk\/app\/uploads\/sites\/10\/2022\/09\/HAIK.jpg\",\"contentUrl\":\"https:\/\/www.upjs.sk\/app\/uploads\/sites\/10\/2022\/09\/HAIK.jpg\",\"width\":761,\"height\":241},{\"@type\":\"BreadcrumbList\",\"@id\":\"https:\/\/www.upjs.sk\/prirodovedecka-fakulta\/veda-vyskum\/habilitacne-vymenuvacie-konanie\/#breadcrumb\",\"itemListElement\":[{\"@type\":\"ListItem\",\"position\":1,\"name\":\"Home\",\"item\":\"https:\/\/www.upjs.sk\/prirodovedecka-fakulta\/\"},{\"@type\":\"ListItem\",\"position\":2,\"name\":\"Veda, v\u00fdskum a rozvoj\",\"item\":\"https:\/\/www.upjs.sk\/prirodovedecka-fakulta\/?page_id=12917\"},{\"@type\":\"ListItem\",\"position\":3,\"name\":\"Habilita\u010dn\u00e9 a inaugura\u010dn\u00e9 konanie\"}]},{\"@type\":\"WebSite\",\"@id\":\"https:\/\/www.upjs.sk\/prirodovedecka-fakulta\/#website\",\"url\":\"https:\/\/www.upjs.sk\/prirodovedecka-fakulta\/\",\"name\":\"Pr\u00edrodovedeck\u00e1 fakulta | UPJ\u0160\",\"description\":\"\",\"publisher\":{\"@id\":\"https:\/\/www.upjs.sk\/prirodovedecka-fakulta\/#organization\"},\"potentialAction\":[{\"@type\":\"SearchAction\",\"target\":{\"@type\":\"EntryPoint\",\"urlTemplate\":\"https:\/\/www.upjs.sk\/prirodovedecka-fakulta\/?s={search_term_string}\"},\"query-input\":{\"@type\":\"PropertyValueSpecification\",\"valueRequired\":true,\"valueName\":\"search_term_string\"}}],\"inLanguage\":\"sk-SK\"},{\"@type\":\"Organization\",\"@id\":\"https:\/\/www.upjs.sk\/prirodovedecka-fakulta\/#organization\",\"name\":\"Pr\u00edrodovedeck\u00e1 fakulta | UPJ\u0160\",\"url\":\"https:\/\/www.upjs.sk\/prirodovedecka-fakulta\/\",\"logo\":{\"@type\":\"ImageObject\",\"inLanguage\":\"sk-SK\",\"@id\":\"https:\/\/www.upjs.sk\/prirodovedecka-fakulta\/#\/schema\/logo\/image\/\",\"url\":\"https:\/\/www.upjs.sk\/app\/uploads\/sites\/10\/2022\/09\/logo-prirodovedecka-fakulta.png\",\"contentUrl\":\"https:\/\/www.upjs.sk\/app\/uploads\/sites\/10\/2022\/09\/logo-prirodovedecka-fakulta.png\",\"width\":415,\"height\":87,\"caption\":\"Pr\u00edrodovedeck\u00e1 fakulta | UPJ\u0160\"},\"image\":{\"@id\":\"https:\/\/www.upjs.sk\/prirodovedecka-fakulta\/#\/schema\/logo\/image\/\"}}]}<\/script>\n<!-- \/ Yoast SEO plugin. -->","yoast_head_json":{"title":"Habilita\u010dn\u00e9 a inaugura\u010dn\u00e9 konanie - Pr\u00edrodovedeck\u00e1 fakulta | UPJ\u0160","robots":{"index":"index","follow":"follow","max-snippet":"max-snippet:-1","max-image-preview":"max-image-preview:large","max-video-preview":"max-video-preview:-1"},"canonical":"https:\/\/www.upjs.sk\/prirodovedecka-fakulta\/veda-vyskum\/habilitacne-vymenuvacie-konanie\/","og_locale":"sk_SK","og_type":"article","og_title":"Habilita\u010dn\u00e9 a inaugura\u010dn\u00e9 konanie - Pr\u00edrodovedeck\u00e1 fakulta | UPJ\u0160","og_description":"Inaugur\u00e1cie Habilit\u00e1cie","og_url":"https:\/\/www.upjs.sk\/prirodovedecka-fakulta\/veda-vyskum\/habilitacne-vymenuvacie-konanie\/","og_site_name":"Pr\u00edrodovedeck\u00e1 fakulta | UPJ\u0160","article_modified_time":"2023-10-26T13:50:50+00:00","og_image":[{"width":761,"height":241,"url":"https:\/\/www.upjs.sk\/app\/uploads\/sites\/10\/2022\/09\/HAIK.jpg","type":"image\/jpeg"}],"twitter_card":"summary_large_image","twitter_misc":{"Predpokladan\u00fd \u010das \u010d\u00edtania":"3 min\u00faty"},"schema":{"@context":"https:\/\/schema.org","@graph":[{"@type":"WebPage","@id":"https:\/\/www.upjs.sk\/prirodovedecka-fakulta\/veda-vyskum\/habilitacne-vymenuvacie-konanie\/","url":"https:\/\/www.upjs.sk\/prirodovedecka-fakulta\/veda-vyskum\/habilitacne-vymenuvacie-konanie\/","name":"Habilita\u010dn\u00e9 a inaugura\u010dn\u00e9 konanie - Pr\u00edrodovedeck\u00e1 fakulta | UPJ\u0160","isPartOf":{"@id":"https:\/\/www.upjs.sk\/prirodovedecka-fakulta\/#website"},"primaryImageOfPage":{"@id":"https:\/\/www.upjs.sk\/prirodovedecka-fakulta\/veda-vyskum\/habilitacne-vymenuvacie-konanie\/#primaryimage"},"image":{"@id":"https:\/\/www.upjs.sk\/prirodovedecka-fakulta\/veda-vyskum\/habilitacne-vymenuvacie-konanie\/#primaryimage"},"thumbnailUrl":"https:\/\/www.upjs.sk\/app\/uploads\/sites\/10\/2022\/09\/HAIK.jpg","datePublished":"2022-09-27T11:03:02+00:00","dateModified":"2023-10-26T13:50:50+00:00","breadcrumb":{"@id":"https:\/\/www.upjs.sk\/prirodovedecka-fakulta\/veda-vyskum\/habilitacne-vymenuvacie-konanie\/#breadcrumb"},"inLanguage":"sk-SK","potentialAction":[{"@type":"ReadAction","target":["https:\/\/www.upjs.sk\/prirodovedecka-fakulta\/veda-vyskum\/habilitacne-vymenuvacie-konanie\/"]}]},{"@type":"ImageObject","inLanguage":"sk-SK","@id":"https:\/\/www.upjs.sk\/prirodovedecka-fakulta\/veda-vyskum\/habilitacne-vymenuvacie-konanie\/#primaryimage","url":"https:\/\/www.upjs.sk\/app\/uploads\/sites\/10\/2022\/09\/HAIK.jpg","contentUrl":"https:\/\/www.upjs.sk\/app\/uploads\/sites\/10\/2022\/09\/HAIK.jpg","width":761,"height":241},{"@type":"BreadcrumbList","@id":"https:\/\/www.upjs.sk\/prirodovedecka-fakulta\/veda-vyskum\/habilitacne-vymenuvacie-konanie\/#breadcrumb","itemListElement":[{"@type":"ListItem","position":1,"name":"Home","item":"https:\/\/www.upjs.sk\/prirodovedecka-fakulta\/"},{"@type":"ListItem","position":2,"name":"Veda, v\u00fdskum a rozvoj","item":"https:\/\/www.upjs.sk\/prirodovedecka-fakulta\/?page_id=12917"},{"@type":"ListItem","position":3,"name":"Habilita\u010dn\u00e9 a inaugura\u010dn\u00e9 konanie"}]},{"@type":"WebSite","@id":"https:\/\/www.upjs.sk\/prirodovedecka-fakulta\/#website","url":"https:\/\/www.upjs.sk\/prirodovedecka-fakulta\/","name":"Pr\u00edrodovedeck\u00e1 fakulta | UPJ\u0160","description":"","publisher":{"@id":"https:\/\/www.upjs.sk\/prirodovedecka-fakulta\/#organization"},"potentialAction":[{"@type":"SearchAction","target":{"@type":"EntryPoint","urlTemplate":"https:\/\/www.upjs.sk\/prirodovedecka-fakulta\/?s={search_term_string}"},"query-input":{"@type":"PropertyValueSpecification","valueRequired":true,"valueName":"search_term_string"}}],"inLanguage":"sk-SK"},{"@type":"Organization","@id":"https:\/\/www.upjs.sk\/prirodovedecka-fakulta\/#organization","name":"Pr\u00edrodovedeck\u00e1 fakulta | UPJ\u0160","url":"https:\/\/www.upjs.sk\/prirodovedecka-fakulta\/","logo":{"@type":"ImageObject","inLanguage":"sk-SK","@id":"https:\/\/www.upjs.sk\/prirodovedecka-fakulta\/#\/schema\/logo\/image\/","url":"https:\/\/www.upjs.sk\/app\/uploads\/sites\/10\/2022\/09\/logo-prirodovedecka-fakulta.png","contentUrl":"https:\/\/www.upjs.sk\/app\/uploads\/sites\/10\/2022\/09\/logo-prirodovedecka-fakulta.png","width":415,"height":87,"caption":"Pr\u00edrodovedeck\u00e1 fakulta | UPJ\u0160"},"image":{"@id":"https:\/\/www.upjs.sk\/prirodovedecka-fakulta\/#\/schema\/logo\/image\/"}}]}},"_links":{"self":[{"href":"https:\/\/www.upjs.sk\/prirodovedecka-fakulta\/wp-json\/wp\/v2\/pages\/14255","targetHints":{"allow":["GET"]}}],"collection":[{"href":"https:\/\/www.upjs.sk\/prirodovedecka-fakulta\/wp-json\/wp\/v2\/pages"}],"about":[{"href":"https:\/\/www.upjs.sk\/prirodovedecka-fakulta\/wp-json\/wp\/v2\/types\/page"}],"author":[{"embeddable":true,"href":"https:\/\/www.upjs.sk\/prirodovedecka-fakulta\/wp-json\/wp\/v2\/users\/1"}],"replies":[{"embeddable":true,"href":"https:\/\/www.upjs.sk\/prirodovedecka-fakulta\/wp-json\/wp\/v2\/comments?post=14255"}],"version-history":[{"count":20,"href":"https:\/\/www.upjs.sk\/prirodovedecka-fakulta\/wp-json\/wp\/v2\/pages\/14255\/revisions"}],"predecessor-version":[{"id":62272,"href":"https:\/\/www.upjs.sk\/prirodovedecka-fakulta\/wp-json\/wp\/v2\/pages\/14255\/revisions\/62272"}],"up":[{"embeddable":true,"href":"https:\/\/www.upjs.sk\/prirodovedecka-fakulta\/wp-json\/wp\/v2\/pages\/12917"}],"wp:featuredmedia":[{"embeddable":true,"href":"https:\/\/www.upjs.sk\/prirodovedecka-fakulta\/wp-json\/wp\/v2\/media\/14256"}],"wp:attachment":[{"href":"https:\/\/www.upjs.sk\/prirodovedecka-fakulta\/wp-json\/wp\/v2\/media?parent=14255"}],"wp:term":[{"taxonomy":"category","embeddable":true,"href":"https:\/\/www.upjs.sk\/prirodovedecka-fakulta\/wp-json\/wp\/v2\/categories?post=14255"},{"taxonomy":"post_tag","embeddable":true,"href":"https:\/\/www.upjs.sk\/prirodovedecka-fakulta\/wp-json\/wp\/v2\/tags?post=14255"}],"curies":[{"name":"wp","href":"https:\/\/api.w.org\/{rel}","templated":true}]}}