{"id":14467,"date":"2017-04-03T16:20:54","date_gmt":"2017-04-03T16:20:54","guid":{"rendered":"https:\/\/www.upjs.sk\/prirodovedecka-fakulta\/root\/veda-vyskum\/iran2017\/"},"modified":"2022-10-26T08:12:48","modified_gmt":"2022-10-26T08:12:48","slug":"iran2017","status":"publish","type":"page","link":"https:\/\/www.upjs.sk\/prirodovedecka-fakulta\/veda-vyskum\/iran2017\/","title":{"rendered":"Vedeck\u00fd pracovn\u00edk fakulty sa stal ved\u00facim historicky prvej slovenskej paleontologickej exped\u00edcie v Ir\u00e1ne"},"content":{"rendered":"<p style=\"text-align: center;\"><img decoding=\"async\" alt=\"\" src=\"http:\/\/www.upjs.sk\/\/app\/uploads\/sites\/10\/2022\/09\/kundrat.jpg\" style=\"width:90%\" \/><\/p>\n<p style=\"text-align: justify;\"><a href=\"http:\/\/www.upjs.sk\/public\/media\/15280\/CV_Kundrat.pdf\" target=\"_blank\" rel=\"noopener\"><strong>Doc. RNDr. Martin Kundr\u00e1t, PhD.<\/strong>,<\/a> vedeck\u00fd pracovn\u00edk Centra interdisciplin\u00e1rnych biovied PF UPJ\u0160, sa stal ved\u00facim pripravovanej historicky prvej slovenskej paleontologickej exped\u00edcie v\u00a0Ir\u00e1ne. Po\u010das svojho p\u00f4sobenia v\u00a0zahrani\u010d\u00ed organizoval exped\u00edcie v\u00a0Patag\u00f3nii, na Sib\u00edri, v Ir\u00e1ne a\u00a0\u010c\u00edne. Docent Kundr\u00e1t sa venuje \u0161t\u00fadiu v\u00fdvoja a evol\u00facii archosaurov. Do tejto skupiny diapsidn\u00fdch plazov patria dinosaury, vt\u00e1ky, pterosaury, krokod\u00edly a ich pr\u00edbuzn\u00e9 formy. Vo svojom vedeckom b\u00e1dan\u00ed sa zaober\u00e1 vznikom a adapt\u00e1ciou znakov, ktor\u00e9 zmenili plazy na vt\u00e1ky. I\u0161lo o jednu z najv\u00fdznamnej\u0161\u00edch udalost\u00ed v evol\u00facii stavovcov. Organizuje medzin\u00e1rodn\u00e9 vedeck\u00e9 exped\u00edcie vyh\u013ead\u00e1vaj\u00face formy dinosaurov podobn\u00fdch vt\u00e1kom. Patr\u00ed k priekopn\u00edkom vo vyu\u017e\u00edvan\u00ed met\u00f3d po\u010d\u00edta\u010dovej tomografie v paleobiol\u00f3gii. Je hos\u0165uj\u00facim spolupracovn\u00edkom Eur\u00f3pskeho synchrotr\u00f3nov\u00e9ho centra v Grenobli, kde vyv\u00edja nov\u00e9 metodiky neinvaz\u00edvneho sp\u00f4sobu \u0161t\u00fadia fos\u00edli\u00ed.<\/p>\n<p style=\"text-align: justify;\"><strong><strong>Cie\u013eom exped\u00edcie<\/strong><\/strong><strong> v\u00a0Ir\u00e1ne<\/strong> je presk\u00fama\u0165 oblasti s\u00a0usadeninami z\u00a0obdobia druhoh\u00f4r a\u00a0tre\u0165oh\u00f4r,\u00a0 obdobia pred a\u00a0po ve\u013ekom vymieran\u00ed, kedy do\u0161lo k\u00a0zr\u00e1\u017eke Zeme s\u00a0kom\u00e9tou.\u00a0 Jednou z\u00a0hlavn\u00fdch prior\u00edt je prieskum rozsiahlych ulo\u017een\u00edn z obdobia jury, kedy bol Ir\u00e1n s\u00faostrov\u00edm izolovan\u00fdm od vtedaj\u0161\u00edch super kontinentov severnej a\u00a0ju\u017enej pologule. Poznatky z\u00a0tejto exped\u00edcie posl\u00fa\u017eia pre pr\u00edpravu \u010fal\u0161ej strat\u00e9gie a\u00a0logistick\u00e9ho zabezpe\u010denia rozsiahlej\u0161\u00edch expedi\u010dn\u00fdch v\u00fdprav v\u00a0nasleduj\u00facich rokoch.<\/p>\n<h4 style=\"text-align: justify;\"><strong>Z\u00e1pisn\u00edk z\u00a0Ir\u00e1nu:<\/strong><\/h4>\n<ul>\n<li><a href=\"\/prirodovedecka-fakulta\/veda-vyskum\/zapisnik-z-iranu\/11-12-03-2017\/\"><strong>11. \u2013 12. 03. 2017<\/strong><\/a><\/li>\n<li><a href=\"\/prirodovedecka-fakulta\/veda-vyskum\/zapisnik-z-iranu\/10-11-03-2017\/\"><strong>10. \u2013 11. 03. 2017<\/strong><\/a><\/li>\n<li><a href=\"\/prirodovedecka-fakulta\/veda-vyskum\/zapisnik-z-iranu\/09-10-03-2017\/\"><strong>09. \u2013 10. 03. 2017<\/strong><\/a><\/li>\n<li><a href=\"\/prirodovedecka-fakulta\/veda-vyskum\/zapisnik-z-iranu\/08-09-03-2017\/\"><strong>08. \u2013 09. 03. 2017<\/strong><\/a><\/li>\n<li><strong><a href=\"\/prirodovedecka-fakulta\/veda-vyskum\/zapisnik-z-iranu\/07-08-03-2017\/\">07. \u2013 08. 03. 2017<\/a><\/strong><\/li>\n<li><strong><a href=\"\/prirodovedecka-fakulta\/veda-vyskum\/zapisnik-z-iranu\/06-07-03-2017\/\">06. \u2013 07. 03. 2017<\/a><\/strong><\/li>\n<li><a href=\"\/prirodovedecka-fakulta\/veda-vyskum\/zapisnik-z-iranu\/05-06-03-2017\/\"><strong>05. \u2013 06. 03. 2017<\/strong><\/a><\/li>\n<li><a href=\"\/prirodovedecka-fakulta\/veda-vyskum\/zapisnik-z-Iranu\/04-05-03-2017\"><strong>04. \u2013 05. 03. 2017<\/strong><\/a><\/li>\n<li><a href=\"\/prirodovedecka-fakulta\/veda-vyskum\/zapisnik-z-Iranu\/zapisnik-z-Iranu-01-04032017\/\"><strong>01. \u2013 04. 03. 2017<\/strong><\/a><\/li>\n<\/ul>\n<p><a href=\"http:\/\/portal.ccvapp.upjs.sk\/videoarchiv\/video\/147\" target=\"_blank\" rel=\"noopener\"><strong>Video &#8211; Alumni Space 09. 02. 2017<\/strong><\/a><\/p>\n<p><strong>Viac inform\u00e1ci\u00ed:<\/strong><\/p>\n<p>\u25ba\u00a0<a href=\"http:\/\/www.slovenskyvychod.sk\/sk\/index.php\/spravodajstvo\/1094-humencan-martin-kundrat-sa-prebojoval-medzi-svetovu-elitu-paleontologov\" target=\"_blank\" rel=\"noopener\">http:\/\/www.slovenskyvychod.sk\/sk\/index.php\/spravodajstvo\/1094-humencan-martin-kundrat-sa-prebojoval-medzi-svetovu-elitu-paleontologov<\/a><\/p>\n<p>\u25ba\u00a0<a href=\"http:\/\/vedanadosah.cvtisr.sk\/na-love-v-cinskom-praveku\" target=\"_blank\" rel=\"noopener\">http:\/\/vedanadosah.cvtisr.sk\/na-love-v-cinskom-praveku<\/a><\/p>\n<p><strong>Fotogal\u00e9ria<\/strong><\/p>\n","protected":false},"excerpt":{"rendered":"<p>Doc. RNDr. Martin Kundr\u00e1t, PhD., vedeck\u00fd pracovn\u00edk Centra interdisciplin\u00e1rnych biovied PF UPJ\u0160, sa stal ved\u00facim pripravovanej historicky prvej slovenskej paleontologickej exped\u00edcie v\u00a0Ir\u00e1ne. Po\u010das svojho p\u00f4sobenia v\u00a0zahrani\u010d\u00ed organizoval exped\u00edcie v\u00a0Patag\u00f3nii, na Sib\u00edri, v Ir\u00e1ne a\u00a0\u010c\u00edne. Docent Kundr\u00e1t sa venuje \u0161t\u00fadiu v\u00fdvoja a evol\u00facii archosaurov. Do tejto skupiny diapsidn\u00fdch plazov patria dinosaury, vt\u00e1ky, pterosaury, krokod\u00edly a ich &hellip; <a href=\"https:\/\/www.upjs.sk\/prirodovedecka-fakulta\/veda-vyskum\/iran2017\/\">\u010c\u00edta\u0165 \u010falej<\/a><\/p>\n","protected":false},"author":1,"featured_media":14468,"parent":12917,"menu_order":11,"comment_status":"closed","ping_status":"closed","template":"","meta":{"_acf_changed":false,"_editorskit_title_hidden":false,"_editorskit_reading_time":0,"_editorskit_is_block_options_detached":false,"_editorskit_block_options_position":"{}","footnotes":""},"categories":[],"tags":[],"class_list":["post-14467","page","type-page","status-publish","has-post-thumbnail","hentry"],"acf":{"acf_link_na_externy_obsah":""},"yoast_head":"<!-- This site is optimized with the Yoast SEO plugin v27.4 - https:\/\/yoast.com\/product\/yoast-seo-wordpress\/ -->\n<title>Vedeck\u00fd pracovn\u00edk fakulty sa stal ved\u00facim historicky prvej slovenskej paleontologickej exped\u00edcie v Ir\u00e1ne - Pr\u00edrodovedeck\u00e1 fakulta | UPJ\u0160<\/title>\n<meta name=\"robots\" content=\"index, follow, max-snippet:-1, max-image-preview:large, max-video-preview:-1\" \/>\n<link rel=\"canonical\" href=\"https:\/\/www.upjs.sk\/prirodovedecka-fakulta\/veda-vyskum\/iran2017\/\" \/>\n<meta property=\"og:locale\" content=\"sk_SK\" \/>\n<meta property=\"og:type\" content=\"article\" \/>\n<meta property=\"og:title\" content=\"Vedeck\u00fd pracovn\u00edk fakulty sa stal ved\u00facim historicky prvej slovenskej paleontologickej exped\u00edcie v Ir\u00e1ne - Pr\u00edrodovedeck\u00e1 fakulta | UPJ\u0160\" \/>\n<meta property=\"og:description\" content=\"Doc. RNDr. Martin Kundr\u00e1t, PhD., vedeck\u00fd pracovn\u00edk Centra interdisciplin\u00e1rnych biovied PF UPJ\u0160, sa stal ved\u00facim pripravovanej historicky prvej slovenskej paleontologickej exped\u00edcie v\u00a0Ir\u00e1ne. Po\u010das svojho p\u00f4sobenia v\u00a0zahrani\u010d\u00ed organizoval exped\u00edcie v\u00a0Patag\u00f3nii, na Sib\u00edri, v Ir\u00e1ne a\u00a0\u010c\u00edne. Docent Kundr\u00e1t sa venuje \u0161t\u00fadiu v\u00fdvoja a evol\u00facii archosaurov. Do tejto skupiny diapsidn\u00fdch plazov patria dinosaury, vt\u00e1ky, pterosaury, krokod\u00edly a ich &hellip; \u010c\u00edta\u0165 \u010falej\" \/>\n<meta property=\"og:url\" content=\"https:\/\/www.upjs.sk\/prirodovedecka-fakulta\/veda-vyskum\/iran2017\/\" \/>\n<meta property=\"og:site_name\" content=\"Pr\u00edrodovedeck\u00e1 fakulta | UPJ\u0160\" \/>\n<meta property=\"article:modified_time\" content=\"2022-10-26T08:12:48+00:00\" \/>\n<meta property=\"og:image\" content=\"https:\/\/www.upjs.sk\/app\/uploads\/sites\/10\/2022\/09\/kundrat.jpg\" \/>\n\t<meta property=\"og:image:width\" content=\"800\" \/>\n\t<meta property=\"og:image:height\" content=\"558\" \/>\n\t<meta property=\"og:image:type\" content=\"image\/jpeg\" \/>\n<meta name=\"twitter:card\" content=\"summary_large_image\" \/>\n<meta name=\"twitter:label1\" content=\"Predpokladan\u00fd \u010das \u010d\u00edtania\" \/>\n\t<meta name=\"twitter:data1\" content=\"2 min\u00faty\" \/>\n<script type=\"application\/ld+json\" class=\"yoast-schema-graph\">{\"@context\":\"https:\\\/\\\/schema.org\",\"@graph\":[{\"@type\":\"WebPage\",\"@id\":\"https:\\\/\\\/www.upjs.sk\\\/prirodovedecka-fakulta\\\/veda-vyskum\\\/iran2017\\\/\",\"url\":\"https:\\\/\\\/www.upjs.sk\\\/prirodovedecka-fakulta\\\/veda-vyskum\\\/iran2017\\\/\",\"name\":\"Vedeck\u00fd pracovn\u00edk fakulty sa stal ved\u00facim historicky prvej slovenskej paleontologickej exped\u00edcie v Ir\u00e1ne - Pr\u00edrodovedeck\u00e1 fakulta | UPJ\u0160\",\"isPartOf\":{\"@id\":\"https:\\\/\\\/www.upjs.sk\\\/prirodovedecka-fakulta\\\/#website\"},\"primaryImageOfPage\":{\"@id\":\"https:\\\/\\\/www.upjs.sk\\\/prirodovedecka-fakulta\\\/veda-vyskum\\\/iran2017\\\/#primaryimage\"},\"image\":{\"@id\":\"https:\\\/\\\/www.upjs.sk\\\/prirodovedecka-fakulta\\\/veda-vyskum\\\/iran2017\\\/#primaryimage\"},\"thumbnailUrl\":\"https:\\\/\\\/www.upjs.sk\\\/app\\\/uploads\\\/sites\\\/10\\\/2022\\\/09\\\/kundrat.jpg\",\"datePublished\":\"2017-04-03T16:20:54+00:00\",\"dateModified\":\"2022-10-26T08:12:48+00:00\",\"breadcrumb\":{\"@id\":\"https:\\\/\\\/www.upjs.sk\\\/prirodovedecka-fakulta\\\/veda-vyskum\\\/iran2017\\\/#breadcrumb\"},\"inLanguage\":\"sk-SK\",\"potentialAction\":[{\"@type\":\"ReadAction\",\"target\":[\"https:\\\/\\\/www.upjs.sk\\\/prirodovedecka-fakulta\\\/veda-vyskum\\\/iran2017\\\/\"]}]},{\"@type\":\"ImageObject\",\"inLanguage\":\"sk-SK\",\"@id\":\"https:\\\/\\\/www.upjs.sk\\\/prirodovedecka-fakulta\\\/veda-vyskum\\\/iran2017\\\/#primaryimage\",\"url\":\"https:\\\/\\\/www.upjs.sk\\\/app\\\/uploads\\\/sites\\\/10\\\/2022\\\/09\\\/kundrat.jpg\",\"contentUrl\":\"https:\\\/\\\/www.upjs.sk\\\/app\\\/uploads\\\/sites\\\/10\\\/2022\\\/09\\\/kundrat.jpg\",\"width\":800,\"height\":558,\"caption\":\"iran2017\"},{\"@type\":\"BreadcrumbList\",\"@id\":\"https:\\\/\\\/www.upjs.sk\\\/prirodovedecka-fakulta\\\/veda-vyskum\\\/iran2017\\\/#breadcrumb\",\"itemListElement\":[{\"@type\":\"ListItem\",\"position\":1,\"name\":\"Home\",\"item\":\"https:\\\/\\\/www.upjs.sk\\\/prirodovedecka-fakulta\\\/\"},{\"@type\":\"ListItem\",\"position\":2,\"name\":\"Veda, v\u00fdskum a rozvoj\",\"item\":\"https:\\\/\\\/www.upjs.sk\\\/prirodovedecka-fakulta\\\/?page_id=12917\"},{\"@type\":\"ListItem\",\"position\":3,\"name\":\"Vedeck\u00fd pracovn\u00edk fakulty sa stal ved\u00facim historicky prvej slovenskej paleontologickej exped\u00edcie v Ir\u00e1ne\"}]},{\"@type\":\"WebSite\",\"@id\":\"https:\\\/\\\/www.upjs.sk\\\/prirodovedecka-fakulta\\\/#website\",\"url\":\"https:\\\/\\\/www.upjs.sk\\\/prirodovedecka-fakulta\\\/\",\"name\":\"Pr\u00edrodovedeck\u00e1 fakulta | UPJ\u0160\",\"description\":\"\",\"publisher\":{\"@id\":\"https:\\\/\\\/www.upjs.sk\\\/prirodovedecka-fakulta\\\/#organization\"},\"potentialAction\":[{\"@type\":\"SearchAction\",\"target\":{\"@type\":\"EntryPoint\",\"urlTemplate\":\"https:\\\/\\\/www.upjs.sk\\\/prirodovedecka-fakulta\\\/?s={search_term_string}\"},\"query-input\":{\"@type\":\"PropertyValueSpecification\",\"valueRequired\":true,\"valueName\":\"search_term_string\"}}],\"inLanguage\":\"sk-SK\"},{\"@type\":\"Organization\",\"@id\":\"https:\\\/\\\/www.upjs.sk\\\/prirodovedecka-fakulta\\\/#organization\",\"name\":\"Pr\u00edrodovedeck\u00e1 fakulta | UPJ\u0160\",\"url\":\"https:\\\/\\\/www.upjs.sk\\\/prirodovedecka-fakulta\\\/\",\"logo\":{\"@type\":\"ImageObject\",\"inLanguage\":\"sk-SK\",\"@id\":\"https:\\\/\\\/www.upjs.sk\\\/prirodovedecka-fakulta\\\/#\\\/schema\\\/logo\\\/image\\\/\",\"url\":\"https:\\\/\\\/www.upjs.sk\\\/app\\\/uploads\\\/sites\\\/10\\\/2022\\\/09\\\/logo-prirodovedecka-fakulta.png\",\"contentUrl\":\"https:\\\/\\\/www.upjs.sk\\\/app\\\/uploads\\\/sites\\\/10\\\/2022\\\/09\\\/logo-prirodovedecka-fakulta.png\",\"width\":415,\"height\":87,\"caption\":\"Pr\u00edrodovedeck\u00e1 fakulta | UPJ\u0160\"},\"image\":{\"@id\":\"https:\\\/\\\/www.upjs.sk\\\/prirodovedecka-fakulta\\\/#\\\/schema\\\/logo\\\/image\\\/\"}}]}<\/script>\n<!-- \/ Yoast SEO plugin. -->","yoast_head_json":{"title":"Vedeck\u00fd pracovn\u00edk fakulty sa stal ved\u00facim historicky prvej slovenskej paleontologickej exped\u00edcie v Ir\u00e1ne - Pr\u00edrodovedeck\u00e1 fakulta | UPJ\u0160","robots":{"index":"index","follow":"follow","max-snippet":"max-snippet:-1","max-image-preview":"max-image-preview:large","max-video-preview":"max-video-preview:-1"},"canonical":"https:\/\/www.upjs.sk\/prirodovedecka-fakulta\/veda-vyskum\/iran2017\/","og_locale":"sk_SK","og_type":"article","og_title":"Vedeck\u00fd pracovn\u00edk fakulty sa stal ved\u00facim historicky prvej slovenskej paleontologickej exped\u00edcie v Ir\u00e1ne - Pr\u00edrodovedeck\u00e1 fakulta | UPJ\u0160","og_description":"Doc. RNDr. Martin Kundr\u00e1t, PhD., vedeck\u00fd pracovn\u00edk Centra interdisciplin\u00e1rnych biovied PF UPJ\u0160, sa stal ved\u00facim pripravovanej historicky prvej slovenskej paleontologickej exped\u00edcie v\u00a0Ir\u00e1ne. Po\u010das svojho p\u00f4sobenia v\u00a0zahrani\u010d\u00ed organizoval exped\u00edcie v\u00a0Patag\u00f3nii, na Sib\u00edri, v Ir\u00e1ne a\u00a0\u010c\u00edne. Docent Kundr\u00e1t sa venuje \u0161t\u00fadiu v\u00fdvoja a evol\u00facii archosaurov. Do tejto skupiny diapsidn\u00fdch plazov patria dinosaury, vt\u00e1ky, pterosaury, krokod\u00edly a ich &hellip; \u010c\u00edta\u0165 \u010falej","og_url":"https:\/\/www.upjs.sk\/prirodovedecka-fakulta\/veda-vyskum\/iran2017\/","og_site_name":"Pr\u00edrodovedeck\u00e1 fakulta | UPJ\u0160","article_modified_time":"2022-10-26T08:12:48+00:00","og_image":[{"width":800,"height":558,"url":"https:\/\/www.upjs.sk\/app\/uploads\/sites\/10\/2022\/09\/kundrat.jpg","type":"image\/jpeg"}],"twitter_card":"summary_large_image","twitter_misc":{"Predpokladan\u00fd \u010das \u010d\u00edtania":"2 min\u00faty"},"schema":{"@context":"https:\/\/schema.org","@graph":[{"@type":"WebPage","@id":"https:\/\/www.upjs.sk\/prirodovedecka-fakulta\/veda-vyskum\/iran2017\/","url":"https:\/\/www.upjs.sk\/prirodovedecka-fakulta\/veda-vyskum\/iran2017\/","name":"Vedeck\u00fd pracovn\u00edk fakulty sa stal ved\u00facim historicky prvej slovenskej paleontologickej exped\u00edcie v Ir\u00e1ne - Pr\u00edrodovedeck\u00e1 fakulta | UPJ\u0160","isPartOf":{"@id":"https:\/\/www.upjs.sk\/prirodovedecka-fakulta\/#website"},"primaryImageOfPage":{"@id":"https:\/\/www.upjs.sk\/prirodovedecka-fakulta\/veda-vyskum\/iran2017\/#primaryimage"},"image":{"@id":"https:\/\/www.upjs.sk\/prirodovedecka-fakulta\/veda-vyskum\/iran2017\/#primaryimage"},"thumbnailUrl":"https:\/\/www.upjs.sk\/app\/uploads\/sites\/10\/2022\/09\/kundrat.jpg","datePublished":"2017-04-03T16:20:54+00:00","dateModified":"2022-10-26T08:12:48+00:00","breadcrumb":{"@id":"https:\/\/www.upjs.sk\/prirodovedecka-fakulta\/veda-vyskum\/iran2017\/#breadcrumb"},"inLanguage":"sk-SK","potentialAction":[{"@type":"ReadAction","target":["https:\/\/www.upjs.sk\/prirodovedecka-fakulta\/veda-vyskum\/iran2017\/"]}]},{"@type":"ImageObject","inLanguage":"sk-SK","@id":"https:\/\/www.upjs.sk\/prirodovedecka-fakulta\/veda-vyskum\/iran2017\/#primaryimage","url":"https:\/\/www.upjs.sk\/app\/uploads\/sites\/10\/2022\/09\/kundrat.jpg","contentUrl":"https:\/\/www.upjs.sk\/app\/uploads\/sites\/10\/2022\/09\/kundrat.jpg","width":800,"height":558,"caption":"iran2017"},{"@type":"BreadcrumbList","@id":"https:\/\/www.upjs.sk\/prirodovedecka-fakulta\/veda-vyskum\/iran2017\/#breadcrumb","itemListElement":[{"@type":"ListItem","position":1,"name":"Home","item":"https:\/\/www.upjs.sk\/prirodovedecka-fakulta\/"},{"@type":"ListItem","position":2,"name":"Veda, v\u00fdskum a rozvoj","item":"https:\/\/www.upjs.sk\/prirodovedecka-fakulta\/?page_id=12917"},{"@type":"ListItem","position":3,"name":"Vedeck\u00fd pracovn\u00edk fakulty sa stal ved\u00facim historicky prvej slovenskej paleontologickej exped\u00edcie v Ir\u00e1ne"}]},{"@type":"WebSite","@id":"https:\/\/www.upjs.sk\/prirodovedecka-fakulta\/#website","url":"https:\/\/www.upjs.sk\/prirodovedecka-fakulta\/","name":"Pr\u00edrodovedeck\u00e1 fakulta | UPJ\u0160","description":"","publisher":{"@id":"https:\/\/www.upjs.sk\/prirodovedecka-fakulta\/#organization"},"potentialAction":[{"@type":"SearchAction","target":{"@type":"EntryPoint","urlTemplate":"https:\/\/www.upjs.sk\/prirodovedecka-fakulta\/?s={search_term_string}"},"query-input":{"@type":"PropertyValueSpecification","valueRequired":true,"valueName":"search_term_string"}}],"inLanguage":"sk-SK"},{"@type":"Organization","@id":"https:\/\/www.upjs.sk\/prirodovedecka-fakulta\/#organization","name":"Pr\u00edrodovedeck\u00e1 fakulta | UPJ\u0160","url":"https:\/\/www.upjs.sk\/prirodovedecka-fakulta\/","logo":{"@type":"ImageObject","inLanguage":"sk-SK","@id":"https:\/\/www.upjs.sk\/prirodovedecka-fakulta\/#\/schema\/logo\/image\/","url":"https:\/\/www.upjs.sk\/app\/uploads\/sites\/10\/2022\/09\/logo-prirodovedecka-fakulta.png","contentUrl":"https:\/\/www.upjs.sk\/app\/uploads\/sites\/10\/2022\/09\/logo-prirodovedecka-fakulta.png","width":415,"height":87,"caption":"Pr\u00edrodovedeck\u00e1 fakulta | UPJ\u0160"},"image":{"@id":"https:\/\/www.upjs.sk\/prirodovedecka-fakulta\/#\/schema\/logo\/image\/"}}]}},"_links":{"self":[{"href":"https:\/\/www.upjs.sk\/prirodovedecka-fakulta\/wp-json\/wp\/v2\/pages\/14467","targetHints":{"allow":["GET"]}}],"collection":[{"href":"https:\/\/www.upjs.sk\/prirodovedecka-fakulta\/wp-json\/wp\/v2\/pages"}],"about":[{"href":"https:\/\/www.upjs.sk\/prirodovedecka-fakulta\/wp-json\/wp\/v2\/types\/page"}],"author":[{"embeddable":true,"href":"https:\/\/www.upjs.sk\/prirodovedecka-fakulta\/wp-json\/wp\/v2\/users\/1"}],"replies":[{"embeddable":true,"href":"https:\/\/www.upjs.sk\/prirodovedecka-fakulta\/wp-json\/wp\/v2\/comments?post=14467"}],"version-history":[{"count":1,"href":"https:\/\/www.upjs.sk\/prirodovedecka-fakulta\/wp-json\/wp\/v2\/pages\/14467\/revisions"}],"predecessor-version":[{"id":14469,"href":"https:\/\/www.upjs.sk\/prirodovedecka-fakulta\/wp-json\/wp\/v2\/pages\/14467\/revisions\/14469"}],"up":[{"embeddable":true,"href":"https:\/\/www.upjs.sk\/prirodovedecka-fakulta\/wp-json\/wp\/v2\/pages\/12917"}],"wp:featuredmedia":[{"embeddable":true,"href":"https:\/\/www.upjs.sk\/prirodovedecka-fakulta\/wp-json\/wp\/v2\/media\/14468"}],"wp:attachment":[{"href":"https:\/\/www.upjs.sk\/prirodovedecka-fakulta\/wp-json\/wp\/v2\/media?parent=14467"}],"wp:term":[{"taxonomy":"category","embeddable":true,"href":"https:\/\/www.upjs.sk\/prirodovedecka-fakulta\/wp-json\/wp\/v2\/categories?post=14467"},{"taxonomy":"post_tag","embeddable":true,"href":"https:\/\/www.upjs.sk\/prirodovedecka-fakulta\/wp-json\/wp\/v2\/tags?post=14467"}],"curies":[{"name":"wp","href":"https:\/\/api.w.org\/{rel}","templated":true}]}}