{"id":14491,"date":"2021-08-02T15:42:27","date_gmt":"2021-08-02T15:42:27","guid":{"rendered":"https:\/\/www.upjs.sk\/prirodovedecka-fakulta\/root\/veda-vyskum\/hk-mph-odbory-1a\/"},"modified":"2023-10-25T10:53:35","modified_gmt":"2023-10-25T09:53:35","slug":"hk-mph-odbory-1a","status":"publish","type":"page","link":"https:\/\/www.upjs.sk\/prirodovedecka-fakulta\/veda-vyskum\/hk-mph-odbory-1a\/","title":{"rendered":"Pr\u00edloha 1a &#8211; Minim\u00e1lne prahov\u00e9 hodnoty merate\u013en\u00fdch ukazovate\u013eov \u2013 pod\u013ea odborov"},"content":{"rendered":"<ul>\n<li><a href=\"https:\/\/www.upjs.sk\/app\/uploads\/sites\/10\/2023\/10\/04a1_HK_Priloha-1a_biologia-fyziologia-zivocichov-fyziologia-rastlin-genetika_v.pdf\">Biologia \/ Fyziologia \u017eivo\u010d\u00edchov \/ Fyziologia rastlin \/ Genetika<\/a><\/li>\n<li><a href=\"https:\/\/www.upjs.sk\/app\/uploads\/sites\/10\/2023\/10\/04a2_HK_Priloha-1a_ekologia.pdf\">Ekol\u00f3gia<\/a><\/li>\n<li><a href=\"https:\/\/www.upjs.sk\/app\/uploads\/sites\/10\/2023\/10\/04a3_HK_Priloha-1a_biofyzika-fyzika-kondenzovanych-lytok-akustika-fyziky-jadrova-subjadrova-fyzika_v.pdf\">Biofyzika \/ Fyzika kondenzovan\u00fdch l\u00e1tok a akustika \/ Fyzika \/ Jadrov\u00e1\u00a0a subjadrov\u00e1\u00a0fyzika<\/a><\/li>\n<li><a href=\"https:\/\/www.upjs.sk\/app\/uploads\/sites\/10\/2023\/10\/04a4_HK_Priloha-1a_teoria-vyucovania-fyziky_v.pdf\">Te\u00f3ria vyu\u010dovania fyziky<\/a><\/li>\n<li><a href=\"https:\/\/www.upjs.sk\/app\/uploads\/sites\/10\/2023\/10\/04a5_HK_Priloha-1a_analyticka-chemia-anorganicka-chemia-biochemia-organicka-chemia-chemia_v.pdf\">Analytick\u00e1 ch\u00e9mia \/ Anorganick\u00e1 ch\u00e9mia \/ Bioch\u00e9mia \/ Organick\u00e1 ch\u00e9mia \/ Ch\u00e9mia<\/a><\/li>\n<li><a href=\"https:\/\/www.upjs.sk\/app\/uploads\/sites\/10\/2023\/10\/04a6_HK_Priloha-1a_geografia.pdf\">Geografia<\/a><\/li>\n<li><a href=\"https:\/\/www.upjs.sk\/app\/uploads\/sites\/10\/2023\/10\/04a7_HK_Priloha-1a_informatika.pdf\">Informatika<\/a><\/li>\n<li><a href=\"https:\/\/www.upjs.sk\/app\/uploads\/sites\/10\/2023\/10\/04a8_HK_Priloha-1a_matematika.pdf\" target=\"_blank\" rel=\"noopener\">Matematika<\/a><\/li>\n<li><a href=\"https:\/\/www.upjs.sk\/app\/uploads\/sites\/10\/2023\/10\/04a9_HK_Priloha-1a_teoria-vyucovania-matematiky.pdf\">Te\u00f3ria vyu\u010dovania matematiky<\/a><\/li>\n<\/ul>\n","protected":false},"excerpt":{"rendered":"<p>Biologia \/ Fyziologia \u017eivo\u010d\u00edchov \/ Fyziologia rastlin \/ Genetika Ekol\u00f3gia Biofyzika \/ Fyzika kondenzovan\u00fdch l\u00e1tok a akustika \/ Fyzika \/ Jadrov\u00e1\u00a0a subjadrov\u00e1\u00a0fyzika Te\u00f3ria vyu\u010dovania fyziky Analytick\u00e1 ch\u00e9mia \/ Anorganick\u00e1 ch\u00e9mia \/ Bioch\u00e9mia \/ Organick\u00e1 ch\u00e9mia \/ Ch\u00e9mia Geografia Informatika Matematika Te\u00f3ria vyu\u010dovania matematiky<\/p>\n","protected":false},"author":1,"featured_media":0,"parent":12917,"menu_order":12,"comment_status":"closed","ping_status":"closed","template":"","meta":{"_acf_changed":false,"_editorskit_title_hidden":false,"_editorskit_reading_time":0,"_editorskit_is_block_options_detached":false,"_editorskit_block_options_position":"{}","footnotes":""},"categories":[],"tags":[],"class_list":["post-14491","page","type-page","status-publish","hentry"],"acf":{"acf_link_na_externy_obsah":""},"yoast_head":"<!-- This site is optimized with the Yoast SEO plugin v27.4 - https:\/\/yoast.com\/product\/yoast-seo-wordpress\/ -->\n<title>Pr\u00edloha 1a - Minim\u00e1lne prahov\u00e9 hodnoty merate\u013en\u00fdch ukazovate\u013eov \u2013 pod\u013ea odborov - Pr\u00edrodovedeck\u00e1 fakulta | UPJ\u0160<\/title>\n<meta name=\"robots\" content=\"index, follow, max-snippet:-1, max-image-preview:large, max-video-preview:-1\" \/>\n<link rel=\"canonical\" href=\"https:\/\/www.upjs.sk\/prirodovedecka-fakulta\/veda-vyskum\/hk-mph-odbory-1a\/\" \/>\n<meta property=\"og:locale\" content=\"sk_SK\" \/>\n<meta property=\"og:type\" content=\"article\" \/>\n<meta property=\"og:title\" content=\"Pr\u00edloha 1a - Minim\u00e1lne prahov\u00e9 hodnoty merate\u013en\u00fdch ukazovate\u013eov \u2013 pod\u013ea odborov - Pr\u00edrodovedeck\u00e1 fakulta | UPJ\u0160\" \/>\n<meta property=\"og:description\" content=\"Biologia \/ Fyziologia \u017eivo\u010d\u00edchov \/ Fyziologia rastlin \/ Genetika Ekol\u00f3gia Biofyzika \/ Fyzika kondenzovan\u00fdch l\u00e1tok a akustika \/ Fyzika \/ Jadrov\u00e1\u00a0a subjadrov\u00e1\u00a0fyzika Te\u00f3ria vyu\u010dovania fyziky Analytick\u00e1 ch\u00e9mia \/ Anorganick\u00e1 ch\u00e9mia \/ Bioch\u00e9mia \/ Organick\u00e1 ch\u00e9mia \/ Ch\u00e9mia Geografia Informatika Matematika Te\u00f3ria vyu\u010dovania matematiky\" \/>\n<meta property=\"og:url\" content=\"https:\/\/www.upjs.sk\/prirodovedecka-fakulta\/veda-vyskum\/hk-mph-odbory-1a\/\" \/>\n<meta property=\"og:site_name\" content=\"Pr\u00edrodovedeck\u00e1 fakulta | UPJ\u0160\" \/>\n<meta property=\"article:modified_time\" content=\"2023-10-25T09:53:35+00:00\" \/>\n<meta name=\"twitter:card\" content=\"summary_large_image\" \/>\n<meta name=\"twitter:label1\" content=\"Predpokladan\u00fd \u010das \u010d\u00edtania\" \/>\n\t<meta name=\"twitter:data1\" content=\"1 min\u00fata\" \/>\n<script type=\"application\/ld+json\" class=\"yoast-schema-graph\">{\"@context\":\"https:\\\/\\\/schema.org\",\"@graph\":[{\"@type\":\"WebPage\",\"@id\":\"https:\\\/\\\/www.upjs.sk\\\/prirodovedecka-fakulta\\\/veda-vyskum\\\/hk-mph-odbory-1a\\\/\",\"url\":\"https:\\\/\\\/www.upjs.sk\\\/prirodovedecka-fakulta\\\/veda-vyskum\\\/hk-mph-odbory-1a\\\/\",\"name\":\"Pr\u00edloha 1a - Minim\u00e1lne prahov\u00e9 hodnoty merate\u013en\u00fdch ukazovate\u013eov \u2013 pod\u013ea odborov - Pr\u00edrodovedeck\u00e1 fakulta | UPJ\u0160\",\"isPartOf\":{\"@id\":\"https:\\\/\\\/www.upjs.sk\\\/prirodovedecka-fakulta\\\/#website\"},\"datePublished\":\"2021-08-02T15:42:27+00:00\",\"dateModified\":\"2023-10-25T09:53:35+00:00\",\"breadcrumb\":{\"@id\":\"https:\\\/\\\/www.upjs.sk\\\/prirodovedecka-fakulta\\\/veda-vyskum\\\/hk-mph-odbory-1a\\\/#breadcrumb\"},\"inLanguage\":\"sk-SK\",\"potentialAction\":[{\"@type\":\"ReadAction\",\"target\":[\"https:\\\/\\\/www.upjs.sk\\\/prirodovedecka-fakulta\\\/veda-vyskum\\\/hk-mph-odbory-1a\\\/\"]}]},{\"@type\":\"BreadcrumbList\",\"@id\":\"https:\\\/\\\/www.upjs.sk\\\/prirodovedecka-fakulta\\\/veda-vyskum\\\/hk-mph-odbory-1a\\\/#breadcrumb\",\"itemListElement\":[{\"@type\":\"ListItem\",\"position\":1,\"name\":\"Home\",\"item\":\"https:\\\/\\\/www.upjs.sk\\\/prirodovedecka-fakulta\\\/\"},{\"@type\":\"ListItem\",\"position\":2,\"name\":\"Veda, v\u00fdskum a rozvoj\",\"item\":\"https:\\\/\\\/www.upjs.sk\\\/prirodovedecka-fakulta\\\/?page_id=12917\"},{\"@type\":\"ListItem\",\"position\":3,\"name\":\"Pr\u00edloha 1a &#8211; Minim\u00e1lne prahov\u00e9 hodnoty merate\u013en\u00fdch ukazovate\u013eov \u2013 pod\u013ea odborov\"}]},{\"@type\":\"WebSite\",\"@id\":\"https:\\\/\\\/www.upjs.sk\\\/prirodovedecka-fakulta\\\/#website\",\"url\":\"https:\\\/\\\/www.upjs.sk\\\/prirodovedecka-fakulta\\\/\",\"name\":\"Pr\u00edrodovedeck\u00e1 fakulta | UPJ\u0160\",\"description\":\"\",\"publisher\":{\"@id\":\"https:\\\/\\\/www.upjs.sk\\\/prirodovedecka-fakulta\\\/#organization\"},\"potentialAction\":[{\"@type\":\"SearchAction\",\"target\":{\"@type\":\"EntryPoint\",\"urlTemplate\":\"https:\\\/\\\/www.upjs.sk\\\/prirodovedecka-fakulta\\\/?s={search_term_string}\"},\"query-input\":{\"@type\":\"PropertyValueSpecification\",\"valueRequired\":true,\"valueName\":\"search_term_string\"}}],\"inLanguage\":\"sk-SK\"},{\"@type\":\"Organization\",\"@id\":\"https:\\\/\\\/www.upjs.sk\\\/prirodovedecka-fakulta\\\/#organization\",\"name\":\"Pr\u00edrodovedeck\u00e1 fakulta | UPJ\u0160\",\"url\":\"https:\\\/\\\/www.upjs.sk\\\/prirodovedecka-fakulta\\\/\",\"logo\":{\"@type\":\"ImageObject\",\"inLanguage\":\"sk-SK\",\"@id\":\"https:\\\/\\\/www.upjs.sk\\\/prirodovedecka-fakulta\\\/#\\\/schema\\\/logo\\\/image\\\/\",\"url\":\"https:\\\/\\\/www.upjs.sk\\\/app\\\/uploads\\\/sites\\\/10\\\/2022\\\/09\\\/logo-prirodovedecka-fakulta.png\",\"contentUrl\":\"https:\\\/\\\/www.upjs.sk\\\/app\\\/uploads\\\/sites\\\/10\\\/2022\\\/09\\\/logo-prirodovedecka-fakulta.png\",\"width\":415,\"height\":87,\"caption\":\"Pr\u00edrodovedeck\u00e1 fakulta | UPJ\u0160\"},\"image\":{\"@id\":\"https:\\\/\\\/www.upjs.sk\\\/prirodovedecka-fakulta\\\/#\\\/schema\\\/logo\\\/image\\\/\"}}]}<\/script>\n<!-- \/ Yoast SEO plugin. -->","yoast_head_json":{"title":"Pr\u00edloha 1a - Minim\u00e1lne prahov\u00e9 hodnoty merate\u013en\u00fdch ukazovate\u013eov \u2013 pod\u013ea odborov - Pr\u00edrodovedeck\u00e1 fakulta | UPJ\u0160","robots":{"index":"index","follow":"follow","max-snippet":"max-snippet:-1","max-image-preview":"max-image-preview:large","max-video-preview":"max-video-preview:-1"},"canonical":"https:\/\/www.upjs.sk\/prirodovedecka-fakulta\/veda-vyskum\/hk-mph-odbory-1a\/","og_locale":"sk_SK","og_type":"article","og_title":"Pr\u00edloha 1a - Minim\u00e1lne prahov\u00e9 hodnoty merate\u013en\u00fdch ukazovate\u013eov \u2013 pod\u013ea odborov - Pr\u00edrodovedeck\u00e1 fakulta | UPJ\u0160","og_description":"Biologia \/ Fyziologia \u017eivo\u010d\u00edchov \/ Fyziologia rastlin \/ Genetika Ekol\u00f3gia Biofyzika \/ Fyzika kondenzovan\u00fdch l\u00e1tok a akustika \/ Fyzika \/ Jadrov\u00e1\u00a0a subjadrov\u00e1\u00a0fyzika Te\u00f3ria vyu\u010dovania fyziky Analytick\u00e1 ch\u00e9mia \/ Anorganick\u00e1 ch\u00e9mia \/ Bioch\u00e9mia \/ Organick\u00e1 ch\u00e9mia \/ Ch\u00e9mia Geografia Informatika Matematika Te\u00f3ria vyu\u010dovania matematiky","og_url":"https:\/\/www.upjs.sk\/prirodovedecka-fakulta\/veda-vyskum\/hk-mph-odbory-1a\/","og_site_name":"Pr\u00edrodovedeck\u00e1 fakulta | UPJ\u0160","article_modified_time":"2023-10-25T09:53:35+00:00","twitter_card":"summary_large_image","twitter_misc":{"Predpokladan\u00fd \u010das \u010d\u00edtania":"1 min\u00fata"},"schema":{"@context":"https:\/\/schema.org","@graph":[{"@type":"WebPage","@id":"https:\/\/www.upjs.sk\/prirodovedecka-fakulta\/veda-vyskum\/hk-mph-odbory-1a\/","url":"https:\/\/www.upjs.sk\/prirodovedecka-fakulta\/veda-vyskum\/hk-mph-odbory-1a\/","name":"Pr\u00edloha 1a - Minim\u00e1lne prahov\u00e9 hodnoty merate\u013en\u00fdch ukazovate\u013eov \u2013 pod\u013ea odborov - Pr\u00edrodovedeck\u00e1 fakulta | UPJ\u0160","isPartOf":{"@id":"https:\/\/www.upjs.sk\/prirodovedecka-fakulta\/#website"},"datePublished":"2021-08-02T15:42:27+00:00","dateModified":"2023-10-25T09:53:35+00:00","breadcrumb":{"@id":"https:\/\/www.upjs.sk\/prirodovedecka-fakulta\/veda-vyskum\/hk-mph-odbory-1a\/#breadcrumb"},"inLanguage":"sk-SK","potentialAction":[{"@type":"ReadAction","target":["https:\/\/www.upjs.sk\/prirodovedecka-fakulta\/veda-vyskum\/hk-mph-odbory-1a\/"]}]},{"@type":"BreadcrumbList","@id":"https:\/\/www.upjs.sk\/prirodovedecka-fakulta\/veda-vyskum\/hk-mph-odbory-1a\/#breadcrumb","itemListElement":[{"@type":"ListItem","position":1,"name":"Home","item":"https:\/\/www.upjs.sk\/prirodovedecka-fakulta\/"},{"@type":"ListItem","position":2,"name":"Veda, v\u00fdskum a rozvoj","item":"https:\/\/www.upjs.sk\/prirodovedecka-fakulta\/?page_id=12917"},{"@type":"ListItem","position":3,"name":"Pr\u00edloha 1a &#8211; Minim\u00e1lne prahov\u00e9 hodnoty merate\u013en\u00fdch ukazovate\u013eov \u2013 pod\u013ea odborov"}]},{"@type":"WebSite","@id":"https:\/\/www.upjs.sk\/prirodovedecka-fakulta\/#website","url":"https:\/\/www.upjs.sk\/prirodovedecka-fakulta\/","name":"Pr\u00edrodovedeck\u00e1 fakulta | UPJ\u0160","description":"","publisher":{"@id":"https:\/\/www.upjs.sk\/prirodovedecka-fakulta\/#organization"},"potentialAction":[{"@type":"SearchAction","target":{"@type":"EntryPoint","urlTemplate":"https:\/\/www.upjs.sk\/prirodovedecka-fakulta\/?s={search_term_string}"},"query-input":{"@type":"PropertyValueSpecification","valueRequired":true,"valueName":"search_term_string"}}],"inLanguage":"sk-SK"},{"@type":"Organization","@id":"https:\/\/www.upjs.sk\/prirodovedecka-fakulta\/#organization","name":"Pr\u00edrodovedeck\u00e1 fakulta | UPJ\u0160","url":"https:\/\/www.upjs.sk\/prirodovedecka-fakulta\/","logo":{"@type":"ImageObject","inLanguage":"sk-SK","@id":"https:\/\/www.upjs.sk\/prirodovedecka-fakulta\/#\/schema\/logo\/image\/","url":"https:\/\/www.upjs.sk\/app\/uploads\/sites\/10\/2022\/09\/logo-prirodovedecka-fakulta.png","contentUrl":"https:\/\/www.upjs.sk\/app\/uploads\/sites\/10\/2022\/09\/logo-prirodovedecka-fakulta.png","width":415,"height":87,"caption":"Pr\u00edrodovedeck\u00e1 fakulta | UPJ\u0160"},"image":{"@id":"https:\/\/www.upjs.sk\/prirodovedecka-fakulta\/#\/schema\/logo\/image\/"}}]}},"_links":{"self":[{"href":"https:\/\/www.upjs.sk\/prirodovedecka-fakulta\/wp-json\/wp\/v2\/pages\/14491","targetHints":{"allow":["GET"]}}],"collection":[{"href":"https:\/\/www.upjs.sk\/prirodovedecka-fakulta\/wp-json\/wp\/v2\/pages"}],"about":[{"href":"https:\/\/www.upjs.sk\/prirodovedecka-fakulta\/wp-json\/wp\/v2\/types\/page"}],"author":[{"embeddable":true,"href":"https:\/\/www.upjs.sk\/prirodovedecka-fakulta\/wp-json\/wp\/v2\/users\/1"}],"replies":[{"embeddable":true,"href":"https:\/\/www.upjs.sk\/prirodovedecka-fakulta\/wp-json\/wp\/v2\/comments?post=14491"}],"version-history":[{"count":3,"href":"https:\/\/www.upjs.sk\/prirodovedecka-fakulta\/wp-json\/wp\/v2\/pages\/14491\/revisions"}],"predecessor-version":[{"id":62102,"href":"https:\/\/www.upjs.sk\/prirodovedecka-fakulta\/wp-json\/wp\/v2\/pages\/14491\/revisions\/62102"}],"up":[{"embeddable":true,"href":"https:\/\/www.upjs.sk\/prirodovedecka-fakulta\/wp-json\/wp\/v2\/pages\/12917"}],"wp:attachment":[{"href":"https:\/\/www.upjs.sk\/prirodovedecka-fakulta\/wp-json\/wp\/v2\/media?parent=14491"}],"wp:term":[{"taxonomy":"category","embeddable":true,"href":"https:\/\/www.upjs.sk\/prirodovedecka-fakulta\/wp-json\/wp\/v2\/categories?post=14491"},{"taxonomy":"post_tag","embeddable":true,"href":"https:\/\/www.upjs.sk\/prirodovedecka-fakulta\/wp-json\/wp\/v2\/tags?post=14491"}],"curies":[{"name":"wp","href":"https:\/\/api.w.org\/{rel}","templated":true}]}}