{"id":14496,"date":"2011-10-28T11:29:00","date_gmt":"2011-11-28T11:29:13","guid":{"rendered":"https:\/\/www.upjs.sk\/prirodovedecka-fakulta\/root\/veda-vyskum\/cajovna\/archiv\/cajovna12102011\/"},"modified":"2023-06-30T14:18:15","modified_gmt":"2023-06-30T13:18:15","slug":"cajovna12102011","status":"publish","type":"page","link":"https:\/\/www.upjs.sk\/prirodovedecka-fakulta\/veda-vyskum\/cajovna-arch\/archiv\/cajovna12102011\/","title":{"rendered":"1. Pr\u00edrodovedeck\u00e1 \u010dajov\u0148a"},"content":{"rendered":"<style>.kb-image_3c1a63-69 .kb-image-has-overlay:after{opacity:0.3;border-top-left-radius:5px;border-top-right-radius:5px;border-bottom-right-radius:5px;border-bottom-left-radius:4px;}.kb-image_3c1a63-69 img.kb-img, .kb-image_3c1a63-69 .kb-img img{border-top-left-radius:5px;border-top-right-radius:5px;border-bottom-right-radius:5px;border-bottom-left-radius:4px;}<\/style>\n<figure class=\"wp-block-kadence-image kb-image_3c1a63-69 size-full\"><img loading=\"lazy\" decoding=\"async\" width=\"1170\" height=\"150\" src=\"https:\/\/www.upjs.sk\/app\/uploads\/sites\/10\/2023\/05\/banner-prir-cajovna-archiv.png\" alt=\"\" class=\"kb-img wp-image-56424\" srcset=\"https:\/\/www.upjs.sk\/app\/uploads\/sites\/10\/2023\/05\/banner-prir-cajovna-archiv.png 1170w, https:\/\/www.upjs.sk\/app\/uploads\/sites\/10\/2023\/05\/banner-prir-cajovna-archiv-300x38.png 300w, https:\/\/www.upjs.sk\/app\/uploads\/sites\/10\/2023\/05\/banner-prir-cajovna-archiv-1024x131.png 1024w, https:\/\/www.upjs.sk\/app\/uploads\/sites\/10\/2023\/05\/banner-prir-cajovna-archiv-768x98.png 768w\" sizes=\"auto, (max-width: 1170px) 100vw, 1170px\" \/><\/figure>\n\n\n\n<div style=\"height:20px\" aria-hidden=\"true\" class=\"wp-block-spacer\"><\/div>\n\n\n<p style=\"text-align: justify;\"><img decoding=\"async\" style=\"margin: 50px 10px; width: 150px; float: left; height: 150px;\" src=\"\/public\/files\/PF\/cajovna\/cajovna1.jpg\" alt=\"\" \/><\/p>\n<ul style=\"margin-left: 140px;\">\n<li style=\"text-align: justify;\"><a href=\"\/public\/files\/PF\/cajovna\/Cajovna_plagat_12102011.pdf\" target=\"blank\" rel=\"noopener\">Plag\u00e1t<\/a><\/li>\n<li style=\"text-align: justify;\">Predn\u00e1\u0161ky\n<ul>\n<li style=\"text-align: justify;\"><strong>doc. RNDr. J\u00e1n Imrich, CSc.<\/strong><br \/>Nukle\u00e1rna magnetick\u00e1 rezonancia (NMR) v pr\u00edrodn\u00fdch ved\u00e1ch\n<p>\u00a0<\/p>\n<ul>\n<li style=\"text-align: justify;\"><a href=\"http:\/\/pfwdata.ics.upjs.sk\/Imrich.ppt\" target=\"_blank\" rel=\"noopener\">prezent\u00e1cia<\/a><\/li>\n<li style=\"text-align: justify;\"><a href=\"http:\/\/evo.caltech.edu\/evoPlayer\/prod\/EVOPlayer.jnlp?fileToPlay=http:\/\/archive.evo.upjs.sk\/zaznam\/evo_archiv\/_evx\/2011_10_12_cajovna1_imrich.evx\">z\u00e1znam<\/a><\/li>\n<\/ul>\n<\/li>\n<li style=\"text-align: justify;\"><strong>prof. RNDr. Miroslav Rep\u010d\u00e1k, DrSc.<\/strong><br \/>NMR pri identifi k\u00e1cii sekund\u00e1rnych metabolitov rastl\u00edn\n<p>\u00a0<\/p>\n<ul>\n<li style=\"text-align: justify;\"><a href=\"http:\/\/www.upjs.sk\/public\/media\/6203\/Repcak.ppt\" target=\"_blank\" rel=\"noopener\">prezent\u00e1cia<\/a><\/li>\n<li style=\"text-align: justify;\"><a href=\"http:\/\/evo.caltech.edu\/evoPlayer\/prod\/EVOPlayer.jnlp?fileToPlay=http:\/\/archive.evo.upjs.sk\/zaznam\/evo_archiv\/_evx\/2011_10_12_cajovna2_repcak.evx\">z\u00e1znam<\/a><\/li>\n<\/ul>\n<\/li>\n<li style=\"text-align: justify;\"><strong>RNDr. M\u00e1ria Vilkov\u00e1, PhD.<\/strong><br \/>Strat\u00e9gia h\u013eadania \u0161trukt\u00fary nezn\u00e1mej zl\u00fa\u010deniny pomocou NMR \u2013 pr\u00edklad rastlinn\u00e9ho metabolitu\n<p>\u00a0<\/p>\n<ul>\n<li style=\"text-align: justify;\"><a href=\"http:\/\/www.upjs.sk\/public\/media\/6203\/Vilkova.ppt\" target=\"_blank\" rel=\"noopener\">prezent\u00e1cia<\/a><\/li>\n<li style=\"text-align: justify;\"><a href=\"http:\/\/evo.caltech.edu\/evoPlayer\/prod\/EVOPlayer.jnlp?fileToPlay=http:\/\/archive.evo.upjs.sk\/zaznam\/evo_archiv\/_evx\/2011_10_12_cajovna3_vilkova.evx\">z\u00e1znam<\/a><\/li>\n<\/ul>\n<\/li>\n<\/ul>\n<\/li>\n<li style=\"text-align: justify;\">Diskusia\n<ul>\n<li style=\"text-align: justify;\"><a href=\"http:\/\/evo.caltech.edu\/evoPlayer\/prod\/EVOPlayer.jnlp?fileToPlay=http:\/\/archive.evo.upjs.sk\/zaznam\/evo_archiv\/_evx\/2011_10_12_cajovna4_diskusia.evx\">z\u00e1znam<\/a><\/li>\n<\/ul>\n<\/li>\n<\/ul>\n<p style=\"text-align: justify;\">\u00a0<\/p>\n<p><strong>Z\u00e1znamy predn\u00e1\u0161ok s\u00fa uroben\u00e9 syst\u00e9mom EVO, preto je potrebn\u00e9 na ich prehr\u00e1vanie in\u0161talova\u0165 Javu <\/strong>(<a href=\"http:\/\/www.java.com\/\" target=\"_blank\" rel=\"noopener\">www.java.com<\/a>).<\/p>\n<h3>\u00a0<\/h3>","protected":false},"excerpt":{"rendered":"<p>Plag\u00e1t Predn\u00e1\u0161ky doc. RNDr. J\u00e1n Imrich, CSc.Nukle\u00e1rna magnetick\u00e1 rezonancia (NMR) v pr\u00edrodn\u00fdch ved\u00e1ch \u00a0 prezent\u00e1cia z\u00e1znam prof. RNDr. Miroslav Rep\u010d\u00e1k, DrSc.NMR pri identifi k\u00e1cii sekund\u00e1rnych metabolitov rastl\u00edn \u00a0 prezent\u00e1cia z\u00e1znam RNDr. M\u00e1ria Vilkov\u00e1, PhD.Strat\u00e9gia h\u013eadania \u0161trukt\u00fary nezn\u00e1mej zl\u00fa\u010deniny pomocou NMR \u2013 pr\u00edklad rastlinn\u00e9ho metabolitu \u00a0 prezent\u00e1cia z\u00e1znam Diskusia z\u00e1znam \u00a0 Z\u00e1znamy predn\u00e1\u0161ok s\u00fa uroben\u00e9 syst\u00e9mom &hellip; <a href=\"https:\/\/www.upjs.sk\/prirodovedecka-fakulta\/veda-vyskum\/cajovna-arch\/archiv\/cajovna12102011\/\">\u010c\u00edta\u0165 \u010falej<\/a><\/p>\n","protected":false},"author":1,"featured_media":58218,"parent":12979,"menu_order":0,"comment_status":"closed","ping_status":"closed","template":"","meta":{"_acf_changed":false,"_editorskit_title_hidden":false,"_editorskit_reading_time":0,"_editorskit_is_block_options_detached":false,"_editorskit_block_options_position":"{}","footnotes":""},"categories":[],"tags":[],"class_list":["post-14496","page","type-page","status-publish","has-post-thumbnail","hentry"],"acf":{"acf_link_na_externy_obsah":""},"yoast_head":"<!-- This site is optimized with the Yoast SEO plugin v27.2 - https:\/\/yoast.com\/product\/yoast-seo-wordpress\/ -->\n<title>1. Pr\u00edrodovedeck\u00e1 \u010dajov\u0148a - Pr\u00edrodovedeck\u00e1 fakulta | UPJ\u0160<\/title>\n<meta name=\"robots\" content=\"index, follow, max-snippet:-1, max-image-preview:large, max-video-preview:-1\" \/>\n<link rel=\"canonical\" href=\"https:\/\/www.upjs.sk\/prirodovedecka-fakulta\/veda-vyskum\/cajovna-arch\/archiv\/cajovna12102011\/\" \/>\n<meta property=\"og:locale\" content=\"sk_SK\" \/>\n<meta property=\"og:type\" content=\"article\" \/>\n<meta property=\"og:title\" content=\"1. Pr\u00edrodovedeck\u00e1 \u010dajov\u0148a - Pr\u00edrodovedeck\u00e1 fakulta | UPJ\u0160\" \/>\n<meta property=\"og:description\" content=\"Plag\u00e1t Predn\u00e1\u0161ky doc. RNDr. J\u00e1n Imrich, CSc.Nukle\u00e1rna magnetick\u00e1 rezonancia (NMR) v pr\u00edrodn\u00fdch ved\u00e1ch \u00a0 prezent\u00e1cia z\u00e1znam prof. RNDr. Miroslav Rep\u010d\u00e1k, DrSc.NMR pri identifi k\u00e1cii sekund\u00e1rnych metabolitov rastl\u00edn \u00a0 prezent\u00e1cia z\u00e1znam RNDr. M\u00e1ria Vilkov\u00e1, PhD.Strat\u00e9gia h\u013eadania \u0161trukt\u00fary nezn\u00e1mej zl\u00fa\u010deniny pomocou NMR \u2013 pr\u00edklad rastlinn\u00e9ho metabolitu \u00a0 prezent\u00e1cia z\u00e1znam Diskusia z\u00e1znam \u00a0 Z\u00e1znamy predn\u00e1\u0161ok s\u00fa uroben\u00e9 syst\u00e9mom &hellip; \u010c\u00edta\u0165 \u010falej\" \/>\n<meta property=\"og:url\" content=\"https:\/\/www.upjs.sk\/prirodovedecka-fakulta\/veda-vyskum\/cajovna-arch\/archiv\/cajovna12102011\/\" \/>\n<meta property=\"og:site_name\" content=\"Pr\u00edrodovedeck\u00e1 fakulta | UPJ\u0160\" \/>\n<meta property=\"article:modified_time\" content=\"2023-06-30T13:18:15+00:00\" \/>\n<meta property=\"og:image\" content=\"https:\/\/www.upjs.sk\/app\/uploads\/sites\/10\/2023\/06\/01_cajovna_ilob.jpg\" \/>\n\t<meta property=\"og:image:width\" content=\"600\" \/>\n\t<meta property=\"og:image:height\" content=\"420\" \/>\n\t<meta property=\"og:image:type\" content=\"image\/jpeg\" \/>\n<meta name=\"twitter:card\" content=\"summary_large_image\" \/>\n<meta name=\"twitter:label1\" content=\"Predpokladan\u00fd \u010das \u010d\u00edtania\" \/>\n\t<meta name=\"twitter:data1\" content=\"1 min\u00fata\" \/>\n<script type=\"application\/ld+json\" class=\"yoast-schema-graph\">{\"@context\":\"https:\/\/schema.org\",\"@graph\":[{\"@type\":\"WebPage\",\"@id\":\"https:\/\/www.upjs.sk\/prirodovedecka-fakulta\/veda-vyskum\/cajovna-arch\/archiv\/cajovna12102011\/\",\"url\":\"https:\/\/www.upjs.sk\/prirodovedecka-fakulta\/veda-vyskum\/cajovna-arch\/archiv\/cajovna12102011\/\",\"name\":\"1. Pr\u00edrodovedeck\u00e1 \u010dajov\u0148a - Pr\u00edrodovedeck\u00e1 fakulta | UPJ\u0160\",\"isPartOf\":{\"@id\":\"https:\/\/www.upjs.sk\/prirodovedecka-fakulta\/#website\"},\"primaryImageOfPage\":{\"@id\":\"https:\/\/www.upjs.sk\/prirodovedecka-fakulta\/veda-vyskum\/cajovna-arch\/archiv\/cajovna12102011\/#primaryimage\"},\"image\":{\"@id\":\"https:\/\/www.upjs.sk\/prirodovedecka-fakulta\/veda-vyskum\/cajovna-arch\/archiv\/cajovna12102011\/#primaryimage\"},\"thumbnailUrl\":\"https:\/\/www.upjs.sk\/app\/uploads\/sites\/10\/2023\/06\/01_cajovna_ilob.jpg\",\"datePublished\":\"2011-11-28T11:29:13+00:00\",\"dateModified\":\"2023-06-30T13:18:15+00:00\",\"breadcrumb\":{\"@id\":\"https:\/\/www.upjs.sk\/prirodovedecka-fakulta\/veda-vyskum\/cajovna-arch\/archiv\/cajovna12102011\/#breadcrumb\"},\"inLanguage\":\"sk-SK\",\"potentialAction\":[{\"@type\":\"ReadAction\",\"target\":[\"https:\/\/www.upjs.sk\/prirodovedecka-fakulta\/veda-vyskum\/cajovna-arch\/archiv\/cajovna12102011\/\"]}]},{\"@type\":\"ImageObject\",\"inLanguage\":\"sk-SK\",\"@id\":\"https:\/\/www.upjs.sk\/prirodovedecka-fakulta\/veda-vyskum\/cajovna-arch\/archiv\/cajovna12102011\/#primaryimage\",\"url\":\"https:\/\/www.upjs.sk\/app\/uploads\/sites\/10\/2023\/06\/01_cajovna_ilob.jpg\",\"contentUrl\":\"https:\/\/www.upjs.sk\/app\/uploads\/sites\/10\/2023\/06\/01_cajovna_ilob.jpg\",\"width\":600,\"height\":420},{\"@type\":\"BreadcrumbList\",\"@id\":\"https:\/\/www.upjs.sk\/prirodovedecka-fakulta\/veda-vyskum\/cajovna-arch\/archiv\/cajovna12102011\/#breadcrumb\",\"itemListElement\":[{\"@type\":\"ListItem\",\"position\":1,\"name\":\"Home\",\"item\":\"https:\/\/www.upjs.sk\/prirodovedecka-fakulta\/\"},{\"@type\":\"ListItem\",\"position\":2,\"name\":\"Veda, v\u00fdskum a rozvoj\",\"item\":\"https:\/\/www.upjs.sk\/prirodovedecka-fakulta\/?page_id=12917\"},{\"@type\":\"ListItem\",\"position\":3,\"name\":\"Pr\u00edrodovedeck\u00e1 \u010dajov\u0148a-st\",\"item\":\"https:\/\/www.upjs.sk\/prirodovedecka-fakulta\/?page_id=12959\"},{\"@type\":\"ListItem\",\"position\":4,\"name\":\"Pr\u00edrodovedeck\u00e1 \u010dajov\u0148a &#8211; arch\u00edv\",\"item\":\"https:\/\/www.upjs.sk\/prirodovedecka-fakulta\/?page_id=12979\"},{\"@type\":\"ListItem\",\"position\":5,\"name\":\"1. Pr\u00edrodovedeck\u00e1 \u010dajov\u0148a\"}]},{\"@type\":\"WebSite\",\"@id\":\"https:\/\/www.upjs.sk\/prirodovedecka-fakulta\/#website\",\"url\":\"https:\/\/www.upjs.sk\/prirodovedecka-fakulta\/\",\"name\":\"Pr\u00edrodovedeck\u00e1 fakulta | UPJ\u0160\",\"description\":\"\",\"publisher\":{\"@id\":\"https:\/\/www.upjs.sk\/prirodovedecka-fakulta\/#organization\"},\"potentialAction\":[{\"@type\":\"SearchAction\",\"target\":{\"@type\":\"EntryPoint\",\"urlTemplate\":\"https:\/\/www.upjs.sk\/prirodovedecka-fakulta\/?s={search_term_string}\"},\"query-input\":{\"@type\":\"PropertyValueSpecification\",\"valueRequired\":true,\"valueName\":\"search_term_string\"}}],\"inLanguage\":\"sk-SK\"},{\"@type\":\"Organization\",\"@id\":\"https:\/\/www.upjs.sk\/prirodovedecka-fakulta\/#organization\",\"name\":\"Pr\u00edrodovedeck\u00e1 fakulta | UPJ\u0160\",\"url\":\"https:\/\/www.upjs.sk\/prirodovedecka-fakulta\/\",\"logo\":{\"@type\":\"ImageObject\",\"inLanguage\":\"sk-SK\",\"@id\":\"https:\/\/www.upjs.sk\/prirodovedecka-fakulta\/#\/schema\/logo\/image\/\",\"url\":\"https:\/\/www.upjs.sk\/app\/uploads\/sites\/10\/2022\/09\/logo-prirodovedecka-fakulta.png\",\"contentUrl\":\"https:\/\/www.upjs.sk\/app\/uploads\/sites\/10\/2022\/09\/logo-prirodovedecka-fakulta.png\",\"width\":415,\"height\":87,\"caption\":\"Pr\u00edrodovedeck\u00e1 fakulta | UPJ\u0160\"},\"image\":{\"@id\":\"https:\/\/www.upjs.sk\/prirodovedecka-fakulta\/#\/schema\/logo\/image\/\"}}]}<\/script>\n<!-- \/ Yoast SEO plugin. -->","yoast_head_json":{"title":"1. Pr\u00edrodovedeck\u00e1 \u010dajov\u0148a - Pr\u00edrodovedeck\u00e1 fakulta | UPJ\u0160","robots":{"index":"index","follow":"follow","max-snippet":"max-snippet:-1","max-image-preview":"max-image-preview:large","max-video-preview":"max-video-preview:-1"},"canonical":"https:\/\/www.upjs.sk\/prirodovedecka-fakulta\/veda-vyskum\/cajovna-arch\/archiv\/cajovna12102011\/","og_locale":"sk_SK","og_type":"article","og_title":"1. Pr\u00edrodovedeck\u00e1 \u010dajov\u0148a - Pr\u00edrodovedeck\u00e1 fakulta | UPJ\u0160","og_description":"Plag\u00e1t Predn\u00e1\u0161ky doc. RNDr. J\u00e1n Imrich, CSc.Nukle\u00e1rna magnetick\u00e1 rezonancia (NMR) v pr\u00edrodn\u00fdch ved\u00e1ch \u00a0 prezent\u00e1cia z\u00e1znam prof. RNDr. Miroslav Rep\u010d\u00e1k, DrSc.NMR pri identifi k\u00e1cii sekund\u00e1rnych metabolitov rastl\u00edn \u00a0 prezent\u00e1cia z\u00e1znam RNDr. M\u00e1ria Vilkov\u00e1, PhD.Strat\u00e9gia h\u013eadania \u0161trukt\u00fary nezn\u00e1mej zl\u00fa\u010deniny pomocou NMR \u2013 pr\u00edklad rastlinn\u00e9ho metabolitu \u00a0 prezent\u00e1cia z\u00e1znam Diskusia z\u00e1znam \u00a0 Z\u00e1znamy predn\u00e1\u0161ok s\u00fa uroben\u00e9 syst\u00e9mom &hellip; \u010c\u00edta\u0165 \u010falej","og_url":"https:\/\/www.upjs.sk\/prirodovedecka-fakulta\/veda-vyskum\/cajovna-arch\/archiv\/cajovna12102011\/","og_site_name":"Pr\u00edrodovedeck\u00e1 fakulta | UPJ\u0160","article_modified_time":"2023-06-30T13:18:15+00:00","og_image":[{"width":600,"height":420,"url":"https:\/\/www.upjs.sk\/app\/uploads\/sites\/10\/2023\/06\/01_cajovna_ilob.jpg","type":"image\/jpeg"}],"twitter_card":"summary_large_image","twitter_misc":{"Predpokladan\u00fd \u010das \u010d\u00edtania":"1 min\u00fata"},"schema":{"@context":"https:\/\/schema.org","@graph":[{"@type":"WebPage","@id":"https:\/\/www.upjs.sk\/prirodovedecka-fakulta\/veda-vyskum\/cajovna-arch\/archiv\/cajovna12102011\/","url":"https:\/\/www.upjs.sk\/prirodovedecka-fakulta\/veda-vyskum\/cajovna-arch\/archiv\/cajovna12102011\/","name":"1. Pr\u00edrodovedeck\u00e1 \u010dajov\u0148a - Pr\u00edrodovedeck\u00e1 fakulta | UPJ\u0160","isPartOf":{"@id":"https:\/\/www.upjs.sk\/prirodovedecka-fakulta\/#website"},"primaryImageOfPage":{"@id":"https:\/\/www.upjs.sk\/prirodovedecka-fakulta\/veda-vyskum\/cajovna-arch\/archiv\/cajovna12102011\/#primaryimage"},"image":{"@id":"https:\/\/www.upjs.sk\/prirodovedecka-fakulta\/veda-vyskum\/cajovna-arch\/archiv\/cajovna12102011\/#primaryimage"},"thumbnailUrl":"https:\/\/www.upjs.sk\/app\/uploads\/sites\/10\/2023\/06\/01_cajovna_ilob.jpg","datePublished":"2011-11-28T11:29:13+00:00","dateModified":"2023-06-30T13:18:15+00:00","breadcrumb":{"@id":"https:\/\/www.upjs.sk\/prirodovedecka-fakulta\/veda-vyskum\/cajovna-arch\/archiv\/cajovna12102011\/#breadcrumb"},"inLanguage":"sk-SK","potentialAction":[{"@type":"ReadAction","target":["https:\/\/www.upjs.sk\/prirodovedecka-fakulta\/veda-vyskum\/cajovna-arch\/archiv\/cajovna12102011\/"]}]},{"@type":"ImageObject","inLanguage":"sk-SK","@id":"https:\/\/www.upjs.sk\/prirodovedecka-fakulta\/veda-vyskum\/cajovna-arch\/archiv\/cajovna12102011\/#primaryimage","url":"https:\/\/www.upjs.sk\/app\/uploads\/sites\/10\/2023\/06\/01_cajovna_ilob.jpg","contentUrl":"https:\/\/www.upjs.sk\/app\/uploads\/sites\/10\/2023\/06\/01_cajovna_ilob.jpg","width":600,"height":420},{"@type":"BreadcrumbList","@id":"https:\/\/www.upjs.sk\/prirodovedecka-fakulta\/veda-vyskum\/cajovna-arch\/archiv\/cajovna12102011\/#breadcrumb","itemListElement":[{"@type":"ListItem","position":1,"name":"Home","item":"https:\/\/www.upjs.sk\/prirodovedecka-fakulta\/"},{"@type":"ListItem","position":2,"name":"Veda, v\u00fdskum a rozvoj","item":"https:\/\/www.upjs.sk\/prirodovedecka-fakulta\/?page_id=12917"},{"@type":"ListItem","position":3,"name":"Pr\u00edrodovedeck\u00e1 \u010dajov\u0148a-st","item":"https:\/\/www.upjs.sk\/prirodovedecka-fakulta\/?page_id=12959"},{"@type":"ListItem","position":4,"name":"Pr\u00edrodovedeck\u00e1 \u010dajov\u0148a &#8211; arch\u00edv","item":"https:\/\/www.upjs.sk\/prirodovedecka-fakulta\/?page_id=12979"},{"@type":"ListItem","position":5,"name":"1. Pr\u00edrodovedeck\u00e1 \u010dajov\u0148a"}]},{"@type":"WebSite","@id":"https:\/\/www.upjs.sk\/prirodovedecka-fakulta\/#website","url":"https:\/\/www.upjs.sk\/prirodovedecka-fakulta\/","name":"Pr\u00edrodovedeck\u00e1 fakulta | UPJ\u0160","description":"","publisher":{"@id":"https:\/\/www.upjs.sk\/prirodovedecka-fakulta\/#organization"},"potentialAction":[{"@type":"SearchAction","target":{"@type":"EntryPoint","urlTemplate":"https:\/\/www.upjs.sk\/prirodovedecka-fakulta\/?s={search_term_string}"},"query-input":{"@type":"PropertyValueSpecification","valueRequired":true,"valueName":"search_term_string"}}],"inLanguage":"sk-SK"},{"@type":"Organization","@id":"https:\/\/www.upjs.sk\/prirodovedecka-fakulta\/#organization","name":"Pr\u00edrodovedeck\u00e1 fakulta | UPJ\u0160","url":"https:\/\/www.upjs.sk\/prirodovedecka-fakulta\/","logo":{"@type":"ImageObject","inLanguage":"sk-SK","@id":"https:\/\/www.upjs.sk\/prirodovedecka-fakulta\/#\/schema\/logo\/image\/","url":"https:\/\/www.upjs.sk\/app\/uploads\/sites\/10\/2022\/09\/logo-prirodovedecka-fakulta.png","contentUrl":"https:\/\/www.upjs.sk\/app\/uploads\/sites\/10\/2022\/09\/logo-prirodovedecka-fakulta.png","width":415,"height":87,"caption":"Pr\u00edrodovedeck\u00e1 fakulta | UPJ\u0160"},"image":{"@id":"https:\/\/www.upjs.sk\/prirodovedecka-fakulta\/#\/schema\/logo\/image\/"}}]}},"_links":{"self":[{"href":"https:\/\/www.upjs.sk\/prirodovedecka-fakulta\/wp-json\/wp\/v2\/pages\/14496","targetHints":{"allow":["GET"]}}],"collection":[{"href":"https:\/\/www.upjs.sk\/prirodovedecka-fakulta\/wp-json\/wp\/v2\/pages"}],"about":[{"href":"https:\/\/www.upjs.sk\/prirodovedecka-fakulta\/wp-json\/wp\/v2\/types\/page"}],"author":[{"embeddable":true,"href":"https:\/\/www.upjs.sk\/prirodovedecka-fakulta\/wp-json\/wp\/v2\/users\/1"}],"replies":[{"embeddable":true,"href":"https:\/\/www.upjs.sk\/prirodovedecka-fakulta\/wp-json\/wp\/v2\/comments?post=14496"}],"version-history":[{"count":8,"href":"https:\/\/www.upjs.sk\/prirodovedecka-fakulta\/wp-json\/wp\/v2\/pages\/14496\/revisions"}],"predecessor-version":[{"id":58304,"href":"https:\/\/www.upjs.sk\/prirodovedecka-fakulta\/wp-json\/wp\/v2\/pages\/14496\/revisions\/58304"}],"up":[{"embeddable":true,"href":"https:\/\/www.upjs.sk\/prirodovedecka-fakulta\/wp-json\/wp\/v2\/pages\/12979"}],"wp:featuredmedia":[{"embeddable":true,"href":"https:\/\/www.upjs.sk\/prirodovedecka-fakulta\/wp-json\/wp\/v2\/media\/58218"}],"wp:attachment":[{"href":"https:\/\/www.upjs.sk\/prirodovedecka-fakulta\/wp-json\/wp\/v2\/media?parent=14496"}],"wp:term":[{"taxonomy":"category","embeddable":true,"href":"https:\/\/www.upjs.sk\/prirodovedecka-fakulta\/wp-json\/wp\/v2\/categories?post=14496"},{"taxonomy":"post_tag","embeddable":true,"href":"https:\/\/www.upjs.sk\/prirodovedecka-fakulta\/wp-json\/wp\/v2\/tags?post=14496"}],"curies":[{"name":"wp","href":"https:\/\/api.w.org\/{rel}","templated":true}]}}