{"id":14531,"date":"2012-04-03T13:41:59","date_gmt":"2012-04-03T13:41:59","guid":{"rendered":"https:\/\/www.upjs.sk\/prirodovedecka-fakulta\/root\/veda-vyskum\/cajovna\/archiv\/cajovna23032012\/"},"modified":"2023-06-30T13:37:24","modified_gmt":"2023-06-30T12:37:24","slug":"cajovna23032012","status":"publish","type":"page","link":"https:\/\/www.upjs.sk\/prirodovedecka-fakulta\/veda-vyskum\/cajovna-arch\/archiv\/cajovna23032012\/","title":{"rendered":"4. pr\u00edrodovedeck\u00e1 \u010dajov\u0148a"},"content":{"rendered":"<style>.kb-image_2520c0-cb .kb-image-has-overlay:after{opacity:0.3;border-top-left-radius:5px;border-top-right-radius:5px;border-bottom-right-radius:5px;border-bottom-left-radius:4px;}.kb-image_2520c0-cb img.kb-img, .kb-image_2520c0-cb .kb-img img{border-top-left-radius:5px;border-top-right-radius:5px;border-bottom-right-radius:5px;border-bottom-left-radius:4px;}<\/style>\n<figure class=\"wp-block-kadence-image kb-image_2520c0-cb size-full\"><img loading=\"lazy\" decoding=\"async\" width=\"1170\" height=\"150\" src=\"https:\/\/www.upjs.sk\/app\/uploads\/sites\/10\/2023\/05\/banner-prir-cajovna-archiv.png\" alt=\"\" class=\"kb-img wp-image-56424\" srcset=\"https:\/\/www.upjs.sk\/app\/uploads\/sites\/10\/2023\/05\/banner-prir-cajovna-archiv.png 1170w, https:\/\/www.upjs.sk\/app\/uploads\/sites\/10\/2023\/05\/banner-prir-cajovna-archiv-300x38.png 300w, https:\/\/www.upjs.sk\/app\/uploads\/sites\/10\/2023\/05\/banner-prir-cajovna-archiv-1024x131.png 1024w, https:\/\/www.upjs.sk\/app\/uploads\/sites\/10\/2023\/05\/banner-prir-cajovna-archiv-768x98.png 768w\" sizes=\"auto, (max-width: 1170px) 100vw, 1170px\" \/><\/figure>\n\n\n\n<div style=\"height:20px\" aria-hidden=\"true\" class=\"wp-block-spacer\"><\/div>\n\n\n<p style=\"text-align: justify;\"><img decoding=\"async\" style=\"margin: 50px 10px; width: 150px; float: left; height: 150px;\" src=\"\/public\/files\/PF\/cajovna\/cajovna1.jpg\" alt=\"\" \/><\/p>\n<ul style=\"margin-left: 140px;\">\n<li style=\"text-align: justify;\"><a href=\"\/public\/media\/6991\/PC_28032012.pdf\" target=\"_blank\" rel=\"noopener\">Plag\u00e1t<\/a><\/li>\n<li style=\"text-align: justify;\">Predn\u00e1\u0161ky\n<ul>\n<li style=\"text-align: justify;\"><strong><strong>Prof. RNDr. P. Sov\u00e1k, CSc. a Ing. K. Saksl, DrSc. <\/strong><\/strong><br \/>X-ray Free Electron Laser v Hamburgu (XFEL) \u2013 riadenie spolo\u010dnosti, stav v\u00fdstavby a nov\u00e9 pr\u00edle\u017eitosti pre smerovanie v\u00fdskumu vedeck\u00fdch skup\u00edn<br \/>\n<ul>\n<li style=\"text-align: justify;\"><a href=\"http:\/\/evo.caltech.edu\/evoPlayer\/prod\/EVOPlayer.jnlp?fileToPlay=http:\/\/archive.evo.upjs.sk\/zaznam\/evo_archiv\/_evx\/2012_03_28_cajovna_sovak.evx\" target=\"_blank\" rel=\"noopener\">z\u00e1znam<\/a><\/li>\n<\/ul>\n<\/li>\n<li style=\"text-align: justify;\"><strong><strong>Doc. RNDr. J. Uli\u010dn\u00fd, PhD.<\/strong><\/strong><br \/>Po\u010d\u00edta\u010dov\u00e1 simul\u00e1cia XFEL experimentu CDI<br \/>\n<ul>\n<li style=\"text-align: justify;\"><a href=\"http:\/\/evo.caltech.edu\/evoPlayer\/prod\/EVOPlayer.jnlp?fileToPlay=http:\/\/archive.evo.upjs.sk\/zaznam\/evo_archiv\/_evx\/2012_03_28_cajovna_ulicny.evx\" target=\"_blank\" rel=\"noopener\">z\u00e1znam<\/a><\/li>\n<\/ul>\n<\/li>\n<li style=\"text-align: justify;\"><strong><strong>Doc. RNDr. M.Dud\u00e1\u0161, PhD. <\/strong><\/strong><br \/>V\u00fdznam XFEL v biol\u00f3gii a v medic\u00edne<br \/>\n<ul>\n<li style=\"text-align: justify;\">z\u00e1znam<\/li>\n<\/ul>\n<\/li>\n<\/ul>\n<\/li>\n<\/ul>\n<p><strong>Z\u00e1znamy predn\u00e1\u0161ok s\u00fa uroben\u00e9 syst\u00e9mom EVO, preto je potrebn\u00e9 na ich prehr\u00e1vanie in\u0161talova\u0165 Javu <\/strong>(<a href=\"http:\/\/www.java.com\/\" target=\"_blank\" rel=\"noopener\">www.java.com<\/a>).<\/p>","protected":false},"excerpt":{"rendered":"<p>Plag\u00e1t Predn\u00e1\u0161ky Prof. RNDr. P. Sov\u00e1k, CSc. a Ing. K. Saksl, DrSc. X-ray Free Electron Laser v Hamburgu (XFEL) \u2013 riadenie spolo\u010dnosti, stav v\u00fdstavby a nov\u00e9 pr\u00edle\u017eitosti pre smerovanie v\u00fdskumu vedeck\u00fdch skup\u00edn z\u00e1znam Doc. RNDr. J. Uli\u010dn\u00fd, PhD.Po\u010d\u00edta\u010dov\u00e1 simul\u00e1cia XFEL experimentu CDI z\u00e1znam Doc. RNDr. M.Dud\u00e1\u0161, PhD. V\u00fdznam XFEL v biol\u00f3gii a v medic\u00edne z\u00e1znam &hellip; <a href=\"https:\/\/www.upjs.sk\/prirodovedecka-fakulta\/veda-vyskum\/cajovna-arch\/archiv\/cajovna23032012\/\">\u010c\u00edta\u0165 \u010falej<\/a><\/p>\n","protected":false},"author":1,"featured_media":58210,"parent":12979,"menu_order":3,"comment_status":"closed","ping_status":"closed","template":"","meta":{"_acf_changed":false,"_editorskit_title_hidden":false,"_editorskit_reading_time":0,"_editorskit_is_block_options_detached":false,"_editorskit_block_options_position":"{}","footnotes":""},"categories":[],"tags":[],"class_list":["post-14531","page","type-page","status-publish","has-post-thumbnail","hentry"],"acf":{"acf_link_na_externy_obsah":""},"yoast_head":"<!-- This site is optimized with the Yoast SEO plugin v27.4 - https:\/\/yoast.com\/product\/yoast-seo-wordpress\/ -->\n<title>4. pr\u00edrodovedeck\u00e1 \u010dajov\u0148a - Pr\u00edrodovedeck\u00e1 fakulta | UPJ\u0160<\/title>\n<meta name=\"robots\" content=\"index, follow, max-snippet:-1, max-image-preview:large, max-video-preview:-1\" \/>\n<link rel=\"canonical\" href=\"https:\/\/www.upjs.sk\/prirodovedecka-fakulta\/veda-vyskum\/cajovna-arch\/archiv\/cajovna23032012\/\" \/>\n<meta property=\"og:locale\" content=\"sk_SK\" \/>\n<meta property=\"og:type\" content=\"article\" \/>\n<meta property=\"og:title\" content=\"4. pr\u00edrodovedeck\u00e1 \u010dajov\u0148a - Pr\u00edrodovedeck\u00e1 fakulta | UPJ\u0160\" \/>\n<meta property=\"og:description\" content=\"Plag\u00e1t Predn\u00e1\u0161ky Prof. RNDr. P. Sov\u00e1k, CSc. a Ing. K. Saksl, DrSc. X-ray Free Electron Laser v Hamburgu (XFEL) \u2013 riadenie spolo\u010dnosti, stav v\u00fdstavby a nov\u00e9 pr\u00edle\u017eitosti pre smerovanie v\u00fdskumu vedeck\u00fdch skup\u00edn z\u00e1znam Doc. RNDr. J. Uli\u010dn\u00fd, PhD.Po\u010d\u00edta\u010dov\u00e1 simul\u00e1cia XFEL experimentu CDI z\u00e1znam Doc. RNDr. M.Dud\u00e1\u0161, PhD. V\u00fdznam XFEL v biol\u00f3gii a v medic\u00edne z\u00e1znam &hellip; \u010c\u00edta\u0165 \u010falej\" \/>\n<meta property=\"og:url\" content=\"https:\/\/www.upjs.sk\/prirodovedecka-fakulta\/veda-vyskum\/cajovna-arch\/archiv\/cajovna23032012\/\" \/>\n<meta property=\"og:site_name\" content=\"Pr\u00edrodovedeck\u00e1 fakulta | UPJ\u0160\" \/>\n<meta property=\"article:modified_time\" content=\"2023-06-30T12:37:24+00:00\" \/>\n<meta property=\"og:image\" content=\"https:\/\/www.upjs.sk\/app\/uploads\/sites\/10\/2023\/06\/04_cajovna_ilob.jpg\" \/>\n\t<meta property=\"og:image:width\" content=\"600\" \/>\n\t<meta property=\"og:image:height\" content=\"420\" \/>\n\t<meta property=\"og:image:type\" content=\"image\/jpeg\" \/>\n<meta name=\"twitter:card\" content=\"summary_large_image\" \/>\n<meta name=\"twitter:label1\" content=\"Predpokladan\u00fd \u010das \u010d\u00edtania\" \/>\n\t<meta name=\"twitter:data1\" content=\"1 min\u00fata\" \/>\n<script type=\"application\/ld+json\" class=\"yoast-schema-graph\">{\"@context\":\"https:\\\/\\\/schema.org\",\"@graph\":[{\"@type\":\"WebPage\",\"@id\":\"https:\\\/\\\/www.upjs.sk\\\/prirodovedecka-fakulta\\\/veda-vyskum\\\/cajovna-arch\\\/archiv\\\/cajovna23032012\\\/\",\"url\":\"https:\\\/\\\/www.upjs.sk\\\/prirodovedecka-fakulta\\\/veda-vyskum\\\/cajovna-arch\\\/archiv\\\/cajovna23032012\\\/\",\"name\":\"4. pr\u00edrodovedeck\u00e1 \u010dajov\u0148a - Pr\u00edrodovedeck\u00e1 fakulta | UPJ\u0160\",\"isPartOf\":{\"@id\":\"https:\\\/\\\/www.upjs.sk\\\/prirodovedecka-fakulta\\\/#website\"},\"primaryImageOfPage\":{\"@id\":\"https:\\\/\\\/www.upjs.sk\\\/prirodovedecka-fakulta\\\/veda-vyskum\\\/cajovna-arch\\\/archiv\\\/cajovna23032012\\\/#primaryimage\"},\"image\":{\"@id\":\"https:\\\/\\\/www.upjs.sk\\\/prirodovedecka-fakulta\\\/veda-vyskum\\\/cajovna-arch\\\/archiv\\\/cajovna23032012\\\/#primaryimage\"},\"thumbnailUrl\":\"https:\\\/\\\/www.upjs.sk\\\/app\\\/uploads\\\/sites\\\/10\\\/2023\\\/06\\\/04_cajovna_ilob.jpg\",\"datePublished\":\"2012-04-03T13:41:59+00:00\",\"dateModified\":\"2023-06-30T12:37:24+00:00\",\"breadcrumb\":{\"@id\":\"https:\\\/\\\/www.upjs.sk\\\/prirodovedecka-fakulta\\\/veda-vyskum\\\/cajovna-arch\\\/archiv\\\/cajovna23032012\\\/#breadcrumb\"},\"inLanguage\":\"sk-SK\",\"potentialAction\":[{\"@type\":\"ReadAction\",\"target\":[\"https:\\\/\\\/www.upjs.sk\\\/prirodovedecka-fakulta\\\/veda-vyskum\\\/cajovna-arch\\\/archiv\\\/cajovna23032012\\\/\"]}]},{\"@type\":\"ImageObject\",\"inLanguage\":\"sk-SK\",\"@id\":\"https:\\\/\\\/www.upjs.sk\\\/prirodovedecka-fakulta\\\/veda-vyskum\\\/cajovna-arch\\\/archiv\\\/cajovna23032012\\\/#primaryimage\",\"url\":\"https:\\\/\\\/www.upjs.sk\\\/app\\\/uploads\\\/sites\\\/10\\\/2023\\\/06\\\/04_cajovna_ilob.jpg\",\"contentUrl\":\"https:\\\/\\\/www.upjs.sk\\\/app\\\/uploads\\\/sites\\\/10\\\/2023\\\/06\\\/04_cajovna_ilob.jpg\",\"width\":600,\"height\":420},{\"@type\":\"BreadcrumbList\",\"@id\":\"https:\\\/\\\/www.upjs.sk\\\/prirodovedecka-fakulta\\\/veda-vyskum\\\/cajovna-arch\\\/archiv\\\/cajovna23032012\\\/#breadcrumb\",\"itemListElement\":[{\"@type\":\"ListItem\",\"position\":1,\"name\":\"Home\",\"item\":\"https:\\\/\\\/www.upjs.sk\\\/prirodovedecka-fakulta\\\/\"},{\"@type\":\"ListItem\",\"position\":2,\"name\":\"Veda, v\u00fdskum a rozvoj\",\"item\":\"https:\\\/\\\/www.upjs.sk\\\/prirodovedecka-fakulta\\\/?page_id=12917\"},{\"@type\":\"ListItem\",\"position\":3,\"name\":\"Pr\u00edrodovedeck\u00e1 \u010dajov\u0148a-st\",\"item\":\"https:\\\/\\\/www.upjs.sk\\\/prirodovedecka-fakulta\\\/?page_id=12959\"},{\"@type\":\"ListItem\",\"position\":4,\"name\":\"Pr\u00edrodovedeck\u00e1 \u010dajov\u0148a &#8211; arch\u00edv\",\"item\":\"https:\\\/\\\/www.upjs.sk\\\/prirodovedecka-fakulta\\\/?page_id=12979\"},{\"@type\":\"ListItem\",\"position\":5,\"name\":\"4. pr\u00edrodovedeck\u00e1 \u010dajov\u0148a\"}]},{\"@type\":\"WebSite\",\"@id\":\"https:\\\/\\\/www.upjs.sk\\\/prirodovedecka-fakulta\\\/#website\",\"url\":\"https:\\\/\\\/www.upjs.sk\\\/prirodovedecka-fakulta\\\/\",\"name\":\"Pr\u00edrodovedeck\u00e1 fakulta | UPJ\u0160\",\"description\":\"\",\"publisher\":{\"@id\":\"https:\\\/\\\/www.upjs.sk\\\/prirodovedecka-fakulta\\\/#organization\"},\"potentialAction\":[{\"@type\":\"SearchAction\",\"target\":{\"@type\":\"EntryPoint\",\"urlTemplate\":\"https:\\\/\\\/www.upjs.sk\\\/prirodovedecka-fakulta\\\/?s={search_term_string}\"},\"query-input\":{\"@type\":\"PropertyValueSpecification\",\"valueRequired\":true,\"valueName\":\"search_term_string\"}}],\"inLanguage\":\"sk-SK\"},{\"@type\":\"Organization\",\"@id\":\"https:\\\/\\\/www.upjs.sk\\\/prirodovedecka-fakulta\\\/#organization\",\"name\":\"Pr\u00edrodovedeck\u00e1 fakulta | UPJ\u0160\",\"url\":\"https:\\\/\\\/www.upjs.sk\\\/prirodovedecka-fakulta\\\/\",\"logo\":{\"@type\":\"ImageObject\",\"inLanguage\":\"sk-SK\",\"@id\":\"https:\\\/\\\/www.upjs.sk\\\/prirodovedecka-fakulta\\\/#\\\/schema\\\/logo\\\/image\\\/\",\"url\":\"https:\\\/\\\/www.upjs.sk\\\/app\\\/uploads\\\/sites\\\/10\\\/2022\\\/09\\\/logo-prirodovedecka-fakulta.png\",\"contentUrl\":\"https:\\\/\\\/www.upjs.sk\\\/app\\\/uploads\\\/sites\\\/10\\\/2022\\\/09\\\/logo-prirodovedecka-fakulta.png\",\"width\":415,\"height\":87,\"caption\":\"Pr\u00edrodovedeck\u00e1 fakulta | UPJ\u0160\"},\"image\":{\"@id\":\"https:\\\/\\\/www.upjs.sk\\\/prirodovedecka-fakulta\\\/#\\\/schema\\\/logo\\\/image\\\/\"}}]}<\/script>\n<!-- \/ Yoast SEO plugin. -->","yoast_head_json":{"title":"4. pr\u00edrodovedeck\u00e1 \u010dajov\u0148a - Pr\u00edrodovedeck\u00e1 fakulta | UPJ\u0160","robots":{"index":"index","follow":"follow","max-snippet":"max-snippet:-1","max-image-preview":"max-image-preview:large","max-video-preview":"max-video-preview:-1"},"canonical":"https:\/\/www.upjs.sk\/prirodovedecka-fakulta\/veda-vyskum\/cajovna-arch\/archiv\/cajovna23032012\/","og_locale":"sk_SK","og_type":"article","og_title":"4. pr\u00edrodovedeck\u00e1 \u010dajov\u0148a - Pr\u00edrodovedeck\u00e1 fakulta | UPJ\u0160","og_description":"Plag\u00e1t Predn\u00e1\u0161ky Prof. RNDr. P. Sov\u00e1k, CSc. a Ing. K. Saksl, DrSc. X-ray Free Electron Laser v Hamburgu (XFEL) \u2013 riadenie spolo\u010dnosti, stav v\u00fdstavby a nov\u00e9 pr\u00edle\u017eitosti pre smerovanie v\u00fdskumu vedeck\u00fdch skup\u00edn z\u00e1znam Doc. RNDr. J. Uli\u010dn\u00fd, PhD.Po\u010d\u00edta\u010dov\u00e1 simul\u00e1cia XFEL experimentu CDI z\u00e1znam Doc. RNDr. M.Dud\u00e1\u0161, PhD. V\u00fdznam XFEL v biol\u00f3gii a v medic\u00edne z\u00e1znam &hellip; \u010c\u00edta\u0165 \u010falej","og_url":"https:\/\/www.upjs.sk\/prirodovedecka-fakulta\/veda-vyskum\/cajovna-arch\/archiv\/cajovna23032012\/","og_site_name":"Pr\u00edrodovedeck\u00e1 fakulta | UPJ\u0160","article_modified_time":"2023-06-30T12:37:24+00:00","og_image":[{"width":600,"height":420,"url":"https:\/\/www.upjs.sk\/app\/uploads\/sites\/10\/2023\/06\/04_cajovna_ilob.jpg","type":"image\/jpeg"}],"twitter_card":"summary_large_image","twitter_misc":{"Predpokladan\u00fd \u010das \u010d\u00edtania":"1 min\u00fata"},"schema":{"@context":"https:\/\/schema.org","@graph":[{"@type":"WebPage","@id":"https:\/\/www.upjs.sk\/prirodovedecka-fakulta\/veda-vyskum\/cajovna-arch\/archiv\/cajovna23032012\/","url":"https:\/\/www.upjs.sk\/prirodovedecka-fakulta\/veda-vyskum\/cajovna-arch\/archiv\/cajovna23032012\/","name":"4. pr\u00edrodovedeck\u00e1 \u010dajov\u0148a - Pr\u00edrodovedeck\u00e1 fakulta | UPJ\u0160","isPartOf":{"@id":"https:\/\/www.upjs.sk\/prirodovedecka-fakulta\/#website"},"primaryImageOfPage":{"@id":"https:\/\/www.upjs.sk\/prirodovedecka-fakulta\/veda-vyskum\/cajovna-arch\/archiv\/cajovna23032012\/#primaryimage"},"image":{"@id":"https:\/\/www.upjs.sk\/prirodovedecka-fakulta\/veda-vyskum\/cajovna-arch\/archiv\/cajovna23032012\/#primaryimage"},"thumbnailUrl":"https:\/\/www.upjs.sk\/app\/uploads\/sites\/10\/2023\/06\/04_cajovna_ilob.jpg","datePublished":"2012-04-03T13:41:59+00:00","dateModified":"2023-06-30T12:37:24+00:00","breadcrumb":{"@id":"https:\/\/www.upjs.sk\/prirodovedecka-fakulta\/veda-vyskum\/cajovna-arch\/archiv\/cajovna23032012\/#breadcrumb"},"inLanguage":"sk-SK","potentialAction":[{"@type":"ReadAction","target":["https:\/\/www.upjs.sk\/prirodovedecka-fakulta\/veda-vyskum\/cajovna-arch\/archiv\/cajovna23032012\/"]}]},{"@type":"ImageObject","inLanguage":"sk-SK","@id":"https:\/\/www.upjs.sk\/prirodovedecka-fakulta\/veda-vyskum\/cajovna-arch\/archiv\/cajovna23032012\/#primaryimage","url":"https:\/\/www.upjs.sk\/app\/uploads\/sites\/10\/2023\/06\/04_cajovna_ilob.jpg","contentUrl":"https:\/\/www.upjs.sk\/app\/uploads\/sites\/10\/2023\/06\/04_cajovna_ilob.jpg","width":600,"height":420},{"@type":"BreadcrumbList","@id":"https:\/\/www.upjs.sk\/prirodovedecka-fakulta\/veda-vyskum\/cajovna-arch\/archiv\/cajovna23032012\/#breadcrumb","itemListElement":[{"@type":"ListItem","position":1,"name":"Home","item":"https:\/\/www.upjs.sk\/prirodovedecka-fakulta\/"},{"@type":"ListItem","position":2,"name":"Veda, v\u00fdskum a rozvoj","item":"https:\/\/www.upjs.sk\/prirodovedecka-fakulta\/?page_id=12917"},{"@type":"ListItem","position":3,"name":"Pr\u00edrodovedeck\u00e1 \u010dajov\u0148a-st","item":"https:\/\/www.upjs.sk\/prirodovedecka-fakulta\/?page_id=12959"},{"@type":"ListItem","position":4,"name":"Pr\u00edrodovedeck\u00e1 \u010dajov\u0148a &#8211; arch\u00edv","item":"https:\/\/www.upjs.sk\/prirodovedecka-fakulta\/?page_id=12979"},{"@type":"ListItem","position":5,"name":"4. pr\u00edrodovedeck\u00e1 \u010dajov\u0148a"}]},{"@type":"WebSite","@id":"https:\/\/www.upjs.sk\/prirodovedecka-fakulta\/#website","url":"https:\/\/www.upjs.sk\/prirodovedecka-fakulta\/","name":"Pr\u00edrodovedeck\u00e1 fakulta | UPJ\u0160","description":"","publisher":{"@id":"https:\/\/www.upjs.sk\/prirodovedecka-fakulta\/#organization"},"potentialAction":[{"@type":"SearchAction","target":{"@type":"EntryPoint","urlTemplate":"https:\/\/www.upjs.sk\/prirodovedecka-fakulta\/?s={search_term_string}"},"query-input":{"@type":"PropertyValueSpecification","valueRequired":true,"valueName":"search_term_string"}}],"inLanguage":"sk-SK"},{"@type":"Organization","@id":"https:\/\/www.upjs.sk\/prirodovedecka-fakulta\/#organization","name":"Pr\u00edrodovedeck\u00e1 fakulta | UPJ\u0160","url":"https:\/\/www.upjs.sk\/prirodovedecka-fakulta\/","logo":{"@type":"ImageObject","inLanguage":"sk-SK","@id":"https:\/\/www.upjs.sk\/prirodovedecka-fakulta\/#\/schema\/logo\/image\/","url":"https:\/\/www.upjs.sk\/app\/uploads\/sites\/10\/2022\/09\/logo-prirodovedecka-fakulta.png","contentUrl":"https:\/\/www.upjs.sk\/app\/uploads\/sites\/10\/2022\/09\/logo-prirodovedecka-fakulta.png","width":415,"height":87,"caption":"Pr\u00edrodovedeck\u00e1 fakulta | UPJ\u0160"},"image":{"@id":"https:\/\/www.upjs.sk\/prirodovedecka-fakulta\/#\/schema\/logo\/image\/"}}]}},"_links":{"self":[{"href":"https:\/\/www.upjs.sk\/prirodovedecka-fakulta\/wp-json\/wp\/v2\/pages\/14531","targetHints":{"allow":["GET"]}}],"collection":[{"href":"https:\/\/www.upjs.sk\/prirodovedecka-fakulta\/wp-json\/wp\/v2\/pages"}],"about":[{"href":"https:\/\/www.upjs.sk\/prirodovedecka-fakulta\/wp-json\/wp\/v2\/types\/page"}],"author":[{"embeddable":true,"href":"https:\/\/www.upjs.sk\/prirodovedecka-fakulta\/wp-json\/wp\/v2\/users\/1"}],"replies":[{"embeddable":true,"href":"https:\/\/www.upjs.sk\/prirodovedecka-fakulta\/wp-json\/wp\/v2\/comments?post=14531"}],"version-history":[{"count":5,"href":"https:\/\/www.upjs.sk\/prirodovedecka-fakulta\/wp-json\/wp\/v2\/pages\/14531\/revisions"}],"predecessor-version":[{"id":58280,"href":"https:\/\/www.upjs.sk\/prirodovedecka-fakulta\/wp-json\/wp\/v2\/pages\/14531\/revisions\/58280"}],"up":[{"embeddable":true,"href":"https:\/\/www.upjs.sk\/prirodovedecka-fakulta\/wp-json\/wp\/v2\/pages\/12979"}],"wp:featuredmedia":[{"embeddable":true,"href":"https:\/\/www.upjs.sk\/prirodovedecka-fakulta\/wp-json\/wp\/v2\/media\/58210"}],"wp:attachment":[{"href":"https:\/\/www.upjs.sk\/prirodovedecka-fakulta\/wp-json\/wp\/v2\/media?parent=14531"}],"wp:term":[{"taxonomy":"category","embeddable":true,"href":"https:\/\/www.upjs.sk\/prirodovedecka-fakulta\/wp-json\/wp\/v2\/categories?post=14531"},{"taxonomy":"post_tag","embeddable":true,"href":"https:\/\/www.upjs.sk\/prirodovedecka-fakulta\/wp-json\/wp\/v2\/tags?post=14531"}],"curies":[{"name":"wp","href":"https:\/\/api.w.org\/{rel}","templated":true}]}}