{"id":14535,"date":"2013-04-28T15:45:00","date_gmt":"2020-11-02T15:45:17","guid":{"rendered":"https:\/\/www.upjs.sk\/prirodovedecka-fakulta\/root\/veda-vyskum\/cajovna\/archiv\/pr-cajovna-25042013\/"},"modified":"2023-06-30T12:41:53","modified_gmt":"2023-06-30T11:41:53","slug":"pr-cajovna-25042013","status":"publish","type":"page","link":"https:\/\/www.upjs.sk\/prirodovedecka-fakulta\/veda-vyskum\/cajovna-arch\/archiv\/pr-cajovna-25042013\/","title":{"rendered":"7. pr\u00edrodovedeck\u00e1 \u010dajov\u0148a"},"content":{"rendered":"<style>.kb-image_eb1b66-4b .kb-image-has-overlay:after{opacity:0.3;border-top-left-radius:5px;border-top-right-radius:5px;border-bottom-right-radius:5px;border-bottom-left-radius:5px;}.kb-image_eb1b66-4b img.kb-img, .kb-image_eb1b66-4b .kb-img img{border-top-left-radius:5px;border-top-right-radius:5px;border-bottom-right-radius:5px;border-bottom-left-radius:5px;}<\/style>\n<figure class=\"wp-block-kadence-image kb-image_eb1b66-4b size-full\"><img loading=\"lazy\" decoding=\"async\" width=\"1170\" height=\"150\" src=\"https:\/\/www.upjs.sk\/app\/uploads\/sites\/10\/2023\/05\/banner-prir-cajovna-archiv.png\" alt=\"\" class=\"kb-img wp-image-56424\" srcset=\"https:\/\/www.upjs.sk\/app\/uploads\/sites\/10\/2023\/05\/banner-prir-cajovna-archiv.png 1170w, https:\/\/www.upjs.sk\/app\/uploads\/sites\/10\/2023\/05\/banner-prir-cajovna-archiv-300x38.png 300w, https:\/\/www.upjs.sk\/app\/uploads\/sites\/10\/2023\/05\/banner-prir-cajovna-archiv-1024x131.png 1024w, https:\/\/www.upjs.sk\/app\/uploads\/sites\/10\/2023\/05\/banner-prir-cajovna-archiv-768x98.png 768w\" sizes=\"auto, (max-width: 1170px) 100vw, 1170px\" \/><\/figure>\n\n\n\n<div style=\"height:20px\" aria-hidden=\"true\" class=\"wp-block-spacer\"><\/div>\n\n\n\n<h4 class=\"wp-block-heading has-prirodovedecka-f-color has-text-color\"><strong><strong>Predn\u00e1\u0161ky\u00a0 v r\u00e1mci programu <a href=\"https:\/\/www.upjs.sk\/prirodovedecka-fakulta\/fakulta\/science-fest\/\">ScienceFest<\/a>-u 25. 04. 2013pri pr\u00edle\u017eitosti osl\u00e1v 50. v\u00fdro\u010dia fakulty<\/strong><\/strong><\/h4>\n\n\n\n<div style=\"height:20px\" aria-hidden=\"true\" class=\"wp-block-spacer\"><\/div>\n\n\n<p style=\"text-align: left;\"><img decoding=\"async\" class=\"alignnone\" style=\"float: left; height: 150px; margin: 40px 20px; width: 150px;\" src=\"\/public\/files\/PF\/cajovna\/cajovna1.jpg\" alt=\"\" \/><\/p>\n<ul>\n<li style=\"text-align: justify;\">Prof. RNDr. Eva \u010cell\u00e1rov\u00e1, DrSc.: <span style=\"color: #003300;\">Geneticky modifikovan\u00e9 organizmy \u2013 na\u0161i priatelia \u010di nepriatelia?<\/span><\/li>\n<li>RNDr. Igor Fabrici, Dr. rer. nat.:<span style=\"color: #003300;\"> Pozor, nekone\u010dno!<\/span><\/li>\n<li>RNDr. Rudolf G\u00e1lis, PhD.: <span style=\"color: #003300;\">Vesm\u00edrne desatoro<\/span><\/li>\n<li>Prof. RNDr. Igor Hudec, CSc.: <span style=\"color: #003300;\">Ju\u017en\u00e1 Afrika, raj zvierat (v\u010faka rezerv\u00e1ciam)<\/span><\/li>\n<li>Doc. Ing. Norbert Kop\u010do, PhD.: <span style=\"color: #003300;\">O bruchomluvcoch na koktailov\u00fdch ve\u010dierkoch alebo \u013dudsk\u00fd mozog a\u00a0informatika<\/span><\/li>\n<li>Doc. \u00a0RNDr. Andrej Ori\u0148\u00e1k, PhD.: <span style=\"color: #003300;\">Fascinuj\u00faci nanosvet<\/span><\/li>\n<li>RNDr. Martin Walko, PhD.: <span style=\"color: #003300;\">V\u0161etci ste chemici<\/span><\/li>\n<\/ul>\n<p>\u00a0<\/p>\n<p style=\"text-align: center;\"><span style=\"color: #003300;\"><img decoding=\"async\" class=\"aligncenter\" style=\"height: 61px; width: 210px;\" src=\"http:\/\/www.upjs.sk\/\/app\/uploads\/sites\/10\/2022\/09\/logo2_50vyrocie_s.png\" alt=\"\" \/><\/span><\/p>\n<h3>\u00a0<\/h3>","protected":false},"excerpt":{"rendered":"<p>Predn\u00e1\u0161ky\u00a0 v r\u00e1mci programu ScienceFest-u 25. 04. 2013pri pr\u00edle\u017eitosti osl\u00e1v 50. v\u00fdro\u010dia fakulty Prof. RNDr. Eva \u010cell\u00e1rov\u00e1, DrSc.: Geneticky modifikovan\u00e9 organizmy \u2013 na\u0161i priatelia \u010di nepriatelia? RNDr. Igor Fabrici, Dr. rer. nat.: Pozor, nekone\u010dno! RNDr. Rudolf G\u00e1lis, PhD.: Vesm\u00edrne desatoro Prof. RNDr. Igor Hudec, CSc.: Ju\u017en\u00e1 Afrika, raj zvierat (v\u010faka rezerv\u00e1ciam) Doc. Ing. Norbert Kop\u010do, &hellip; <a href=\"https:\/\/www.upjs.sk\/prirodovedecka-fakulta\/veda-vyskum\/cajovna-arch\/archiv\/pr-cajovna-25042013\/\">\u010c\u00edta\u0165 \u010falej<\/a><\/p>\n","protected":false},"author":1,"featured_media":58229,"parent":12979,"menu_order":6,"comment_status":"closed","ping_status":"closed","template":"","meta":{"_acf_changed":false,"_editorskit_title_hidden":false,"_editorskit_reading_time":0,"_editorskit_is_block_options_detached":false,"_editorskit_block_options_position":"{}","footnotes":""},"categories":[],"tags":[],"class_list":["post-14535","page","type-page","status-publish","has-post-thumbnail","hentry"],"acf":{"acf_link_na_externy_obsah":""},"yoast_head":"<!-- This site is optimized with the Yoast SEO plugin v27.4 - https:\/\/yoast.com\/product\/yoast-seo-wordpress\/ -->\n<title>7. pr\u00edrodovedeck\u00e1 \u010dajov\u0148a - Pr\u00edrodovedeck\u00e1 fakulta | UPJ\u0160<\/title>\n<meta name=\"robots\" content=\"index, follow, max-snippet:-1, max-image-preview:large, max-video-preview:-1\" \/>\n<link rel=\"canonical\" href=\"https:\/\/www.upjs.sk\/prirodovedecka-fakulta\/veda-vyskum\/cajovna-arch\/archiv\/pr-cajovna-25042013\/\" \/>\n<meta property=\"og:locale\" content=\"sk_SK\" \/>\n<meta property=\"og:type\" content=\"article\" \/>\n<meta property=\"og:title\" content=\"7. pr\u00edrodovedeck\u00e1 \u010dajov\u0148a - Pr\u00edrodovedeck\u00e1 fakulta | UPJ\u0160\" \/>\n<meta property=\"og:description\" content=\"Predn\u00e1\u0161ky\u00a0 v r\u00e1mci programu ScienceFest-u 25. 04. 2013pri pr\u00edle\u017eitosti osl\u00e1v 50. v\u00fdro\u010dia fakulty Prof. RNDr. Eva \u010cell\u00e1rov\u00e1, DrSc.: Geneticky modifikovan\u00e9 organizmy \u2013 na\u0161i priatelia \u010di nepriatelia? RNDr. Igor Fabrici, Dr. rer. nat.: Pozor, nekone\u010dno! RNDr. Rudolf G\u00e1lis, PhD.: Vesm\u00edrne desatoro Prof. RNDr. Igor Hudec, CSc.: Ju\u017en\u00e1 Afrika, raj zvierat (v\u010faka rezerv\u00e1ciam) Doc. Ing. Norbert Kop\u010do, &hellip; \u010c\u00edta\u0165 \u010falej\" \/>\n<meta property=\"og:url\" content=\"https:\/\/www.upjs.sk\/prirodovedecka-fakulta\/veda-vyskum\/cajovna-arch\/archiv\/pr-cajovna-25042013\/\" \/>\n<meta property=\"og:site_name\" content=\"Pr\u00edrodovedeck\u00e1 fakulta | UPJ\u0160\" \/>\n<meta property=\"article:modified_time\" content=\"2023-06-30T11:41:53+00:00\" \/>\n<meta property=\"og:image\" content=\"https:\/\/www.upjs.sk\/app\/uploads\/sites\/10\/2023\/06\/7_cajovna_ilob.jpg\" \/>\n\t<meta property=\"og:image:width\" content=\"600\" \/>\n\t<meta property=\"og:image:height\" content=\"420\" \/>\n\t<meta property=\"og:image:type\" content=\"image\/jpeg\" \/>\n<meta name=\"twitter:card\" content=\"summary_large_image\" \/>\n<meta name=\"twitter:label1\" content=\"Predpokladan\u00fd \u010das \u010d\u00edtania\" \/>\n\t<meta name=\"twitter:data1\" content=\"2 min\u00faty\" \/>\n<script type=\"application\/ld+json\" class=\"yoast-schema-graph\">{\"@context\":\"https:\\\/\\\/schema.org\",\"@graph\":[{\"@type\":\"WebPage\",\"@id\":\"https:\\\/\\\/www.upjs.sk\\\/prirodovedecka-fakulta\\\/veda-vyskum\\\/cajovna-arch\\\/archiv\\\/pr-cajovna-25042013\\\/\",\"url\":\"https:\\\/\\\/www.upjs.sk\\\/prirodovedecka-fakulta\\\/veda-vyskum\\\/cajovna-arch\\\/archiv\\\/pr-cajovna-25042013\\\/\",\"name\":\"7. pr\u00edrodovedeck\u00e1 \u010dajov\u0148a - Pr\u00edrodovedeck\u00e1 fakulta | UPJ\u0160\",\"isPartOf\":{\"@id\":\"https:\\\/\\\/www.upjs.sk\\\/prirodovedecka-fakulta\\\/#website\"},\"primaryImageOfPage\":{\"@id\":\"https:\\\/\\\/www.upjs.sk\\\/prirodovedecka-fakulta\\\/veda-vyskum\\\/cajovna-arch\\\/archiv\\\/pr-cajovna-25042013\\\/#primaryimage\"},\"image\":{\"@id\":\"https:\\\/\\\/www.upjs.sk\\\/prirodovedecka-fakulta\\\/veda-vyskum\\\/cajovna-arch\\\/archiv\\\/pr-cajovna-25042013\\\/#primaryimage\"},\"thumbnailUrl\":\"https:\\\/\\\/www.upjs.sk\\\/app\\\/uploads\\\/sites\\\/10\\\/2023\\\/06\\\/7_cajovna_ilob.jpg\",\"datePublished\":\"2020-11-02T15:45:17+00:00\",\"dateModified\":\"2023-06-30T11:41:53+00:00\",\"breadcrumb\":{\"@id\":\"https:\\\/\\\/www.upjs.sk\\\/prirodovedecka-fakulta\\\/veda-vyskum\\\/cajovna-arch\\\/archiv\\\/pr-cajovna-25042013\\\/#breadcrumb\"},\"inLanguage\":\"sk-SK\",\"potentialAction\":[{\"@type\":\"ReadAction\",\"target\":[\"https:\\\/\\\/www.upjs.sk\\\/prirodovedecka-fakulta\\\/veda-vyskum\\\/cajovna-arch\\\/archiv\\\/pr-cajovna-25042013\\\/\"]}]},{\"@type\":\"ImageObject\",\"inLanguage\":\"sk-SK\",\"@id\":\"https:\\\/\\\/www.upjs.sk\\\/prirodovedecka-fakulta\\\/veda-vyskum\\\/cajovna-arch\\\/archiv\\\/pr-cajovna-25042013\\\/#primaryimage\",\"url\":\"https:\\\/\\\/www.upjs.sk\\\/app\\\/uploads\\\/sites\\\/10\\\/2023\\\/06\\\/7_cajovna_ilob.jpg\",\"contentUrl\":\"https:\\\/\\\/www.upjs.sk\\\/app\\\/uploads\\\/sites\\\/10\\\/2023\\\/06\\\/7_cajovna_ilob.jpg\",\"width\":600,\"height\":420},{\"@type\":\"BreadcrumbList\",\"@id\":\"https:\\\/\\\/www.upjs.sk\\\/prirodovedecka-fakulta\\\/veda-vyskum\\\/cajovna-arch\\\/archiv\\\/pr-cajovna-25042013\\\/#breadcrumb\",\"itemListElement\":[{\"@type\":\"ListItem\",\"position\":1,\"name\":\"Home\",\"item\":\"https:\\\/\\\/www.upjs.sk\\\/prirodovedecka-fakulta\\\/\"},{\"@type\":\"ListItem\",\"position\":2,\"name\":\"Veda, v\u00fdskum a rozvoj\",\"item\":\"https:\\\/\\\/www.upjs.sk\\\/prirodovedecka-fakulta\\\/?page_id=12917\"},{\"@type\":\"ListItem\",\"position\":3,\"name\":\"Pr\u00edrodovedeck\u00e1 \u010dajov\u0148a-st\",\"item\":\"https:\\\/\\\/www.upjs.sk\\\/prirodovedecka-fakulta\\\/?page_id=12959\"},{\"@type\":\"ListItem\",\"position\":4,\"name\":\"Pr\u00edrodovedeck\u00e1 \u010dajov\u0148a &#8211; arch\u00edv\",\"item\":\"https:\\\/\\\/www.upjs.sk\\\/prirodovedecka-fakulta\\\/?page_id=12979\"},{\"@type\":\"ListItem\",\"position\":5,\"name\":\"7. pr\u00edrodovedeck\u00e1 \u010dajov\u0148a\"}]},{\"@type\":\"WebSite\",\"@id\":\"https:\\\/\\\/www.upjs.sk\\\/prirodovedecka-fakulta\\\/#website\",\"url\":\"https:\\\/\\\/www.upjs.sk\\\/prirodovedecka-fakulta\\\/\",\"name\":\"Pr\u00edrodovedeck\u00e1 fakulta | UPJ\u0160\",\"description\":\"\",\"publisher\":{\"@id\":\"https:\\\/\\\/www.upjs.sk\\\/prirodovedecka-fakulta\\\/#organization\"},\"potentialAction\":[{\"@type\":\"SearchAction\",\"target\":{\"@type\":\"EntryPoint\",\"urlTemplate\":\"https:\\\/\\\/www.upjs.sk\\\/prirodovedecka-fakulta\\\/?s={search_term_string}\"},\"query-input\":{\"@type\":\"PropertyValueSpecification\",\"valueRequired\":true,\"valueName\":\"search_term_string\"}}],\"inLanguage\":\"sk-SK\"},{\"@type\":\"Organization\",\"@id\":\"https:\\\/\\\/www.upjs.sk\\\/prirodovedecka-fakulta\\\/#organization\",\"name\":\"Pr\u00edrodovedeck\u00e1 fakulta | UPJ\u0160\",\"url\":\"https:\\\/\\\/www.upjs.sk\\\/prirodovedecka-fakulta\\\/\",\"logo\":{\"@type\":\"ImageObject\",\"inLanguage\":\"sk-SK\",\"@id\":\"https:\\\/\\\/www.upjs.sk\\\/prirodovedecka-fakulta\\\/#\\\/schema\\\/logo\\\/image\\\/\",\"url\":\"https:\\\/\\\/www.upjs.sk\\\/app\\\/uploads\\\/sites\\\/10\\\/2022\\\/09\\\/logo-prirodovedecka-fakulta.png\",\"contentUrl\":\"https:\\\/\\\/www.upjs.sk\\\/app\\\/uploads\\\/sites\\\/10\\\/2022\\\/09\\\/logo-prirodovedecka-fakulta.png\",\"width\":415,\"height\":87,\"caption\":\"Pr\u00edrodovedeck\u00e1 fakulta | UPJ\u0160\"},\"image\":{\"@id\":\"https:\\\/\\\/www.upjs.sk\\\/prirodovedecka-fakulta\\\/#\\\/schema\\\/logo\\\/image\\\/\"}}]}<\/script>\n<!-- \/ Yoast SEO plugin. -->","yoast_head_json":{"title":"7. pr\u00edrodovedeck\u00e1 \u010dajov\u0148a - Pr\u00edrodovedeck\u00e1 fakulta | UPJ\u0160","robots":{"index":"index","follow":"follow","max-snippet":"max-snippet:-1","max-image-preview":"max-image-preview:large","max-video-preview":"max-video-preview:-1"},"canonical":"https:\/\/www.upjs.sk\/prirodovedecka-fakulta\/veda-vyskum\/cajovna-arch\/archiv\/pr-cajovna-25042013\/","og_locale":"sk_SK","og_type":"article","og_title":"7. pr\u00edrodovedeck\u00e1 \u010dajov\u0148a - Pr\u00edrodovedeck\u00e1 fakulta | UPJ\u0160","og_description":"Predn\u00e1\u0161ky\u00a0 v r\u00e1mci programu ScienceFest-u 25. 04. 2013pri pr\u00edle\u017eitosti osl\u00e1v 50. v\u00fdro\u010dia fakulty Prof. RNDr. Eva \u010cell\u00e1rov\u00e1, DrSc.: Geneticky modifikovan\u00e9 organizmy \u2013 na\u0161i priatelia \u010di nepriatelia? RNDr. Igor Fabrici, Dr. rer. nat.: Pozor, nekone\u010dno! RNDr. Rudolf G\u00e1lis, PhD.: Vesm\u00edrne desatoro Prof. RNDr. Igor Hudec, CSc.: Ju\u017en\u00e1 Afrika, raj zvierat (v\u010faka rezerv\u00e1ciam) Doc. Ing. Norbert Kop\u010do, &hellip; \u010c\u00edta\u0165 \u010falej","og_url":"https:\/\/www.upjs.sk\/prirodovedecka-fakulta\/veda-vyskum\/cajovna-arch\/archiv\/pr-cajovna-25042013\/","og_site_name":"Pr\u00edrodovedeck\u00e1 fakulta | UPJ\u0160","article_modified_time":"2023-06-30T11:41:53+00:00","og_image":[{"width":600,"height":420,"url":"https:\/\/www.upjs.sk\/app\/uploads\/sites\/10\/2023\/06\/7_cajovna_ilob.jpg","type":"image\/jpeg"}],"twitter_card":"summary_large_image","twitter_misc":{"Predpokladan\u00fd \u010das \u010d\u00edtania":"2 min\u00faty"},"schema":{"@context":"https:\/\/schema.org","@graph":[{"@type":"WebPage","@id":"https:\/\/www.upjs.sk\/prirodovedecka-fakulta\/veda-vyskum\/cajovna-arch\/archiv\/pr-cajovna-25042013\/","url":"https:\/\/www.upjs.sk\/prirodovedecka-fakulta\/veda-vyskum\/cajovna-arch\/archiv\/pr-cajovna-25042013\/","name":"7. pr\u00edrodovedeck\u00e1 \u010dajov\u0148a - Pr\u00edrodovedeck\u00e1 fakulta | UPJ\u0160","isPartOf":{"@id":"https:\/\/www.upjs.sk\/prirodovedecka-fakulta\/#website"},"primaryImageOfPage":{"@id":"https:\/\/www.upjs.sk\/prirodovedecka-fakulta\/veda-vyskum\/cajovna-arch\/archiv\/pr-cajovna-25042013\/#primaryimage"},"image":{"@id":"https:\/\/www.upjs.sk\/prirodovedecka-fakulta\/veda-vyskum\/cajovna-arch\/archiv\/pr-cajovna-25042013\/#primaryimage"},"thumbnailUrl":"https:\/\/www.upjs.sk\/app\/uploads\/sites\/10\/2023\/06\/7_cajovna_ilob.jpg","datePublished":"2020-11-02T15:45:17+00:00","dateModified":"2023-06-30T11:41:53+00:00","breadcrumb":{"@id":"https:\/\/www.upjs.sk\/prirodovedecka-fakulta\/veda-vyskum\/cajovna-arch\/archiv\/pr-cajovna-25042013\/#breadcrumb"},"inLanguage":"sk-SK","potentialAction":[{"@type":"ReadAction","target":["https:\/\/www.upjs.sk\/prirodovedecka-fakulta\/veda-vyskum\/cajovna-arch\/archiv\/pr-cajovna-25042013\/"]}]},{"@type":"ImageObject","inLanguage":"sk-SK","@id":"https:\/\/www.upjs.sk\/prirodovedecka-fakulta\/veda-vyskum\/cajovna-arch\/archiv\/pr-cajovna-25042013\/#primaryimage","url":"https:\/\/www.upjs.sk\/app\/uploads\/sites\/10\/2023\/06\/7_cajovna_ilob.jpg","contentUrl":"https:\/\/www.upjs.sk\/app\/uploads\/sites\/10\/2023\/06\/7_cajovna_ilob.jpg","width":600,"height":420},{"@type":"BreadcrumbList","@id":"https:\/\/www.upjs.sk\/prirodovedecka-fakulta\/veda-vyskum\/cajovna-arch\/archiv\/pr-cajovna-25042013\/#breadcrumb","itemListElement":[{"@type":"ListItem","position":1,"name":"Home","item":"https:\/\/www.upjs.sk\/prirodovedecka-fakulta\/"},{"@type":"ListItem","position":2,"name":"Veda, v\u00fdskum a rozvoj","item":"https:\/\/www.upjs.sk\/prirodovedecka-fakulta\/?page_id=12917"},{"@type":"ListItem","position":3,"name":"Pr\u00edrodovedeck\u00e1 \u010dajov\u0148a-st","item":"https:\/\/www.upjs.sk\/prirodovedecka-fakulta\/?page_id=12959"},{"@type":"ListItem","position":4,"name":"Pr\u00edrodovedeck\u00e1 \u010dajov\u0148a &#8211; arch\u00edv","item":"https:\/\/www.upjs.sk\/prirodovedecka-fakulta\/?page_id=12979"},{"@type":"ListItem","position":5,"name":"7. pr\u00edrodovedeck\u00e1 \u010dajov\u0148a"}]},{"@type":"WebSite","@id":"https:\/\/www.upjs.sk\/prirodovedecka-fakulta\/#website","url":"https:\/\/www.upjs.sk\/prirodovedecka-fakulta\/","name":"Pr\u00edrodovedeck\u00e1 fakulta | UPJ\u0160","description":"","publisher":{"@id":"https:\/\/www.upjs.sk\/prirodovedecka-fakulta\/#organization"},"potentialAction":[{"@type":"SearchAction","target":{"@type":"EntryPoint","urlTemplate":"https:\/\/www.upjs.sk\/prirodovedecka-fakulta\/?s={search_term_string}"},"query-input":{"@type":"PropertyValueSpecification","valueRequired":true,"valueName":"search_term_string"}}],"inLanguage":"sk-SK"},{"@type":"Organization","@id":"https:\/\/www.upjs.sk\/prirodovedecka-fakulta\/#organization","name":"Pr\u00edrodovedeck\u00e1 fakulta | UPJ\u0160","url":"https:\/\/www.upjs.sk\/prirodovedecka-fakulta\/","logo":{"@type":"ImageObject","inLanguage":"sk-SK","@id":"https:\/\/www.upjs.sk\/prirodovedecka-fakulta\/#\/schema\/logo\/image\/","url":"https:\/\/www.upjs.sk\/app\/uploads\/sites\/10\/2022\/09\/logo-prirodovedecka-fakulta.png","contentUrl":"https:\/\/www.upjs.sk\/app\/uploads\/sites\/10\/2022\/09\/logo-prirodovedecka-fakulta.png","width":415,"height":87,"caption":"Pr\u00edrodovedeck\u00e1 fakulta | UPJ\u0160"},"image":{"@id":"https:\/\/www.upjs.sk\/prirodovedecka-fakulta\/#\/schema\/logo\/image\/"}}]}},"_links":{"self":[{"href":"https:\/\/www.upjs.sk\/prirodovedecka-fakulta\/wp-json\/wp\/v2\/pages\/14535","targetHints":{"allow":["GET"]}}],"collection":[{"href":"https:\/\/www.upjs.sk\/prirodovedecka-fakulta\/wp-json\/wp\/v2\/pages"}],"about":[{"href":"https:\/\/www.upjs.sk\/prirodovedecka-fakulta\/wp-json\/wp\/v2\/types\/page"}],"author":[{"embeddable":true,"href":"https:\/\/www.upjs.sk\/prirodovedecka-fakulta\/wp-json\/wp\/v2\/users\/1"}],"replies":[{"embeddable":true,"href":"https:\/\/www.upjs.sk\/prirodovedecka-fakulta\/wp-json\/wp\/v2\/comments?post=14535"}],"version-history":[{"count":6,"href":"https:\/\/www.upjs.sk\/prirodovedecka-fakulta\/wp-json\/wp\/v2\/pages\/14535\/revisions"}],"predecessor-version":[{"id":58265,"href":"https:\/\/www.upjs.sk\/prirodovedecka-fakulta\/wp-json\/wp\/v2\/pages\/14535\/revisions\/58265"}],"up":[{"embeddable":true,"href":"https:\/\/www.upjs.sk\/prirodovedecka-fakulta\/wp-json\/wp\/v2\/pages\/12979"}],"wp:featuredmedia":[{"embeddable":true,"href":"https:\/\/www.upjs.sk\/prirodovedecka-fakulta\/wp-json\/wp\/v2\/media\/58229"}],"wp:attachment":[{"href":"https:\/\/www.upjs.sk\/prirodovedecka-fakulta\/wp-json\/wp\/v2\/media?parent=14535"}],"wp:term":[{"taxonomy":"category","embeddable":true,"href":"https:\/\/www.upjs.sk\/prirodovedecka-fakulta\/wp-json\/wp\/v2\/categories?post=14535"},{"taxonomy":"post_tag","embeddable":true,"href":"https:\/\/www.upjs.sk\/prirodovedecka-fakulta\/wp-json\/wp\/v2\/tags?post=14535"}],"curies":[{"name":"wp","href":"https:\/\/api.w.org\/{rel}","templated":true}]}}