{"id":14586,"date":"2016-06-10T14:32:44","date_gmt":"2016-06-10T14:32:44","guid":{"rendered":"https:\/\/www.upjs.sk\/prirodovedecka-fakulta\/root\/veda-vyskum\/cajovna\/archiv\/p-cajovna-27022016\/"},"modified":"2023-06-30T10:35:08","modified_gmt":"2023-06-30T09:35:08","slug":"p-cajovna-27022016","status":"publish","type":"page","link":"https:\/\/www.upjs.sk\/prirodovedecka-fakulta\/veda-vyskum\/cajovna-arch\/archiv\/p-cajovna-27022016\/","title":{"rendered":"14. Pr\u00edrodovedeck\u00e1 fakulta"},"content":{"rendered":"<style>.kb-image_5a670b-6a .kb-image-has-overlay:after{opacity:0.3;border-top-left-radius:5px;border-top-right-radius:5px;border-bottom-right-radius:5px;border-bottom-left-radius:5px;}.kb-image_5a670b-6a img.kb-img, .kb-image_5a670b-6a .kb-img img{border-top-left-radius:5px;border-top-right-radius:5px;border-bottom-right-radius:5px;border-bottom-left-radius:5px;}<\/style>\n<figure class=\"wp-block-kadence-image kb-image_5a670b-6a size-full\"><img loading=\"lazy\" decoding=\"async\" width=\"1170\" height=\"150\" src=\"https:\/\/www.upjs.sk\/app\/uploads\/sites\/10\/2023\/05\/banner-prir-cajovna-archiv.png\" alt=\"\" class=\"kb-img wp-image-56424\" srcset=\"https:\/\/www.upjs.sk\/app\/uploads\/sites\/10\/2023\/05\/banner-prir-cajovna-archiv.png 1170w, https:\/\/www.upjs.sk\/app\/uploads\/sites\/10\/2023\/05\/banner-prir-cajovna-archiv-300x38.png 300w, https:\/\/www.upjs.sk\/app\/uploads\/sites\/10\/2023\/05\/banner-prir-cajovna-archiv-1024x131.png 1024w, https:\/\/www.upjs.sk\/app\/uploads\/sites\/10\/2023\/05\/banner-prir-cajovna-archiv-768x98.png 768w\" sizes=\"auto, (max-width: 1170px) 100vw, 1170px\" \/><\/figure>\n\n\n\n<div style=\"height:20px\" aria-hidden=\"true\" class=\"wp-block-spacer\"><\/div>\n\n\n\n<h4 class=\"wp-block-heading has-prirodovedecka-f-color has-text-color\"><strong>T\u00e9ma: Minulos\u0165, pr\u00edtomnos\u0165 a bud\u00facnos\u0165 projektov opera\u010dn\u00e9ho programu E\u00da Vzdel\u00e1vanie.<\/strong><\/h4>\n\n\n\n<div style=\"height:20px\" aria-hidden=\"true\" class=\"wp-block-spacer\"><\/div>\n\n\n<p><img decoding=\"async\" style=\"float: left; height: 150px; margin: 40px 20px; width: 150px;\" src=\"\/public\/files\/PF\/cajovna\/cajovna1.jpg\" alt=\"\"><\/p>\n<p><strong>\u00davodn\u00e9 slovo: prof. RNDr. Pavol M\u00e1rtonfi , PhD.,<\/strong> prodekan PF UPJ\u0160<\/p>\n<p><strong>Vyst\u00fapili:<\/strong><br>s preh\u013eadmi projektov \u2013<strong> garanti alebo projektov\u00ed mana\u017e\u00e9ri<\/strong> projektov IRES, RIFIV, SOFOS a KVARK<\/p>\n<p style=\"margin-left: 200px;\"><strong>Mgr. Ivana Rigasov\u00e1,<\/strong> Inov\u00e1cie pre vedomostn\u00fa spolo\u010dnos\u0165 (IRES)<br><strong>Mgr. Vladim\u00edra Tom\u00e1\u0161ikov\u00e1, PhD<\/strong>., Rozvoj inovat\u00edvnych foriem vzdel\u00e1vania a podpora interdisciplinarity \u0161t\u00fadia na UPJ\u0160 v Ko\u0161iciach&nbsp;<br><strong>Ing. Zuzana Svore\u0148ov\u00e1<\/strong>, SOFOS \u2013 Rozvoj vedomost\u00ed a zru\u010dnost\u00ed zamestnancov a \u0161tudentov UPJ\u0160&nbsp;<br><strong>prof. RNDr. Pavol M\u00e1rtonfi PhD., <\/strong>KVARK- Kvalita vzdel\u00e1vania a rozvoj kompetenci\u00ed doktorandov a postdoktorandov UPJ\u0160&nbsp;<br><strong>doc. RNDr. Ondrej Hutn\u00edk PhD.<\/strong>, S\u00fastredenia pre prv\u00e1kov<br><strong>doc. RNDr. Vladim\u00edr Zele\u0148\u00e1k PhD.<\/strong>, Jarn\u00e1 \u0161kola doktorandov (projekt RIFIV)&nbsp;<br><strong>Andrea Halaburkov\u00e1<\/strong>, \u0160tudijn\u00fd pobyt vo Franc\u00fazsko&nbsp;<\/p>\n<p><\/p>","protected":false},"excerpt":{"rendered":"<p>T\u00e9ma: Minulos\u0165, pr\u00edtomnos\u0165 a bud\u00facnos\u0165 projektov opera\u010dn\u00e9ho programu E\u00da Vzdel\u00e1vanie. \u00davodn\u00e9 slovo: prof. RNDr. Pavol M\u00e1rtonfi , PhD., prodekan PF UPJ\u0160 Vyst\u00fapili:s preh\u013eadmi projektov \u2013 garanti alebo projektov\u00ed mana\u017e\u00e9ri projektov IRES, RIFIV, SOFOS a KVARK Mgr. Ivana Rigasov\u00e1, Inov\u00e1cie pre vedomostn\u00fa spolo\u010dnos\u0165 (IRES)Mgr. Vladim\u00edra Tom\u00e1\u0161ikov\u00e1, PhD., Rozvoj inovat\u00edvnych foriem vzdel\u00e1vania a podpora interdisciplinarity \u0161t\u00fadia na &hellip; <a href=\"https:\/\/www.upjs.sk\/prirodovedecka-fakulta\/veda-vyskum\/cajovna-arch\/archiv\/p-cajovna-27022016\/\">\u010c\u00edta\u0165 \u010falej<\/a><\/p>\n","protected":false},"author":1,"featured_media":58184,"parent":12979,"menu_order":13,"comment_status":"closed","ping_status":"closed","template":"","meta":{"_acf_changed":false,"_editorskit_title_hidden":false,"_editorskit_reading_time":0,"_editorskit_is_block_options_detached":false,"_editorskit_block_options_position":"{}","footnotes":""},"categories":[],"tags":[],"class_list":["post-14586","page","type-page","status-publish","has-post-thumbnail","hentry"],"acf":{"acf_link_na_externy_obsah":""},"yoast_head":"<!-- This site is optimized with the Yoast SEO plugin v27.5 - https:\/\/yoast.com\/product\/yoast-seo-wordpress\/ -->\n<title>14. Pr\u00edrodovedeck\u00e1 fakulta - Pr\u00edrodovedeck\u00e1 fakulta | UPJ\u0160<\/title>\n<meta name=\"robots\" content=\"index, follow, max-snippet:-1, max-image-preview:large, max-video-preview:-1\" \/>\n<link rel=\"canonical\" href=\"https:\/\/www.upjs.sk\/prirodovedecka-fakulta\/veda-vyskum\/cajovna-arch\/archiv\/p-cajovna-27022016\/\" \/>\n<meta property=\"og:locale\" content=\"sk_SK\" \/>\n<meta property=\"og:type\" content=\"article\" \/>\n<meta property=\"og:title\" content=\"14. Pr\u00edrodovedeck\u00e1 fakulta - Pr\u00edrodovedeck\u00e1 fakulta | UPJ\u0160\" \/>\n<meta property=\"og:description\" content=\"T\u00e9ma: Minulos\u0165, pr\u00edtomnos\u0165 a bud\u00facnos\u0165 projektov opera\u010dn\u00e9ho programu E\u00da Vzdel\u00e1vanie. \u00davodn\u00e9 slovo: prof. RNDr. Pavol M\u00e1rtonfi , PhD., prodekan PF UPJ\u0160 Vyst\u00fapili:s preh\u013eadmi projektov \u2013 garanti alebo projektov\u00ed mana\u017e\u00e9ri projektov IRES, RIFIV, SOFOS a KVARK Mgr. Ivana Rigasov\u00e1, Inov\u00e1cie pre vedomostn\u00fa spolo\u010dnos\u0165 (IRES)Mgr. Vladim\u00edra Tom\u00e1\u0161ikov\u00e1, PhD., Rozvoj inovat\u00edvnych foriem vzdel\u00e1vania a podpora interdisciplinarity \u0161t\u00fadia na &hellip; \u010c\u00edta\u0165 \u010falej\" \/>\n<meta property=\"og:url\" content=\"https:\/\/www.upjs.sk\/prirodovedecka-fakulta\/veda-vyskum\/cajovna-arch\/archiv\/p-cajovna-27022016\/\" \/>\n<meta property=\"og:site_name\" content=\"Pr\u00edrodovedeck\u00e1 fakulta | UPJ\u0160\" \/>\n<meta property=\"article:modified_time\" content=\"2023-06-30T09:35:08+00:00\" \/>\n<meta property=\"og:image\" content=\"https:\/\/www.upjs.sk\/app\/uploads\/sites\/10\/2023\/06\/14_cajovna_ilob.jpg\" \/>\n\t<meta property=\"og:image:width\" content=\"600\" \/>\n\t<meta property=\"og:image:height\" content=\"420\" \/>\n\t<meta property=\"og:image:type\" content=\"image\/jpeg\" \/>\n<meta name=\"twitter:card\" content=\"summary_large_image\" \/>\n<meta name=\"twitter:label1\" content=\"Predpokladan\u00fd \u010das \u010d\u00edtania\" \/>\n\t<meta name=\"twitter:data1\" content=\"1 min\u00fata\" \/>\n<script type=\"application\/ld+json\" class=\"yoast-schema-graph\">{\"@context\":\"https:\\\/\\\/schema.org\",\"@graph\":[{\"@type\":\"WebPage\",\"@id\":\"https:\\\/\\\/www.upjs.sk\\\/prirodovedecka-fakulta\\\/veda-vyskum\\\/cajovna-arch\\\/archiv\\\/p-cajovna-27022016\\\/\",\"url\":\"https:\\\/\\\/www.upjs.sk\\\/prirodovedecka-fakulta\\\/veda-vyskum\\\/cajovna-arch\\\/archiv\\\/p-cajovna-27022016\\\/\",\"name\":\"14. Pr\u00edrodovedeck\u00e1 fakulta - Pr\u00edrodovedeck\u00e1 fakulta | UPJ\u0160\",\"isPartOf\":{\"@id\":\"https:\\\/\\\/www.upjs.sk\\\/prirodovedecka-fakulta\\\/#website\"},\"primaryImageOfPage\":{\"@id\":\"https:\\\/\\\/www.upjs.sk\\\/prirodovedecka-fakulta\\\/veda-vyskum\\\/cajovna-arch\\\/archiv\\\/p-cajovna-27022016\\\/#primaryimage\"},\"image\":{\"@id\":\"https:\\\/\\\/www.upjs.sk\\\/prirodovedecka-fakulta\\\/veda-vyskum\\\/cajovna-arch\\\/archiv\\\/p-cajovna-27022016\\\/#primaryimage\"},\"thumbnailUrl\":\"https:\\\/\\\/www.upjs.sk\\\/app\\\/uploads\\\/sites\\\/10\\\/2023\\\/06\\\/14_cajovna_ilob.jpg\",\"datePublished\":\"2016-06-10T14:32:44+00:00\",\"dateModified\":\"2023-06-30T09:35:08+00:00\",\"breadcrumb\":{\"@id\":\"https:\\\/\\\/www.upjs.sk\\\/prirodovedecka-fakulta\\\/veda-vyskum\\\/cajovna-arch\\\/archiv\\\/p-cajovna-27022016\\\/#breadcrumb\"},\"inLanguage\":\"sk-SK\",\"potentialAction\":[{\"@type\":\"ReadAction\",\"target\":[\"https:\\\/\\\/www.upjs.sk\\\/prirodovedecka-fakulta\\\/veda-vyskum\\\/cajovna-arch\\\/archiv\\\/p-cajovna-27022016\\\/\"]}]},{\"@type\":\"ImageObject\",\"inLanguage\":\"sk-SK\",\"@id\":\"https:\\\/\\\/www.upjs.sk\\\/prirodovedecka-fakulta\\\/veda-vyskum\\\/cajovna-arch\\\/archiv\\\/p-cajovna-27022016\\\/#primaryimage\",\"url\":\"https:\\\/\\\/www.upjs.sk\\\/app\\\/uploads\\\/sites\\\/10\\\/2023\\\/06\\\/14_cajovna_ilob.jpg\",\"contentUrl\":\"https:\\\/\\\/www.upjs.sk\\\/app\\\/uploads\\\/sites\\\/10\\\/2023\\\/06\\\/14_cajovna_ilob.jpg\",\"width\":600,\"height\":420},{\"@type\":\"BreadcrumbList\",\"@id\":\"https:\\\/\\\/www.upjs.sk\\\/prirodovedecka-fakulta\\\/veda-vyskum\\\/cajovna-arch\\\/archiv\\\/p-cajovna-27022016\\\/#breadcrumb\",\"itemListElement\":[{\"@type\":\"ListItem\",\"position\":1,\"name\":\"Home\",\"item\":\"https:\\\/\\\/www.upjs.sk\\\/prirodovedecka-fakulta\\\/\"},{\"@type\":\"ListItem\",\"position\":2,\"name\":\"Veda, v\u00fdskum a rozvoj\",\"item\":\"https:\\\/\\\/www.upjs.sk\\\/prirodovedecka-fakulta\\\/?page_id=12917\"},{\"@type\":\"ListItem\",\"position\":3,\"name\":\"Pr\u00edrodovedeck\u00e1 \u010dajov\u0148a-st\",\"item\":\"https:\\\/\\\/www.upjs.sk\\\/prirodovedecka-fakulta\\\/?page_id=12959\"},{\"@type\":\"ListItem\",\"position\":4,\"name\":\"Pr\u00edrodovedeck\u00e1 \u010dajov\u0148a &#8211; arch\u00edv\",\"item\":\"https:\\\/\\\/www.upjs.sk\\\/prirodovedecka-fakulta\\\/?page_id=12979\"},{\"@type\":\"ListItem\",\"position\":5,\"name\":\"14. Pr\u00edrodovedeck\u00e1 fakulta\"}]},{\"@type\":\"WebSite\",\"@id\":\"https:\\\/\\\/www.upjs.sk\\\/prirodovedecka-fakulta\\\/#website\",\"url\":\"https:\\\/\\\/www.upjs.sk\\\/prirodovedecka-fakulta\\\/\",\"name\":\"Pr\u00edrodovedeck\u00e1 fakulta | UPJ\u0160\",\"description\":\"\",\"publisher\":{\"@id\":\"https:\\\/\\\/www.upjs.sk\\\/prirodovedecka-fakulta\\\/#organization\"},\"potentialAction\":[{\"@type\":\"SearchAction\",\"target\":{\"@type\":\"EntryPoint\",\"urlTemplate\":\"https:\\\/\\\/www.upjs.sk\\\/prirodovedecka-fakulta\\\/?s={search_term_string}\"},\"query-input\":{\"@type\":\"PropertyValueSpecification\",\"valueRequired\":true,\"valueName\":\"search_term_string\"}}],\"inLanguage\":\"sk-SK\"},{\"@type\":\"Organization\",\"@id\":\"https:\\\/\\\/www.upjs.sk\\\/prirodovedecka-fakulta\\\/#organization\",\"name\":\"Pr\u00edrodovedeck\u00e1 fakulta | UPJ\u0160\",\"url\":\"https:\\\/\\\/www.upjs.sk\\\/prirodovedecka-fakulta\\\/\",\"logo\":{\"@type\":\"ImageObject\",\"inLanguage\":\"sk-SK\",\"@id\":\"https:\\\/\\\/www.upjs.sk\\\/prirodovedecka-fakulta\\\/#\\\/schema\\\/logo\\\/image\\\/\",\"url\":\"https:\\\/\\\/www.upjs.sk\\\/app\\\/uploads\\\/sites\\\/10\\\/2022\\\/09\\\/logo-prirodovedecka-fakulta.png\",\"contentUrl\":\"https:\\\/\\\/www.upjs.sk\\\/app\\\/uploads\\\/sites\\\/10\\\/2022\\\/09\\\/logo-prirodovedecka-fakulta.png\",\"width\":415,\"height\":87,\"caption\":\"Pr\u00edrodovedeck\u00e1 fakulta | UPJ\u0160\"},\"image\":{\"@id\":\"https:\\\/\\\/www.upjs.sk\\\/prirodovedecka-fakulta\\\/#\\\/schema\\\/logo\\\/image\\\/\"}}]}<\/script>\n<!-- \/ Yoast SEO plugin. -->","yoast_head_json":{"title":"14. Pr\u00edrodovedeck\u00e1 fakulta - Pr\u00edrodovedeck\u00e1 fakulta | UPJ\u0160","robots":{"index":"index","follow":"follow","max-snippet":"max-snippet:-1","max-image-preview":"max-image-preview:large","max-video-preview":"max-video-preview:-1"},"canonical":"https:\/\/www.upjs.sk\/prirodovedecka-fakulta\/veda-vyskum\/cajovna-arch\/archiv\/p-cajovna-27022016\/","og_locale":"sk_SK","og_type":"article","og_title":"14. Pr\u00edrodovedeck\u00e1 fakulta - Pr\u00edrodovedeck\u00e1 fakulta | UPJ\u0160","og_description":"T\u00e9ma: Minulos\u0165, pr\u00edtomnos\u0165 a bud\u00facnos\u0165 projektov opera\u010dn\u00e9ho programu E\u00da Vzdel\u00e1vanie. \u00davodn\u00e9 slovo: prof. RNDr. Pavol M\u00e1rtonfi , PhD., prodekan PF UPJ\u0160 Vyst\u00fapili:s preh\u013eadmi projektov \u2013 garanti alebo projektov\u00ed mana\u017e\u00e9ri projektov IRES, RIFIV, SOFOS a KVARK Mgr. Ivana Rigasov\u00e1, Inov\u00e1cie pre vedomostn\u00fa spolo\u010dnos\u0165 (IRES)Mgr. Vladim\u00edra Tom\u00e1\u0161ikov\u00e1, PhD., Rozvoj inovat\u00edvnych foriem vzdel\u00e1vania a podpora interdisciplinarity \u0161t\u00fadia na &hellip; \u010c\u00edta\u0165 \u010falej","og_url":"https:\/\/www.upjs.sk\/prirodovedecka-fakulta\/veda-vyskum\/cajovna-arch\/archiv\/p-cajovna-27022016\/","og_site_name":"Pr\u00edrodovedeck\u00e1 fakulta | UPJ\u0160","article_modified_time":"2023-06-30T09:35:08+00:00","og_image":[{"width":600,"height":420,"url":"https:\/\/www.upjs.sk\/app\/uploads\/sites\/10\/2023\/06\/14_cajovna_ilob.jpg","type":"image\/jpeg"}],"twitter_card":"summary_large_image","twitter_misc":{"Predpokladan\u00fd \u010das \u010d\u00edtania":"1 min\u00fata"},"schema":{"@context":"https:\/\/schema.org","@graph":[{"@type":"WebPage","@id":"https:\/\/www.upjs.sk\/prirodovedecka-fakulta\/veda-vyskum\/cajovna-arch\/archiv\/p-cajovna-27022016\/","url":"https:\/\/www.upjs.sk\/prirodovedecka-fakulta\/veda-vyskum\/cajovna-arch\/archiv\/p-cajovna-27022016\/","name":"14. Pr\u00edrodovedeck\u00e1 fakulta - Pr\u00edrodovedeck\u00e1 fakulta | UPJ\u0160","isPartOf":{"@id":"https:\/\/www.upjs.sk\/prirodovedecka-fakulta\/#website"},"primaryImageOfPage":{"@id":"https:\/\/www.upjs.sk\/prirodovedecka-fakulta\/veda-vyskum\/cajovna-arch\/archiv\/p-cajovna-27022016\/#primaryimage"},"image":{"@id":"https:\/\/www.upjs.sk\/prirodovedecka-fakulta\/veda-vyskum\/cajovna-arch\/archiv\/p-cajovna-27022016\/#primaryimage"},"thumbnailUrl":"https:\/\/www.upjs.sk\/app\/uploads\/sites\/10\/2023\/06\/14_cajovna_ilob.jpg","datePublished":"2016-06-10T14:32:44+00:00","dateModified":"2023-06-30T09:35:08+00:00","breadcrumb":{"@id":"https:\/\/www.upjs.sk\/prirodovedecka-fakulta\/veda-vyskum\/cajovna-arch\/archiv\/p-cajovna-27022016\/#breadcrumb"},"inLanguage":"sk-SK","potentialAction":[{"@type":"ReadAction","target":["https:\/\/www.upjs.sk\/prirodovedecka-fakulta\/veda-vyskum\/cajovna-arch\/archiv\/p-cajovna-27022016\/"]}]},{"@type":"ImageObject","inLanguage":"sk-SK","@id":"https:\/\/www.upjs.sk\/prirodovedecka-fakulta\/veda-vyskum\/cajovna-arch\/archiv\/p-cajovna-27022016\/#primaryimage","url":"https:\/\/www.upjs.sk\/app\/uploads\/sites\/10\/2023\/06\/14_cajovna_ilob.jpg","contentUrl":"https:\/\/www.upjs.sk\/app\/uploads\/sites\/10\/2023\/06\/14_cajovna_ilob.jpg","width":600,"height":420},{"@type":"BreadcrumbList","@id":"https:\/\/www.upjs.sk\/prirodovedecka-fakulta\/veda-vyskum\/cajovna-arch\/archiv\/p-cajovna-27022016\/#breadcrumb","itemListElement":[{"@type":"ListItem","position":1,"name":"Home","item":"https:\/\/www.upjs.sk\/prirodovedecka-fakulta\/"},{"@type":"ListItem","position":2,"name":"Veda, v\u00fdskum a rozvoj","item":"https:\/\/www.upjs.sk\/prirodovedecka-fakulta\/?page_id=12917"},{"@type":"ListItem","position":3,"name":"Pr\u00edrodovedeck\u00e1 \u010dajov\u0148a-st","item":"https:\/\/www.upjs.sk\/prirodovedecka-fakulta\/?page_id=12959"},{"@type":"ListItem","position":4,"name":"Pr\u00edrodovedeck\u00e1 \u010dajov\u0148a &#8211; arch\u00edv","item":"https:\/\/www.upjs.sk\/prirodovedecka-fakulta\/?page_id=12979"},{"@type":"ListItem","position":5,"name":"14. Pr\u00edrodovedeck\u00e1 fakulta"}]},{"@type":"WebSite","@id":"https:\/\/www.upjs.sk\/prirodovedecka-fakulta\/#website","url":"https:\/\/www.upjs.sk\/prirodovedecka-fakulta\/","name":"Pr\u00edrodovedeck\u00e1 fakulta | UPJ\u0160","description":"","publisher":{"@id":"https:\/\/www.upjs.sk\/prirodovedecka-fakulta\/#organization"},"potentialAction":[{"@type":"SearchAction","target":{"@type":"EntryPoint","urlTemplate":"https:\/\/www.upjs.sk\/prirodovedecka-fakulta\/?s={search_term_string}"},"query-input":{"@type":"PropertyValueSpecification","valueRequired":true,"valueName":"search_term_string"}}],"inLanguage":"sk-SK"},{"@type":"Organization","@id":"https:\/\/www.upjs.sk\/prirodovedecka-fakulta\/#organization","name":"Pr\u00edrodovedeck\u00e1 fakulta | UPJ\u0160","url":"https:\/\/www.upjs.sk\/prirodovedecka-fakulta\/","logo":{"@type":"ImageObject","inLanguage":"sk-SK","@id":"https:\/\/www.upjs.sk\/prirodovedecka-fakulta\/#\/schema\/logo\/image\/","url":"https:\/\/www.upjs.sk\/app\/uploads\/sites\/10\/2022\/09\/logo-prirodovedecka-fakulta.png","contentUrl":"https:\/\/www.upjs.sk\/app\/uploads\/sites\/10\/2022\/09\/logo-prirodovedecka-fakulta.png","width":415,"height":87,"caption":"Pr\u00edrodovedeck\u00e1 fakulta | UPJ\u0160"},"image":{"@id":"https:\/\/www.upjs.sk\/prirodovedecka-fakulta\/#\/schema\/logo\/image\/"}}]}},"_links":{"self":[{"href":"https:\/\/www.upjs.sk\/prirodovedecka-fakulta\/wp-json\/wp\/v2\/pages\/14586","targetHints":{"allow":["GET"]}}],"collection":[{"href":"https:\/\/www.upjs.sk\/prirodovedecka-fakulta\/wp-json\/wp\/v2\/pages"}],"about":[{"href":"https:\/\/www.upjs.sk\/prirodovedecka-fakulta\/wp-json\/wp\/v2\/types\/page"}],"author":[{"embeddable":true,"href":"https:\/\/www.upjs.sk\/prirodovedecka-fakulta\/wp-json\/wp\/v2\/users\/1"}],"replies":[{"embeddable":true,"href":"https:\/\/www.upjs.sk\/prirodovedecka-fakulta\/wp-json\/wp\/v2\/comments?post=14586"}],"version-history":[{"count":5,"href":"https:\/\/www.upjs.sk\/prirodovedecka-fakulta\/wp-json\/wp\/v2\/pages\/14586\/revisions"}],"predecessor-version":[{"id":58238,"href":"https:\/\/www.upjs.sk\/prirodovedecka-fakulta\/wp-json\/wp\/v2\/pages\/14586\/revisions\/58238"}],"up":[{"embeddable":true,"href":"https:\/\/www.upjs.sk\/prirodovedecka-fakulta\/wp-json\/wp\/v2\/pages\/12979"}],"wp:featuredmedia":[{"embeddable":true,"href":"https:\/\/www.upjs.sk\/prirodovedecka-fakulta\/wp-json\/wp\/v2\/media\/58184"}],"wp:attachment":[{"href":"https:\/\/www.upjs.sk\/prirodovedecka-fakulta\/wp-json\/wp\/v2\/media?parent=14586"}],"wp:term":[{"taxonomy":"category","embeddable":true,"href":"https:\/\/www.upjs.sk\/prirodovedecka-fakulta\/wp-json\/wp\/v2\/categories?post=14586"},{"taxonomy":"post_tag","embeddable":true,"href":"https:\/\/www.upjs.sk\/prirodovedecka-fakulta\/wp-json\/wp\/v2\/tags?post=14586"}],"curies":[{"name":"wp","href":"https:\/\/api.w.org\/{rel}","templated":true}]}}